{"id":115091,"date":"2026-03-24T12:09:57","date_gmt":"2026-03-24T10:09:57","guid":{"rendered":"https:\/\/www.talidesign.eu\/?post_type=product&#038;p=115091"},"modified":"2026-04-30T15:41:05","modified_gmt":"2026-04-30T12:41:05","slug":"izipizi-m-sun-paikeseprillid-road-must","status":"publish","type":"product","link":"https:\/\/www.talidesign.eu\/et\/pood\/toode\/izipizi-m-sun-paikeseprillid-road-must\/","title":{"rendered":"Izipizi #M SUN \u2013 P\u00e4ikeseprillid Road Must"},"content":{"rendered":"<p><strong>#M SUN \u2013 P\u00e4ikeseprillid Road Must<\/strong><\/p>\n<p>#M Black Road p\u00e4ikeseprillid on loodud neile, kes hindavad julget stiili ja vabaduse tunnet. L\u00e4ikiv, s\u00fcgavmust raam toob esile oversized \u00fcmmarguse kuju ning loob silmapaistva ja enesekindla ilme. Soojatoonilised klaasid tagavad t\u00f5husa kaitse ja annavad igale liikumisele iseloomu.<\/p>\n<p>\u2022 <a href=\"https:\/\/www.talidesign.eu\/et\/tootekategooria\/brandid\/izipizi-et\/\">Br\u00e4nd IZIPIZI<\/a><br \/>\n\u2022 100% UV-kaitsega p\u00e4ikeseprillid polariseeritud kategooria 3 klaasidega<br \/>\n\u2022 #M kuju: \u00fcmmargune, oversized<br \/>\n\u2022 L\u00e4ikiv viimistlus modernse ja selge v\u00e4limuse jaoks<br \/>\n\u2022 Biop\u00f5hine materjal \u2013 kerge ja vastupidav<br \/>\n\u2022 Unisex, universaalne disain<br \/>\n\u2022 Sobib k\u00f5ikidele n\u00e4okujudele<br \/>\n\u2022 Komplektis kaitsekott<\/p>\n<p><strong>Meie missioon<\/strong><\/p>\n<p>IZIPIZI eesm\u00e4rk on taskukohased hinnad ja suurep\u00e4rane kvaliteet. Kvaliteet on olnud meie tootmisprotsessi keskmes esimesest p\u00e4evast saadik, alates materjalivalikust kuni partnerite valimiseni, kellega oleme n\u00fc\u00fcdseks \u00fcle kaheksa aasta koost\u00f6\u00f6d teinud. <\/p>\n<p>Seega on meie prillid toodetud v\u00e4ga rangete n\u00f5uete j\u00e4rgi, et tagada nende ohutus ja vastupidavus.<\/p>\n<p><a href=\"https:\/\/www.talidesign.eu\/wp\/wp-content\/uploads\/2021\/03\/izi.jpg\"><img loading=\"lazy\" decoding=\"async\" src=\"https:\/\/www.talidesign.eu\/wp\/wp-content\/uploads\/2021\/03\/izi.jpg\" alt=\"\" width=\"773\" height=\"417\" class=\"alignnone size-full wp-image-22988\" srcset=\"https:\/\/www.talidesign.eu\/wp\/wp-content\/uploads\/2021\/03\/izi.jpg 773w, https:\/\/www.talidesign.eu\/wp\/wp-content\/uploads\/2021\/03\/izi-741x400.jpg 741w, https:\/\/www.talidesign.eu\/wp\/wp-content\/uploads\/2021\/03\/izi-768x414.jpg 768w, https:\/\/www.talidesign.eu\/wp\/wp-content\/uploads\/2021\/03\/izi-500x270.jpg 500w, https:\/\/www.talidesign.eu\/wp\/wp-content\/uploads\/2021\/03\/izi-510x275.jpg 510w\" sizes=\"auto, (max-width: 773px) 100vw, 773px\" \/><\/a><\/p>\n","protected":false},"excerpt":{"rendered":"<p><strong>#M SUN \u2013 P\u00e4ikeseprillid Road Must<\/strong><\/p>\n<p>#M Black Road p\u00e4ikeseprillid on loodud neile, kes hindavad julget stiili ja vabaduse tunnet. L\u00e4ikiv, s\u00fcgavmust raam toob esile oversized \u00fcmmarguse kuju ning loob silmapaistva ja enesekindla ilme. Soojatoonilised klaasid tagavad t\u00f5husa kaitse ja annavad igale liikumisele iseloomu.<\/p>\n<p>\u2022 <a href=\"https:\/\/www.talidesign.eu\/et\/tootekategooria\/brandid\/izipizi-et\/\">Br\u00e4nd IZIPIZI<\/a><br \/>\n\u2022 100% UV-kaitsega p\u00e4ikeseprillid polariseeritud kategooria 3 klaasidega<br \/>\n\u2022 #M kuju: \u00fcmmargune, oversized<br \/>\n\u2022 L\u00e4ikiv viimistlus modernse ja selge v\u00e4limuse jaoks<br \/>\n\u2022 Biop\u00f5hine materjal \u2013 kerge ja vastupidav<br \/>\n\u2022 Unisex, universaalne disain<br \/>\n\u2022 Sobib k\u00f5ikidele n\u00e4okujudele<br \/>\n\u2022 Komplektis kaitsekott<\/p>\n<p><strong>Meie missioon<\/strong><\/p>\n<p>IZIPIZI eesm\u00e4rk on taskukohased hinnad ja suurep\u00e4rane kvaliteet. Kvaliteet on olnud meie tootmisprotsessi keskmes esimesest p\u00e4evast saadik, alates materjalivalikust kuni partnerite valimiseni, kellega oleme n\u00fc\u00fcdseks \u00fcle kaheksa aasta koost\u00f6\u00f6d teinud. <\/p>\n<p>Seega on meie prillid toodetud v\u00e4ga rangete n\u00f5uete j\u00e4rgi, et tagada nende ohutus ja vastupidavus.<\/p>\n<p><a href=\"https:\/\/www.talidesign.eu\/wp\/wp-content\/uploads\/2021\/03\/izi.jpg\"><img loading=\"lazy\" decoding=\"async\" src=\"https:\/\/www.talidesign.eu\/wp\/wp-content\/uploads\/2021\/03\/izi.jpg\" alt=\"\" width=\"773\" height=\"417\" class=\"alignnone size-full wp-image-22988\" srcset=\"https:\/\/www.talidesign.eu\/wp\/wp-content\/uploads\/2021\/03\/izi.jpg 773w, https:\/\/www.talidesign.eu\/wp\/wp-content\/uploads\/2021\/03\/izi-741x400.jpg 741w, https:\/\/www.talidesign.eu\/wp\/wp-content\/uploads\/2021\/03\/izi-768x414.jpg 768w, https:\/\/www.talidesign.eu\/wp\/wp-content\/uploads\/2021\/03\/izi-500x270.jpg 500w, https:\/\/www.talidesign.eu\/wp\/wp-content\/uploads\/2021\/03\/izi-510x275.jpg 510w\" sizes=\"auto, (max-width: 773px) 100vw, 773px\" \/><\/a><\/p>\n","protected":false},"featured_media":115101,"template":"","meta":[],"product_brand":[],"product_cat":[1026,1052,1173,1128],"product_tag":[1352],"class_list":{"0":"post-115091","1":"product","2":"type-product","3":"status-publish","4":"has-post-thumbnail","6":"product_cat-brandid","7":"product_cat-izipizi-et","8":"product_cat-paikeseprillid","9":"product_cat-meeste-paikeseprillid","10":"product_tag-izipizi-et","12":"first","13":"outofstock","14":"taxable","15":"shipping-taxable","16":"purchasable","17":"product-type-simple"},"yoast_head":"<!-- This site is optimized with the Yoast SEO plugin v27.5 - https:\/\/yoast.com\/product\/yoast-seo-wordpress\/ -->\n<title>Izipizi #M SUN \u2013 P\u00e4ikeseprillid Road Must - TALI Concept Store<\/title>\n<meta name=\"robots\" content=\"index, follow, max-snippet:-1, max-image-preview:large, max-video-preview:-1\" \/>\n<link rel=\"canonical\" href=\"https:\/\/www.talidesign.eu\/et\/pood\/toode\/izipizi-m-sun-paikeseprillid-road-must\/\" \/>\n<meta property=\"og:locale\" content=\"et_EE\" \/>\n<meta property=\"og:type\" content=\"article\" \/>\n<meta property=\"og:title\" content=\"Izipizi #M SUN \u2013 P\u00e4ikeseprillid Road Must - TALI Concept Store\" \/>\n<meta property=\"og:description\" content=\"#M SUN \u2013 P\u00e4ikeseprillid Road Must  #M Black Road p\u00e4ikeseprillid on loodud neile, kes hindavad julget stiili ja vabaduse tunnet. L\u00e4ikiv, s\u00fcgavmust raam toob esile oversized \u00fcmmarguse kuju ning loob silmapaistva ja enesekindla ilme. Soojatoonilised klaasid tagavad t\u00f5husa kaitse ja annavad igale liikumisele iseloomu.  \u2022 Br\u00e4nd IZIPIZI \u2022 100% UV-kaitsega p\u00e4ikeseprillid polariseeritud kategooria 3 klaasidega \u2022 #M kuju: \u00fcmmargune, oversized \u2022 L\u00e4ikiv viimistlus modernse ja selge v\u00e4limuse jaoks \u2022 Biop\u00f5hine materjal \u2013 kerge ja vastupidav \u2022 Unisex, universaalne disain \u2022 Sobib k\u00f5ikidele n\u00e4okujudele \u2022 Komplektis kaitsekott  Meie missioon  IZIPIZI eesm\u00e4rk on taskukohased hinnad ja suurep\u00e4rane kvaliteet. Kvaliteet on olnud meie tootmisprotsessi keskmes esimesest p\u00e4evast saadik, alates materjalivalikust kuni partnerite valimiseni, kellega oleme n\u00fc\u00fcdseks \u00fcle kaheksa aasta koost\u00f6\u00f6d teinud.   Seega on meie prillid toodetud v\u00e4ga rangete n\u00f5uete j\u00e4rgi, et tagada nende ohutus ja vastupidavus.\" \/>\n<meta property=\"og:url\" content=\"https:\/\/www.talidesign.eu\/et\/pood\/toode\/izipizi-m-sun-paikeseprillid-road-must\/\" \/>\n<meta property=\"og:site_name\" content=\"TALI Concept Store\" \/>\n<meta property=\"article:publisher\" content=\"https:\/\/www.facebook.com\/TaliDisain\/\" \/>\n<meta property=\"article:modified_time\" content=\"2026-04-30T12:41:05+00:00\" \/>\n<meta property=\"og:image\" content=\"https:\/\/www.talidesign.eu\/wp\/wp-content\/uploads\/2026\/03\/mb-Photoroom.jpg\" \/>\n\t<meta property=\"og:image:width\" content=\"1000\" \/>\n\t<meta property=\"og:image:height\" content=\"1000\" \/>\n\t<meta property=\"og:image:type\" content=\"image\/jpeg\" \/>\n<meta name=\"twitter:card\" content=\"summary_large_image\" \/>\n<meta name=\"twitter:label1\" content=\"Est. reading time\" \/>\n\t<meta name=\"twitter:data1\" content=\"1 minute\" \/>\n<script type=\"application\/ld+json\" class=\"yoast-schema-graph\">{\"@context\":\"https:\\\/\\\/schema.org\",\"@graph\":[{\"@type\":\"WebPage\",\"@id\":\"https:\\\/\\\/www.talidesign.eu\\\/et\\\/pood\\\/toode\\\/izipizi-m-sun-paikeseprillid-road-must\\\/\",\"url\":\"https:\\\/\\\/www.talidesign.eu\\\/et\\\/pood\\\/toode\\\/izipizi-m-sun-paikeseprillid-road-must\\\/\",\"name\":\"Izipizi #M SUN \u2013 P\u00e4ikeseprillid Road Must - TALI Concept Store\",\"isPartOf\":{\"@id\":\"https:\\\/\\\/www.talidesign.eu\\\/et\\\/#website\"},\"primaryImageOfPage\":{\"@id\":\"https:\\\/\\\/www.talidesign.eu\\\/et\\\/pood\\\/toode\\\/izipizi-m-sun-paikeseprillid-road-must\\\/#primaryimage\"},\"image\":{\"@id\":\"https:\\\/\\\/www.talidesign.eu\\\/et\\\/pood\\\/toode\\\/izipizi-m-sun-paikeseprillid-road-must\\\/#primaryimage\"},\"thumbnailUrl\":\"https:\\\/\\\/www.talidesign.eu\\\/wp\\\/wp-content\\\/uploads\\\/2026\\\/03\\\/mb-Photoroom.jpg\",\"datePublished\":\"2026-03-24T10:09:57+00:00\",\"dateModified\":\"2026-04-30T12:41:05+00:00\",\"breadcrumb\":{\"@id\":\"https:\\\/\\\/www.talidesign.eu\\\/et\\\/pood\\\/toode\\\/izipizi-m-sun-paikeseprillid-road-must\\\/#breadcrumb\"},\"inLanguage\":\"et\",\"potentialAction\":[{\"@type\":\"ReadAction\",\"target\":[\"https:\\\/\\\/www.talidesign.eu\\\/et\\\/pood\\\/toode\\\/izipizi-m-sun-paikeseprillid-road-must\\\/\"]}]},{\"@type\":\"ImageObject\",\"inLanguage\":\"et\",\"@id\":\"https:\\\/\\\/www.talidesign.eu\\\/et\\\/pood\\\/toode\\\/izipizi-m-sun-paikeseprillid-road-must\\\/#primaryimage\",\"url\":\"https:\\\/\\\/www.talidesign.eu\\\/wp\\\/wp-content\\\/uploads\\\/2026\\\/03\\\/mb-Photoroom.jpg\",\"contentUrl\":\"https:\\\/\\\/www.talidesign.eu\\\/wp\\\/wp-content\\\/uploads\\\/2026\\\/03\\\/mb-Photoroom.jpg\",\"width\":1000,\"height\":1000},{\"@type\":\"BreadcrumbList\",\"@id\":\"https:\\\/\\\/www.talidesign.eu\\\/et\\\/pood\\\/toode\\\/izipizi-m-sun-paikeseprillid-road-must\\\/#breadcrumb\",\"itemListElement\":[{\"@type\":\"ListItem\",\"position\":1,\"name\":\"Avaleht\",\"item\":\"https:\\\/\\\/www.talidesign.eu\\\/et\\\/\"},{\"@type\":\"ListItem\",\"position\":2,\"name\":\"Pood\",\"item\":\"https:\\\/\\\/www.talidesign.eu\\\/et\\\/pood\\\/\"},{\"@type\":\"ListItem\",\"position\":3,\"name\":\"Izipizi #M SUN \u2013 P\u00e4ikeseprillid Road Must\"}]},{\"@type\":\"WebSite\",\"@id\":\"https:\\\/\\\/www.talidesign.eu\\\/et\\\/#website\",\"url\":\"https:\\\/\\\/www.talidesign.eu\\\/et\\\/\",\"name\":\"TALI Concept Store\",\"description\":\"Suurim Disainipood Eestis\",\"potentialAction\":[{\"@type\":\"SearchAction\",\"target\":{\"@type\":\"EntryPoint\",\"urlTemplate\":\"https:\\\/\\\/www.talidesign.eu\\\/et\\\/?s={search_term_string}\"},\"query-input\":{\"@type\":\"PropertyValueSpecification\",\"valueRequired\":true,\"valueName\":\"search_term_string\"}}],\"inLanguage\":\"et\"}]}<\/script>\n<!-- \/ Yoast SEO plugin. -->","yoast_head_json":{"title":"Izipizi #M SUN \u2013 P\u00e4ikeseprillid Road Must - TALI Concept Store","robots":{"index":"index","follow":"follow","max-snippet":"max-snippet:-1","max-image-preview":"max-image-preview:large","max-video-preview":"max-video-preview:-1"},"canonical":"https:\/\/www.talidesign.eu\/et\/pood\/toode\/izipizi-m-sun-paikeseprillid-road-must\/","og_locale":"et_EE","og_type":"article","og_title":"Izipizi #M SUN \u2013 P\u00e4ikeseprillid Road Must - TALI Concept Store","og_description":"#M SUN \u2013 P\u00e4ikeseprillid Road Must  #M Black Road p\u00e4ikeseprillid on loodud neile, kes hindavad julget stiili ja vabaduse tunnet. L\u00e4ikiv, s\u00fcgavmust raam toob esile oversized \u00fcmmarguse kuju ning loob silmapaistva ja enesekindla ilme. Soojatoonilised klaasid tagavad t\u00f5husa kaitse ja annavad igale liikumisele iseloomu.  \u2022 Br\u00e4nd IZIPIZI \u2022 100% UV-kaitsega p\u00e4ikeseprillid polariseeritud kategooria 3 klaasidega \u2022 #M kuju: \u00fcmmargune, oversized \u2022 L\u00e4ikiv viimistlus modernse ja selge v\u00e4limuse jaoks \u2022 Biop\u00f5hine materjal \u2013 kerge ja vastupidav \u2022 Unisex, universaalne disain \u2022 Sobib k\u00f5ikidele n\u00e4okujudele \u2022 Komplektis kaitsekott  Meie missioon  IZIPIZI eesm\u00e4rk on taskukohased hinnad ja suurep\u00e4rane kvaliteet. Kvaliteet on olnud meie tootmisprotsessi keskmes esimesest p\u00e4evast saadik, alates materjalivalikust kuni partnerite valimiseni, kellega oleme n\u00fc\u00fcdseks \u00fcle kaheksa aasta koost\u00f6\u00f6d teinud.   Seega on meie prillid toodetud v\u00e4ga rangete n\u00f5uete j\u00e4rgi, et tagada nende ohutus ja vastupidavus.","og_url":"https:\/\/www.talidesign.eu\/et\/pood\/toode\/izipizi-m-sun-paikeseprillid-road-must\/","og_site_name":"TALI Concept Store","article_publisher":"https:\/\/www.facebook.com\/TaliDisain\/","article_modified_time":"2026-04-30T12:41:05+00:00","og_image":[{"width":1000,"height":1000,"url":"https:\/\/www.talidesign.eu\/wp\/wp-content\/uploads\/2026\/03\/mb-Photoroom.jpg","type":"image\/jpeg"}],"twitter_card":"summary_large_image","twitter_misc":{"Est. reading time":"1 minute"},"schema":{"@context":"https:\/\/schema.org","@graph":[{"@type":"WebPage","@id":"https:\/\/www.talidesign.eu\/et\/pood\/toode\/izipizi-m-sun-paikeseprillid-road-must\/","url":"https:\/\/www.talidesign.eu\/et\/pood\/toode\/izipizi-m-sun-paikeseprillid-road-must\/","name":"Izipizi #M SUN \u2013 P\u00e4ikeseprillid Road Must - TALI Concept Store","isPartOf":{"@id":"https:\/\/www.talidesign.eu\/et\/#website"},"primaryImageOfPage":{"@id":"https:\/\/www.talidesign.eu\/et\/pood\/toode\/izipizi-m-sun-paikeseprillid-road-must\/#primaryimage"},"image":{"@id":"https:\/\/www.talidesign.eu\/et\/pood\/toode\/izipizi-m-sun-paikeseprillid-road-must\/#primaryimage"},"thumbnailUrl":"https:\/\/www.talidesign.eu\/wp\/wp-content\/uploads\/2026\/03\/mb-Photoroom.jpg","datePublished":"2026-03-24T10:09:57+00:00","dateModified":"2026-04-30T12:41:05+00:00","breadcrumb":{"@id":"https:\/\/www.talidesign.eu\/et\/pood\/toode\/izipizi-m-sun-paikeseprillid-road-must\/#breadcrumb"},"inLanguage":"et","potentialAction":[{"@type":"ReadAction","target":["https:\/\/www.talidesign.eu\/et\/pood\/toode\/izipizi-m-sun-paikeseprillid-road-must\/"]}]},{"@type":"ImageObject","inLanguage":"et","@id":"https:\/\/www.talidesign.eu\/et\/pood\/toode\/izipizi-m-sun-paikeseprillid-road-must\/#primaryimage","url":"https:\/\/www.talidesign.eu\/wp\/wp-content\/uploads\/2026\/03\/mb-Photoroom.jpg","contentUrl":"https:\/\/www.talidesign.eu\/wp\/wp-content\/uploads\/2026\/03\/mb-Photoroom.jpg","width":1000,"height":1000},{"@type":"BreadcrumbList","@id":"https:\/\/www.talidesign.eu\/et\/pood\/toode\/izipizi-m-sun-paikeseprillid-road-must\/#breadcrumb","itemListElement":[{"@type":"ListItem","position":1,"name":"Avaleht","item":"https:\/\/www.talidesign.eu\/et\/"},{"@type":"ListItem","position":2,"name":"Pood","item":"https:\/\/www.talidesign.eu\/et\/pood\/"},{"@type":"ListItem","position":3,"name":"Izipizi #M SUN \u2013 P\u00e4ikeseprillid Road Must"}]},{"@type":"WebSite","@id":"https:\/\/www.talidesign.eu\/et\/#website","url":"https:\/\/www.talidesign.eu\/et\/","name":"TALI Concept Store","description":"Suurim Disainipood Eestis","potentialAction":[{"@type":"SearchAction","target":{"@type":"EntryPoint","urlTemplate":"https:\/\/www.talidesign.eu\/et\/?s={search_term_string}"},"query-input":{"@type":"PropertyValueSpecification","valueRequired":true,"valueName":"search_term_string"}}],"inLanguage":"et"}]}},"_links":{"self":[{"href":"https:\/\/www.talidesign.eu\/et\/wp-json\/wp\/v2\/product\/115091","targetHints":{"allow":["GET"]}}],"collection":[{"href":"https:\/\/www.talidesign.eu\/et\/wp-json\/wp\/v2\/product"}],"about":[{"href":"https:\/\/www.talidesign.eu\/et\/wp-json\/wp\/v2\/types\/product"}],"wp:featuredmedia":[{"embeddable":true,"href":"https:\/\/www.talidesign.eu\/et\/wp-json\/wp\/v2\/media\/115101"}],"wp:attachment":[{"href":"https:\/\/www.talidesign.eu\/et\/wp-json\/wp\/v2\/media?parent=115091"}],"wp:term":[{"taxonomy":"product_brand","embeddable":true,"href":"https:\/\/www.talidesign.eu\/et\/wp-json\/wp\/v2\/product_brand?post=115091"},{"taxonomy":"product_cat","embeddable":true,"href":"https:\/\/www.talidesign.eu\/et\/wp-json\/wp\/v2\/product_cat?post=115091"},{"taxonomy":"product_tag","embeddable":true,"href":"https:\/\/www.talidesign.eu\/et\/wp-json\/wp\/v2\/product_tag?post=115091"}],"curies":[{"name":"wp","href":"https:\/\/api.w.org\/{rel}","templated":true}]}}