{"id":115191,"date":"2026-03-24T14:37:58","date_gmt":"2026-03-24T12:37:58","guid":{"rendered":"https:\/\/www.talidesign.eu\/?post_type=product&#038;p=115191"},"modified":"2026-04-22T13:40:51","modified_gmt":"2026-04-22T10:40:51","slug":"izipizi-n-sun-paikeseprillid-black","status":"publish","type":"product","link":"https:\/\/www.talidesign.eu\/et\/pood\/toode\/izipizi-n-sun-paikeseprillid-black\/","title":{"rendered":"Izipizi #N SUN \u2013 P\u00e4ikeseprillid Black"},"content":{"rendered":"<p><strong>#N SUN \u2013 P\u00e4ikeseprillid Black<\/strong><\/p>\n<p>#N SUN p\u00e4ikeseprillid pakuvad maksimaalset kaitset ja stiili \u00fcheskoos. 100% UV-kaitse ja kategooria 3 klaasid hoiavad silmi ka ereda p\u00e4ikese eest, samal ajal kui trendikas disain, painduvad sangad ja kerge konstruktsioon tagavad igap\u00e4evase mugavuse. #SUN kollektsioon \u00fchendab kvaliteedi, stiili ja taskukohase hinna \u2013 ideaalne valik, et sobitada prillid oma meeleolu ja stiiliga iga p\u00e4ev.<\/p>\n<p>\u2022 <a href=\"https:\/\/www.talidesign.eu\/et\/tootekategooria\/brandid\/izipizi-et\/\">Br\u00e4nd IZIPIZI<\/a><br \/>\n\u2022 100% UV-kaitsega kategooria 3 p\u00e4ikeseprillid<br \/>\n\u2022 Painduvad sangad vedruliigenditega \u2013 sobituvad mugavalt erinevatele n\u00e4okujudele<br \/>\n\u2022 Kerged ja mugavad igap\u00e4evaseks kandmiseks<br \/>\n\u2022 Trendikas ja kaasaegne disain<br \/>\n\u2022 Kategooria 3 p\u00e4ikeseklaasid v\u00e4hendavad pimestamist ja filtreerivad 100% UV-kiirgusest<br \/>\n\u2022 Raam valmistatud 45% biop\u00f5hisest pol\u00fcamiidist (kastoor\u00f5li baasil)<br \/>\n\u2022 Pehme Soft Touch viimistlus \u2013 meeldiv puudutada<br \/>\n\u2022 Vastupidav ja kerge konstruktsioon<\/p>\n<p><strong>Meie missioon<\/strong><\/p>\n<p>IZIPIZI eesm\u00e4rk on taskukohased hinnad ja suurep\u00e4rane kvaliteet. Kvaliteet on olnud meie tootmisprotsessi keskmes esimesest p\u00e4evast saadik, alates materjalivalikust kuni partnerite valimiseni, kellega oleme n\u00fc\u00fcdseks \u00fcle kaheksa aasta koost\u00f6\u00f6d teinud. <\/p>\n<p>Seega on meie prillid toodetud v\u00e4ga rangete n\u00f5uete j\u00e4rgi, et tagada nende ohutus ja vastupidavus.<\/p>\n<p><a href=\"https:\/\/www.talidesign.eu\/wp\/wp-content\/uploads\/2021\/03\/izi.jpg\"><img loading=\"lazy\" decoding=\"async\" src=\"https:\/\/www.talidesign.eu\/wp\/wp-content\/uploads\/2021\/03\/izi.jpg\" alt=\"\" width=\"773\" height=\"417\" class=\"alignnone size-full wp-image-22988\" srcset=\"https:\/\/www.talidesign.eu\/wp\/wp-content\/uploads\/2021\/03\/izi.jpg 773w, https:\/\/www.talidesign.eu\/wp\/wp-content\/uploads\/2021\/03\/izi-741x400.jpg 741w, https:\/\/www.talidesign.eu\/wp\/wp-content\/uploads\/2021\/03\/izi-768x414.jpg 768w, https:\/\/www.talidesign.eu\/wp\/wp-content\/uploads\/2021\/03\/izi-500x270.jpg 500w, https:\/\/www.talidesign.eu\/wp\/wp-content\/uploads\/2021\/03\/izi-510x275.jpg 510w\" sizes=\"auto, (max-width: 773px) 100vw, 773px\" \/><\/a><\/p>\n","protected":false},"excerpt":{"rendered":"<p><strong>#N SUN \u2013 P\u00e4ikeseprillid Black<\/strong><\/p>\n<p>#N SUN p\u00e4ikeseprillid pakuvad maksimaalset kaitset ja stiili \u00fcheskoos. 100% UV-kaitse ja kategooria 3 klaasid hoiavad silmi ka ereda p\u00e4ikese eest, samal ajal kui trendikas disain, painduvad sangad ja kerge konstruktsioon tagavad igap\u00e4evase mugavuse. #SUN kollektsioon \u00fchendab kvaliteedi, stiili ja taskukohase hinna \u2013 ideaalne valik, et sobitada prillid oma meeleolu ja stiiliga iga p\u00e4ev.<\/p>\n<p>\u2022 <a href=\"https:\/\/www.talidesign.eu\/et\/tootekategooria\/brandid\/izipizi-et\/\">Br\u00e4nd IZIPIZI<\/a><br \/>\n\u2022 100% UV-kaitsega kategooria 3 p\u00e4ikeseprillid<br \/>\n\u2022 Painduvad sangad vedruliigenditega \u2013 sobituvad mugavalt erinevatele n\u00e4okujudele<br \/>\n\u2022 Kerged ja mugavad igap\u00e4evaseks kandmiseks<br \/>\n\u2022 Trendikas ja kaasaegne disain<br \/>\n\u2022 Kategooria 3 p\u00e4ikeseklaasid v\u00e4hendavad pimestamist ja filtreerivad 100% UV-kiirgusest<br \/>\n\u2022 Raam valmistatud 45% biop\u00f5hisest pol\u00fcamiidist (kastoor\u00f5li baasil)<br \/>\n\u2022 Pehme Soft Touch viimistlus \u2013 meeldiv puudutada<br \/>\n\u2022 Vastupidav ja kerge konstruktsioon<\/p>\n<p><strong>Meie missioon<\/strong><\/p>\n<p>IZIPIZI eesm\u00e4rk on taskukohased hinnad ja suurep\u00e4rane kvaliteet. Kvaliteet on olnud meie tootmisprotsessi keskmes esimesest p\u00e4evast saadik, alates materjalivalikust kuni partnerite valimiseni, kellega oleme n\u00fc\u00fcdseks \u00fcle kaheksa aasta koost\u00f6\u00f6d teinud. <\/p>\n<p>Seega on meie prillid toodetud v\u00e4ga rangete n\u00f5uete j\u00e4rgi, et tagada nende ohutus ja vastupidavus.<\/p>\n<p><a href=\"https:\/\/www.talidesign.eu\/wp\/wp-content\/uploads\/2021\/03\/izi.jpg\"><img loading=\"lazy\" decoding=\"async\" src=\"https:\/\/www.talidesign.eu\/wp\/wp-content\/uploads\/2021\/03\/izi.jpg\" alt=\"\" width=\"773\" height=\"417\" class=\"alignnone size-full wp-image-22988\" srcset=\"https:\/\/www.talidesign.eu\/wp\/wp-content\/uploads\/2021\/03\/izi.jpg 773w, https:\/\/www.talidesign.eu\/wp\/wp-content\/uploads\/2021\/03\/izi-741x400.jpg 741w, https:\/\/www.talidesign.eu\/wp\/wp-content\/uploads\/2021\/03\/izi-768x414.jpg 768w, https:\/\/www.talidesign.eu\/wp\/wp-content\/uploads\/2021\/03\/izi-500x270.jpg 500w, https:\/\/www.talidesign.eu\/wp\/wp-content\/uploads\/2021\/03\/izi-510x275.jpg 510w\" sizes=\"auto, (max-width: 773px) 100vw, 773px\" \/><\/a><\/p>\n","protected":false},"featured_media":115199,"template":"","meta":[],"product_brand":[],"product_cat":[1026,1052,1173,1128],"product_tag":[1352],"class_list":{"0":"post-115191","1":"product","2":"type-product","3":"status-publish","4":"has-post-thumbnail","6":"product_cat-brandid","7":"product_cat-izipizi-et","8":"product_cat-paikeseprillid","9":"product_cat-meeste-paikeseprillid","10":"product_tag-izipizi-et","12":"first","13":"instock","14":"taxable","15":"shipping-taxable","16":"purchasable","17":"product-type-simple"},"yoast_head":"<!-- This site is optimized with the Yoast SEO plugin v27.5 - https:\/\/yoast.com\/product\/yoast-seo-wordpress\/ -->\n<title>Izipizi #N SUN \u2013 P\u00e4ikeseprillid Black - TALI Concept Store<\/title>\n<meta name=\"robots\" content=\"index, follow, max-snippet:-1, max-image-preview:large, max-video-preview:-1\" \/>\n<link rel=\"canonical\" href=\"https:\/\/www.talidesign.eu\/et\/pood\/toode\/izipizi-n-sun-paikeseprillid-black\/\" \/>\n<meta property=\"og:locale\" content=\"et_EE\" \/>\n<meta property=\"og:type\" content=\"article\" \/>\n<meta property=\"og:title\" content=\"Izipizi #N SUN \u2013 P\u00e4ikeseprillid Black - TALI Concept Store\" \/>\n<meta property=\"og:description\" content=\"#N SUN \u2013 P\u00e4ikeseprillid Black  #N SUN p\u00e4ikeseprillid pakuvad maksimaalset kaitset ja stiili \u00fcheskoos. 100% UV-kaitse ja kategooria 3 klaasid hoiavad silmi ka ereda p\u00e4ikese eest, samal ajal kui trendikas disain, painduvad sangad ja kerge konstruktsioon tagavad igap\u00e4evase mugavuse. #SUN kollektsioon \u00fchendab kvaliteedi, stiili ja taskukohase hinna \u2013 ideaalne valik, et sobitada prillid oma meeleolu ja stiiliga iga p\u00e4ev.  \u2022 Br\u00e4nd IZIPIZI \u2022 100% UV-kaitsega kategooria 3 p\u00e4ikeseprillid \u2022 Painduvad sangad vedruliigenditega \u2013 sobituvad mugavalt erinevatele n\u00e4okujudele \u2022 Kerged ja mugavad igap\u00e4evaseks kandmiseks \u2022 Trendikas ja kaasaegne disain \u2022 Kategooria 3 p\u00e4ikeseklaasid v\u00e4hendavad pimestamist ja filtreerivad 100% UV-kiirgusest \u2022 Raam valmistatud 45% biop\u00f5hisest pol\u00fcamiidist (kastoor\u00f5li baasil) \u2022 Pehme Soft Touch viimistlus \u2013 meeldiv puudutada \u2022 Vastupidav ja kerge konstruktsioon  Meie missioon  IZIPIZI eesm\u00e4rk on taskukohased hinnad ja suurep\u00e4rane kvaliteet. Kvaliteet on olnud meie tootmisprotsessi keskmes esimesest p\u00e4evast saadik, alates materjalivalikust kuni partnerite valimiseni, kellega oleme n\u00fc\u00fcdseks \u00fcle kaheksa aasta koost\u00f6\u00f6d teinud.   Seega on meie prillid toodetud v\u00e4ga rangete n\u00f5uete j\u00e4rgi, et tagada nende ohutus ja vastupidavus.\" \/>\n<meta property=\"og:url\" content=\"https:\/\/www.talidesign.eu\/et\/pood\/toode\/izipizi-n-sun-paikeseprillid-black\/\" \/>\n<meta property=\"og:site_name\" content=\"TALI Concept Store\" \/>\n<meta property=\"article:publisher\" content=\"https:\/\/www.facebook.com\/TaliDisain\/\" \/>\n<meta property=\"article:modified_time\" content=\"2026-04-22T10:40:51+00:00\" \/>\n<meta property=\"og:image\" content=\"https:\/\/www.talidesign.eu\/wp\/wp-content\/uploads\/2026\/03\/mb-Photoroom-6.jpg\" \/>\n\t<meta property=\"og:image:width\" content=\"1000\" \/>\n\t<meta property=\"og:image:height\" content=\"1000\" \/>\n\t<meta property=\"og:image:type\" content=\"image\/jpeg\" \/>\n<meta name=\"twitter:card\" content=\"summary_large_image\" \/>\n<meta name=\"twitter:label1\" content=\"Est. reading time\" \/>\n\t<meta name=\"twitter:data1\" content=\"2 minutes\" \/>\n<script type=\"application\/ld+json\" class=\"yoast-schema-graph\">{\"@context\":\"https:\\\/\\\/schema.org\",\"@graph\":[{\"@type\":\"WebPage\",\"@id\":\"https:\\\/\\\/www.talidesign.eu\\\/et\\\/pood\\\/toode\\\/izipizi-n-sun-paikeseprillid-black\\\/\",\"url\":\"https:\\\/\\\/www.talidesign.eu\\\/et\\\/pood\\\/toode\\\/izipizi-n-sun-paikeseprillid-black\\\/\",\"name\":\"Izipizi #N SUN \u2013 P\u00e4ikeseprillid Black - TALI Concept Store\",\"isPartOf\":{\"@id\":\"https:\\\/\\\/www.talidesign.eu\\\/et\\\/#website\"},\"primaryImageOfPage\":{\"@id\":\"https:\\\/\\\/www.talidesign.eu\\\/et\\\/pood\\\/toode\\\/izipizi-n-sun-paikeseprillid-black\\\/#primaryimage\"},\"image\":{\"@id\":\"https:\\\/\\\/www.talidesign.eu\\\/et\\\/pood\\\/toode\\\/izipizi-n-sun-paikeseprillid-black\\\/#primaryimage\"},\"thumbnailUrl\":\"https:\\\/\\\/www.talidesign.eu\\\/wp\\\/wp-content\\\/uploads\\\/2026\\\/03\\\/mb-Photoroom-6.jpg\",\"datePublished\":\"2026-03-24T12:37:58+00:00\",\"dateModified\":\"2026-04-22T10:40:51+00:00\",\"breadcrumb\":{\"@id\":\"https:\\\/\\\/www.talidesign.eu\\\/et\\\/pood\\\/toode\\\/izipizi-n-sun-paikeseprillid-black\\\/#breadcrumb\"},\"inLanguage\":\"et\",\"potentialAction\":[{\"@type\":\"ReadAction\",\"target\":[\"https:\\\/\\\/www.talidesign.eu\\\/et\\\/pood\\\/toode\\\/izipizi-n-sun-paikeseprillid-black\\\/\"]}]},{\"@type\":\"ImageObject\",\"inLanguage\":\"et\",\"@id\":\"https:\\\/\\\/www.talidesign.eu\\\/et\\\/pood\\\/toode\\\/izipizi-n-sun-paikeseprillid-black\\\/#primaryimage\",\"url\":\"https:\\\/\\\/www.talidesign.eu\\\/wp\\\/wp-content\\\/uploads\\\/2026\\\/03\\\/mb-Photoroom-6.jpg\",\"contentUrl\":\"https:\\\/\\\/www.talidesign.eu\\\/wp\\\/wp-content\\\/uploads\\\/2026\\\/03\\\/mb-Photoroom-6.jpg\",\"width\":1000,\"height\":1000},{\"@type\":\"BreadcrumbList\",\"@id\":\"https:\\\/\\\/www.talidesign.eu\\\/et\\\/pood\\\/toode\\\/izipizi-n-sun-paikeseprillid-black\\\/#breadcrumb\",\"itemListElement\":[{\"@type\":\"ListItem\",\"position\":1,\"name\":\"Avaleht\",\"item\":\"https:\\\/\\\/www.talidesign.eu\\\/et\\\/\"},{\"@type\":\"ListItem\",\"position\":2,\"name\":\"Pood\",\"item\":\"https:\\\/\\\/www.talidesign.eu\\\/et\\\/pood\\\/\"},{\"@type\":\"ListItem\",\"position\":3,\"name\":\"Izipizi #N SUN \u2013 P\u00e4ikeseprillid Black\"}]},{\"@type\":\"WebSite\",\"@id\":\"https:\\\/\\\/www.talidesign.eu\\\/et\\\/#website\",\"url\":\"https:\\\/\\\/www.talidesign.eu\\\/et\\\/\",\"name\":\"TALI Concept Store\",\"description\":\"Suurim Disainipood Eestis\",\"potentialAction\":[{\"@type\":\"SearchAction\",\"target\":{\"@type\":\"EntryPoint\",\"urlTemplate\":\"https:\\\/\\\/www.talidesign.eu\\\/et\\\/?s={search_term_string}\"},\"query-input\":{\"@type\":\"PropertyValueSpecification\",\"valueRequired\":true,\"valueName\":\"search_term_string\"}}],\"inLanguage\":\"et\"}]}<\/script>\n<!-- \/ Yoast SEO plugin. -->","yoast_head_json":{"title":"Izipizi #N SUN \u2013 P\u00e4ikeseprillid Black - TALI Concept Store","robots":{"index":"index","follow":"follow","max-snippet":"max-snippet:-1","max-image-preview":"max-image-preview:large","max-video-preview":"max-video-preview:-1"},"canonical":"https:\/\/www.talidesign.eu\/et\/pood\/toode\/izipizi-n-sun-paikeseprillid-black\/","og_locale":"et_EE","og_type":"article","og_title":"Izipizi #N SUN \u2013 P\u00e4ikeseprillid Black - TALI Concept Store","og_description":"#N SUN \u2013 P\u00e4ikeseprillid Black  #N SUN p\u00e4ikeseprillid pakuvad maksimaalset kaitset ja stiili \u00fcheskoos. 100% UV-kaitse ja kategooria 3 klaasid hoiavad silmi ka ereda p\u00e4ikese eest, samal ajal kui trendikas disain, painduvad sangad ja kerge konstruktsioon tagavad igap\u00e4evase mugavuse. #SUN kollektsioon \u00fchendab kvaliteedi, stiili ja taskukohase hinna \u2013 ideaalne valik, et sobitada prillid oma meeleolu ja stiiliga iga p\u00e4ev.  \u2022 Br\u00e4nd IZIPIZI \u2022 100% UV-kaitsega kategooria 3 p\u00e4ikeseprillid \u2022 Painduvad sangad vedruliigenditega \u2013 sobituvad mugavalt erinevatele n\u00e4okujudele \u2022 Kerged ja mugavad igap\u00e4evaseks kandmiseks \u2022 Trendikas ja kaasaegne disain \u2022 Kategooria 3 p\u00e4ikeseklaasid v\u00e4hendavad pimestamist ja filtreerivad 100% UV-kiirgusest \u2022 Raam valmistatud 45% biop\u00f5hisest pol\u00fcamiidist (kastoor\u00f5li baasil) \u2022 Pehme Soft Touch viimistlus \u2013 meeldiv puudutada \u2022 Vastupidav ja kerge konstruktsioon  Meie missioon  IZIPIZI eesm\u00e4rk on taskukohased hinnad ja suurep\u00e4rane kvaliteet. Kvaliteet on olnud meie tootmisprotsessi keskmes esimesest p\u00e4evast saadik, alates materjalivalikust kuni partnerite valimiseni, kellega oleme n\u00fc\u00fcdseks \u00fcle kaheksa aasta koost\u00f6\u00f6d teinud.   Seega on meie prillid toodetud v\u00e4ga rangete n\u00f5uete j\u00e4rgi, et tagada nende ohutus ja vastupidavus.","og_url":"https:\/\/www.talidesign.eu\/et\/pood\/toode\/izipizi-n-sun-paikeseprillid-black\/","og_site_name":"TALI Concept Store","article_publisher":"https:\/\/www.facebook.com\/TaliDisain\/","article_modified_time":"2026-04-22T10:40:51+00:00","og_image":[{"width":1000,"height":1000,"url":"https:\/\/www.talidesign.eu\/wp\/wp-content\/uploads\/2026\/03\/mb-Photoroom-6.jpg","type":"image\/jpeg"}],"twitter_card":"summary_large_image","twitter_misc":{"Est. reading time":"2 minutes"},"schema":{"@context":"https:\/\/schema.org","@graph":[{"@type":"WebPage","@id":"https:\/\/www.talidesign.eu\/et\/pood\/toode\/izipizi-n-sun-paikeseprillid-black\/","url":"https:\/\/www.talidesign.eu\/et\/pood\/toode\/izipizi-n-sun-paikeseprillid-black\/","name":"Izipizi #N SUN \u2013 P\u00e4ikeseprillid Black - TALI Concept Store","isPartOf":{"@id":"https:\/\/www.talidesign.eu\/et\/#website"},"primaryImageOfPage":{"@id":"https:\/\/www.talidesign.eu\/et\/pood\/toode\/izipizi-n-sun-paikeseprillid-black\/#primaryimage"},"image":{"@id":"https:\/\/www.talidesign.eu\/et\/pood\/toode\/izipizi-n-sun-paikeseprillid-black\/#primaryimage"},"thumbnailUrl":"https:\/\/www.talidesign.eu\/wp\/wp-content\/uploads\/2026\/03\/mb-Photoroom-6.jpg","datePublished":"2026-03-24T12:37:58+00:00","dateModified":"2026-04-22T10:40:51+00:00","breadcrumb":{"@id":"https:\/\/www.talidesign.eu\/et\/pood\/toode\/izipizi-n-sun-paikeseprillid-black\/#breadcrumb"},"inLanguage":"et","potentialAction":[{"@type":"ReadAction","target":["https:\/\/www.talidesign.eu\/et\/pood\/toode\/izipizi-n-sun-paikeseprillid-black\/"]}]},{"@type":"ImageObject","inLanguage":"et","@id":"https:\/\/www.talidesign.eu\/et\/pood\/toode\/izipizi-n-sun-paikeseprillid-black\/#primaryimage","url":"https:\/\/www.talidesign.eu\/wp\/wp-content\/uploads\/2026\/03\/mb-Photoroom-6.jpg","contentUrl":"https:\/\/www.talidesign.eu\/wp\/wp-content\/uploads\/2026\/03\/mb-Photoroom-6.jpg","width":1000,"height":1000},{"@type":"BreadcrumbList","@id":"https:\/\/www.talidesign.eu\/et\/pood\/toode\/izipizi-n-sun-paikeseprillid-black\/#breadcrumb","itemListElement":[{"@type":"ListItem","position":1,"name":"Avaleht","item":"https:\/\/www.talidesign.eu\/et\/"},{"@type":"ListItem","position":2,"name":"Pood","item":"https:\/\/www.talidesign.eu\/et\/pood\/"},{"@type":"ListItem","position":3,"name":"Izipizi #N SUN \u2013 P\u00e4ikeseprillid Black"}]},{"@type":"WebSite","@id":"https:\/\/www.talidesign.eu\/et\/#website","url":"https:\/\/www.talidesign.eu\/et\/","name":"TALI Concept Store","description":"Suurim Disainipood Eestis","potentialAction":[{"@type":"SearchAction","target":{"@type":"EntryPoint","urlTemplate":"https:\/\/www.talidesign.eu\/et\/?s={search_term_string}"},"query-input":{"@type":"PropertyValueSpecification","valueRequired":true,"valueName":"search_term_string"}}],"inLanguage":"et"}]}},"_links":{"self":[{"href":"https:\/\/www.talidesign.eu\/et\/wp-json\/wp\/v2\/product\/115191","targetHints":{"allow":["GET"]}}],"collection":[{"href":"https:\/\/www.talidesign.eu\/et\/wp-json\/wp\/v2\/product"}],"about":[{"href":"https:\/\/www.talidesign.eu\/et\/wp-json\/wp\/v2\/types\/product"}],"wp:featuredmedia":[{"embeddable":true,"href":"https:\/\/www.talidesign.eu\/et\/wp-json\/wp\/v2\/media\/115199"}],"wp:attachment":[{"href":"https:\/\/www.talidesign.eu\/et\/wp-json\/wp\/v2\/media?parent=115191"}],"wp:term":[{"taxonomy":"product_brand","embeddable":true,"href":"https:\/\/www.talidesign.eu\/et\/wp-json\/wp\/v2\/product_brand?post=115191"},{"taxonomy":"product_cat","embeddable":true,"href":"https:\/\/www.talidesign.eu\/et\/wp-json\/wp\/v2\/product_cat?post=115191"},{"taxonomy":"product_tag","embeddable":true,"href":"https:\/\/www.talidesign.eu\/et\/wp-json\/wp\/v2\/product_tag?post=115191"}],"curies":[{"name":"wp","href":"https:\/\/api.w.org\/{rel}","templated":true}]}}