{"id":115244,"date":"2026-03-25T11:20:45","date_gmt":"2026-03-25T09:20:45","guid":{"rendered":"https:\/\/www.talidesign.eu\/?post_type=product&#038;p=115244"},"modified":"2026-05-09T10:59:43","modified_gmt":"2026-05-09T07:59:43","slug":"yamazaki-tower-kleebitav-svammihoidja-must","status":"publish","type":"product","link":"https:\/\/www.talidesign.eu\/et\/pood\/toode\/yamazaki-tower-kleebitav-svammihoidja-must\/","title":{"rendered":"Yamazaki Tower Kleebitav svammihoidja Must"},"content":{"rendered":"<p><strong>Tower Kleebitav svammihoidja Must<\/strong><\/p>\n<p>Minimalistlik ja praktiline svammihoidja, mis aitab hoida k\u00f6\u00f6gi korras ja h\u00fcgieenilisena. Avatud konstruktsiooniga hoidik kinnitub h\u00f5lpsalt seinale v\u00f5i valamu sisek\u00fcljele komplektis oleva isekleepuva Film Hook kinnituse abil. Sobib nii tavalisele kui ka suuremale svammile ning v\u00f5imaldab sellel kiiresti kuivada, hoides svammi v\u00e4rske ja kasutusvalmis.<\/p>\n<p>Kinnitatakse p\u00fcsivatele siledatele pindadele, nagu keraamilised plaadid, lakitud v\u00f5i spoonitud plaadid jne. Toodet ei ole soovitatav paigaldada ebatasasele\/karedale pinnale, kus teip ei kinnitu t\u00e4ielikult, ega pindadele, mis v\u00f5ivad nihkuda (nt m\u00e4rgruumi tapeet). \u00c4sja plaaditud seinte korral tuleb pind p\u00f5hjalikult puhastada, et sellel ei oleks vuugij\u00e4\u00e4ke.<\/p>\n<p>Paigaldusjuhised<\/p>\n<p>\u2022 Puhastage aluspind p\u00f5hjalikult ja laske sel kuivada. (Puhastusvahendid ei tohi sisaldada \u00f5li.)<br \/>\n\u2022 Eemaldage kaitsekile.<br \/>\n\u2022 Paigaldage toode seinale, vajutades seda 10 sekundit vastu aluspinda.<br \/>\n\u2022 Parimate tulemuste saamiseks laske liimil 24 tundi kuivada.<\/p>\n<p>\u2022 Materjalid: teras \/ Film Hook: pol\u00fckarbonaat, PET, pol\u00fcuretaan<br \/>\n\u2022 M\u00f5\u00f5dud: L 6 \u00d7 S 4,5 \u00d7 K 6 cm<br \/>\n\u2022 Isekleepuv tagak\u00fclg<br \/>\n\u2022 <a href=\"https:\/\/www.talidesign.eu\/et\/tootekategooria\/brandid\/yamazaki-home-et\/\">Br\u00e4nd Yamazaki Home<\/a><br \/>\n&nbsp;<br \/>\n&nbsp;<br \/>\n<a href=\"https:\/\/www.talidesign.eu\/et\/tootekategooria\/brandid\/yamazaki-home-et\/\"><img loading=\"lazy\" decoding=\"async\" class=\"alignnone size-full wp-image-23562\" src=\"https:\/\/www.talidesign.eu\/wp\/wp-content\/uploads\/2021\/02\/yamazaki.jpg\" alt=\"\" width=\"500\" height=\"100\" \/><\/a><\/p>\n","protected":false},"excerpt":{"rendered":"<p><strong>Tower Kleebitav svammihoidja Must<\/strong><\/p>\n<p>Minimalistlik ja praktiline svammihoidja, mis aitab hoida k\u00f6\u00f6gi korras ja h\u00fcgieenilisena. Avatud konstruktsiooniga hoidik kinnitub h\u00f5lpsalt seinale v\u00f5i valamu sisek\u00fcljele komplektis oleva isekleepuva Film Hook kinnituse abil. Sobib nii tavalisele kui ka suuremale svammile ning v\u00f5imaldab sellel kiiresti kuivada, hoides svammi v\u00e4rske ja kasutusvalmis.<\/p>\n<p>Kinnitatakse p\u00fcsivatele siledatele pindadele, nagu keraamilised plaadid, lakitud v\u00f5i spoonitud plaadid jne. Toodet ei ole soovitatav paigaldada ebatasasele\/karedale pinnale, kus teip ei kinnitu t\u00e4ielikult, ega pindadele, mis v\u00f5ivad nihkuda (nt m\u00e4rgruumi tapeet). \u00c4sja plaaditud seinte korral tuleb pind p\u00f5hjalikult puhastada, et sellel ei oleks vuugij\u00e4\u00e4ke.<\/p>\n<p>Paigaldusjuhised<\/p>\n<p>\u2022 Puhastage aluspind p\u00f5hjalikult ja laske sel kuivada. (Puhastusvahendid ei tohi sisaldada \u00f5li.)<br \/>\n\u2022 Eemaldage kaitsekile.<br \/>\n\u2022 Paigaldage toode seinale, vajutades seda 10 sekundit vastu aluspinda.<br \/>\n\u2022 Parimate tulemuste saamiseks laske liimil 24 tundi kuivada.<\/p>\n<p>\u2022 Materjalid: teras \/ Film Hook: pol\u00fckarbonaat, PET, pol\u00fcuretaan<br \/>\n\u2022 M\u00f5\u00f5dud: L 6 \u00d7 S 4,5 \u00d7 K 6 cm<br \/>\n\u2022 Isekleepuv tagak\u00fclg<br \/>\n\u2022 <a href=\"https:\/\/www.talidesign.eu\/et\/tootekategooria\/brandid\/yamazaki-home-et\/\">Br\u00e4nd Yamazaki Home<\/a><br \/>\n&nbsp;<br \/>\n&nbsp;<br \/>\n<a href=\"https:\/\/www.talidesign.eu\/et\/tootekategooria\/brandid\/yamazaki-home-et\/\"><img loading=\"lazy\" decoding=\"async\" class=\"alignnone size-full wp-image-23562\" src=\"https:\/\/www.talidesign.eu\/wp\/wp-content\/uploads\/2021\/02\/yamazaki.jpg\" alt=\"\" width=\"500\" height=\"100\" \/><\/a><\/p>\n","protected":false},"featured_media":115251,"template":"","meta":[],"product_brand":[],"product_cat":[2876,1026,1031,1018,1030,1100,1094],"product_tag":[1274],"class_list":{"0":"post-115244","1":"product","2":"type-product","3":"status-publish","4":"has-post-thumbnail","6":"product_cat-3m-kleebisega-tooted","7":"product_cat-brandid","8":"product_cat-hoiustamine","9":"product_cat-kodu","10":"product_cat-kook","11":"product_cat-vannituba","12":"product_cat-yamazaki-home-et","13":"product_tag-yamazaki-et","15":"first","16":"outofstock","17":"taxable","18":"shipping-taxable","19":"purchasable","20":"product-type-simple"},"yoast_head":"<!-- This site is optimized with the Yoast SEO plugin v27.5 - https:\/\/yoast.com\/product\/yoast-seo-wordpress\/ -->\n<title>Yamazaki Tower Kleebitav svammihoidja Must - TALI Concept Store<\/title>\n<meta name=\"robots\" content=\"index, follow, max-snippet:-1, max-image-preview:large, max-video-preview:-1\" \/>\n<link rel=\"canonical\" href=\"https:\/\/www.talidesign.eu\/et\/pood\/toode\/yamazaki-tower-kleebitav-svammihoidja-must\/\" \/>\n<meta property=\"og:locale\" content=\"et_EE\" \/>\n<meta property=\"og:type\" content=\"article\" \/>\n<meta property=\"og:title\" content=\"Yamazaki Tower Kleebitav svammihoidja Must - TALI Concept Store\" \/>\n<meta property=\"og:description\" content=\"Tower Kleebitav svammihoidja Must  Minimalistlik ja praktiline svammihoidja, mis aitab hoida k\u00f6\u00f6gi korras ja h\u00fcgieenilisena. Avatud konstruktsiooniga hoidik kinnitub h\u00f5lpsalt seinale v\u00f5i valamu sisek\u00fcljele komplektis oleva isekleepuva Film Hook kinnituse abil. Sobib nii tavalisele kui ka suuremale svammile ning v\u00f5imaldab sellel kiiresti kuivada, hoides svammi v\u00e4rske ja kasutusvalmis.  Kinnitatakse p\u00fcsivatele siledatele pindadele, nagu keraamilised plaadid, lakitud v\u00f5i spoonitud plaadid jne. Toodet ei ole soovitatav paigaldada ebatasasele\/karedale pinnale, kus teip ei kinnitu t\u00e4ielikult, ega pindadele, mis v\u00f5ivad nihkuda (nt m\u00e4rgruumi tapeet). \u00c4sja plaaditud seinte korral tuleb pind p\u00f5hjalikult puhastada, et sellel ei oleks vuugij\u00e4\u00e4ke.  Paigaldusjuhised  \u2022 Puhastage aluspind p\u00f5hjalikult ja laske sel kuivada. (Puhastusvahendid ei tohi sisaldada \u00f5li.) \u2022 Eemaldage kaitsekile. \u2022 Paigaldage toode seinale, vajutades seda 10 sekundit vastu aluspinda. \u2022 Parimate tulemuste saamiseks laske liimil 24 tundi kuivada.  \u2022 Materjalid: teras \/ Film Hook: pol\u00fckarbonaat, PET, pol\u00fcuretaan \u2022 M\u00f5\u00f5dud: L 6 \u00d7 S 4,5 \u00d7 K 6 cm \u2022 Isekleepuv tagak\u00fclg \u2022 Br\u00e4nd Yamazaki Home &nbsp; &nbsp;\" \/>\n<meta property=\"og:url\" content=\"https:\/\/www.talidesign.eu\/et\/pood\/toode\/yamazaki-tower-kleebitav-svammihoidja-must\/\" \/>\n<meta property=\"og:site_name\" content=\"TALI Concept Store\" \/>\n<meta property=\"article:publisher\" content=\"https:\/\/www.facebook.com\/TaliDisain\/\" \/>\n<meta property=\"article:modified_time\" content=\"2026-05-09T07:59:43+00:00\" \/>\n<meta property=\"og:image\" content=\"https:\/\/www.talidesign.eu\/wp\/wp-content\/uploads\/2026\/03\/kk9nhuxdfmcyertwhaob_1000x.jpeg\" \/>\n\t<meta property=\"og:image:width\" content=\"1000\" \/>\n\t<meta property=\"og:image:height\" content=\"1000\" \/>\n\t<meta property=\"og:image:type\" content=\"image\/jpeg\" \/>\n<meta name=\"twitter:card\" content=\"summary_large_image\" \/>\n<meta name=\"twitter:label1\" content=\"Est. reading time\" \/>\n\t<meta name=\"twitter:data1\" content=\"2 minutes\" \/>\n<script type=\"application\/ld+json\" class=\"yoast-schema-graph\">{\"@context\":\"https:\\\/\\\/schema.org\",\"@graph\":[{\"@type\":\"WebPage\",\"@id\":\"https:\\\/\\\/www.talidesign.eu\\\/et\\\/pood\\\/toode\\\/yamazaki-tower-kleebitav-svammihoidja-must\\\/\",\"url\":\"https:\\\/\\\/www.talidesign.eu\\\/et\\\/pood\\\/toode\\\/yamazaki-tower-kleebitav-svammihoidja-must\\\/\",\"name\":\"Yamazaki Tower Kleebitav svammihoidja Must - TALI Concept Store\",\"isPartOf\":{\"@id\":\"https:\\\/\\\/www.talidesign.eu\\\/et\\\/#website\"},\"primaryImageOfPage\":{\"@id\":\"https:\\\/\\\/www.talidesign.eu\\\/et\\\/pood\\\/toode\\\/yamazaki-tower-kleebitav-svammihoidja-must\\\/#primaryimage\"},\"image\":{\"@id\":\"https:\\\/\\\/www.talidesign.eu\\\/et\\\/pood\\\/toode\\\/yamazaki-tower-kleebitav-svammihoidja-must\\\/#primaryimage\"},\"thumbnailUrl\":\"https:\\\/\\\/www.talidesign.eu\\\/wp\\\/wp-content\\\/uploads\\\/2026\\\/03\\\/kk9nhuxdfmcyertwhaob_1000x.jpeg\",\"datePublished\":\"2026-03-25T09:20:45+00:00\",\"dateModified\":\"2026-05-09T07:59:43+00:00\",\"breadcrumb\":{\"@id\":\"https:\\\/\\\/www.talidesign.eu\\\/et\\\/pood\\\/toode\\\/yamazaki-tower-kleebitav-svammihoidja-must\\\/#breadcrumb\"},\"inLanguage\":\"et\",\"potentialAction\":[{\"@type\":\"ReadAction\",\"target\":[\"https:\\\/\\\/www.talidesign.eu\\\/et\\\/pood\\\/toode\\\/yamazaki-tower-kleebitav-svammihoidja-must\\\/\"]}]},{\"@type\":\"ImageObject\",\"inLanguage\":\"et\",\"@id\":\"https:\\\/\\\/www.talidesign.eu\\\/et\\\/pood\\\/toode\\\/yamazaki-tower-kleebitav-svammihoidja-must\\\/#primaryimage\",\"url\":\"https:\\\/\\\/www.talidesign.eu\\\/wp\\\/wp-content\\\/uploads\\\/2026\\\/03\\\/kk9nhuxdfmcyertwhaob_1000x.jpeg\",\"contentUrl\":\"https:\\\/\\\/www.talidesign.eu\\\/wp\\\/wp-content\\\/uploads\\\/2026\\\/03\\\/kk9nhuxdfmcyertwhaob_1000x.jpeg\",\"width\":1000,\"height\":1000},{\"@type\":\"BreadcrumbList\",\"@id\":\"https:\\\/\\\/www.talidesign.eu\\\/et\\\/pood\\\/toode\\\/yamazaki-tower-kleebitav-svammihoidja-must\\\/#breadcrumb\",\"itemListElement\":[{\"@type\":\"ListItem\",\"position\":1,\"name\":\"Avaleht\",\"item\":\"https:\\\/\\\/www.talidesign.eu\\\/et\\\/\"},{\"@type\":\"ListItem\",\"position\":2,\"name\":\"Pood\",\"item\":\"https:\\\/\\\/www.talidesign.eu\\\/et\\\/pood\\\/\"},{\"@type\":\"ListItem\",\"position\":3,\"name\":\"Yamazaki Tower Kleebitav svammihoidja Must\"}]},{\"@type\":\"WebSite\",\"@id\":\"https:\\\/\\\/www.talidesign.eu\\\/et\\\/#website\",\"url\":\"https:\\\/\\\/www.talidesign.eu\\\/et\\\/\",\"name\":\"TALI Concept Store\",\"description\":\"Suurim Disainipood Eestis\",\"potentialAction\":[{\"@type\":\"SearchAction\",\"target\":{\"@type\":\"EntryPoint\",\"urlTemplate\":\"https:\\\/\\\/www.talidesign.eu\\\/et\\\/?s={search_term_string}\"},\"query-input\":{\"@type\":\"PropertyValueSpecification\",\"valueRequired\":true,\"valueName\":\"search_term_string\"}}],\"inLanguage\":\"et\"}]}<\/script>\n<!-- \/ Yoast SEO plugin. -->","yoast_head_json":{"title":"Yamazaki Tower Kleebitav svammihoidja Must - TALI Concept Store","robots":{"index":"index","follow":"follow","max-snippet":"max-snippet:-1","max-image-preview":"max-image-preview:large","max-video-preview":"max-video-preview:-1"},"canonical":"https:\/\/www.talidesign.eu\/et\/pood\/toode\/yamazaki-tower-kleebitav-svammihoidja-must\/","og_locale":"et_EE","og_type":"article","og_title":"Yamazaki Tower Kleebitav svammihoidja Must - TALI Concept Store","og_description":"Tower Kleebitav svammihoidja Must  Minimalistlik ja praktiline svammihoidja, mis aitab hoida k\u00f6\u00f6gi korras ja h\u00fcgieenilisena. Avatud konstruktsiooniga hoidik kinnitub h\u00f5lpsalt seinale v\u00f5i valamu sisek\u00fcljele komplektis oleva isekleepuva Film Hook kinnituse abil. Sobib nii tavalisele kui ka suuremale svammile ning v\u00f5imaldab sellel kiiresti kuivada, hoides svammi v\u00e4rske ja kasutusvalmis.  Kinnitatakse p\u00fcsivatele siledatele pindadele, nagu keraamilised plaadid, lakitud v\u00f5i spoonitud plaadid jne. Toodet ei ole soovitatav paigaldada ebatasasele\/karedale pinnale, kus teip ei kinnitu t\u00e4ielikult, ega pindadele, mis v\u00f5ivad nihkuda (nt m\u00e4rgruumi tapeet). \u00c4sja plaaditud seinte korral tuleb pind p\u00f5hjalikult puhastada, et sellel ei oleks vuugij\u00e4\u00e4ke.  Paigaldusjuhised  \u2022 Puhastage aluspind p\u00f5hjalikult ja laske sel kuivada. (Puhastusvahendid ei tohi sisaldada \u00f5li.) \u2022 Eemaldage kaitsekile. \u2022 Paigaldage toode seinale, vajutades seda 10 sekundit vastu aluspinda. \u2022 Parimate tulemuste saamiseks laske liimil 24 tundi kuivada.  \u2022 Materjalid: teras \/ Film Hook: pol\u00fckarbonaat, PET, pol\u00fcuretaan \u2022 M\u00f5\u00f5dud: L 6 \u00d7 S 4,5 \u00d7 K 6 cm \u2022 Isekleepuv tagak\u00fclg \u2022 Br\u00e4nd Yamazaki Home &nbsp; &nbsp;","og_url":"https:\/\/www.talidesign.eu\/et\/pood\/toode\/yamazaki-tower-kleebitav-svammihoidja-must\/","og_site_name":"TALI Concept Store","article_publisher":"https:\/\/www.facebook.com\/TaliDisain\/","article_modified_time":"2026-05-09T07:59:43+00:00","og_image":[{"width":1000,"height":1000,"url":"https:\/\/www.talidesign.eu\/wp\/wp-content\/uploads\/2026\/03\/kk9nhuxdfmcyertwhaob_1000x.jpeg","type":"image\/jpeg"}],"twitter_card":"summary_large_image","twitter_misc":{"Est. reading time":"2 minutes"},"schema":{"@context":"https:\/\/schema.org","@graph":[{"@type":"WebPage","@id":"https:\/\/www.talidesign.eu\/et\/pood\/toode\/yamazaki-tower-kleebitav-svammihoidja-must\/","url":"https:\/\/www.talidesign.eu\/et\/pood\/toode\/yamazaki-tower-kleebitav-svammihoidja-must\/","name":"Yamazaki Tower Kleebitav svammihoidja Must - TALI Concept Store","isPartOf":{"@id":"https:\/\/www.talidesign.eu\/et\/#website"},"primaryImageOfPage":{"@id":"https:\/\/www.talidesign.eu\/et\/pood\/toode\/yamazaki-tower-kleebitav-svammihoidja-must\/#primaryimage"},"image":{"@id":"https:\/\/www.talidesign.eu\/et\/pood\/toode\/yamazaki-tower-kleebitav-svammihoidja-must\/#primaryimage"},"thumbnailUrl":"https:\/\/www.talidesign.eu\/wp\/wp-content\/uploads\/2026\/03\/kk9nhuxdfmcyertwhaob_1000x.jpeg","datePublished":"2026-03-25T09:20:45+00:00","dateModified":"2026-05-09T07:59:43+00:00","breadcrumb":{"@id":"https:\/\/www.talidesign.eu\/et\/pood\/toode\/yamazaki-tower-kleebitav-svammihoidja-must\/#breadcrumb"},"inLanguage":"et","potentialAction":[{"@type":"ReadAction","target":["https:\/\/www.talidesign.eu\/et\/pood\/toode\/yamazaki-tower-kleebitav-svammihoidja-must\/"]}]},{"@type":"ImageObject","inLanguage":"et","@id":"https:\/\/www.talidesign.eu\/et\/pood\/toode\/yamazaki-tower-kleebitav-svammihoidja-must\/#primaryimage","url":"https:\/\/www.talidesign.eu\/wp\/wp-content\/uploads\/2026\/03\/kk9nhuxdfmcyertwhaob_1000x.jpeg","contentUrl":"https:\/\/www.talidesign.eu\/wp\/wp-content\/uploads\/2026\/03\/kk9nhuxdfmcyertwhaob_1000x.jpeg","width":1000,"height":1000},{"@type":"BreadcrumbList","@id":"https:\/\/www.talidesign.eu\/et\/pood\/toode\/yamazaki-tower-kleebitav-svammihoidja-must\/#breadcrumb","itemListElement":[{"@type":"ListItem","position":1,"name":"Avaleht","item":"https:\/\/www.talidesign.eu\/et\/"},{"@type":"ListItem","position":2,"name":"Pood","item":"https:\/\/www.talidesign.eu\/et\/pood\/"},{"@type":"ListItem","position":3,"name":"Yamazaki Tower Kleebitav svammihoidja Must"}]},{"@type":"WebSite","@id":"https:\/\/www.talidesign.eu\/et\/#website","url":"https:\/\/www.talidesign.eu\/et\/","name":"TALI Concept Store","description":"Suurim Disainipood Eestis","potentialAction":[{"@type":"SearchAction","target":{"@type":"EntryPoint","urlTemplate":"https:\/\/www.talidesign.eu\/et\/?s={search_term_string}"},"query-input":{"@type":"PropertyValueSpecification","valueRequired":true,"valueName":"search_term_string"}}],"inLanguage":"et"}]}},"_links":{"self":[{"href":"https:\/\/www.talidesign.eu\/et\/wp-json\/wp\/v2\/product\/115244","targetHints":{"allow":["GET"]}}],"collection":[{"href":"https:\/\/www.talidesign.eu\/et\/wp-json\/wp\/v2\/product"}],"about":[{"href":"https:\/\/www.talidesign.eu\/et\/wp-json\/wp\/v2\/types\/product"}],"wp:featuredmedia":[{"embeddable":true,"href":"https:\/\/www.talidesign.eu\/et\/wp-json\/wp\/v2\/media\/115251"}],"wp:attachment":[{"href":"https:\/\/www.talidesign.eu\/et\/wp-json\/wp\/v2\/media?parent=115244"}],"wp:term":[{"taxonomy":"product_brand","embeddable":true,"href":"https:\/\/www.talidesign.eu\/et\/wp-json\/wp\/v2\/product_brand?post=115244"},{"taxonomy":"product_cat","embeddable":true,"href":"https:\/\/www.talidesign.eu\/et\/wp-json\/wp\/v2\/product_cat?post=115244"},{"taxonomy":"product_tag","embeddable":true,"href":"https:\/\/www.talidesign.eu\/et\/wp-json\/wp\/v2\/product_tag?post=115244"}],"curies":[{"name":"wp","href":"https:\/\/api.w.org\/{rel}","templated":true}]}}