{"id":115346,"date":"2026-03-25T14:24:01","date_gmt":"2026-03-25T12:24:01","guid":{"rendered":"https:\/\/www.talidesign.eu\/?post_type=product&#038;p=115346"},"modified":"2026-03-25T14:42:23","modified_gmt":"2026-03-25T12:42:23","slug":"yamazaki-tower-magnetiga-noahoidja-valge","status":"publish","type":"product","link":"https:\/\/www.talidesign.eu\/et\/pood\/toode\/yamazaki-tower-magnetiga-noahoidja-valge\/","title":{"rendered":"Yamazaki Tower Magnetiga noahoidja Valge"},"content":{"rendered":"<p><strong>Tower Magnetiga noahoidja Valge<\/strong><\/p>\n<p>Praktiline ja ruumis\u00e4\u00e4stlik lahendus k\u00f6\u00f6gitarvikute hoiustamiseks. <\/p>\n<p>Magnetiline noahoidja kinnitub seinale ning aitab hoida noad ja muud metallist tarvikud k\u00e4ep\u00e4raselt ja turvaliselt organiseerituna. Ideaalne viis t\u00f6\u00f6pinna vabastamiseks ja k\u00f6\u00f6gi korras hoidmiseks.<\/p>\n<p>Hoidikut saab paigaldada kas magnetiga v\u00f5i kasutada komplektis olevat kahepoolset teipi ja kruvisid, et tagada kindel ja p\u00fcsiv kinnitus.<\/p>\n<p>\u2022 Materjalid: ABS-plast, magnet \/ libisemisvastane kumm: silikoon<br \/>\n\u2022 M\u00f5\u00f5dud: L 35 \u00d7 S 1,7 \u00d7 K 4 cm<br \/>\n\u2022 <a href=\"https:\/\/www.talidesign.eu\/et\/tootekategooria\/brandid\/yamazaki-home-et\/\">Br\u00e4nd Yamazaki Home<\/a><br \/>\n&nbsp;<br \/>\n&nbsp;<br \/>\n<a href=\"https:\/\/www.talidesign.eu\/et\/tootekategooria\/brandid\/yamazaki-home-et\/\"><img loading=\"lazy\" decoding=\"async\" class=\"alignnone size-full wp-image-23562\" src=\"https:\/\/www.talidesign.eu\/wp\/wp-content\/uploads\/2021\/02\/yamazaki.jpg\" alt=\"\" width=\"500\" height=\"100\" \/><\/a><\/p>\n","protected":false},"excerpt":{"rendered":"<p><strong>Tower Magnetiga noahoidja Valge<\/strong><\/p>\n<p>Praktiline ja ruumis\u00e4\u00e4stlik lahendus k\u00f6\u00f6gitarvikute hoiustamiseks. <\/p>\n<p>Magnetiline noahoidja kinnitub seinale ning aitab hoida noad ja muud metallist tarvikud k\u00e4ep\u00e4raselt ja turvaliselt organiseerituna. Ideaalne viis t\u00f6\u00f6pinna vabastamiseks ja k\u00f6\u00f6gi korras hoidmiseks.<\/p>\n<p>Hoidikut saab paigaldada kas magnetiga v\u00f5i kasutada komplektis olevat kahepoolset teipi ja kruvisid, et tagada kindel ja p\u00fcsiv kinnitus.<\/p>\n<p>\u2022 Materjalid: ABS-plast, magnet \/ libisemisvastane kumm: silikoon<br \/>\n\u2022 M\u00f5\u00f5dud: L 35 \u00d7 S 1,7 \u00d7 K 4 cm<br \/>\n\u2022 <a href=\"https:\/\/www.talidesign.eu\/et\/tootekategooria\/brandid\/yamazaki-home-et\/\">Br\u00e4nd Yamazaki Home<\/a><br \/>\n&nbsp;<br \/>\n&nbsp;<br \/>\n<a href=\"https:\/\/www.talidesign.eu\/et\/tootekategooria\/brandid\/yamazaki-home-et\/\"><img loading=\"lazy\" decoding=\"async\" class=\"alignnone size-full wp-image-23562\" src=\"https:\/\/www.talidesign.eu\/wp\/wp-content\/uploads\/2021\/02\/yamazaki.jpg\" alt=\"\" width=\"500\" height=\"100\" \/><\/a><\/p>\n","protected":false},"featured_media":115354,"template":"","meta":[],"product_brand":[],"product_cat":[1026,1018,1106,1030,1094],"product_tag":[1274],"class_list":{"0":"post-115346","1":"product","2":"type-product","3":"status-publish","4":"has-post-thumbnail","6":"product_cat-brandid","7":"product_cat-kodu","8":"product_cat-konksud-nagid","9":"product_cat-kook","10":"product_cat-yamazaki-home-et","11":"product_tag-yamazaki-et","13":"first","14":"instock","15":"taxable","16":"shipping-taxable","17":"purchasable","18":"product-type-simple"},"yoast_head":"<!-- This site is optimized with the Yoast SEO plugin v27.5 - https:\/\/yoast.com\/product\/yoast-seo-wordpress\/ -->\n<title>Yamazaki Tower Magnetiga noahoidja Valge - TALI Concept Store<\/title>\n<meta name=\"robots\" content=\"index, follow, max-snippet:-1, max-image-preview:large, max-video-preview:-1\" \/>\n<link rel=\"canonical\" href=\"https:\/\/www.talidesign.eu\/et\/pood\/toode\/yamazaki-tower-magnetiga-noahoidja-valge\/\" \/>\n<meta property=\"og:locale\" content=\"et_EE\" \/>\n<meta property=\"og:type\" content=\"article\" \/>\n<meta property=\"og:title\" content=\"Yamazaki Tower Magnetiga noahoidja Valge - TALI Concept Store\" \/>\n<meta property=\"og:description\" content=\"Tower Magnetiga noahoidja Valge  Praktiline ja ruumis\u00e4\u00e4stlik lahendus k\u00f6\u00f6gitarvikute hoiustamiseks.   Magnetiline noahoidja kinnitub seinale ning aitab hoida noad ja muud metallist tarvikud k\u00e4ep\u00e4raselt ja turvaliselt organiseerituna. Ideaalne viis t\u00f6\u00f6pinna vabastamiseks ja k\u00f6\u00f6gi korras hoidmiseks.  Hoidikut saab paigaldada kas magnetiga v\u00f5i kasutada komplektis olevat kahepoolset teipi ja kruvisid, et tagada kindel ja p\u00fcsiv kinnitus.  \u2022 Materjalid: ABS-plast, magnet \/ libisemisvastane kumm: silikoon \u2022 M\u00f5\u00f5dud: L 35 \u00d7 S 1,7 \u00d7 K 4 cm \u2022 Br\u00e4nd Yamazaki Home &nbsp; &nbsp;\" \/>\n<meta property=\"og:url\" content=\"https:\/\/www.talidesign.eu\/et\/pood\/toode\/yamazaki-tower-magnetiga-noahoidja-valge\/\" \/>\n<meta property=\"og:site_name\" content=\"TALI Concept Store\" \/>\n<meta property=\"article:publisher\" content=\"https:\/\/www.facebook.com\/TaliDisain\/\" \/>\n<meta property=\"article:modified_time\" content=\"2026-03-25T12:42:23+00:00\" \/>\n<meta property=\"og:image\" content=\"https:\/\/www.talidesign.eu\/wp\/wp-content\/uploads\/2026\/03\/k4ylytfkvfagavmjkace_1000x.jpeg\" \/>\n\t<meta property=\"og:image:width\" content=\"1000\" \/>\n\t<meta property=\"og:image:height\" content=\"1000\" \/>\n\t<meta property=\"og:image:type\" content=\"image\/jpeg\" \/>\n<meta name=\"twitter:card\" content=\"summary_large_image\" \/>\n<meta name=\"twitter:label1\" content=\"Est. reading time\" \/>\n\t<meta name=\"twitter:data1\" content=\"1 minute\" \/>\n<script type=\"application\/ld+json\" class=\"yoast-schema-graph\">{\"@context\":\"https:\\\/\\\/schema.org\",\"@graph\":[{\"@type\":\"WebPage\",\"@id\":\"https:\\\/\\\/www.talidesign.eu\\\/et\\\/pood\\\/toode\\\/yamazaki-tower-magnetiga-noahoidja-valge\\\/\",\"url\":\"https:\\\/\\\/www.talidesign.eu\\\/et\\\/pood\\\/toode\\\/yamazaki-tower-magnetiga-noahoidja-valge\\\/\",\"name\":\"Yamazaki Tower Magnetiga noahoidja Valge - TALI Concept Store\",\"isPartOf\":{\"@id\":\"https:\\\/\\\/www.talidesign.eu\\\/et\\\/#website\"},\"primaryImageOfPage\":{\"@id\":\"https:\\\/\\\/www.talidesign.eu\\\/et\\\/pood\\\/toode\\\/yamazaki-tower-magnetiga-noahoidja-valge\\\/#primaryimage\"},\"image\":{\"@id\":\"https:\\\/\\\/www.talidesign.eu\\\/et\\\/pood\\\/toode\\\/yamazaki-tower-magnetiga-noahoidja-valge\\\/#primaryimage\"},\"thumbnailUrl\":\"https:\\\/\\\/www.talidesign.eu\\\/wp\\\/wp-content\\\/uploads\\\/2026\\\/03\\\/k4ylytfkvfagavmjkace_1000x.jpeg\",\"datePublished\":\"2026-03-25T12:24:01+00:00\",\"dateModified\":\"2026-03-25T12:42:23+00:00\",\"breadcrumb\":{\"@id\":\"https:\\\/\\\/www.talidesign.eu\\\/et\\\/pood\\\/toode\\\/yamazaki-tower-magnetiga-noahoidja-valge\\\/#breadcrumb\"},\"inLanguage\":\"et\",\"potentialAction\":[{\"@type\":\"ReadAction\",\"target\":[\"https:\\\/\\\/www.talidesign.eu\\\/et\\\/pood\\\/toode\\\/yamazaki-tower-magnetiga-noahoidja-valge\\\/\"]}]},{\"@type\":\"ImageObject\",\"inLanguage\":\"et\",\"@id\":\"https:\\\/\\\/www.talidesign.eu\\\/et\\\/pood\\\/toode\\\/yamazaki-tower-magnetiga-noahoidja-valge\\\/#primaryimage\",\"url\":\"https:\\\/\\\/www.talidesign.eu\\\/wp\\\/wp-content\\\/uploads\\\/2026\\\/03\\\/k4ylytfkvfagavmjkace_1000x.jpeg\",\"contentUrl\":\"https:\\\/\\\/www.talidesign.eu\\\/wp\\\/wp-content\\\/uploads\\\/2026\\\/03\\\/k4ylytfkvfagavmjkace_1000x.jpeg\",\"width\":1000,\"height\":1000},{\"@type\":\"BreadcrumbList\",\"@id\":\"https:\\\/\\\/www.talidesign.eu\\\/et\\\/pood\\\/toode\\\/yamazaki-tower-magnetiga-noahoidja-valge\\\/#breadcrumb\",\"itemListElement\":[{\"@type\":\"ListItem\",\"position\":1,\"name\":\"Avaleht\",\"item\":\"https:\\\/\\\/www.talidesign.eu\\\/et\\\/\"},{\"@type\":\"ListItem\",\"position\":2,\"name\":\"Pood\",\"item\":\"https:\\\/\\\/www.talidesign.eu\\\/et\\\/pood\\\/\"},{\"@type\":\"ListItem\",\"position\":3,\"name\":\"Yamazaki Tower Magnetiga noahoidja Valge\"}]},{\"@type\":\"WebSite\",\"@id\":\"https:\\\/\\\/www.talidesign.eu\\\/et\\\/#website\",\"url\":\"https:\\\/\\\/www.talidesign.eu\\\/et\\\/\",\"name\":\"TALI Concept Store\",\"description\":\"Suurim Disainipood Eestis\",\"potentialAction\":[{\"@type\":\"SearchAction\",\"target\":{\"@type\":\"EntryPoint\",\"urlTemplate\":\"https:\\\/\\\/www.talidesign.eu\\\/et\\\/?s={search_term_string}\"},\"query-input\":{\"@type\":\"PropertyValueSpecification\",\"valueRequired\":true,\"valueName\":\"search_term_string\"}}],\"inLanguage\":\"et\"}]}<\/script>\n<!-- \/ Yoast SEO plugin. -->","yoast_head_json":{"title":"Yamazaki Tower Magnetiga noahoidja Valge - TALI Concept Store","robots":{"index":"index","follow":"follow","max-snippet":"max-snippet:-1","max-image-preview":"max-image-preview:large","max-video-preview":"max-video-preview:-1"},"canonical":"https:\/\/www.talidesign.eu\/et\/pood\/toode\/yamazaki-tower-magnetiga-noahoidja-valge\/","og_locale":"et_EE","og_type":"article","og_title":"Yamazaki Tower Magnetiga noahoidja Valge - TALI Concept Store","og_description":"Tower Magnetiga noahoidja Valge  Praktiline ja ruumis\u00e4\u00e4stlik lahendus k\u00f6\u00f6gitarvikute hoiustamiseks.   Magnetiline noahoidja kinnitub seinale ning aitab hoida noad ja muud metallist tarvikud k\u00e4ep\u00e4raselt ja turvaliselt organiseerituna. Ideaalne viis t\u00f6\u00f6pinna vabastamiseks ja k\u00f6\u00f6gi korras hoidmiseks.  Hoidikut saab paigaldada kas magnetiga v\u00f5i kasutada komplektis olevat kahepoolset teipi ja kruvisid, et tagada kindel ja p\u00fcsiv kinnitus.  \u2022 Materjalid: ABS-plast, magnet \/ libisemisvastane kumm: silikoon \u2022 M\u00f5\u00f5dud: L 35 \u00d7 S 1,7 \u00d7 K 4 cm \u2022 Br\u00e4nd Yamazaki Home &nbsp; &nbsp;","og_url":"https:\/\/www.talidesign.eu\/et\/pood\/toode\/yamazaki-tower-magnetiga-noahoidja-valge\/","og_site_name":"TALI Concept Store","article_publisher":"https:\/\/www.facebook.com\/TaliDisain\/","article_modified_time":"2026-03-25T12:42:23+00:00","og_image":[{"width":1000,"height":1000,"url":"https:\/\/www.talidesign.eu\/wp\/wp-content\/uploads\/2026\/03\/k4ylytfkvfagavmjkace_1000x.jpeg","type":"image\/jpeg"}],"twitter_card":"summary_large_image","twitter_misc":{"Est. reading time":"1 minute"},"schema":{"@context":"https:\/\/schema.org","@graph":[{"@type":"WebPage","@id":"https:\/\/www.talidesign.eu\/et\/pood\/toode\/yamazaki-tower-magnetiga-noahoidja-valge\/","url":"https:\/\/www.talidesign.eu\/et\/pood\/toode\/yamazaki-tower-magnetiga-noahoidja-valge\/","name":"Yamazaki Tower Magnetiga noahoidja Valge - TALI Concept Store","isPartOf":{"@id":"https:\/\/www.talidesign.eu\/et\/#website"},"primaryImageOfPage":{"@id":"https:\/\/www.talidesign.eu\/et\/pood\/toode\/yamazaki-tower-magnetiga-noahoidja-valge\/#primaryimage"},"image":{"@id":"https:\/\/www.talidesign.eu\/et\/pood\/toode\/yamazaki-tower-magnetiga-noahoidja-valge\/#primaryimage"},"thumbnailUrl":"https:\/\/www.talidesign.eu\/wp\/wp-content\/uploads\/2026\/03\/k4ylytfkvfagavmjkace_1000x.jpeg","datePublished":"2026-03-25T12:24:01+00:00","dateModified":"2026-03-25T12:42:23+00:00","breadcrumb":{"@id":"https:\/\/www.talidesign.eu\/et\/pood\/toode\/yamazaki-tower-magnetiga-noahoidja-valge\/#breadcrumb"},"inLanguage":"et","potentialAction":[{"@type":"ReadAction","target":["https:\/\/www.talidesign.eu\/et\/pood\/toode\/yamazaki-tower-magnetiga-noahoidja-valge\/"]}]},{"@type":"ImageObject","inLanguage":"et","@id":"https:\/\/www.talidesign.eu\/et\/pood\/toode\/yamazaki-tower-magnetiga-noahoidja-valge\/#primaryimage","url":"https:\/\/www.talidesign.eu\/wp\/wp-content\/uploads\/2026\/03\/k4ylytfkvfagavmjkace_1000x.jpeg","contentUrl":"https:\/\/www.talidesign.eu\/wp\/wp-content\/uploads\/2026\/03\/k4ylytfkvfagavmjkace_1000x.jpeg","width":1000,"height":1000},{"@type":"BreadcrumbList","@id":"https:\/\/www.talidesign.eu\/et\/pood\/toode\/yamazaki-tower-magnetiga-noahoidja-valge\/#breadcrumb","itemListElement":[{"@type":"ListItem","position":1,"name":"Avaleht","item":"https:\/\/www.talidesign.eu\/et\/"},{"@type":"ListItem","position":2,"name":"Pood","item":"https:\/\/www.talidesign.eu\/et\/pood\/"},{"@type":"ListItem","position":3,"name":"Yamazaki Tower Magnetiga noahoidja Valge"}]},{"@type":"WebSite","@id":"https:\/\/www.talidesign.eu\/et\/#website","url":"https:\/\/www.talidesign.eu\/et\/","name":"TALI Concept Store","description":"Suurim Disainipood Eestis","potentialAction":[{"@type":"SearchAction","target":{"@type":"EntryPoint","urlTemplate":"https:\/\/www.talidesign.eu\/et\/?s={search_term_string}"},"query-input":{"@type":"PropertyValueSpecification","valueRequired":true,"valueName":"search_term_string"}}],"inLanguage":"et"}]}},"_links":{"self":[{"href":"https:\/\/www.talidesign.eu\/et\/wp-json\/wp\/v2\/product\/115346","targetHints":{"allow":["GET"]}}],"collection":[{"href":"https:\/\/www.talidesign.eu\/et\/wp-json\/wp\/v2\/product"}],"about":[{"href":"https:\/\/www.talidesign.eu\/et\/wp-json\/wp\/v2\/types\/product"}],"wp:featuredmedia":[{"embeddable":true,"href":"https:\/\/www.talidesign.eu\/et\/wp-json\/wp\/v2\/media\/115354"}],"wp:attachment":[{"href":"https:\/\/www.talidesign.eu\/et\/wp-json\/wp\/v2\/media?parent=115346"}],"wp:term":[{"taxonomy":"product_brand","embeddable":true,"href":"https:\/\/www.talidesign.eu\/et\/wp-json\/wp\/v2\/product_brand?post=115346"},{"taxonomy":"product_cat","embeddable":true,"href":"https:\/\/www.talidesign.eu\/et\/wp-json\/wp\/v2\/product_cat?post=115346"},{"taxonomy":"product_tag","embeddable":true,"href":"https:\/\/www.talidesign.eu\/et\/wp-json\/wp\/v2\/product_tag?post=115346"}],"curies":[{"name":"wp","href":"https:\/\/api.w.org\/{rel}","templated":true}]}}