{"id":116355,"date":"2026-04-27T15:06:05","date_gmt":"2026-04-27T12:06:05","guid":{"rendered":"https:\/\/www.talidesign.eu\/?post_type=product&#038;p=116355"},"modified":"2026-04-27T15:13:00","modified_gmt":"2026-04-27T12:13:00","slug":"24bottles-straw-cup-joogipudel-daydreaming-yellow","status":"publish","type":"product","link":"https:\/\/www.talidesign.eu\/et\/pood\/toode\/24bottles-straw-cup-joogipudel-daydreaming-yellow\/","title":{"rendered":"24Bottles Straw Cup joogipudel Daydreaming Yellow"},"content":{"rendered":"<p><strong>Straw Cup joogipudel Daydreaming Yellow<\/strong><\/p>\n<p>Straw Cup joogipudel on loodud kontorit\u00f6\u00f6tajatele, m\u00e4nguritele ja joogaharrastajatele. See on kerge, kompaktne ja lekkekindel ning sobib t\u00e4nu autohoidjaga \u00fchilduvale p\u00f5hjale h\u00e4sti ka autos kasutamiseks. Nutikas k\u00f5rrega kaas soodustab mugavat r\u00fc\u00fcpamist. Hoiab joogid kuumana kuni 12 tundi ja k\u00fclmana kuni 24 tundi.<\/p>\n<p>\u2022 Mahutavus: 800 ml<br \/>\n\u2022 Kaal: 488 g<br \/>\n\u2022 L\u00e4bim\u00f5\u00f5t: 7,3 cm<br \/>\n\u2022 Suuava: 8 cm<br \/>\n\u2022 K\u00f5rgus: 23,5 cm<br \/>\n\u2022 Materjal: toidukvaliteediga 18\/8 roostevaba teras<br \/>\n\u2022 Hermeetiline tihend: silikoon<br \/>\n\u2022 100% ohutu: BPA-, BPS-, PES-, PFAS- ja ftalaadivaba<\/p>\n<p><strong>Br\u00e4ndist 24Bottles\u00ae<\/strong><\/p>\n<p>Itaalia br\u00e4ndi asutajate Giovanni Randazzo ja Matteo Melotti eesm\u00e4rk on v\u00e4hendada \u00fchekordse taara mahtu ning selle m\u00f5ju keskkonnale. Pakkudes kvaliteetset toodet ning esteetilist disaini, p\u00fc\u00fcavad disainerid suunata inimesi tervislikuma elustiili ning puhtama keskkonna poole.<\/p>\n<p><a href=https:\/\/www.talidesign.eu\/wp\/wp-content\/uploads\/2020\/04\/24bottle.jpg><img class=\"alignnone size-full wp-image-9609\" src=https:\/\/www.talidesign.eu\/wp\/wp-content\/uploads\/2020\/04\/24bottle.jpg alt=\"\" width=\"826\" height=\"537\" \/><\/a><br \/>\n<em>Giovanni Randazzo and Matteo Melotti founders of 24Bottles\u00ae<\/em><\/p>\n","protected":false},"excerpt":{"rendered":"<p><strong>Straw Cup joogipudel Daydreaming Yellow<\/strong><\/p>\n<p>Straw Cup joogipudel on loodud kontorit\u00f6\u00f6tajatele, m\u00e4nguritele ja joogaharrastajatele. See on kerge, kompaktne ja lekkekindel ning sobib t\u00e4nu autohoidjaga \u00fchilduvale p\u00f5hjale h\u00e4sti ka autos kasutamiseks. Nutikas k\u00f5rrega kaas soodustab mugavat r\u00fc\u00fcpamist. Hoiab joogid kuumana kuni 12 tundi ja k\u00fclmana kuni 24 tundi.<\/p>\n<p>\u2022 Mahutavus: 800 ml<br \/>\n\u2022 Kaal: 488 g<br \/>\n\u2022 L\u00e4bim\u00f5\u00f5t: 7,3 cm<br \/>\n\u2022 Suuava: 8 cm<br \/>\n\u2022 K\u00f5rgus: 23,5 cm<br \/>\n\u2022 Materjal: toidukvaliteediga 18\/8 roostevaba teras<br \/>\n\u2022 Hermeetiline tihend: silikoon<br \/>\n\u2022 100% ohutu: BPA-, BPS-, PES-, PFAS- ja ftalaadivaba<\/p>\n<p><strong>Br\u00e4ndist 24Bottles\u00ae<\/strong><\/p>\n<p>Itaalia br\u00e4ndi asutajate Giovanni Randazzo ja Matteo Melotti eesm\u00e4rk on v\u00e4hendada \u00fchekordse taara mahtu ning selle m\u00f5ju keskkonnale. Pakkudes kvaliteetset toodet ning esteetilist disaini, p\u00fc\u00fcavad disainerid suunata inimesi tervislikuma elustiili ning puhtama keskkonna poole.<\/p>\n<p><a href=https:\/\/www.talidesign.eu\/wp\/wp-content\/uploads\/2020\/04\/24bottle.jpg><img class=\"alignnone size-full wp-image-9609\" src=https:\/\/www.talidesign.eu\/wp\/wp-content\/uploads\/2020\/04\/24bottle.jpg alt=\"\" width=\"826\" height=\"537\" \/><\/a><br \/>\n<em>Giovanni Randazzo and Matteo Melotti founders of 24Bottles\u00ae<\/em><\/p>\n","protected":false},"featured_media":116358,"template":"","meta":[],"product_brand":[],"product_cat":[1029,1099,1026,1018,1132,1114],"product_tag":[1480],"class_list":{"0":"post-116355","1":"product","2":"type-product","3":"status-publish","4":"has-post-thumbnail","6":"product_cat-24bottles-et","7":"product_cat-aksessuaarid","8":"product_cat-brandid","9":"product_cat-kodu","10":"product_cat-naiste-pudelid","11":"product_cat-pudelid","12":"product_tag-24bottles-et","14":"first","15":"instock","16":"sale","17":"taxable","18":"shipping-taxable","19":"purchasable","20":"product-type-simple"},"yoast_head":"<!-- This site is optimized with the Yoast SEO plugin v27.4 - https:\/\/yoast.com\/product\/yoast-seo-wordpress\/ -->\n<title>24Bottles Straw Cup joogipudel Daydreaming Yellow - TALI Concept Store<\/title>\n<meta name=\"robots\" content=\"index, follow, max-snippet:-1, max-image-preview:large, max-video-preview:-1\" \/>\n<link rel=\"canonical\" href=\"https:\/\/www.talidesign.eu\/et\/pood\/toode\/24bottles-straw-cup-joogipudel-daydreaming-yellow\/\" \/>\n<meta property=\"og:locale\" content=\"et_EE\" \/>\n<meta property=\"og:type\" content=\"article\" \/>\n<meta property=\"og:title\" content=\"24Bottles Straw Cup joogipudel Daydreaming Yellow - TALI Concept Store\" \/>\n<meta property=\"og:description\" content=\"Straw Cup joogipudel Daydreaming Yellow  Straw Cup joogipudel on loodud kontorit\u00f6\u00f6tajatele, m\u00e4nguritele ja joogaharrastajatele. See on kerge, kompaktne ja lekkekindel ning sobib t\u00e4nu autohoidjaga \u00fchilduvale p\u00f5hjale h\u00e4sti ka autos kasutamiseks. Nutikas k\u00f5rrega kaas soodustab mugavat r\u00fc\u00fcpamist. Hoiab joogid kuumana kuni 12 tundi ja k\u00fclmana kuni 24 tundi.  \u2022 Mahutavus: 800 ml \u2022 Kaal: 488 g \u2022 L\u00e4bim\u00f5\u00f5t: 7,3 cm \u2022 Suuava: 8 cm \u2022 K\u00f5rgus: 23,5 cm \u2022 Materjal: toidukvaliteediga 18\/8 roostevaba teras \u2022 Hermeetiline tihend: silikoon \u2022 100% ohutu: BPA-, BPS-, PES-, PFAS- ja ftalaadivaba  Br\u00e4ndist 24Bottles\u00ae  Itaalia br\u00e4ndi asutajate Giovanni Randazzo ja Matteo Melotti eesm\u00e4rk on v\u00e4hendada \u00fchekordse taara mahtu ning selle m\u00f5ju keskkonnale. Pakkudes kvaliteetset toodet ning esteetilist disaini, p\u00fc\u00fcavad disainerid suunata inimesi tervislikuma elustiili ning puhtama keskkonna poole.    Giovanni Randazzo and Matteo Melotti founders of 24Bottles\u00ae\" \/>\n<meta property=\"og:url\" content=\"https:\/\/www.talidesign.eu\/et\/pood\/toode\/24bottles-straw-cup-joogipudel-daydreaming-yellow\/\" \/>\n<meta property=\"og:site_name\" content=\"TALI Concept Store\" \/>\n<meta property=\"article:publisher\" content=\"https:\/\/www.facebook.com\/TaliDisain\/\" \/>\n<meta property=\"article:modified_time\" content=\"2026-04-27T12:13:00+00:00\" \/>\n<meta property=\"og:image\" content=\"https:\/\/www.talidesign.eu\/wp\/wp-content\/uploads\/2026\/04\/straw-Photoroom.jpg\" \/>\n\t<meta property=\"og:image:width\" content=\"1200\" \/>\n\t<meta property=\"og:image:height\" content=\"1200\" \/>\n\t<meta property=\"og:image:type\" content=\"image\/jpeg\" \/>\n<meta name=\"twitter:card\" content=\"summary_large_image\" \/>\n<meta name=\"twitter:label1\" content=\"Est. reading time\" \/>\n\t<meta name=\"twitter:data1\" content=\"1 minute\" \/>\n<script type=\"application\/ld+json\" class=\"yoast-schema-graph\">{\"@context\":\"https:\\\/\\\/schema.org\",\"@graph\":[{\"@type\":\"WebPage\",\"@id\":\"https:\\\/\\\/www.talidesign.eu\\\/et\\\/pood\\\/toode\\\/24bottles-straw-cup-joogipudel-daydreaming-yellow\\\/\",\"url\":\"https:\\\/\\\/www.talidesign.eu\\\/et\\\/pood\\\/toode\\\/24bottles-straw-cup-joogipudel-daydreaming-yellow\\\/\",\"name\":\"24Bottles Straw Cup joogipudel Daydreaming Yellow - TALI Concept Store\",\"isPartOf\":{\"@id\":\"https:\\\/\\\/www.talidesign.eu\\\/et\\\/#website\"},\"primaryImageOfPage\":{\"@id\":\"https:\\\/\\\/www.talidesign.eu\\\/et\\\/pood\\\/toode\\\/24bottles-straw-cup-joogipudel-daydreaming-yellow\\\/#primaryimage\"},\"image\":{\"@id\":\"https:\\\/\\\/www.talidesign.eu\\\/et\\\/pood\\\/toode\\\/24bottles-straw-cup-joogipudel-daydreaming-yellow\\\/#primaryimage\"},\"thumbnailUrl\":\"https:\\\/\\\/www.talidesign.eu\\\/wp\\\/wp-content\\\/uploads\\\/2026\\\/04\\\/straw-Photoroom.jpg\",\"datePublished\":\"2026-04-27T12:06:05+00:00\",\"dateModified\":\"2026-04-27T12:13:00+00:00\",\"breadcrumb\":{\"@id\":\"https:\\\/\\\/www.talidesign.eu\\\/et\\\/pood\\\/toode\\\/24bottles-straw-cup-joogipudel-daydreaming-yellow\\\/#breadcrumb\"},\"inLanguage\":\"et\",\"potentialAction\":[{\"@type\":\"ReadAction\",\"target\":[\"https:\\\/\\\/www.talidesign.eu\\\/et\\\/pood\\\/toode\\\/24bottles-straw-cup-joogipudel-daydreaming-yellow\\\/\"]}]},{\"@type\":\"ImageObject\",\"inLanguage\":\"et\",\"@id\":\"https:\\\/\\\/www.talidesign.eu\\\/et\\\/pood\\\/toode\\\/24bottles-straw-cup-joogipudel-daydreaming-yellow\\\/#primaryimage\",\"url\":\"https:\\\/\\\/www.talidesign.eu\\\/wp\\\/wp-content\\\/uploads\\\/2026\\\/04\\\/straw-Photoroom.jpg\",\"contentUrl\":\"https:\\\/\\\/www.talidesign.eu\\\/wp\\\/wp-content\\\/uploads\\\/2026\\\/04\\\/straw-Photoroom.jpg\",\"width\":1200,\"height\":1200},{\"@type\":\"BreadcrumbList\",\"@id\":\"https:\\\/\\\/www.talidesign.eu\\\/et\\\/pood\\\/toode\\\/24bottles-straw-cup-joogipudel-daydreaming-yellow\\\/#breadcrumb\",\"itemListElement\":[{\"@type\":\"ListItem\",\"position\":1,\"name\":\"Avaleht\",\"item\":\"https:\\\/\\\/www.talidesign.eu\\\/et\\\/\"},{\"@type\":\"ListItem\",\"position\":2,\"name\":\"Pood\",\"item\":\"https:\\\/\\\/www.talidesign.eu\\\/et\\\/pood\\\/\"},{\"@type\":\"ListItem\",\"position\":3,\"name\":\"24Bottles Straw Cup joogipudel Daydreaming Yellow\"}]},{\"@type\":\"WebSite\",\"@id\":\"https:\\\/\\\/www.talidesign.eu\\\/et\\\/#website\",\"url\":\"https:\\\/\\\/www.talidesign.eu\\\/et\\\/\",\"name\":\"TALI Concept Store\",\"description\":\"Suurim Disainipood Eestis\",\"potentialAction\":[{\"@type\":\"SearchAction\",\"target\":{\"@type\":\"EntryPoint\",\"urlTemplate\":\"https:\\\/\\\/www.talidesign.eu\\\/et\\\/?s={search_term_string}\"},\"query-input\":{\"@type\":\"PropertyValueSpecification\",\"valueRequired\":true,\"valueName\":\"search_term_string\"}}],\"inLanguage\":\"et\"}]}<\/script>\n<!-- \/ Yoast SEO plugin. -->","yoast_head_json":{"title":"24Bottles Straw Cup joogipudel Daydreaming Yellow - TALI Concept Store","robots":{"index":"index","follow":"follow","max-snippet":"max-snippet:-1","max-image-preview":"max-image-preview:large","max-video-preview":"max-video-preview:-1"},"canonical":"https:\/\/www.talidesign.eu\/et\/pood\/toode\/24bottles-straw-cup-joogipudel-daydreaming-yellow\/","og_locale":"et_EE","og_type":"article","og_title":"24Bottles Straw Cup joogipudel Daydreaming Yellow - TALI Concept Store","og_description":"Straw Cup joogipudel Daydreaming Yellow  Straw Cup joogipudel on loodud kontorit\u00f6\u00f6tajatele, m\u00e4nguritele ja joogaharrastajatele. See on kerge, kompaktne ja lekkekindel ning sobib t\u00e4nu autohoidjaga \u00fchilduvale p\u00f5hjale h\u00e4sti ka autos kasutamiseks. Nutikas k\u00f5rrega kaas soodustab mugavat r\u00fc\u00fcpamist. Hoiab joogid kuumana kuni 12 tundi ja k\u00fclmana kuni 24 tundi.  \u2022 Mahutavus: 800 ml \u2022 Kaal: 488 g \u2022 L\u00e4bim\u00f5\u00f5t: 7,3 cm \u2022 Suuava: 8 cm \u2022 K\u00f5rgus: 23,5 cm \u2022 Materjal: toidukvaliteediga 18\/8 roostevaba teras \u2022 Hermeetiline tihend: silikoon \u2022 100% ohutu: BPA-, BPS-, PES-, PFAS- ja ftalaadivaba  Br\u00e4ndist 24Bottles\u00ae  Itaalia br\u00e4ndi asutajate Giovanni Randazzo ja Matteo Melotti eesm\u00e4rk on v\u00e4hendada \u00fchekordse taara mahtu ning selle m\u00f5ju keskkonnale. Pakkudes kvaliteetset toodet ning esteetilist disaini, p\u00fc\u00fcavad disainerid suunata inimesi tervislikuma elustiili ning puhtama keskkonna poole.    Giovanni Randazzo and Matteo Melotti founders of 24Bottles\u00ae","og_url":"https:\/\/www.talidesign.eu\/et\/pood\/toode\/24bottles-straw-cup-joogipudel-daydreaming-yellow\/","og_site_name":"TALI Concept Store","article_publisher":"https:\/\/www.facebook.com\/TaliDisain\/","article_modified_time":"2026-04-27T12:13:00+00:00","og_image":[{"width":1200,"height":1200,"url":"https:\/\/www.talidesign.eu\/wp\/wp-content\/uploads\/2026\/04\/straw-Photoroom.jpg","type":"image\/jpeg"}],"twitter_card":"summary_large_image","twitter_misc":{"Est. reading time":"1 minute"},"schema":{"@context":"https:\/\/schema.org","@graph":[{"@type":"WebPage","@id":"https:\/\/www.talidesign.eu\/et\/pood\/toode\/24bottles-straw-cup-joogipudel-daydreaming-yellow\/","url":"https:\/\/www.talidesign.eu\/et\/pood\/toode\/24bottles-straw-cup-joogipudel-daydreaming-yellow\/","name":"24Bottles Straw Cup joogipudel Daydreaming Yellow - TALI Concept Store","isPartOf":{"@id":"https:\/\/www.talidesign.eu\/et\/#website"},"primaryImageOfPage":{"@id":"https:\/\/www.talidesign.eu\/et\/pood\/toode\/24bottles-straw-cup-joogipudel-daydreaming-yellow\/#primaryimage"},"image":{"@id":"https:\/\/www.talidesign.eu\/et\/pood\/toode\/24bottles-straw-cup-joogipudel-daydreaming-yellow\/#primaryimage"},"thumbnailUrl":"https:\/\/www.talidesign.eu\/wp\/wp-content\/uploads\/2026\/04\/straw-Photoroom.jpg","datePublished":"2026-04-27T12:06:05+00:00","dateModified":"2026-04-27T12:13:00+00:00","breadcrumb":{"@id":"https:\/\/www.talidesign.eu\/et\/pood\/toode\/24bottles-straw-cup-joogipudel-daydreaming-yellow\/#breadcrumb"},"inLanguage":"et","potentialAction":[{"@type":"ReadAction","target":["https:\/\/www.talidesign.eu\/et\/pood\/toode\/24bottles-straw-cup-joogipudel-daydreaming-yellow\/"]}]},{"@type":"ImageObject","inLanguage":"et","@id":"https:\/\/www.talidesign.eu\/et\/pood\/toode\/24bottles-straw-cup-joogipudel-daydreaming-yellow\/#primaryimage","url":"https:\/\/www.talidesign.eu\/wp\/wp-content\/uploads\/2026\/04\/straw-Photoroom.jpg","contentUrl":"https:\/\/www.talidesign.eu\/wp\/wp-content\/uploads\/2026\/04\/straw-Photoroom.jpg","width":1200,"height":1200},{"@type":"BreadcrumbList","@id":"https:\/\/www.talidesign.eu\/et\/pood\/toode\/24bottles-straw-cup-joogipudel-daydreaming-yellow\/#breadcrumb","itemListElement":[{"@type":"ListItem","position":1,"name":"Avaleht","item":"https:\/\/www.talidesign.eu\/et\/"},{"@type":"ListItem","position":2,"name":"Pood","item":"https:\/\/www.talidesign.eu\/et\/pood\/"},{"@type":"ListItem","position":3,"name":"24Bottles Straw Cup joogipudel Daydreaming Yellow"}]},{"@type":"WebSite","@id":"https:\/\/www.talidesign.eu\/et\/#website","url":"https:\/\/www.talidesign.eu\/et\/","name":"TALI Concept Store","description":"Suurim Disainipood Eestis","potentialAction":[{"@type":"SearchAction","target":{"@type":"EntryPoint","urlTemplate":"https:\/\/www.talidesign.eu\/et\/?s={search_term_string}"},"query-input":{"@type":"PropertyValueSpecification","valueRequired":true,"valueName":"search_term_string"}}],"inLanguage":"et"}]}},"_links":{"self":[{"href":"https:\/\/www.talidesign.eu\/et\/wp-json\/wp\/v2\/product\/116355","targetHints":{"allow":["GET"]}}],"collection":[{"href":"https:\/\/www.talidesign.eu\/et\/wp-json\/wp\/v2\/product"}],"about":[{"href":"https:\/\/www.talidesign.eu\/et\/wp-json\/wp\/v2\/types\/product"}],"wp:featuredmedia":[{"embeddable":true,"href":"https:\/\/www.talidesign.eu\/et\/wp-json\/wp\/v2\/media\/116358"}],"wp:attachment":[{"href":"https:\/\/www.talidesign.eu\/et\/wp-json\/wp\/v2\/media?parent=116355"}],"wp:term":[{"taxonomy":"product_brand","embeddable":true,"href":"https:\/\/www.talidesign.eu\/et\/wp-json\/wp\/v2\/product_brand?post=116355"},{"taxonomy":"product_cat","embeddable":true,"href":"https:\/\/www.talidesign.eu\/et\/wp-json\/wp\/v2\/product_cat?post=116355"},{"taxonomy":"product_tag","embeddable":true,"href":"https:\/\/www.talidesign.eu\/et\/wp-json\/wp\/v2\/product_tag?post=116355"}],"curies":[{"name":"wp","href":"https:\/\/api.w.org\/{rel}","templated":true}]}}