{"id":116441,"date":"2026-04-29T12:50:06","date_gmt":"2026-04-29T09:50:06","guid":{"rendered":"https:\/\/www.talidesign.eu\/?post_type=product&#038;p=116441"},"modified":"2026-05-01T12:17:25","modified_gmt":"2026-05-01T09:17:25","slug":"hvisk-casset-glossy-structure-mocha","status":"publish","type":"product","link":"https:\/\/www.talidesign.eu\/et\/pood\/toode\/hvisk-casset-glossy-structure-mocha\/","title":{"rendered":"HVISK Casset Glossy Structure Mocha"},"content":{"rendered":"<p><strong>Casset Glossy Structure Mocha<\/strong><\/p>\n<p>Tutvustame HVISK Casset k\u00e4ekotti \u2014 ruumikat ja elegantset bucket-t\u00fc\u00fcpi kotti, mis on loodud kaasaegse eluviisi jaoks. Kotil on mugav \u00f5larihm, pikk reguleeritav rihm ning turvaline lukuga kinnitus. Seest leiad avara p\u00f5hiosa, kuhu mahuvad h\u00f5lpsasti k\u00f5ik igap\u00e4evased vajalikud asjad ja ka s\u00fclearvuti, lisaks kaks sisetaskut ja \u00fche lukuga tasku. Valmistatud osaliselt puidukiust ja taaskasutatud materjalidest, peegeldades moodsat ja vastutustundlikku disaini.<\/p>\n<p>\u2022 <a href=\"https:\/\/www.talidesign.eu\/et\/tootekategooria\/brandid\/hvisk-et\/\">Br\u00e4nd HVISK<\/a><br \/>\n\u2022 Pealismaterjal: 40% pol\u00fcuretaan, 35% puidukiud, 10% kaltsiumkarbonaat, 8% pigment. Vooder: 100% taaskasutatud pol\u00fcester<br \/>\n\u2022 \u00d5larihm, pikk reguleeritav rihm ja lukk-kinnitus<br \/>\n\u2022 \u00dcks mahukas sahtel, kaks sisetaskut ja \u00fcks lukuga sisetasku<br \/>\n\u2022 Vegan ja innovaatilised materjalid<br \/>\n\u2022 M\u00f5\u00f5dud: K35,5 cm x L25 cm x S17,5 cm<\/p>\n<p><strong>Br\u00e4ndist HVISK<\/strong><\/p>\n<p>Taani moebr\u00e4nd HVISK ammutab inspiratsiooni Kopenhaageni elavatest ja trendikatest t\u00e4navatest. <\/p>\n<p>Nende naiste k\u00e4ekotid, \u00fcle\u00f5lakotid ja rahakotid paistavad silma m\u00e4ngulise disaini, julgete v\u00e4rvide ning l\u00e4bim\u00f5eldud detailidega. <\/p>\n<p>HVISKi aksessuaarid lisavad igale stiilile isikup\u00e4ra ja oman\u00e4olisust. <\/p>\n<p>Br\u00e4ndi eesm\u00e4rk on panustada paremasse tulevikku, olles t\u00e4ielikult vegan ning otsides pidevalt uusi keskkonnas\u00f5bralikke materjale ja tootmisviise, mis ei kahjusta loomi.<\/p>\n<p><a href=\"https:\/\/www.talidesign.eu\/et\/tootekategooria\/brandid\/hvisk-et\/\"><img loading=\"lazy\" decoding=\"async\" src=\"https:\/\/www.talidesign.eu\/wp\/wp-content\/uploads\/2026\/04\/hvisklogo.jpg\" alt=\"\" width=\"500\" height=\"100\" class=\"alignnone size-full wp-image-98951\" \/><\/a><\/p>\n","protected":false},"excerpt":{"rendered":"<p><strong>Casset Glossy Structure Mocha<\/strong><\/p>\n<p>Tutvustame HVISK Casset k\u00e4ekotti \u2014 ruumikat ja elegantset bucket-t\u00fc\u00fcpi kotti, mis on loodud kaasaegse eluviisi jaoks. Kotil on mugav \u00f5larihm, pikk reguleeritav rihm ning turvaline lukuga kinnitus. Seest leiad avara p\u00f5hiosa, kuhu mahuvad h\u00f5lpsasti k\u00f5ik igap\u00e4evased vajalikud asjad ja ka s\u00fclearvuti, lisaks kaks sisetaskut ja \u00fche lukuga tasku. Valmistatud osaliselt puidukiust ja taaskasutatud materjalidest, peegeldades moodsat ja vastutustundlikku disaini.<\/p>\n<p>\u2022 <a href=\"https:\/\/www.talidesign.eu\/et\/tootekategooria\/brandid\/hvisk-et\/\">Br\u00e4nd HVISK<\/a><br \/>\n\u2022 Pealismaterjal: 40% pol\u00fcuretaan, 35% puidukiud, 10% kaltsiumkarbonaat, 8% pigment. Vooder: 100% taaskasutatud pol\u00fcester<br \/>\n\u2022 \u00d5larihm, pikk reguleeritav rihm ja lukk-kinnitus<br \/>\n\u2022 \u00dcks mahukas sahtel, kaks sisetaskut ja \u00fcks lukuga sisetasku<br \/>\n\u2022 Vegan ja innovaatilised materjalid<br \/>\n\u2022 M\u00f5\u00f5dud: K35,5 cm x L25 cm x S17,5 cm<\/p>\n<p><strong>Br\u00e4ndist HVISK<\/strong><\/p>\n<p>Taani moebr\u00e4nd HVISK ammutab inspiratsiooni Kopenhaageni elavatest ja trendikatest t\u00e4navatest. <\/p>\n<p>Nende naiste k\u00e4ekotid, \u00fcle\u00f5lakotid ja rahakotid paistavad silma m\u00e4ngulise disaini, julgete v\u00e4rvide ning l\u00e4bim\u00f5eldud detailidega. <\/p>\n<p>HVISKi aksessuaarid lisavad igale stiilile isikup\u00e4ra ja oman\u00e4olisust. <\/p>\n<p>Br\u00e4ndi eesm\u00e4rk on panustada paremasse tulevikku, olles t\u00e4ielikult vegan ning otsides pidevalt uusi keskkonnas\u00f5bralikke materjale ja tootmisviise, mis ei kahjusta loomi.<\/p>\n<p><a href=\"https:\/\/www.talidesign.eu\/et\/tootekategooria\/brandid\/hvisk-et\/\"><img loading=\"lazy\" decoding=\"async\" src=\"https:\/\/www.talidesign.eu\/wp\/wp-content\/uploads\/2026\/04\/hvisklogo.jpg\" alt=\"\" width=\"500\" height=\"100\" class=\"alignnone size-full wp-image-98951\" \/><\/a><\/p>\n","protected":false},"featured_media":116447,"template":"","meta":[],"product_brand":[],"product_cat":[1026,3687,1131],"product_tag":[3688],"class_list":{"0":"post-116441","1":"product","2":"type-product","3":"status-publish","4":"has-post-thumbnail","6":"product_cat-brandid","7":"product_cat-hvisk-et","8":"product_cat-naiste-kotid","9":"product_tag-hvisk","11":"first","12":"instock","13":"sale","14":"taxable","15":"shipping-taxable","16":"purchasable","17":"product-type-simple"},"yoast_head":"<!-- This site is optimized with the Yoast SEO plugin v27.5 - https:\/\/yoast.com\/product\/yoast-seo-wordpress\/ -->\n<title>HVISK Casset Glossy Structure Mocha - TALI Concept Store<\/title>\n<meta name=\"robots\" content=\"index, follow, max-snippet:-1, max-image-preview:large, max-video-preview:-1\" \/>\n<link rel=\"canonical\" href=\"https:\/\/www.talidesign.eu\/et\/pood\/toode\/hvisk-casset-glossy-structure-mocha\/\" \/>\n<meta property=\"og:locale\" content=\"et_EE\" \/>\n<meta property=\"og:type\" content=\"article\" \/>\n<meta property=\"og:title\" content=\"HVISK Casset Glossy Structure Mocha - TALI Concept Store\" \/>\n<meta property=\"og:description\" content=\"Casset Glossy Structure Mocha  Tutvustame HVISK Casset k\u00e4ekotti \u2014 ruumikat ja elegantset bucket-t\u00fc\u00fcpi kotti, mis on loodud kaasaegse eluviisi jaoks. Kotil on mugav \u00f5larihm, pikk reguleeritav rihm ning turvaline lukuga kinnitus. Seest leiad avara p\u00f5hiosa, kuhu mahuvad h\u00f5lpsasti k\u00f5ik igap\u00e4evased vajalikud asjad ja ka s\u00fclearvuti, lisaks kaks sisetaskut ja \u00fche lukuga tasku. Valmistatud osaliselt puidukiust ja taaskasutatud materjalidest, peegeldades moodsat ja vastutustundlikku disaini.  \u2022 Br\u00e4nd HVISK \u2022 Pealismaterjal: 40% pol\u00fcuretaan, 35% puidukiud, 10% kaltsiumkarbonaat, 8% pigment. Vooder: 100% taaskasutatud pol\u00fcester \u2022 \u00d5larihm, pikk reguleeritav rihm ja lukk-kinnitus \u2022 \u00dcks mahukas sahtel, kaks sisetaskut ja \u00fcks lukuga sisetasku \u2022 Vegan ja innovaatilised materjalid \u2022 M\u00f5\u00f5dud: K35,5 cm x L25 cm x S17,5 cm  Br\u00e4ndist HVISK  Taani moebr\u00e4nd HVISK ammutab inspiratsiooni Kopenhaageni elavatest ja trendikatest t\u00e4navatest.   Nende naiste k\u00e4ekotid, \u00fcle\u00f5lakotid ja rahakotid paistavad silma m\u00e4ngulise disaini, julgete v\u00e4rvide ning l\u00e4bim\u00f5eldud detailidega.   HVISKi aksessuaarid lisavad igale stiilile isikup\u00e4ra ja oman\u00e4olisust.   Br\u00e4ndi eesm\u00e4rk on panustada paremasse tulevikku, olles t\u00e4ielikult vegan ning otsides pidevalt uusi keskkonnas\u00f5bralikke materjale ja tootmisviise, mis ei kahjusta loomi.\" \/>\n<meta property=\"og:url\" content=\"https:\/\/www.talidesign.eu\/et\/pood\/toode\/hvisk-casset-glossy-structure-mocha\/\" \/>\n<meta property=\"og:site_name\" content=\"TALI Concept Store\" \/>\n<meta property=\"article:publisher\" content=\"https:\/\/www.facebook.com\/TaliDisain\/\" \/>\n<meta property=\"article:modified_time\" content=\"2026-05-01T09:17:25+00:00\" \/>\n<meta property=\"og:image\" content=\"https:\/\/www.talidesign.eu\/wp\/wp-content\/uploads\/2026\/04\/mocha-Photoroom.jpg\" \/>\n\t<meta property=\"og:image:width\" content=\"1200\" \/>\n\t<meta property=\"og:image:height\" content=\"1200\" \/>\n\t<meta property=\"og:image:type\" content=\"image\/jpeg\" \/>\n<meta name=\"twitter:card\" content=\"summary_large_image\" \/>\n<meta name=\"twitter:label1\" content=\"Est. reading time\" \/>\n\t<meta name=\"twitter:data1\" content=\"2 minutes\" \/>\n<script type=\"application\/ld+json\" class=\"yoast-schema-graph\">{\"@context\":\"https:\\\/\\\/schema.org\",\"@graph\":[{\"@type\":\"WebPage\",\"@id\":\"https:\\\/\\\/www.talidesign.eu\\\/et\\\/pood\\\/toode\\\/hvisk-casset-glossy-structure-mocha\\\/\",\"url\":\"https:\\\/\\\/www.talidesign.eu\\\/et\\\/pood\\\/toode\\\/hvisk-casset-glossy-structure-mocha\\\/\",\"name\":\"HVISK Casset Glossy Structure Mocha - TALI Concept Store\",\"isPartOf\":{\"@id\":\"https:\\\/\\\/www.talidesign.eu\\\/et\\\/#website\"},\"primaryImageOfPage\":{\"@id\":\"https:\\\/\\\/www.talidesign.eu\\\/et\\\/pood\\\/toode\\\/hvisk-casset-glossy-structure-mocha\\\/#primaryimage\"},\"image\":{\"@id\":\"https:\\\/\\\/www.talidesign.eu\\\/et\\\/pood\\\/toode\\\/hvisk-casset-glossy-structure-mocha\\\/#primaryimage\"},\"thumbnailUrl\":\"https:\\\/\\\/www.talidesign.eu\\\/wp\\\/wp-content\\\/uploads\\\/2026\\\/04\\\/mocha-Photoroom.jpg\",\"datePublished\":\"2026-04-29T09:50:06+00:00\",\"dateModified\":\"2026-05-01T09:17:25+00:00\",\"breadcrumb\":{\"@id\":\"https:\\\/\\\/www.talidesign.eu\\\/et\\\/pood\\\/toode\\\/hvisk-casset-glossy-structure-mocha\\\/#breadcrumb\"},\"inLanguage\":\"et\",\"potentialAction\":[{\"@type\":\"ReadAction\",\"target\":[\"https:\\\/\\\/www.talidesign.eu\\\/et\\\/pood\\\/toode\\\/hvisk-casset-glossy-structure-mocha\\\/\"]}]},{\"@type\":\"ImageObject\",\"inLanguage\":\"et\",\"@id\":\"https:\\\/\\\/www.talidesign.eu\\\/et\\\/pood\\\/toode\\\/hvisk-casset-glossy-structure-mocha\\\/#primaryimage\",\"url\":\"https:\\\/\\\/www.talidesign.eu\\\/wp\\\/wp-content\\\/uploads\\\/2026\\\/04\\\/mocha-Photoroom.jpg\",\"contentUrl\":\"https:\\\/\\\/www.talidesign.eu\\\/wp\\\/wp-content\\\/uploads\\\/2026\\\/04\\\/mocha-Photoroom.jpg\",\"width\":1200,\"height\":1200},{\"@type\":\"BreadcrumbList\",\"@id\":\"https:\\\/\\\/www.talidesign.eu\\\/et\\\/pood\\\/toode\\\/hvisk-casset-glossy-structure-mocha\\\/#breadcrumb\",\"itemListElement\":[{\"@type\":\"ListItem\",\"position\":1,\"name\":\"Avaleht\",\"item\":\"https:\\\/\\\/www.talidesign.eu\\\/et\\\/\"},{\"@type\":\"ListItem\",\"position\":2,\"name\":\"Pood\",\"item\":\"https:\\\/\\\/www.talidesign.eu\\\/et\\\/pood\\\/\"},{\"@type\":\"ListItem\",\"position\":3,\"name\":\"HVISK Casset Glossy Structure Mocha\"}]},{\"@type\":\"WebSite\",\"@id\":\"https:\\\/\\\/www.talidesign.eu\\\/et\\\/#website\",\"url\":\"https:\\\/\\\/www.talidesign.eu\\\/et\\\/\",\"name\":\"TALI Concept Store\",\"description\":\"Suurim Disainipood Eestis\",\"potentialAction\":[{\"@type\":\"SearchAction\",\"target\":{\"@type\":\"EntryPoint\",\"urlTemplate\":\"https:\\\/\\\/www.talidesign.eu\\\/et\\\/?s={search_term_string}\"},\"query-input\":{\"@type\":\"PropertyValueSpecification\",\"valueRequired\":true,\"valueName\":\"search_term_string\"}}],\"inLanguage\":\"et\"}]}<\/script>\n<!-- \/ Yoast SEO plugin. -->","yoast_head_json":{"title":"HVISK Casset Glossy Structure Mocha - TALI Concept Store","robots":{"index":"index","follow":"follow","max-snippet":"max-snippet:-1","max-image-preview":"max-image-preview:large","max-video-preview":"max-video-preview:-1"},"canonical":"https:\/\/www.talidesign.eu\/et\/pood\/toode\/hvisk-casset-glossy-structure-mocha\/","og_locale":"et_EE","og_type":"article","og_title":"HVISK Casset Glossy Structure Mocha - TALI Concept Store","og_description":"Casset Glossy Structure Mocha  Tutvustame HVISK Casset k\u00e4ekotti \u2014 ruumikat ja elegantset bucket-t\u00fc\u00fcpi kotti, mis on loodud kaasaegse eluviisi jaoks. Kotil on mugav \u00f5larihm, pikk reguleeritav rihm ning turvaline lukuga kinnitus. Seest leiad avara p\u00f5hiosa, kuhu mahuvad h\u00f5lpsasti k\u00f5ik igap\u00e4evased vajalikud asjad ja ka s\u00fclearvuti, lisaks kaks sisetaskut ja \u00fche lukuga tasku. Valmistatud osaliselt puidukiust ja taaskasutatud materjalidest, peegeldades moodsat ja vastutustundlikku disaini.  \u2022 Br\u00e4nd HVISK \u2022 Pealismaterjal: 40% pol\u00fcuretaan, 35% puidukiud, 10% kaltsiumkarbonaat, 8% pigment. Vooder: 100% taaskasutatud pol\u00fcester \u2022 \u00d5larihm, pikk reguleeritav rihm ja lukk-kinnitus \u2022 \u00dcks mahukas sahtel, kaks sisetaskut ja \u00fcks lukuga sisetasku \u2022 Vegan ja innovaatilised materjalid \u2022 M\u00f5\u00f5dud: K35,5 cm x L25 cm x S17,5 cm  Br\u00e4ndist HVISK  Taani moebr\u00e4nd HVISK ammutab inspiratsiooni Kopenhaageni elavatest ja trendikatest t\u00e4navatest.   Nende naiste k\u00e4ekotid, \u00fcle\u00f5lakotid ja rahakotid paistavad silma m\u00e4ngulise disaini, julgete v\u00e4rvide ning l\u00e4bim\u00f5eldud detailidega.   HVISKi aksessuaarid lisavad igale stiilile isikup\u00e4ra ja oman\u00e4olisust.   Br\u00e4ndi eesm\u00e4rk on panustada paremasse tulevikku, olles t\u00e4ielikult vegan ning otsides pidevalt uusi keskkonnas\u00f5bralikke materjale ja tootmisviise, mis ei kahjusta loomi.","og_url":"https:\/\/www.talidesign.eu\/et\/pood\/toode\/hvisk-casset-glossy-structure-mocha\/","og_site_name":"TALI Concept Store","article_publisher":"https:\/\/www.facebook.com\/TaliDisain\/","article_modified_time":"2026-05-01T09:17:25+00:00","og_image":[{"width":1200,"height":1200,"url":"https:\/\/www.talidesign.eu\/wp\/wp-content\/uploads\/2026\/04\/mocha-Photoroom.jpg","type":"image\/jpeg"}],"twitter_card":"summary_large_image","twitter_misc":{"Est. reading time":"2 minutes"},"schema":{"@context":"https:\/\/schema.org","@graph":[{"@type":"WebPage","@id":"https:\/\/www.talidesign.eu\/et\/pood\/toode\/hvisk-casset-glossy-structure-mocha\/","url":"https:\/\/www.talidesign.eu\/et\/pood\/toode\/hvisk-casset-glossy-structure-mocha\/","name":"HVISK Casset Glossy Structure Mocha - TALI Concept Store","isPartOf":{"@id":"https:\/\/www.talidesign.eu\/et\/#website"},"primaryImageOfPage":{"@id":"https:\/\/www.talidesign.eu\/et\/pood\/toode\/hvisk-casset-glossy-structure-mocha\/#primaryimage"},"image":{"@id":"https:\/\/www.talidesign.eu\/et\/pood\/toode\/hvisk-casset-glossy-structure-mocha\/#primaryimage"},"thumbnailUrl":"https:\/\/www.talidesign.eu\/wp\/wp-content\/uploads\/2026\/04\/mocha-Photoroom.jpg","datePublished":"2026-04-29T09:50:06+00:00","dateModified":"2026-05-01T09:17:25+00:00","breadcrumb":{"@id":"https:\/\/www.talidesign.eu\/et\/pood\/toode\/hvisk-casset-glossy-structure-mocha\/#breadcrumb"},"inLanguage":"et","potentialAction":[{"@type":"ReadAction","target":["https:\/\/www.talidesign.eu\/et\/pood\/toode\/hvisk-casset-glossy-structure-mocha\/"]}]},{"@type":"ImageObject","inLanguage":"et","@id":"https:\/\/www.talidesign.eu\/et\/pood\/toode\/hvisk-casset-glossy-structure-mocha\/#primaryimage","url":"https:\/\/www.talidesign.eu\/wp\/wp-content\/uploads\/2026\/04\/mocha-Photoroom.jpg","contentUrl":"https:\/\/www.talidesign.eu\/wp\/wp-content\/uploads\/2026\/04\/mocha-Photoroom.jpg","width":1200,"height":1200},{"@type":"BreadcrumbList","@id":"https:\/\/www.talidesign.eu\/et\/pood\/toode\/hvisk-casset-glossy-structure-mocha\/#breadcrumb","itemListElement":[{"@type":"ListItem","position":1,"name":"Avaleht","item":"https:\/\/www.talidesign.eu\/et\/"},{"@type":"ListItem","position":2,"name":"Pood","item":"https:\/\/www.talidesign.eu\/et\/pood\/"},{"@type":"ListItem","position":3,"name":"HVISK Casset Glossy Structure Mocha"}]},{"@type":"WebSite","@id":"https:\/\/www.talidesign.eu\/et\/#website","url":"https:\/\/www.talidesign.eu\/et\/","name":"TALI Concept Store","description":"Suurim Disainipood Eestis","potentialAction":[{"@type":"SearchAction","target":{"@type":"EntryPoint","urlTemplate":"https:\/\/www.talidesign.eu\/et\/?s={search_term_string}"},"query-input":{"@type":"PropertyValueSpecification","valueRequired":true,"valueName":"search_term_string"}}],"inLanguage":"et"}]}},"_links":{"self":[{"href":"https:\/\/www.talidesign.eu\/et\/wp-json\/wp\/v2\/product\/116441","targetHints":{"allow":["GET"]}}],"collection":[{"href":"https:\/\/www.talidesign.eu\/et\/wp-json\/wp\/v2\/product"}],"about":[{"href":"https:\/\/www.talidesign.eu\/et\/wp-json\/wp\/v2\/types\/product"}],"wp:featuredmedia":[{"embeddable":true,"href":"https:\/\/www.talidesign.eu\/et\/wp-json\/wp\/v2\/media\/116447"}],"wp:attachment":[{"href":"https:\/\/www.talidesign.eu\/et\/wp-json\/wp\/v2\/media?parent=116441"}],"wp:term":[{"taxonomy":"product_brand","embeddable":true,"href":"https:\/\/www.talidesign.eu\/et\/wp-json\/wp\/v2\/product_brand?post=116441"},{"taxonomy":"product_cat","embeddable":true,"href":"https:\/\/www.talidesign.eu\/et\/wp-json\/wp\/v2\/product_cat?post=116441"},{"taxonomy":"product_tag","embeddable":true,"href":"https:\/\/www.talidesign.eu\/et\/wp-json\/wp\/v2\/product_tag?post=116441"}],"curies":[{"name":"wp","href":"https:\/\/api.w.org\/{rel}","templated":true}]}}