{"id":116509,"date":"2026-04-29T15:12:51","date_gmt":"2026-04-29T12:12:51","guid":{"rendered":"https:\/\/www.talidesign.eu\/?post_type=product&#038;p=116509"},"modified":"2026-05-01T12:17:26","modified_gmt":"2026-05-01T09:17:26","slug":"hvisk-note-brush-structure-cognac","status":"publish","type":"product","link":"https:\/\/www.talidesign.eu\/et\/pood\/toode\/hvisk-note-brush-structure-cognac\/","title":{"rendered":"HVISK Note Brush Structure Cognac"},"content":{"rendered":"<p><strong>Note Brush Structure Cognac<\/strong><\/p>\n<p>Note on modernne \u00f5lakott, millel on l\u00fchike sang ning pikem eemaldatav ja reguleeritav rihm. Kotil on \u00fcks avar p\u00f5hisahtel ning v\u00e4ike lukuga sisetasku. Sulgemiseks on l\u00fchike klapp kahe magnetkinnitusega, mis hoiab sisu turvaliselt paigas.<\/p>\n<p>\u2022 <a href=\"https:\/\/www.talidesign.eu\/et\/tootekategooria\/brandid\/hvisk-et\/\">Br\u00e4nd HVISK<\/a><br \/>\n\u2022 Valmistatud hoolikalt valitud kvaliteetsetest veganmaterjalidest, millele annab iseloomu vastupidav ja eristuv harjatud viimistlus.<br \/>\n\u2022 \u00dcks avar p\u00f5hisahtel igap\u00e4evaste esemete jaoks ning v\u00e4ike lukuga sisetasku, kus saad turvaliselt hoida v\u00e4iksemaid v\u00e4\u00e4rtuslikke asju.<br \/>\n\u2022 Kotil on stiilne l\u00fchike k\u00e4epide ning pikem eemaldatav ja reguleeritav rihm, mis v\u00f5imaldab kotti mugavalt kanda erineval viisil.<br \/>\n\u2022 Kott sulgub l\u00fchikese klapiga, millel on kaks kindlat magnetkinnitust, hoides sisu turvaliselt paigas.<br \/>\n\u2022 Sobib ideaalselt igap\u00e4evaseks linnameluks, t\u00f6\u00f6le liikumiseks, n\u00e4dalavahetuse brunch\u2019ideks ja pingevabaks p\u00f5hjamaise stiili loomiseks.<br \/>\n\u2022 K 15 \u00d7 L 25 \u00d7 S 12 cm<\/p>\n<p><strong>Br\u00e4ndist HVISK<\/strong><\/p>\n<p>Taani moebr\u00e4nd HVISK ammutab inspiratsiooni Kopenhaageni elavatest ja trendikatest t\u00e4navatest. <\/p>\n<p>Nende naiste k\u00e4ekotid, \u00fcle\u00f5lakotid ja rahakotid paistavad silma m\u00e4ngulise disaini, julgete v\u00e4rvide ning l\u00e4bim\u00f5eldud detailidega. <\/p>\n<p>HVISKi aksessuaarid lisavad igale stiilile isikup\u00e4ra ja oman\u00e4olisust. <\/p>\n<p>Br\u00e4ndi eesm\u00e4rk on panustada paremasse tulevikku, olles t\u00e4ielikult vegan ning otsides pidevalt uusi keskkonnas\u00f5bralikke materjale ja tootmisviise, mis ei kahjusta loomi.<\/p>\n<p><a href=\"https:\/\/www.talidesign.eu\/et\/tootekategooria\/brandid\/hvisk-et\/\"><img loading=\"lazy\" decoding=\"async\" src=\"https:\/\/www.talidesign.eu\/wp\/wp-content\/uploads\/2026\/04\/hvisklogo.jpg\" alt=\"\" width=\"500\" height=\"100\" class=\"alignnone size-full wp-image-98951\" \/><\/a><\/p>\n","protected":false},"excerpt":{"rendered":"<p><strong>Note Brush Structure Cognac<\/strong><\/p>\n<p>Note on modernne \u00f5lakott, millel on l\u00fchike sang ning pikem eemaldatav ja reguleeritav rihm. Kotil on \u00fcks avar p\u00f5hisahtel ning v\u00e4ike lukuga sisetasku. Sulgemiseks on l\u00fchike klapp kahe magnetkinnitusega, mis hoiab sisu turvaliselt paigas.<\/p>\n<p>\u2022 <a href=\"https:\/\/www.talidesign.eu\/et\/tootekategooria\/brandid\/hvisk-et\/\">Br\u00e4nd HVISK<\/a><br \/>\n\u2022 Valmistatud hoolikalt valitud kvaliteetsetest veganmaterjalidest, millele annab iseloomu vastupidav ja eristuv harjatud viimistlus.<br \/>\n\u2022 \u00dcks avar p\u00f5hisahtel igap\u00e4evaste esemete jaoks ning v\u00e4ike lukuga sisetasku, kus saad turvaliselt hoida v\u00e4iksemaid v\u00e4\u00e4rtuslikke asju.<br \/>\n\u2022 Kotil on stiilne l\u00fchike k\u00e4epide ning pikem eemaldatav ja reguleeritav rihm, mis v\u00f5imaldab kotti mugavalt kanda erineval viisil.<br \/>\n\u2022 Kott sulgub l\u00fchikese klapiga, millel on kaks kindlat magnetkinnitust, hoides sisu turvaliselt paigas.<br \/>\n\u2022 Sobib ideaalselt igap\u00e4evaseks linnameluks, t\u00f6\u00f6le liikumiseks, n\u00e4dalavahetuse brunch\u2019ideks ja pingevabaks p\u00f5hjamaise stiili loomiseks.<br \/>\n\u2022 K 15 \u00d7 L 25 \u00d7 S 12 cm<\/p>\n<p><strong>Br\u00e4ndist HVISK<\/strong><\/p>\n<p>Taani moebr\u00e4nd HVISK ammutab inspiratsiooni Kopenhaageni elavatest ja trendikatest t\u00e4navatest. <\/p>\n<p>Nende naiste k\u00e4ekotid, \u00fcle\u00f5lakotid ja rahakotid paistavad silma m\u00e4ngulise disaini, julgete v\u00e4rvide ning l\u00e4bim\u00f5eldud detailidega. <\/p>\n<p>HVISKi aksessuaarid lisavad igale stiilile isikup\u00e4ra ja oman\u00e4olisust. <\/p>\n<p>Br\u00e4ndi eesm\u00e4rk on panustada paremasse tulevikku, olles t\u00e4ielikult vegan ning otsides pidevalt uusi keskkonnas\u00f5bralikke materjale ja tootmisviise, mis ei kahjusta loomi.<\/p>\n<p><a href=\"https:\/\/www.talidesign.eu\/et\/tootekategooria\/brandid\/hvisk-et\/\"><img loading=\"lazy\" decoding=\"async\" src=\"https:\/\/www.talidesign.eu\/wp\/wp-content\/uploads\/2026\/04\/hvisklogo.jpg\" alt=\"\" width=\"500\" height=\"100\" class=\"alignnone size-full wp-image-98951\" \/><\/a><\/p>\n","protected":false},"featured_media":116515,"template":"","meta":[],"product_brand":[],"product_cat":[1026,3687,1131],"product_tag":[3688],"class_list":{"0":"post-116509","1":"product","2":"type-product","3":"status-publish","4":"has-post-thumbnail","6":"product_cat-brandid","7":"product_cat-hvisk-et","8":"product_cat-naiste-kotid","9":"product_tag-hvisk","11":"first","12":"instock","13":"sale","14":"taxable","15":"shipping-taxable","16":"purchasable","17":"product-type-simple"},"yoast_head":"<!-- This site is optimized with the Yoast SEO plugin v27.5 - https:\/\/yoast.com\/product\/yoast-seo-wordpress\/ -->\n<title>HVISK Note Brush Structure Cognac - TALI Concept Store<\/title>\n<meta name=\"robots\" content=\"index, follow, max-snippet:-1, max-image-preview:large, max-video-preview:-1\" \/>\n<link rel=\"canonical\" href=\"https:\/\/www.talidesign.eu\/et\/pood\/toode\/hvisk-note-brush-structure-cognac\/\" \/>\n<meta property=\"og:locale\" content=\"et_EE\" \/>\n<meta property=\"og:type\" content=\"article\" \/>\n<meta property=\"og:title\" content=\"HVISK Note Brush Structure Cognac - TALI Concept Store\" \/>\n<meta property=\"og:description\" content=\"Note Brush Structure Cognac  Note on modernne \u00f5lakott, millel on l\u00fchike sang ning pikem eemaldatav ja reguleeritav rihm. Kotil on \u00fcks avar p\u00f5hisahtel ning v\u00e4ike lukuga sisetasku. Sulgemiseks on l\u00fchike klapp kahe magnetkinnitusega, mis hoiab sisu turvaliselt paigas.  \u2022 Br\u00e4nd HVISK \u2022 Valmistatud hoolikalt valitud kvaliteetsetest veganmaterjalidest, millele annab iseloomu vastupidav ja eristuv harjatud viimistlus. \u2022 \u00dcks avar p\u00f5hisahtel igap\u00e4evaste esemete jaoks ning v\u00e4ike lukuga sisetasku, kus saad turvaliselt hoida v\u00e4iksemaid v\u00e4\u00e4rtuslikke asju. \u2022 Kotil on stiilne l\u00fchike k\u00e4epide ning pikem eemaldatav ja reguleeritav rihm, mis v\u00f5imaldab kotti mugavalt kanda erineval viisil. \u2022 Kott sulgub l\u00fchikese klapiga, millel on kaks kindlat magnetkinnitust, hoides sisu turvaliselt paigas. \u2022 Sobib ideaalselt igap\u00e4evaseks linnameluks, t\u00f6\u00f6le liikumiseks, n\u00e4dalavahetuse brunch\u2019ideks ja pingevabaks p\u00f5hjamaise stiili loomiseks. \u2022 K 15 \u00d7 L 25 \u00d7 S 12 cm  Br\u00e4ndist HVISK  Taani moebr\u00e4nd HVISK ammutab inspiratsiooni Kopenhaageni elavatest ja trendikatest t\u00e4navatest.   Nende naiste k\u00e4ekotid, \u00fcle\u00f5lakotid ja rahakotid paistavad silma m\u00e4ngulise disaini, julgete v\u00e4rvide ning l\u00e4bim\u00f5eldud detailidega.   HVISKi aksessuaarid lisavad igale stiilile isikup\u00e4ra ja oman\u00e4olisust.   Br\u00e4ndi eesm\u00e4rk on panustada paremasse tulevikku, olles t\u00e4ielikult vegan ning otsides pidevalt uusi keskkonnas\u00f5bralikke materjale ja tootmisviise, mis ei kahjusta loomi.\" \/>\n<meta property=\"og:url\" content=\"https:\/\/www.talidesign.eu\/et\/pood\/toode\/hvisk-note-brush-structure-cognac\/\" \/>\n<meta property=\"og:site_name\" content=\"TALI Concept Store\" \/>\n<meta property=\"article:publisher\" content=\"https:\/\/www.facebook.com\/TaliDisain\/\" \/>\n<meta property=\"article:modified_time\" content=\"2026-05-01T09:17:26+00:00\" \/>\n<meta property=\"og:image\" content=\"https:\/\/www.talidesign.eu\/wp\/wp-content\/uploads\/2026\/04\/notebrush-Photoroom.jpg\" \/>\n\t<meta property=\"og:image:width\" content=\"1200\" \/>\n\t<meta property=\"og:image:height\" content=\"1200\" \/>\n\t<meta property=\"og:image:type\" content=\"image\/jpeg\" \/>\n<meta name=\"twitter:card\" content=\"summary_large_image\" \/>\n<meta name=\"twitter:label1\" content=\"Est. reading time\" \/>\n\t<meta name=\"twitter:data1\" content=\"2 minutes\" \/>\n<script type=\"application\/ld+json\" class=\"yoast-schema-graph\">{\"@context\":\"https:\\\/\\\/schema.org\",\"@graph\":[{\"@type\":\"WebPage\",\"@id\":\"https:\\\/\\\/www.talidesign.eu\\\/et\\\/pood\\\/toode\\\/hvisk-note-brush-structure-cognac\\\/\",\"url\":\"https:\\\/\\\/www.talidesign.eu\\\/et\\\/pood\\\/toode\\\/hvisk-note-brush-structure-cognac\\\/\",\"name\":\"HVISK Note Brush Structure Cognac - TALI Concept Store\",\"isPartOf\":{\"@id\":\"https:\\\/\\\/www.talidesign.eu\\\/et\\\/#website\"},\"primaryImageOfPage\":{\"@id\":\"https:\\\/\\\/www.talidesign.eu\\\/et\\\/pood\\\/toode\\\/hvisk-note-brush-structure-cognac\\\/#primaryimage\"},\"image\":{\"@id\":\"https:\\\/\\\/www.talidesign.eu\\\/et\\\/pood\\\/toode\\\/hvisk-note-brush-structure-cognac\\\/#primaryimage\"},\"thumbnailUrl\":\"https:\\\/\\\/www.talidesign.eu\\\/wp\\\/wp-content\\\/uploads\\\/2026\\\/04\\\/notebrush-Photoroom.jpg\",\"datePublished\":\"2026-04-29T12:12:51+00:00\",\"dateModified\":\"2026-05-01T09:17:26+00:00\",\"breadcrumb\":{\"@id\":\"https:\\\/\\\/www.talidesign.eu\\\/et\\\/pood\\\/toode\\\/hvisk-note-brush-structure-cognac\\\/#breadcrumb\"},\"inLanguage\":\"et\",\"potentialAction\":[{\"@type\":\"ReadAction\",\"target\":[\"https:\\\/\\\/www.talidesign.eu\\\/et\\\/pood\\\/toode\\\/hvisk-note-brush-structure-cognac\\\/\"]}]},{\"@type\":\"ImageObject\",\"inLanguage\":\"et\",\"@id\":\"https:\\\/\\\/www.talidesign.eu\\\/et\\\/pood\\\/toode\\\/hvisk-note-brush-structure-cognac\\\/#primaryimage\",\"url\":\"https:\\\/\\\/www.talidesign.eu\\\/wp\\\/wp-content\\\/uploads\\\/2026\\\/04\\\/notebrush-Photoroom.jpg\",\"contentUrl\":\"https:\\\/\\\/www.talidesign.eu\\\/wp\\\/wp-content\\\/uploads\\\/2026\\\/04\\\/notebrush-Photoroom.jpg\",\"width\":1200,\"height\":1200},{\"@type\":\"BreadcrumbList\",\"@id\":\"https:\\\/\\\/www.talidesign.eu\\\/et\\\/pood\\\/toode\\\/hvisk-note-brush-structure-cognac\\\/#breadcrumb\",\"itemListElement\":[{\"@type\":\"ListItem\",\"position\":1,\"name\":\"Avaleht\",\"item\":\"https:\\\/\\\/www.talidesign.eu\\\/et\\\/\"},{\"@type\":\"ListItem\",\"position\":2,\"name\":\"Pood\",\"item\":\"https:\\\/\\\/www.talidesign.eu\\\/et\\\/pood\\\/\"},{\"@type\":\"ListItem\",\"position\":3,\"name\":\"HVISK Note Brush Structure Cognac\"}]},{\"@type\":\"WebSite\",\"@id\":\"https:\\\/\\\/www.talidesign.eu\\\/et\\\/#website\",\"url\":\"https:\\\/\\\/www.talidesign.eu\\\/et\\\/\",\"name\":\"TALI Concept Store\",\"description\":\"Suurim Disainipood Eestis\",\"potentialAction\":[{\"@type\":\"SearchAction\",\"target\":{\"@type\":\"EntryPoint\",\"urlTemplate\":\"https:\\\/\\\/www.talidesign.eu\\\/et\\\/?s={search_term_string}\"},\"query-input\":{\"@type\":\"PropertyValueSpecification\",\"valueRequired\":true,\"valueName\":\"search_term_string\"}}],\"inLanguage\":\"et\"}]}<\/script>\n<!-- \/ Yoast SEO plugin. -->","yoast_head_json":{"title":"HVISK Note Brush Structure Cognac - TALI Concept Store","robots":{"index":"index","follow":"follow","max-snippet":"max-snippet:-1","max-image-preview":"max-image-preview:large","max-video-preview":"max-video-preview:-1"},"canonical":"https:\/\/www.talidesign.eu\/et\/pood\/toode\/hvisk-note-brush-structure-cognac\/","og_locale":"et_EE","og_type":"article","og_title":"HVISK Note Brush Structure Cognac - TALI Concept Store","og_description":"Note Brush Structure Cognac  Note on modernne \u00f5lakott, millel on l\u00fchike sang ning pikem eemaldatav ja reguleeritav rihm. Kotil on \u00fcks avar p\u00f5hisahtel ning v\u00e4ike lukuga sisetasku. Sulgemiseks on l\u00fchike klapp kahe magnetkinnitusega, mis hoiab sisu turvaliselt paigas.  \u2022 Br\u00e4nd HVISK \u2022 Valmistatud hoolikalt valitud kvaliteetsetest veganmaterjalidest, millele annab iseloomu vastupidav ja eristuv harjatud viimistlus. \u2022 \u00dcks avar p\u00f5hisahtel igap\u00e4evaste esemete jaoks ning v\u00e4ike lukuga sisetasku, kus saad turvaliselt hoida v\u00e4iksemaid v\u00e4\u00e4rtuslikke asju. \u2022 Kotil on stiilne l\u00fchike k\u00e4epide ning pikem eemaldatav ja reguleeritav rihm, mis v\u00f5imaldab kotti mugavalt kanda erineval viisil. \u2022 Kott sulgub l\u00fchikese klapiga, millel on kaks kindlat magnetkinnitust, hoides sisu turvaliselt paigas. \u2022 Sobib ideaalselt igap\u00e4evaseks linnameluks, t\u00f6\u00f6le liikumiseks, n\u00e4dalavahetuse brunch\u2019ideks ja pingevabaks p\u00f5hjamaise stiili loomiseks. \u2022 K 15 \u00d7 L 25 \u00d7 S 12 cm  Br\u00e4ndist HVISK  Taani moebr\u00e4nd HVISK ammutab inspiratsiooni Kopenhaageni elavatest ja trendikatest t\u00e4navatest.   Nende naiste k\u00e4ekotid, \u00fcle\u00f5lakotid ja rahakotid paistavad silma m\u00e4ngulise disaini, julgete v\u00e4rvide ning l\u00e4bim\u00f5eldud detailidega.   HVISKi aksessuaarid lisavad igale stiilile isikup\u00e4ra ja oman\u00e4olisust.   Br\u00e4ndi eesm\u00e4rk on panustada paremasse tulevikku, olles t\u00e4ielikult vegan ning otsides pidevalt uusi keskkonnas\u00f5bralikke materjale ja tootmisviise, mis ei kahjusta loomi.","og_url":"https:\/\/www.talidesign.eu\/et\/pood\/toode\/hvisk-note-brush-structure-cognac\/","og_site_name":"TALI Concept Store","article_publisher":"https:\/\/www.facebook.com\/TaliDisain\/","article_modified_time":"2026-05-01T09:17:26+00:00","og_image":[{"width":1200,"height":1200,"url":"https:\/\/www.talidesign.eu\/wp\/wp-content\/uploads\/2026\/04\/notebrush-Photoroom.jpg","type":"image\/jpeg"}],"twitter_card":"summary_large_image","twitter_misc":{"Est. reading time":"2 minutes"},"schema":{"@context":"https:\/\/schema.org","@graph":[{"@type":"WebPage","@id":"https:\/\/www.talidesign.eu\/et\/pood\/toode\/hvisk-note-brush-structure-cognac\/","url":"https:\/\/www.talidesign.eu\/et\/pood\/toode\/hvisk-note-brush-structure-cognac\/","name":"HVISK Note Brush Structure Cognac - TALI Concept Store","isPartOf":{"@id":"https:\/\/www.talidesign.eu\/et\/#website"},"primaryImageOfPage":{"@id":"https:\/\/www.talidesign.eu\/et\/pood\/toode\/hvisk-note-brush-structure-cognac\/#primaryimage"},"image":{"@id":"https:\/\/www.talidesign.eu\/et\/pood\/toode\/hvisk-note-brush-structure-cognac\/#primaryimage"},"thumbnailUrl":"https:\/\/www.talidesign.eu\/wp\/wp-content\/uploads\/2026\/04\/notebrush-Photoroom.jpg","datePublished":"2026-04-29T12:12:51+00:00","dateModified":"2026-05-01T09:17:26+00:00","breadcrumb":{"@id":"https:\/\/www.talidesign.eu\/et\/pood\/toode\/hvisk-note-brush-structure-cognac\/#breadcrumb"},"inLanguage":"et","potentialAction":[{"@type":"ReadAction","target":["https:\/\/www.talidesign.eu\/et\/pood\/toode\/hvisk-note-brush-structure-cognac\/"]}]},{"@type":"ImageObject","inLanguage":"et","@id":"https:\/\/www.talidesign.eu\/et\/pood\/toode\/hvisk-note-brush-structure-cognac\/#primaryimage","url":"https:\/\/www.talidesign.eu\/wp\/wp-content\/uploads\/2026\/04\/notebrush-Photoroom.jpg","contentUrl":"https:\/\/www.talidesign.eu\/wp\/wp-content\/uploads\/2026\/04\/notebrush-Photoroom.jpg","width":1200,"height":1200},{"@type":"BreadcrumbList","@id":"https:\/\/www.talidesign.eu\/et\/pood\/toode\/hvisk-note-brush-structure-cognac\/#breadcrumb","itemListElement":[{"@type":"ListItem","position":1,"name":"Avaleht","item":"https:\/\/www.talidesign.eu\/et\/"},{"@type":"ListItem","position":2,"name":"Pood","item":"https:\/\/www.talidesign.eu\/et\/pood\/"},{"@type":"ListItem","position":3,"name":"HVISK Note Brush Structure Cognac"}]},{"@type":"WebSite","@id":"https:\/\/www.talidesign.eu\/et\/#website","url":"https:\/\/www.talidesign.eu\/et\/","name":"TALI Concept Store","description":"Suurim Disainipood Eestis","potentialAction":[{"@type":"SearchAction","target":{"@type":"EntryPoint","urlTemplate":"https:\/\/www.talidesign.eu\/et\/?s={search_term_string}"},"query-input":{"@type":"PropertyValueSpecification","valueRequired":true,"valueName":"search_term_string"}}],"inLanguage":"et"}]}},"_links":{"self":[{"href":"https:\/\/www.talidesign.eu\/et\/wp-json\/wp\/v2\/product\/116509","targetHints":{"allow":["GET"]}}],"collection":[{"href":"https:\/\/www.talidesign.eu\/et\/wp-json\/wp\/v2\/product"}],"about":[{"href":"https:\/\/www.talidesign.eu\/et\/wp-json\/wp\/v2\/types\/product"}],"wp:featuredmedia":[{"embeddable":true,"href":"https:\/\/www.talidesign.eu\/et\/wp-json\/wp\/v2\/media\/116515"}],"wp:attachment":[{"href":"https:\/\/www.talidesign.eu\/et\/wp-json\/wp\/v2\/media?parent=116509"}],"wp:term":[{"taxonomy":"product_brand","embeddable":true,"href":"https:\/\/www.talidesign.eu\/et\/wp-json\/wp\/v2\/product_brand?post=116509"},{"taxonomy":"product_cat","embeddable":true,"href":"https:\/\/www.talidesign.eu\/et\/wp-json\/wp\/v2\/product_cat?post=116509"},{"taxonomy":"product_tag","embeddable":true,"href":"https:\/\/www.talidesign.eu\/et\/wp-json\/wp\/v2\/product_tag?post=116509"}],"curies":[{"name":"wp","href":"https:\/\/api.w.org\/{rel}","templated":true}]}}