{"id":116523,"date":"2026-04-29T15:23:37","date_gmt":"2026-04-29T12:23:37","guid":{"rendered":"https:\/\/www.talidesign.eu\/?post_type=product&#038;p=116523"},"modified":"2026-05-01T12:17:26","modified_gmt":"2026-05-01T09:17:26","slug":"hvisk-molly-glossy-structure-mocha","status":"publish","type":"product","link":"https:\/\/www.talidesign.eu\/et\/pood\/toode\/hvisk-molly-glossy-structure-mocha\/","title":{"rendered":"HVISK Molly Glossy Structure Mocha"},"content":{"rendered":"<p><strong>Molly Glossy Structure Mocha<\/strong><\/p>\n<p>Bucket-t\u00fc\u00fcpi kott, millel on \u00fcks p\u00f5hisahtel ning keskel eraldajana paiknev lukuga sisetasku. Kotiga on kaasas reguleeritav crossbody-rihm.<\/p>\n<p>\u2022 <a href=\"https:\/\/www.talidesign.eu\/et\/tootekategooria\/brandid\/hvisk-et\/\">Br\u00e4nd HVISK<\/a><br \/>\n\u2022 Materjal: 40% pol\u00fcuretaan vaik, 35% kib, 10% puit fiber puuder, 8% calcium carbonate light grade, 6% pigment, other 1%<br \/>\n\u2022 Sisemine vooder: 100% \u00fcmbert\u00f6\u00f6deldud pol\u00fcester<br \/>\n\u2022 Pealiskangas: 40% pol\u00fcuretaan vaik, 35% kib, 10% puit fiber puuder, 8% calcium carbonate light grade, 6% pigment, other 1%<br \/>\n\u2022 Reguleeritav crossbody-rihm pakub mitmeid kandmisv\u00f5imalusi<br \/>\n\u2022 Sisemine lukuga sahtel tagab turvalise hoiustamise<br \/>\n\u2022 M\u00f5\u00f5tmed: 20 x 18 x 12 cm<\/p>\n<p><strong>Br\u00e4ndist HVISK<\/strong><\/p>\n<p>Taani moebr\u00e4nd HVISK ammutab inspiratsiooni Kopenhaageni elavatest ja trendikatest t\u00e4navatest. <\/p>\n<p>Nende naiste k\u00e4ekotid, \u00fcle\u00f5lakotid ja rahakotid paistavad silma m\u00e4ngulise disaini, julgete v\u00e4rvide ning l\u00e4bim\u00f5eldud detailidega. <\/p>\n<p>HVISKi aksessuaarid lisavad igale stiilile isikup\u00e4ra ja oman\u00e4olisust. <\/p>\n<p>Br\u00e4ndi eesm\u00e4rk on panustada paremasse tulevikku, olles t\u00e4ielikult vegan ning otsides pidevalt uusi keskkonnas\u00f5bralikke materjale ja tootmisviise, mis ei kahjusta loomi.<\/p>\n<p><a href=\"https:\/\/www.talidesign.eu\/et\/tootekategooria\/brandid\/hvisk-et\/\"><img loading=\"lazy\" decoding=\"async\" src=\"https:\/\/www.talidesign.eu\/wp\/wp-content\/uploads\/2026\/04\/hvisklogo.jpg\" alt=\"\" width=\"500\" height=\"100\" class=\"alignnone size-full wp-image-98951\" \/><\/a><\/p>\n","protected":false},"excerpt":{"rendered":"<p><strong>Molly Glossy Structure Mocha<\/strong><\/p>\n<p>Bucket-t\u00fc\u00fcpi kott, millel on \u00fcks p\u00f5hisahtel ning keskel eraldajana paiknev lukuga sisetasku. Kotiga on kaasas reguleeritav crossbody-rihm.<\/p>\n<p>\u2022 <a href=\"https:\/\/www.talidesign.eu\/et\/tootekategooria\/brandid\/hvisk-et\/\">Br\u00e4nd HVISK<\/a><br \/>\n\u2022 Materjal: 40% pol\u00fcuretaan vaik, 35% kib, 10% puit fiber puuder, 8% calcium carbonate light grade, 6% pigment, other 1%<br \/>\n\u2022 Sisemine vooder: 100% \u00fcmbert\u00f6\u00f6deldud pol\u00fcester<br \/>\n\u2022 Pealiskangas: 40% pol\u00fcuretaan vaik, 35% kib, 10% puit fiber puuder, 8% calcium carbonate light grade, 6% pigment, other 1%<br \/>\n\u2022 Reguleeritav crossbody-rihm pakub mitmeid kandmisv\u00f5imalusi<br \/>\n\u2022 Sisemine lukuga sahtel tagab turvalise hoiustamise<br \/>\n\u2022 M\u00f5\u00f5tmed: 20 x 18 x 12 cm<\/p>\n<p><strong>Br\u00e4ndist HVISK<\/strong><\/p>\n<p>Taani moebr\u00e4nd HVISK ammutab inspiratsiooni Kopenhaageni elavatest ja trendikatest t\u00e4navatest. <\/p>\n<p>Nende naiste k\u00e4ekotid, \u00fcle\u00f5lakotid ja rahakotid paistavad silma m\u00e4ngulise disaini, julgete v\u00e4rvide ning l\u00e4bim\u00f5eldud detailidega. <\/p>\n<p>HVISKi aksessuaarid lisavad igale stiilile isikup\u00e4ra ja oman\u00e4olisust. <\/p>\n<p>Br\u00e4ndi eesm\u00e4rk on panustada paremasse tulevikku, olles t\u00e4ielikult vegan ning otsides pidevalt uusi keskkonnas\u00f5bralikke materjale ja tootmisviise, mis ei kahjusta loomi.<\/p>\n<p><a href=\"https:\/\/www.talidesign.eu\/et\/tootekategooria\/brandid\/hvisk-et\/\"><img loading=\"lazy\" decoding=\"async\" src=\"https:\/\/www.talidesign.eu\/wp\/wp-content\/uploads\/2026\/04\/hvisklogo.jpg\" alt=\"\" width=\"500\" height=\"100\" class=\"alignnone size-full wp-image-98951\" \/><\/a><\/p>\n","protected":false},"featured_media":116530,"template":"","meta":[],"product_brand":[],"product_cat":[1026,3687,1131],"product_tag":[3688],"class_list":{"0":"post-116523","1":"product","2":"type-product","3":"status-publish","4":"has-post-thumbnail","6":"product_cat-brandid","7":"product_cat-hvisk-et","8":"product_cat-naiste-kotid","9":"product_tag-hvisk","11":"first","12":"instock","13":"sale","14":"taxable","15":"shipping-taxable","16":"purchasable","17":"product-type-simple"},"yoast_head":"<!-- This site is optimized with the Yoast SEO plugin v27.5 - https:\/\/yoast.com\/product\/yoast-seo-wordpress\/ -->\n<title>HVISK Molly Glossy Structure Mocha - TALI Concept Store<\/title>\n<meta name=\"robots\" content=\"index, follow, max-snippet:-1, max-image-preview:large, max-video-preview:-1\" \/>\n<link rel=\"canonical\" href=\"https:\/\/www.talidesign.eu\/et\/pood\/toode\/hvisk-molly-glossy-structure-mocha\/\" \/>\n<meta property=\"og:locale\" content=\"et_EE\" \/>\n<meta property=\"og:type\" content=\"article\" \/>\n<meta property=\"og:title\" content=\"HVISK Molly Glossy Structure Mocha - TALI Concept Store\" \/>\n<meta property=\"og:description\" content=\"Molly Glossy Structure Mocha  Bucket-t\u00fc\u00fcpi kott, millel on \u00fcks p\u00f5hisahtel ning keskel eraldajana paiknev lukuga sisetasku. Kotiga on kaasas reguleeritav crossbody-rihm.  \u2022 Br\u00e4nd HVISK \u2022 Materjal: 40% pol\u00fcuretaan vaik, 35% kib, 10% puit fiber puuder, 8% calcium carbonate light grade, 6% pigment, other 1% \u2022 Sisemine vooder: 100% \u00fcmbert\u00f6\u00f6deldud pol\u00fcester \u2022 Pealiskangas: 40% pol\u00fcuretaan vaik, 35% kib, 10% puit fiber puuder, 8% calcium carbonate light grade, 6% pigment, other 1% \u2022 Reguleeritav crossbody-rihm pakub mitmeid kandmisv\u00f5imalusi \u2022 Sisemine lukuga sahtel tagab turvalise hoiustamise \u2022 M\u00f5\u00f5tmed: 20 x 18 x 12 cm  Br\u00e4ndist HVISK  Taani moebr\u00e4nd HVISK ammutab inspiratsiooni Kopenhaageni elavatest ja trendikatest t\u00e4navatest.   Nende naiste k\u00e4ekotid, \u00fcle\u00f5lakotid ja rahakotid paistavad silma m\u00e4ngulise disaini, julgete v\u00e4rvide ning l\u00e4bim\u00f5eldud detailidega.   HVISKi aksessuaarid lisavad igale stiilile isikup\u00e4ra ja oman\u00e4olisust.   Br\u00e4ndi eesm\u00e4rk on panustada paremasse tulevikku, olles t\u00e4ielikult vegan ning otsides pidevalt uusi keskkonnas\u00f5bralikke materjale ja tootmisviise, mis ei kahjusta loomi.\" \/>\n<meta property=\"og:url\" content=\"https:\/\/www.talidesign.eu\/et\/pood\/toode\/hvisk-molly-glossy-structure-mocha\/\" \/>\n<meta property=\"og:site_name\" content=\"TALI Concept Store\" \/>\n<meta property=\"article:publisher\" content=\"https:\/\/www.facebook.com\/TaliDisain\/\" \/>\n<meta property=\"article:modified_time\" content=\"2026-05-01T09:17:26+00:00\" \/>\n<meta property=\"og:image\" content=\"https:\/\/www.talidesign.eu\/wp\/wp-content\/uploads\/2026\/04\/molly-Photoroom.jpg\" \/>\n\t<meta property=\"og:image:width\" content=\"1200\" \/>\n\t<meta property=\"og:image:height\" content=\"1200\" \/>\n\t<meta property=\"og:image:type\" content=\"image\/jpeg\" \/>\n<meta name=\"twitter:card\" content=\"summary_large_image\" \/>\n<meta name=\"twitter:label1\" content=\"Est. reading time\" \/>\n\t<meta name=\"twitter:data1\" content=\"2 minutes\" \/>\n<script type=\"application\/ld+json\" class=\"yoast-schema-graph\">{\"@context\":\"https:\\\/\\\/schema.org\",\"@graph\":[{\"@type\":\"WebPage\",\"@id\":\"https:\\\/\\\/www.talidesign.eu\\\/et\\\/pood\\\/toode\\\/hvisk-molly-glossy-structure-mocha\\\/\",\"url\":\"https:\\\/\\\/www.talidesign.eu\\\/et\\\/pood\\\/toode\\\/hvisk-molly-glossy-structure-mocha\\\/\",\"name\":\"HVISK Molly Glossy Structure Mocha - TALI Concept Store\",\"isPartOf\":{\"@id\":\"https:\\\/\\\/www.talidesign.eu\\\/et\\\/#website\"},\"primaryImageOfPage\":{\"@id\":\"https:\\\/\\\/www.talidesign.eu\\\/et\\\/pood\\\/toode\\\/hvisk-molly-glossy-structure-mocha\\\/#primaryimage\"},\"image\":{\"@id\":\"https:\\\/\\\/www.talidesign.eu\\\/et\\\/pood\\\/toode\\\/hvisk-molly-glossy-structure-mocha\\\/#primaryimage\"},\"thumbnailUrl\":\"https:\\\/\\\/www.talidesign.eu\\\/wp\\\/wp-content\\\/uploads\\\/2026\\\/04\\\/molly-Photoroom.jpg\",\"datePublished\":\"2026-04-29T12:23:37+00:00\",\"dateModified\":\"2026-05-01T09:17:26+00:00\",\"breadcrumb\":{\"@id\":\"https:\\\/\\\/www.talidesign.eu\\\/et\\\/pood\\\/toode\\\/hvisk-molly-glossy-structure-mocha\\\/#breadcrumb\"},\"inLanguage\":\"et\",\"potentialAction\":[{\"@type\":\"ReadAction\",\"target\":[\"https:\\\/\\\/www.talidesign.eu\\\/et\\\/pood\\\/toode\\\/hvisk-molly-glossy-structure-mocha\\\/\"]}]},{\"@type\":\"ImageObject\",\"inLanguage\":\"et\",\"@id\":\"https:\\\/\\\/www.talidesign.eu\\\/et\\\/pood\\\/toode\\\/hvisk-molly-glossy-structure-mocha\\\/#primaryimage\",\"url\":\"https:\\\/\\\/www.talidesign.eu\\\/wp\\\/wp-content\\\/uploads\\\/2026\\\/04\\\/molly-Photoroom.jpg\",\"contentUrl\":\"https:\\\/\\\/www.talidesign.eu\\\/wp\\\/wp-content\\\/uploads\\\/2026\\\/04\\\/molly-Photoroom.jpg\",\"width\":1200,\"height\":1200},{\"@type\":\"BreadcrumbList\",\"@id\":\"https:\\\/\\\/www.talidesign.eu\\\/et\\\/pood\\\/toode\\\/hvisk-molly-glossy-structure-mocha\\\/#breadcrumb\",\"itemListElement\":[{\"@type\":\"ListItem\",\"position\":1,\"name\":\"Avaleht\",\"item\":\"https:\\\/\\\/www.talidesign.eu\\\/et\\\/\"},{\"@type\":\"ListItem\",\"position\":2,\"name\":\"Pood\",\"item\":\"https:\\\/\\\/www.talidesign.eu\\\/et\\\/pood\\\/\"},{\"@type\":\"ListItem\",\"position\":3,\"name\":\"HVISK Molly Glossy Structure Mocha\"}]},{\"@type\":\"WebSite\",\"@id\":\"https:\\\/\\\/www.talidesign.eu\\\/et\\\/#website\",\"url\":\"https:\\\/\\\/www.talidesign.eu\\\/et\\\/\",\"name\":\"TALI Concept Store\",\"description\":\"Suurim Disainipood Eestis\",\"potentialAction\":[{\"@type\":\"SearchAction\",\"target\":{\"@type\":\"EntryPoint\",\"urlTemplate\":\"https:\\\/\\\/www.talidesign.eu\\\/et\\\/?s={search_term_string}\"},\"query-input\":{\"@type\":\"PropertyValueSpecification\",\"valueRequired\":true,\"valueName\":\"search_term_string\"}}],\"inLanguage\":\"et\"}]}<\/script>\n<!-- \/ Yoast SEO plugin. -->","yoast_head_json":{"title":"HVISK Molly Glossy Structure Mocha - TALI Concept Store","robots":{"index":"index","follow":"follow","max-snippet":"max-snippet:-1","max-image-preview":"max-image-preview:large","max-video-preview":"max-video-preview:-1"},"canonical":"https:\/\/www.talidesign.eu\/et\/pood\/toode\/hvisk-molly-glossy-structure-mocha\/","og_locale":"et_EE","og_type":"article","og_title":"HVISK Molly Glossy Structure Mocha - TALI Concept Store","og_description":"Molly Glossy Structure Mocha  Bucket-t\u00fc\u00fcpi kott, millel on \u00fcks p\u00f5hisahtel ning keskel eraldajana paiknev lukuga sisetasku. Kotiga on kaasas reguleeritav crossbody-rihm.  \u2022 Br\u00e4nd HVISK \u2022 Materjal: 40% pol\u00fcuretaan vaik, 35% kib, 10% puit fiber puuder, 8% calcium carbonate light grade, 6% pigment, other 1% \u2022 Sisemine vooder: 100% \u00fcmbert\u00f6\u00f6deldud pol\u00fcester \u2022 Pealiskangas: 40% pol\u00fcuretaan vaik, 35% kib, 10% puit fiber puuder, 8% calcium carbonate light grade, 6% pigment, other 1% \u2022 Reguleeritav crossbody-rihm pakub mitmeid kandmisv\u00f5imalusi \u2022 Sisemine lukuga sahtel tagab turvalise hoiustamise \u2022 M\u00f5\u00f5tmed: 20 x 18 x 12 cm  Br\u00e4ndist HVISK  Taani moebr\u00e4nd HVISK ammutab inspiratsiooni Kopenhaageni elavatest ja trendikatest t\u00e4navatest.   Nende naiste k\u00e4ekotid, \u00fcle\u00f5lakotid ja rahakotid paistavad silma m\u00e4ngulise disaini, julgete v\u00e4rvide ning l\u00e4bim\u00f5eldud detailidega.   HVISKi aksessuaarid lisavad igale stiilile isikup\u00e4ra ja oman\u00e4olisust.   Br\u00e4ndi eesm\u00e4rk on panustada paremasse tulevikku, olles t\u00e4ielikult vegan ning otsides pidevalt uusi keskkonnas\u00f5bralikke materjale ja tootmisviise, mis ei kahjusta loomi.","og_url":"https:\/\/www.talidesign.eu\/et\/pood\/toode\/hvisk-molly-glossy-structure-mocha\/","og_site_name":"TALI Concept Store","article_publisher":"https:\/\/www.facebook.com\/TaliDisain\/","article_modified_time":"2026-05-01T09:17:26+00:00","og_image":[{"width":1200,"height":1200,"url":"https:\/\/www.talidesign.eu\/wp\/wp-content\/uploads\/2026\/04\/molly-Photoroom.jpg","type":"image\/jpeg"}],"twitter_card":"summary_large_image","twitter_misc":{"Est. reading time":"2 minutes"},"schema":{"@context":"https:\/\/schema.org","@graph":[{"@type":"WebPage","@id":"https:\/\/www.talidesign.eu\/et\/pood\/toode\/hvisk-molly-glossy-structure-mocha\/","url":"https:\/\/www.talidesign.eu\/et\/pood\/toode\/hvisk-molly-glossy-structure-mocha\/","name":"HVISK Molly Glossy Structure Mocha - TALI Concept Store","isPartOf":{"@id":"https:\/\/www.talidesign.eu\/et\/#website"},"primaryImageOfPage":{"@id":"https:\/\/www.talidesign.eu\/et\/pood\/toode\/hvisk-molly-glossy-structure-mocha\/#primaryimage"},"image":{"@id":"https:\/\/www.talidesign.eu\/et\/pood\/toode\/hvisk-molly-glossy-structure-mocha\/#primaryimage"},"thumbnailUrl":"https:\/\/www.talidesign.eu\/wp\/wp-content\/uploads\/2026\/04\/molly-Photoroom.jpg","datePublished":"2026-04-29T12:23:37+00:00","dateModified":"2026-05-01T09:17:26+00:00","breadcrumb":{"@id":"https:\/\/www.talidesign.eu\/et\/pood\/toode\/hvisk-molly-glossy-structure-mocha\/#breadcrumb"},"inLanguage":"et","potentialAction":[{"@type":"ReadAction","target":["https:\/\/www.talidesign.eu\/et\/pood\/toode\/hvisk-molly-glossy-structure-mocha\/"]}]},{"@type":"ImageObject","inLanguage":"et","@id":"https:\/\/www.talidesign.eu\/et\/pood\/toode\/hvisk-molly-glossy-structure-mocha\/#primaryimage","url":"https:\/\/www.talidesign.eu\/wp\/wp-content\/uploads\/2026\/04\/molly-Photoroom.jpg","contentUrl":"https:\/\/www.talidesign.eu\/wp\/wp-content\/uploads\/2026\/04\/molly-Photoroom.jpg","width":1200,"height":1200},{"@type":"BreadcrumbList","@id":"https:\/\/www.talidesign.eu\/et\/pood\/toode\/hvisk-molly-glossy-structure-mocha\/#breadcrumb","itemListElement":[{"@type":"ListItem","position":1,"name":"Avaleht","item":"https:\/\/www.talidesign.eu\/et\/"},{"@type":"ListItem","position":2,"name":"Pood","item":"https:\/\/www.talidesign.eu\/et\/pood\/"},{"@type":"ListItem","position":3,"name":"HVISK Molly Glossy Structure Mocha"}]},{"@type":"WebSite","@id":"https:\/\/www.talidesign.eu\/et\/#website","url":"https:\/\/www.talidesign.eu\/et\/","name":"TALI Concept Store","description":"Suurim Disainipood Eestis","potentialAction":[{"@type":"SearchAction","target":{"@type":"EntryPoint","urlTemplate":"https:\/\/www.talidesign.eu\/et\/?s={search_term_string}"},"query-input":{"@type":"PropertyValueSpecification","valueRequired":true,"valueName":"search_term_string"}}],"inLanguage":"et"}]}},"_links":{"self":[{"href":"https:\/\/www.talidesign.eu\/et\/wp-json\/wp\/v2\/product\/116523","targetHints":{"allow":["GET"]}}],"collection":[{"href":"https:\/\/www.talidesign.eu\/et\/wp-json\/wp\/v2\/product"}],"about":[{"href":"https:\/\/www.talidesign.eu\/et\/wp-json\/wp\/v2\/types\/product"}],"wp:featuredmedia":[{"embeddable":true,"href":"https:\/\/www.talidesign.eu\/et\/wp-json\/wp\/v2\/media\/116530"}],"wp:attachment":[{"href":"https:\/\/www.talidesign.eu\/et\/wp-json\/wp\/v2\/media?parent=116523"}],"wp:term":[{"taxonomy":"product_brand","embeddable":true,"href":"https:\/\/www.talidesign.eu\/et\/wp-json\/wp\/v2\/product_brand?post=116523"},{"taxonomy":"product_cat","embeddable":true,"href":"https:\/\/www.talidesign.eu\/et\/wp-json\/wp\/v2\/product_cat?post=116523"},{"taxonomy":"product_tag","embeddable":true,"href":"https:\/\/www.talidesign.eu\/et\/wp-json\/wp\/v2\/product_tag?post=116523"}],"curies":[{"name":"wp","href":"https:\/\/api.w.org\/{rel}","templated":true}]}}