{"id":116804,"date":"2026-04-30T12:29:37","date_gmt":"2026-04-30T09:29:37","guid":{"rendered":"https:\/\/www.talidesign.eu\/?post_type=product&#038;p=116804"},"modified":"2026-05-01T12:17:31","modified_gmt":"2026-05-01T09:17:31","slug":"hvisk-crane-trace-black","status":"publish","type":"product","link":"https:\/\/www.talidesign.eu\/et\/pood\/toode\/hvisk-crane-trace-black\/","title":{"rendered":"HVISK Crane Trace Black"},"content":{"rendered":"<p><strong>Crane Trace Black<\/strong><\/p>\n<p>Tutvustame HVISK Crane kotti \u2013 mini crossbody-kott, millele annavad iseloomu lainelised disainidetailid ja praktiline magnetkinnitus. Stiilsel kotil on \u00fcks p\u00f5hisahtel ning lukuga sisetasku, kuhu mahuvad k\u00f5ik vajalikud esemed.<\/p>\n<p>Crane kotil on elegantne sang ning lisaks reguleeritav pikem rihm, mis pakub mitmeid kandmisv\u00f5imalusi. Valmistatud keskkonnas\u00f5bralikest materjalidest, omab see nii GRS-sertifikaati kui ka PETA veganim\u00e4rgist. T\u00e4ienda oma stiili selle \u0161iki ja j\u00e4tkusuutliku crossbody-kotiga, mis sobib suurep\u00e4raselt iga outfit\u2019iga!<\/p>\n<p>\u2022 <a href=\"https:\/\/www.talidesign.eu\/et\/tootekategooria\/brandid\/hvisk-et\/\">Br\u00e4nd HVISK<\/a><br \/>\n\u2022 Pealismaterjal: 40% taaskasutatud tarbijaj\u00e4rgne pol\u00fcester, 18% taaskasutatud tootmisj\u00e4\u00e4kidest pol\u00fcuretaan, 18% pol\u00fcuretaan, 14% kaltsiumkarbonaat, 10% proteiin<br \/>\n\u2022 Vooder: 100% taaskasutatud pol\u00fcester<br \/>\n\u2022 Omab turvalist magnetkinnitust<br \/>\n\u2022 Kaasas on reguleeritav crossbody-rihm mitmek\u00fclgsete kandmisv\u00f5imaluste jaoks<br \/>\n\u2022 Pakub sisemist lukuga taskut turvaliseks hoiustamiseks<br \/>\n\u2022 M\u00f5\u00f5dud: K 13,5 cm \u00d7 L 19,5 cm \u00d7 S 9 cm<\/p>\n<p><strong>Br\u00e4ndist HVISK<\/strong><\/p>\n<p>Taani moebr\u00e4nd HVISK ammutab inspiratsiooni Kopenhaageni elavatest ja trendikatest t\u00e4navatest. <\/p>\n<p>Nende naiste k\u00e4ekotid, \u00fcle\u00f5lakotid ja rahakotid paistavad silma m\u00e4ngulise disaini, julgete v\u00e4rvide ning l\u00e4bim\u00f5eldud detailidega. <\/p>\n<p>HVISKi aksessuaarid lisavad igale stiilile isikup\u00e4ra ja oman\u00e4olisust. <\/p>\n<p>Br\u00e4ndi eesm\u00e4rk on panustada paremasse tulevikku, olles t\u00e4ielikult vegan ning otsides pidevalt uusi keskkonnas\u00f5bralikke materjale ja tootmisviise, mis ei kahjusta loomi.<\/p>\n<p><a href=\"https:\/\/www.talidesign.eu\/et\/tootekategooria\/brandid\/hvisk-et\/\"><img loading=\"lazy\" decoding=\"async\" src=\"https:\/\/www.talidesign.eu\/wp\/wp-content\/uploads\/2026\/04\/hvisklogo.jpg\" alt=\"\" width=\"500\" height=\"100\" class=\"alignnone size-full wp-image-98951\" \/><\/a><\/p>\n","protected":false},"excerpt":{"rendered":"<p><strong>Crane Trace Black<\/strong><\/p>\n<p>Tutvustame HVISK Crane kotti \u2013 mini crossbody-kott, millele annavad iseloomu lainelised disainidetailid ja praktiline magnetkinnitus. Stiilsel kotil on \u00fcks p\u00f5hisahtel ning lukuga sisetasku, kuhu mahuvad k\u00f5ik vajalikud esemed.<\/p>\n<p>Crane kotil on elegantne sang ning lisaks reguleeritav pikem rihm, mis pakub mitmeid kandmisv\u00f5imalusi. Valmistatud keskkonnas\u00f5bralikest materjalidest, omab see nii GRS-sertifikaati kui ka PETA veganim\u00e4rgist. T\u00e4ienda oma stiili selle \u0161iki ja j\u00e4tkusuutliku crossbody-kotiga, mis sobib suurep\u00e4raselt iga outfit\u2019iga!<\/p>\n<p>\u2022 <a href=\"https:\/\/www.talidesign.eu\/et\/tootekategooria\/brandid\/hvisk-et\/\">Br\u00e4nd HVISK<\/a><br \/>\n\u2022 Pealismaterjal: 40% taaskasutatud tarbijaj\u00e4rgne pol\u00fcester, 18% taaskasutatud tootmisj\u00e4\u00e4kidest pol\u00fcuretaan, 18% pol\u00fcuretaan, 14% kaltsiumkarbonaat, 10% proteiin<br \/>\n\u2022 Vooder: 100% taaskasutatud pol\u00fcester<br \/>\n\u2022 Omab turvalist magnetkinnitust<br \/>\n\u2022 Kaasas on reguleeritav crossbody-rihm mitmek\u00fclgsete kandmisv\u00f5imaluste jaoks<br \/>\n\u2022 Pakub sisemist lukuga taskut turvaliseks hoiustamiseks<br \/>\n\u2022 M\u00f5\u00f5dud: K 13,5 cm \u00d7 L 19,5 cm \u00d7 S 9 cm<\/p>\n<p><strong>Br\u00e4ndist HVISK<\/strong><\/p>\n<p>Taani moebr\u00e4nd HVISK ammutab inspiratsiooni Kopenhaageni elavatest ja trendikatest t\u00e4navatest. <\/p>\n<p>Nende naiste k\u00e4ekotid, \u00fcle\u00f5lakotid ja rahakotid paistavad silma m\u00e4ngulise disaini, julgete v\u00e4rvide ning l\u00e4bim\u00f5eldud detailidega. <\/p>\n<p>HVISKi aksessuaarid lisavad igale stiilile isikup\u00e4ra ja oman\u00e4olisust. <\/p>\n<p>Br\u00e4ndi eesm\u00e4rk on panustada paremasse tulevikku, olles t\u00e4ielikult vegan ning otsides pidevalt uusi keskkonnas\u00f5bralikke materjale ja tootmisviise, mis ei kahjusta loomi.<\/p>\n<p><a href=\"https:\/\/www.talidesign.eu\/et\/tootekategooria\/brandid\/hvisk-et\/\"><img loading=\"lazy\" decoding=\"async\" src=\"https:\/\/www.talidesign.eu\/wp\/wp-content\/uploads\/2026\/04\/hvisklogo.jpg\" alt=\"\" width=\"500\" height=\"100\" class=\"alignnone size-full wp-image-98951\" \/><\/a><\/p>\n","protected":false},"featured_media":116811,"template":"","meta":[],"product_brand":[],"product_cat":[1026,3687,1131],"product_tag":[3688],"class_list":{"0":"post-116804","1":"product","2":"type-product","3":"status-publish","4":"has-post-thumbnail","6":"product_cat-brandid","7":"product_cat-hvisk-et","8":"product_cat-naiste-kotid","9":"product_tag-hvisk","11":"first","12":"instock","13":"sale","14":"taxable","15":"shipping-taxable","16":"purchasable","17":"product-type-simple"},"yoast_head":"<!-- This site is optimized with the Yoast SEO plugin v27.5 - https:\/\/yoast.com\/product\/yoast-seo-wordpress\/ -->\n<title>HVISK Crane Trace Black - TALI Concept Store<\/title>\n<meta name=\"robots\" content=\"index, follow, max-snippet:-1, max-image-preview:large, max-video-preview:-1\" \/>\n<link rel=\"canonical\" href=\"https:\/\/www.talidesign.eu\/et\/pood\/toode\/hvisk-crane-trace-black\/\" \/>\n<meta property=\"og:locale\" content=\"et_EE\" \/>\n<meta property=\"og:type\" content=\"article\" \/>\n<meta property=\"og:title\" content=\"HVISK Crane Trace Black - TALI Concept Store\" \/>\n<meta property=\"og:description\" content=\"Crane Trace Black  Tutvustame HVISK Crane kotti \u2013 mini crossbody-kott, millele annavad iseloomu lainelised disainidetailid ja praktiline magnetkinnitus. Stiilsel kotil on \u00fcks p\u00f5hisahtel ning lukuga sisetasku, kuhu mahuvad k\u00f5ik vajalikud esemed.  Crane kotil on elegantne sang ning lisaks reguleeritav pikem rihm, mis pakub mitmeid kandmisv\u00f5imalusi. Valmistatud keskkonnas\u00f5bralikest materjalidest, omab see nii GRS-sertifikaati kui ka PETA veganim\u00e4rgist. T\u00e4ienda oma stiili selle \u0161iki ja j\u00e4tkusuutliku crossbody-kotiga, mis sobib suurep\u00e4raselt iga outfit\u2019iga!  \u2022 Br\u00e4nd HVISK \u2022 Pealismaterjal: 40% taaskasutatud tarbijaj\u00e4rgne pol\u00fcester, 18% taaskasutatud tootmisj\u00e4\u00e4kidest pol\u00fcuretaan, 18% pol\u00fcuretaan, 14% kaltsiumkarbonaat, 10% proteiin \u2022 Vooder: 100% taaskasutatud pol\u00fcester \u2022 Omab turvalist magnetkinnitust \u2022 Kaasas on reguleeritav crossbody-rihm mitmek\u00fclgsete kandmisv\u00f5imaluste jaoks \u2022 Pakub sisemist lukuga taskut turvaliseks hoiustamiseks \u2022 M\u00f5\u00f5dud: K 13,5 cm \u00d7 L 19,5 cm \u00d7 S 9 cm  Br\u00e4ndist HVISK  Taani moebr\u00e4nd HVISK ammutab inspiratsiooni Kopenhaageni elavatest ja trendikatest t\u00e4navatest.   Nende naiste k\u00e4ekotid, \u00fcle\u00f5lakotid ja rahakotid paistavad silma m\u00e4ngulise disaini, julgete v\u00e4rvide ning l\u00e4bim\u00f5eldud detailidega.   HVISKi aksessuaarid lisavad igale stiilile isikup\u00e4ra ja oman\u00e4olisust.   Br\u00e4ndi eesm\u00e4rk on panustada paremasse tulevikku, olles t\u00e4ielikult vegan ning otsides pidevalt uusi keskkonnas\u00f5bralikke materjale ja tootmisviise, mis ei kahjusta loomi.\" \/>\n<meta property=\"og:url\" content=\"https:\/\/www.talidesign.eu\/et\/pood\/toode\/hvisk-crane-trace-black\/\" \/>\n<meta property=\"og:site_name\" content=\"TALI Concept Store\" \/>\n<meta property=\"article:publisher\" content=\"https:\/\/www.facebook.com\/TaliDisain\/\" \/>\n<meta property=\"article:modified_time\" content=\"2026-05-01T09:17:31+00:00\" \/>\n<meta property=\"og:image\" content=\"https:\/\/www.talidesign.eu\/wp\/wp-content\/uploads\/2026\/04\/traceblack-Photoroom.jpg\" \/>\n\t<meta property=\"og:image:width\" content=\"1200\" \/>\n\t<meta property=\"og:image:height\" content=\"1200\" \/>\n\t<meta property=\"og:image:type\" content=\"image\/jpeg\" \/>\n<meta name=\"twitter:card\" content=\"summary_large_image\" \/>\n<meta name=\"twitter:label1\" content=\"Est. reading time\" \/>\n\t<meta name=\"twitter:data1\" content=\"2 minutes\" \/>\n<script type=\"application\/ld+json\" class=\"yoast-schema-graph\">{\"@context\":\"https:\\\/\\\/schema.org\",\"@graph\":[{\"@type\":\"WebPage\",\"@id\":\"https:\\\/\\\/www.talidesign.eu\\\/et\\\/pood\\\/toode\\\/hvisk-crane-trace-black\\\/\",\"url\":\"https:\\\/\\\/www.talidesign.eu\\\/et\\\/pood\\\/toode\\\/hvisk-crane-trace-black\\\/\",\"name\":\"HVISK Crane Trace Black - TALI Concept Store\",\"isPartOf\":{\"@id\":\"https:\\\/\\\/www.talidesign.eu\\\/et\\\/#website\"},\"primaryImageOfPage\":{\"@id\":\"https:\\\/\\\/www.talidesign.eu\\\/et\\\/pood\\\/toode\\\/hvisk-crane-trace-black\\\/#primaryimage\"},\"image\":{\"@id\":\"https:\\\/\\\/www.talidesign.eu\\\/et\\\/pood\\\/toode\\\/hvisk-crane-trace-black\\\/#primaryimage\"},\"thumbnailUrl\":\"https:\\\/\\\/www.talidesign.eu\\\/wp\\\/wp-content\\\/uploads\\\/2026\\\/04\\\/traceblack-Photoroom.jpg\",\"datePublished\":\"2026-04-30T09:29:37+00:00\",\"dateModified\":\"2026-05-01T09:17:31+00:00\",\"breadcrumb\":{\"@id\":\"https:\\\/\\\/www.talidesign.eu\\\/et\\\/pood\\\/toode\\\/hvisk-crane-trace-black\\\/#breadcrumb\"},\"inLanguage\":\"et\",\"potentialAction\":[{\"@type\":\"ReadAction\",\"target\":[\"https:\\\/\\\/www.talidesign.eu\\\/et\\\/pood\\\/toode\\\/hvisk-crane-trace-black\\\/\"]}]},{\"@type\":\"ImageObject\",\"inLanguage\":\"et\",\"@id\":\"https:\\\/\\\/www.talidesign.eu\\\/et\\\/pood\\\/toode\\\/hvisk-crane-trace-black\\\/#primaryimage\",\"url\":\"https:\\\/\\\/www.talidesign.eu\\\/wp\\\/wp-content\\\/uploads\\\/2026\\\/04\\\/traceblack-Photoroom.jpg\",\"contentUrl\":\"https:\\\/\\\/www.talidesign.eu\\\/wp\\\/wp-content\\\/uploads\\\/2026\\\/04\\\/traceblack-Photoroom.jpg\",\"width\":1200,\"height\":1200},{\"@type\":\"BreadcrumbList\",\"@id\":\"https:\\\/\\\/www.talidesign.eu\\\/et\\\/pood\\\/toode\\\/hvisk-crane-trace-black\\\/#breadcrumb\",\"itemListElement\":[{\"@type\":\"ListItem\",\"position\":1,\"name\":\"Avaleht\",\"item\":\"https:\\\/\\\/www.talidesign.eu\\\/et\\\/\"},{\"@type\":\"ListItem\",\"position\":2,\"name\":\"Pood\",\"item\":\"https:\\\/\\\/www.talidesign.eu\\\/et\\\/pood\\\/\"},{\"@type\":\"ListItem\",\"position\":3,\"name\":\"HVISK Crane Trace Black\"}]},{\"@type\":\"WebSite\",\"@id\":\"https:\\\/\\\/www.talidesign.eu\\\/et\\\/#website\",\"url\":\"https:\\\/\\\/www.talidesign.eu\\\/et\\\/\",\"name\":\"TALI Concept Store\",\"description\":\"Suurim Disainipood Eestis\",\"potentialAction\":[{\"@type\":\"SearchAction\",\"target\":{\"@type\":\"EntryPoint\",\"urlTemplate\":\"https:\\\/\\\/www.talidesign.eu\\\/et\\\/?s={search_term_string}\"},\"query-input\":{\"@type\":\"PropertyValueSpecification\",\"valueRequired\":true,\"valueName\":\"search_term_string\"}}],\"inLanguage\":\"et\"}]}<\/script>\n<!-- \/ Yoast SEO plugin. -->","yoast_head_json":{"title":"HVISK Crane Trace Black - TALI Concept Store","robots":{"index":"index","follow":"follow","max-snippet":"max-snippet:-1","max-image-preview":"max-image-preview:large","max-video-preview":"max-video-preview:-1"},"canonical":"https:\/\/www.talidesign.eu\/et\/pood\/toode\/hvisk-crane-trace-black\/","og_locale":"et_EE","og_type":"article","og_title":"HVISK Crane Trace Black - TALI Concept Store","og_description":"Crane Trace Black  Tutvustame HVISK Crane kotti \u2013 mini crossbody-kott, millele annavad iseloomu lainelised disainidetailid ja praktiline magnetkinnitus. Stiilsel kotil on \u00fcks p\u00f5hisahtel ning lukuga sisetasku, kuhu mahuvad k\u00f5ik vajalikud esemed.  Crane kotil on elegantne sang ning lisaks reguleeritav pikem rihm, mis pakub mitmeid kandmisv\u00f5imalusi. Valmistatud keskkonnas\u00f5bralikest materjalidest, omab see nii GRS-sertifikaati kui ka PETA veganim\u00e4rgist. T\u00e4ienda oma stiili selle \u0161iki ja j\u00e4tkusuutliku crossbody-kotiga, mis sobib suurep\u00e4raselt iga outfit\u2019iga!  \u2022 Br\u00e4nd HVISK \u2022 Pealismaterjal: 40% taaskasutatud tarbijaj\u00e4rgne pol\u00fcester, 18% taaskasutatud tootmisj\u00e4\u00e4kidest pol\u00fcuretaan, 18% pol\u00fcuretaan, 14% kaltsiumkarbonaat, 10% proteiin \u2022 Vooder: 100% taaskasutatud pol\u00fcester \u2022 Omab turvalist magnetkinnitust \u2022 Kaasas on reguleeritav crossbody-rihm mitmek\u00fclgsete kandmisv\u00f5imaluste jaoks \u2022 Pakub sisemist lukuga taskut turvaliseks hoiustamiseks \u2022 M\u00f5\u00f5dud: K 13,5 cm \u00d7 L 19,5 cm \u00d7 S 9 cm  Br\u00e4ndist HVISK  Taani moebr\u00e4nd HVISK ammutab inspiratsiooni Kopenhaageni elavatest ja trendikatest t\u00e4navatest.   Nende naiste k\u00e4ekotid, \u00fcle\u00f5lakotid ja rahakotid paistavad silma m\u00e4ngulise disaini, julgete v\u00e4rvide ning l\u00e4bim\u00f5eldud detailidega.   HVISKi aksessuaarid lisavad igale stiilile isikup\u00e4ra ja oman\u00e4olisust.   Br\u00e4ndi eesm\u00e4rk on panustada paremasse tulevikku, olles t\u00e4ielikult vegan ning otsides pidevalt uusi keskkonnas\u00f5bralikke materjale ja tootmisviise, mis ei kahjusta loomi.","og_url":"https:\/\/www.talidesign.eu\/et\/pood\/toode\/hvisk-crane-trace-black\/","og_site_name":"TALI Concept Store","article_publisher":"https:\/\/www.facebook.com\/TaliDisain\/","article_modified_time":"2026-05-01T09:17:31+00:00","og_image":[{"width":1200,"height":1200,"url":"https:\/\/www.talidesign.eu\/wp\/wp-content\/uploads\/2026\/04\/traceblack-Photoroom.jpg","type":"image\/jpeg"}],"twitter_card":"summary_large_image","twitter_misc":{"Est. reading time":"2 minutes"},"schema":{"@context":"https:\/\/schema.org","@graph":[{"@type":"WebPage","@id":"https:\/\/www.talidesign.eu\/et\/pood\/toode\/hvisk-crane-trace-black\/","url":"https:\/\/www.talidesign.eu\/et\/pood\/toode\/hvisk-crane-trace-black\/","name":"HVISK Crane Trace Black - TALI Concept Store","isPartOf":{"@id":"https:\/\/www.talidesign.eu\/et\/#website"},"primaryImageOfPage":{"@id":"https:\/\/www.talidesign.eu\/et\/pood\/toode\/hvisk-crane-trace-black\/#primaryimage"},"image":{"@id":"https:\/\/www.talidesign.eu\/et\/pood\/toode\/hvisk-crane-trace-black\/#primaryimage"},"thumbnailUrl":"https:\/\/www.talidesign.eu\/wp\/wp-content\/uploads\/2026\/04\/traceblack-Photoroom.jpg","datePublished":"2026-04-30T09:29:37+00:00","dateModified":"2026-05-01T09:17:31+00:00","breadcrumb":{"@id":"https:\/\/www.talidesign.eu\/et\/pood\/toode\/hvisk-crane-trace-black\/#breadcrumb"},"inLanguage":"et","potentialAction":[{"@type":"ReadAction","target":["https:\/\/www.talidesign.eu\/et\/pood\/toode\/hvisk-crane-trace-black\/"]}]},{"@type":"ImageObject","inLanguage":"et","@id":"https:\/\/www.talidesign.eu\/et\/pood\/toode\/hvisk-crane-trace-black\/#primaryimage","url":"https:\/\/www.talidesign.eu\/wp\/wp-content\/uploads\/2026\/04\/traceblack-Photoroom.jpg","contentUrl":"https:\/\/www.talidesign.eu\/wp\/wp-content\/uploads\/2026\/04\/traceblack-Photoroom.jpg","width":1200,"height":1200},{"@type":"BreadcrumbList","@id":"https:\/\/www.talidesign.eu\/et\/pood\/toode\/hvisk-crane-trace-black\/#breadcrumb","itemListElement":[{"@type":"ListItem","position":1,"name":"Avaleht","item":"https:\/\/www.talidesign.eu\/et\/"},{"@type":"ListItem","position":2,"name":"Pood","item":"https:\/\/www.talidesign.eu\/et\/pood\/"},{"@type":"ListItem","position":3,"name":"HVISK Crane Trace Black"}]},{"@type":"WebSite","@id":"https:\/\/www.talidesign.eu\/et\/#website","url":"https:\/\/www.talidesign.eu\/et\/","name":"TALI Concept Store","description":"Suurim Disainipood Eestis","potentialAction":[{"@type":"SearchAction","target":{"@type":"EntryPoint","urlTemplate":"https:\/\/www.talidesign.eu\/et\/?s={search_term_string}"},"query-input":{"@type":"PropertyValueSpecification","valueRequired":true,"valueName":"search_term_string"}}],"inLanguage":"et"}]}},"_links":{"self":[{"href":"https:\/\/www.talidesign.eu\/et\/wp-json\/wp\/v2\/product\/116804","targetHints":{"allow":["GET"]}}],"collection":[{"href":"https:\/\/www.talidesign.eu\/et\/wp-json\/wp\/v2\/product"}],"about":[{"href":"https:\/\/www.talidesign.eu\/et\/wp-json\/wp\/v2\/types\/product"}],"wp:featuredmedia":[{"embeddable":true,"href":"https:\/\/www.talidesign.eu\/et\/wp-json\/wp\/v2\/media\/116811"}],"wp:attachment":[{"href":"https:\/\/www.talidesign.eu\/et\/wp-json\/wp\/v2\/media?parent=116804"}],"wp:term":[{"taxonomy":"product_brand","embeddable":true,"href":"https:\/\/www.talidesign.eu\/et\/wp-json\/wp\/v2\/product_brand?post=116804"},{"taxonomy":"product_cat","embeddable":true,"href":"https:\/\/www.talidesign.eu\/et\/wp-json\/wp\/v2\/product_cat?post=116804"},{"taxonomy":"product_tag","embeddable":true,"href":"https:\/\/www.talidesign.eu\/et\/wp-json\/wp\/v2\/product_tag?post=116804"}],"curies":[{"name":"wp","href":"https:\/\/api.w.org\/{rel}","templated":true}]}}