{"id":116835,"date":"2026-04-30T13:59:47","date_gmt":"2026-04-30T10:59:47","guid":{"rendered":"https:\/\/www.talidesign.eu\/?post_type=product&#038;p=116835"},"modified":"2026-05-01T12:17:32","modified_gmt":"2026-05-01T09:17:32","slug":"hvisk-sage-medium-textured-twill-wax-paper","status":"publish","type":"product","link":"https:\/\/www.talidesign.eu\/et\/pood\/toode\/hvisk-sage-medium-textured-twill-wax-paper\/","title":{"rendered":"HVISK Sage Medium Textured Twill Wax Paper"},"content":{"rendered":"<p><strong>Sage Medium Textured Twill Wax Paper<\/strong><\/p>\n<p>HVISK Sage Medium on mitmek\u00fclgne shopper-kott, mis on loodud mugavaks igap\u00e4evaseks linnakasutuseks. Praktilisel kotil on avar p\u00f5hisahtel, kuhu mahuvad h\u00f5lpsasti k\u00f5ik igap\u00e4evased vajalikud esemed \u2013 ideaalne nii t\u00f6\u00f6le liikumiseks kui ka n\u00e4dalavahetuse tegemisteks.<\/p>\n<p>Lisaks on kotil lukuga sisetasku, mis sobib h\u00e4sti v\u00e4iksemate v\u00e4\u00e4rtuslike esemete, nagu v\u00f5tmete v\u00f5i kaartide turvaliseks hoiustamiseks. Kott on varustatud nii l\u00fchikeste sangade kui ka pikemate \u00f5larihmadega, pakkudes erinevaid mugavaid kandmisv\u00f5imalusi.<\/p>\n<p>Turvaline kahekordne sulgemiss\u00fcsteem \u2013 n\u00f6\u00f6rkinnitus koos magnetkinnitusega \u2013 hoiab sinu asjad kindlalt paigas ka liikvel olles. Valmistatud taaskasutatud materjalidest ning viimistletud \u00f5rna tekstuurse twill-kangaga, \u00fchendab see kott teadliku tootmise ja minimalistliku p\u00f5hjamaise disaini.<\/p>\n<p>\u2022 <a href=\"https:\/\/www.talidesign.eu\/et\/tootekategooria\/brandid\/hvisk-et\/\">Br\u00e4nd HVISK<\/a><br \/>\n\u2022 Materjalid: valmistatud keskkonnateadlikult \u2013 pealismaterjal koosneb 50% taaskasutatud pol\u00fcamiidist ja 50% taaskasutatud pol\u00fcestrist, vooder 100% taaskasutatud pol\u00fcester<br \/>\n\u2022 Sahtlid: \u00fcks suur p\u00f5hisahtel suuremate esemete jaoks ning praktiline lukuga sisetasku v\u00e4iksemate asjade turvaliseks hoidmiseks<br \/>\n\u2022 Sangad: nii l\u00fchikesed k\u00e4epidemed kui ka pikemad \u00f5larihmad mugavaks ja mitmek\u00fclgseks kandmiseks<br \/>\n\u2022 Kinnitus: n\u00f6\u00f6rkinnitus koos magnetkinnitusega lisaturvalisuse tagamiseks<br \/>\n\u2022 Kasutus: ideaalne igap\u00e4evaseks kasutamiseks, t\u00f6\u00f6le liikumiseks, ostlemiseks ja vaba aja veetmiseks<br \/>\n\u2022 M\u00f5\u00f5dud: K 29 \u00d7 L 46 \u00d7 S 15 cm<\/p>\n<p><strong>Br\u00e4ndist HVISK<\/strong><\/p>\n<p>Taani moebr\u00e4nd HVISK ammutab inspiratsiooni Kopenhaageni elavatest ja trendikatest t\u00e4navatest. <\/p>\n<p>Nende naiste k\u00e4ekotid, \u00fcle\u00f5lakotid ja rahakotid paistavad silma m\u00e4ngulise disaini, julgete v\u00e4rvide ning l\u00e4bim\u00f5eldud detailidega. <\/p>\n<p>HVISKi aksessuaarid lisavad igale stiilile isikup\u00e4ra ja oman\u00e4olisust. <\/p>\n<p>Br\u00e4ndi eesm\u00e4rk on panustada paremasse tulevikku, olles t\u00e4ielikult vegan ning otsides pidevalt uusi keskkonnas\u00f5bralikke materjale ja tootmisviise, mis ei kahjusta loomi.<\/p>\n<p><a href=\"https:\/\/www.talidesign.eu\/et\/tootekategooria\/brandid\/hvisk-et\/\"><img loading=\"lazy\" decoding=\"async\" src=\"https:\/\/www.talidesign.eu\/wp\/wp-content\/uploads\/2026\/04\/hvisklogo.jpg\" alt=\"\" width=\"500\" height=\"100\" class=\"alignnone size-full wp-image-98951\" \/><\/a><\/p>\n","protected":false},"excerpt":{"rendered":"<p><strong>Sage Medium Textured Twill Wax Paper<\/strong><\/p>\n<p>HVISK Sage Medium on mitmek\u00fclgne shopper-kott, mis on loodud mugavaks igap\u00e4evaseks linnakasutuseks. Praktilisel kotil on avar p\u00f5hisahtel, kuhu mahuvad h\u00f5lpsasti k\u00f5ik igap\u00e4evased vajalikud esemed \u2013 ideaalne nii t\u00f6\u00f6le liikumiseks kui ka n\u00e4dalavahetuse tegemisteks.<\/p>\n<p>Lisaks on kotil lukuga sisetasku, mis sobib h\u00e4sti v\u00e4iksemate v\u00e4\u00e4rtuslike esemete, nagu v\u00f5tmete v\u00f5i kaartide turvaliseks hoiustamiseks. Kott on varustatud nii l\u00fchikeste sangade kui ka pikemate \u00f5larihmadega, pakkudes erinevaid mugavaid kandmisv\u00f5imalusi.<\/p>\n<p>Turvaline kahekordne sulgemiss\u00fcsteem \u2013 n\u00f6\u00f6rkinnitus koos magnetkinnitusega \u2013 hoiab sinu asjad kindlalt paigas ka liikvel olles. Valmistatud taaskasutatud materjalidest ning viimistletud \u00f5rna tekstuurse twill-kangaga, \u00fchendab see kott teadliku tootmise ja minimalistliku p\u00f5hjamaise disaini.<\/p>\n<p>\u2022 <a href=\"https:\/\/www.talidesign.eu\/et\/tootekategooria\/brandid\/hvisk-et\/\">Br\u00e4nd HVISK<\/a><br \/>\n\u2022 Materjalid: valmistatud keskkonnateadlikult \u2013 pealismaterjal koosneb 50% taaskasutatud pol\u00fcamiidist ja 50% taaskasutatud pol\u00fcestrist, vooder 100% taaskasutatud pol\u00fcester<br \/>\n\u2022 Sahtlid: \u00fcks suur p\u00f5hisahtel suuremate esemete jaoks ning praktiline lukuga sisetasku v\u00e4iksemate asjade turvaliseks hoidmiseks<br \/>\n\u2022 Sangad: nii l\u00fchikesed k\u00e4epidemed kui ka pikemad \u00f5larihmad mugavaks ja mitmek\u00fclgseks kandmiseks<br \/>\n\u2022 Kinnitus: n\u00f6\u00f6rkinnitus koos magnetkinnitusega lisaturvalisuse tagamiseks<br \/>\n\u2022 Kasutus: ideaalne igap\u00e4evaseks kasutamiseks, t\u00f6\u00f6le liikumiseks, ostlemiseks ja vaba aja veetmiseks<br \/>\n\u2022 M\u00f5\u00f5dud: K 29 \u00d7 L 46 \u00d7 S 15 cm<\/p>\n<p><strong>Br\u00e4ndist HVISK<\/strong><\/p>\n<p>Taani moebr\u00e4nd HVISK ammutab inspiratsiooni Kopenhaageni elavatest ja trendikatest t\u00e4navatest. <\/p>\n<p>Nende naiste k\u00e4ekotid, \u00fcle\u00f5lakotid ja rahakotid paistavad silma m\u00e4ngulise disaini, julgete v\u00e4rvide ning l\u00e4bim\u00f5eldud detailidega. <\/p>\n<p>HVISKi aksessuaarid lisavad igale stiilile isikup\u00e4ra ja oman\u00e4olisust. <\/p>\n<p>Br\u00e4ndi eesm\u00e4rk on panustada paremasse tulevikku, olles t\u00e4ielikult vegan ning otsides pidevalt uusi keskkonnas\u00f5bralikke materjale ja tootmisviise, mis ei kahjusta loomi.<\/p>\n<p><a href=\"https:\/\/www.talidesign.eu\/et\/tootekategooria\/brandid\/hvisk-et\/\"><img loading=\"lazy\" decoding=\"async\" src=\"https:\/\/www.talidesign.eu\/wp\/wp-content\/uploads\/2026\/04\/hvisklogo.jpg\" alt=\"\" width=\"500\" height=\"100\" class=\"alignnone size-full wp-image-98951\" \/><\/a><\/p>\n","protected":false},"featured_media":116842,"template":"","meta":[],"product_brand":[],"product_cat":[1026,3687,1131],"product_tag":[3688],"class_list":{"0":"post-116835","1":"product","2":"type-product","3":"status-publish","4":"has-post-thumbnail","6":"product_cat-brandid","7":"product_cat-hvisk-et","8":"product_cat-naiste-kotid","9":"product_tag-hvisk","11":"first","12":"instock","13":"sale","14":"taxable","15":"shipping-taxable","16":"purchasable","17":"product-type-simple"},"yoast_head":"<!-- This site is optimized with the Yoast SEO plugin v27.5 - https:\/\/yoast.com\/product\/yoast-seo-wordpress\/ -->\n<title>HVISK Sage Medium Textured Twill Wax Paper - TALI Concept Store<\/title>\n<meta name=\"robots\" content=\"index, follow, max-snippet:-1, max-image-preview:large, max-video-preview:-1\" \/>\n<link rel=\"canonical\" href=\"https:\/\/www.talidesign.eu\/et\/pood\/toode\/hvisk-sage-medium-textured-twill-wax-paper\/\" \/>\n<meta property=\"og:locale\" content=\"et_EE\" \/>\n<meta property=\"og:type\" content=\"article\" \/>\n<meta property=\"og:title\" content=\"HVISK Sage Medium Textured Twill Wax Paper - TALI Concept Store\" \/>\n<meta property=\"og:description\" content=\"Sage Medium Textured Twill Wax Paper  HVISK Sage Medium on mitmek\u00fclgne shopper-kott, mis on loodud mugavaks igap\u00e4evaseks linnakasutuseks. Praktilisel kotil on avar p\u00f5hisahtel, kuhu mahuvad h\u00f5lpsasti k\u00f5ik igap\u00e4evased vajalikud esemed \u2013 ideaalne nii t\u00f6\u00f6le liikumiseks kui ka n\u00e4dalavahetuse tegemisteks.  Lisaks on kotil lukuga sisetasku, mis sobib h\u00e4sti v\u00e4iksemate v\u00e4\u00e4rtuslike esemete, nagu v\u00f5tmete v\u00f5i kaartide turvaliseks hoiustamiseks. Kott on varustatud nii l\u00fchikeste sangade kui ka pikemate \u00f5larihmadega, pakkudes erinevaid mugavaid kandmisv\u00f5imalusi.  Turvaline kahekordne sulgemiss\u00fcsteem \u2013 n\u00f6\u00f6rkinnitus koos magnetkinnitusega \u2013 hoiab sinu asjad kindlalt paigas ka liikvel olles. Valmistatud taaskasutatud materjalidest ning viimistletud \u00f5rna tekstuurse twill-kangaga, \u00fchendab see kott teadliku tootmise ja minimalistliku p\u00f5hjamaise disaini.  \u2022 Br\u00e4nd HVISK \u2022 Materjalid: valmistatud keskkonnateadlikult \u2013 pealismaterjal koosneb 50% taaskasutatud pol\u00fcamiidist ja 50% taaskasutatud pol\u00fcestrist, vooder 100% taaskasutatud pol\u00fcester \u2022 Sahtlid: \u00fcks suur p\u00f5hisahtel suuremate esemete jaoks ning praktiline lukuga sisetasku v\u00e4iksemate asjade turvaliseks hoidmiseks \u2022 Sangad: nii l\u00fchikesed k\u00e4epidemed kui ka pikemad \u00f5larihmad mugavaks ja mitmek\u00fclgseks kandmiseks \u2022 Kinnitus: n\u00f6\u00f6rkinnitus koos magnetkinnitusega lisaturvalisuse tagamiseks \u2022 Kasutus: ideaalne igap\u00e4evaseks kasutamiseks, t\u00f6\u00f6le liikumiseks, ostlemiseks ja vaba aja veetmiseks \u2022 M\u00f5\u00f5dud: K 29 \u00d7 L 46 \u00d7 S 15 cm  Br\u00e4ndist HVISK  Taani moebr\u00e4nd HVISK ammutab inspiratsiooni Kopenhaageni elavatest ja trendikatest t\u00e4navatest.   Nende naiste k\u00e4ekotid, \u00fcle\u00f5lakotid ja rahakotid paistavad silma m\u00e4ngulise disaini, julgete v\u00e4rvide ning l\u00e4bim\u00f5eldud detailidega.   HVISKi aksessuaarid lisavad igale stiilile isikup\u00e4ra ja oman\u00e4olisust.   Br\u00e4ndi eesm\u00e4rk on panustada paremasse tulevikku, olles t\u00e4ielikult vegan ning otsides pidevalt uusi keskkonnas\u00f5bralikke materjale ja tootmisviise, mis ei kahjusta loomi.\" \/>\n<meta property=\"og:url\" content=\"https:\/\/www.talidesign.eu\/et\/pood\/toode\/hvisk-sage-medium-textured-twill-wax-paper\/\" \/>\n<meta property=\"og:site_name\" content=\"TALI Concept Store\" \/>\n<meta property=\"article:publisher\" content=\"https:\/\/www.facebook.com\/TaliDisain\/\" \/>\n<meta property=\"article:modified_time\" content=\"2026-05-01T09:17:32+00:00\" \/>\n<meta property=\"og:image\" content=\"https:\/\/www.talidesign.eu\/wp\/wp-content\/uploads\/2026\/04\/sadepaper-Photoroom.jpg\" \/>\n\t<meta property=\"og:image:width\" content=\"1200\" \/>\n\t<meta property=\"og:image:height\" content=\"1200\" \/>\n\t<meta property=\"og:image:type\" content=\"image\/jpeg\" \/>\n<meta name=\"twitter:card\" content=\"summary_large_image\" \/>\n<meta name=\"twitter:label1\" content=\"Est. reading time\" \/>\n\t<meta name=\"twitter:data1\" content=\"2 minutes\" \/>\n<script type=\"application\/ld+json\" class=\"yoast-schema-graph\">{\"@context\":\"https:\\\/\\\/schema.org\",\"@graph\":[{\"@type\":\"WebPage\",\"@id\":\"https:\\\/\\\/www.talidesign.eu\\\/et\\\/pood\\\/toode\\\/hvisk-sage-medium-textured-twill-wax-paper\\\/\",\"url\":\"https:\\\/\\\/www.talidesign.eu\\\/et\\\/pood\\\/toode\\\/hvisk-sage-medium-textured-twill-wax-paper\\\/\",\"name\":\"HVISK Sage Medium Textured Twill Wax Paper - TALI Concept Store\",\"isPartOf\":{\"@id\":\"https:\\\/\\\/www.talidesign.eu\\\/et\\\/#website\"},\"primaryImageOfPage\":{\"@id\":\"https:\\\/\\\/www.talidesign.eu\\\/et\\\/pood\\\/toode\\\/hvisk-sage-medium-textured-twill-wax-paper\\\/#primaryimage\"},\"image\":{\"@id\":\"https:\\\/\\\/www.talidesign.eu\\\/et\\\/pood\\\/toode\\\/hvisk-sage-medium-textured-twill-wax-paper\\\/#primaryimage\"},\"thumbnailUrl\":\"https:\\\/\\\/www.talidesign.eu\\\/wp\\\/wp-content\\\/uploads\\\/2026\\\/04\\\/sadepaper-Photoroom.jpg\",\"datePublished\":\"2026-04-30T10:59:47+00:00\",\"dateModified\":\"2026-05-01T09:17:32+00:00\",\"breadcrumb\":{\"@id\":\"https:\\\/\\\/www.talidesign.eu\\\/et\\\/pood\\\/toode\\\/hvisk-sage-medium-textured-twill-wax-paper\\\/#breadcrumb\"},\"inLanguage\":\"et\",\"potentialAction\":[{\"@type\":\"ReadAction\",\"target\":[\"https:\\\/\\\/www.talidesign.eu\\\/et\\\/pood\\\/toode\\\/hvisk-sage-medium-textured-twill-wax-paper\\\/\"]}]},{\"@type\":\"ImageObject\",\"inLanguage\":\"et\",\"@id\":\"https:\\\/\\\/www.talidesign.eu\\\/et\\\/pood\\\/toode\\\/hvisk-sage-medium-textured-twill-wax-paper\\\/#primaryimage\",\"url\":\"https:\\\/\\\/www.talidesign.eu\\\/wp\\\/wp-content\\\/uploads\\\/2026\\\/04\\\/sadepaper-Photoroom.jpg\",\"contentUrl\":\"https:\\\/\\\/www.talidesign.eu\\\/wp\\\/wp-content\\\/uploads\\\/2026\\\/04\\\/sadepaper-Photoroom.jpg\",\"width\":1200,\"height\":1200},{\"@type\":\"BreadcrumbList\",\"@id\":\"https:\\\/\\\/www.talidesign.eu\\\/et\\\/pood\\\/toode\\\/hvisk-sage-medium-textured-twill-wax-paper\\\/#breadcrumb\",\"itemListElement\":[{\"@type\":\"ListItem\",\"position\":1,\"name\":\"Avaleht\",\"item\":\"https:\\\/\\\/www.talidesign.eu\\\/et\\\/\"},{\"@type\":\"ListItem\",\"position\":2,\"name\":\"Pood\",\"item\":\"https:\\\/\\\/www.talidesign.eu\\\/et\\\/pood\\\/\"},{\"@type\":\"ListItem\",\"position\":3,\"name\":\"HVISK Sage Medium Textured Twill Wax Paper\"}]},{\"@type\":\"WebSite\",\"@id\":\"https:\\\/\\\/www.talidesign.eu\\\/et\\\/#website\",\"url\":\"https:\\\/\\\/www.talidesign.eu\\\/et\\\/\",\"name\":\"TALI Concept Store\",\"description\":\"Suurim Disainipood Eestis\",\"potentialAction\":[{\"@type\":\"SearchAction\",\"target\":{\"@type\":\"EntryPoint\",\"urlTemplate\":\"https:\\\/\\\/www.talidesign.eu\\\/et\\\/?s={search_term_string}\"},\"query-input\":{\"@type\":\"PropertyValueSpecification\",\"valueRequired\":true,\"valueName\":\"search_term_string\"}}],\"inLanguage\":\"et\"}]}<\/script>\n<!-- \/ Yoast SEO plugin. -->","yoast_head_json":{"title":"HVISK Sage Medium Textured Twill Wax Paper - TALI Concept Store","robots":{"index":"index","follow":"follow","max-snippet":"max-snippet:-1","max-image-preview":"max-image-preview:large","max-video-preview":"max-video-preview:-1"},"canonical":"https:\/\/www.talidesign.eu\/et\/pood\/toode\/hvisk-sage-medium-textured-twill-wax-paper\/","og_locale":"et_EE","og_type":"article","og_title":"HVISK Sage Medium Textured Twill Wax Paper - TALI Concept Store","og_description":"Sage Medium Textured Twill Wax Paper  HVISK Sage Medium on mitmek\u00fclgne shopper-kott, mis on loodud mugavaks igap\u00e4evaseks linnakasutuseks. Praktilisel kotil on avar p\u00f5hisahtel, kuhu mahuvad h\u00f5lpsasti k\u00f5ik igap\u00e4evased vajalikud esemed \u2013 ideaalne nii t\u00f6\u00f6le liikumiseks kui ka n\u00e4dalavahetuse tegemisteks.  Lisaks on kotil lukuga sisetasku, mis sobib h\u00e4sti v\u00e4iksemate v\u00e4\u00e4rtuslike esemete, nagu v\u00f5tmete v\u00f5i kaartide turvaliseks hoiustamiseks. Kott on varustatud nii l\u00fchikeste sangade kui ka pikemate \u00f5larihmadega, pakkudes erinevaid mugavaid kandmisv\u00f5imalusi.  Turvaline kahekordne sulgemiss\u00fcsteem \u2013 n\u00f6\u00f6rkinnitus koos magnetkinnitusega \u2013 hoiab sinu asjad kindlalt paigas ka liikvel olles. Valmistatud taaskasutatud materjalidest ning viimistletud \u00f5rna tekstuurse twill-kangaga, \u00fchendab see kott teadliku tootmise ja minimalistliku p\u00f5hjamaise disaini.  \u2022 Br\u00e4nd HVISK \u2022 Materjalid: valmistatud keskkonnateadlikult \u2013 pealismaterjal koosneb 50% taaskasutatud pol\u00fcamiidist ja 50% taaskasutatud pol\u00fcestrist, vooder 100% taaskasutatud pol\u00fcester \u2022 Sahtlid: \u00fcks suur p\u00f5hisahtel suuremate esemete jaoks ning praktiline lukuga sisetasku v\u00e4iksemate asjade turvaliseks hoidmiseks \u2022 Sangad: nii l\u00fchikesed k\u00e4epidemed kui ka pikemad \u00f5larihmad mugavaks ja mitmek\u00fclgseks kandmiseks \u2022 Kinnitus: n\u00f6\u00f6rkinnitus koos magnetkinnitusega lisaturvalisuse tagamiseks \u2022 Kasutus: ideaalne igap\u00e4evaseks kasutamiseks, t\u00f6\u00f6le liikumiseks, ostlemiseks ja vaba aja veetmiseks \u2022 M\u00f5\u00f5dud: K 29 \u00d7 L 46 \u00d7 S 15 cm  Br\u00e4ndist HVISK  Taani moebr\u00e4nd HVISK ammutab inspiratsiooni Kopenhaageni elavatest ja trendikatest t\u00e4navatest.   Nende naiste k\u00e4ekotid, \u00fcle\u00f5lakotid ja rahakotid paistavad silma m\u00e4ngulise disaini, julgete v\u00e4rvide ning l\u00e4bim\u00f5eldud detailidega.   HVISKi aksessuaarid lisavad igale stiilile isikup\u00e4ra ja oman\u00e4olisust.   Br\u00e4ndi eesm\u00e4rk on panustada paremasse tulevikku, olles t\u00e4ielikult vegan ning otsides pidevalt uusi keskkonnas\u00f5bralikke materjale ja tootmisviise, mis ei kahjusta loomi.","og_url":"https:\/\/www.talidesign.eu\/et\/pood\/toode\/hvisk-sage-medium-textured-twill-wax-paper\/","og_site_name":"TALI Concept Store","article_publisher":"https:\/\/www.facebook.com\/TaliDisain\/","article_modified_time":"2026-05-01T09:17:32+00:00","og_image":[{"width":1200,"height":1200,"url":"https:\/\/www.talidesign.eu\/wp\/wp-content\/uploads\/2026\/04\/sadepaper-Photoroom.jpg","type":"image\/jpeg"}],"twitter_card":"summary_large_image","twitter_misc":{"Est. reading time":"2 minutes"},"schema":{"@context":"https:\/\/schema.org","@graph":[{"@type":"WebPage","@id":"https:\/\/www.talidesign.eu\/et\/pood\/toode\/hvisk-sage-medium-textured-twill-wax-paper\/","url":"https:\/\/www.talidesign.eu\/et\/pood\/toode\/hvisk-sage-medium-textured-twill-wax-paper\/","name":"HVISK Sage Medium Textured Twill Wax Paper - TALI Concept Store","isPartOf":{"@id":"https:\/\/www.talidesign.eu\/et\/#website"},"primaryImageOfPage":{"@id":"https:\/\/www.talidesign.eu\/et\/pood\/toode\/hvisk-sage-medium-textured-twill-wax-paper\/#primaryimage"},"image":{"@id":"https:\/\/www.talidesign.eu\/et\/pood\/toode\/hvisk-sage-medium-textured-twill-wax-paper\/#primaryimage"},"thumbnailUrl":"https:\/\/www.talidesign.eu\/wp\/wp-content\/uploads\/2026\/04\/sadepaper-Photoroom.jpg","datePublished":"2026-04-30T10:59:47+00:00","dateModified":"2026-05-01T09:17:32+00:00","breadcrumb":{"@id":"https:\/\/www.talidesign.eu\/et\/pood\/toode\/hvisk-sage-medium-textured-twill-wax-paper\/#breadcrumb"},"inLanguage":"et","potentialAction":[{"@type":"ReadAction","target":["https:\/\/www.talidesign.eu\/et\/pood\/toode\/hvisk-sage-medium-textured-twill-wax-paper\/"]}]},{"@type":"ImageObject","inLanguage":"et","@id":"https:\/\/www.talidesign.eu\/et\/pood\/toode\/hvisk-sage-medium-textured-twill-wax-paper\/#primaryimage","url":"https:\/\/www.talidesign.eu\/wp\/wp-content\/uploads\/2026\/04\/sadepaper-Photoroom.jpg","contentUrl":"https:\/\/www.talidesign.eu\/wp\/wp-content\/uploads\/2026\/04\/sadepaper-Photoroom.jpg","width":1200,"height":1200},{"@type":"BreadcrumbList","@id":"https:\/\/www.talidesign.eu\/et\/pood\/toode\/hvisk-sage-medium-textured-twill-wax-paper\/#breadcrumb","itemListElement":[{"@type":"ListItem","position":1,"name":"Avaleht","item":"https:\/\/www.talidesign.eu\/et\/"},{"@type":"ListItem","position":2,"name":"Pood","item":"https:\/\/www.talidesign.eu\/et\/pood\/"},{"@type":"ListItem","position":3,"name":"HVISK Sage Medium Textured Twill Wax Paper"}]},{"@type":"WebSite","@id":"https:\/\/www.talidesign.eu\/et\/#website","url":"https:\/\/www.talidesign.eu\/et\/","name":"TALI Concept Store","description":"Suurim Disainipood Eestis","potentialAction":[{"@type":"SearchAction","target":{"@type":"EntryPoint","urlTemplate":"https:\/\/www.talidesign.eu\/et\/?s={search_term_string}"},"query-input":{"@type":"PropertyValueSpecification","valueRequired":true,"valueName":"search_term_string"}}],"inLanguage":"et"}]}},"_links":{"self":[{"href":"https:\/\/www.talidesign.eu\/et\/wp-json\/wp\/v2\/product\/116835","targetHints":{"allow":["GET"]}}],"collection":[{"href":"https:\/\/www.talidesign.eu\/et\/wp-json\/wp\/v2\/product"}],"about":[{"href":"https:\/\/www.talidesign.eu\/et\/wp-json\/wp\/v2\/types\/product"}],"wp:featuredmedia":[{"embeddable":true,"href":"https:\/\/www.talidesign.eu\/et\/wp-json\/wp\/v2\/media\/116842"}],"wp:attachment":[{"href":"https:\/\/www.talidesign.eu\/et\/wp-json\/wp\/v2\/media?parent=116835"}],"wp:term":[{"taxonomy":"product_brand","embeddable":true,"href":"https:\/\/www.talidesign.eu\/et\/wp-json\/wp\/v2\/product_brand?post=116835"},{"taxonomy":"product_cat","embeddable":true,"href":"https:\/\/www.talidesign.eu\/et\/wp-json\/wp\/v2\/product_cat?post=116835"},{"taxonomy":"product_tag","embeddable":true,"href":"https:\/\/www.talidesign.eu\/et\/wp-json\/wp\/v2\/product_tag?post=116835"}],"curies":[{"name":"wp","href":"https:\/\/api.w.org\/{rel}","templated":true}]}}