{"id":116928,"date":"2026-04-30T16:14:03","date_gmt":"2026-04-30T13:14:03","guid":{"rendered":"https:\/\/www.talidesign.eu\/?post_type=product&#038;p=116928"},"modified":"2026-05-01T12:17:33","modified_gmt":"2026-05-01T09:17:33","slug":"hvisk-arcadia-twill-black","status":"publish","type":"product","link":"https:\/\/www.talidesign.eu\/et\/pood\/toode\/hvisk-arcadia-twill-black\/","title":{"rendered":"HVISK Arcadia Twill Black"},"content":{"rendered":"<p><strong>Arcadia Twill Black<\/strong><\/p>\n<p>\u00d5lakott, millel on kortsutatud detailidega sang, paeladetailid ning lukuga sulgemine. Kotil on \u00fcks p\u00f5hisahtel, kaks v\u00e4iksemat sisetaskut ja \u00fcks lukuga tasku. Kaasas on eemaldatav crossbody-rihm.<\/p>\n<p>\u2022 <a href=\"https:\/\/www.talidesign.eu\/et\/tootekategooria\/brandid\/hvisk-et\/\">Br\u00e4nd HVISK<\/a><br \/>\n\u2022 Materjal: 100% taaskasutatud tootmisj\u00e4\u00e4kidest pol\u00fcamiid<br \/>\n\u2022 Vooder: 100% pol\u00fcester<br \/>\n\u2022 Pealiskangas: 100% pol\u00fcester<br \/>\n\u2022 M\u00f5\u00f5dud: K 19 cm \u00d7 L 31 cm \u00d7 S 11 cm<\/p>\n<p><strong>Br\u00e4ndist HVISK<\/strong><\/p>\n<p>Taani moebr\u00e4nd HVISK ammutab inspiratsiooni Kopenhaageni elavatest ja trendikatest t\u00e4navatest. <\/p>\n<p>Nende naiste k\u00e4ekotid, \u00fcle\u00f5lakotid ja rahakotid paistavad silma m\u00e4ngulise disaini, julgete v\u00e4rvide ning l\u00e4bim\u00f5eldud detailidega. <\/p>\n<p>HVISKi aksessuaarid lisavad igale stiilile isikup\u00e4ra ja oman\u00e4olisust. <\/p>\n<p>Br\u00e4ndi eesm\u00e4rk on panustada paremasse tulevikku, olles t\u00e4ielikult vegan ning otsides pidevalt uusi keskkonnas\u00f5bralikke materjale ja tootmisviise, mis ei kahjusta loomi.<\/p>\n<p><a href=\"https:\/\/www.talidesign.eu\/et\/tootekategooria\/brandid\/hvisk-et\/\"><img loading=\"lazy\" decoding=\"async\" src=\"https:\/\/www.talidesign.eu\/wp\/wp-content\/uploads\/2026\/04\/hvisklogo.jpg\" alt=\"\" width=\"500\" height=\"100\" class=\"alignnone size-full wp-image-98951\" \/><\/a><\/p>\n","protected":false},"excerpt":{"rendered":"<p><strong>Arcadia Twill Black<\/strong><\/p>\n<p>\u00d5lakott, millel on kortsutatud detailidega sang, paeladetailid ning lukuga sulgemine. Kotil on \u00fcks p\u00f5hisahtel, kaks v\u00e4iksemat sisetaskut ja \u00fcks lukuga tasku. Kaasas on eemaldatav crossbody-rihm.<\/p>\n<p>\u2022 <a href=\"https:\/\/www.talidesign.eu\/et\/tootekategooria\/brandid\/hvisk-et\/\">Br\u00e4nd HVISK<\/a><br \/>\n\u2022 Materjal: 100% taaskasutatud tootmisj\u00e4\u00e4kidest pol\u00fcamiid<br \/>\n\u2022 Vooder: 100% pol\u00fcester<br \/>\n\u2022 Pealiskangas: 100% pol\u00fcester<br \/>\n\u2022 M\u00f5\u00f5dud: K 19 cm \u00d7 L 31 cm \u00d7 S 11 cm<\/p>\n<p><strong>Br\u00e4ndist HVISK<\/strong><\/p>\n<p>Taani moebr\u00e4nd HVISK ammutab inspiratsiooni Kopenhaageni elavatest ja trendikatest t\u00e4navatest. <\/p>\n<p>Nende naiste k\u00e4ekotid, \u00fcle\u00f5lakotid ja rahakotid paistavad silma m\u00e4ngulise disaini, julgete v\u00e4rvide ning l\u00e4bim\u00f5eldud detailidega. <\/p>\n<p>HVISKi aksessuaarid lisavad igale stiilile isikup\u00e4ra ja oman\u00e4olisust. <\/p>\n<p>Br\u00e4ndi eesm\u00e4rk on panustada paremasse tulevikku, olles t\u00e4ielikult vegan ning otsides pidevalt uusi keskkonnas\u00f5bralikke materjale ja tootmisviise, mis ei kahjusta loomi.<\/p>\n<p><a href=\"https:\/\/www.talidesign.eu\/et\/tootekategooria\/brandid\/hvisk-et\/\"><img loading=\"lazy\" decoding=\"async\" src=\"https:\/\/www.talidesign.eu\/wp\/wp-content\/uploads\/2026\/04\/hvisklogo.jpg\" alt=\"\" width=\"500\" height=\"100\" class=\"alignnone size-full wp-image-98951\" \/><\/a><\/p>\n","protected":false},"featured_media":116934,"template":"","meta":[],"product_brand":[],"product_cat":[1026,3687,1131],"product_tag":[3688],"class_list":{"0":"post-116928","1":"product","2":"type-product","3":"status-publish","4":"has-post-thumbnail","6":"product_cat-brandid","7":"product_cat-hvisk-et","8":"product_cat-naiste-kotid","9":"product_tag-hvisk","11":"first","12":"instock","13":"sale","14":"taxable","15":"shipping-taxable","16":"purchasable","17":"product-type-simple"},"yoast_head":"<!-- This site is optimized with the Yoast SEO plugin v27.5 - https:\/\/yoast.com\/product\/yoast-seo-wordpress\/ -->\n<title>HVISK Arcadia Twill Black - TALI Concept Store<\/title>\n<meta name=\"robots\" content=\"index, follow, max-snippet:-1, max-image-preview:large, max-video-preview:-1\" \/>\n<link rel=\"canonical\" href=\"https:\/\/www.talidesign.eu\/et\/pood\/toode\/hvisk-arcadia-twill-black\/\" \/>\n<meta property=\"og:locale\" content=\"et_EE\" \/>\n<meta property=\"og:type\" content=\"article\" \/>\n<meta property=\"og:title\" content=\"HVISK Arcadia Twill Black - TALI Concept Store\" \/>\n<meta property=\"og:description\" content=\"Arcadia Twill Black  \u00d5lakott, millel on kortsutatud detailidega sang, paeladetailid ning lukuga sulgemine. Kotil on \u00fcks p\u00f5hisahtel, kaks v\u00e4iksemat sisetaskut ja \u00fcks lukuga tasku. Kaasas on eemaldatav crossbody-rihm.  \u2022 Br\u00e4nd HVISK \u2022 Materjal: 100% taaskasutatud tootmisj\u00e4\u00e4kidest pol\u00fcamiid \u2022 Vooder: 100% pol\u00fcester \u2022 Pealiskangas: 100% pol\u00fcester \u2022 M\u00f5\u00f5dud: K 19 cm \u00d7 L 31 cm \u00d7 S 11 cm  Br\u00e4ndist HVISK  Taani moebr\u00e4nd HVISK ammutab inspiratsiooni Kopenhaageni elavatest ja trendikatest t\u00e4navatest.   Nende naiste k\u00e4ekotid, \u00fcle\u00f5lakotid ja rahakotid paistavad silma m\u00e4ngulise disaini, julgete v\u00e4rvide ning l\u00e4bim\u00f5eldud detailidega.   HVISKi aksessuaarid lisavad igale stiilile isikup\u00e4ra ja oman\u00e4olisust.   Br\u00e4ndi eesm\u00e4rk on panustada paremasse tulevikku, olles t\u00e4ielikult vegan ning otsides pidevalt uusi keskkonnas\u00f5bralikke materjale ja tootmisviise, mis ei kahjusta loomi.\" \/>\n<meta property=\"og:url\" content=\"https:\/\/www.talidesign.eu\/et\/pood\/toode\/hvisk-arcadia-twill-black\/\" \/>\n<meta property=\"og:site_name\" content=\"TALI Concept Store\" \/>\n<meta property=\"article:publisher\" content=\"https:\/\/www.facebook.com\/TaliDisain\/\" \/>\n<meta property=\"article:modified_time\" content=\"2026-05-01T09:17:33+00:00\" \/>\n<meta property=\"og:image\" content=\"https:\/\/www.talidesign.eu\/wp\/wp-content\/uploads\/2026\/04\/arcadiatwillblack-Photoroom.jpg\" \/>\n\t<meta property=\"og:image:width\" content=\"1200\" \/>\n\t<meta property=\"og:image:height\" content=\"1200\" \/>\n\t<meta property=\"og:image:type\" content=\"image\/jpeg\" \/>\n<meta name=\"twitter:card\" content=\"summary_large_image\" \/>\n<meta name=\"twitter:label1\" content=\"Est. reading time\" \/>\n\t<meta name=\"twitter:data1\" content=\"1 minute\" \/>\n<script type=\"application\/ld+json\" class=\"yoast-schema-graph\">{\"@context\":\"https:\\\/\\\/schema.org\",\"@graph\":[{\"@type\":\"WebPage\",\"@id\":\"https:\\\/\\\/www.talidesign.eu\\\/et\\\/pood\\\/toode\\\/hvisk-arcadia-twill-black\\\/\",\"url\":\"https:\\\/\\\/www.talidesign.eu\\\/et\\\/pood\\\/toode\\\/hvisk-arcadia-twill-black\\\/\",\"name\":\"HVISK Arcadia Twill Black - TALI Concept Store\",\"isPartOf\":{\"@id\":\"https:\\\/\\\/www.talidesign.eu\\\/et\\\/#website\"},\"primaryImageOfPage\":{\"@id\":\"https:\\\/\\\/www.talidesign.eu\\\/et\\\/pood\\\/toode\\\/hvisk-arcadia-twill-black\\\/#primaryimage\"},\"image\":{\"@id\":\"https:\\\/\\\/www.talidesign.eu\\\/et\\\/pood\\\/toode\\\/hvisk-arcadia-twill-black\\\/#primaryimage\"},\"thumbnailUrl\":\"https:\\\/\\\/www.talidesign.eu\\\/wp\\\/wp-content\\\/uploads\\\/2026\\\/04\\\/arcadiatwillblack-Photoroom.jpg\",\"datePublished\":\"2026-04-30T13:14:03+00:00\",\"dateModified\":\"2026-05-01T09:17:33+00:00\",\"breadcrumb\":{\"@id\":\"https:\\\/\\\/www.talidesign.eu\\\/et\\\/pood\\\/toode\\\/hvisk-arcadia-twill-black\\\/#breadcrumb\"},\"inLanguage\":\"et\",\"potentialAction\":[{\"@type\":\"ReadAction\",\"target\":[\"https:\\\/\\\/www.talidesign.eu\\\/et\\\/pood\\\/toode\\\/hvisk-arcadia-twill-black\\\/\"]}]},{\"@type\":\"ImageObject\",\"inLanguage\":\"et\",\"@id\":\"https:\\\/\\\/www.talidesign.eu\\\/et\\\/pood\\\/toode\\\/hvisk-arcadia-twill-black\\\/#primaryimage\",\"url\":\"https:\\\/\\\/www.talidesign.eu\\\/wp\\\/wp-content\\\/uploads\\\/2026\\\/04\\\/arcadiatwillblack-Photoroom.jpg\",\"contentUrl\":\"https:\\\/\\\/www.talidesign.eu\\\/wp\\\/wp-content\\\/uploads\\\/2026\\\/04\\\/arcadiatwillblack-Photoroom.jpg\",\"width\":1200,\"height\":1200},{\"@type\":\"BreadcrumbList\",\"@id\":\"https:\\\/\\\/www.talidesign.eu\\\/et\\\/pood\\\/toode\\\/hvisk-arcadia-twill-black\\\/#breadcrumb\",\"itemListElement\":[{\"@type\":\"ListItem\",\"position\":1,\"name\":\"Avaleht\",\"item\":\"https:\\\/\\\/www.talidesign.eu\\\/et\\\/\"},{\"@type\":\"ListItem\",\"position\":2,\"name\":\"Pood\",\"item\":\"https:\\\/\\\/www.talidesign.eu\\\/et\\\/pood\\\/\"},{\"@type\":\"ListItem\",\"position\":3,\"name\":\"HVISK Arcadia Twill Black\"}]},{\"@type\":\"WebSite\",\"@id\":\"https:\\\/\\\/www.talidesign.eu\\\/et\\\/#website\",\"url\":\"https:\\\/\\\/www.talidesign.eu\\\/et\\\/\",\"name\":\"TALI Concept Store\",\"description\":\"Suurim Disainipood Eestis\",\"potentialAction\":[{\"@type\":\"SearchAction\",\"target\":{\"@type\":\"EntryPoint\",\"urlTemplate\":\"https:\\\/\\\/www.talidesign.eu\\\/et\\\/?s={search_term_string}\"},\"query-input\":{\"@type\":\"PropertyValueSpecification\",\"valueRequired\":true,\"valueName\":\"search_term_string\"}}],\"inLanguage\":\"et\"}]}<\/script>\n<!-- \/ Yoast SEO plugin. -->","yoast_head_json":{"title":"HVISK Arcadia Twill Black - TALI Concept Store","robots":{"index":"index","follow":"follow","max-snippet":"max-snippet:-1","max-image-preview":"max-image-preview:large","max-video-preview":"max-video-preview:-1"},"canonical":"https:\/\/www.talidesign.eu\/et\/pood\/toode\/hvisk-arcadia-twill-black\/","og_locale":"et_EE","og_type":"article","og_title":"HVISK Arcadia Twill Black - TALI Concept Store","og_description":"Arcadia Twill Black  \u00d5lakott, millel on kortsutatud detailidega sang, paeladetailid ning lukuga sulgemine. Kotil on \u00fcks p\u00f5hisahtel, kaks v\u00e4iksemat sisetaskut ja \u00fcks lukuga tasku. Kaasas on eemaldatav crossbody-rihm.  \u2022 Br\u00e4nd HVISK \u2022 Materjal: 100% taaskasutatud tootmisj\u00e4\u00e4kidest pol\u00fcamiid \u2022 Vooder: 100% pol\u00fcester \u2022 Pealiskangas: 100% pol\u00fcester \u2022 M\u00f5\u00f5dud: K 19 cm \u00d7 L 31 cm \u00d7 S 11 cm  Br\u00e4ndist HVISK  Taani moebr\u00e4nd HVISK ammutab inspiratsiooni Kopenhaageni elavatest ja trendikatest t\u00e4navatest.   Nende naiste k\u00e4ekotid, \u00fcle\u00f5lakotid ja rahakotid paistavad silma m\u00e4ngulise disaini, julgete v\u00e4rvide ning l\u00e4bim\u00f5eldud detailidega.   HVISKi aksessuaarid lisavad igale stiilile isikup\u00e4ra ja oman\u00e4olisust.   Br\u00e4ndi eesm\u00e4rk on panustada paremasse tulevikku, olles t\u00e4ielikult vegan ning otsides pidevalt uusi keskkonnas\u00f5bralikke materjale ja tootmisviise, mis ei kahjusta loomi.","og_url":"https:\/\/www.talidesign.eu\/et\/pood\/toode\/hvisk-arcadia-twill-black\/","og_site_name":"TALI Concept Store","article_publisher":"https:\/\/www.facebook.com\/TaliDisain\/","article_modified_time":"2026-05-01T09:17:33+00:00","og_image":[{"width":1200,"height":1200,"url":"https:\/\/www.talidesign.eu\/wp\/wp-content\/uploads\/2026\/04\/arcadiatwillblack-Photoroom.jpg","type":"image\/jpeg"}],"twitter_card":"summary_large_image","twitter_misc":{"Est. reading time":"1 minute"},"schema":{"@context":"https:\/\/schema.org","@graph":[{"@type":"WebPage","@id":"https:\/\/www.talidesign.eu\/et\/pood\/toode\/hvisk-arcadia-twill-black\/","url":"https:\/\/www.talidesign.eu\/et\/pood\/toode\/hvisk-arcadia-twill-black\/","name":"HVISK Arcadia Twill Black - TALI Concept Store","isPartOf":{"@id":"https:\/\/www.talidesign.eu\/et\/#website"},"primaryImageOfPage":{"@id":"https:\/\/www.talidesign.eu\/et\/pood\/toode\/hvisk-arcadia-twill-black\/#primaryimage"},"image":{"@id":"https:\/\/www.talidesign.eu\/et\/pood\/toode\/hvisk-arcadia-twill-black\/#primaryimage"},"thumbnailUrl":"https:\/\/www.talidesign.eu\/wp\/wp-content\/uploads\/2026\/04\/arcadiatwillblack-Photoroom.jpg","datePublished":"2026-04-30T13:14:03+00:00","dateModified":"2026-05-01T09:17:33+00:00","breadcrumb":{"@id":"https:\/\/www.talidesign.eu\/et\/pood\/toode\/hvisk-arcadia-twill-black\/#breadcrumb"},"inLanguage":"et","potentialAction":[{"@type":"ReadAction","target":["https:\/\/www.talidesign.eu\/et\/pood\/toode\/hvisk-arcadia-twill-black\/"]}]},{"@type":"ImageObject","inLanguage":"et","@id":"https:\/\/www.talidesign.eu\/et\/pood\/toode\/hvisk-arcadia-twill-black\/#primaryimage","url":"https:\/\/www.talidesign.eu\/wp\/wp-content\/uploads\/2026\/04\/arcadiatwillblack-Photoroom.jpg","contentUrl":"https:\/\/www.talidesign.eu\/wp\/wp-content\/uploads\/2026\/04\/arcadiatwillblack-Photoroom.jpg","width":1200,"height":1200},{"@type":"BreadcrumbList","@id":"https:\/\/www.talidesign.eu\/et\/pood\/toode\/hvisk-arcadia-twill-black\/#breadcrumb","itemListElement":[{"@type":"ListItem","position":1,"name":"Avaleht","item":"https:\/\/www.talidesign.eu\/et\/"},{"@type":"ListItem","position":2,"name":"Pood","item":"https:\/\/www.talidesign.eu\/et\/pood\/"},{"@type":"ListItem","position":3,"name":"HVISK Arcadia Twill Black"}]},{"@type":"WebSite","@id":"https:\/\/www.talidesign.eu\/et\/#website","url":"https:\/\/www.talidesign.eu\/et\/","name":"TALI Concept Store","description":"Suurim Disainipood Eestis","potentialAction":[{"@type":"SearchAction","target":{"@type":"EntryPoint","urlTemplate":"https:\/\/www.talidesign.eu\/et\/?s={search_term_string}"},"query-input":{"@type":"PropertyValueSpecification","valueRequired":true,"valueName":"search_term_string"}}],"inLanguage":"et"}]}},"_links":{"self":[{"href":"https:\/\/www.talidesign.eu\/et\/wp-json\/wp\/v2\/product\/116928","targetHints":{"allow":["GET"]}}],"collection":[{"href":"https:\/\/www.talidesign.eu\/et\/wp-json\/wp\/v2\/product"}],"about":[{"href":"https:\/\/www.talidesign.eu\/et\/wp-json\/wp\/v2\/types\/product"}],"wp:featuredmedia":[{"embeddable":true,"href":"https:\/\/www.talidesign.eu\/et\/wp-json\/wp\/v2\/media\/116934"}],"wp:attachment":[{"href":"https:\/\/www.talidesign.eu\/et\/wp-json\/wp\/v2\/media?parent=116928"}],"wp:term":[{"taxonomy":"product_brand","embeddable":true,"href":"https:\/\/www.talidesign.eu\/et\/wp-json\/wp\/v2\/product_brand?post=116928"},{"taxonomy":"product_cat","embeddable":true,"href":"https:\/\/www.talidesign.eu\/et\/wp-json\/wp\/v2\/product_cat?post=116928"},{"taxonomy":"product_tag","embeddable":true,"href":"https:\/\/www.talidesign.eu\/et\/wp-json\/wp\/v2\/product_tag?post=116928"}],"curies":[{"name":"wp","href":"https:\/\/api.w.org\/{rel}","templated":true}]}}