{"id":117297,"date":"2026-05-11T15:58:41","date_gmt":"2026-05-11T12:58:41","guid":{"rendered":"https:\/\/www.talidesign.eu\/?post_type=product&#038;p=117297"},"modified":"2026-05-11T16:03:59","modified_gmt":"2026-05-11T13:03:59","slug":"blueq-cat-lover-jr-the-baby-did-it-beebi-sokid","status":"publish","type":"product","link":"https:\/\/www.talidesign.eu\/et\/pood\/toode\/blueq-cat-lover-jr-the-baby-did-it-beebi-sokid\/","title":{"rendered":"BlueQ Cat Lover Jr.\/ The Baby Did It beebi sokid"},"content":{"rendered":"<p><strong>Cat Lover Jr.\/ The Baby Did It beebi sokid<\/strong><\/p>\n<p>See on \u00fcks keeruline suhe\u2026 ja meile just nii meeldibki. Eriti kui keegi peab v\u00e4ikeste pahanduste eest vastutama.<\/p>\n<p>\u2022 Komplekt sisaldab 2 paari. Suurus: 0\u201312 kuud.<br \/>\n\u2022 Koostis: 73% orgaaniline puuvill, 25% nailon, 2% spandex.<br \/>\n\u2022 <a href=\"https:\/\/www.talidesign.eu\/et\/tootekategooria\/brandid\/blueq-et\/\">Br\u00e4nd BlueQ<\/a><\/p>\n<p>Sokid on kootud pehmest kammitud puuvillast, tugevdatud nailoniga ja sisaldavad veidi elastaani, et need p\u00fcsiksid mugavad ja vastupidavad.<\/p>\n<p><strong>Meist<\/strong><\/p>\n<p>Blue Q on ainulaadne ja v\u00e4rvikas br\u00e4nd, mis pakub l\u00f5busaid ja humoorikaid sokke, mis lisavad igap\u00e4evaellu isikup\u00e4ra. Igal sokipaaril on silmapaistvad disainid, vaimukad s\u00f5numid ja k\u00f5rge kvaliteediga materjalid, mis muudavad need sama mugavaks kui l\u00f5busaks. Blue Q sokid on ideaalne valik neile, kes soovivad end v\u00e4ljendada ja oma garderoobile veidi s\u00e4rtsu lisada, olgu see kingitus s\u00f5brale v\u00f5i r\u00f5\u00f5m iseendale.<\/p>\n<p>Lisaks l\u00e4heb osa m\u00fc\u00fcgitulust heategevusse, nii et Blue Q sokkide kandmine teeb head mitmel moel.<\/p>\n<p><a href=\"https:\/\/www.talidesign.eu\/et\/tootekategooria\/brandid\/blueq-et\/\"><img loading=\"lazy\" decoding=\"async\" src=\"https:\/\/www.talidesign.eu\/wp\/wp-content\/uploads\/2024\/08\/blueqlogo.jpg\" alt=\"\" width=\"500\" height=\"100\" class=\"alignnone size-full wp-image-90609\" \/><\/a><\/p>\n","protected":false},"excerpt":{"rendered":"<p><strong>Cat Lover Jr.\/ The Baby Did It beebi sokid<\/strong><\/p>\n<p>See on \u00fcks keeruline suhe\u2026 ja meile just nii meeldibki. Eriti kui keegi peab v\u00e4ikeste pahanduste eest vastutama.<\/p>\n<p>\u2022 Komplekt sisaldab 2 paari. Suurus: 0\u201312 kuud.<br \/>\n\u2022 Koostis: 73% orgaaniline puuvill, 25% nailon, 2% spandex.<br \/>\n\u2022 <a href=\"https:\/\/www.talidesign.eu\/et\/tootekategooria\/brandid\/blueq-et\/\">Br\u00e4nd BlueQ<\/a><\/p>\n<p>Sokid on kootud pehmest kammitud puuvillast, tugevdatud nailoniga ja sisaldavad veidi elastaani, et need p\u00fcsiksid mugavad ja vastupidavad.<\/p>\n<p><strong>Meist<\/strong><\/p>\n<p>Blue Q on ainulaadne ja v\u00e4rvikas br\u00e4nd, mis pakub l\u00f5busaid ja humoorikaid sokke, mis lisavad igap\u00e4evaellu isikup\u00e4ra. Igal sokipaaril on silmapaistvad disainid, vaimukad s\u00f5numid ja k\u00f5rge kvaliteediga materjalid, mis muudavad need sama mugavaks kui l\u00f5busaks. Blue Q sokid on ideaalne valik neile, kes soovivad end v\u00e4ljendada ja oma garderoobile veidi s\u00e4rtsu lisada, olgu see kingitus s\u00f5brale v\u00f5i r\u00f5\u00f5m iseendale.<\/p>\n<p>Lisaks l\u00e4heb osa m\u00fc\u00fcgitulust heategevusse, nii et Blue Q sokkide kandmine teeb head mitmel moel.<\/p>\n<p><a href=\"https:\/\/www.talidesign.eu\/et\/tootekategooria\/brandid\/blueq-et\/\"><img loading=\"lazy\" decoding=\"async\" src=\"https:\/\/www.talidesign.eu\/wp\/wp-content\/uploads\/2024\/08\/blueqlogo.jpg\" alt=\"\" width=\"500\" height=\"100\" class=\"alignnone size-full wp-image-90609\" \/><\/a><\/p>\n","protected":false},"featured_media":117301,"template":"","meta":[],"product_brand":[],"product_cat":[3270,1026,1121,1140],"product_tag":[1593],"class_list":{"0":"post-117297","1":"product","2":"type-product","3":"status-publish","4":"has-post-thumbnail","6":"product_cat-blueq-et","7":"product_cat-brandid","8":"product_cat-sokid","9":"product_cat-naiste-sokid","10":"product_tag-socks-et","12":"first","13":"instock","14":"sale","15":"taxable","16":"shipping-taxable","17":"purchasable","18":"product-type-simple"},"yoast_head":"<!-- This site is optimized with the Yoast SEO plugin v27.5 - https:\/\/yoast.com\/product\/yoast-seo-wordpress\/ -->\n<title>BlueQ Cat Lover Jr.\/ The Baby Did It beebi sokid - TALI Concept Store<\/title>\n<meta name=\"robots\" content=\"index, follow, max-snippet:-1, max-image-preview:large, max-video-preview:-1\" \/>\n<link rel=\"canonical\" href=\"https:\/\/www.talidesign.eu\/et\/pood\/toode\/blueq-cat-lover-jr-the-baby-did-it-beebi-sokid\/\" \/>\n<meta property=\"og:locale\" content=\"et_EE\" \/>\n<meta property=\"og:type\" content=\"article\" \/>\n<meta property=\"og:title\" content=\"BlueQ Cat Lover Jr.\/ The Baby Did It beebi sokid - TALI Concept Store\" \/>\n<meta property=\"og:description\" content=\"Cat Lover Jr.\/ The Baby Did It beebi sokid  See on \u00fcks keeruline suhe\u2026 ja meile just nii meeldibki. Eriti kui keegi peab v\u00e4ikeste pahanduste eest vastutama.  \u2022 Komplekt sisaldab 2 paari. Suurus: 0\u201312 kuud. \u2022 Koostis: 73% orgaaniline puuvill, 25% nailon, 2% spandex. \u2022 Br\u00e4nd BlueQ  Sokid on kootud pehmest kammitud puuvillast, tugevdatud nailoniga ja sisaldavad veidi elastaani, et need p\u00fcsiksid mugavad ja vastupidavad.  Meist  Blue Q on ainulaadne ja v\u00e4rvikas br\u00e4nd, mis pakub l\u00f5busaid ja humoorikaid sokke, mis lisavad igap\u00e4evaellu isikup\u00e4ra. Igal sokipaaril on silmapaistvad disainid, vaimukad s\u00f5numid ja k\u00f5rge kvaliteediga materjalid, mis muudavad need sama mugavaks kui l\u00f5busaks. Blue Q sokid on ideaalne valik neile, kes soovivad end v\u00e4ljendada ja oma garderoobile veidi s\u00e4rtsu lisada, olgu see kingitus s\u00f5brale v\u00f5i r\u00f5\u00f5m iseendale.  Lisaks l\u00e4heb osa m\u00fc\u00fcgitulust heategevusse, nii et Blue Q sokkide kandmine teeb head mitmel moel.\" \/>\n<meta property=\"og:url\" content=\"https:\/\/www.talidesign.eu\/et\/pood\/toode\/blueq-cat-lover-jr-the-baby-did-it-beebi-sokid\/\" \/>\n<meta property=\"og:site_name\" content=\"TALI Concept Store\" \/>\n<meta property=\"article:publisher\" content=\"https:\/\/www.facebook.com\/TaliDisain\/\" \/>\n<meta property=\"article:modified_time\" content=\"2026-05-11T13:03:59+00:00\" \/>\n<meta property=\"og:image\" content=\"https:\/\/www.talidesign.eu\/wp\/wp-content\/uploads\/2026\/05\/New-Template-Photoroom-23.jpg\" \/>\n\t<meta property=\"og:image:width\" content=\"1000\" \/>\n\t<meta property=\"og:image:height\" content=\"1000\" \/>\n\t<meta property=\"og:image:type\" content=\"image\/jpeg\" \/>\n<meta name=\"twitter:card\" content=\"summary_large_image\" \/>\n<meta name=\"twitter:label1\" content=\"Est. reading time\" \/>\n\t<meta name=\"twitter:data1\" content=\"2 minutes\" \/>\n<script type=\"application\/ld+json\" class=\"yoast-schema-graph\">{\"@context\":\"https:\\\/\\\/schema.org\",\"@graph\":[{\"@type\":\"WebPage\",\"@id\":\"https:\\\/\\\/www.talidesign.eu\\\/et\\\/pood\\\/toode\\\/blueq-cat-lover-jr-the-baby-did-it-beebi-sokid\\\/\",\"url\":\"https:\\\/\\\/www.talidesign.eu\\\/et\\\/pood\\\/toode\\\/blueq-cat-lover-jr-the-baby-did-it-beebi-sokid\\\/\",\"name\":\"BlueQ Cat Lover Jr.\\\/ The Baby Did It beebi sokid - TALI Concept Store\",\"isPartOf\":{\"@id\":\"https:\\\/\\\/www.talidesign.eu\\\/et\\\/#website\"},\"primaryImageOfPage\":{\"@id\":\"https:\\\/\\\/www.talidesign.eu\\\/et\\\/pood\\\/toode\\\/blueq-cat-lover-jr-the-baby-did-it-beebi-sokid\\\/#primaryimage\"},\"image\":{\"@id\":\"https:\\\/\\\/www.talidesign.eu\\\/et\\\/pood\\\/toode\\\/blueq-cat-lover-jr-the-baby-did-it-beebi-sokid\\\/#primaryimage\"},\"thumbnailUrl\":\"https:\\\/\\\/www.talidesign.eu\\\/wp\\\/wp-content\\\/uploads\\\/2026\\\/05\\\/New-Template-Photoroom-23.jpg\",\"datePublished\":\"2026-05-11T12:58:41+00:00\",\"dateModified\":\"2026-05-11T13:03:59+00:00\",\"breadcrumb\":{\"@id\":\"https:\\\/\\\/www.talidesign.eu\\\/et\\\/pood\\\/toode\\\/blueq-cat-lover-jr-the-baby-did-it-beebi-sokid\\\/#breadcrumb\"},\"inLanguage\":\"et\",\"potentialAction\":[{\"@type\":\"ReadAction\",\"target\":[\"https:\\\/\\\/www.talidesign.eu\\\/et\\\/pood\\\/toode\\\/blueq-cat-lover-jr-the-baby-did-it-beebi-sokid\\\/\"]}]},{\"@type\":\"ImageObject\",\"inLanguage\":\"et\",\"@id\":\"https:\\\/\\\/www.talidesign.eu\\\/et\\\/pood\\\/toode\\\/blueq-cat-lover-jr-the-baby-did-it-beebi-sokid\\\/#primaryimage\",\"url\":\"https:\\\/\\\/www.talidesign.eu\\\/wp\\\/wp-content\\\/uploads\\\/2026\\\/05\\\/New-Template-Photoroom-23.jpg\",\"contentUrl\":\"https:\\\/\\\/www.talidesign.eu\\\/wp\\\/wp-content\\\/uploads\\\/2026\\\/05\\\/New-Template-Photoroom-23.jpg\",\"width\":1000,\"height\":1000},{\"@type\":\"BreadcrumbList\",\"@id\":\"https:\\\/\\\/www.talidesign.eu\\\/et\\\/pood\\\/toode\\\/blueq-cat-lover-jr-the-baby-did-it-beebi-sokid\\\/#breadcrumb\",\"itemListElement\":[{\"@type\":\"ListItem\",\"position\":1,\"name\":\"Avaleht\",\"item\":\"https:\\\/\\\/www.talidesign.eu\\\/et\\\/\"},{\"@type\":\"ListItem\",\"position\":2,\"name\":\"Pood\",\"item\":\"https:\\\/\\\/www.talidesign.eu\\\/et\\\/pood\\\/\"},{\"@type\":\"ListItem\",\"position\":3,\"name\":\"BlueQ Cat Lover Jr.\\\/ The Baby Did It beebi sokid\"}]},{\"@type\":\"WebSite\",\"@id\":\"https:\\\/\\\/www.talidesign.eu\\\/et\\\/#website\",\"url\":\"https:\\\/\\\/www.talidesign.eu\\\/et\\\/\",\"name\":\"TALI Concept Store\",\"description\":\"Suurim Disainipood Eestis\",\"potentialAction\":[{\"@type\":\"SearchAction\",\"target\":{\"@type\":\"EntryPoint\",\"urlTemplate\":\"https:\\\/\\\/www.talidesign.eu\\\/et\\\/?s={search_term_string}\"},\"query-input\":{\"@type\":\"PropertyValueSpecification\",\"valueRequired\":true,\"valueName\":\"search_term_string\"}}],\"inLanguage\":\"et\"}]}<\/script>\n<!-- \/ Yoast SEO plugin. -->","yoast_head_json":{"title":"BlueQ Cat Lover Jr.\/ The Baby Did It beebi sokid - TALI Concept Store","robots":{"index":"index","follow":"follow","max-snippet":"max-snippet:-1","max-image-preview":"max-image-preview:large","max-video-preview":"max-video-preview:-1"},"canonical":"https:\/\/www.talidesign.eu\/et\/pood\/toode\/blueq-cat-lover-jr-the-baby-did-it-beebi-sokid\/","og_locale":"et_EE","og_type":"article","og_title":"BlueQ Cat Lover Jr.\/ The Baby Did It beebi sokid - TALI Concept Store","og_description":"Cat Lover Jr.\/ The Baby Did It beebi sokid  See on \u00fcks keeruline suhe\u2026 ja meile just nii meeldibki. Eriti kui keegi peab v\u00e4ikeste pahanduste eest vastutama.  \u2022 Komplekt sisaldab 2 paari. Suurus: 0\u201312 kuud. \u2022 Koostis: 73% orgaaniline puuvill, 25% nailon, 2% spandex. \u2022 Br\u00e4nd BlueQ  Sokid on kootud pehmest kammitud puuvillast, tugevdatud nailoniga ja sisaldavad veidi elastaani, et need p\u00fcsiksid mugavad ja vastupidavad.  Meist  Blue Q on ainulaadne ja v\u00e4rvikas br\u00e4nd, mis pakub l\u00f5busaid ja humoorikaid sokke, mis lisavad igap\u00e4evaellu isikup\u00e4ra. Igal sokipaaril on silmapaistvad disainid, vaimukad s\u00f5numid ja k\u00f5rge kvaliteediga materjalid, mis muudavad need sama mugavaks kui l\u00f5busaks. Blue Q sokid on ideaalne valik neile, kes soovivad end v\u00e4ljendada ja oma garderoobile veidi s\u00e4rtsu lisada, olgu see kingitus s\u00f5brale v\u00f5i r\u00f5\u00f5m iseendale.  Lisaks l\u00e4heb osa m\u00fc\u00fcgitulust heategevusse, nii et Blue Q sokkide kandmine teeb head mitmel moel.","og_url":"https:\/\/www.talidesign.eu\/et\/pood\/toode\/blueq-cat-lover-jr-the-baby-did-it-beebi-sokid\/","og_site_name":"TALI Concept Store","article_publisher":"https:\/\/www.facebook.com\/TaliDisain\/","article_modified_time":"2026-05-11T13:03:59+00:00","og_image":[{"width":1000,"height":1000,"url":"https:\/\/www.talidesign.eu\/wp\/wp-content\/uploads\/2026\/05\/New-Template-Photoroom-23.jpg","type":"image\/jpeg"}],"twitter_card":"summary_large_image","twitter_misc":{"Est. reading time":"2 minutes"},"schema":{"@context":"https:\/\/schema.org","@graph":[{"@type":"WebPage","@id":"https:\/\/www.talidesign.eu\/et\/pood\/toode\/blueq-cat-lover-jr-the-baby-did-it-beebi-sokid\/","url":"https:\/\/www.talidesign.eu\/et\/pood\/toode\/blueq-cat-lover-jr-the-baby-did-it-beebi-sokid\/","name":"BlueQ Cat Lover Jr.\/ The Baby Did It beebi sokid - TALI Concept Store","isPartOf":{"@id":"https:\/\/www.talidesign.eu\/et\/#website"},"primaryImageOfPage":{"@id":"https:\/\/www.talidesign.eu\/et\/pood\/toode\/blueq-cat-lover-jr-the-baby-did-it-beebi-sokid\/#primaryimage"},"image":{"@id":"https:\/\/www.talidesign.eu\/et\/pood\/toode\/blueq-cat-lover-jr-the-baby-did-it-beebi-sokid\/#primaryimage"},"thumbnailUrl":"https:\/\/www.talidesign.eu\/wp\/wp-content\/uploads\/2026\/05\/New-Template-Photoroom-23.jpg","datePublished":"2026-05-11T12:58:41+00:00","dateModified":"2026-05-11T13:03:59+00:00","breadcrumb":{"@id":"https:\/\/www.talidesign.eu\/et\/pood\/toode\/blueq-cat-lover-jr-the-baby-did-it-beebi-sokid\/#breadcrumb"},"inLanguage":"et","potentialAction":[{"@type":"ReadAction","target":["https:\/\/www.talidesign.eu\/et\/pood\/toode\/blueq-cat-lover-jr-the-baby-did-it-beebi-sokid\/"]}]},{"@type":"ImageObject","inLanguage":"et","@id":"https:\/\/www.talidesign.eu\/et\/pood\/toode\/blueq-cat-lover-jr-the-baby-did-it-beebi-sokid\/#primaryimage","url":"https:\/\/www.talidesign.eu\/wp\/wp-content\/uploads\/2026\/05\/New-Template-Photoroom-23.jpg","contentUrl":"https:\/\/www.talidesign.eu\/wp\/wp-content\/uploads\/2026\/05\/New-Template-Photoroom-23.jpg","width":1000,"height":1000},{"@type":"BreadcrumbList","@id":"https:\/\/www.talidesign.eu\/et\/pood\/toode\/blueq-cat-lover-jr-the-baby-did-it-beebi-sokid\/#breadcrumb","itemListElement":[{"@type":"ListItem","position":1,"name":"Avaleht","item":"https:\/\/www.talidesign.eu\/et\/"},{"@type":"ListItem","position":2,"name":"Pood","item":"https:\/\/www.talidesign.eu\/et\/pood\/"},{"@type":"ListItem","position":3,"name":"BlueQ Cat Lover Jr.\/ The Baby Did It beebi sokid"}]},{"@type":"WebSite","@id":"https:\/\/www.talidesign.eu\/et\/#website","url":"https:\/\/www.talidesign.eu\/et\/","name":"TALI Concept Store","description":"Suurim Disainipood Eestis","potentialAction":[{"@type":"SearchAction","target":{"@type":"EntryPoint","urlTemplate":"https:\/\/www.talidesign.eu\/et\/?s={search_term_string}"},"query-input":{"@type":"PropertyValueSpecification","valueRequired":true,"valueName":"search_term_string"}}],"inLanguage":"et"}]}},"_links":{"self":[{"href":"https:\/\/www.talidesign.eu\/et\/wp-json\/wp\/v2\/product\/117297","targetHints":{"allow":["GET"]}}],"collection":[{"href":"https:\/\/www.talidesign.eu\/et\/wp-json\/wp\/v2\/product"}],"about":[{"href":"https:\/\/www.talidesign.eu\/et\/wp-json\/wp\/v2\/types\/product"}],"wp:featuredmedia":[{"embeddable":true,"href":"https:\/\/www.talidesign.eu\/et\/wp-json\/wp\/v2\/media\/117301"}],"wp:attachment":[{"href":"https:\/\/www.talidesign.eu\/et\/wp-json\/wp\/v2\/media?parent=117297"}],"wp:term":[{"taxonomy":"product_brand","embeddable":true,"href":"https:\/\/www.talidesign.eu\/et\/wp-json\/wp\/v2\/product_brand?post=117297"},{"taxonomy":"product_cat","embeddable":true,"href":"https:\/\/www.talidesign.eu\/et\/wp-json\/wp\/v2\/product_cat?post=117297"},{"taxonomy":"product_tag","embeddable":true,"href":"https:\/\/www.talidesign.eu\/et\/wp-json\/wp\/v2\/product_tag?post=117297"}],"curies":[{"name":"wp","href":"https:\/\/api.w.org\/{rel}","templated":true}]}}