{"id":36028,"date":"2021-06-19T19:13:18","date_gmt":"2021-06-19T16:13:18","guid":{"rendered":"https:\/\/www.talidesign.eu\/shop\/product\/zone-triangles-trivet-birch\/"},"modified":"2026-04-08T15:12:21","modified_gmt":"2026-04-08T12:12:21","slug":"zone-triangles-kuumaalus-kask","status":"publish","type":"product","link":"https:\/\/www.talidesign.eu\/et\/pood\/toode\/zone-triangles-kuumaalus-kask\/","title":{"rendered":"Zone Triangles kuumaalus Kask"},"content":{"rendered":"<p><strong>Triangles kuumaalus Kask<\/strong><\/p>\n<p>Triangle kuumaalused on valmistatud silikoonist, kuumakindlad kuni 250 \u00b0 C ning pestavad n\u00f5udepesumasinas.<br \/>\nDekoratiivsed alused lisavad laua katmisele uue ja loomingulise m\u00f5\u00f5tme, pannes peaaegu unustama nende esmase eesm\u00e4rgi.<\/p>\n<p>\u2022 Kask<br \/>\n\u2022 Pikkus: 16 cm<br \/>\n\u2022 Laius: 14cm<br \/>\n\u2022 K\u00f5rgus: 1cm<br \/>\n\u2022 Silikoon<br \/>\n\u2022 <a href=\"\/et\/tootekategooria\/brandid\/zone-denmark-et\/\">Br\u00e4nd Zone Denmark<\/a><\/p>\n<p>Asetage need dekoratiivsetesse mustritesse kogu laua ulatuses v\u00f5i pange kuumaalused ringikujuliselt lauale, et saata kuumad n\u00f5ud ringi k\u00e4ima aluseid liigutamata. Kuumaalused on valmistatud kuumakindlast n\u00f5udepesumasinas pestavast silikoonist, et neid oleks lihtne puhastada.<\/p>\n<p><strong>Tutvu disaineritega!<\/strong><\/p>\n<p>Triangles kuumaalused on disaininud Taani disainib\u00fcroo VE2 kolmik Tilde Nygaard, Hugo Dines Schmidt ja Morten Lauritzen. Nende loodud lahendused on funktsionaalsed, esteetilised ja vastupidavad ning alati lihtsalt kombineeritavad teiste toodetega.<\/p>\n<p><a href=\"https:\/\/www.talidesign.eu\/wp\/wp-content\/uploads\/2021\/03\/2-1.jpg\"><img loading=\"lazy\" decoding=\"async\" src=\"https:\/\/www.talidesign.eu\/wp\/wp-content\/uploads\/2021\/03\/2-1.jpg\" alt=\"\" width=\"1278\" height=\"753\" class=\"alignnone size-full wp-image-22767\" srcset=\"https:\/\/www.talidesign.eu\/wp\/wp-content\/uploads\/2021\/03\/2-1.jpg 1278w, https:\/\/www.talidesign.eu\/wp\/wp-content\/uploads\/2021\/03\/2-1-679x400.jpg 679w, https:\/\/www.talidesign.eu\/wp\/wp-content\/uploads\/2021\/03\/2-1-768x453.jpg 768w, https:\/\/www.talidesign.eu\/wp\/wp-content\/uploads\/2021\/03\/2-1-500x295.jpg 500w, https:\/\/www.talidesign.eu\/wp\/wp-content\/uploads\/2021\/03\/2-1-510x300.jpg 510w\" sizes=\"auto, (max-width: 1278px) 100vw, 1278px\" \/><\/a><a href=\"\/product-category\/designers\/zone-denmark\/\"><img loading=\"lazy\" decoding=\"async\" src=\"https:\/\/www.talidesign.eu\/wp\/wp-content\/uploads\/2021\/03\/logo-6.jpg\" alt=\"\" width=\"500\" height=\"100\" class=\"alignnone size-full wp-image-24694\" \/><\/a><\/p>\n","protected":false},"excerpt":{"rendered":"<p><strong>Triangles kuumaalus Kask<\/strong><\/p>\n<p>Triangle kuumaalused on valmistatud silikoonist, kuumakindlad kuni 250 \u00b0 C ning pestavad n\u00f5udepesumasinas.<br \/>\nDekoratiivsed alused lisavad laua katmisele uue ja loomingulise m\u00f5\u00f5tme, pannes peaaegu unustama nende esmase eesm\u00e4rgi.<\/p>\n<p>\u2022 Kask<br \/>\n\u2022 Pikkus: 16 cm<br \/>\n\u2022 Laius: 14cm<br \/>\n\u2022 K\u00f5rgus: 1cm<br \/>\n\u2022 Silikoon<br \/>\n\u2022 <a href=\"\/product-category\/designers\/zone-denmark\/\">Br\u00e4nd Zone Denmark<\/a><\/p>\n<p>Asetage need dekoratiivsetesse mustritesse kogu laua ulatuses v\u00f5i pange kuumaalused ringikujuliselt lauale, et saata kuumad n\u00f5ud ringi k\u00e4ima aluseid liigutamata. Kuumaalused on valmistatud kuumakindlast n\u00f5udepesumasinas pestavast silikoonist, et neid oleks lihtne puhastada.<\/p>\n<p><strong>Tutvu disaineritega!<\/strong><\/p>\n<p>Triangles kuumaalused on disaininud Taani disainib\u00fcroo VE2 kolmik Tilde Nygaard, Hugo Dines Schmidt ja Morten Lauritzen. Nende loodud lahendused on funktsionaalsed, esteetilised ja vastupidavad ning alati lihtsalt kombineeritavad teiste toodetega.<\/p>\n<p><a href=\"https:\/\/www.talidesign.eu\/wp\/wp-content\/uploads\/2021\/03\/2-1.jpg\"><img loading=\"lazy\" decoding=\"async\" src=\"https:\/\/www.talidesign.eu\/wp\/wp-content\/uploads\/2021\/03\/2-1.jpg\" alt=\"\" width=\"1278\" height=\"753\" class=\"alignnone size-full wp-image-22767\" srcset=\"https:\/\/www.talidesign.eu\/wp\/wp-content\/uploads\/2021\/03\/2-1.jpg 1278w, https:\/\/www.talidesign.eu\/wp\/wp-content\/uploads\/2021\/03\/2-1-679x400.jpg 679w, https:\/\/www.talidesign.eu\/wp\/wp-content\/uploads\/2021\/03\/2-1-768x453.jpg 768w, https:\/\/www.talidesign.eu\/wp\/wp-content\/uploads\/2021\/03\/2-1-500x295.jpg 500w, https:\/\/www.talidesign.eu\/wp\/wp-content\/uploads\/2021\/03\/2-1-510x300.jpg 510w\" sizes=\"auto, (max-width: 1278px) 100vw, 1278px\" \/><\/a><a href=\"\/product-category\/designers\/zone-denmark\/\"><img loading=\"lazy\" decoding=\"async\" src=\"https:\/\/www.talidesign.eu\/wp\/wp-content\/uploads\/2021\/03\/logo-6.jpg\" alt=\"\" width=\"500\" height=\"100\" class=\"alignnone size-full wp-image-24694\" \/><\/a><\/p>\n","protected":false},"featured_media":36029,"template":"","meta":[],"product_brand":[],"product_cat":[1026,1018,1030,1095],"product_tag":[1183],"class_list":{"0":"post-36028","1":"product","2":"type-product","3":"status-publish","4":"has-post-thumbnail","6":"product_cat-brandid","7":"product_cat-kodu","8":"product_cat-kook","9":"product_cat-zone-denmark-et","10":"product_tag-zone-trivet-et","12":"first","13":"instock","14":"taxable","15":"shipping-taxable","16":"purchasable","17":"product-type-simple"},"yoast_head":"<!-- This site is optimized with the Yoast SEO plugin v27.3 - https:\/\/yoast.com\/product\/yoast-seo-wordpress\/ -->\n<title>Zone Triangles kuumaalus Kask - TALI Concept Store<\/title>\n<meta name=\"description\" content=\"Zone Triangles kuumaalus Kask - Silikoonist kuumaalus, mis lisab lauale uue ja loomingulise m\u00f5\u00f5tme. Kuumakindel ja pestav. Br\u00e4nd Zone Denmark. Tutvu disaineritega!\" \/>\n<meta name=\"robots\" content=\"index, follow, max-snippet:-1, max-image-preview:large, max-video-preview:-1\" \/>\n<link rel=\"canonical\" href=\"https:\/\/www.talidesign.eu\/et\/pood\/toode\/zone-triangles-kuumaalus-kask\/\" \/>\n<meta property=\"og:locale\" content=\"et_EE\" \/>\n<meta property=\"og:type\" content=\"article\" \/>\n<meta property=\"og:title\" content=\"Zone Triangles kuumaalus Kask - TALI Concept Store\" \/>\n<meta property=\"og:description\" content=\"Zone Triangles kuumaalus Kask - Silikoonist kuumaalus, mis lisab lauale uue ja loomingulise m\u00f5\u00f5tme. Kuumakindel ja pestav. Br\u00e4nd Zone Denmark. Tutvu disaineritega!\" \/>\n<meta property=\"og:url\" content=\"https:\/\/www.talidesign.eu\/et\/pood\/toode\/zone-triangles-kuumaalus-kask\/\" \/>\n<meta property=\"og:site_name\" content=\"TALI Concept Store\" \/>\n<meta property=\"article:publisher\" content=\"https:\/\/www.facebook.com\/TaliDisain\/\" \/>\n<meta property=\"article:modified_time\" content=\"2026-04-08T12:12:21+00:00\" \/>\n<meta property=\"og:image\" content=\"https:\/\/www.talidesign.eu\/wp\/wp-content\/uploads\/2021\/06\/zone-triangles-trivet-birch.jpg\" \/>\n\t<meta property=\"og:image:width\" content=\"750\" \/>\n\t<meta property=\"og:image:height\" content=\"750\" \/>\n\t<meta property=\"og:image:type\" content=\"image\/jpeg\" \/>\n<meta name=\"twitter:card\" content=\"summary_large_image\" \/>\n<meta name=\"twitter:label1\" content=\"Est. reading time\" \/>\n\t<meta name=\"twitter:data1\" content=\"1 minute\" \/>\n<script type=\"application\/ld+json\" class=\"yoast-schema-graph\">{\"@context\":\"https:\\\/\\\/schema.org\",\"@graph\":[{\"@type\":\"WebPage\",\"@id\":\"https:\\\/\\\/www.talidesign.eu\\\/et\\\/pood\\\/toode\\\/zone-triangles-kuumaalus-kask\\\/\",\"url\":\"https:\\\/\\\/www.talidesign.eu\\\/et\\\/pood\\\/toode\\\/zone-triangles-kuumaalus-kask\\\/\",\"name\":\"Zone Triangles kuumaalus Kask - TALI Concept Store\",\"isPartOf\":{\"@id\":\"https:\\\/\\\/www.talidesign.eu\\\/et\\\/#website\"},\"primaryImageOfPage\":{\"@id\":\"https:\\\/\\\/www.talidesign.eu\\\/et\\\/pood\\\/toode\\\/zone-triangles-kuumaalus-kask\\\/#primaryimage\"},\"image\":{\"@id\":\"https:\\\/\\\/www.talidesign.eu\\\/et\\\/pood\\\/toode\\\/zone-triangles-kuumaalus-kask\\\/#primaryimage\"},\"thumbnailUrl\":\"https:\\\/\\\/www.talidesign.eu\\\/wp\\\/wp-content\\\/uploads\\\/2021\\\/06\\\/zone-triangles-trivet-birch.jpg\",\"datePublished\":\"2021-06-19T16:13:18+00:00\",\"dateModified\":\"2026-04-08T12:12:21+00:00\",\"description\":\"Zone Triangles kuumaalus Kask - Silikoonist kuumaalus, mis lisab lauale uue ja loomingulise m\u00f5\u00f5tme. Kuumakindel ja pestav. Br\u00e4nd Zone Denmark. Tutvu disaineritega!\",\"breadcrumb\":{\"@id\":\"https:\\\/\\\/www.talidesign.eu\\\/et\\\/pood\\\/toode\\\/zone-triangles-kuumaalus-kask\\\/#breadcrumb\"},\"inLanguage\":\"et\",\"potentialAction\":[{\"@type\":\"ReadAction\",\"target\":[\"https:\\\/\\\/www.talidesign.eu\\\/et\\\/pood\\\/toode\\\/zone-triangles-kuumaalus-kask\\\/\"]}]},{\"@type\":\"ImageObject\",\"inLanguage\":\"et\",\"@id\":\"https:\\\/\\\/www.talidesign.eu\\\/et\\\/pood\\\/toode\\\/zone-triangles-kuumaalus-kask\\\/#primaryimage\",\"url\":\"https:\\\/\\\/www.talidesign.eu\\\/wp\\\/wp-content\\\/uploads\\\/2021\\\/06\\\/zone-triangles-trivet-birch.jpg\",\"contentUrl\":\"https:\\\/\\\/www.talidesign.eu\\\/wp\\\/wp-content\\\/uploads\\\/2021\\\/06\\\/zone-triangles-trivet-birch.jpg\",\"width\":750,\"height\":750},{\"@type\":\"BreadcrumbList\",\"@id\":\"https:\\\/\\\/www.talidesign.eu\\\/et\\\/pood\\\/toode\\\/zone-triangles-kuumaalus-kask\\\/#breadcrumb\",\"itemListElement\":[{\"@type\":\"ListItem\",\"position\":1,\"name\":\"Avaleht\",\"item\":\"https:\\\/\\\/www.talidesign.eu\\\/et\\\/\"},{\"@type\":\"ListItem\",\"position\":2,\"name\":\"Pood\",\"item\":\"https:\\\/\\\/www.talidesign.eu\\\/et\\\/pood\\\/\"},{\"@type\":\"ListItem\",\"position\":3,\"name\":\"Zone Triangles kuumaalus Kask\"}]},{\"@type\":\"WebSite\",\"@id\":\"https:\\\/\\\/www.talidesign.eu\\\/et\\\/#website\",\"url\":\"https:\\\/\\\/www.talidesign.eu\\\/et\\\/\",\"name\":\"TALI Concept Store\",\"description\":\"Suurim Disainipood Eestis\",\"potentialAction\":[{\"@type\":\"SearchAction\",\"target\":{\"@type\":\"EntryPoint\",\"urlTemplate\":\"https:\\\/\\\/www.talidesign.eu\\\/et\\\/?s={search_term_string}\"},\"query-input\":{\"@type\":\"PropertyValueSpecification\",\"valueRequired\":true,\"valueName\":\"search_term_string\"}}],\"inLanguage\":\"et\"}]}<\/script>\n<!-- \/ Yoast SEO plugin. -->","yoast_head_json":{"title":"Zone Triangles kuumaalus Kask - TALI Concept Store","description":"Zone Triangles kuumaalus Kask - Silikoonist kuumaalus, mis lisab lauale uue ja loomingulise m\u00f5\u00f5tme. Kuumakindel ja pestav. Br\u00e4nd Zone Denmark. Tutvu disaineritega!","robots":{"index":"index","follow":"follow","max-snippet":"max-snippet:-1","max-image-preview":"max-image-preview:large","max-video-preview":"max-video-preview:-1"},"canonical":"https:\/\/www.talidesign.eu\/et\/pood\/toode\/zone-triangles-kuumaalus-kask\/","og_locale":"et_EE","og_type":"article","og_title":"Zone Triangles kuumaalus Kask - TALI Concept Store","og_description":"Zone Triangles kuumaalus Kask - Silikoonist kuumaalus, mis lisab lauale uue ja loomingulise m\u00f5\u00f5tme. Kuumakindel ja pestav. Br\u00e4nd Zone Denmark. Tutvu disaineritega!","og_url":"https:\/\/www.talidesign.eu\/et\/pood\/toode\/zone-triangles-kuumaalus-kask\/","og_site_name":"TALI Concept Store","article_publisher":"https:\/\/www.facebook.com\/TaliDisain\/","article_modified_time":"2026-04-08T12:12:21+00:00","og_image":[{"width":750,"height":750,"url":"https:\/\/www.talidesign.eu\/wp\/wp-content\/uploads\/2021\/06\/zone-triangles-trivet-birch.jpg","type":"image\/jpeg"}],"twitter_card":"summary_large_image","twitter_misc":{"Est. reading time":"1 minute"},"schema":{"@context":"https:\/\/schema.org","@graph":[{"@type":"WebPage","@id":"https:\/\/www.talidesign.eu\/et\/pood\/toode\/zone-triangles-kuumaalus-kask\/","url":"https:\/\/www.talidesign.eu\/et\/pood\/toode\/zone-triangles-kuumaalus-kask\/","name":"Zone Triangles kuumaalus Kask - TALI Concept Store","isPartOf":{"@id":"https:\/\/www.talidesign.eu\/et\/#website"},"primaryImageOfPage":{"@id":"https:\/\/www.talidesign.eu\/et\/pood\/toode\/zone-triangles-kuumaalus-kask\/#primaryimage"},"image":{"@id":"https:\/\/www.talidesign.eu\/et\/pood\/toode\/zone-triangles-kuumaalus-kask\/#primaryimage"},"thumbnailUrl":"https:\/\/www.talidesign.eu\/wp\/wp-content\/uploads\/2021\/06\/zone-triangles-trivet-birch.jpg","datePublished":"2021-06-19T16:13:18+00:00","dateModified":"2026-04-08T12:12:21+00:00","description":"Zone Triangles kuumaalus Kask - Silikoonist kuumaalus, mis lisab lauale uue ja loomingulise m\u00f5\u00f5tme. Kuumakindel ja pestav. Br\u00e4nd Zone Denmark. Tutvu disaineritega!","breadcrumb":{"@id":"https:\/\/www.talidesign.eu\/et\/pood\/toode\/zone-triangles-kuumaalus-kask\/#breadcrumb"},"inLanguage":"et","potentialAction":[{"@type":"ReadAction","target":["https:\/\/www.talidesign.eu\/et\/pood\/toode\/zone-triangles-kuumaalus-kask\/"]}]},{"@type":"ImageObject","inLanguage":"et","@id":"https:\/\/www.talidesign.eu\/et\/pood\/toode\/zone-triangles-kuumaalus-kask\/#primaryimage","url":"https:\/\/www.talidesign.eu\/wp\/wp-content\/uploads\/2021\/06\/zone-triangles-trivet-birch.jpg","contentUrl":"https:\/\/www.talidesign.eu\/wp\/wp-content\/uploads\/2021\/06\/zone-triangles-trivet-birch.jpg","width":750,"height":750},{"@type":"BreadcrumbList","@id":"https:\/\/www.talidesign.eu\/et\/pood\/toode\/zone-triangles-kuumaalus-kask\/#breadcrumb","itemListElement":[{"@type":"ListItem","position":1,"name":"Avaleht","item":"https:\/\/www.talidesign.eu\/et\/"},{"@type":"ListItem","position":2,"name":"Pood","item":"https:\/\/www.talidesign.eu\/et\/pood\/"},{"@type":"ListItem","position":3,"name":"Zone Triangles kuumaalus Kask"}]},{"@type":"WebSite","@id":"https:\/\/www.talidesign.eu\/et\/#website","url":"https:\/\/www.talidesign.eu\/et\/","name":"TALI Concept Store","description":"Suurim Disainipood Eestis","potentialAction":[{"@type":"SearchAction","target":{"@type":"EntryPoint","urlTemplate":"https:\/\/www.talidesign.eu\/et\/?s={search_term_string}"},"query-input":{"@type":"PropertyValueSpecification","valueRequired":true,"valueName":"search_term_string"}}],"inLanguage":"et"}]}},"_links":{"self":[{"href":"https:\/\/www.talidesign.eu\/et\/wp-json\/wp\/v2\/product\/36028","targetHints":{"allow":["GET"]}}],"collection":[{"href":"https:\/\/www.talidesign.eu\/et\/wp-json\/wp\/v2\/product"}],"about":[{"href":"https:\/\/www.talidesign.eu\/et\/wp-json\/wp\/v2\/types\/product"}],"wp:featuredmedia":[{"embeddable":true,"href":"https:\/\/www.talidesign.eu\/et\/wp-json\/wp\/v2\/media\/36029"}],"wp:attachment":[{"href":"https:\/\/www.talidesign.eu\/et\/wp-json\/wp\/v2\/media?parent=36028"}],"wp:term":[{"taxonomy":"product_brand","embeddable":true,"href":"https:\/\/www.talidesign.eu\/et\/wp-json\/wp\/v2\/product_brand?post=36028"},{"taxonomy":"product_cat","embeddable":true,"href":"https:\/\/www.talidesign.eu\/et\/wp-json\/wp\/v2\/product_cat?post=36028"},{"taxonomy":"product_tag","embeddable":true,"href":"https:\/\/www.talidesign.eu\/et\/wp-json\/wp\/v2\/product_tag?post=36028"}],"curies":[{"name":"wp","href":"https:\/\/api.w.org\/{rel}","templated":true}]}}