{"id":36042,"date":"2021-05-16T19:18:54","date_gmt":"2021-05-16T16:18:54","guid":{"rendered":"https:\/\/www.talidesign.eu\/shop\/product\/zone-singles-hand-spray-go-clean-cocoa-brown\/"},"modified":"2021-10-23T16:58:27","modified_gmt":"2021-10-23T13:58:27","slug":"zone-singles-katesprei-go-clean-pruun","status":"publish","type":"product","link":"https:\/\/www.talidesign.eu\/et\/pood\/toode\/zone-singles-katesprei-go-clean-pruun\/","title":{"rendered":"Zone Singles k\u00e4tesprei Go Clean Pruun"},"content":{"rendered":"<p><strong>Singles Hand Spray Go Clean Cocoa Brown<\/strong><\/p>\n<p>Pocket-sized peace of mind. <\/p>\n<p>Now you can get safely from A to B without having to worry about germs. Go Clean is a nifty and hygienic pocket-sized hand spray in Zone Denmark\u2019s signature minimalist design. Easy to carry in your pocket or stash in a bag with your keys and mobile phone. <\/p>\n<p>Use it anywhere, anytime for germ-free hands on-the-go. Perfect for shopping, work, airplanes, car, etc. <\/p>\n<p>\u2022 Cocoa Brown<br \/>\n\u2022 ABS<br \/>\n\u2022 Capacity 15 ml<br \/>\n\u2022 Dia 2.4 x 8.6<br \/>\n\u2022 Does not contain liquid<br \/>\n\u2022 <a href=\"\/et\/tootekategooria\/brandid\/zone-denmark-et\/\">Br\u00e4nd Zone Denmark<\/a><\/p>\n<p><strong>Meet the designers behind Singles!<\/strong><\/p>\n<p>Tilde Nygaard, Hugo Dines Schmidt and Morten Lauritzen are the trio behind VE2 and the people behind the Singles series. Their solutions interact with other products and their ambition is to create simple, aesthetic and durable designs such as Ume \u2013 with a clear functional justification<\/p>\n<p><a href=\"https:\/\/www.talidesign.eu\/wp\/wp-content\/uploads\/2021\/01\/getimage.jpg\"><img loading=\"lazy\" decoding=\"async\" src=\"https:\/\/www.talidesign.eu\/wp\/wp-content\/uploads\/2021\/01\/getimage.jpg\" alt=\"\" width=\"1278\" height=\"753\" class=\"alignnone size-full wp-image-22828\" srcset=\"https:\/\/www.talidesign.eu\/wp\/wp-content\/uploads\/2021\/01\/getimage.jpg 1278w, https:\/\/www.talidesign.eu\/wp\/wp-content\/uploads\/2021\/01\/getimage-679x400.jpg 679w, https:\/\/www.talidesign.eu\/wp\/wp-content\/uploads\/2021\/01\/getimage-768x453.jpg 768w, https:\/\/www.talidesign.eu\/wp\/wp-content\/uploads\/2021\/01\/getimage-500x295.jpg 500w, https:\/\/www.talidesign.eu\/wp\/wp-content\/uploads\/2021\/01\/getimage-510x300.jpg 510w\" sizes=\"auto, (max-width: 1278px) 100vw, 1278px\" \/><\/a><a href=\"\/product-category\/designers\/zone-denmark\/\"><img loading=\"lazy\" decoding=\"async\" src=\"https:\/\/www.talidesign.eu\/wp\/wp-content\/uploads\/2021\/03\/logo-6.jpg\" alt=\"\" width=\"500\" height=\"100\" class=\"alignnone size-full wp-image-24694\" \/><\/a><\/p>\n","protected":false},"excerpt":{"rendered":"<p><strong>Singles Hand Spray Go Clean Cocoa Brown<\/strong><\/p>\n<p>Pocket-sized peace of mind. <\/p>\n<p>Now you can get safely from A to B without having to worry about germs. Go Clean is a nifty and hygienic pocket-sized hand spray in Zone Denmark\u2019s signature minimalist design. Easy to carry in your pocket or stash in a bag with your keys and mobile phone. <\/p>\n<p>Use it anywhere, anytime for germ-free hands on-the-go. Perfect for shopping, work, airplanes, car, etc. <\/p>\n<p>\u2022 Cocoa Brown<br \/>\n\u2022 ABS<br \/>\n\u2022 Capacity 15 ml<br \/>\n\u2022 Dia 2.4 x 8.6<br \/>\n\u2022 <a href=\"\/product-category\/designers\/zone-denmark\/\">Brand Zone Denmark<\/a><\/p>\n<p><strong>Meet the designers behind Singles!<\/strong><\/p>\n<p>Tilde Nygaard, Hugo Dines Schmidt and Morten Lauritzen are the trio behind VE2 and the people behind the Singles series. Their solutions interact with other products and their ambition is to create simple, aesthetic and durable designs such as Ume \u2013 with a clear functional justification<\/p>\n<p><a href=\"https:\/\/www.talidesign.eu\/wp\/wp-content\/uploads\/2021\/01\/getimage.jpg\"><img loading=\"lazy\" decoding=\"async\" src=\"https:\/\/www.talidesign.eu\/wp\/wp-content\/uploads\/2021\/01\/getimage.jpg\" alt=\"\" width=\"1278\" height=\"753\" class=\"alignnone size-full wp-image-22828\" srcset=\"https:\/\/www.talidesign.eu\/wp\/wp-content\/uploads\/2021\/01\/getimage.jpg 1278w, https:\/\/www.talidesign.eu\/wp\/wp-content\/uploads\/2021\/01\/getimage-679x400.jpg 679w, https:\/\/www.talidesign.eu\/wp\/wp-content\/uploads\/2021\/01\/getimage-768x453.jpg 768w, https:\/\/www.talidesign.eu\/wp\/wp-content\/uploads\/2021\/01\/getimage-500x295.jpg 500w, https:\/\/www.talidesign.eu\/wp\/wp-content\/uploads\/2021\/01\/getimage-510x300.jpg 510w\" sizes=\"auto, (max-width: 1278px) 100vw, 1278px\" \/><\/a><a href=\"\/product-category\/designers\/zone-denmark\/\"><img loading=\"lazy\" decoding=\"async\" src=\"https:\/\/www.talidesign.eu\/wp\/wp-content\/uploads\/2021\/03\/logo-6.jpg\" alt=\"\" width=\"500\" height=\"100\" class=\"alignnone size-full wp-image-24694\" \/><\/a><\/p>\n","protected":false},"featured_media":36043,"template":"","meta":[],"product_brand":[],"product_cat":[1026,1018,1030,1100,1095],"product_tag":[1180],"class_list":{"0":"post-36042","1":"product","2":"type-product","3":"status-publish","4":"has-post-thumbnail","6":"product_cat-brandid","7":"product_cat-kodu","8":"product_cat-kook","9":"product_cat-vannituba","10":"product_cat-zone-denmark-et","11":"product_tag-zone-et","13":"first","14":"outofstock","15":"taxable","16":"shipping-taxable","17":"purchasable","18":"product-type-simple"},"yoast_head":"<!-- This site is optimized with the Yoast SEO plugin v27.3 - https:\/\/yoast.com\/product\/yoast-seo-wordpress\/ -->\n<title>Zone Singles k\u00e4tesprei Go Clean Pruun - TALI Concept Store<\/title>\n<meta name=\"description\" content=\"Taskukohane rahuallikas. Zone Denmark&#039;i Go Clean on k\u00e4ep\u00e4rane ja h\u00fcgieeniline taskusuurune k\u00e4tesprei minimalistlikus disainis. Lihtne kaasas kanda v\u00f5tmete ja mobiiliga. Kasuta seda igal pool ja igal ajal, et hoida k\u00e4ed bakteritest puhtad. Ideaalne ostlemiseks, t\u00f6\u00f6ks, lennukis\u00f5iduks, autos\u00f5iduks jne. Pruun v\u00e4rv. Br\u00e4nd Zone Denmark.\" \/>\n<meta name=\"robots\" content=\"index, follow, max-snippet:-1, max-image-preview:large, max-video-preview:-1\" \/>\n<link rel=\"canonical\" href=\"https:\/\/www.talidesign.eu\/et\/pood\/toode\/zone-singles-katesprei-go-clean-pruun\/\" \/>\n<meta property=\"og:locale\" content=\"et_EE\" \/>\n<meta property=\"og:type\" content=\"article\" \/>\n<meta property=\"og:title\" content=\"Zone Singles k\u00e4tesprei Go Clean Pruun - TALI Concept Store\" \/>\n<meta property=\"og:description\" content=\"Taskukohane rahuallikas. Zone Denmark&#039;i Go Clean on k\u00e4ep\u00e4rane ja h\u00fcgieeniline taskusuurune k\u00e4tesprei minimalistlikus disainis. Lihtne kaasas kanda v\u00f5tmete ja mobiiliga. Kasuta seda igal pool ja igal ajal, et hoida k\u00e4ed bakteritest puhtad. Ideaalne ostlemiseks, t\u00f6\u00f6ks, lennukis\u00f5iduks, autos\u00f5iduks jne. Pruun v\u00e4rv. Br\u00e4nd Zone Denmark.\" \/>\n<meta property=\"og:url\" content=\"https:\/\/www.talidesign.eu\/et\/pood\/toode\/zone-singles-katesprei-go-clean-pruun\/\" \/>\n<meta property=\"og:site_name\" content=\"TALI Concept Store\" \/>\n<meta property=\"article:publisher\" content=\"https:\/\/www.facebook.com\/TaliDisain\/\" \/>\n<meta property=\"article:modified_time\" content=\"2021-10-23T13:58:27+00:00\" \/>\n<meta property=\"og:image\" content=\"https:\/\/www.talidesign.eu\/wp\/wp-content\/uploads\/2021\/05\/zone-singles-hand-spray-go-clean-cocoa-brown.jpg\" \/>\n\t<meta property=\"og:image:width\" content=\"768\" \/>\n\t<meta property=\"og:image:height\" content=\"768\" \/>\n\t<meta property=\"og:image:type\" content=\"image\/jpeg\" \/>\n<meta name=\"twitter:card\" content=\"summary_large_image\" \/>\n<meta name=\"twitter:label1\" content=\"Est. reading time\" \/>\n\t<meta name=\"twitter:data1\" content=\"1 minute\" \/>\n<script type=\"application\/ld+json\" class=\"yoast-schema-graph\">{\"@context\":\"https:\\\/\\\/schema.org\",\"@graph\":[{\"@type\":\"WebPage\",\"@id\":\"https:\\\/\\\/www.talidesign.eu\\\/et\\\/pood\\\/toode\\\/zone-singles-katesprei-go-clean-pruun\\\/\",\"url\":\"https:\\\/\\\/www.talidesign.eu\\\/et\\\/pood\\\/toode\\\/zone-singles-katesprei-go-clean-pruun\\\/\",\"name\":\"Zone Singles k\u00e4tesprei Go Clean Pruun - TALI Concept Store\",\"isPartOf\":{\"@id\":\"https:\\\/\\\/www.talidesign.eu\\\/et\\\/#website\"},\"primaryImageOfPage\":{\"@id\":\"https:\\\/\\\/www.talidesign.eu\\\/et\\\/pood\\\/toode\\\/zone-singles-katesprei-go-clean-pruun\\\/#primaryimage\"},\"image\":{\"@id\":\"https:\\\/\\\/www.talidesign.eu\\\/et\\\/pood\\\/toode\\\/zone-singles-katesprei-go-clean-pruun\\\/#primaryimage\"},\"thumbnailUrl\":\"https:\\\/\\\/www.talidesign.eu\\\/wp\\\/wp-content\\\/uploads\\\/2021\\\/05\\\/zone-singles-hand-spray-go-clean-cocoa-brown.jpg\",\"datePublished\":\"2021-05-16T16:18:54+00:00\",\"dateModified\":\"2021-10-23T13:58:27+00:00\",\"description\":\"Taskukohane rahuallikas. Zone Denmark'i Go Clean on k\u00e4ep\u00e4rane ja h\u00fcgieeniline taskusuurune k\u00e4tesprei minimalistlikus disainis. Lihtne kaasas kanda v\u00f5tmete ja mobiiliga. Kasuta seda igal pool ja igal ajal, et hoida k\u00e4ed bakteritest puhtad. Ideaalne ostlemiseks, t\u00f6\u00f6ks, lennukis\u00f5iduks, autos\u00f5iduks jne. Pruun v\u00e4rv. Br\u00e4nd Zone Denmark.\",\"breadcrumb\":{\"@id\":\"https:\\\/\\\/www.talidesign.eu\\\/et\\\/pood\\\/toode\\\/zone-singles-katesprei-go-clean-pruun\\\/#breadcrumb\"},\"inLanguage\":\"et\",\"potentialAction\":[{\"@type\":\"ReadAction\",\"target\":[\"https:\\\/\\\/www.talidesign.eu\\\/et\\\/pood\\\/toode\\\/zone-singles-katesprei-go-clean-pruun\\\/\"]}]},{\"@type\":\"ImageObject\",\"inLanguage\":\"et\",\"@id\":\"https:\\\/\\\/www.talidesign.eu\\\/et\\\/pood\\\/toode\\\/zone-singles-katesprei-go-clean-pruun\\\/#primaryimage\",\"url\":\"https:\\\/\\\/www.talidesign.eu\\\/wp\\\/wp-content\\\/uploads\\\/2021\\\/05\\\/zone-singles-hand-spray-go-clean-cocoa-brown.jpg\",\"contentUrl\":\"https:\\\/\\\/www.talidesign.eu\\\/wp\\\/wp-content\\\/uploads\\\/2021\\\/05\\\/zone-singles-hand-spray-go-clean-cocoa-brown.jpg\",\"width\":768,\"height\":768},{\"@type\":\"BreadcrumbList\",\"@id\":\"https:\\\/\\\/www.talidesign.eu\\\/et\\\/pood\\\/toode\\\/zone-singles-katesprei-go-clean-pruun\\\/#breadcrumb\",\"itemListElement\":[{\"@type\":\"ListItem\",\"position\":1,\"name\":\"Avaleht\",\"item\":\"https:\\\/\\\/www.talidesign.eu\\\/et\\\/\"},{\"@type\":\"ListItem\",\"position\":2,\"name\":\"Pood\",\"item\":\"https:\\\/\\\/www.talidesign.eu\\\/et\\\/pood\\\/\"},{\"@type\":\"ListItem\",\"position\":3,\"name\":\"Zone Singles k\u00e4tesprei Go Clean Pruun\"}]},{\"@type\":\"WebSite\",\"@id\":\"https:\\\/\\\/www.talidesign.eu\\\/et\\\/#website\",\"url\":\"https:\\\/\\\/www.talidesign.eu\\\/et\\\/\",\"name\":\"TALI Concept Store\",\"description\":\"Suurim Disainipood Eestis\",\"potentialAction\":[{\"@type\":\"SearchAction\",\"target\":{\"@type\":\"EntryPoint\",\"urlTemplate\":\"https:\\\/\\\/www.talidesign.eu\\\/et\\\/?s={search_term_string}\"},\"query-input\":{\"@type\":\"PropertyValueSpecification\",\"valueRequired\":true,\"valueName\":\"search_term_string\"}}],\"inLanguage\":\"et\"}]}<\/script>\n<!-- \/ Yoast SEO plugin. -->","yoast_head_json":{"title":"Zone Singles k\u00e4tesprei Go Clean Pruun - TALI Concept Store","description":"Taskukohane rahuallikas. Zone Denmark'i Go Clean on k\u00e4ep\u00e4rane ja h\u00fcgieeniline taskusuurune k\u00e4tesprei minimalistlikus disainis. Lihtne kaasas kanda v\u00f5tmete ja mobiiliga. Kasuta seda igal pool ja igal ajal, et hoida k\u00e4ed bakteritest puhtad. Ideaalne ostlemiseks, t\u00f6\u00f6ks, lennukis\u00f5iduks, autos\u00f5iduks jne. Pruun v\u00e4rv. Br\u00e4nd Zone Denmark.","robots":{"index":"index","follow":"follow","max-snippet":"max-snippet:-1","max-image-preview":"max-image-preview:large","max-video-preview":"max-video-preview:-1"},"canonical":"https:\/\/www.talidesign.eu\/et\/pood\/toode\/zone-singles-katesprei-go-clean-pruun\/","og_locale":"et_EE","og_type":"article","og_title":"Zone Singles k\u00e4tesprei Go Clean Pruun - TALI Concept Store","og_description":"Taskukohane rahuallikas. Zone Denmark'i Go Clean on k\u00e4ep\u00e4rane ja h\u00fcgieeniline taskusuurune k\u00e4tesprei minimalistlikus disainis. Lihtne kaasas kanda v\u00f5tmete ja mobiiliga. Kasuta seda igal pool ja igal ajal, et hoida k\u00e4ed bakteritest puhtad. Ideaalne ostlemiseks, t\u00f6\u00f6ks, lennukis\u00f5iduks, autos\u00f5iduks jne. Pruun v\u00e4rv. Br\u00e4nd Zone Denmark.","og_url":"https:\/\/www.talidesign.eu\/et\/pood\/toode\/zone-singles-katesprei-go-clean-pruun\/","og_site_name":"TALI Concept Store","article_publisher":"https:\/\/www.facebook.com\/TaliDisain\/","article_modified_time":"2021-10-23T13:58:27+00:00","og_image":[{"width":768,"height":768,"url":"https:\/\/www.talidesign.eu\/wp\/wp-content\/uploads\/2021\/05\/zone-singles-hand-spray-go-clean-cocoa-brown.jpg","type":"image\/jpeg"}],"twitter_card":"summary_large_image","twitter_misc":{"Est. reading time":"1 minute"},"schema":{"@context":"https:\/\/schema.org","@graph":[{"@type":"WebPage","@id":"https:\/\/www.talidesign.eu\/et\/pood\/toode\/zone-singles-katesprei-go-clean-pruun\/","url":"https:\/\/www.talidesign.eu\/et\/pood\/toode\/zone-singles-katesprei-go-clean-pruun\/","name":"Zone Singles k\u00e4tesprei Go Clean Pruun - TALI Concept Store","isPartOf":{"@id":"https:\/\/www.talidesign.eu\/et\/#website"},"primaryImageOfPage":{"@id":"https:\/\/www.talidesign.eu\/et\/pood\/toode\/zone-singles-katesprei-go-clean-pruun\/#primaryimage"},"image":{"@id":"https:\/\/www.talidesign.eu\/et\/pood\/toode\/zone-singles-katesprei-go-clean-pruun\/#primaryimage"},"thumbnailUrl":"https:\/\/www.talidesign.eu\/wp\/wp-content\/uploads\/2021\/05\/zone-singles-hand-spray-go-clean-cocoa-brown.jpg","datePublished":"2021-05-16T16:18:54+00:00","dateModified":"2021-10-23T13:58:27+00:00","description":"Taskukohane rahuallikas. Zone Denmark'i Go Clean on k\u00e4ep\u00e4rane ja h\u00fcgieeniline taskusuurune k\u00e4tesprei minimalistlikus disainis. Lihtne kaasas kanda v\u00f5tmete ja mobiiliga. Kasuta seda igal pool ja igal ajal, et hoida k\u00e4ed bakteritest puhtad. Ideaalne ostlemiseks, t\u00f6\u00f6ks, lennukis\u00f5iduks, autos\u00f5iduks jne. Pruun v\u00e4rv. Br\u00e4nd Zone Denmark.","breadcrumb":{"@id":"https:\/\/www.talidesign.eu\/et\/pood\/toode\/zone-singles-katesprei-go-clean-pruun\/#breadcrumb"},"inLanguage":"et","potentialAction":[{"@type":"ReadAction","target":["https:\/\/www.talidesign.eu\/et\/pood\/toode\/zone-singles-katesprei-go-clean-pruun\/"]}]},{"@type":"ImageObject","inLanguage":"et","@id":"https:\/\/www.talidesign.eu\/et\/pood\/toode\/zone-singles-katesprei-go-clean-pruun\/#primaryimage","url":"https:\/\/www.talidesign.eu\/wp\/wp-content\/uploads\/2021\/05\/zone-singles-hand-spray-go-clean-cocoa-brown.jpg","contentUrl":"https:\/\/www.talidesign.eu\/wp\/wp-content\/uploads\/2021\/05\/zone-singles-hand-spray-go-clean-cocoa-brown.jpg","width":768,"height":768},{"@type":"BreadcrumbList","@id":"https:\/\/www.talidesign.eu\/et\/pood\/toode\/zone-singles-katesprei-go-clean-pruun\/#breadcrumb","itemListElement":[{"@type":"ListItem","position":1,"name":"Avaleht","item":"https:\/\/www.talidesign.eu\/et\/"},{"@type":"ListItem","position":2,"name":"Pood","item":"https:\/\/www.talidesign.eu\/et\/pood\/"},{"@type":"ListItem","position":3,"name":"Zone Singles k\u00e4tesprei Go Clean Pruun"}]},{"@type":"WebSite","@id":"https:\/\/www.talidesign.eu\/et\/#website","url":"https:\/\/www.talidesign.eu\/et\/","name":"TALI Concept Store","description":"Suurim Disainipood Eestis","potentialAction":[{"@type":"SearchAction","target":{"@type":"EntryPoint","urlTemplate":"https:\/\/www.talidesign.eu\/et\/?s={search_term_string}"},"query-input":{"@type":"PropertyValueSpecification","valueRequired":true,"valueName":"search_term_string"}}],"inLanguage":"et"}]}},"_links":{"self":[{"href":"https:\/\/www.talidesign.eu\/et\/wp-json\/wp\/v2\/product\/36042","targetHints":{"allow":["GET"]}}],"collection":[{"href":"https:\/\/www.talidesign.eu\/et\/wp-json\/wp\/v2\/product"}],"about":[{"href":"https:\/\/www.talidesign.eu\/et\/wp-json\/wp\/v2\/types\/product"}],"wp:featuredmedia":[{"embeddable":true,"href":"https:\/\/www.talidesign.eu\/et\/wp-json\/wp\/v2\/media\/36043"}],"wp:attachment":[{"href":"https:\/\/www.talidesign.eu\/et\/wp-json\/wp\/v2\/media?parent=36042"}],"wp:term":[{"taxonomy":"product_brand","embeddable":true,"href":"https:\/\/www.talidesign.eu\/et\/wp-json\/wp\/v2\/product_brand?post=36042"},{"taxonomy":"product_cat","embeddable":true,"href":"https:\/\/www.talidesign.eu\/et\/wp-json\/wp\/v2\/product_cat?post=36042"},{"taxonomy":"product_tag","embeddable":true,"href":"https:\/\/www.talidesign.eu\/et\/wp-json\/wp\/v2\/product_tag?post=36042"}],"curies":[{"name":"wp","href":"https:\/\/api.w.org\/{rel}","templated":true}]}}