{"id":36068,"date":"2021-03-22T02:21:58","date_gmt":"2021-03-22T00:21:58","guid":{"rendered":"https:\/\/www.talidesign.eu\/shop\/product\/zone-singles-tea-egg-matcha-green\/"},"modified":"2021-12-17T11:41:58","modified_gmt":"2021-12-17T09:41:58","slug":"zone-singles-teesoel-roheline","status":"publish","type":"product","link":"https:\/\/www.talidesign.eu\/et\/pood\/toode\/zone-singles-teesoel-roheline\/","title":{"rendered":"Zone Singles tees\u00f5el Roheline"},"content":{"rendered":"<p><strong>Tea Egg Matcha Green<\/strong><\/p>\n<p>The new Singles tea egg is inspired by chocolate sticks \u2013 just put it in the cup and give it a stir.<\/p>\n<p>Add some extra fun and finesse to your next cup of tea with the new tea egg which is a new interpretation of the classic tea egg, inspired by the popular chocolate sticks. The long handle means you can stir your tea without scalding your fingers.<\/p>\n<p>Created by the award-winning VE2 design trio, the Singles tea egg from Zone Denmark comes in Black, Chai Latte, Camomile and Matcha Green<\/p>\n<p>\u2022 Matcha Green<br \/>\n\u2022 18\/0 Steel\/ABS<br \/>\n\u2022 Dia. 3 cm, length 18 cm<br \/>\n\u2022 <a href=\"\/et\/tootekategooria\/brandid\/zone-denmark-et\/\">Br\u00e4nd Zone Denmark<\/a><\/p>\n<p>Meet the designers behind Singles Tea eggs!<\/p>\n<p>Tilde Nygaard, Hugo Dines Schmidt and Morten Lauritzen are the trio behind VE2. Their solutions interact with other products and their ambition is to create simple, aesthetic and durable designs \u2013 with a clear functional justification and an ideal dining atmosphere.<\/p>\n<p><a href=\"https:\/\/www.talidesign.eu\/wp\/wp-content\/uploads\/2021\/03\/2-1.jpg\"><img loading=\"lazy\" decoding=\"async\" class=\"alignnone size-full wp-image-22767\" src=\"https:\/\/www.talidesign.eu\/wp\/wp-content\/uploads\/2021\/03\/2-1.jpg\" alt=\"\" width=\"1278\" height=\"753\" srcset=\"https:\/\/www.talidesign.eu\/wp\/wp-content\/uploads\/2021\/03\/2-1.jpg 1278w, https:\/\/www.talidesign.eu\/wp\/wp-content\/uploads\/2021\/03\/2-1-679x400.jpg 679w, https:\/\/www.talidesign.eu\/wp\/wp-content\/uploads\/2021\/03\/2-1-768x453.jpg 768w, https:\/\/www.talidesign.eu\/wp\/wp-content\/uploads\/2021\/03\/2-1-500x295.jpg 500w, https:\/\/www.talidesign.eu\/wp\/wp-content\/uploads\/2021\/03\/2-1-510x300.jpg 510w\" sizes=\"auto, (max-width: 1278px) 100vw, 1278px\" \/><\/a><a href=\"\/product-category\/designers\/zone-denmark\/\"><img loading=\"lazy\" decoding=\"async\" src=\"https:\/\/www.talidesign.eu\/wp\/wp-content\/uploads\/2021\/03\/logo-6.jpg\" alt=\"\" width=\"500\" height=\"100\" class=\"alignnone size-full wp-image-24694\" \/><\/a><\/p>\n","protected":false},"excerpt":{"rendered":"<p>The essential tea egg is Zone\u2019s interpretation of the classic egg, giving tea brewing an extra dimension and finesse. The long handle lets you stir the tea while it steeps.<\/p>\n<p>\u2022 Matcha Green<br \/>\n\u2022 18\/0 Steel\/ABS<br \/>\n\u2022 Dia. 3 cm, length 18 cm<\/p>\n<p>By Zone Denmark<\/p>\n","protected":false},"featured_media":36069,"template":"","meta":[],"product_brand":[],"product_cat":[1099,1026,1018,1030,1095],"product_tag":[1180],"class_list":{"0":"post-36068","1":"product","2":"type-product","3":"status-publish","4":"has-post-thumbnail","6":"product_cat-aksessuaarid","7":"product_cat-brandid","8":"product_cat-kodu","9":"product_cat-kook","10":"product_cat-zone-denmark-et","11":"product_tag-zone-et","13":"first","14":"outofstock","15":"taxable","16":"shipping-taxable","17":"purchasable","18":"product-type-simple"},"yoast_head":"<!-- This site is optimized with the Yoast SEO plugin v27.3 - https:\/\/yoast.com\/product\/yoast-seo-wordpress\/ -->\n<title>Zone Singles tees\u00f5el Roheline - TALI Concept Store<\/title>\n<meta name=\"description\" content=\"Zone Denmark&#039;i Matcha Green tees\u00f5el on uus ja l\u00f5bus viis oma teetassi t\u00e4iustamiseks. Inspiratsiooni on saadud populaarsetest \u0161okolaadipulkadest. Pikk k\u00e4epide v\u00f5imaldab teed segada ilma s\u00f5rmi k\u00f5rvetamata. Tutvu VE2 disainitrioga, kes on selle toote taga. Zone Denmark&#039;i br\u00e4ndi poolt loodud, sobib suurep\u00e4raselt kodu, k\u00f6\u00f6gi ja aksessuaaride kategooriatesse.\" \/>\n<meta name=\"robots\" content=\"index, follow, max-snippet:-1, max-image-preview:large, max-video-preview:-1\" \/>\n<link rel=\"canonical\" href=\"https:\/\/www.talidesign.eu\/et\/pood\/toode\/zone-singles-teesoel-roheline\/\" \/>\n<meta property=\"og:locale\" content=\"et_EE\" \/>\n<meta property=\"og:type\" content=\"article\" \/>\n<meta property=\"og:title\" content=\"Zone Singles tees\u00f5el Roheline - TALI Concept Store\" \/>\n<meta property=\"og:description\" content=\"Zone Denmark&#039;i Matcha Green tees\u00f5el on uus ja l\u00f5bus viis oma teetassi t\u00e4iustamiseks. Inspiratsiooni on saadud populaarsetest \u0161okolaadipulkadest. Pikk k\u00e4epide v\u00f5imaldab teed segada ilma s\u00f5rmi k\u00f5rvetamata. Tutvu VE2 disainitrioga, kes on selle toote taga. Zone Denmark&#039;i br\u00e4ndi poolt loodud, sobib suurep\u00e4raselt kodu, k\u00f6\u00f6gi ja aksessuaaride kategooriatesse.\" \/>\n<meta property=\"og:url\" content=\"https:\/\/www.talidesign.eu\/et\/pood\/toode\/zone-singles-teesoel-roheline\/\" \/>\n<meta property=\"og:site_name\" content=\"TALI Concept Store\" \/>\n<meta property=\"article:publisher\" content=\"https:\/\/www.facebook.com\/TaliDisain\/\" \/>\n<meta property=\"article:modified_time\" content=\"2021-12-17T09:41:58+00:00\" \/>\n<meta property=\"og:image\" content=\"https:\/\/www.talidesign.eu\/wp\/wp-content\/uploads\/2021\/03\/zone-singles-tea-egg-matcha-green.jpg\" \/>\n\t<meta property=\"og:image:width\" content=\"800\" \/>\n\t<meta property=\"og:image:height\" content=\"800\" \/>\n\t<meta property=\"og:image:type\" content=\"image\/jpeg\" \/>\n<meta name=\"twitter:card\" content=\"summary_large_image\" \/>\n<meta name=\"twitter:label1\" content=\"Est. reading time\" \/>\n\t<meta name=\"twitter:data1\" content=\"1 minute\" \/>\n<script type=\"application\/ld+json\" class=\"yoast-schema-graph\">{\"@context\":\"https:\\\/\\\/schema.org\",\"@graph\":[{\"@type\":\"WebPage\",\"@id\":\"https:\\\/\\\/www.talidesign.eu\\\/et\\\/pood\\\/toode\\\/zone-singles-teesoel-roheline\\\/\",\"url\":\"https:\\\/\\\/www.talidesign.eu\\\/et\\\/pood\\\/toode\\\/zone-singles-teesoel-roheline\\\/\",\"name\":\"Zone Singles tees\u00f5el Roheline - TALI Concept Store\",\"isPartOf\":{\"@id\":\"https:\\\/\\\/www.talidesign.eu\\\/et\\\/#website\"},\"primaryImageOfPage\":{\"@id\":\"https:\\\/\\\/www.talidesign.eu\\\/et\\\/pood\\\/toode\\\/zone-singles-teesoel-roheline\\\/#primaryimage\"},\"image\":{\"@id\":\"https:\\\/\\\/www.talidesign.eu\\\/et\\\/pood\\\/toode\\\/zone-singles-teesoel-roheline\\\/#primaryimage\"},\"thumbnailUrl\":\"https:\\\/\\\/www.talidesign.eu\\\/wp\\\/wp-content\\\/uploads\\\/2021\\\/03\\\/zone-singles-tea-egg-matcha-green.jpg\",\"datePublished\":\"2021-03-22T00:21:58+00:00\",\"dateModified\":\"2021-12-17T09:41:58+00:00\",\"description\":\"Zone Denmark'i Matcha Green tees\u00f5el on uus ja l\u00f5bus viis oma teetassi t\u00e4iustamiseks. Inspiratsiooni on saadud populaarsetest \u0161okolaadipulkadest. Pikk k\u00e4epide v\u00f5imaldab teed segada ilma s\u00f5rmi k\u00f5rvetamata. Tutvu VE2 disainitrioga, kes on selle toote taga. Zone Denmark'i br\u00e4ndi poolt loodud, sobib suurep\u00e4raselt kodu, k\u00f6\u00f6gi ja aksessuaaride kategooriatesse.\",\"breadcrumb\":{\"@id\":\"https:\\\/\\\/www.talidesign.eu\\\/et\\\/pood\\\/toode\\\/zone-singles-teesoel-roheline\\\/#breadcrumb\"},\"inLanguage\":\"et\",\"potentialAction\":[{\"@type\":\"ReadAction\",\"target\":[\"https:\\\/\\\/www.talidesign.eu\\\/et\\\/pood\\\/toode\\\/zone-singles-teesoel-roheline\\\/\"]}]},{\"@type\":\"ImageObject\",\"inLanguage\":\"et\",\"@id\":\"https:\\\/\\\/www.talidesign.eu\\\/et\\\/pood\\\/toode\\\/zone-singles-teesoel-roheline\\\/#primaryimage\",\"url\":\"https:\\\/\\\/www.talidesign.eu\\\/wp\\\/wp-content\\\/uploads\\\/2021\\\/03\\\/zone-singles-tea-egg-matcha-green.jpg\",\"contentUrl\":\"https:\\\/\\\/www.talidesign.eu\\\/wp\\\/wp-content\\\/uploads\\\/2021\\\/03\\\/zone-singles-tea-egg-matcha-green.jpg\",\"width\":800,\"height\":800},{\"@type\":\"BreadcrumbList\",\"@id\":\"https:\\\/\\\/www.talidesign.eu\\\/et\\\/pood\\\/toode\\\/zone-singles-teesoel-roheline\\\/#breadcrumb\",\"itemListElement\":[{\"@type\":\"ListItem\",\"position\":1,\"name\":\"Avaleht\",\"item\":\"https:\\\/\\\/www.talidesign.eu\\\/et\\\/\"},{\"@type\":\"ListItem\",\"position\":2,\"name\":\"Pood\",\"item\":\"https:\\\/\\\/www.talidesign.eu\\\/et\\\/pood\\\/\"},{\"@type\":\"ListItem\",\"position\":3,\"name\":\"Zone Singles tees\u00f5el Roheline\"}]},{\"@type\":\"WebSite\",\"@id\":\"https:\\\/\\\/www.talidesign.eu\\\/et\\\/#website\",\"url\":\"https:\\\/\\\/www.talidesign.eu\\\/et\\\/\",\"name\":\"TALI Concept Store\",\"description\":\"Suurim Disainipood Eestis\",\"potentialAction\":[{\"@type\":\"SearchAction\",\"target\":{\"@type\":\"EntryPoint\",\"urlTemplate\":\"https:\\\/\\\/www.talidesign.eu\\\/et\\\/?s={search_term_string}\"},\"query-input\":{\"@type\":\"PropertyValueSpecification\",\"valueRequired\":true,\"valueName\":\"search_term_string\"}}],\"inLanguage\":\"et\"}]}<\/script>\n<!-- \/ Yoast SEO plugin. -->","yoast_head_json":{"title":"Zone Singles tees\u00f5el Roheline - TALI Concept Store","description":"Zone Denmark'i Matcha Green tees\u00f5el on uus ja l\u00f5bus viis oma teetassi t\u00e4iustamiseks. Inspiratsiooni on saadud populaarsetest \u0161okolaadipulkadest. Pikk k\u00e4epide v\u00f5imaldab teed segada ilma s\u00f5rmi k\u00f5rvetamata. Tutvu VE2 disainitrioga, kes on selle toote taga. Zone Denmark'i br\u00e4ndi poolt loodud, sobib suurep\u00e4raselt kodu, k\u00f6\u00f6gi ja aksessuaaride kategooriatesse.","robots":{"index":"index","follow":"follow","max-snippet":"max-snippet:-1","max-image-preview":"max-image-preview:large","max-video-preview":"max-video-preview:-1"},"canonical":"https:\/\/www.talidesign.eu\/et\/pood\/toode\/zone-singles-teesoel-roheline\/","og_locale":"et_EE","og_type":"article","og_title":"Zone Singles tees\u00f5el Roheline - TALI Concept Store","og_description":"Zone Denmark'i Matcha Green tees\u00f5el on uus ja l\u00f5bus viis oma teetassi t\u00e4iustamiseks. Inspiratsiooni on saadud populaarsetest \u0161okolaadipulkadest. Pikk k\u00e4epide v\u00f5imaldab teed segada ilma s\u00f5rmi k\u00f5rvetamata. Tutvu VE2 disainitrioga, kes on selle toote taga. Zone Denmark'i br\u00e4ndi poolt loodud, sobib suurep\u00e4raselt kodu, k\u00f6\u00f6gi ja aksessuaaride kategooriatesse.","og_url":"https:\/\/www.talidesign.eu\/et\/pood\/toode\/zone-singles-teesoel-roheline\/","og_site_name":"TALI Concept Store","article_publisher":"https:\/\/www.facebook.com\/TaliDisain\/","article_modified_time":"2021-12-17T09:41:58+00:00","og_image":[{"width":800,"height":800,"url":"https:\/\/www.talidesign.eu\/wp\/wp-content\/uploads\/2021\/03\/zone-singles-tea-egg-matcha-green.jpg","type":"image\/jpeg"}],"twitter_card":"summary_large_image","twitter_misc":{"Est. reading time":"1 minute"},"schema":{"@context":"https:\/\/schema.org","@graph":[{"@type":"WebPage","@id":"https:\/\/www.talidesign.eu\/et\/pood\/toode\/zone-singles-teesoel-roheline\/","url":"https:\/\/www.talidesign.eu\/et\/pood\/toode\/zone-singles-teesoel-roheline\/","name":"Zone Singles tees\u00f5el Roheline - TALI Concept Store","isPartOf":{"@id":"https:\/\/www.talidesign.eu\/et\/#website"},"primaryImageOfPage":{"@id":"https:\/\/www.talidesign.eu\/et\/pood\/toode\/zone-singles-teesoel-roheline\/#primaryimage"},"image":{"@id":"https:\/\/www.talidesign.eu\/et\/pood\/toode\/zone-singles-teesoel-roheline\/#primaryimage"},"thumbnailUrl":"https:\/\/www.talidesign.eu\/wp\/wp-content\/uploads\/2021\/03\/zone-singles-tea-egg-matcha-green.jpg","datePublished":"2021-03-22T00:21:58+00:00","dateModified":"2021-12-17T09:41:58+00:00","description":"Zone Denmark'i Matcha Green tees\u00f5el on uus ja l\u00f5bus viis oma teetassi t\u00e4iustamiseks. Inspiratsiooni on saadud populaarsetest \u0161okolaadipulkadest. Pikk k\u00e4epide v\u00f5imaldab teed segada ilma s\u00f5rmi k\u00f5rvetamata. Tutvu VE2 disainitrioga, kes on selle toote taga. Zone Denmark'i br\u00e4ndi poolt loodud, sobib suurep\u00e4raselt kodu, k\u00f6\u00f6gi ja aksessuaaride kategooriatesse.","breadcrumb":{"@id":"https:\/\/www.talidesign.eu\/et\/pood\/toode\/zone-singles-teesoel-roheline\/#breadcrumb"},"inLanguage":"et","potentialAction":[{"@type":"ReadAction","target":["https:\/\/www.talidesign.eu\/et\/pood\/toode\/zone-singles-teesoel-roheline\/"]}]},{"@type":"ImageObject","inLanguage":"et","@id":"https:\/\/www.talidesign.eu\/et\/pood\/toode\/zone-singles-teesoel-roheline\/#primaryimage","url":"https:\/\/www.talidesign.eu\/wp\/wp-content\/uploads\/2021\/03\/zone-singles-tea-egg-matcha-green.jpg","contentUrl":"https:\/\/www.talidesign.eu\/wp\/wp-content\/uploads\/2021\/03\/zone-singles-tea-egg-matcha-green.jpg","width":800,"height":800},{"@type":"BreadcrumbList","@id":"https:\/\/www.talidesign.eu\/et\/pood\/toode\/zone-singles-teesoel-roheline\/#breadcrumb","itemListElement":[{"@type":"ListItem","position":1,"name":"Avaleht","item":"https:\/\/www.talidesign.eu\/et\/"},{"@type":"ListItem","position":2,"name":"Pood","item":"https:\/\/www.talidesign.eu\/et\/pood\/"},{"@type":"ListItem","position":3,"name":"Zone Singles tees\u00f5el Roheline"}]},{"@type":"WebSite","@id":"https:\/\/www.talidesign.eu\/et\/#website","url":"https:\/\/www.talidesign.eu\/et\/","name":"TALI Concept Store","description":"Suurim Disainipood Eestis","potentialAction":[{"@type":"SearchAction","target":{"@type":"EntryPoint","urlTemplate":"https:\/\/www.talidesign.eu\/et\/?s={search_term_string}"},"query-input":{"@type":"PropertyValueSpecification","valueRequired":true,"valueName":"search_term_string"}}],"inLanguage":"et"}]}},"_links":{"self":[{"href":"https:\/\/www.talidesign.eu\/et\/wp-json\/wp\/v2\/product\/36068","targetHints":{"allow":["GET"]}}],"collection":[{"href":"https:\/\/www.talidesign.eu\/et\/wp-json\/wp\/v2\/product"}],"about":[{"href":"https:\/\/www.talidesign.eu\/et\/wp-json\/wp\/v2\/types\/product"}],"wp:featuredmedia":[{"embeddable":true,"href":"https:\/\/www.talidesign.eu\/et\/wp-json\/wp\/v2\/media\/36069"}],"wp:attachment":[{"href":"https:\/\/www.talidesign.eu\/et\/wp-json\/wp\/v2\/media?parent=36068"}],"wp:term":[{"taxonomy":"product_brand","embeddable":true,"href":"https:\/\/www.talidesign.eu\/et\/wp-json\/wp\/v2\/product_brand?post=36068"},{"taxonomy":"product_cat","embeddable":true,"href":"https:\/\/www.talidesign.eu\/et\/wp-json\/wp\/v2\/product_cat?post=36068"},{"taxonomy":"product_tag","embeddable":true,"href":"https:\/\/www.talidesign.eu\/et\/wp-json\/wp\/v2\/product_tag?post=36068"}],"curies":[{"name":"wp","href":"https:\/\/api.w.org\/{rel}","templated":true}]}}