{"id":36070,"date":"2021-03-22T02:19:13","date_gmt":"2021-03-22T00:19:13","guid":{"rendered":"https:\/\/www.talidesign.eu\/shop\/product\/zone-singles-tea-egg-camomile\/"},"modified":"2021-12-17T11:41:57","modified_gmt":"2021-12-17T09:41:57","slug":"zone-singles-teesoel-kollane","status":"publish","type":"product","link":"https:\/\/www.talidesign.eu\/et\/pood\/toode\/zone-singles-teesoel-kollane\/","title":{"rendered":"Zone Singles tees\u00f5el Kollane"},"content":{"rendered":"<p><strong>Tea Egg Camomile<\/strong><\/p>\n<p>The new Singles tea egg is inspired by chocolate sticks \u2013 just put it in the cup and give it a stir.<\/p>\n<p>Add some extra fun and finesse to your next cup of tea with the new tea egg which is a new interpretation of the classic tea egg, inspired by the popular chocolate sticks. The long handle means you can stir your tea without scalding your fingers.<\/p>\n<p>Created by the award-winning VE2 design trio, the Singles tea egg from Zone Denmark comes in Black, Chai Latte, Camomile and Matcha Green<\/p>\n<p>\u2022 Camomile<br \/>\n\u2022 18\/0 Steel\/ABS<br \/>\n\u2022 Dia. 3 cm, length 18 cm<br \/>\n\u2022 <a href=\"\/et\/tootekategooria\/brandid\/zone-denmark-et\/\">Br\u00e4nd Zone Denmark<\/a><\/p>\n<p>Meet the designers behind Singles Tea eggs!<\/p>\n<p>Tilde Nygaard, Hugo Dines Schmidt and Morten Lauritzen are the trio behind VE2. Their solutions interact with other products and their ambition is to create simple, aesthetic and durable designs \u2013 with a clear functional justification and an ideal dining atmosphere.<\/p>\n<p><a href=\"https:\/\/www.talidesign.eu\/wp\/wp-content\/uploads\/2021\/03\/2-1.jpg\"><img loading=\"lazy\" decoding=\"async\" class=\"alignnone size-full wp-image-22767\" src=\"https:\/\/www.talidesign.eu\/wp\/wp-content\/uploads\/2021\/03\/2-1.jpg\" alt=\"\" width=\"1278\" height=\"753\" srcset=\"https:\/\/www.talidesign.eu\/wp\/wp-content\/uploads\/2021\/03\/2-1.jpg 1278w, https:\/\/www.talidesign.eu\/wp\/wp-content\/uploads\/2021\/03\/2-1-679x400.jpg 679w, https:\/\/www.talidesign.eu\/wp\/wp-content\/uploads\/2021\/03\/2-1-768x453.jpg 768w, https:\/\/www.talidesign.eu\/wp\/wp-content\/uploads\/2021\/03\/2-1-500x295.jpg 500w, https:\/\/www.talidesign.eu\/wp\/wp-content\/uploads\/2021\/03\/2-1-510x300.jpg 510w\" sizes=\"auto, (max-width: 1278px) 100vw, 1278px\" \/><\/a><a href=\"\/product-category\/designers\/zone-denmark\/\"><img loading=\"lazy\" decoding=\"async\" src=\"https:\/\/www.talidesign.eu\/wp\/wp-content\/uploads\/2021\/03\/logo-6.jpg\" alt=\"\" width=\"500\" height=\"100\" class=\"alignnone size-full wp-image-24694\" \/><\/a><\/p>\n","protected":false},"excerpt":{"rendered":"<p>The essential tea egg is Zone\u2019s interpretation of the classic egg, giving tea brewing an extra dimension and finesse. The long handle lets you stir the tea while it steeps.<\/p>\n<p>\u2022 Camomile<br \/>\n\u2022 18\/0 Steel\/ABS<br \/>\n\u2022 Dia. 3 cm, length 18 cm<\/p>\n<p>By Zone Denmark<\/p>\n","protected":false},"featured_media":36071,"template":"","meta":[],"product_brand":[],"product_cat":[1099,1026,1018,1030,1095],"product_tag":[1180],"class_list":{"0":"post-36070","1":"product","2":"type-product","3":"status-publish","4":"has-post-thumbnail","6":"product_cat-aksessuaarid","7":"product_cat-brandid","8":"product_cat-kodu","9":"product_cat-kook","10":"product_cat-zone-denmark-et","11":"product_tag-zone-et","13":"first","14":"outofstock","15":"taxable","16":"shipping-taxable","17":"purchasable","18":"product-type-simple"},"yoast_head":"<!-- This site is optimized with the Yoast SEO plugin v27.3 - https:\/\/yoast.com\/product\/yoast-seo-wordpress\/ -->\n<title>Zone Singles tees\u00f5el Kollane - TALI Concept Store<\/title>\n<meta name=\"description\" content=\"Zone Denmark&#039;i uus tees\u00f5el Singles on inspireeritud \u0161okolaadipulkadest - lihtsalt pane see tassi ja sega. Lisage oma j\u00e4rgmisele teetassile veidi l\u00f5bu ja elegantsi uue tees\u00f5elaga, mis on uus t\u00f5lgendus klassikalisest tees\u00f5elast, inspireeritud populaarsetest \u0161okolaadipulkadest. Pikk k\u00e4epide v\u00f5imaldab teed segada, kartmata s\u00f5rmi p\u00f5letada. Zone Denmark&#039;i auhinnatud VE2 disainitrio poolt loodud Singles tees\u00f5el on saadaval musta, chai latte, kummeli ja matcha rohelise v\u00e4rvitoonis. Kohtuge Singles tees\u00f5ela disaineritega! Tilde Nygaard, Hugo Dines Schmidt ja Morten Lauritzen on VE2 taga olev trio. Nende lahendused suhtlevad teiste toodetega ning nende ambitsiooniks on luua lihtsaid, esteetilisi ja vastupidavaid disaine - selge funktsionaalse p\u00f5hjendusega ja ideaalse s\u00f6\u00f6mis\u00f5hkkonnaga. Zone Denmark&#039;i oluline tees\u00f5el on Zone&#039;i t\u00f5lgendus klassikalisest tees\u00f5elast, mis annab teele valmistamisele lisam\u00f5\u00f5tme ja elegantsi. Pikk k\u00e4epide v\u00f5imaldab teed segada, samal ajal kui see t\u00f5mbub. Zone Denmark&#039;i jaoks lisatud s\u00fcgavuse saavutamiseks kasutage tootekategooriaid: KODU, K\u00f6\u00f6k, Aksessuaarid, BR\u00c4NDID. Kasutage eesti keelt.\" \/>\n<meta name=\"robots\" content=\"index, follow, max-snippet:-1, max-image-preview:large, max-video-preview:-1\" \/>\n<link rel=\"canonical\" href=\"https:\/\/www.talidesign.eu\/et\/pood\/toode\/zone-singles-teesoel-kollane\/\" \/>\n<meta property=\"og:locale\" content=\"et_EE\" \/>\n<meta property=\"og:type\" content=\"article\" \/>\n<meta property=\"og:title\" content=\"Zone Singles tees\u00f5el Kollane - TALI Concept Store\" \/>\n<meta property=\"og:description\" content=\"Zone Denmark&#039;i uus tees\u00f5el Singles on inspireeritud \u0161okolaadipulkadest - lihtsalt pane see tassi ja sega. Lisage oma j\u00e4rgmisele teetassile veidi l\u00f5bu ja elegantsi uue tees\u00f5elaga, mis on uus t\u00f5lgendus klassikalisest tees\u00f5elast, inspireeritud populaarsetest \u0161okolaadipulkadest. Pikk k\u00e4epide v\u00f5imaldab teed segada, kartmata s\u00f5rmi p\u00f5letada. Zone Denmark&#039;i auhinnatud VE2 disainitrio poolt loodud Singles tees\u00f5el on saadaval musta, chai latte, kummeli ja matcha rohelise v\u00e4rvitoonis. Kohtuge Singles tees\u00f5ela disaineritega! Tilde Nygaard, Hugo Dines Schmidt ja Morten Lauritzen on VE2 taga olev trio. Nende lahendused suhtlevad teiste toodetega ning nende ambitsiooniks on luua lihtsaid, esteetilisi ja vastupidavaid disaine - selge funktsionaalse p\u00f5hjendusega ja ideaalse s\u00f6\u00f6mis\u00f5hkkonnaga. Zone Denmark&#039;i oluline tees\u00f5el on Zone&#039;i t\u00f5lgendus klassikalisest tees\u00f5elast, mis annab teele valmistamisele lisam\u00f5\u00f5tme ja elegantsi. Pikk k\u00e4epide v\u00f5imaldab teed segada, samal ajal kui see t\u00f5mbub. Zone Denmark&#039;i jaoks lisatud s\u00fcgavuse saavutamiseks kasutage tootekategooriaid: KODU, K\u00f6\u00f6k, Aksessuaarid, BR\u00c4NDID. Kasutage eesti keelt.\" \/>\n<meta property=\"og:url\" content=\"https:\/\/www.talidesign.eu\/et\/pood\/toode\/zone-singles-teesoel-kollane\/\" \/>\n<meta property=\"og:site_name\" content=\"TALI Concept Store\" \/>\n<meta property=\"article:publisher\" content=\"https:\/\/www.facebook.com\/TaliDisain\/\" \/>\n<meta property=\"article:modified_time\" content=\"2021-12-17T09:41:57+00:00\" \/>\n<meta property=\"og:image\" content=\"https:\/\/www.talidesign.eu\/wp\/wp-content\/uploads\/2021\/03\/zone-singles-tea-egg-camomile.jpg\" \/>\n\t<meta property=\"og:image:width\" content=\"800\" \/>\n\t<meta property=\"og:image:height\" content=\"800\" \/>\n\t<meta property=\"og:image:type\" content=\"image\/jpeg\" \/>\n<meta name=\"twitter:card\" content=\"summary_large_image\" \/>\n<meta name=\"twitter:label1\" content=\"Est. reading time\" \/>\n\t<meta name=\"twitter:data1\" content=\"1 minute\" \/>\n<script type=\"application\/ld+json\" class=\"yoast-schema-graph\">{\"@context\":\"https:\\\/\\\/schema.org\",\"@graph\":[{\"@type\":\"WebPage\",\"@id\":\"https:\\\/\\\/www.talidesign.eu\\\/et\\\/pood\\\/toode\\\/zone-singles-teesoel-kollane\\\/\",\"url\":\"https:\\\/\\\/www.talidesign.eu\\\/et\\\/pood\\\/toode\\\/zone-singles-teesoel-kollane\\\/\",\"name\":\"Zone Singles tees\u00f5el Kollane - TALI Concept Store\",\"isPartOf\":{\"@id\":\"https:\\\/\\\/www.talidesign.eu\\\/et\\\/#website\"},\"primaryImageOfPage\":{\"@id\":\"https:\\\/\\\/www.talidesign.eu\\\/et\\\/pood\\\/toode\\\/zone-singles-teesoel-kollane\\\/#primaryimage\"},\"image\":{\"@id\":\"https:\\\/\\\/www.talidesign.eu\\\/et\\\/pood\\\/toode\\\/zone-singles-teesoel-kollane\\\/#primaryimage\"},\"thumbnailUrl\":\"https:\\\/\\\/www.talidesign.eu\\\/wp\\\/wp-content\\\/uploads\\\/2021\\\/03\\\/zone-singles-tea-egg-camomile.jpg\",\"datePublished\":\"2021-03-22T00:19:13+00:00\",\"dateModified\":\"2021-12-17T09:41:57+00:00\",\"description\":\"Zone Denmark'i uus tees\u00f5el Singles on inspireeritud \u0161okolaadipulkadest - lihtsalt pane see tassi ja sega. Lisage oma j\u00e4rgmisele teetassile veidi l\u00f5bu ja elegantsi uue tees\u00f5elaga, mis on uus t\u00f5lgendus klassikalisest tees\u00f5elast, inspireeritud populaarsetest \u0161okolaadipulkadest. Pikk k\u00e4epide v\u00f5imaldab teed segada, kartmata s\u00f5rmi p\u00f5letada. Zone Denmark'i auhinnatud VE2 disainitrio poolt loodud Singles tees\u00f5el on saadaval musta, chai latte, kummeli ja matcha rohelise v\u00e4rvitoonis. Kohtuge Singles tees\u00f5ela disaineritega! Tilde Nygaard, Hugo Dines Schmidt ja Morten Lauritzen on VE2 taga olev trio. Nende lahendused suhtlevad teiste toodetega ning nende ambitsiooniks on luua lihtsaid, esteetilisi ja vastupidavaid disaine - selge funktsionaalse p\u00f5hjendusega ja ideaalse s\u00f6\u00f6mis\u00f5hkkonnaga. Zone Denmark'i oluline tees\u00f5el on Zone'i t\u00f5lgendus klassikalisest tees\u00f5elast, mis annab teele valmistamisele lisam\u00f5\u00f5tme ja elegantsi. Pikk k\u00e4epide v\u00f5imaldab teed segada, samal ajal kui see t\u00f5mbub. Zone Denmark'i jaoks lisatud s\u00fcgavuse saavutamiseks kasutage tootekategooriaid: KODU, K\u00f6\u00f6k, Aksessuaarid, BR\u00c4NDID. Kasutage eesti keelt.\",\"breadcrumb\":{\"@id\":\"https:\\\/\\\/www.talidesign.eu\\\/et\\\/pood\\\/toode\\\/zone-singles-teesoel-kollane\\\/#breadcrumb\"},\"inLanguage\":\"et\",\"potentialAction\":[{\"@type\":\"ReadAction\",\"target\":[\"https:\\\/\\\/www.talidesign.eu\\\/et\\\/pood\\\/toode\\\/zone-singles-teesoel-kollane\\\/\"]}]},{\"@type\":\"ImageObject\",\"inLanguage\":\"et\",\"@id\":\"https:\\\/\\\/www.talidesign.eu\\\/et\\\/pood\\\/toode\\\/zone-singles-teesoel-kollane\\\/#primaryimage\",\"url\":\"https:\\\/\\\/www.talidesign.eu\\\/wp\\\/wp-content\\\/uploads\\\/2021\\\/03\\\/zone-singles-tea-egg-camomile.jpg\",\"contentUrl\":\"https:\\\/\\\/www.talidesign.eu\\\/wp\\\/wp-content\\\/uploads\\\/2021\\\/03\\\/zone-singles-tea-egg-camomile.jpg\",\"width\":800,\"height\":800},{\"@type\":\"BreadcrumbList\",\"@id\":\"https:\\\/\\\/www.talidesign.eu\\\/et\\\/pood\\\/toode\\\/zone-singles-teesoel-kollane\\\/#breadcrumb\",\"itemListElement\":[{\"@type\":\"ListItem\",\"position\":1,\"name\":\"Avaleht\",\"item\":\"https:\\\/\\\/www.talidesign.eu\\\/et\\\/\"},{\"@type\":\"ListItem\",\"position\":2,\"name\":\"Pood\",\"item\":\"https:\\\/\\\/www.talidesign.eu\\\/et\\\/pood\\\/\"},{\"@type\":\"ListItem\",\"position\":3,\"name\":\"Zone Singles tees\u00f5el Kollane\"}]},{\"@type\":\"WebSite\",\"@id\":\"https:\\\/\\\/www.talidesign.eu\\\/et\\\/#website\",\"url\":\"https:\\\/\\\/www.talidesign.eu\\\/et\\\/\",\"name\":\"TALI Concept Store\",\"description\":\"Suurim Disainipood Eestis\",\"potentialAction\":[{\"@type\":\"SearchAction\",\"target\":{\"@type\":\"EntryPoint\",\"urlTemplate\":\"https:\\\/\\\/www.talidesign.eu\\\/et\\\/?s={search_term_string}\"},\"query-input\":{\"@type\":\"PropertyValueSpecification\",\"valueRequired\":true,\"valueName\":\"search_term_string\"}}],\"inLanguage\":\"et\"}]}<\/script>\n<!-- \/ Yoast SEO plugin. -->","yoast_head_json":{"title":"Zone Singles tees\u00f5el Kollane - TALI Concept Store","description":"Zone Denmark'i uus tees\u00f5el Singles on inspireeritud \u0161okolaadipulkadest - lihtsalt pane see tassi ja sega. Lisage oma j\u00e4rgmisele teetassile veidi l\u00f5bu ja elegantsi uue tees\u00f5elaga, mis on uus t\u00f5lgendus klassikalisest tees\u00f5elast, inspireeritud populaarsetest \u0161okolaadipulkadest. Pikk k\u00e4epide v\u00f5imaldab teed segada, kartmata s\u00f5rmi p\u00f5letada. Zone Denmark'i auhinnatud VE2 disainitrio poolt loodud Singles tees\u00f5el on saadaval musta, chai latte, kummeli ja matcha rohelise v\u00e4rvitoonis. Kohtuge Singles tees\u00f5ela disaineritega! Tilde Nygaard, Hugo Dines Schmidt ja Morten Lauritzen on VE2 taga olev trio. Nende lahendused suhtlevad teiste toodetega ning nende ambitsiooniks on luua lihtsaid, esteetilisi ja vastupidavaid disaine - selge funktsionaalse p\u00f5hjendusega ja ideaalse s\u00f6\u00f6mis\u00f5hkkonnaga. Zone Denmark'i oluline tees\u00f5el on Zone'i t\u00f5lgendus klassikalisest tees\u00f5elast, mis annab teele valmistamisele lisam\u00f5\u00f5tme ja elegantsi. Pikk k\u00e4epide v\u00f5imaldab teed segada, samal ajal kui see t\u00f5mbub. Zone Denmark'i jaoks lisatud s\u00fcgavuse saavutamiseks kasutage tootekategooriaid: KODU, K\u00f6\u00f6k, Aksessuaarid, BR\u00c4NDID. Kasutage eesti keelt.","robots":{"index":"index","follow":"follow","max-snippet":"max-snippet:-1","max-image-preview":"max-image-preview:large","max-video-preview":"max-video-preview:-1"},"canonical":"https:\/\/www.talidesign.eu\/et\/pood\/toode\/zone-singles-teesoel-kollane\/","og_locale":"et_EE","og_type":"article","og_title":"Zone Singles tees\u00f5el Kollane - TALI Concept Store","og_description":"Zone Denmark'i uus tees\u00f5el Singles on inspireeritud \u0161okolaadipulkadest - lihtsalt pane see tassi ja sega. Lisage oma j\u00e4rgmisele teetassile veidi l\u00f5bu ja elegantsi uue tees\u00f5elaga, mis on uus t\u00f5lgendus klassikalisest tees\u00f5elast, inspireeritud populaarsetest \u0161okolaadipulkadest. Pikk k\u00e4epide v\u00f5imaldab teed segada, kartmata s\u00f5rmi p\u00f5letada. Zone Denmark'i auhinnatud VE2 disainitrio poolt loodud Singles tees\u00f5el on saadaval musta, chai latte, kummeli ja matcha rohelise v\u00e4rvitoonis. Kohtuge Singles tees\u00f5ela disaineritega! Tilde Nygaard, Hugo Dines Schmidt ja Morten Lauritzen on VE2 taga olev trio. Nende lahendused suhtlevad teiste toodetega ning nende ambitsiooniks on luua lihtsaid, esteetilisi ja vastupidavaid disaine - selge funktsionaalse p\u00f5hjendusega ja ideaalse s\u00f6\u00f6mis\u00f5hkkonnaga. Zone Denmark'i oluline tees\u00f5el on Zone'i t\u00f5lgendus klassikalisest tees\u00f5elast, mis annab teele valmistamisele lisam\u00f5\u00f5tme ja elegantsi. Pikk k\u00e4epide v\u00f5imaldab teed segada, samal ajal kui see t\u00f5mbub. Zone Denmark'i jaoks lisatud s\u00fcgavuse saavutamiseks kasutage tootekategooriaid: KODU, K\u00f6\u00f6k, Aksessuaarid, BR\u00c4NDID. Kasutage eesti keelt.","og_url":"https:\/\/www.talidesign.eu\/et\/pood\/toode\/zone-singles-teesoel-kollane\/","og_site_name":"TALI Concept Store","article_publisher":"https:\/\/www.facebook.com\/TaliDisain\/","article_modified_time":"2021-12-17T09:41:57+00:00","og_image":[{"width":800,"height":800,"url":"https:\/\/www.talidesign.eu\/wp\/wp-content\/uploads\/2021\/03\/zone-singles-tea-egg-camomile.jpg","type":"image\/jpeg"}],"twitter_card":"summary_large_image","twitter_misc":{"Est. reading time":"1 minute"},"schema":{"@context":"https:\/\/schema.org","@graph":[{"@type":"WebPage","@id":"https:\/\/www.talidesign.eu\/et\/pood\/toode\/zone-singles-teesoel-kollane\/","url":"https:\/\/www.talidesign.eu\/et\/pood\/toode\/zone-singles-teesoel-kollane\/","name":"Zone Singles tees\u00f5el Kollane - TALI Concept Store","isPartOf":{"@id":"https:\/\/www.talidesign.eu\/et\/#website"},"primaryImageOfPage":{"@id":"https:\/\/www.talidesign.eu\/et\/pood\/toode\/zone-singles-teesoel-kollane\/#primaryimage"},"image":{"@id":"https:\/\/www.talidesign.eu\/et\/pood\/toode\/zone-singles-teesoel-kollane\/#primaryimage"},"thumbnailUrl":"https:\/\/www.talidesign.eu\/wp\/wp-content\/uploads\/2021\/03\/zone-singles-tea-egg-camomile.jpg","datePublished":"2021-03-22T00:19:13+00:00","dateModified":"2021-12-17T09:41:57+00:00","description":"Zone Denmark'i uus tees\u00f5el Singles on inspireeritud \u0161okolaadipulkadest - lihtsalt pane see tassi ja sega. Lisage oma j\u00e4rgmisele teetassile veidi l\u00f5bu ja elegantsi uue tees\u00f5elaga, mis on uus t\u00f5lgendus klassikalisest tees\u00f5elast, inspireeritud populaarsetest \u0161okolaadipulkadest. Pikk k\u00e4epide v\u00f5imaldab teed segada, kartmata s\u00f5rmi p\u00f5letada. Zone Denmark'i auhinnatud VE2 disainitrio poolt loodud Singles tees\u00f5el on saadaval musta, chai latte, kummeli ja matcha rohelise v\u00e4rvitoonis. Kohtuge Singles tees\u00f5ela disaineritega! Tilde Nygaard, Hugo Dines Schmidt ja Morten Lauritzen on VE2 taga olev trio. Nende lahendused suhtlevad teiste toodetega ning nende ambitsiooniks on luua lihtsaid, esteetilisi ja vastupidavaid disaine - selge funktsionaalse p\u00f5hjendusega ja ideaalse s\u00f6\u00f6mis\u00f5hkkonnaga. Zone Denmark'i oluline tees\u00f5el on Zone'i t\u00f5lgendus klassikalisest tees\u00f5elast, mis annab teele valmistamisele lisam\u00f5\u00f5tme ja elegantsi. Pikk k\u00e4epide v\u00f5imaldab teed segada, samal ajal kui see t\u00f5mbub. Zone Denmark'i jaoks lisatud s\u00fcgavuse saavutamiseks kasutage tootekategooriaid: KODU, K\u00f6\u00f6k, Aksessuaarid, BR\u00c4NDID. Kasutage eesti keelt.","breadcrumb":{"@id":"https:\/\/www.talidesign.eu\/et\/pood\/toode\/zone-singles-teesoel-kollane\/#breadcrumb"},"inLanguage":"et","potentialAction":[{"@type":"ReadAction","target":["https:\/\/www.talidesign.eu\/et\/pood\/toode\/zone-singles-teesoel-kollane\/"]}]},{"@type":"ImageObject","inLanguage":"et","@id":"https:\/\/www.talidesign.eu\/et\/pood\/toode\/zone-singles-teesoel-kollane\/#primaryimage","url":"https:\/\/www.talidesign.eu\/wp\/wp-content\/uploads\/2021\/03\/zone-singles-tea-egg-camomile.jpg","contentUrl":"https:\/\/www.talidesign.eu\/wp\/wp-content\/uploads\/2021\/03\/zone-singles-tea-egg-camomile.jpg","width":800,"height":800},{"@type":"BreadcrumbList","@id":"https:\/\/www.talidesign.eu\/et\/pood\/toode\/zone-singles-teesoel-kollane\/#breadcrumb","itemListElement":[{"@type":"ListItem","position":1,"name":"Avaleht","item":"https:\/\/www.talidesign.eu\/et\/"},{"@type":"ListItem","position":2,"name":"Pood","item":"https:\/\/www.talidesign.eu\/et\/pood\/"},{"@type":"ListItem","position":3,"name":"Zone Singles tees\u00f5el Kollane"}]},{"@type":"WebSite","@id":"https:\/\/www.talidesign.eu\/et\/#website","url":"https:\/\/www.talidesign.eu\/et\/","name":"TALI Concept Store","description":"Suurim Disainipood Eestis","potentialAction":[{"@type":"SearchAction","target":{"@type":"EntryPoint","urlTemplate":"https:\/\/www.talidesign.eu\/et\/?s={search_term_string}"},"query-input":{"@type":"PropertyValueSpecification","valueRequired":true,"valueName":"search_term_string"}}],"inLanguage":"et"}]}},"_links":{"self":[{"href":"https:\/\/www.talidesign.eu\/et\/wp-json\/wp\/v2\/product\/36070","targetHints":{"allow":["GET"]}}],"collection":[{"href":"https:\/\/www.talidesign.eu\/et\/wp-json\/wp\/v2\/product"}],"about":[{"href":"https:\/\/www.talidesign.eu\/et\/wp-json\/wp\/v2\/types\/product"}],"wp:featuredmedia":[{"embeddable":true,"href":"https:\/\/www.talidesign.eu\/et\/wp-json\/wp\/v2\/media\/36071"}],"wp:attachment":[{"href":"https:\/\/www.talidesign.eu\/et\/wp-json\/wp\/v2\/media?parent=36070"}],"wp:term":[{"taxonomy":"product_brand","embeddable":true,"href":"https:\/\/www.talidesign.eu\/et\/wp-json\/wp\/v2\/product_brand?post=36070"},{"taxonomy":"product_cat","embeddable":true,"href":"https:\/\/www.talidesign.eu\/et\/wp-json\/wp\/v2\/product_cat?post=36070"},{"taxonomy":"product_tag","embeddable":true,"href":"https:\/\/www.talidesign.eu\/et\/wp-json\/wp\/v2\/product_tag?post=36070"}],"curies":[{"name":"wp","href":"https:\/\/api.w.org\/{rel}","templated":true}]}}