{"id":36081,"date":"2021-03-22T01:30:21","date_gmt":"2021-03-21T23:30:21","guid":{"rendered":"https:\/\/www.talidesign.eu\/shop\/product\/zone-puck-hook-single-hook-58-x-14-cm-black\/"},"modified":"2024-02-14T09:27:52","modified_gmt":"2024-02-14T07:27:52","slug":"zone-puck-hook-nagi-58-x-14-cm-must","status":"publish","type":"product","link":"https:\/\/www.talidesign.eu\/et\/pood\/toode\/zone-puck-hook-nagi-58-x-14-cm-must\/","title":{"rendered":"Zone Puck Hook nagi 5,8 x 14 cm Must"},"content":{"rendered":"<p><strong>Puck Hook nagi 5,8 x 14 cm Must<\/strong><\/p>\n<p>Puck Hook nagi saate paigaldada k\u00f5ikidele siledatele pindadele (plaat, peegel, klaas jne). Reguleeritav iminapp kannab h\u00f5lpsalt kuni 5kg raskust. Muuda Puck Hook nagi asukohti &#8211; see ei j\u00e4ta j\u00e4lgi.<\/p>\n<p><strong>NB! Ainult siledatele pindadele (siledad plaadid, klaas, teras, peegel jne). Ei kinnitu \u00fchelegi poorsele, karedale ega kumerale pinnale!<\/strong><\/p>\n<p>\u2022 Must<br \/>\n\u2022 ABS<br \/>\n\u2022 14 x 5.8 cm<br \/>\n\u2022 <a href=\"\/et\/tootekategooria\/brandid\/zone-denmark-et\/\">Br\u00e4nd Zone Denmark<\/a><\/p>\n<p><strong>Tutvu disaineriga!<\/strong><\/p>\n<p>A-Collectioni on loonud Taani disainib\u00fcroo VE2 kolmik Tilde Nygaard, Hugo Dines Schmidt ja Morten Lauritzen. Nende loodud lahendused on funktsionaalsed, esteetilised ja vastupidavad ning alati lihtsalt kombineeritavad teiste toodetega.<\/p>\n<p><a href=https:\/\/www.talidesign.eu\/wp\/wp-content\/uploads\/2021\/03\/2-1.jpg><img class=\"alignnone size-full wp-image-22767\" src=https:\/\/www.talidesign.eu\/wp\/wp-content\/uploads\/2021\/03\/2-1.jpg alt=\"\" width=\"1278\" height=\"753\" \/><\/a><a href=\"\/product-category\/designers\/zone-denmark\/\"><img src=https:\/\/www.talidesign.eu\/wp\/wp-content\/uploads\/2021\/03\/logo-6.jpg alt=\"\" width=\"500\" height=\"100\" class=\"alignnone size-full wp-image-24694\" \/><\/a><\/p>\n","protected":false},"excerpt":{"rendered":"<p><strong>Puck Hook nagi 5,8 x 14 cm Must<\/strong><\/p>\n<p>Puck Hook nagi saate paigaldada k\u00f5ikidele siledatele pindadele (plaat, peegel, klaas jne). Reguleeritav iminapp kannab h\u00f5lpsalt kuni 5kg raskust. Muuda Puck Hook nagi asukohti &#8211; see ei j\u00e4ta j\u00e4lgi.<\/p>\n<p><strong>NB! Ainult siledatele pindadele (siledad plaadid, klaas, teras, peegel jne). Ei kinnitu \u00fchelegi poorsele, karedale ega kumerale pinnale!<\/strong><\/p>\n<p>\u2022 Must<br \/>\n\u2022 ABS<br \/>\n\u2022 14 x 5.8 cm<br \/>\n\u2022 <a href=\"\/product-category\/designers\/zone-denmark\/\">Br\u00e4nd Zone Denmark<\/a><\/p>\n<p><strong>Tutvu disaineriga!<\/strong><\/p>\n<p>A-Collectioni on loonud Taani disainib\u00fcroo VE2 kolmik Tilde Nygaard, Hugo Dines Schmidt ja Morten Lauritzen. Nende loodud lahendused on funktsionaalsed, esteetilised ja vastupidavad ning alati lihtsalt kombineeritavad teiste toodetega.<\/p>\n<p><a href=https:\/\/www.talidesign.eu\/wp\/wp-content\/uploads\/2021\/03\/2-1.jpg><img class=\"alignnone size-full wp-image-22767\" src=https:\/\/www.talidesign.eu\/wp\/wp-content\/uploads\/2021\/03\/2-1.jpg alt=\"\" width=\"1278\" height=\"753\" \/><\/a><a href=\"\/product-category\/designers\/zone-denmark\/\"><img src=https:\/\/www.talidesign.eu\/wp\/wp-content\/uploads\/2021\/03\/logo-6.jpg alt=\"\" width=\"500\" height=\"100\" class=\"alignnone size-full wp-image-24694\" \/><\/a><\/p>\n","protected":false},"featured_media":36082,"template":"","meta":[],"product_brand":[],"product_cat":[1026,1031,1018,1106,1030,1100,1095],"product_tag":[1180],"class_list":{"0":"post-36081","1":"product","2":"type-product","3":"status-publish","4":"has-post-thumbnail","6":"product_cat-brandid","7":"product_cat-hoiustamine","8":"product_cat-kodu","9":"product_cat-konksud-nagid","10":"product_cat-kook","11":"product_cat-vannituba","12":"product_cat-zone-denmark-et","13":"product_tag-zone-et","15":"first","16":"outofstock","17":"taxable","18":"shipping-taxable","19":"purchasable","20":"product-type-simple"},"yoast_head":"<!-- This site is optimized with the Yoast SEO plugin v27.3 - https:\/\/yoast.com\/product\/yoast-seo-wordpress\/ -->\n<title>Zone Puck Hook nagi 5,8 x 14 cm Must - TALI Concept Store<\/title>\n<meta name=\"description\" content=\"Zone Puck Hook nagi 5,8 x 14 cm Must - Kvaliteetne konks, mis sobib ideaalselt siledatele pindadele. Reguleeritav iminapp kannab kuni 5kg raskust. Tutvu disaineriga! Br\u00e4nd Zone Denmark.\" \/>\n<meta name=\"robots\" content=\"index, follow, max-snippet:-1, max-image-preview:large, max-video-preview:-1\" \/>\n<link rel=\"canonical\" href=\"https:\/\/www.talidesign.eu\/et\/pood\/toode\/zone-puck-hook-nagi-58-x-14-cm-must\/\" \/>\n<meta property=\"og:locale\" content=\"et_EE\" \/>\n<meta property=\"og:type\" content=\"article\" \/>\n<meta property=\"og:title\" content=\"Zone Puck Hook nagi 5,8 x 14 cm Must - TALI Concept Store\" \/>\n<meta property=\"og:description\" content=\"Zone Puck Hook nagi 5,8 x 14 cm Must - Kvaliteetne konks, mis sobib ideaalselt siledatele pindadele. Reguleeritav iminapp kannab kuni 5kg raskust. Tutvu disaineriga! Br\u00e4nd Zone Denmark.\" \/>\n<meta property=\"og:url\" content=\"https:\/\/www.talidesign.eu\/et\/pood\/toode\/zone-puck-hook-nagi-58-x-14-cm-must\/\" \/>\n<meta property=\"og:site_name\" content=\"TALI Concept Store\" \/>\n<meta property=\"article:publisher\" content=\"https:\/\/www.facebook.com\/TaliDisain\/\" \/>\n<meta property=\"article:modified_time\" content=\"2024-02-14T07:27:52+00:00\" \/>\n<meta property=\"og:image\" content=\"https:\/\/www.talidesign.eu\/wp\/wp-content\/uploads\/2021\/03\/zone-puck-hook-single-hook-58-x-14-cm-black.jpg\" \/>\n\t<meta property=\"og:image:width\" content=\"800\" \/>\n\t<meta property=\"og:image:height\" content=\"800\" \/>\n\t<meta property=\"og:image:type\" content=\"image\/jpeg\" \/>\n<meta name=\"twitter:card\" content=\"summary_large_image\" \/>\n<meta name=\"twitter:label1\" content=\"Est. reading time\" \/>\n\t<meta name=\"twitter:data1\" content=\"1 minute\" \/>\n<script type=\"application\/ld+json\" class=\"yoast-schema-graph\">{\"@context\":\"https:\\\/\\\/schema.org\",\"@graph\":[{\"@type\":\"WebPage\",\"@id\":\"https:\\\/\\\/www.talidesign.eu\\\/et\\\/pood\\\/toode\\\/zone-puck-hook-nagi-58-x-14-cm-must\\\/\",\"url\":\"https:\\\/\\\/www.talidesign.eu\\\/et\\\/pood\\\/toode\\\/zone-puck-hook-nagi-58-x-14-cm-must\\\/\",\"name\":\"Zone Puck Hook nagi 5,8 x 14 cm Must - TALI Concept Store\",\"isPartOf\":{\"@id\":\"https:\\\/\\\/www.talidesign.eu\\\/et\\\/#website\"},\"primaryImageOfPage\":{\"@id\":\"https:\\\/\\\/www.talidesign.eu\\\/et\\\/pood\\\/toode\\\/zone-puck-hook-nagi-58-x-14-cm-must\\\/#primaryimage\"},\"image\":{\"@id\":\"https:\\\/\\\/www.talidesign.eu\\\/et\\\/pood\\\/toode\\\/zone-puck-hook-nagi-58-x-14-cm-must\\\/#primaryimage\"},\"thumbnailUrl\":\"https:\\\/\\\/www.talidesign.eu\\\/wp\\\/wp-content\\\/uploads\\\/2021\\\/03\\\/zone-puck-hook-single-hook-58-x-14-cm-black.jpg\",\"datePublished\":\"2021-03-21T23:30:21+00:00\",\"dateModified\":\"2024-02-14T07:27:52+00:00\",\"description\":\"Zone Puck Hook nagi 5,8 x 14 cm Must - Kvaliteetne konks, mis sobib ideaalselt siledatele pindadele. Reguleeritav iminapp kannab kuni 5kg raskust. Tutvu disaineriga! Br\u00e4nd Zone Denmark.\",\"breadcrumb\":{\"@id\":\"https:\\\/\\\/www.talidesign.eu\\\/et\\\/pood\\\/toode\\\/zone-puck-hook-nagi-58-x-14-cm-must\\\/#breadcrumb\"},\"inLanguage\":\"et\",\"potentialAction\":[{\"@type\":\"ReadAction\",\"target\":[\"https:\\\/\\\/www.talidesign.eu\\\/et\\\/pood\\\/toode\\\/zone-puck-hook-nagi-58-x-14-cm-must\\\/\"]}]},{\"@type\":\"ImageObject\",\"inLanguage\":\"et\",\"@id\":\"https:\\\/\\\/www.talidesign.eu\\\/et\\\/pood\\\/toode\\\/zone-puck-hook-nagi-58-x-14-cm-must\\\/#primaryimage\",\"url\":\"https:\\\/\\\/www.talidesign.eu\\\/wp\\\/wp-content\\\/uploads\\\/2021\\\/03\\\/zone-puck-hook-single-hook-58-x-14-cm-black.jpg\",\"contentUrl\":\"https:\\\/\\\/www.talidesign.eu\\\/wp\\\/wp-content\\\/uploads\\\/2021\\\/03\\\/zone-puck-hook-single-hook-58-x-14-cm-black.jpg\",\"width\":800,\"height\":800},{\"@type\":\"BreadcrumbList\",\"@id\":\"https:\\\/\\\/www.talidesign.eu\\\/et\\\/pood\\\/toode\\\/zone-puck-hook-nagi-58-x-14-cm-must\\\/#breadcrumb\",\"itemListElement\":[{\"@type\":\"ListItem\",\"position\":1,\"name\":\"Avaleht\",\"item\":\"https:\\\/\\\/www.talidesign.eu\\\/et\\\/\"},{\"@type\":\"ListItem\",\"position\":2,\"name\":\"Pood\",\"item\":\"https:\\\/\\\/www.talidesign.eu\\\/et\\\/pood\\\/\"},{\"@type\":\"ListItem\",\"position\":3,\"name\":\"Zone Puck Hook nagi 5,8 x 14 cm Must\"}]},{\"@type\":\"WebSite\",\"@id\":\"https:\\\/\\\/www.talidesign.eu\\\/et\\\/#website\",\"url\":\"https:\\\/\\\/www.talidesign.eu\\\/et\\\/\",\"name\":\"TALI Concept Store\",\"description\":\"Suurim Disainipood Eestis\",\"potentialAction\":[{\"@type\":\"SearchAction\",\"target\":{\"@type\":\"EntryPoint\",\"urlTemplate\":\"https:\\\/\\\/www.talidesign.eu\\\/et\\\/?s={search_term_string}\"},\"query-input\":{\"@type\":\"PropertyValueSpecification\",\"valueRequired\":true,\"valueName\":\"search_term_string\"}}],\"inLanguage\":\"et\"}]}<\/script>\n<!-- \/ Yoast SEO plugin. -->","yoast_head_json":{"title":"Zone Puck Hook nagi 5,8 x 14 cm Must - TALI Concept Store","description":"Zone Puck Hook nagi 5,8 x 14 cm Must - Kvaliteetne konks, mis sobib ideaalselt siledatele pindadele. Reguleeritav iminapp kannab kuni 5kg raskust. Tutvu disaineriga! Br\u00e4nd Zone Denmark.","robots":{"index":"index","follow":"follow","max-snippet":"max-snippet:-1","max-image-preview":"max-image-preview:large","max-video-preview":"max-video-preview:-1"},"canonical":"https:\/\/www.talidesign.eu\/et\/pood\/toode\/zone-puck-hook-nagi-58-x-14-cm-must\/","og_locale":"et_EE","og_type":"article","og_title":"Zone Puck Hook nagi 5,8 x 14 cm Must - TALI Concept Store","og_description":"Zone Puck Hook nagi 5,8 x 14 cm Must - Kvaliteetne konks, mis sobib ideaalselt siledatele pindadele. Reguleeritav iminapp kannab kuni 5kg raskust. Tutvu disaineriga! Br\u00e4nd Zone Denmark.","og_url":"https:\/\/www.talidesign.eu\/et\/pood\/toode\/zone-puck-hook-nagi-58-x-14-cm-must\/","og_site_name":"TALI Concept Store","article_publisher":"https:\/\/www.facebook.com\/TaliDisain\/","article_modified_time":"2024-02-14T07:27:52+00:00","og_image":[{"width":800,"height":800,"url":"https:\/\/www.talidesign.eu\/wp\/wp-content\/uploads\/2021\/03\/zone-puck-hook-single-hook-58-x-14-cm-black.jpg","type":"image\/jpeg"}],"twitter_card":"summary_large_image","twitter_misc":{"Est. reading time":"1 minute"},"schema":{"@context":"https:\/\/schema.org","@graph":[{"@type":"WebPage","@id":"https:\/\/www.talidesign.eu\/et\/pood\/toode\/zone-puck-hook-nagi-58-x-14-cm-must\/","url":"https:\/\/www.talidesign.eu\/et\/pood\/toode\/zone-puck-hook-nagi-58-x-14-cm-must\/","name":"Zone Puck Hook nagi 5,8 x 14 cm Must - TALI Concept Store","isPartOf":{"@id":"https:\/\/www.talidesign.eu\/et\/#website"},"primaryImageOfPage":{"@id":"https:\/\/www.talidesign.eu\/et\/pood\/toode\/zone-puck-hook-nagi-58-x-14-cm-must\/#primaryimage"},"image":{"@id":"https:\/\/www.talidesign.eu\/et\/pood\/toode\/zone-puck-hook-nagi-58-x-14-cm-must\/#primaryimage"},"thumbnailUrl":"https:\/\/www.talidesign.eu\/wp\/wp-content\/uploads\/2021\/03\/zone-puck-hook-single-hook-58-x-14-cm-black.jpg","datePublished":"2021-03-21T23:30:21+00:00","dateModified":"2024-02-14T07:27:52+00:00","description":"Zone Puck Hook nagi 5,8 x 14 cm Must - Kvaliteetne konks, mis sobib ideaalselt siledatele pindadele. Reguleeritav iminapp kannab kuni 5kg raskust. Tutvu disaineriga! Br\u00e4nd Zone Denmark.","breadcrumb":{"@id":"https:\/\/www.talidesign.eu\/et\/pood\/toode\/zone-puck-hook-nagi-58-x-14-cm-must\/#breadcrumb"},"inLanguage":"et","potentialAction":[{"@type":"ReadAction","target":["https:\/\/www.talidesign.eu\/et\/pood\/toode\/zone-puck-hook-nagi-58-x-14-cm-must\/"]}]},{"@type":"ImageObject","inLanguage":"et","@id":"https:\/\/www.talidesign.eu\/et\/pood\/toode\/zone-puck-hook-nagi-58-x-14-cm-must\/#primaryimage","url":"https:\/\/www.talidesign.eu\/wp\/wp-content\/uploads\/2021\/03\/zone-puck-hook-single-hook-58-x-14-cm-black.jpg","contentUrl":"https:\/\/www.talidesign.eu\/wp\/wp-content\/uploads\/2021\/03\/zone-puck-hook-single-hook-58-x-14-cm-black.jpg","width":800,"height":800},{"@type":"BreadcrumbList","@id":"https:\/\/www.talidesign.eu\/et\/pood\/toode\/zone-puck-hook-nagi-58-x-14-cm-must\/#breadcrumb","itemListElement":[{"@type":"ListItem","position":1,"name":"Avaleht","item":"https:\/\/www.talidesign.eu\/et\/"},{"@type":"ListItem","position":2,"name":"Pood","item":"https:\/\/www.talidesign.eu\/et\/pood\/"},{"@type":"ListItem","position":3,"name":"Zone Puck Hook nagi 5,8 x 14 cm Must"}]},{"@type":"WebSite","@id":"https:\/\/www.talidesign.eu\/et\/#website","url":"https:\/\/www.talidesign.eu\/et\/","name":"TALI Concept Store","description":"Suurim Disainipood Eestis","potentialAction":[{"@type":"SearchAction","target":{"@type":"EntryPoint","urlTemplate":"https:\/\/www.talidesign.eu\/et\/?s={search_term_string}"},"query-input":{"@type":"PropertyValueSpecification","valueRequired":true,"valueName":"search_term_string"}}],"inLanguage":"et"}]}},"_links":{"self":[{"href":"https:\/\/www.talidesign.eu\/et\/wp-json\/wp\/v2\/product\/36081","targetHints":{"allow":["GET"]}}],"collection":[{"href":"https:\/\/www.talidesign.eu\/et\/wp-json\/wp\/v2\/product"}],"about":[{"href":"https:\/\/www.talidesign.eu\/et\/wp-json\/wp\/v2\/types\/product"}],"wp:featuredmedia":[{"embeddable":true,"href":"https:\/\/www.talidesign.eu\/et\/wp-json\/wp\/v2\/media\/36082"}],"wp:attachment":[{"href":"https:\/\/www.talidesign.eu\/et\/wp-json\/wp\/v2\/media?parent=36081"}],"wp:term":[{"taxonomy":"product_brand","embeddable":true,"href":"https:\/\/www.talidesign.eu\/et\/wp-json\/wp\/v2\/product_brand?post=36081"},{"taxonomy":"product_cat","embeddable":true,"href":"https:\/\/www.talidesign.eu\/et\/wp-json\/wp\/v2\/product_cat?post=36081"},{"taxonomy":"product_tag","embeddable":true,"href":"https:\/\/www.talidesign.eu\/et\/wp-json\/wp\/v2\/product_tag?post=36081"}],"curies":[{"name":"wp","href":"https:\/\/api.w.org\/{rel}","templated":true}]}}