{"id":36087,"date":"2021-03-19T11:42:12","date_gmt":"2021-03-19T09:42:12","guid":{"rendered":"https:\/\/www.talidesign.eu\/shop\/product\/zone-ume-soap-dispenser-touch-free-sensor-white\/"},"modified":"2021-12-15T19:04:14","modified_gmt":"2021-12-15T17:04:14","slug":"zone-ume-puutevaba-seebidosaator-valge","status":"publish","type":"product","link":"https:\/\/www.talidesign.eu\/et\/pood\/toode\/zone-ume-puutevaba-seebidosaator-valge\/","title":{"rendered":"Zone Ume puutevaba seebidosaator Valge"},"content":{"rendered":"<p><strong>Ume Soap Dispenser Touch-free Sensor White<\/strong><\/p>\n<p>Over the past year we have become used to washing our hands more and using hand sanitiser. We don\u2019t really think about it anymore \u2013 so why not make a virtue out of necessity by beautifying these new habits.<\/p>\n<p>The new touch-free dispenser from Zone Denmark can be used for either liquid soap or hand sanitiser. The simple and attractive design is perfect for the kitchen, office, bathroom, meeting rooms, shops etc. as a friendly nudge to discreetly and tastefully remind us to protect each other by practicing proper hand hygiene.<\/p>\n<p>\u2022 White<br \/>\n\u2022 Stoneware\/ABS<br \/>\n\u2022 Capacity 0,25 liter<br \/>\n\u2022 Dia. 11,8 x 17,3 cm<br \/>\n\u2022 <a href=\"\/et\/tootekategooria\/brandid\/zone-denmark-et\/\">Br\u00e4nd Zone Denmark<\/a><\/p>\n<p><iframe height=\"315\" src=\"https:\/\/www.youtube.com\/embed\/Uj1Wt4OKmxo\" frameborder=\"0\" allow=\"accelerometer; autoplay; clipboard-write; encrypted-media; gyroscope; picture-in-picture\" allowfullscreen><\/iframe><\/p>\n<p><strong>Meet the designers behind Ume!<\/strong><\/p>\n<p>Tilde Nygaard, Hugo Dines Schmidt and Morten Lauritzen are the trio behind VE2 and the people behind the Ume series. Their solutions interact with other products and their ambition is to create simple, aesthetic and durable designs such as Ume \u2013 with a clear functional justification<\/p>\n<p><a href=\"https:\/\/www.talidesign.eu\/wp\/wp-content\/uploads\/2021\/03\/2-1.jpg\"><img loading=\"lazy\" decoding=\"async\" src=\"https:\/\/www.talidesign.eu\/wp\/wp-content\/uploads\/2021\/03\/2-1.jpg\" alt=\"\" width=\"1278\" height=\"753\" class=\"alignnone size-full wp-image-22767\" srcset=\"https:\/\/www.talidesign.eu\/wp\/wp-content\/uploads\/2021\/03\/2-1.jpg 1278w, https:\/\/www.talidesign.eu\/wp\/wp-content\/uploads\/2021\/03\/2-1-679x400.jpg 679w, https:\/\/www.talidesign.eu\/wp\/wp-content\/uploads\/2021\/03\/2-1-768x453.jpg 768w, https:\/\/www.talidesign.eu\/wp\/wp-content\/uploads\/2021\/03\/2-1-500x295.jpg 500w, https:\/\/www.talidesign.eu\/wp\/wp-content\/uploads\/2021\/03\/2-1-510x300.jpg 510w\" sizes=\"auto, (max-width: 1278px) 100vw, 1278px\" \/><\/a><a href=\"\/product-category\/designers\/zone-denmark\/\"><img loading=\"lazy\" decoding=\"async\" src=\"https:\/\/www.talidesign.eu\/wp\/wp-content\/uploads\/2021\/03\/logo-6.jpg\" alt=\"\" width=\"500\" height=\"100\" class=\"alignnone size-full wp-image-24694\" \/><\/a><\/p>\n","protected":false},"excerpt":{"rendered":"<p>Over the past year we have become used to washing our hands more and using hand sanitiser. We don\u2019t really think about it anymore \u2013 so why not make a virtue out of necessity by beautifying these new habits.<\/p>\n<p>The new touch-free dispenser from Zone Denmark can be used for either liquid soap or hand sanitiser. The simple and attractive design is perfect for the kitchen, office, bathroom, meeting rooms, shops etc. as a friendly nudge to discreetly and tastefully remind us to protect each other by practicing proper hand hygiene.<\/p>\n<p>\u2022 White<br \/>\n\u2022 Stoneware\/ABS<br \/>\n\u2022 Capacity 0,25 liter<br \/>\n\u2022 Dia. 11,8 x 17,3 cm<br \/>\n\u2022 Seebidosaator, Seebidosaatorid, Dosaator<\/p>\n<p>By Zone Denmark<\/p>\n","protected":false},"featured_media":36088,"template":"","meta":[],"product_brand":[],"product_cat":[1026,1018,1030,1100,1095],"product_tag":[1180],"class_list":{"0":"post-36087","1":"product","2":"type-product","3":"status-publish","4":"has-post-thumbnail","6":"product_cat-brandid","7":"product_cat-kodu","8":"product_cat-kook","9":"product_cat-vannituba","10":"product_cat-zone-denmark-et","11":"product_tag-zone-et","13":"first","14":"outofstock","15":"taxable","16":"shipping-taxable","17":"purchasable","18":"product-type-simple"},"yoast_head":"<!-- This site is optimized with the Yoast SEO plugin v27.3 - https:\/\/yoast.com\/product\/yoast-seo-wordpress\/ -->\n<title>Zone Ume puutevaba seebidosaator Valge - TALI Concept Store<\/title>\n<meta name=\"description\" content=\"Zone Denmark Ume puutevaba seebidosaator Valge - kaunista uued harjumused stiilselt. Sobib ideaalselt k\u00f6\u00f6ki, kontorisse, vannituppa jne. Br\u00e4nd Zone Denmark.\" \/>\n<meta name=\"robots\" content=\"index, follow, max-snippet:-1, max-image-preview:large, max-video-preview:-1\" \/>\n<link rel=\"canonical\" href=\"https:\/\/www.talidesign.eu\/et\/pood\/toode\/zone-ume-puutevaba-seebidosaator-valge\/\" \/>\n<meta property=\"og:locale\" content=\"et_EE\" \/>\n<meta property=\"og:type\" content=\"article\" \/>\n<meta property=\"og:title\" content=\"Zone Ume puutevaba seebidosaator Valge - TALI Concept Store\" \/>\n<meta property=\"og:description\" content=\"Zone Denmark Ume puutevaba seebidosaator Valge - kaunista uued harjumused stiilselt. Sobib ideaalselt k\u00f6\u00f6ki, kontorisse, vannituppa jne. Br\u00e4nd Zone Denmark.\" \/>\n<meta property=\"og:url\" content=\"https:\/\/www.talidesign.eu\/et\/pood\/toode\/zone-ume-puutevaba-seebidosaator-valge\/\" \/>\n<meta property=\"og:site_name\" content=\"TALI Concept Store\" \/>\n<meta property=\"article:publisher\" content=\"https:\/\/www.facebook.com\/TaliDisain\/\" \/>\n<meta property=\"article:modified_time\" content=\"2021-12-15T17:04:14+00:00\" \/>\n<meta property=\"og:image\" content=\"https:\/\/www.talidesign.eu\/wp\/wp-content\/uploads\/2021\/02\/getimage-2-1.jpg\" \/>\n\t<meta property=\"og:image:width\" content=\"800\" \/>\n\t<meta property=\"og:image:height\" content=\"800\" \/>\n\t<meta property=\"og:image:type\" content=\"image\/jpeg\" \/>\n<meta name=\"twitter:card\" content=\"summary_large_image\" \/>\n<meta name=\"twitter:label1\" content=\"Est. reading time\" \/>\n\t<meta name=\"twitter:data1\" content=\"1 minute\" \/>\n<script type=\"application\/ld+json\" class=\"yoast-schema-graph\">{\"@context\":\"https:\\\/\\\/schema.org\",\"@graph\":[{\"@type\":\"WebPage\",\"@id\":\"https:\\\/\\\/www.talidesign.eu\\\/et\\\/pood\\\/toode\\\/zone-ume-puutevaba-seebidosaator-valge\\\/\",\"url\":\"https:\\\/\\\/www.talidesign.eu\\\/et\\\/pood\\\/toode\\\/zone-ume-puutevaba-seebidosaator-valge\\\/\",\"name\":\"Zone Ume puutevaba seebidosaator Valge - TALI Concept Store\",\"isPartOf\":{\"@id\":\"https:\\\/\\\/www.talidesign.eu\\\/et\\\/#website\"},\"primaryImageOfPage\":{\"@id\":\"https:\\\/\\\/www.talidesign.eu\\\/et\\\/pood\\\/toode\\\/zone-ume-puutevaba-seebidosaator-valge\\\/#primaryimage\"},\"image\":{\"@id\":\"https:\\\/\\\/www.talidesign.eu\\\/et\\\/pood\\\/toode\\\/zone-ume-puutevaba-seebidosaator-valge\\\/#primaryimage\"},\"thumbnailUrl\":\"https:\\\/\\\/www.talidesign.eu\\\/wp\\\/wp-content\\\/uploads\\\/2021\\\/02\\\/getimage-2-1.jpg\",\"datePublished\":\"2021-03-19T09:42:12+00:00\",\"dateModified\":\"2021-12-15T17:04:14+00:00\",\"description\":\"Zone Denmark Ume puutevaba seebidosaator Valge - kaunista uued harjumused stiilselt. Sobib ideaalselt k\u00f6\u00f6ki, kontorisse, vannituppa jne. Br\u00e4nd Zone Denmark.\",\"breadcrumb\":{\"@id\":\"https:\\\/\\\/www.talidesign.eu\\\/et\\\/pood\\\/toode\\\/zone-ume-puutevaba-seebidosaator-valge\\\/#breadcrumb\"},\"inLanguage\":\"et\",\"potentialAction\":[{\"@type\":\"ReadAction\",\"target\":[\"https:\\\/\\\/www.talidesign.eu\\\/et\\\/pood\\\/toode\\\/zone-ume-puutevaba-seebidosaator-valge\\\/\"]}]},{\"@type\":\"ImageObject\",\"inLanguage\":\"et\",\"@id\":\"https:\\\/\\\/www.talidesign.eu\\\/et\\\/pood\\\/toode\\\/zone-ume-puutevaba-seebidosaator-valge\\\/#primaryimage\",\"url\":\"https:\\\/\\\/www.talidesign.eu\\\/wp\\\/wp-content\\\/uploads\\\/2021\\\/02\\\/getimage-2-1.jpg\",\"contentUrl\":\"https:\\\/\\\/www.talidesign.eu\\\/wp\\\/wp-content\\\/uploads\\\/2021\\\/02\\\/getimage-2-1.jpg\",\"width\":800,\"height\":800},{\"@type\":\"BreadcrumbList\",\"@id\":\"https:\\\/\\\/www.talidesign.eu\\\/et\\\/pood\\\/toode\\\/zone-ume-puutevaba-seebidosaator-valge\\\/#breadcrumb\",\"itemListElement\":[{\"@type\":\"ListItem\",\"position\":1,\"name\":\"Avaleht\",\"item\":\"https:\\\/\\\/www.talidesign.eu\\\/et\\\/\"},{\"@type\":\"ListItem\",\"position\":2,\"name\":\"Pood\",\"item\":\"https:\\\/\\\/www.talidesign.eu\\\/et\\\/pood\\\/\"},{\"@type\":\"ListItem\",\"position\":3,\"name\":\"Zone Ume puutevaba seebidosaator Valge\"}]},{\"@type\":\"WebSite\",\"@id\":\"https:\\\/\\\/www.talidesign.eu\\\/et\\\/#website\",\"url\":\"https:\\\/\\\/www.talidesign.eu\\\/et\\\/\",\"name\":\"TALI Concept Store\",\"description\":\"Suurim Disainipood Eestis\",\"potentialAction\":[{\"@type\":\"SearchAction\",\"target\":{\"@type\":\"EntryPoint\",\"urlTemplate\":\"https:\\\/\\\/www.talidesign.eu\\\/et\\\/?s={search_term_string}\"},\"query-input\":{\"@type\":\"PropertyValueSpecification\",\"valueRequired\":true,\"valueName\":\"search_term_string\"}}],\"inLanguage\":\"et\"}]}<\/script>\n<!-- \/ Yoast SEO plugin. -->","yoast_head_json":{"title":"Zone Ume puutevaba seebidosaator Valge - TALI Concept Store","description":"Zone Denmark Ume puutevaba seebidosaator Valge - kaunista uued harjumused stiilselt. Sobib ideaalselt k\u00f6\u00f6ki, kontorisse, vannituppa jne. Br\u00e4nd Zone Denmark.","robots":{"index":"index","follow":"follow","max-snippet":"max-snippet:-1","max-image-preview":"max-image-preview:large","max-video-preview":"max-video-preview:-1"},"canonical":"https:\/\/www.talidesign.eu\/et\/pood\/toode\/zone-ume-puutevaba-seebidosaator-valge\/","og_locale":"et_EE","og_type":"article","og_title":"Zone Ume puutevaba seebidosaator Valge - TALI Concept Store","og_description":"Zone Denmark Ume puutevaba seebidosaator Valge - kaunista uued harjumused stiilselt. Sobib ideaalselt k\u00f6\u00f6ki, kontorisse, vannituppa jne. Br\u00e4nd Zone Denmark.","og_url":"https:\/\/www.talidesign.eu\/et\/pood\/toode\/zone-ume-puutevaba-seebidosaator-valge\/","og_site_name":"TALI Concept Store","article_publisher":"https:\/\/www.facebook.com\/TaliDisain\/","article_modified_time":"2021-12-15T17:04:14+00:00","og_image":[{"width":800,"height":800,"url":"https:\/\/www.talidesign.eu\/wp\/wp-content\/uploads\/2021\/02\/getimage-2-1.jpg","type":"image\/jpeg"}],"twitter_card":"summary_large_image","twitter_misc":{"Est. reading time":"1 minute"},"schema":{"@context":"https:\/\/schema.org","@graph":[{"@type":"WebPage","@id":"https:\/\/www.talidesign.eu\/et\/pood\/toode\/zone-ume-puutevaba-seebidosaator-valge\/","url":"https:\/\/www.talidesign.eu\/et\/pood\/toode\/zone-ume-puutevaba-seebidosaator-valge\/","name":"Zone Ume puutevaba seebidosaator Valge - TALI Concept Store","isPartOf":{"@id":"https:\/\/www.talidesign.eu\/et\/#website"},"primaryImageOfPage":{"@id":"https:\/\/www.talidesign.eu\/et\/pood\/toode\/zone-ume-puutevaba-seebidosaator-valge\/#primaryimage"},"image":{"@id":"https:\/\/www.talidesign.eu\/et\/pood\/toode\/zone-ume-puutevaba-seebidosaator-valge\/#primaryimage"},"thumbnailUrl":"https:\/\/www.talidesign.eu\/wp\/wp-content\/uploads\/2021\/02\/getimage-2-1.jpg","datePublished":"2021-03-19T09:42:12+00:00","dateModified":"2021-12-15T17:04:14+00:00","description":"Zone Denmark Ume puutevaba seebidosaator Valge - kaunista uued harjumused stiilselt. Sobib ideaalselt k\u00f6\u00f6ki, kontorisse, vannituppa jne. Br\u00e4nd Zone Denmark.","breadcrumb":{"@id":"https:\/\/www.talidesign.eu\/et\/pood\/toode\/zone-ume-puutevaba-seebidosaator-valge\/#breadcrumb"},"inLanguage":"et","potentialAction":[{"@type":"ReadAction","target":["https:\/\/www.talidesign.eu\/et\/pood\/toode\/zone-ume-puutevaba-seebidosaator-valge\/"]}]},{"@type":"ImageObject","inLanguage":"et","@id":"https:\/\/www.talidesign.eu\/et\/pood\/toode\/zone-ume-puutevaba-seebidosaator-valge\/#primaryimage","url":"https:\/\/www.talidesign.eu\/wp\/wp-content\/uploads\/2021\/02\/getimage-2-1.jpg","contentUrl":"https:\/\/www.talidesign.eu\/wp\/wp-content\/uploads\/2021\/02\/getimage-2-1.jpg","width":800,"height":800},{"@type":"BreadcrumbList","@id":"https:\/\/www.talidesign.eu\/et\/pood\/toode\/zone-ume-puutevaba-seebidosaator-valge\/#breadcrumb","itemListElement":[{"@type":"ListItem","position":1,"name":"Avaleht","item":"https:\/\/www.talidesign.eu\/et\/"},{"@type":"ListItem","position":2,"name":"Pood","item":"https:\/\/www.talidesign.eu\/et\/pood\/"},{"@type":"ListItem","position":3,"name":"Zone Ume puutevaba seebidosaator Valge"}]},{"@type":"WebSite","@id":"https:\/\/www.talidesign.eu\/et\/#website","url":"https:\/\/www.talidesign.eu\/et\/","name":"TALI Concept Store","description":"Suurim Disainipood Eestis","potentialAction":[{"@type":"SearchAction","target":{"@type":"EntryPoint","urlTemplate":"https:\/\/www.talidesign.eu\/et\/?s={search_term_string}"},"query-input":{"@type":"PropertyValueSpecification","valueRequired":true,"valueName":"search_term_string"}}],"inLanguage":"et"}]}},"_links":{"self":[{"href":"https:\/\/www.talidesign.eu\/et\/wp-json\/wp\/v2\/product\/36087","targetHints":{"allow":["GET"]}}],"collection":[{"href":"https:\/\/www.talidesign.eu\/et\/wp-json\/wp\/v2\/product"}],"about":[{"href":"https:\/\/www.talidesign.eu\/et\/wp-json\/wp\/v2\/types\/product"}],"wp:featuredmedia":[{"embeddable":true,"href":"https:\/\/www.talidesign.eu\/et\/wp-json\/wp\/v2\/media\/36088"}],"wp:attachment":[{"href":"https:\/\/www.talidesign.eu\/et\/wp-json\/wp\/v2\/media?parent=36087"}],"wp:term":[{"taxonomy":"product_brand","embeddable":true,"href":"https:\/\/www.talidesign.eu\/et\/wp-json\/wp\/v2\/product_brand?post=36087"},{"taxonomy":"product_cat","embeddable":true,"href":"https:\/\/www.talidesign.eu\/et\/wp-json\/wp\/v2\/product_cat?post=36087"},{"taxonomy":"product_tag","embeddable":true,"href":"https:\/\/www.talidesign.eu\/et\/wp-json\/wp\/v2\/product_tag?post=36087"}],"curies":[{"name":"wp","href":"https:\/\/api.w.org\/{rel}","templated":true}]}}