{"id":36110,"date":"2021-02-20T13:41:45","date_gmt":"2021-02-20T11:41:45","guid":{"rendered":"https:\/\/www.talidesign.eu\/shop\/product\/zone-inu-foot-bath-salt-250-ml\/"},"modified":"2023-02-17T15:02:15","modified_gmt":"2023-02-17T13:02:15","slug":"zone-inu-vannisool-jalgadele-250-ml","status":"publish","type":"product","link":"https:\/\/www.talidesign.eu\/et\/pood\/toode\/zone-inu-vannisool-jalgadele-250-ml\/","title":{"rendered":"Zone INU vannisool jalgadele 250 ml"},"content":{"rendered":"<p><strong>INU Foot Bath Salt 250 ml<\/strong><\/p>\n<p>Retreat, relax and enjoy a nice foot bath or hand bath with exfoliating and softening bath salts. <\/p>\n<p>The salt is harvested in Sicily, drained of seawater and fragrant menthol and eucalyptus oil are added. <\/p>\n<p>\u2022 Capacity: 250 ml<br \/>\n\u2022 <a href=\"\/et\/tootekategooria\/brandid\/zone-denmark-et\/\">Br\u00e4nd Zone Denmark<\/a><\/p>\n<p><strong>Meet the designer behind INU!<\/strong><\/p>\n<p>The designer behind NEU Studio is Tilde Nygaard. She is a trained industrial designer, and as a co-founder and partner of VE2, she created a wide range of Zone Denmark\u2019s award-winning designs. In her own design studio, she has contributed to the development of the INU spa series, which brings a completely new and sensual dimension to the Zone brand.<\/p>\n<p><a href=\"https:\/\/www.talidesign.eu\/wp\/wp-content\/uploads\/2021\/02\/inu.jpg\"><img loading=\"lazy\" decoding=\"async\" src=\"https:\/\/www.talidesign.eu\/wp\/wp-content\/uploads\/2021\/02\/inu.jpg\" alt=\"\" width=\"1278\" height=\"753\" class=\"alignnone size-full wp-image-22793\" srcset=\"https:\/\/www.talidesign.eu\/wp\/wp-content\/uploads\/2021\/02\/inu.jpg 1278w, https:\/\/www.talidesign.eu\/wp\/wp-content\/uploads\/2021\/02\/inu-679x400.jpg 679w, https:\/\/www.talidesign.eu\/wp\/wp-content\/uploads\/2021\/02\/inu-768x453.jpg 768w, https:\/\/www.talidesign.eu\/wp\/wp-content\/uploads\/2021\/02\/inu-500x295.jpg 500w, https:\/\/www.talidesign.eu\/wp\/wp-content\/uploads\/2021\/02\/inu-510x300.jpg 510w\" sizes=\"auto, (max-width: 1278px) 100vw, 1278px\" \/><\/a><a href=\"\/product-category\/designers\/zone-denmark\/\"><img loading=\"lazy\" decoding=\"async\" src=\"https:\/\/www.talidesign.eu\/wp\/wp-content\/uploads\/2021\/03\/logo-6.jpg\" alt=\"\" width=\"500\" height=\"100\" class=\"alignnone size-full wp-image-24694\" \/><\/a><\/p>\n","protected":false},"excerpt":{"rendered":"<p>Retreat, relax and enjoy a nice foot bath or hand bath with exfoliating and softening bath salts. <\/p>\n<p>\u2022 The salt is harvested in Sicily, drained of seawater and fragrant menthol and eucalyptus oil are added.<br \/>\n\u2022 Capacity: 250 ml<\/p>\n<p>By Zone Denmark<\/p>\n","protected":false},"featured_media":36111,"template":"","meta":[],"product_brand":[],"product_cat":[1177,1026,1018,2411,1100,1095],"product_tag":[1180],"class_list":{"0":"post-36110","1":"product","2":"type-product","3":"status-publish","4":"has-post-thumbnail","6":"product_cat-allahindlus","7":"product_cat-brandid","8":"product_cat-kodu","9":"product_cat-koduspaa","10":"product_cat-vannituba","11":"product_cat-zone-denmark-et","12":"product_tag-zone-et","14":"first","15":"outofstock","16":"sale","17":"taxable","18":"shipping-taxable","19":"purchasable","20":"product-type-simple"},"yoast_head":"<!-- This site is optimized with the Yoast SEO plugin v27.3 - https:\/\/yoast.com\/product\/yoast-seo-wordpress\/ -->\n<title>Zone INU vannisool jalgadele 250 ml - TALI Concept Store<\/title>\n<meta name=\"description\" content=\"Zone INU vannisool jalgadele 250 ml - Naudi l\u00f5\u00f5gastavat jalavanni v\u00f5i k\u00e4tevanni koos koorivate ja pehmendavate vannisooladega. Valmistatud Sitsiilias korjatud soolast, millele on lisatud l\u00f5hnav mentool ja eukal\u00fcpti\u00f5li. Br\u00e4nd Zone Denmark.\" \/>\n<meta name=\"robots\" content=\"index, follow, max-snippet:-1, max-image-preview:large, max-video-preview:-1\" \/>\n<link rel=\"canonical\" href=\"https:\/\/www.talidesign.eu\/et\/pood\/toode\/zone-inu-vannisool-jalgadele-250-ml\/\" \/>\n<meta property=\"og:locale\" content=\"et_EE\" \/>\n<meta property=\"og:type\" content=\"article\" \/>\n<meta property=\"og:title\" content=\"Zone INU vannisool jalgadele 250 ml - TALI Concept Store\" \/>\n<meta property=\"og:description\" content=\"Zone INU vannisool jalgadele 250 ml - Naudi l\u00f5\u00f5gastavat jalavanni v\u00f5i k\u00e4tevanni koos koorivate ja pehmendavate vannisooladega. Valmistatud Sitsiilias korjatud soolast, millele on lisatud l\u00f5hnav mentool ja eukal\u00fcpti\u00f5li. Br\u00e4nd Zone Denmark.\" \/>\n<meta property=\"og:url\" content=\"https:\/\/www.talidesign.eu\/et\/pood\/toode\/zone-inu-vannisool-jalgadele-250-ml\/\" \/>\n<meta property=\"og:site_name\" content=\"TALI Concept Store\" \/>\n<meta property=\"article:publisher\" content=\"https:\/\/www.facebook.com\/TaliDisain\/\" \/>\n<meta property=\"article:modified_time\" content=\"2023-02-17T13:02:15+00:00\" \/>\n<meta property=\"og:image\" content=\"https:\/\/www.talidesign.eu\/wp\/wp-content\/uploads\/2021\/02\/getimage-2-3.jpg\" \/>\n\t<meta property=\"og:image:width\" content=\"768\" \/>\n\t<meta property=\"og:image:height\" content=\"768\" \/>\n\t<meta property=\"og:image:type\" content=\"image\/jpeg\" \/>\n<meta name=\"twitter:card\" content=\"summary_large_image\" \/>\n<meta name=\"twitter:label1\" content=\"Est. reading time\" \/>\n\t<meta name=\"twitter:data1\" content=\"1 minute\" \/>\n<script type=\"application\/ld+json\" class=\"yoast-schema-graph\">{\"@context\":\"https:\\\/\\\/schema.org\",\"@graph\":[{\"@type\":\"WebPage\",\"@id\":\"https:\\\/\\\/www.talidesign.eu\\\/et\\\/pood\\\/toode\\\/zone-inu-vannisool-jalgadele-250-ml\\\/\",\"url\":\"https:\\\/\\\/www.talidesign.eu\\\/et\\\/pood\\\/toode\\\/zone-inu-vannisool-jalgadele-250-ml\\\/\",\"name\":\"Zone INU vannisool jalgadele 250 ml - TALI Concept Store\",\"isPartOf\":{\"@id\":\"https:\\\/\\\/www.talidesign.eu\\\/et\\\/#website\"},\"primaryImageOfPage\":{\"@id\":\"https:\\\/\\\/www.talidesign.eu\\\/et\\\/pood\\\/toode\\\/zone-inu-vannisool-jalgadele-250-ml\\\/#primaryimage\"},\"image\":{\"@id\":\"https:\\\/\\\/www.talidesign.eu\\\/et\\\/pood\\\/toode\\\/zone-inu-vannisool-jalgadele-250-ml\\\/#primaryimage\"},\"thumbnailUrl\":\"https:\\\/\\\/www.talidesign.eu\\\/wp\\\/wp-content\\\/uploads\\\/2021\\\/02\\\/getimage-2-3.jpg\",\"datePublished\":\"2021-02-20T11:41:45+00:00\",\"dateModified\":\"2023-02-17T13:02:15+00:00\",\"description\":\"Zone INU vannisool jalgadele 250 ml - Naudi l\u00f5\u00f5gastavat jalavanni v\u00f5i k\u00e4tevanni koos koorivate ja pehmendavate vannisooladega. Valmistatud Sitsiilias korjatud soolast, millele on lisatud l\u00f5hnav mentool ja eukal\u00fcpti\u00f5li. Br\u00e4nd Zone Denmark.\",\"breadcrumb\":{\"@id\":\"https:\\\/\\\/www.talidesign.eu\\\/et\\\/pood\\\/toode\\\/zone-inu-vannisool-jalgadele-250-ml\\\/#breadcrumb\"},\"inLanguage\":\"et\",\"potentialAction\":[{\"@type\":\"ReadAction\",\"target\":[\"https:\\\/\\\/www.talidesign.eu\\\/et\\\/pood\\\/toode\\\/zone-inu-vannisool-jalgadele-250-ml\\\/\"]}]},{\"@type\":\"ImageObject\",\"inLanguage\":\"et\",\"@id\":\"https:\\\/\\\/www.talidesign.eu\\\/et\\\/pood\\\/toode\\\/zone-inu-vannisool-jalgadele-250-ml\\\/#primaryimage\",\"url\":\"https:\\\/\\\/www.talidesign.eu\\\/wp\\\/wp-content\\\/uploads\\\/2021\\\/02\\\/getimage-2-3.jpg\",\"contentUrl\":\"https:\\\/\\\/www.talidesign.eu\\\/wp\\\/wp-content\\\/uploads\\\/2021\\\/02\\\/getimage-2-3.jpg\",\"width\":768,\"height\":768},{\"@type\":\"BreadcrumbList\",\"@id\":\"https:\\\/\\\/www.talidesign.eu\\\/et\\\/pood\\\/toode\\\/zone-inu-vannisool-jalgadele-250-ml\\\/#breadcrumb\",\"itemListElement\":[{\"@type\":\"ListItem\",\"position\":1,\"name\":\"Avaleht\",\"item\":\"https:\\\/\\\/www.talidesign.eu\\\/et\\\/\"},{\"@type\":\"ListItem\",\"position\":2,\"name\":\"Pood\",\"item\":\"https:\\\/\\\/www.talidesign.eu\\\/et\\\/pood\\\/\"},{\"@type\":\"ListItem\",\"position\":3,\"name\":\"Zone INU vannisool jalgadele 250 ml\"}]},{\"@type\":\"WebSite\",\"@id\":\"https:\\\/\\\/www.talidesign.eu\\\/et\\\/#website\",\"url\":\"https:\\\/\\\/www.talidesign.eu\\\/et\\\/\",\"name\":\"TALI Concept Store\",\"description\":\"Suurim Disainipood Eestis\",\"potentialAction\":[{\"@type\":\"SearchAction\",\"target\":{\"@type\":\"EntryPoint\",\"urlTemplate\":\"https:\\\/\\\/www.talidesign.eu\\\/et\\\/?s={search_term_string}\"},\"query-input\":{\"@type\":\"PropertyValueSpecification\",\"valueRequired\":true,\"valueName\":\"search_term_string\"}}],\"inLanguage\":\"et\"}]}<\/script>\n<!-- \/ Yoast SEO plugin. -->","yoast_head_json":{"title":"Zone INU vannisool jalgadele 250 ml - TALI Concept Store","description":"Zone INU vannisool jalgadele 250 ml - Naudi l\u00f5\u00f5gastavat jalavanni v\u00f5i k\u00e4tevanni koos koorivate ja pehmendavate vannisooladega. Valmistatud Sitsiilias korjatud soolast, millele on lisatud l\u00f5hnav mentool ja eukal\u00fcpti\u00f5li. Br\u00e4nd Zone Denmark.","robots":{"index":"index","follow":"follow","max-snippet":"max-snippet:-1","max-image-preview":"max-image-preview:large","max-video-preview":"max-video-preview:-1"},"canonical":"https:\/\/www.talidesign.eu\/et\/pood\/toode\/zone-inu-vannisool-jalgadele-250-ml\/","og_locale":"et_EE","og_type":"article","og_title":"Zone INU vannisool jalgadele 250 ml - TALI Concept Store","og_description":"Zone INU vannisool jalgadele 250 ml - Naudi l\u00f5\u00f5gastavat jalavanni v\u00f5i k\u00e4tevanni koos koorivate ja pehmendavate vannisooladega. Valmistatud Sitsiilias korjatud soolast, millele on lisatud l\u00f5hnav mentool ja eukal\u00fcpti\u00f5li. Br\u00e4nd Zone Denmark.","og_url":"https:\/\/www.talidesign.eu\/et\/pood\/toode\/zone-inu-vannisool-jalgadele-250-ml\/","og_site_name":"TALI Concept Store","article_publisher":"https:\/\/www.facebook.com\/TaliDisain\/","article_modified_time":"2023-02-17T13:02:15+00:00","og_image":[{"width":768,"height":768,"url":"https:\/\/www.talidesign.eu\/wp\/wp-content\/uploads\/2021\/02\/getimage-2-3.jpg","type":"image\/jpeg"}],"twitter_card":"summary_large_image","twitter_misc":{"Est. reading time":"1 minute"},"schema":{"@context":"https:\/\/schema.org","@graph":[{"@type":"WebPage","@id":"https:\/\/www.talidesign.eu\/et\/pood\/toode\/zone-inu-vannisool-jalgadele-250-ml\/","url":"https:\/\/www.talidesign.eu\/et\/pood\/toode\/zone-inu-vannisool-jalgadele-250-ml\/","name":"Zone INU vannisool jalgadele 250 ml - TALI Concept Store","isPartOf":{"@id":"https:\/\/www.talidesign.eu\/et\/#website"},"primaryImageOfPage":{"@id":"https:\/\/www.talidesign.eu\/et\/pood\/toode\/zone-inu-vannisool-jalgadele-250-ml\/#primaryimage"},"image":{"@id":"https:\/\/www.talidesign.eu\/et\/pood\/toode\/zone-inu-vannisool-jalgadele-250-ml\/#primaryimage"},"thumbnailUrl":"https:\/\/www.talidesign.eu\/wp\/wp-content\/uploads\/2021\/02\/getimage-2-3.jpg","datePublished":"2021-02-20T11:41:45+00:00","dateModified":"2023-02-17T13:02:15+00:00","description":"Zone INU vannisool jalgadele 250 ml - Naudi l\u00f5\u00f5gastavat jalavanni v\u00f5i k\u00e4tevanni koos koorivate ja pehmendavate vannisooladega. Valmistatud Sitsiilias korjatud soolast, millele on lisatud l\u00f5hnav mentool ja eukal\u00fcpti\u00f5li. Br\u00e4nd Zone Denmark.","breadcrumb":{"@id":"https:\/\/www.talidesign.eu\/et\/pood\/toode\/zone-inu-vannisool-jalgadele-250-ml\/#breadcrumb"},"inLanguage":"et","potentialAction":[{"@type":"ReadAction","target":["https:\/\/www.talidesign.eu\/et\/pood\/toode\/zone-inu-vannisool-jalgadele-250-ml\/"]}]},{"@type":"ImageObject","inLanguage":"et","@id":"https:\/\/www.talidesign.eu\/et\/pood\/toode\/zone-inu-vannisool-jalgadele-250-ml\/#primaryimage","url":"https:\/\/www.talidesign.eu\/wp\/wp-content\/uploads\/2021\/02\/getimage-2-3.jpg","contentUrl":"https:\/\/www.talidesign.eu\/wp\/wp-content\/uploads\/2021\/02\/getimage-2-3.jpg","width":768,"height":768},{"@type":"BreadcrumbList","@id":"https:\/\/www.talidesign.eu\/et\/pood\/toode\/zone-inu-vannisool-jalgadele-250-ml\/#breadcrumb","itemListElement":[{"@type":"ListItem","position":1,"name":"Avaleht","item":"https:\/\/www.talidesign.eu\/et\/"},{"@type":"ListItem","position":2,"name":"Pood","item":"https:\/\/www.talidesign.eu\/et\/pood\/"},{"@type":"ListItem","position":3,"name":"Zone INU vannisool jalgadele 250 ml"}]},{"@type":"WebSite","@id":"https:\/\/www.talidesign.eu\/et\/#website","url":"https:\/\/www.talidesign.eu\/et\/","name":"TALI Concept Store","description":"Suurim Disainipood Eestis","potentialAction":[{"@type":"SearchAction","target":{"@type":"EntryPoint","urlTemplate":"https:\/\/www.talidesign.eu\/et\/?s={search_term_string}"},"query-input":{"@type":"PropertyValueSpecification","valueRequired":true,"valueName":"search_term_string"}}],"inLanguage":"et"}]}},"_links":{"self":[{"href":"https:\/\/www.talidesign.eu\/et\/wp-json\/wp\/v2\/product\/36110","targetHints":{"allow":["GET"]}}],"collection":[{"href":"https:\/\/www.talidesign.eu\/et\/wp-json\/wp\/v2\/product"}],"about":[{"href":"https:\/\/www.talidesign.eu\/et\/wp-json\/wp\/v2\/types\/product"}],"wp:featuredmedia":[{"embeddable":true,"href":"https:\/\/www.talidesign.eu\/et\/wp-json\/wp\/v2\/media\/36111"}],"wp:attachment":[{"href":"https:\/\/www.talidesign.eu\/et\/wp-json\/wp\/v2\/media?parent=36110"}],"wp:term":[{"taxonomy":"product_brand","embeddable":true,"href":"https:\/\/www.talidesign.eu\/et\/wp-json\/wp\/v2\/product_brand?post=36110"},{"taxonomy":"product_cat","embeddable":true,"href":"https:\/\/www.talidesign.eu\/et\/wp-json\/wp\/v2\/product_cat?post=36110"},{"taxonomy":"product_tag","embeddable":true,"href":"https:\/\/www.talidesign.eu\/et\/wp-json\/wp\/v2\/product_tag?post=36110"}],"curies":[{"name":"wp","href":"https:\/\/api.w.org\/{rel}","templated":true}]}}