{"id":36138,"date":"2020-12-08T20:51:19","date_gmt":"2020-12-08T18:51:19","guid":{"rendered":"https:\/\/www.talidesign.eu\/shop\/product\/zone-dish-cloth-27-x-27-cm-set-of-3-warm-grey\/"},"modified":"2025-10-20T18:41:03","modified_gmt":"2025-10-20T15:41:03","slug":"zone-noudepesulapp-27-x-27-cm-3tk-soe-hall","status":"publish","type":"product","link":"https:\/\/www.talidesign.eu\/et\/pood\/toode\/zone-noudepesulapp-27-x-27-cm-3tk-soe-hall\/","title":{"rendered":"Zone n\u00f5udepesulapp 27 x 27 cm 3tk Soe Hall"},"content":{"rendered":"<p><strong>N\u00f5udepesulapp 27 x 27 cm 3tk Soe Hall<\/strong><\/p>\n<p>100% puuvillast kootud n\u00f5udepesu ja k\u00f6\u00f6gir\u00e4tikud on pehmed, praktilised ja tugevad ning toodetud <strong> ilma kemikaalide ja mikroplastita <\/strong>. <\/p>\n<p>\u2022 3tk komplektis<br \/>\n\u2022 K\u00f5rgus: 27cm<br \/>\n\u2022 Laius: 27cm<br \/>\n\u2022 Paksus: 6cm<br \/>\n\u2022 100% puuvill<br \/>\n\u2022 <a href=\"\/et\/tootekategooria\/brandid\/zone-denmark-et\/\">Br\u00e4nd Zone Denmark<\/a><\/p>\n<p>See pehmest puuvillast kootud n\u00f5udepesulapp leiab kiiresti koha teie k\u00f6\u00f6gis.<\/p>\n<p><a href=\"https:\/\/www.talidesign.eu\/wp\/wp-content\/uploads\/2021\/03\/getimage.ashx_-5.jpg\"><img loading=\"lazy\" decoding=\"async\" src=\"https:\/\/www.talidesign.eu\/wp\/wp-content\/uploads\/2021\/03\/getimage.ashx_-5.jpg\" alt=\"\" width=\"852\" height=\"1277\" class=\"alignnone size-full wp-image-22835\" srcset=\"https:\/\/www.talidesign.eu\/wp\/wp-content\/uploads\/2021\/03\/getimage.ashx_-5.jpg 852w, https:\/\/www.talidesign.eu\/wp\/wp-content\/uploads\/2021\/03\/getimage.ashx_-5-267x400.jpg 267w, https:\/\/www.talidesign.eu\/wp\/wp-content\/uploads\/2021\/03\/getimage.ashx_-5-534x800.jpg 534w, https:\/\/www.talidesign.eu\/wp\/wp-content\/uploads\/2021\/03\/getimage.ashx_-5-768x1151.jpg 768w, https:\/\/www.talidesign.eu\/wp\/wp-content\/uploads\/2021\/03\/getimage.ashx_-5-500x749.jpg 500w, https:\/\/www.talidesign.eu\/wp\/wp-content\/uploads\/2021\/03\/getimage.ashx_-5-510x764.jpg 510w\" sizes=\"auto, (max-width: 852px) 100vw, 852px\" \/><\/a><a href=\"\/product-category\/designers\/zone-denmark\/\"><img loading=\"lazy\" decoding=\"async\" src=\"https:\/\/www.talidesign.eu\/wp\/wp-content\/uploads\/2021\/03\/logo-6.jpg\" alt=\"\" width=\"500\" height=\"100\" class=\"alignnone size-full wp-image-24694\" \/><\/a><\/p>\n","protected":false},"excerpt":{"rendered":"<p><strong>N\u00f5udepesulapp 27 x 27 cm 3tk Soe Hall<\/strong><\/p>\n<p>100% puuvillast kootud n\u00f5udepesu ja k\u00f6\u00f6gir\u00e4tikud on pehmed, praktilised ja tugevad ning toodetud <strong> ilma kemikaalide ja mikroplastita <\/strong>. <\/p>\n<p>\u2022 3tk komplektis<br \/>\n\u2022 K\u00f5rgus: 27cm<br \/>\n\u2022 Laius: 27cm<br \/>\n\u2022 Paksus: 6cm<br \/>\n\u2022 100% puuvill<br \/>\n\u2022 <a href=\"\/product-category\/designers\/zone-denmark\/\">Br\u00e4nd Zone Denmark<\/a><\/p>\n<p>See pehmest puuvillast kootud n\u00f5udepesulapp leiab kiiresti koha teie k\u00f6\u00f6gis.<\/p>\n<p><a href=\"https:\/\/www.talidesign.eu\/wp\/wp-content\/uploads\/2021\/03\/getimage.ashx_-5.jpg\"><img loading=\"lazy\" decoding=\"async\" src=\"https:\/\/www.talidesign.eu\/wp\/wp-content\/uploads\/2021\/03\/getimage.ashx_-5.jpg\" alt=\"\" width=\"852\" height=\"1277\" class=\"alignnone size-full wp-image-22835\" srcset=\"https:\/\/www.talidesign.eu\/wp\/wp-content\/uploads\/2021\/03\/getimage.ashx_-5.jpg 852w, https:\/\/www.talidesign.eu\/wp\/wp-content\/uploads\/2021\/03\/getimage.ashx_-5-267x400.jpg 267w, https:\/\/www.talidesign.eu\/wp\/wp-content\/uploads\/2021\/03\/getimage.ashx_-5-534x800.jpg 534w, https:\/\/www.talidesign.eu\/wp\/wp-content\/uploads\/2021\/03\/getimage.ashx_-5-768x1151.jpg 768w, https:\/\/www.talidesign.eu\/wp\/wp-content\/uploads\/2021\/03\/getimage.ashx_-5-500x749.jpg 500w, https:\/\/www.talidesign.eu\/wp\/wp-content\/uploads\/2021\/03\/getimage.ashx_-5-510x764.jpg 510w\" sizes=\"auto, (max-width: 852px) 100vw, 852px\" \/><\/a><a href=\"\/product-category\/designers\/zone-denmark\/\"><img loading=\"lazy\" decoding=\"async\" src=\"https:\/\/www.talidesign.eu\/wp\/wp-content\/uploads\/2021\/03\/logo-6.jpg\" alt=\"\" width=\"500\" height=\"100\" class=\"alignnone size-full wp-image-24694\" \/><\/a><\/p>\n","protected":false},"featured_media":36139,"template":"","meta":[],"product_brand":[],"product_cat":[1026,1018,1110,1030,1103,1100,1095],"product_tag":[1180],"class_list":{"0":"post-36138","1":"product","2":"type-product","3":"status-publish","4":"has-post-thumbnail","6":"product_cat-brandid","7":"product_cat-kodu","8":"product_cat-kodutekstiil","9":"product_cat-kook","10":"product_cat-puhastusvahendid","11":"product_cat-vannituba","12":"product_cat-zone-denmark-et","13":"product_tag-zone-et","15":"first","16":"instock","17":"featured","18":"taxable","19":"shipping-taxable","20":"purchasable","21":"product-type-simple"},"yoast_head":"<!-- This site is optimized with the Yoast SEO plugin v27.3 - https:\/\/yoast.com\/product\/yoast-seo-wordpress\/ -->\n<title>Zone n\u00f5udepesulapp 27 x 27 cm 3tk Soe Hall - TALI Concept Store<\/title>\n<meta name=\"description\" content=\"Zone n\u00f5udepesulapp 27 x 27 cm 3tk Soe Hall - pehme, praktiline ja tugev n\u00f5udepesulapp ilma kemikaalide ja mikroplastita. Br\u00e4nd Zone Denmark. Leia see k\u00f6\u00f6ki!\" \/>\n<meta name=\"robots\" content=\"index, follow, max-snippet:-1, max-image-preview:large, max-video-preview:-1\" \/>\n<link rel=\"canonical\" href=\"https:\/\/www.talidesign.eu\/et\/pood\/toode\/zone-noudepesulapp-27-x-27-cm-3tk-soe-hall\/\" \/>\n<meta property=\"og:locale\" content=\"et_EE\" \/>\n<meta property=\"og:type\" content=\"article\" \/>\n<meta property=\"og:title\" content=\"Zone n\u00f5udepesulapp 27 x 27 cm 3tk Soe Hall - TALI Concept Store\" \/>\n<meta property=\"og:description\" content=\"Zone n\u00f5udepesulapp 27 x 27 cm 3tk Soe Hall - pehme, praktiline ja tugev n\u00f5udepesulapp ilma kemikaalide ja mikroplastita. Br\u00e4nd Zone Denmark. Leia see k\u00f6\u00f6ki!\" \/>\n<meta property=\"og:url\" content=\"https:\/\/www.talidesign.eu\/et\/pood\/toode\/zone-noudepesulapp-27-x-27-cm-3tk-soe-hall\/\" \/>\n<meta property=\"og:site_name\" content=\"TALI Concept Store\" \/>\n<meta property=\"article:publisher\" content=\"https:\/\/www.facebook.com\/TaliDisain\/\" \/>\n<meta property=\"article:modified_time\" content=\"2025-10-20T15:41:03+00:00\" \/>\n<meta property=\"og:image\" content=\"https:\/\/www.talidesign.eu\/wp\/wp-content\/uploads\/2020\/12\/Zone-Dish-cloth-27-x-27-cm-set-of-3-Warm-Grey.jpg\" \/>\n\t<meta property=\"og:image:width\" content=\"700\" \/>\n\t<meta property=\"og:image:height\" content=\"700\" \/>\n\t<meta property=\"og:image:type\" content=\"image\/jpeg\" \/>\n<meta name=\"twitter:card\" content=\"summary_large_image\" \/>\n<script type=\"application\/ld+json\" class=\"yoast-schema-graph\">{\"@context\":\"https:\\\/\\\/schema.org\",\"@graph\":[{\"@type\":\"WebPage\",\"@id\":\"https:\\\/\\\/www.talidesign.eu\\\/et\\\/pood\\\/toode\\\/zone-noudepesulapp-27-x-27-cm-3tk-soe-hall\\\/\",\"url\":\"https:\\\/\\\/www.talidesign.eu\\\/et\\\/pood\\\/toode\\\/zone-noudepesulapp-27-x-27-cm-3tk-soe-hall\\\/\",\"name\":\"Zone n\u00f5udepesulapp 27 x 27 cm 3tk Soe Hall - TALI Concept Store\",\"isPartOf\":{\"@id\":\"https:\\\/\\\/www.talidesign.eu\\\/et\\\/#website\"},\"primaryImageOfPage\":{\"@id\":\"https:\\\/\\\/www.talidesign.eu\\\/et\\\/pood\\\/toode\\\/zone-noudepesulapp-27-x-27-cm-3tk-soe-hall\\\/#primaryimage\"},\"image\":{\"@id\":\"https:\\\/\\\/www.talidesign.eu\\\/et\\\/pood\\\/toode\\\/zone-noudepesulapp-27-x-27-cm-3tk-soe-hall\\\/#primaryimage\"},\"thumbnailUrl\":\"https:\\\/\\\/www.talidesign.eu\\\/wp\\\/wp-content\\\/uploads\\\/2020\\\/12\\\/Zone-Dish-cloth-27-x-27-cm-set-of-3-Warm-Grey.jpg\",\"datePublished\":\"2020-12-08T18:51:19+00:00\",\"dateModified\":\"2025-10-20T15:41:03+00:00\",\"description\":\"Zone n\u00f5udepesulapp 27 x 27 cm 3tk Soe Hall - pehme, praktiline ja tugev n\u00f5udepesulapp ilma kemikaalide ja mikroplastita. Br\u00e4nd Zone Denmark. Leia see k\u00f6\u00f6ki!\",\"breadcrumb\":{\"@id\":\"https:\\\/\\\/www.talidesign.eu\\\/et\\\/pood\\\/toode\\\/zone-noudepesulapp-27-x-27-cm-3tk-soe-hall\\\/#breadcrumb\"},\"inLanguage\":\"et\",\"potentialAction\":[{\"@type\":\"ReadAction\",\"target\":[\"https:\\\/\\\/www.talidesign.eu\\\/et\\\/pood\\\/toode\\\/zone-noudepesulapp-27-x-27-cm-3tk-soe-hall\\\/\"]}]},{\"@type\":\"ImageObject\",\"inLanguage\":\"et\",\"@id\":\"https:\\\/\\\/www.talidesign.eu\\\/et\\\/pood\\\/toode\\\/zone-noudepesulapp-27-x-27-cm-3tk-soe-hall\\\/#primaryimage\",\"url\":\"https:\\\/\\\/www.talidesign.eu\\\/wp\\\/wp-content\\\/uploads\\\/2020\\\/12\\\/Zone-Dish-cloth-27-x-27-cm-set-of-3-Warm-Grey.jpg\",\"contentUrl\":\"https:\\\/\\\/www.talidesign.eu\\\/wp\\\/wp-content\\\/uploads\\\/2020\\\/12\\\/Zone-Dish-cloth-27-x-27-cm-set-of-3-Warm-Grey.jpg\",\"width\":700,\"height\":700},{\"@type\":\"BreadcrumbList\",\"@id\":\"https:\\\/\\\/www.talidesign.eu\\\/et\\\/pood\\\/toode\\\/zone-noudepesulapp-27-x-27-cm-3tk-soe-hall\\\/#breadcrumb\",\"itemListElement\":[{\"@type\":\"ListItem\",\"position\":1,\"name\":\"Avaleht\",\"item\":\"https:\\\/\\\/www.talidesign.eu\\\/et\\\/\"},{\"@type\":\"ListItem\",\"position\":2,\"name\":\"Pood\",\"item\":\"https:\\\/\\\/www.talidesign.eu\\\/et\\\/pood\\\/\"},{\"@type\":\"ListItem\",\"position\":3,\"name\":\"Zone n\u00f5udepesulapp 27 x 27 cm 3tk Soe Hall\"}]},{\"@type\":\"WebSite\",\"@id\":\"https:\\\/\\\/www.talidesign.eu\\\/et\\\/#website\",\"url\":\"https:\\\/\\\/www.talidesign.eu\\\/et\\\/\",\"name\":\"TALI Concept Store\",\"description\":\"Suurim Disainipood Eestis\",\"potentialAction\":[{\"@type\":\"SearchAction\",\"target\":{\"@type\":\"EntryPoint\",\"urlTemplate\":\"https:\\\/\\\/www.talidesign.eu\\\/et\\\/?s={search_term_string}\"},\"query-input\":{\"@type\":\"PropertyValueSpecification\",\"valueRequired\":true,\"valueName\":\"search_term_string\"}}],\"inLanguage\":\"et\"}]}<\/script>\n<!-- \/ Yoast SEO plugin. -->","yoast_head_json":{"title":"Zone n\u00f5udepesulapp 27 x 27 cm 3tk Soe Hall - TALI Concept Store","description":"Zone n\u00f5udepesulapp 27 x 27 cm 3tk Soe Hall - pehme, praktiline ja tugev n\u00f5udepesulapp ilma kemikaalide ja mikroplastita. Br\u00e4nd Zone Denmark. Leia see k\u00f6\u00f6ki!","robots":{"index":"index","follow":"follow","max-snippet":"max-snippet:-1","max-image-preview":"max-image-preview:large","max-video-preview":"max-video-preview:-1"},"canonical":"https:\/\/www.talidesign.eu\/et\/pood\/toode\/zone-noudepesulapp-27-x-27-cm-3tk-soe-hall\/","og_locale":"et_EE","og_type":"article","og_title":"Zone n\u00f5udepesulapp 27 x 27 cm 3tk Soe Hall - TALI Concept Store","og_description":"Zone n\u00f5udepesulapp 27 x 27 cm 3tk Soe Hall - pehme, praktiline ja tugev n\u00f5udepesulapp ilma kemikaalide ja mikroplastita. Br\u00e4nd Zone Denmark. Leia see k\u00f6\u00f6ki!","og_url":"https:\/\/www.talidesign.eu\/et\/pood\/toode\/zone-noudepesulapp-27-x-27-cm-3tk-soe-hall\/","og_site_name":"TALI Concept Store","article_publisher":"https:\/\/www.facebook.com\/TaliDisain\/","article_modified_time":"2025-10-20T15:41:03+00:00","og_image":[{"width":700,"height":700,"url":"https:\/\/www.talidesign.eu\/wp\/wp-content\/uploads\/2020\/12\/Zone-Dish-cloth-27-x-27-cm-set-of-3-Warm-Grey.jpg","type":"image\/jpeg"}],"twitter_card":"summary_large_image","schema":{"@context":"https:\/\/schema.org","@graph":[{"@type":"WebPage","@id":"https:\/\/www.talidesign.eu\/et\/pood\/toode\/zone-noudepesulapp-27-x-27-cm-3tk-soe-hall\/","url":"https:\/\/www.talidesign.eu\/et\/pood\/toode\/zone-noudepesulapp-27-x-27-cm-3tk-soe-hall\/","name":"Zone n\u00f5udepesulapp 27 x 27 cm 3tk Soe Hall - TALI Concept Store","isPartOf":{"@id":"https:\/\/www.talidesign.eu\/et\/#website"},"primaryImageOfPage":{"@id":"https:\/\/www.talidesign.eu\/et\/pood\/toode\/zone-noudepesulapp-27-x-27-cm-3tk-soe-hall\/#primaryimage"},"image":{"@id":"https:\/\/www.talidesign.eu\/et\/pood\/toode\/zone-noudepesulapp-27-x-27-cm-3tk-soe-hall\/#primaryimage"},"thumbnailUrl":"https:\/\/www.talidesign.eu\/wp\/wp-content\/uploads\/2020\/12\/Zone-Dish-cloth-27-x-27-cm-set-of-3-Warm-Grey.jpg","datePublished":"2020-12-08T18:51:19+00:00","dateModified":"2025-10-20T15:41:03+00:00","description":"Zone n\u00f5udepesulapp 27 x 27 cm 3tk Soe Hall - pehme, praktiline ja tugev n\u00f5udepesulapp ilma kemikaalide ja mikroplastita. Br\u00e4nd Zone Denmark. Leia see k\u00f6\u00f6ki!","breadcrumb":{"@id":"https:\/\/www.talidesign.eu\/et\/pood\/toode\/zone-noudepesulapp-27-x-27-cm-3tk-soe-hall\/#breadcrumb"},"inLanguage":"et","potentialAction":[{"@type":"ReadAction","target":["https:\/\/www.talidesign.eu\/et\/pood\/toode\/zone-noudepesulapp-27-x-27-cm-3tk-soe-hall\/"]}]},{"@type":"ImageObject","inLanguage":"et","@id":"https:\/\/www.talidesign.eu\/et\/pood\/toode\/zone-noudepesulapp-27-x-27-cm-3tk-soe-hall\/#primaryimage","url":"https:\/\/www.talidesign.eu\/wp\/wp-content\/uploads\/2020\/12\/Zone-Dish-cloth-27-x-27-cm-set-of-3-Warm-Grey.jpg","contentUrl":"https:\/\/www.talidesign.eu\/wp\/wp-content\/uploads\/2020\/12\/Zone-Dish-cloth-27-x-27-cm-set-of-3-Warm-Grey.jpg","width":700,"height":700},{"@type":"BreadcrumbList","@id":"https:\/\/www.talidesign.eu\/et\/pood\/toode\/zone-noudepesulapp-27-x-27-cm-3tk-soe-hall\/#breadcrumb","itemListElement":[{"@type":"ListItem","position":1,"name":"Avaleht","item":"https:\/\/www.talidesign.eu\/et\/"},{"@type":"ListItem","position":2,"name":"Pood","item":"https:\/\/www.talidesign.eu\/et\/pood\/"},{"@type":"ListItem","position":3,"name":"Zone n\u00f5udepesulapp 27 x 27 cm 3tk Soe Hall"}]},{"@type":"WebSite","@id":"https:\/\/www.talidesign.eu\/et\/#website","url":"https:\/\/www.talidesign.eu\/et\/","name":"TALI Concept Store","description":"Suurim Disainipood Eestis","potentialAction":[{"@type":"SearchAction","target":{"@type":"EntryPoint","urlTemplate":"https:\/\/www.talidesign.eu\/et\/?s={search_term_string}"},"query-input":{"@type":"PropertyValueSpecification","valueRequired":true,"valueName":"search_term_string"}}],"inLanguage":"et"}]}},"_links":{"self":[{"href":"https:\/\/www.talidesign.eu\/et\/wp-json\/wp\/v2\/product\/36138","targetHints":{"allow":["GET"]}}],"collection":[{"href":"https:\/\/www.talidesign.eu\/et\/wp-json\/wp\/v2\/product"}],"about":[{"href":"https:\/\/www.talidesign.eu\/et\/wp-json\/wp\/v2\/types\/product"}],"wp:featuredmedia":[{"embeddable":true,"href":"https:\/\/www.talidesign.eu\/et\/wp-json\/wp\/v2\/media\/36139"}],"wp:attachment":[{"href":"https:\/\/www.talidesign.eu\/et\/wp-json\/wp\/v2\/media?parent=36138"}],"wp:term":[{"taxonomy":"product_brand","embeddable":true,"href":"https:\/\/www.talidesign.eu\/et\/wp-json\/wp\/v2\/product_brand?post=36138"},{"taxonomy":"product_cat","embeddable":true,"href":"https:\/\/www.talidesign.eu\/et\/wp-json\/wp\/v2\/product_cat?post=36138"},{"taxonomy":"product_tag","embeddable":true,"href":"https:\/\/www.talidesign.eu\/et\/wp-json\/wp\/v2\/product_tag?post=36138"}],"curies":[{"name":"wp","href":"https:\/\/api.w.org\/{rel}","templated":true}]}}