{"id":36147,"date":"2020-11-23T16:08:51","date_gmt":"2020-11-23T14:08:51","guid":{"rendered":"https:\/\/www.talidesign.eu\/shop\/product\/zone-rocks-icemaker-21x-118-x-55-cm-black\/"},"modified":"2023-02-12T09:29:20","modified_gmt":"2023-02-12T07:29:20","slug":"zone-rocks-jaavalmistaja-21x-118-x-55-cm-must","status":"publish","type":"product","link":"https:\/\/www.talidesign.eu\/et\/pood\/toode\/zone-rocks-jaavalmistaja-21x-118-x-55-cm-must\/","title":{"rendered":"Zone Rocks j\u00e4\u00e4valmistaja 21x 11,8 x 5,5 cm Must"},"content":{"rendered":"<p><strong>Rocks j\u00e4\u00e4valmistaja 21x 11,8 x 5,5 cm Must<\/strong><\/p>\n<p>Geniaalne lahendus j\u00e4\u00e4kuubikute lihtsaks ja h\u00fcgieeniliseks valmistamiseks. T\u00e4ida mahuti veega- k\u00fclmuta- vabasta j\u00e4\u00e4kuubikud, t\u00f5mmates rihma k\u00fcljelt. Vala j\u00e4\u00e4kuubikud otse kannu v\u00f5i jooki. Rocks j\u00e4\u00e4vamistajat v\u00f5ib pesta n\u00f5udepesumasinas.<\/p>\n<p>\u2022 Must<br \/>\n\u2022 18 suurt j\u00e4\u00e4kuubikut<br \/>\n\u2022 PS\/Silikoon<br \/>\n\u2022 Laius 11,8 cm, k\u00f5rgus 21 cm<br \/>\n\u2022 <a href=\"\/et\/tootekategooria\/brandid\/zone-denmark-et\/\">Br\u00e4nd Zone Denmark<\/a><\/p>\n<p><strong>Tutvu disaineritega!<\/strong><\/p>\n<p>Mette Mavro ja Sofie Lef\u00e8vre asutasid Mavro \/\/ Lef\u00e8vre 2015. aastal. Nende koost\u00f6\u00f6 liikumapanev j\u00f5ud tuleneb nende ebatraditsioonilisest taustast muusikat\u00f6\u00f6stuses ja magistrikraadist innovatsioonidisaini alal. Uudishimu, v\u00e4simatu energia ja oskus teravalt detailidele keskenduda on v\u00f5imsad j\u00f5ud, mis s\u00fctitab disainerduo &#8211; nagu n\u00e4itab ka ROCKS.<\/p>\n<p><a href=\"https:\/\/www.talidesign.eu\/wp\/wp-content\/uploads\/2020\/03\/getimage-14.jpg\"><img loading=\"lazy\" decoding=\"async\" src=\"https:\/\/www.talidesign.eu\/wp\/wp-content\/uploads\/2020\/03\/getimage-14.jpg\" alt=\"\" width=\"1278\" height=\"953\" class=\"alignnone size-full wp-image-22840\" srcset=\"https:\/\/www.talidesign.eu\/wp\/wp-content\/uploads\/2020\/03\/getimage-14.jpg 1278w, https:\/\/www.talidesign.eu\/wp\/wp-content\/uploads\/2020\/03\/getimage-14-536x400.jpg 536w, https:\/\/www.talidesign.eu\/wp\/wp-content\/uploads\/2020\/03\/getimage-14-1073x800.jpg 1073w, https:\/\/www.talidesign.eu\/wp\/wp-content\/uploads\/2020\/03\/getimage-14-768x573.jpg 768w, https:\/\/www.talidesign.eu\/wp\/wp-content\/uploads\/2020\/03\/getimage-14-500x373.jpg 500w, https:\/\/www.talidesign.eu\/wp\/wp-content\/uploads\/2020\/03\/getimage-14-510x380.jpg 510w\" sizes=\"auto, (max-width: 1278px) 100vw, 1278px\" \/><\/a><a href=\"\/product-category\/designers\/zone-denmark\/\"><img loading=\"lazy\" decoding=\"async\" src=\"https:\/\/www.talidesign.eu\/wp\/wp-content\/uploads\/2021\/03\/logo-6.jpg\" alt=\"\" width=\"500\" height=\"100\" class=\"alignnone size-full wp-image-24694\" \/><\/a><\/p>\n","protected":false},"excerpt":{"rendered":"<p><strong>Rocks j\u00e4\u00e4valmistaja 21x 11,8 x 5,5 cm Must<\/strong><\/p>\n<p>Geniaalne lahendus j\u00e4\u00e4kuubikute lihtsaks ja h\u00fcgieeniliseks valmistamiseks. T\u00e4ida mahuti veega- k\u00fclmuta- vabasta j\u00e4\u00e4kuubikud, t\u00f5mmates rihma k\u00fcljelt. Vala j\u00e4\u00e4kuubikud otse kannu v\u00f5i jooki. Rocks j\u00e4\u00e4vamistajat v\u00f5ib pesta n\u00f5udepesumasinas.<\/p>\n<p>\u2022 Must<br \/>\n\u2022 18 suurt j\u00e4\u00e4kuubikut<br \/>\n\u2022 PS\/Silikoon<br \/>\n\u2022 Laius 11,8 cm, k\u00f5rgus 21 cm<br \/>\n\u2022 <a href=\"\/product-category\/designers\/zone-denmark\/\">Br\u00e4nd Zone Denmark<\/a><\/p>\n<p><strong>Tutvu disaineritega!<\/strong><\/p>\n<p>Mette Mavro ja Sofie Lef\u00e8vre asutasid Mavro \/\/ Lef\u00e8vre 2015. aastal. Nende koost\u00f6\u00f6 liikumapanev j\u00f5ud tuleneb nende ebatraditsioonilisest taustast muusikat\u00f6\u00f6stuses ja magistrikraadist innovatsioonidisaini alal. Uudishimu, v\u00e4simatu energia ja oskus teravalt detailidele keskenduda on v\u00f5imsad j\u00f5ud, mis s\u00fctitab disainerduo &#8211; nagu n\u00e4itab ka ROCKS.<\/p>\n<p><a href=\"https:\/\/www.talidesign.eu\/wp\/wp-content\/uploads\/2020\/03\/getimage-14.jpg\"><img loading=\"lazy\" decoding=\"async\" src=\"https:\/\/www.talidesign.eu\/wp\/wp-content\/uploads\/2020\/03\/getimage-14.jpg\" alt=\"\" width=\"1278\" height=\"953\" class=\"alignnone size-full wp-image-22840\" srcset=\"https:\/\/www.talidesign.eu\/wp\/wp-content\/uploads\/2020\/03\/getimage-14.jpg 1278w, https:\/\/www.talidesign.eu\/wp\/wp-content\/uploads\/2020\/03\/getimage-14-536x400.jpg 536w, https:\/\/www.talidesign.eu\/wp\/wp-content\/uploads\/2020\/03\/getimage-14-1073x800.jpg 1073w, https:\/\/www.talidesign.eu\/wp\/wp-content\/uploads\/2020\/03\/getimage-14-768x573.jpg 768w, https:\/\/www.talidesign.eu\/wp\/wp-content\/uploads\/2020\/03\/getimage-14-500x373.jpg 500w, https:\/\/www.talidesign.eu\/wp\/wp-content\/uploads\/2020\/03\/getimage-14-510x380.jpg 510w\" sizes=\"auto, (max-width: 1278px) 100vw, 1278px\" \/><\/a><a href=\"\/product-category\/designers\/zone-denmark\/\"><img loading=\"lazy\" decoding=\"async\" src=\"https:\/\/www.talidesign.eu\/wp\/wp-content\/uploads\/2021\/03\/logo-6.jpg\" alt=\"\" width=\"500\" height=\"100\" class=\"alignnone size-full wp-image-24694\" \/><\/a><\/p>\n","protected":false},"featured_media":36148,"template":"","meta":[],"product_brand":[],"product_cat":[1026,1018,1030,1095],"product_tag":[1180],"class_list":{"0":"post-36147","1":"product","2":"type-product","3":"status-publish","4":"has-post-thumbnail","6":"product_cat-brandid","7":"product_cat-kodu","8":"product_cat-kook","9":"product_cat-zone-denmark-et","10":"product_tag-zone-et","12":"first","13":"outofstock","14":"taxable","15":"shipping-taxable","16":"purchasable","17":"product-type-simple"},"yoast_head":"<!-- This site is optimized with the Yoast SEO plugin v27.3 - https:\/\/yoast.com\/product\/yoast-seo-wordpress\/ -->\n<title>Zone Rocks j\u00e4\u00e4valmistaja 21x 11,8 x 5,5 cm Must - TALI Concept Store<\/title>\n<meta name=\"description\" content=\"Zone Rocks j\u00e4\u00e4valmistaja - geniaalne lahendus j\u00e4\u00e4kuubikute lihtsaks ja h\u00fcgieeniliseks valmistamiseks. Tutvu disaineritega ja avasta rohkem!\" \/>\n<meta name=\"robots\" content=\"index, follow, max-snippet:-1, max-image-preview:large, max-video-preview:-1\" \/>\n<link rel=\"canonical\" href=\"https:\/\/www.talidesign.eu\/et\/pood\/toode\/zone-rocks-jaavalmistaja-21x-118-x-55-cm-must\/\" \/>\n<meta property=\"og:locale\" content=\"et_EE\" \/>\n<meta property=\"og:type\" content=\"article\" \/>\n<meta property=\"og:title\" content=\"Zone Rocks j\u00e4\u00e4valmistaja 21x 11,8 x 5,5 cm Must - TALI Concept Store\" \/>\n<meta property=\"og:description\" content=\"Zone Rocks j\u00e4\u00e4valmistaja - geniaalne lahendus j\u00e4\u00e4kuubikute lihtsaks ja h\u00fcgieeniliseks valmistamiseks. Tutvu disaineritega ja avasta rohkem!\" \/>\n<meta property=\"og:url\" content=\"https:\/\/www.talidesign.eu\/et\/pood\/toode\/zone-rocks-jaavalmistaja-21x-118-x-55-cm-must\/\" \/>\n<meta property=\"og:site_name\" content=\"TALI Concept Store\" \/>\n<meta property=\"article:publisher\" content=\"https:\/\/www.facebook.com\/TaliDisain\/\" \/>\n<meta property=\"article:modified_time\" content=\"2023-02-12T07:29:20+00:00\" \/>\n<meta property=\"og:image\" content=\"https:\/\/www.talidesign.eu\/wp\/wp-content\/uploads\/2020\/11\/Zone-Rocks-Icemaker-21x-118-x-55-cm-Black.jpg\" \/>\n\t<meta property=\"og:image:width\" content=\"600\" \/>\n\t<meta property=\"og:image:height\" content=\"600\" \/>\n\t<meta property=\"og:image:type\" content=\"image\/jpeg\" \/>\n<meta name=\"twitter:card\" content=\"summary_large_image\" \/>\n<meta name=\"twitter:label1\" content=\"Est. reading time\" \/>\n\t<meta name=\"twitter:data1\" content=\"1 minute\" \/>\n<script type=\"application\/ld+json\" class=\"yoast-schema-graph\">{\"@context\":\"https:\\\/\\\/schema.org\",\"@graph\":[{\"@type\":\"WebPage\",\"@id\":\"https:\\\/\\\/www.talidesign.eu\\\/et\\\/pood\\\/toode\\\/zone-rocks-jaavalmistaja-21x-118-x-55-cm-must\\\/\",\"url\":\"https:\\\/\\\/www.talidesign.eu\\\/et\\\/pood\\\/toode\\\/zone-rocks-jaavalmistaja-21x-118-x-55-cm-must\\\/\",\"name\":\"Zone Rocks j\u00e4\u00e4valmistaja 21x 11,8 x 5,5 cm Must - TALI Concept Store\",\"isPartOf\":{\"@id\":\"https:\\\/\\\/www.talidesign.eu\\\/et\\\/#website\"},\"primaryImageOfPage\":{\"@id\":\"https:\\\/\\\/www.talidesign.eu\\\/et\\\/pood\\\/toode\\\/zone-rocks-jaavalmistaja-21x-118-x-55-cm-must\\\/#primaryimage\"},\"image\":{\"@id\":\"https:\\\/\\\/www.talidesign.eu\\\/et\\\/pood\\\/toode\\\/zone-rocks-jaavalmistaja-21x-118-x-55-cm-must\\\/#primaryimage\"},\"thumbnailUrl\":\"https:\\\/\\\/www.talidesign.eu\\\/wp\\\/wp-content\\\/uploads\\\/2020\\\/11\\\/Zone-Rocks-Icemaker-21x-118-x-55-cm-Black.jpg\",\"datePublished\":\"2020-11-23T14:08:51+00:00\",\"dateModified\":\"2023-02-12T07:29:20+00:00\",\"description\":\"Zone Rocks j\u00e4\u00e4valmistaja - geniaalne lahendus j\u00e4\u00e4kuubikute lihtsaks ja h\u00fcgieeniliseks valmistamiseks. Tutvu disaineritega ja avasta rohkem!\",\"breadcrumb\":{\"@id\":\"https:\\\/\\\/www.talidesign.eu\\\/et\\\/pood\\\/toode\\\/zone-rocks-jaavalmistaja-21x-118-x-55-cm-must\\\/#breadcrumb\"},\"inLanguage\":\"et\",\"potentialAction\":[{\"@type\":\"ReadAction\",\"target\":[\"https:\\\/\\\/www.talidesign.eu\\\/et\\\/pood\\\/toode\\\/zone-rocks-jaavalmistaja-21x-118-x-55-cm-must\\\/\"]}]},{\"@type\":\"ImageObject\",\"inLanguage\":\"et\",\"@id\":\"https:\\\/\\\/www.talidesign.eu\\\/et\\\/pood\\\/toode\\\/zone-rocks-jaavalmistaja-21x-118-x-55-cm-must\\\/#primaryimage\",\"url\":\"https:\\\/\\\/www.talidesign.eu\\\/wp\\\/wp-content\\\/uploads\\\/2020\\\/11\\\/Zone-Rocks-Icemaker-21x-118-x-55-cm-Black.jpg\",\"contentUrl\":\"https:\\\/\\\/www.talidesign.eu\\\/wp\\\/wp-content\\\/uploads\\\/2020\\\/11\\\/Zone-Rocks-Icemaker-21x-118-x-55-cm-Black.jpg\",\"width\":600,\"height\":600},{\"@type\":\"BreadcrumbList\",\"@id\":\"https:\\\/\\\/www.talidesign.eu\\\/et\\\/pood\\\/toode\\\/zone-rocks-jaavalmistaja-21x-118-x-55-cm-must\\\/#breadcrumb\",\"itemListElement\":[{\"@type\":\"ListItem\",\"position\":1,\"name\":\"Avaleht\",\"item\":\"https:\\\/\\\/www.talidesign.eu\\\/et\\\/\"},{\"@type\":\"ListItem\",\"position\":2,\"name\":\"Pood\",\"item\":\"https:\\\/\\\/www.talidesign.eu\\\/et\\\/pood\\\/\"},{\"@type\":\"ListItem\",\"position\":3,\"name\":\"Zone Rocks j\u00e4\u00e4valmistaja 21x 11,8 x 5,5 cm Must\"}]},{\"@type\":\"WebSite\",\"@id\":\"https:\\\/\\\/www.talidesign.eu\\\/et\\\/#website\",\"url\":\"https:\\\/\\\/www.talidesign.eu\\\/et\\\/\",\"name\":\"TALI Concept Store\",\"description\":\"Suurim Disainipood Eestis\",\"potentialAction\":[{\"@type\":\"SearchAction\",\"target\":{\"@type\":\"EntryPoint\",\"urlTemplate\":\"https:\\\/\\\/www.talidesign.eu\\\/et\\\/?s={search_term_string}\"},\"query-input\":{\"@type\":\"PropertyValueSpecification\",\"valueRequired\":true,\"valueName\":\"search_term_string\"}}],\"inLanguage\":\"et\"}]}<\/script>\n<!-- \/ Yoast SEO plugin. -->","yoast_head_json":{"title":"Zone Rocks j\u00e4\u00e4valmistaja 21x 11,8 x 5,5 cm Must - TALI Concept Store","description":"Zone Rocks j\u00e4\u00e4valmistaja - geniaalne lahendus j\u00e4\u00e4kuubikute lihtsaks ja h\u00fcgieeniliseks valmistamiseks. Tutvu disaineritega ja avasta rohkem!","robots":{"index":"index","follow":"follow","max-snippet":"max-snippet:-1","max-image-preview":"max-image-preview:large","max-video-preview":"max-video-preview:-1"},"canonical":"https:\/\/www.talidesign.eu\/et\/pood\/toode\/zone-rocks-jaavalmistaja-21x-118-x-55-cm-must\/","og_locale":"et_EE","og_type":"article","og_title":"Zone Rocks j\u00e4\u00e4valmistaja 21x 11,8 x 5,5 cm Must - TALI Concept Store","og_description":"Zone Rocks j\u00e4\u00e4valmistaja - geniaalne lahendus j\u00e4\u00e4kuubikute lihtsaks ja h\u00fcgieeniliseks valmistamiseks. Tutvu disaineritega ja avasta rohkem!","og_url":"https:\/\/www.talidesign.eu\/et\/pood\/toode\/zone-rocks-jaavalmistaja-21x-118-x-55-cm-must\/","og_site_name":"TALI Concept Store","article_publisher":"https:\/\/www.facebook.com\/TaliDisain\/","article_modified_time":"2023-02-12T07:29:20+00:00","og_image":[{"width":600,"height":600,"url":"https:\/\/www.talidesign.eu\/wp\/wp-content\/uploads\/2020\/11\/Zone-Rocks-Icemaker-21x-118-x-55-cm-Black.jpg","type":"image\/jpeg"}],"twitter_card":"summary_large_image","twitter_misc":{"Est. reading time":"1 minute"},"schema":{"@context":"https:\/\/schema.org","@graph":[{"@type":"WebPage","@id":"https:\/\/www.talidesign.eu\/et\/pood\/toode\/zone-rocks-jaavalmistaja-21x-118-x-55-cm-must\/","url":"https:\/\/www.talidesign.eu\/et\/pood\/toode\/zone-rocks-jaavalmistaja-21x-118-x-55-cm-must\/","name":"Zone Rocks j\u00e4\u00e4valmistaja 21x 11,8 x 5,5 cm Must - TALI Concept Store","isPartOf":{"@id":"https:\/\/www.talidesign.eu\/et\/#website"},"primaryImageOfPage":{"@id":"https:\/\/www.talidesign.eu\/et\/pood\/toode\/zone-rocks-jaavalmistaja-21x-118-x-55-cm-must\/#primaryimage"},"image":{"@id":"https:\/\/www.talidesign.eu\/et\/pood\/toode\/zone-rocks-jaavalmistaja-21x-118-x-55-cm-must\/#primaryimage"},"thumbnailUrl":"https:\/\/www.talidesign.eu\/wp\/wp-content\/uploads\/2020\/11\/Zone-Rocks-Icemaker-21x-118-x-55-cm-Black.jpg","datePublished":"2020-11-23T14:08:51+00:00","dateModified":"2023-02-12T07:29:20+00:00","description":"Zone Rocks j\u00e4\u00e4valmistaja - geniaalne lahendus j\u00e4\u00e4kuubikute lihtsaks ja h\u00fcgieeniliseks valmistamiseks. Tutvu disaineritega ja avasta rohkem!","breadcrumb":{"@id":"https:\/\/www.talidesign.eu\/et\/pood\/toode\/zone-rocks-jaavalmistaja-21x-118-x-55-cm-must\/#breadcrumb"},"inLanguage":"et","potentialAction":[{"@type":"ReadAction","target":["https:\/\/www.talidesign.eu\/et\/pood\/toode\/zone-rocks-jaavalmistaja-21x-118-x-55-cm-must\/"]}]},{"@type":"ImageObject","inLanguage":"et","@id":"https:\/\/www.talidesign.eu\/et\/pood\/toode\/zone-rocks-jaavalmistaja-21x-118-x-55-cm-must\/#primaryimage","url":"https:\/\/www.talidesign.eu\/wp\/wp-content\/uploads\/2020\/11\/Zone-Rocks-Icemaker-21x-118-x-55-cm-Black.jpg","contentUrl":"https:\/\/www.talidesign.eu\/wp\/wp-content\/uploads\/2020\/11\/Zone-Rocks-Icemaker-21x-118-x-55-cm-Black.jpg","width":600,"height":600},{"@type":"BreadcrumbList","@id":"https:\/\/www.talidesign.eu\/et\/pood\/toode\/zone-rocks-jaavalmistaja-21x-118-x-55-cm-must\/#breadcrumb","itemListElement":[{"@type":"ListItem","position":1,"name":"Avaleht","item":"https:\/\/www.talidesign.eu\/et\/"},{"@type":"ListItem","position":2,"name":"Pood","item":"https:\/\/www.talidesign.eu\/et\/pood\/"},{"@type":"ListItem","position":3,"name":"Zone Rocks j\u00e4\u00e4valmistaja 21x 11,8 x 5,5 cm Must"}]},{"@type":"WebSite","@id":"https:\/\/www.talidesign.eu\/et\/#website","url":"https:\/\/www.talidesign.eu\/et\/","name":"TALI Concept Store","description":"Suurim Disainipood Eestis","potentialAction":[{"@type":"SearchAction","target":{"@type":"EntryPoint","urlTemplate":"https:\/\/www.talidesign.eu\/et\/?s={search_term_string}"},"query-input":{"@type":"PropertyValueSpecification","valueRequired":true,"valueName":"search_term_string"}}],"inLanguage":"et"}]}},"_links":{"self":[{"href":"https:\/\/www.talidesign.eu\/et\/wp-json\/wp\/v2\/product\/36147","targetHints":{"allow":["GET"]}}],"collection":[{"href":"https:\/\/www.talidesign.eu\/et\/wp-json\/wp\/v2\/product"}],"about":[{"href":"https:\/\/www.talidesign.eu\/et\/wp-json\/wp\/v2\/types\/product"}],"wp:featuredmedia":[{"embeddable":true,"href":"https:\/\/www.talidesign.eu\/et\/wp-json\/wp\/v2\/media\/36148"}],"wp:attachment":[{"href":"https:\/\/www.talidesign.eu\/et\/wp-json\/wp\/v2\/media?parent=36147"}],"wp:term":[{"taxonomy":"product_brand","embeddable":true,"href":"https:\/\/www.talidesign.eu\/et\/wp-json\/wp\/v2\/product_brand?post=36147"},{"taxonomy":"product_cat","embeddable":true,"href":"https:\/\/www.talidesign.eu\/et\/wp-json\/wp\/v2\/product_cat?post=36147"},{"taxonomy":"product_tag","embeddable":true,"href":"https:\/\/www.talidesign.eu\/et\/wp-json\/wp\/v2\/product_tag?post=36147"}],"curies":[{"name":"wp","href":"https:\/\/api.w.org\/{rel}","templated":true}]}}