{"id":36181,"date":"2020-05-15T02:32:27","date_gmt":"2020-05-14T23:32:27","guid":{"rendered":"https:\/\/www.talidesign.eu\/shop\/product\/zone-a-table-shelf-unit-amber\/"},"modified":"2021-10-05T16:36:34","modified_gmt":"2021-10-05T13:36:34","slug":"zone-metallist-riiul-amber","status":"publish","type":"product","link":"https:\/\/www.talidesign.eu\/et\/pood\/toode\/zone-metallist-riiul-amber\/","title":{"rendered":"Zone metallist riiul Amber"},"content":{"rendered":"<p><strong>A-Table Shelf unit Amber<\/strong><\/p>\n<p>The A-Table is a beautiful mix of a table and a storage unit. You can use it for towels, spices, your favourite ornaments, magazines or coffee cups \u2013 or as a cool bar for glasses, shakers and your favourite gin. 75 cm high, 53 cm wide. <\/p>\n<p>\u2022 Amber<br \/>\n\u2022 75 cm high, 53 cm wide<br \/>\n\u2022 Steel<br \/>\n\u2022 <a href=\"\/et\/tootekategooria\/brandid\/zone-denmark-et\/\">Br\u00e4nd Zone Denmark<\/a><\/p>\n<p><a href=\"\/product-category\/designers\/zone-denmark\/\"><img loading=\"lazy\" decoding=\"async\" src=\"https:\/\/www.talidesign.eu\/wp\/wp-content\/uploads\/2021\/03\/logo-6.jpg\" alt=\"\" width=\"500\" height=\"100\" class=\"alignnone size-full wp-image-24694\" \/><\/a><\/p>\n","protected":false},"excerpt":{"rendered":"<p>The A-Table is a beautiful mix of a table and a storage unit. You can use it for towels, spices, your favourite ornaments, magazines or coffee cups \u2013 or as a cool bar for glasses, shakers and your favourite gin. 75 cm high, 53 cm wide. <\/p>\n<p>\u2022 Amber<br \/>\n\u2022 75 cm high, 53 cm wide<br \/>\n\u2022 Steel<\/p>\n<p>By Zone Denmark<\/p>\n","protected":false},"featured_media":36182,"template":"","meta":[],"product_brand":[],"product_cat":[1177,1026,1031,1018,1030,1101,1100,1095],"product_tag":[1180],"class_list":{"0":"post-36181","1":"product","2":"type-product","3":"status-publish","4":"has-post-thumbnail","6":"product_cat-allahindlus","7":"product_cat-brandid","8":"product_cat-hoiustamine","9":"product_cat-kodu","10":"product_cat-kook","11":"product_cat-magamis-ja-elutuba","12":"product_cat-vannituba","13":"product_cat-zone-denmark-et","14":"product_tag-zone-et","16":"first","17":"outofstock","18":"sale","19":"taxable","20":"shipping-taxable","21":"purchasable","22":"product-type-simple"},"yoast_head":"<!-- This site is optimized with the Yoast SEO plugin v27.4 - https:\/\/yoast.com\/product\/yoast-seo-wordpress\/ -->\n<title>Zone metallist riiul Amber - TALI Concept Store<\/title>\n<meta name=\"description\" content=\"Zone metallist riiul Amber - ilus segu lauast ja hoiustus\u00fcksusest. Kasuta seda r\u00e4tikute, v\u00fcrtside, lemmikkaunistuste, ajakirjade v\u00f5i kohvitasside jaoks - v\u00f5i jahutava baarina klaasidele, shakeritele ja lemmik d\u017einnile. 75 cm k\u00f5rge, 53 cm lai. Br\u00e4nd Zone Denmark.\" \/>\n<meta name=\"robots\" content=\"index, follow, max-snippet:-1, max-image-preview:large, max-video-preview:-1\" \/>\n<link rel=\"canonical\" href=\"https:\/\/www.talidesign.eu\/et\/pood\/toode\/zone-metallist-riiul-amber\/\" \/>\n<meta property=\"og:locale\" content=\"et_EE\" \/>\n<meta property=\"og:type\" content=\"article\" \/>\n<meta property=\"og:title\" content=\"Zone metallist riiul Amber - TALI Concept Store\" \/>\n<meta property=\"og:description\" content=\"Zone metallist riiul Amber - ilus segu lauast ja hoiustus\u00fcksusest. Kasuta seda r\u00e4tikute, v\u00fcrtside, lemmikkaunistuste, ajakirjade v\u00f5i kohvitasside jaoks - v\u00f5i jahutava baarina klaasidele, shakeritele ja lemmik d\u017einnile. 75 cm k\u00f5rge, 53 cm lai. Br\u00e4nd Zone Denmark.\" \/>\n<meta property=\"og:url\" content=\"https:\/\/www.talidesign.eu\/et\/pood\/toode\/zone-metallist-riiul-amber\/\" \/>\n<meta property=\"og:site_name\" content=\"TALI Concept Store\" \/>\n<meta property=\"article:publisher\" content=\"https:\/\/www.facebook.com\/TaliDisain\/\" \/>\n<meta property=\"article:modified_time\" content=\"2021-10-05T13:36:34+00:00\" \/>\n<meta property=\"og:image\" content=\"https:\/\/www.talidesign.eu\/wp\/wp-content\/uploads\/2020\/05\/Zone-A-Table-Shelf-unit-53-x-29-x-75-cm-Amber.jpg\" \/>\n\t<meta property=\"og:image:width\" content=\"768\" \/>\n\t<meta property=\"og:image:height\" content=\"768\" \/>\n\t<meta property=\"og:image:type\" content=\"image\/jpeg\" \/>\n<meta name=\"twitter:card\" content=\"summary_large_image\" \/>\n<script type=\"application\/ld+json\" class=\"yoast-schema-graph\">{\"@context\":\"https:\\\/\\\/schema.org\",\"@graph\":[{\"@type\":\"WebPage\",\"@id\":\"https:\\\/\\\/www.talidesign.eu\\\/et\\\/pood\\\/toode\\\/zone-metallist-riiul-amber\\\/\",\"url\":\"https:\\\/\\\/www.talidesign.eu\\\/et\\\/pood\\\/toode\\\/zone-metallist-riiul-amber\\\/\",\"name\":\"Zone metallist riiul Amber - TALI Concept Store\",\"isPartOf\":{\"@id\":\"https:\\\/\\\/www.talidesign.eu\\\/et\\\/#website\"},\"primaryImageOfPage\":{\"@id\":\"https:\\\/\\\/www.talidesign.eu\\\/et\\\/pood\\\/toode\\\/zone-metallist-riiul-amber\\\/#primaryimage\"},\"image\":{\"@id\":\"https:\\\/\\\/www.talidesign.eu\\\/et\\\/pood\\\/toode\\\/zone-metallist-riiul-amber\\\/#primaryimage\"},\"thumbnailUrl\":\"https:\\\/\\\/www.talidesign.eu\\\/wp\\\/wp-content\\\/uploads\\\/2020\\\/05\\\/Zone-A-Table-Shelf-unit-53-x-29-x-75-cm-Amber.jpg\",\"datePublished\":\"2020-05-14T23:32:27+00:00\",\"dateModified\":\"2021-10-05T13:36:34+00:00\",\"description\":\"Zone metallist riiul Amber - ilus segu lauast ja hoiustus\u00fcksusest. Kasuta seda r\u00e4tikute, v\u00fcrtside, lemmikkaunistuste, ajakirjade v\u00f5i kohvitasside jaoks - v\u00f5i jahutava baarina klaasidele, shakeritele ja lemmik d\u017einnile. 75 cm k\u00f5rge, 53 cm lai. Br\u00e4nd Zone Denmark.\",\"breadcrumb\":{\"@id\":\"https:\\\/\\\/www.talidesign.eu\\\/et\\\/pood\\\/toode\\\/zone-metallist-riiul-amber\\\/#breadcrumb\"},\"inLanguage\":\"et\",\"potentialAction\":[{\"@type\":\"ReadAction\",\"target\":[\"https:\\\/\\\/www.talidesign.eu\\\/et\\\/pood\\\/toode\\\/zone-metallist-riiul-amber\\\/\"]}]},{\"@type\":\"ImageObject\",\"inLanguage\":\"et\",\"@id\":\"https:\\\/\\\/www.talidesign.eu\\\/et\\\/pood\\\/toode\\\/zone-metallist-riiul-amber\\\/#primaryimage\",\"url\":\"https:\\\/\\\/www.talidesign.eu\\\/wp\\\/wp-content\\\/uploads\\\/2020\\\/05\\\/Zone-A-Table-Shelf-unit-53-x-29-x-75-cm-Amber.jpg\",\"contentUrl\":\"https:\\\/\\\/www.talidesign.eu\\\/wp\\\/wp-content\\\/uploads\\\/2020\\\/05\\\/Zone-A-Table-Shelf-unit-53-x-29-x-75-cm-Amber.jpg\",\"width\":768,\"height\":768},{\"@type\":\"BreadcrumbList\",\"@id\":\"https:\\\/\\\/www.talidesign.eu\\\/et\\\/pood\\\/toode\\\/zone-metallist-riiul-amber\\\/#breadcrumb\",\"itemListElement\":[{\"@type\":\"ListItem\",\"position\":1,\"name\":\"Avaleht\",\"item\":\"https:\\\/\\\/www.talidesign.eu\\\/et\\\/\"},{\"@type\":\"ListItem\",\"position\":2,\"name\":\"Pood\",\"item\":\"https:\\\/\\\/www.talidesign.eu\\\/et\\\/pood\\\/\"},{\"@type\":\"ListItem\",\"position\":3,\"name\":\"Zone metallist riiul Amber\"}]},{\"@type\":\"WebSite\",\"@id\":\"https:\\\/\\\/www.talidesign.eu\\\/et\\\/#website\",\"url\":\"https:\\\/\\\/www.talidesign.eu\\\/et\\\/\",\"name\":\"TALI Concept Store\",\"description\":\"Suurim Disainipood Eestis\",\"potentialAction\":[{\"@type\":\"SearchAction\",\"target\":{\"@type\":\"EntryPoint\",\"urlTemplate\":\"https:\\\/\\\/www.talidesign.eu\\\/et\\\/?s={search_term_string}\"},\"query-input\":{\"@type\":\"PropertyValueSpecification\",\"valueRequired\":true,\"valueName\":\"search_term_string\"}}],\"inLanguage\":\"et\"}]}<\/script>\n<!-- \/ Yoast SEO plugin. -->","yoast_head_json":{"title":"Zone metallist riiul Amber - TALI Concept Store","description":"Zone metallist riiul Amber - ilus segu lauast ja hoiustus\u00fcksusest. Kasuta seda r\u00e4tikute, v\u00fcrtside, lemmikkaunistuste, ajakirjade v\u00f5i kohvitasside jaoks - v\u00f5i jahutava baarina klaasidele, shakeritele ja lemmik d\u017einnile. 75 cm k\u00f5rge, 53 cm lai. Br\u00e4nd Zone Denmark.","robots":{"index":"index","follow":"follow","max-snippet":"max-snippet:-1","max-image-preview":"max-image-preview:large","max-video-preview":"max-video-preview:-1"},"canonical":"https:\/\/www.talidesign.eu\/et\/pood\/toode\/zone-metallist-riiul-amber\/","og_locale":"et_EE","og_type":"article","og_title":"Zone metallist riiul Amber - TALI Concept Store","og_description":"Zone metallist riiul Amber - ilus segu lauast ja hoiustus\u00fcksusest. Kasuta seda r\u00e4tikute, v\u00fcrtside, lemmikkaunistuste, ajakirjade v\u00f5i kohvitasside jaoks - v\u00f5i jahutava baarina klaasidele, shakeritele ja lemmik d\u017einnile. 75 cm k\u00f5rge, 53 cm lai. Br\u00e4nd Zone Denmark.","og_url":"https:\/\/www.talidesign.eu\/et\/pood\/toode\/zone-metallist-riiul-amber\/","og_site_name":"TALI Concept Store","article_publisher":"https:\/\/www.facebook.com\/TaliDisain\/","article_modified_time":"2021-10-05T13:36:34+00:00","og_image":[{"width":768,"height":768,"url":"https:\/\/www.talidesign.eu\/wp\/wp-content\/uploads\/2020\/05\/Zone-A-Table-Shelf-unit-53-x-29-x-75-cm-Amber.jpg","type":"image\/jpeg"}],"twitter_card":"summary_large_image","schema":{"@context":"https:\/\/schema.org","@graph":[{"@type":"WebPage","@id":"https:\/\/www.talidesign.eu\/et\/pood\/toode\/zone-metallist-riiul-amber\/","url":"https:\/\/www.talidesign.eu\/et\/pood\/toode\/zone-metallist-riiul-amber\/","name":"Zone metallist riiul Amber - TALI Concept Store","isPartOf":{"@id":"https:\/\/www.talidesign.eu\/et\/#website"},"primaryImageOfPage":{"@id":"https:\/\/www.talidesign.eu\/et\/pood\/toode\/zone-metallist-riiul-amber\/#primaryimage"},"image":{"@id":"https:\/\/www.talidesign.eu\/et\/pood\/toode\/zone-metallist-riiul-amber\/#primaryimage"},"thumbnailUrl":"https:\/\/www.talidesign.eu\/wp\/wp-content\/uploads\/2020\/05\/Zone-A-Table-Shelf-unit-53-x-29-x-75-cm-Amber.jpg","datePublished":"2020-05-14T23:32:27+00:00","dateModified":"2021-10-05T13:36:34+00:00","description":"Zone metallist riiul Amber - ilus segu lauast ja hoiustus\u00fcksusest. Kasuta seda r\u00e4tikute, v\u00fcrtside, lemmikkaunistuste, ajakirjade v\u00f5i kohvitasside jaoks - v\u00f5i jahutava baarina klaasidele, shakeritele ja lemmik d\u017einnile. 75 cm k\u00f5rge, 53 cm lai. Br\u00e4nd Zone Denmark.","breadcrumb":{"@id":"https:\/\/www.talidesign.eu\/et\/pood\/toode\/zone-metallist-riiul-amber\/#breadcrumb"},"inLanguage":"et","potentialAction":[{"@type":"ReadAction","target":["https:\/\/www.talidesign.eu\/et\/pood\/toode\/zone-metallist-riiul-amber\/"]}]},{"@type":"ImageObject","inLanguage":"et","@id":"https:\/\/www.talidesign.eu\/et\/pood\/toode\/zone-metallist-riiul-amber\/#primaryimage","url":"https:\/\/www.talidesign.eu\/wp\/wp-content\/uploads\/2020\/05\/Zone-A-Table-Shelf-unit-53-x-29-x-75-cm-Amber.jpg","contentUrl":"https:\/\/www.talidesign.eu\/wp\/wp-content\/uploads\/2020\/05\/Zone-A-Table-Shelf-unit-53-x-29-x-75-cm-Amber.jpg","width":768,"height":768},{"@type":"BreadcrumbList","@id":"https:\/\/www.talidesign.eu\/et\/pood\/toode\/zone-metallist-riiul-amber\/#breadcrumb","itemListElement":[{"@type":"ListItem","position":1,"name":"Avaleht","item":"https:\/\/www.talidesign.eu\/et\/"},{"@type":"ListItem","position":2,"name":"Pood","item":"https:\/\/www.talidesign.eu\/et\/pood\/"},{"@type":"ListItem","position":3,"name":"Zone metallist riiul Amber"}]},{"@type":"WebSite","@id":"https:\/\/www.talidesign.eu\/et\/#website","url":"https:\/\/www.talidesign.eu\/et\/","name":"TALI Concept Store","description":"Suurim Disainipood Eestis","potentialAction":[{"@type":"SearchAction","target":{"@type":"EntryPoint","urlTemplate":"https:\/\/www.talidesign.eu\/et\/?s={search_term_string}"},"query-input":{"@type":"PropertyValueSpecification","valueRequired":true,"valueName":"search_term_string"}}],"inLanguage":"et"}]}},"_links":{"self":[{"href":"https:\/\/www.talidesign.eu\/et\/wp-json\/wp\/v2\/product\/36181","targetHints":{"allow":["GET"]}}],"collection":[{"href":"https:\/\/www.talidesign.eu\/et\/wp-json\/wp\/v2\/product"}],"about":[{"href":"https:\/\/www.talidesign.eu\/et\/wp-json\/wp\/v2\/types\/product"}],"wp:featuredmedia":[{"embeddable":true,"href":"https:\/\/www.talidesign.eu\/et\/wp-json\/wp\/v2\/media\/36182"}],"wp:attachment":[{"href":"https:\/\/www.talidesign.eu\/et\/wp-json\/wp\/v2\/media?parent=36181"}],"wp:term":[{"taxonomy":"product_brand","embeddable":true,"href":"https:\/\/www.talidesign.eu\/et\/wp-json\/wp\/v2\/product_brand?post=36181"},{"taxonomy":"product_cat","embeddable":true,"href":"https:\/\/www.talidesign.eu\/et\/wp-json\/wp\/v2\/product_cat?post=36181"},{"taxonomy":"product_tag","embeddable":true,"href":"https:\/\/www.talidesign.eu\/et\/wp-json\/wp\/v2\/product_tag?post=36181"}],"curies":[{"name":"wp","href":"https:\/\/api.w.org\/{rel}","templated":true}]}}