{"id":36220,"date":"2020-03-18T20:32:57","date_gmt":"2020-03-18T18:32:57","guid":{"rendered":"https:\/\/www.talidesign.eu\/shop\/product\/zone-hooked-toiletroll-holder-steel\/"},"modified":"2021-10-05T16:45:17","modified_gmt":"2021-10-05T13:45:17","slug":"zone-hooked-wc-paberihoidja-metall","status":"publish","type":"product","link":"https:\/\/www.talidesign.eu\/et\/pood\/toode\/zone-hooked-wc-paberihoidja-metall\/","title":{"rendered":"Zone Hooked WC-paberihoidja Metall"},"content":{"rendered":"<p><strong>Hooked WC-paberihoidja Metall<\/strong><\/p>\n<p>Dekoratiivne tualettrullide hoidja \u201cHooked on Rings\u201d koosneb erineva suurusega ketastest ja r\u00f5ngastest, lisades vannituppa atraktiivse kujunduselemendi.<\/p>\n<p>\u2022 Metall<br \/>\n\u2022 Pikkus: 15.40 cm<br \/>\n\u2022 Laius: 3.00 cm<br \/>\n\u2022 18\/8 Metall<br \/>\n\u2022 <a href=\"\/et\/tootekategooria\/brandid\/zone-denmark-et\/\">Br\u00e4nd Zone Denmark<\/a><\/p>\n<p><strong>Tutvu disaineritega!<\/strong><\/p>\n<p>Mette Mavro ja Sofie Lef\u00e8vre asutasid Mavro \/\/ Lef\u00e8vre 2015. aastal. Nende koost\u00f6\u00f6 liikumapanev j\u00f5ud tuleneb nende ebatraditsioonilisest taustast muusikat\u00f6\u00f6stuses ja magistrikraadist innovatsioonidisaini alal. Uudishimu, v\u00e4simatu energia ja oskus teravalt detailidele keskenduda on v\u00f5imsad j\u00f5ud, mis seda duot s\u00fctitab.<\/p>\n<p><a href=\"https:\/\/www.talidesign.eu\/wp\/wp-content\/uploads\/2020\/03\/getimage-14.jpg\"><img loading=\"lazy\" decoding=\"async\" src=\"https:\/\/www.talidesign.eu\/wp\/wp-content\/uploads\/2020\/03\/getimage-14.jpg\" alt=\"\" width=\"1278\" height=\"953\" class=\"alignnone size-full wp-image-22840\" srcset=\"https:\/\/www.talidesign.eu\/wp\/wp-content\/uploads\/2020\/03\/getimage-14.jpg 1278w, https:\/\/www.talidesign.eu\/wp\/wp-content\/uploads\/2020\/03\/getimage-14-536x400.jpg 536w, https:\/\/www.talidesign.eu\/wp\/wp-content\/uploads\/2020\/03\/getimage-14-1073x800.jpg 1073w, https:\/\/www.talidesign.eu\/wp\/wp-content\/uploads\/2020\/03\/getimage-14-768x573.jpg 768w, https:\/\/www.talidesign.eu\/wp\/wp-content\/uploads\/2020\/03\/getimage-14-500x373.jpg 500w, https:\/\/www.talidesign.eu\/wp\/wp-content\/uploads\/2020\/03\/getimage-14-510x380.jpg 510w\" sizes=\"auto, (max-width: 1278px) 100vw, 1278px\" \/><\/a><a href=\"\/product-category\/designers\/zone-denmark\/\"><img loading=\"lazy\" decoding=\"async\" src=\"https:\/\/www.talidesign.eu\/wp\/wp-content\/uploads\/2021\/03\/logo-6.jpg\" alt=\"\" width=\"500\" height=\"100\" class=\"alignnone size-full wp-image-24694\" \/><\/a><\/p>\n","protected":false},"excerpt":{"rendered":"<p><strong>Hooked WC-paberihoidja Metall<\/strong><\/p>\n<p>Dekoratiivne tualettrullide hoidja \u201cHooked on Rings\u201d koosneb erineva suurusega ketastest ja r\u00f5ngastest, lisades vannituppa atraktiivse kujunduselemendi.<\/p>\n<p>\u2022 Metall<br \/>\n\u2022 Pikkus: 15.40 cm<br \/>\n\u2022 Laius: 3.00 cm<br \/>\n\u2022 18\/8 Metall<br \/>\n\u2022 <a href=\"\/product-category\/designers\/zone-denmark\/\">Br\u00e4nd Zone Denmark<\/a><\/p>\n<p><strong>Tutvu disaineritega!<\/strong><\/p>\n<p>Mette Mavro ja Sofie Lef\u00e8vre asutasid Mavro \/\/ Lef\u00e8vre 2015. aastal. Nende koost\u00f6\u00f6 liikumapanev j\u00f5ud tuleneb nende ebatraditsioonilisest taustast muusikat\u00f6\u00f6stuses ja magistrikraadist innovatsioonidisaini alal. Uudishimu, v\u00e4simatu energia ja oskus teravalt detailidele keskenduda on v\u00f5imsad j\u00f5ud, mis seda duot s\u00fctitab.<\/p>\n<p><a href=\"https:\/\/www.talidesign.eu\/wp\/wp-content\/uploads\/2020\/03\/getimage-14.jpg\"><img loading=\"lazy\" decoding=\"async\" src=\"https:\/\/www.talidesign.eu\/wp\/wp-content\/uploads\/2020\/03\/getimage-14.jpg\" alt=\"\" width=\"1278\" height=\"953\" class=\"alignnone size-full wp-image-22840\" srcset=\"https:\/\/www.talidesign.eu\/wp\/wp-content\/uploads\/2020\/03\/getimage-14.jpg 1278w, https:\/\/www.talidesign.eu\/wp\/wp-content\/uploads\/2020\/03\/getimage-14-536x400.jpg 536w, https:\/\/www.talidesign.eu\/wp\/wp-content\/uploads\/2020\/03\/getimage-14-1073x800.jpg 1073w, https:\/\/www.talidesign.eu\/wp\/wp-content\/uploads\/2020\/03\/getimage-14-768x573.jpg 768w, https:\/\/www.talidesign.eu\/wp\/wp-content\/uploads\/2020\/03\/getimage-14-500x373.jpg 500w, https:\/\/www.talidesign.eu\/wp\/wp-content\/uploads\/2020\/03\/getimage-14-510x380.jpg 510w\" sizes=\"auto, (max-width: 1278px) 100vw, 1278px\" \/><\/a><a href=\"\/product-category\/designers\/zone-denmark\/\"><img loading=\"lazy\" decoding=\"async\" src=\"https:\/\/www.talidesign.eu\/wp\/wp-content\/uploads\/2021\/03\/logo-6.jpg\" alt=\"\" width=\"500\" height=\"100\" class=\"alignnone size-full wp-image-24694\" \/><\/a><\/p>\n","protected":false},"featured_media":36221,"template":"","meta":[],"product_brand":[],"product_cat":[1026,1018,1106,1100,1095],"product_tag":[1180],"class_list":{"0":"post-36220","1":"product","2":"type-product","3":"status-publish","4":"has-post-thumbnail","6":"product_cat-brandid","7":"product_cat-kodu","8":"product_cat-konksud-nagid","9":"product_cat-vannituba","10":"product_cat-zone-denmark-et","11":"product_tag-zone-et","13":"first","14":"outofstock","15":"taxable","16":"shipping-taxable","17":"purchasable","18":"product-type-simple"},"yoast_head":"<!-- This site is optimized with the Yoast SEO plugin v27.4 - https:\/\/yoast.com\/product\/yoast-seo-wordpress\/ -->\n<title>Zone Hooked WC-paberihoidja Metall - TALI Concept Store<\/title>\n<meta name=\"description\" content=\"Avasta Zone Denmarki dekoratiivne tualettrullide hoidja &quot;Hooked on Rings&quot;. Lisab vannituppa atraktiivse kujunduselemendi. Tutvu disaineritega!\" \/>\n<meta name=\"robots\" content=\"index, follow, max-snippet:-1, max-image-preview:large, max-video-preview:-1\" \/>\n<link rel=\"canonical\" href=\"https:\/\/www.talidesign.eu\/et\/pood\/toode\/zone-hooked-wc-paberihoidja-metall\/\" \/>\n<meta property=\"og:locale\" content=\"et_EE\" \/>\n<meta property=\"og:type\" content=\"article\" \/>\n<meta property=\"og:title\" content=\"Zone Hooked WC-paberihoidja Metall - TALI Concept Store\" \/>\n<meta property=\"og:description\" content=\"Avasta Zone Denmarki dekoratiivne tualettrullide hoidja &quot;Hooked on Rings&quot;. Lisab vannituppa atraktiivse kujunduselemendi. Tutvu disaineritega!\" \/>\n<meta property=\"og:url\" content=\"https:\/\/www.talidesign.eu\/et\/pood\/toode\/zone-hooked-wc-paberihoidja-metall\/\" \/>\n<meta property=\"og:site_name\" content=\"TALI Concept Store\" \/>\n<meta property=\"article:publisher\" content=\"https:\/\/www.facebook.com\/TaliDisain\/\" \/>\n<meta property=\"article:modified_time\" content=\"2021-10-05T13:45:17+00:00\" \/>\n<meta property=\"og:image\" content=\"https:\/\/www.talidesign.eu\/wp\/wp-content\/uploads\/2020\/03\/Untitled-1.jpg\" \/>\n\t<meta property=\"og:image:width\" content=\"600\" \/>\n\t<meta property=\"og:image:height\" content=\"600\" \/>\n\t<meta property=\"og:image:type\" content=\"image\/jpeg\" \/>\n<meta name=\"twitter:card\" content=\"summary_large_image\" \/>\n<script type=\"application\/ld+json\" class=\"yoast-schema-graph\">{\"@context\":\"https:\\\/\\\/schema.org\",\"@graph\":[{\"@type\":\"WebPage\",\"@id\":\"https:\\\/\\\/www.talidesign.eu\\\/et\\\/pood\\\/toode\\\/zone-hooked-wc-paberihoidja-metall\\\/\",\"url\":\"https:\\\/\\\/www.talidesign.eu\\\/et\\\/pood\\\/toode\\\/zone-hooked-wc-paberihoidja-metall\\\/\",\"name\":\"Zone Hooked WC-paberihoidja Metall - TALI Concept Store\",\"isPartOf\":{\"@id\":\"https:\\\/\\\/www.talidesign.eu\\\/et\\\/#website\"},\"primaryImageOfPage\":{\"@id\":\"https:\\\/\\\/www.talidesign.eu\\\/et\\\/pood\\\/toode\\\/zone-hooked-wc-paberihoidja-metall\\\/#primaryimage\"},\"image\":{\"@id\":\"https:\\\/\\\/www.talidesign.eu\\\/et\\\/pood\\\/toode\\\/zone-hooked-wc-paberihoidja-metall\\\/#primaryimage\"},\"thumbnailUrl\":\"https:\\\/\\\/www.talidesign.eu\\\/wp\\\/wp-content\\\/uploads\\\/2020\\\/03\\\/Untitled-1.jpg\",\"datePublished\":\"2020-03-18T18:32:57+00:00\",\"dateModified\":\"2021-10-05T13:45:17+00:00\",\"description\":\"Avasta Zone Denmarki dekoratiivne tualettrullide hoidja \\\"Hooked on Rings\\\". Lisab vannituppa atraktiivse kujunduselemendi. Tutvu disaineritega!\",\"breadcrumb\":{\"@id\":\"https:\\\/\\\/www.talidesign.eu\\\/et\\\/pood\\\/toode\\\/zone-hooked-wc-paberihoidja-metall\\\/#breadcrumb\"},\"inLanguage\":\"et\",\"potentialAction\":[{\"@type\":\"ReadAction\",\"target\":[\"https:\\\/\\\/www.talidesign.eu\\\/et\\\/pood\\\/toode\\\/zone-hooked-wc-paberihoidja-metall\\\/\"]}]},{\"@type\":\"ImageObject\",\"inLanguage\":\"et\",\"@id\":\"https:\\\/\\\/www.talidesign.eu\\\/et\\\/pood\\\/toode\\\/zone-hooked-wc-paberihoidja-metall\\\/#primaryimage\",\"url\":\"https:\\\/\\\/www.talidesign.eu\\\/wp\\\/wp-content\\\/uploads\\\/2020\\\/03\\\/Untitled-1.jpg\",\"contentUrl\":\"https:\\\/\\\/www.talidesign.eu\\\/wp\\\/wp-content\\\/uploads\\\/2020\\\/03\\\/Untitled-1.jpg\",\"width\":600,\"height\":600},{\"@type\":\"BreadcrumbList\",\"@id\":\"https:\\\/\\\/www.talidesign.eu\\\/et\\\/pood\\\/toode\\\/zone-hooked-wc-paberihoidja-metall\\\/#breadcrumb\",\"itemListElement\":[{\"@type\":\"ListItem\",\"position\":1,\"name\":\"Avaleht\",\"item\":\"https:\\\/\\\/www.talidesign.eu\\\/et\\\/\"},{\"@type\":\"ListItem\",\"position\":2,\"name\":\"Pood\",\"item\":\"https:\\\/\\\/www.talidesign.eu\\\/et\\\/pood\\\/\"},{\"@type\":\"ListItem\",\"position\":3,\"name\":\"Zone Hooked WC-paberihoidja Metall\"}]},{\"@type\":\"WebSite\",\"@id\":\"https:\\\/\\\/www.talidesign.eu\\\/et\\\/#website\",\"url\":\"https:\\\/\\\/www.talidesign.eu\\\/et\\\/\",\"name\":\"TALI Concept Store\",\"description\":\"Suurim Disainipood Eestis\",\"potentialAction\":[{\"@type\":\"SearchAction\",\"target\":{\"@type\":\"EntryPoint\",\"urlTemplate\":\"https:\\\/\\\/www.talidesign.eu\\\/et\\\/?s={search_term_string}\"},\"query-input\":{\"@type\":\"PropertyValueSpecification\",\"valueRequired\":true,\"valueName\":\"search_term_string\"}}],\"inLanguage\":\"et\"}]}<\/script>\n<!-- \/ Yoast SEO plugin. -->","yoast_head_json":{"title":"Zone Hooked WC-paberihoidja Metall - TALI Concept Store","description":"Avasta Zone Denmarki dekoratiivne tualettrullide hoidja \"Hooked on Rings\". Lisab vannituppa atraktiivse kujunduselemendi. Tutvu disaineritega!","robots":{"index":"index","follow":"follow","max-snippet":"max-snippet:-1","max-image-preview":"max-image-preview:large","max-video-preview":"max-video-preview:-1"},"canonical":"https:\/\/www.talidesign.eu\/et\/pood\/toode\/zone-hooked-wc-paberihoidja-metall\/","og_locale":"et_EE","og_type":"article","og_title":"Zone Hooked WC-paberihoidja Metall - TALI Concept Store","og_description":"Avasta Zone Denmarki dekoratiivne tualettrullide hoidja \"Hooked on Rings\". Lisab vannituppa atraktiivse kujunduselemendi. Tutvu disaineritega!","og_url":"https:\/\/www.talidesign.eu\/et\/pood\/toode\/zone-hooked-wc-paberihoidja-metall\/","og_site_name":"TALI Concept Store","article_publisher":"https:\/\/www.facebook.com\/TaliDisain\/","article_modified_time":"2021-10-05T13:45:17+00:00","og_image":[{"width":600,"height":600,"url":"https:\/\/www.talidesign.eu\/wp\/wp-content\/uploads\/2020\/03\/Untitled-1.jpg","type":"image\/jpeg"}],"twitter_card":"summary_large_image","schema":{"@context":"https:\/\/schema.org","@graph":[{"@type":"WebPage","@id":"https:\/\/www.talidesign.eu\/et\/pood\/toode\/zone-hooked-wc-paberihoidja-metall\/","url":"https:\/\/www.talidesign.eu\/et\/pood\/toode\/zone-hooked-wc-paberihoidja-metall\/","name":"Zone Hooked WC-paberihoidja Metall - TALI Concept Store","isPartOf":{"@id":"https:\/\/www.talidesign.eu\/et\/#website"},"primaryImageOfPage":{"@id":"https:\/\/www.talidesign.eu\/et\/pood\/toode\/zone-hooked-wc-paberihoidja-metall\/#primaryimage"},"image":{"@id":"https:\/\/www.talidesign.eu\/et\/pood\/toode\/zone-hooked-wc-paberihoidja-metall\/#primaryimage"},"thumbnailUrl":"https:\/\/www.talidesign.eu\/wp\/wp-content\/uploads\/2020\/03\/Untitled-1.jpg","datePublished":"2020-03-18T18:32:57+00:00","dateModified":"2021-10-05T13:45:17+00:00","description":"Avasta Zone Denmarki dekoratiivne tualettrullide hoidja \"Hooked on Rings\". Lisab vannituppa atraktiivse kujunduselemendi. Tutvu disaineritega!","breadcrumb":{"@id":"https:\/\/www.talidesign.eu\/et\/pood\/toode\/zone-hooked-wc-paberihoidja-metall\/#breadcrumb"},"inLanguage":"et","potentialAction":[{"@type":"ReadAction","target":["https:\/\/www.talidesign.eu\/et\/pood\/toode\/zone-hooked-wc-paberihoidja-metall\/"]}]},{"@type":"ImageObject","inLanguage":"et","@id":"https:\/\/www.talidesign.eu\/et\/pood\/toode\/zone-hooked-wc-paberihoidja-metall\/#primaryimage","url":"https:\/\/www.talidesign.eu\/wp\/wp-content\/uploads\/2020\/03\/Untitled-1.jpg","contentUrl":"https:\/\/www.talidesign.eu\/wp\/wp-content\/uploads\/2020\/03\/Untitled-1.jpg","width":600,"height":600},{"@type":"BreadcrumbList","@id":"https:\/\/www.talidesign.eu\/et\/pood\/toode\/zone-hooked-wc-paberihoidja-metall\/#breadcrumb","itemListElement":[{"@type":"ListItem","position":1,"name":"Avaleht","item":"https:\/\/www.talidesign.eu\/et\/"},{"@type":"ListItem","position":2,"name":"Pood","item":"https:\/\/www.talidesign.eu\/et\/pood\/"},{"@type":"ListItem","position":3,"name":"Zone Hooked WC-paberihoidja Metall"}]},{"@type":"WebSite","@id":"https:\/\/www.talidesign.eu\/et\/#website","url":"https:\/\/www.talidesign.eu\/et\/","name":"TALI Concept Store","description":"Suurim Disainipood Eestis","potentialAction":[{"@type":"SearchAction","target":{"@type":"EntryPoint","urlTemplate":"https:\/\/www.talidesign.eu\/et\/?s={search_term_string}"},"query-input":{"@type":"PropertyValueSpecification","valueRequired":true,"valueName":"search_term_string"}}],"inLanguage":"et"}]}},"_links":{"self":[{"href":"https:\/\/www.talidesign.eu\/et\/wp-json\/wp\/v2\/product\/36220","targetHints":{"allow":["GET"]}}],"collection":[{"href":"https:\/\/www.talidesign.eu\/et\/wp-json\/wp\/v2\/product"}],"about":[{"href":"https:\/\/www.talidesign.eu\/et\/wp-json\/wp\/v2\/types\/product"}],"wp:featuredmedia":[{"embeddable":true,"href":"https:\/\/www.talidesign.eu\/et\/wp-json\/wp\/v2\/media\/36221"}],"wp:attachment":[{"href":"https:\/\/www.talidesign.eu\/et\/wp-json\/wp\/v2\/media?parent=36220"}],"wp:term":[{"taxonomy":"product_brand","embeddable":true,"href":"https:\/\/www.talidesign.eu\/et\/wp-json\/wp\/v2\/product_brand?post=36220"},{"taxonomy":"product_cat","embeddable":true,"href":"https:\/\/www.talidesign.eu\/et\/wp-json\/wp\/v2\/product_cat?post=36220"},{"taxonomy":"product_tag","embeddable":true,"href":"https:\/\/www.talidesign.eu\/et\/wp-json\/wp\/v2\/product_tag?post=36220"}],"curies":[{"name":"wp","href":"https:\/\/api.w.org\/{rel}","templated":true}]}}