{"id":36226,"date":"2020-03-18T20:11:48","date_gmt":"2020-03-18T18:11:48","guid":{"rendered":"https:\/\/www.talidesign.eu\/shop\/product\/zone-rocks-straw-4-pcs-black\/"},"modified":"2023-04-04T20:35:39","modified_gmt":"2023-04-04T17:35:39","slug":"zone-rocks-joogikorred-15-cm-4-tk-must","status":"publish","type":"product","link":"https:\/\/www.talidesign.eu\/et\/pood\/toode\/zone-rocks-joogikorred-15-cm-4-tk-must\/","title":{"rendered":"Zone Rocks joogik\u00f5rred 15 cm 4 tk Must"},"content":{"rendered":"<p><strong>Rocks joogik\u00f5rred 15 cm 4 tk Must<\/strong><\/p>\n<p>4 stiilset k\u00f5rt roostevabast 18\/8 terasest. K\u00f5rred l\u00e4bim\u00f5\u00f5duga 8 mm sobivad smuutide, jookide, piimakokteilide jms valmistamiseks. Terask\u00f5rsi saab kasutada ikka ja j\u00e4lle, v\u00e4hendades seel\u00e4bi keskkonda kahjustavaid plastj\u00e4\u00e4tmeid.  <\/p>\n<p>\u2022 Must<br \/>\n\u2022 Pikkus: 15 cm<br \/>\n\u2022 Diameeter: 0,8cm<br \/>\n\u2022 18\/8 Teras<br \/>\n\u2022 Puhastushari kuulub komplekti<br \/>\n\u2022 <a href=\"\/et\/tootekategooria\/brandid\/zone-denmark-et\/\">Br\u00e4nd Zone Denmark<\/a><\/p>\n<p><strong>Tutvu disaineritega!<\/strong><\/p>\n<p>Mette Mavro ja Sofie Lef\u00e8vre asutasid Mavro \/\/ Lef\u00e8vre 2015. aastal. Nende koost\u00f6\u00f6 liikumapanev j\u00f5ud tuleneb nende ebatraditsioonilisest taustast muusikat\u00f6\u00f6stuses ja magistrikraadist innovatsioonidisaini alal. Uudishimu, v\u00e4simatu energia ja oskus teravalt detailidele keskenduda on v\u00f5imsad j\u00f5ud, mis seda duot s\u00fctitab.<\/p>\n<p><a href=https:\/\/www.talidesign.eu\/wp\/wp-content\/uploads\/2020\/03\/getimage-14.jpg><img src=https:\/\/www.talidesign.eu\/wp\/wp-content\/uploads\/2020\/03\/getimage-14.jpg alt=\"\" width=\"1278\" height=\"953\" class=\"alignnone size-full wp-image-22840\" \/><\/a><a href=\"\/product-category\/designers\/zone-denmark\/\"><img src=https:\/\/www.talidesign.eu\/wp\/wp-content\/uploads\/2021\/03\/logo-6.jpg alt=\"\" width=\"500\" height=\"100\" class=\"alignnone size-full wp-image-24694\" \/><\/a><\/p>\n","protected":false},"excerpt":{"rendered":"<p><strong>Rocks joogik\u00f5rred 15 cm 4 tk Must<\/strong><\/p>\n<p>4 stiilset k\u00f5rt roostevabast 18\/8 terasest. K\u00f5rred l\u00e4bim\u00f5\u00f5duga 8 mm sobivad smuutide, jookide, piimakokteilide jms valmistamiseks. Terask\u00f5rsi saab kasutada ikka ja j\u00e4lle, v\u00e4hendades seel\u00e4bi keskkonda kahjustavaid plastj\u00e4\u00e4tmeid.  <\/p>\n<p>\u2022 Must<br \/>\n\u2022 Pikkus: 15 cm<br \/>\n\u2022 Diameeter: 0,8cm<br \/>\n\u2022 18\/8 Teras<br \/>\n\u2022 Puhastushari kuulub komplekti<br \/>\n\u2022 <a href=\"\/product-category\/designers\/zone-denmark\/\">Br\u00e4nd Zone Denmark<\/a><\/p>\n<p><strong>Tutvu disaineritega!<\/strong><\/p>\n<p>Mette Mavro ja Sofie Lef\u00e8vre asutasid Mavro \/\/ Lef\u00e8vre 2015. aastal. Nende koost\u00f6\u00f6 liikumapanev j\u00f5ud tuleneb nende ebatraditsioonilisest taustast muusikat\u00f6\u00f6stuses ja magistrikraadist innovatsioonidisaini alal. Uudishimu, v\u00e4simatu energia ja oskus teravalt detailidele keskenduda on v\u00f5imsad j\u00f5ud, mis seda duot s\u00fctitab.<\/p>\n<p><a href=https:\/\/www.talidesign.eu\/wp\/wp-content\/uploads\/2020\/03\/getimage-14.jpg><img src=https:\/\/www.talidesign.eu\/wp\/wp-content\/uploads\/2020\/03\/getimage-14.jpg alt=\"\" width=\"1278\" height=\"953\" class=\"alignnone size-full wp-image-22840\" \/><\/a><a href=\"\/product-category\/designers\/zone-denmark\/\"><img src=https:\/\/www.talidesign.eu\/wp\/wp-content\/uploads\/2021\/03\/logo-6.jpg alt=\"\" width=\"500\" height=\"100\" class=\"alignnone size-full wp-image-24694\" \/><\/a><\/p>\n","protected":false},"featured_media":36225,"template":"","meta":[],"product_brand":[],"product_cat":[1026,1018,1030,1095],"product_tag":[1180],"class_list":{"0":"post-36226","1":"product","2":"type-product","3":"status-publish","4":"has-post-thumbnail","6":"product_cat-brandid","7":"product_cat-kodu","8":"product_cat-kook","9":"product_cat-zone-denmark-et","10":"product_tag-zone-et","12":"first","13":"outofstock","14":"taxable","15":"shipping-taxable","16":"purchasable","17":"product-type-simple"},"yoast_head":"<!-- This site is optimized with the Yoast SEO plugin v27.4 - https:\/\/yoast.com\/product\/yoast-seo-wordpress\/ -->\n<title>Zone Rocks joogik\u00f5rred 15 cm 4 tk Must - TALI Concept Store<\/title>\n<meta name=\"description\" content=\"Avasta stiilsed Zone Rocks joogik\u00f5rred! Valmistatud roostevabast terasest, need k\u00f5rred on keskkonnas\u00f5bralik alternatiiv plastk\u00f5rtele. Sobivad ideaalselt smuutide, jookide ja kokteilide jaoks. Tutvu disaineritega!\" \/>\n<meta name=\"robots\" content=\"index, follow, max-snippet:-1, max-image-preview:large, max-video-preview:-1\" \/>\n<link rel=\"canonical\" href=\"https:\/\/www.talidesign.eu\/et\/pood\/toode\/zone-rocks-joogikorred-15-cm-4-tk-must\/\" \/>\n<meta property=\"og:locale\" content=\"et_EE\" \/>\n<meta property=\"og:type\" content=\"article\" \/>\n<meta property=\"og:title\" content=\"Zone Rocks joogik\u00f5rred 15 cm 4 tk Must - TALI Concept Store\" \/>\n<meta property=\"og:description\" content=\"Avasta stiilsed Zone Rocks joogik\u00f5rred! Valmistatud roostevabast terasest, need k\u00f5rred on keskkonnas\u00f5bralik alternatiiv plastk\u00f5rtele. Sobivad ideaalselt smuutide, jookide ja kokteilide jaoks. Tutvu disaineritega!\" \/>\n<meta property=\"og:url\" content=\"https:\/\/www.talidesign.eu\/et\/pood\/toode\/zone-rocks-joogikorred-15-cm-4-tk-must\/\" \/>\n<meta property=\"og:site_name\" content=\"TALI Concept Store\" \/>\n<meta property=\"article:publisher\" content=\"https:\/\/www.facebook.com\/TaliDisain\/\" \/>\n<meta property=\"article:modified_time\" content=\"2023-04-04T17:35:39+00:00\" \/>\n<meta property=\"og:image\" content=\"https:\/\/www.talidesign.eu\/wp\/wp-content\/uploads\/2020\/03\/getimage-9.jpg\" \/>\n\t<meta property=\"og:image:width\" content=\"600\" \/>\n\t<meta property=\"og:image:height\" content=\"600\" \/>\n\t<meta property=\"og:image:type\" content=\"image\/jpeg\" \/>\n<meta name=\"twitter:card\" content=\"summary_large_image\" \/>\n<script type=\"application\/ld+json\" class=\"yoast-schema-graph\">{\"@context\":\"https:\\\/\\\/schema.org\",\"@graph\":[{\"@type\":\"WebPage\",\"@id\":\"https:\\\/\\\/www.talidesign.eu\\\/et\\\/pood\\\/toode\\\/zone-rocks-joogikorred-15-cm-4-tk-must\\\/\",\"url\":\"https:\\\/\\\/www.talidesign.eu\\\/et\\\/pood\\\/toode\\\/zone-rocks-joogikorred-15-cm-4-tk-must\\\/\",\"name\":\"Zone Rocks joogik\u00f5rred 15 cm 4 tk Must - TALI Concept Store\",\"isPartOf\":{\"@id\":\"https:\\\/\\\/www.talidesign.eu\\\/et\\\/#website\"},\"primaryImageOfPage\":{\"@id\":\"https:\\\/\\\/www.talidesign.eu\\\/et\\\/pood\\\/toode\\\/zone-rocks-joogikorred-15-cm-4-tk-must\\\/#primaryimage\"},\"image\":{\"@id\":\"https:\\\/\\\/www.talidesign.eu\\\/et\\\/pood\\\/toode\\\/zone-rocks-joogikorred-15-cm-4-tk-must\\\/#primaryimage\"},\"thumbnailUrl\":\"https:\\\/\\\/www.talidesign.eu\\\/wp\\\/wp-content\\\/uploads\\\/2020\\\/03\\\/getimage-9.jpg\",\"datePublished\":\"2020-03-18T18:11:48+00:00\",\"dateModified\":\"2023-04-04T17:35:39+00:00\",\"description\":\"Avasta stiilsed Zone Rocks joogik\u00f5rred! Valmistatud roostevabast terasest, need k\u00f5rred on keskkonnas\u00f5bralik alternatiiv plastk\u00f5rtele. Sobivad ideaalselt smuutide, jookide ja kokteilide jaoks. Tutvu disaineritega!\",\"breadcrumb\":{\"@id\":\"https:\\\/\\\/www.talidesign.eu\\\/et\\\/pood\\\/toode\\\/zone-rocks-joogikorred-15-cm-4-tk-must\\\/#breadcrumb\"},\"inLanguage\":\"et\",\"potentialAction\":[{\"@type\":\"ReadAction\",\"target\":[\"https:\\\/\\\/www.talidesign.eu\\\/et\\\/pood\\\/toode\\\/zone-rocks-joogikorred-15-cm-4-tk-must\\\/\"]}]},{\"@type\":\"ImageObject\",\"inLanguage\":\"et\",\"@id\":\"https:\\\/\\\/www.talidesign.eu\\\/et\\\/pood\\\/toode\\\/zone-rocks-joogikorred-15-cm-4-tk-must\\\/#primaryimage\",\"url\":\"https:\\\/\\\/www.talidesign.eu\\\/wp\\\/wp-content\\\/uploads\\\/2020\\\/03\\\/getimage-9.jpg\",\"contentUrl\":\"https:\\\/\\\/www.talidesign.eu\\\/wp\\\/wp-content\\\/uploads\\\/2020\\\/03\\\/getimage-9.jpg\",\"width\":600,\"height\":600},{\"@type\":\"BreadcrumbList\",\"@id\":\"https:\\\/\\\/www.talidesign.eu\\\/et\\\/pood\\\/toode\\\/zone-rocks-joogikorred-15-cm-4-tk-must\\\/#breadcrumb\",\"itemListElement\":[{\"@type\":\"ListItem\",\"position\":1,\"name\":\"Avaleht\",\"item\":\"https:\\\/\\\/www.talidesign.eu\\\/et\\\/\"},{\"@type\":\"ListItem\",\"position\":2,\"name\":\"Pood\",\"item\":\"https:\\\/\\\/www.talidesign.eu\\\/et\\\/pood\\\/\"},{\"@type\":\"ListItem\",\"position\":3,\"name\":\"Zone Rocks joogik\u00f5rred 15 cm 4 tk Must\"}]},{\"@type\":\"WebSite\",\"@id\":\"https:\\\/\\\/www.talidesign.eu\\\/et\\\/#website\",\"url\":\"https:\\\/\\\/www.talidesign.eu\\\/et\\\/\",\"name\":\"TALI Concept Store\",\"description\":\"Suurim Disainipood Eestis\",\"potentialAction\":[{\"@type\":\"SearchAction\",\"target\":{\"@type\":\"EntryPoint\",\"urlTemplate\":\"https:\\\/\\\/www.talidesign.eu\\\/et\\\/?s={search_term_string}\"},\"query-input\":{\"@type\":\"PropertyValueSpecification\",\"valueRequired\":true,\"valueName\":\"search_term_string\"}}],\"inLanguage\":\"et\"}]}<\/script>\n<!-- \/ Yoast SEO plugin. -->","yoast_head_json":{"title":"Zone Rocks joogik\u00f5rred 15 cm 4 tk Must - TALI Concept Store","description":"Avasta stiilsed Zone Rocks joogik\u00f5rred! Valmistatud roostevabast terasest, need k\u00f5rred on keskkonnas\u00f5bralik alternatiiv plastk\u00f5rtele. Sobivad ideaalselt smuutide, jookide ja kokteilide jaoks. Tutvu disaineritega!","robots":{"index":"index","follow":"follow","max-snippet":"max-snippet:-1","max-image-preview":"max-image-preview:large","max-video-preview":"max-video-preview:-1"},"canonical":"https:\/\/www.talidesign.eu\/et\/pood\/toode\/zone-rocks-joogikorred-15-cm-4-tk-must\/","og_locale":"et_EE","og_type":"article","og_title":"Zone Rocks joogik\u00f5rred 15 cm 4 tk Must - TALI Concept Store","og_description":"Avasta stiilsed Zone Rocks joogik\u00f5rred! Valmistatud roostevabast terasest, need k\u00f5rred on keskkonnas\u00f5bralik alternatiiv plastk\u00f5rtele. Sobivad ideaalselt smuutide, jookide ja kokteilide jaoks. Tutvu disaineritega!","og_url":"https:\/\/www.talidesign.eu\/et\/pood\/toode\/zone-rocks-joogikorred-15-cm-4-tk-must\/","og_site_name":"TALI Concept Store","article_publisher":"https:\/\/www.facebook.com\/TaliDisain\/","article_modified_time":"2023-04-04T17:35:39+00:00","og_image":[{"width":600,"height":600,"url":"https:\/\/www.talidesign.eu\/wp\/wp-content\/uploads\/2020\/03\/getimage-9.jpg","type":"image\/jpeg"}],"twitter_card":"summary_large_image","schema":{"@context":"https:\/\/schema.org","@graph":[{"@type":"WebPage","@id":"https:\/\/www.talidesign.eu\/et\/pood\/toode\/zone-rocks-joogikorred-15-cm-4-tk-must\/","url":"https:\/\/www.talidesign.eu\/et\/pood\/toode\/zone-rocks-joogikorred-15-cm-4-tk-must\/","name":"Zone Rocks joogik\u00f5rred 15 cm 4 tk Must - TALI Concept Store","isPartOf":{"@id":"https:\/\/www.talidesign.eu\/et\/#website"},"primaryImageOfPage":{"@id":"https:\/\/www.talidesign.eu\/et\/pood\/toode\/zone-rocks-joogikorred-15-cm-4-tk-must\/#primaryimage"},"image":{"@id":"https:\/\/www.talidesign.eu\/et\/pood\/toode\/zone-rocks-joogikorred-15-cm-4-tk-must\/#primaryimage"},"thumbnailUrl":"https:\/\/www.talidesign.eu\/wp\/wp-content\/uploads\/2020\/03\/getimage-9.jpg","datePublished":"2020-03-18T18:11:48+00:00","dateModified":"2023-04-04T17:35:39+00:00","description":"Avasta stiilsed Zone Rocks joogik\u00f5rred! Valmistatud roostevabast terasest, need k\u00f5rred on keskkonnas\u00f5bralik alternatiiv plastk\u00f5rtele. Sobivad ideaalselt smuutide, jookide ja kokteilide jaoks. Tutvu disaineritega!","breadcrumb":{"@id":"https:\/\/www.talidesign.eu\/et\/pood\/toode\/zone-rocks-joogikorred-15-cm-4-tk-must\/#breadcrumb"},"inLanguage":"et","potentialAction":[{"@type":"ReadAction","target":["https:\/\/www.talidesign.eu\/et\/pood\/toode\/zone-rocks-joogikorred-15-cm-4-tk-must\/"]}]},{"@type":"ImageObject","inLanguage":"et","@id":"https:\/\/www.talidesign.eu\/et\/pood\/toode\/zone-rocks-joogikorred-15-cm-4-tk-must\/#primaryimage","url":"https:\/\/www.talidesign.eu\/wp\/wp-content\/uploads\/2020\/03\/getimage-9.jpg","contentUrl":"https:\/\/www.talidesign.eu\/wp\/wp-content\/uploads\/2020\/03\/getimage-9.jpg","width":600,"height":600},{"@type":"BreadcrumbList","@id":"https:\/\/www.talidesign.eu\/et\/pood\/toode\/zone-rocks-joogikorred-15-cm-4-tk-must\/#breadcrumb","itemListElement":[{"@type":"ListItem","position":1,"name":"Avaleht","item":"https:\/\/www.talidesign.eu\/et\/"},{"@type":"ListItem","position":2,"name":"Pood","item":"https:\/\/www.talidesign.eu\/et\/pood\/"},{"@type":"ListItem","position":3,"name":"Zone Rocks joogik\u00f5rred 15 cm 4 tk Must"}]},{"@type":"WebSite","@id":"https:\/\/www.talidesign.eu\/et\/#website","url":"https:\/\/www.talidesign.eu\/et\/","name":"TALI Concept Store","description":"Suurim Disainipood Eestis","potentialAction":[{"@type":"SearchAction","target":{"@type":"EntryPoint","urlTemplate":"https:\/\/www.talidesign.eu\/et\/?s={search_term_string}"},"query-input":{"@type":"PropertyValueSpecification","valueRequired":true,"valueName":"search_term_string"}}],"inLanguage":"et"}]}},"_links":{"self":[{"href":"https:\/\/www.talidesign.eu\/et\/wp-json\/wp\/v2\/product\/36226","targetHints":{"allow":["GET"]}}],"collection":[{"href":"https:\/\/www.talidesign.eu\/et\/wp-json\/wp\/v2\/product"}],"about":[{"href":"https:\/\/www.talidesign.eu\/et\/wp-json\/wp\/v2\/types\/product"}],"wp:featuredmedia":[{"embeddable":true,"href":"https:\/\/www.talidesign.eu\/et\/wp-json\/wp\/v2\/media\/36225"}],"wp:attachment":[{"href":"https:\/\/www.talidesign.eu\/et\/wp-json\/wp\/v2\/media?parent=36226"}],"wp:term":[{"taxonomy":"product_brand","embeddable":true,"href":"https:\/\/www.talidesign.eu\/et\/wp-json\/wp\/v2\/product_brand?post=36226"},{"taxonomy":"product_cat","embeddable":true,"href":"https:\/\/www.talidesign.eu\/et\/wp-json\/wp\/v2\/product_cat?post=36226"},{"taxonomy":"product_tag","embeddable":true,"href":"https:\/\/www.talidesign.eu\/et\/wp-json\/wp\/v2\/product_tag?post=36226"}],"curies":[{"name":"wp","href":"https:\/\/api.w.org\/{rel}","templated":true}]}}