{"id":36243,"date":"2020-03-16T18:20:46","date_gmt":"2020-03-16T16:20:46","guid":{"rendered":"https:\/\/www.talidesign.eu\/shop\/product\/zone-inu-nail-brush\/"},"modified":"2024-10-08T18:44:25","modified_gmt":"2024-10-08T15:44:25","slug":"zone-inu-kuunehari","status":"publish","type":"product","link":"https:\/\/www.talidesign.eu\/et\/pood\/toode\/zone-inu-kuunehari\/","title":{"rendered":"Zone Inu k\u00fc\u00fcnehari"},"content":{"rendered":"<p><strong>Inu k\u00fc\u00fcnehari<\/strong><\/p>\n<p>See INU sarja k\u00fc\u00fcnehari loodi v\u00e4ikeste hetkede nautimiseks kiires argielus. Hari on valmistatud heledast p\u00f6\u00f6gist ja naturaalsest kiust ning sellel on pehme, orgaaniline disain, mis loob harmoonia vannitoa lihtsa sisustusega.<\/p>\n<p>\u2022 K\u00f5rgus: 3.9 cm<br \/>\n\u2022 Pikkus: 12 cm<br \/>\n\u2022 Laius: 3,4 cm<br \/>\n\u2022 Materjal: P\u00f6\u00f6k<br \/>\n\u2022 <a href=\"\/et\/tootekategooria\/brandid\/zone-denmark-et\/\">Br\u00e4nd Zone Denmark<\/a><\/p>\n<p><strong>Tutvu INU disaineriga!<\/strong><\/p>\n<p>Tilde Nygaard on NEU Stuudio t\u00f6\u00f6stusdisainer ning Taani disainib\u00fcroo VE2 kaasasutaja ja partner, kus on Zone Denmarkile loodud mitmeid auhinnatud tooteid. Oma disainistuudios on ta kaasa aidanud INU spaasarja arendamisele, mis toob Zone kaubam\u00e4rgile t\u00e4iesti uue intiimsema m\u00f5\u00f5tme.<\/p>\n<p><a href=\"https:\/\/www.talidesign.eu\/wp\/wp-content\/uploads\/2021\/02\/inu.jpg\"><img loading=\"lazy\" decoding=\"async\" src=\"https:\/\/www.talidesign.eu\/wp\/wp-content\/uploads\/2021\/02\/inu.jpg\" alt=\"\" width=\"1278\" height=\"753\" class=\"alignnone size-full wp-image-22793\" srcset=\"https:\/\/www.talidesign.eu\/wp\/wp-content\/uploads\/2021\/02\/inu.jpg 1278w, https:\/\/www.talidesign.eu\/wp\/wp-content\/uploads\/2021\/02\/inu-679x400.jpg 679w, https:\/\/www.talidesign.eu\/wp\/wp-content\/uploads\/2021\/02\/inu-768x453.jpg 768w, https:\/\/www.talidesign.eu\/wp\/wp-content\/uploads\/2021\/02\/inu-500x295.jpg 500w, https:\/\/www.talidesign.eu\/wp\/wp-content\/uploads\/2021\/02\/inu-510x300.jpg 510w\" sizes=\"auto, (max-width: 1278px) 100vw, 1278px\" \/><\/a><a href=\"\/product-category\/designers\/zone-denmark\/\"><img loading=\"lazy\" decoding=\"async\" src=\"https:\/\/www.talidesign.eu\/wp\/wp-content\/uploads\/2021\/03\/logo-6.jpg\" alt=\"\" width=\"500\" height=\"100\" class=\"alignnone size-full wp-image-24694\" \/><\/a><\/p>\n","protected":false},"excerpt":{"rendered":"<p><strong>Inu k\u00fc\u00fcnehari<\/strong><\/p>\n<p>See INU sarja k\u00fc\u00fcnehari loodi v\u00e4ikeste hetkede nautimiseks kiires argielus. Hari on valmistatud heledast p\u00f6\u00f6gist ja naturaalsest kiust ning sellel on pehme, orgaaniline disain, mis loob harmoonia vannitoa lihtsa sisustusega.<\/p>\n<p>\u2022 K\u00f5rgus: 3.9 cm<br \/>\n\u2022 Pikkus: 12 cm<br \/>\n\u2022 Laius: 3,4 cm<br \/>\n\u2022 Materjal: P\u00f6\u00f6k<br \/>\n\u2022 <a href=\"\/product-category\/designers\/zone-denmark\/\">Br\u00e4nd Zone Denmark<\/a><\/p>\n<p><strong>Tutvu INU disaineriga!<\/strong><\/p>\n<p>Tilde Nygaard on NEU Stuudio t\u00f6\u00f6stusdisainer ning Taani disainib\u00fcroo VE2 kaasasutaja ja partner, kus on Zone Denmarkile loodud mitmeid auhinnatud tooteid. Oma disainistuudios on ta kaasa aidanud INU spaasarja arendamisele, mis toob Zone kaubam\u00e4rgile t\u00e4iesti uue intiimsema m\u00f5\u00f5tme.<\/p>\n<p><a href=\"https:\/\/www.talidesign.eu\/wp\/wp-content\/uploads\/2021\/02\/inu.jpg\"><img loading=\"lazy\" decoding=\"async\" src=\"https:\/\/www.talidesign.eu\/wp\/wp-content\/uploads\/2021\/02\/inu.jpg\" alt=\"\" width=\"1278\" height=\"753\" class=\"alignnone size-full wp-image-22793\" srcset=\"https:\/\/www.talidesign.eu\/wp\/wp-content\/uploads\/2021\/02\/inu.jpg 1278w, https:\/\/www.talidesign.eu\/wp\/wp-content\/uploads\/2021\/02\/inu-679x400.jpg 679w, https:\/\/www.talidesign.eu\/wp\/wp-content\/uploads\/2021\/02\/inu-768x453.jpg 768w, https:\/\/www.talidesign.eu\/wp\/wp-content\/uploads\/2021\/02\/inu-500x295.jpg 500w, https:\/\/www.talidesign.eu\/wp\/wp-content\/uploads\/2021\/02\/inu-510x300.jpg 510w\" sizes=\"auto, (max-width: 1278px) 100vw, 1278px\" \/><\/a><a href=\"\/product-category\/designers\/zone-denmark\/\"><img loading=\"lazy\" decoding=\"async\" src=\"https:\/\/www.talidesign.eu\/wp\/wp-content\/uploads\/2021\/03\/logo-6.jpg\" alt=\"\" width=\"500\" height=\"100\" class=\"alignnone size-full wp-image-24694\" \/><\/a><\/p>\n","protected":false},"featured_media":36244,"template":"","meta":[],"product_brand":[],"product_cat":[1026,1018,2411,1100,1095],"product_tag":[1180],"class_list":{"0":"post-36243","1":"product","2":"type-product","3":"status-publish","4":"has-post-thumbnail","6":"product_cat-brandid","7":"product_cat-kodu","8":"product_cat-koduspaa","9":"product_cat-vannituba","10":"product_cat-zone-denmark-et","11":"product_tag-zone-et","13":"first","14":"outofstock","15":"taxable","16":"shipping-taxable","17":"purchasable","18":"product-type-simple"},"yoast_head":"<!-- This site is optimized with the Yoast SEO plugin v27.3 - https:\/\/yoast.com\/product\/yoast-seo-wordpress\/ -->\n<title>Zone Inu k\u00fc\u00fcnehari - TALI Concept Store<\/title>\n<meta name=\"description\" content=\"Avasta Zone Denmarki INU sarja k\u00fc\u00fcnehari, mis on loodud v\u00e4ikeste hetkede nautimiseks kiires argielus. Pehme, orgaaniline disain loob harmoonia vannitoa lihtsa sisustusega. Tutvu disainer Tilde Nygaardiga!\" \/>\n<meta name=\"robots\" content=\"index, follow, max-snippet:-1, max-image-preview:large, max-video-preview:-1\" \/>\n<link rel=\"canonical\" href=\"https:\/\/www.talidesign.eu\/et\/pood\/toode\/zone-inu-kuunehari\/\" \/>\n<meta property=\"og:locale\" content=\"et_EE\" \/>\n<meta property=\"og:type\" content=\"article\" \/>\n<meta property=\"og:title\" content=\"Zone Inu k\u00fc\u00fcnehari - TALI Concept Store\" \/>\n<meta property=\"og:description\" content=\"Avasta Zone Denmarki INU sarja k\u00fc\u00fcnehari, mis on loodud v\u00e4ikeste hetkede nautimiseks kiires argielus. Pehme, orgaaniline disain loob harmoonia vannitoa lihtsa sisustusega. Tutvu disainer Tilde Nygaardiga!\" \/>\n<meta property=\"og:url\" content=\"https:\/\/www.talidesign.eu\/et\/pood\/toode\/zone-inu-kuunehari\/\" \/>\n<meta property=\"og:site_name\" content=\"TALI Concept Store\" \/>\n<meta property=\"article:publisher\" content=\"https:\/\/www.facebook.com\/TaliDisain\/\" \/>\n<meta property=\"article:modified_time\" content=\"2024-10-08T15:44:25+00:00\" \/>\n<meta property=\"og:image\" content=\"https:\/\/www.talidesign.eu\/wp\/wp-content\/uploads\/2020\/03\/getimage3.jpg\" \/>\n\t<meta property=\"og:image:width\" content=\"600\" \/>\n\t<meta property=\"og:image:height\" content=\"600\" \/>\n\t<meta property=\"og:image:type\" content=\"image\/jpeg\" \/>\n<meta name=\"twitter:card\" content=\"summary_large_image\" \/>\n<script type=\"application\/ld+json\" class=\"yoast-schema-graph\">{\"@context\":\"https:\\\/\\\/schema.org\",\"@graph\":[{\"@type\":\"WebPage\",\"@id\":\"https:\\\/\\\/www.talidesign.eu\\\/et\\\/pood\\\/toode\\\/zone-inu-kuunehari\\\/\",\"url\":\"https:\\\/\\\/www.talidesign.eu\\\/et\\\/pood\\\/toode\\\/zone-inu-kuunehari\\\/\",\"name\":\"Zone Inu k\u00fc\u00fcnehari - TALI Concept Store\",\"isPartOf\":{\"@id\":\"https:\\\/\\\/www.talidesign.eu\\\/et\\\/#website\"},\"primaryImageOfPage\":{\"@id\":\"https:\\\/\\\/www.talidesign.eu\\\/et\\\/pood\\\/toode\\\/zone-inu-kuunehari\\\/#primaryimage\"},\"image\":{\"@id\":\"https:\\\/\\\/www.talidesign.eu\\\/et\\\/pood\\\/toode\\\/zone-inu-kuunehari\\\/#primaryimage\"},\"thumbnailUrl\":\"https:\\\/\\\/www.talidesign.eu\\\/wp\\\/wp-content\\\/uploads\\\/2020\\\/03\\\/getimage3.jpg\",\"datePublished\":\"2020-03-16T16:20:46+00:00\",\"dateModified\":\"2024-10-08T15:44:25+00:00\",\"description\":\"Avasta Zone Denmarki INU sarja k\u00fc\u00fcnehari, mis on loodud v\u00e4ikeste hetkede nautimiseks kiires argielus. Pehme, orgaaniline disain loob harmoonia vannitoa lihtsa sisustusega. Tutvu disainer Tilde Nygaardiga!\",\"breadcrumb\":{\"@id\":\"https:\\\/\\\/www.talidesign.eu\\\/et\\\/pood\\\/toode\\\/zone-inu-kuunehari\\\/#breadcrumb\"},\"inLanguage\":\"et\",\"potentialAction\":[{\"@type\":\"ReadAction\",\"target\":[\"https:\\\/\\\/www.talidesign.eu\\\/et\\\/pood\\\/toode\\\/zone-inu-kuunehari\\\/\"]}]},{\"@type\":\"ImageObject\",\"inLanguage\":\"et\",\"@id\":\"https:\\\/\\\/www.talidesign.eu\\\/et\\\/pood\\\/toode\\\/zone-inu-kuunehari\\\/#primaryimage\",\"url\":\"https:\\\/\\\/www.talidesign.eu\\\/wp\\\/wp-content\\\/uploads\\\/2020\\\/03\\\/getimage3.jpg\",\"contentUrl\":\"https:\\\/\\\/www.talidesign.eu\\\/wp\\\/wp-content\\\/uploads\\\/2020\\\/03\\\/getimage3.jpg\",\"width\":600,\"height\":600},{\"@type\":\"BreadcrumbList\",\"@id\":\"https:\\\/\\\/www.talidesign.eu\\\/et\\\/pood\\\/toode\\\/zone-inu-kuunehari\\\/#breadcrumb\",\"itemListElement\":[{\"@type\":\"ListItem\",\"position\":1,\"name\":\"Avaleht\",\"item\":\"https:\\\/\\\/www.talidesign.eu\\\/et\\\/\"},{\"@type\":\"ListItem\",\"position\":2,\"name\":\"Pood\",\"item\":\"https:\\\/\\\/www.talidesign.eu\\\/et\\\/pood\\\/\"},{\"@type\":\"ListItem\",\"position\":3,\"name\":\"Zone Inu k\u00fc\u00fcnehari\"}]},{\"@type\":\"WebSite\",\"@id\":\"https:\\\/\\\/www.talidesign.eu\\\/et\\\/#website\",\"url\":\"https:\\\/\\\/www.talidesign.eu\\\/et\\\/\",\"name\":\"TALI Concept Store\",\"description\":\"Suurim Disainipood Eestis\",\"potentialAction\":[{\"@type\":\"SearchAction\",\"target\":{\"@type\":\"EntryPoint\",\"urlTemplate\":\"https:\\\/\\\/www.talidesign.eu\\\/et\\\/?s={search_term_string}\"},\"query-input\":{\"@type\":\"PropertyValueSpecification\",\"valueRequired\":true,\"valueName\":\"search_term_string\"}}],\"inLanguage\":\"et\"}]}<\/script>\n<!-- \/ Yoast SEO plugin. -->","yoast_head_json":{"title":"Zone Inu k\u00fc\u00fcnehari - TALI Concept Store","description":"Avasta Zone Denmarki INU sarja k\u00fc\u00fcnehari, mis on loodud v\u00e4ikeste hetkede nautimiseks kiires argielus. Pehme, orgaaniline disain loob harmoonia vannitoa lihtsa sisustusega. Tutvu disainer Tilde Nygaardiga!","robots":{"index":"index","follow":"follow","max-snippet":"max-snippet:-1","max-image-preview":"max-image-preview:large","max-video-preview":"max-video-preview:-1"},"canonical":"https:\/\/www.talidesign.eu\/et\/pood\/toode\/zone-inu-kuunehari\/","og_locale":"et_EE","og_type":"article","og_title":"Zone Inu k\u00fc\u00fcnehari - TALI Concept Store","og_description":"Avasta Zone Denmarki INU sarja k\u00fc\u00fcnehari, mis on loodud v\u00e4ikeste hetkede nautimiseks kiires argielus. Pehme, orgaaniline disain loob harmoonia vannitoa lihtsa sisustusega. Tutvu disainer Tilde Nygaardiga!","og_url":"https:\/\/www.talidesign.eu\/et\/pood\/toode\/zone-inu-kuunehari\/","og_site_name":"TALI Concept Store","article_publisher":"https:\/\/www.facebook.com\/TaliDisain\/","article_modified_time":"2024-10-08T15:44:25+00:00","og_image":[{"width":600,"height":600,"url":"https:\/\/www.talidesign.eu\/wp\/wp-content\/uploads\/2020\/03\/getimage3.jpg","type":"image\/jpeg"}],"twitter_card":"summary_large_image","schema":{"@context":"https:\/\/schema.org","@graph":[{"@type":"WebPage","@id":"https:\/\/www.talidesign.eu\/et\/pood\/toode\/zone-inu-kuunehari\/","url":"https:\/\/www.talidesign.eu\/et\/pood\/toode\/zone-inu-kuunehari\/","name":"Zone Inu k\u00fc\u00fcnehari - TALI Concept Store","isPartOf":{"@id":"https:\/\/www.talidesign.eu\/et\/#website"},"primaryImageOfPage":{"@id":"https:\/\/www.talidesign.eu\/et\/pood\/toode\/zone-inu-kuunehari\/#primaryimage"},"image":{"@id":"https:\/\/www.talidesign.eu\/et\/pood\/toode\/zone-inu-kuunehari\/#primaryimage"},"thumbnailUrl":"https:\/\/www.talidesign.eu\/wp\/wp-content\/uploads\/2020\/03\/getimage3.jpg","datePublished":"2020-03-16T16:20:46+00:00","dateModified":"2024-10-08T15:44:25+00:00","description":"Avasta Zone Denmarki INU sarja k\u00fc\u00fcnehari, mis on loodud v\u00e4ikeste hetkede nautimiseks kiires argielus. Pehme, orgaaniline disain loob harmoonia vannitoa lihtsa sisustusega. Tutvu disainer Tilde Nygaardiga!","breadcrumb":{"@id":"https:\/\/www.talidesign.eu\/et\/pood\/toode\/zone-inu-kuunehari\/#breadcrumb"},"inLanguage":"et","potentialAction":[{"@type":"ReadAction","target":["https:\/\/www.talidesign.eu\/et\/pood\/toode\/zone-inu-kuunehari\/"]}]},{"@type":"ImageObject","inLanguage":"et","@id":"https:\/\/www.talidesign.eu\/et\/pood\/toode\/zone-inu-kuunehari\/#primaryimage","url":"https:\/\/www.talidesign.eu\/wp\/wp-content\/uploads\/2020\/03\/getimage3.jpg","contentUrl":"https:\/\/www.talidesign.eu\/wp\/wp-content\/uploads\/2020\/03\/getimage3.jpg","width":600,"height":600},{"@type":"BreadcrumbList","@id":"https:\/\/www.talidesign.eu\/et\/pood\/toode\/zone-inu-kuunehari\/#breadcrumb","itemListElement":[{"@type":"ListItem","position":1,"name":"Avaleht","item":"https:\/\/www.talidesign.eu\/et\/"},{"@type":"ListItem","position":2,"name":"Pood","item":"https:\/\/www.talidesign.eu\/et\/pood\/"},{"@type":"ListItem","position":3,"name":"Zone Inu k\u00fc\u00fcnehari"}]},{"@type":"WebSite","@id":"https:\/\/www.talidesign.eu\/et\/#website","url":"https:\/\/www.talidesign.eu\/et\/","name":"TALI Concept Store","description":"Suurim Disainipood Eestis","potentialAction":[{"@type":"SearchAction","target":{"@type":"EntryPoint","urlTemplate":"https:\/\/www.talidesign.eu\/et\/?s={search_term_string}"},"query-input":{"@type":"PropertyValueSpecification","valueRequired":true,"valueName":"search_term_string"}}],"inLanguage":"et"}]}},"_links":{"self":[{"href":"https:\/\/www.talidesign.eu\/et\/wp-json\/wp\/v2\/product\/36243","targetHints":{"allow":["GET"]}}],"collection":[{"href":"https:\/\/www.talidesign.eu\/et\/wp-json\/wp\/v2\/product"}],"about":[{"href":"https:\/\/www.talidesign.eu\/et\/wp-json\/wp\/v2\/types\/product"}],"wp:featuredmedia":[{"embeddable":true,"href":"https:\/\/www.talidesign.eu\/et\/wp-json\/wp\/v2\/media\/36244"}],"wp:attachment":[{"href":"https:\/\/www.talidesign.eu\/et\/wp-json\/wp\/v2\/media?parent=36243"}],"wp:term":[{"taxonomy":"product_brand","embeddable":true,"href":"https:\/\/www.talidesign.eu\/et\/wp-json\/wp\/v2\/product_brand?post=36243"},{"taxonomy":"product_cat","embeddable":true,"href":"https:\/\/www.talidesign.eu\/et\/wp-json\/wp\/v2\/product_cat?post=36243"},{"taxonomy":"product_tag","embeddable":true,"href":"https:\/\/www.talidesign.eu\/et\/wp-json\/wp\/v2\/product_tag?post=36243"}],"curies":[{"name":"wp","href":"https:\/\/api.w.org\/{rel}","templated":true}]}}