{"id":36785,"date":"2019-11-30T18:55:17","date_gmt":"2019-11-30T16:55:17","guid":{"rendered":"https:\/\/www.talidesign.eu\/shop\/product\/unicorn-925\/"},"modified":"2022-01-05T16:29:37","modified_gmt":"2022-01-05T14:29:37","slug":"unicorn-925","status":"publish","type":"product","link":"https:\/\/www.talidesign.eu\/et\/pood\/toode\/unicorn-925\/","title":{"rendered":"Kirju Unicorn 925"},"content":{"rendered":"<p>\u2022 Silver 925 stud earrings<br \/>\n\u2022 Lead, cadmium, and nickel-free<br \/>\n\u2022 Size: 19&#215;11 mm<\/p>\n<p>By KIRJU.CO<\/p>\n","protected":false},"excerpt":{"rendered":"<p>\u2022 Silver 925 stud earrings<br \/>\n\u2022 Lead, cadmium, and nickel-free<br \/>\n\u2022 Size: 19&#215;11 mm<\/p>\n<p>By KIRJU.CO<\/p>\n","protected":false},"featured_media":36786,"template":"","meta":[],"product_brand":[],"product_cat":[1177,1026,1146,1155,1054,1152,1148],"product_tag":[1254],"class_list":{"0":"post-36785","1":"product","2":"type-product","3":"status-publish","4":"has-post-thumbnail","6":"product_cat-allahindlus","7":"product_cat-brandid","8":"product_cat-ehted","9":"product_cat-hobekorvarongad","10":"product_cat-kirju-co-et","11":"product_cat-kirju-co-korvarongad","12":"product_cat-korvarongad","13":"product_tag-kirju-jewellery-et","15":"first","16":"outofstock","17":"taxable","18":"shipping-taxable","19":"product-type-variable","20":"has-default-attributes"},"yoast_head":"<!-- This site is optimized with the Yoast SEO plugin v27.5 - https:\/\/yoast.com\/product\/yoast-seo-wordpress\/ -->\n<title>KIRJU.CO - Silver 925 Unicorn earrings<\/title>\n<meta name=\"description\" content=\"Kirju Unicorn 925 - H\u00f5bek\u00f5rvar\u00f5ngad, mis on kaetud roodiumi, kulla v\u00f5i roosakulla kihiga. Suurus: 19x11 mm. KIRJU.CO - ehted, k\u00f5rvar\u00f5ngad, br\u00e4ndid. ALLAHINDLUS.\" \/>\n<meta name=\"robots\" content=\"index, follow, max-snippet:-1, max-image-preview:large, max-video-preview:-1\" \/>\n<link rel=\"canonical\" href=\"https:\/\/www.talidesign.eu\/et\/pood\/toode\/unicorn-925\/\" \/>\n<meta property=\"og:locale\" content=\"et_EE\" \/>\n<meta property=\"og:type\" content=\"article\" \/>\n<meta property=\"og:title\" content=\"KIRJU.CO - Silver 925 Unicorn earrings\" \/>\n<meta property=\"og:description\" content=\"Kirju Unicorn 925 - H\u00f5bek\u00f5rvar\u00f5ngad, mis on kaetud roodiumi, kulla v\u00f5i roosakulla kihiga. Suurus: 19x11 mm. KIRJU.CO - ehted, k\u00f5rvar\u00f5ngad, br\u00e4ndid. ALLAHINDLUS.\" \/>\n<meta property=\"og:url\" content=\"https:\/\/www.talidesign.eu\/et\/pood\/toode\/unicorn-925\/\" \/>\n<meta property=\"og:site_name\" content=\"TALI Concept Store\" \/>\n<meta property=\"article:publisher\" content=\"https:\/\/www.facebook.com\/TaliDisain\/\" \/>\n<meta property=\"article:modified_time\" content=\"2022-01-05T14:29:37+00:00\" \/>\n<meta property=\"og:image\" content=\"https:\/\/www.talidesign.eu\/wp\/wp-content\/uploads\/2019\/11\/Unicorn-Silver2-scaled.jpg\" \/>\n\t<meta property=\"og:image:width\" content=\"2560\" \/>\n\t<meta property=\"og:image:height\" content=\"2560\" \/>\n\t<meta property=\"og:image:type\" content=\"image\/jpeg\" \/>\n<meta name=\"twitter:card\" content=\"summary_large_image\" \/>\n<script type=\"application\/ld+json\" class=\"yoast-schema-graph\">{\"@context\":\"https:\\\/\\\/schema.org\",\"@graph\":[{\"@type\":\"WebPage\",\"@id\":\"https:\\\/\\\/www.talidesign.eu\\\/et\\\/pood\\\/toode\\\/unicorn-925\\\/\",\"url\":\"https:\\\/\\\/www.talidesign.eu\\\/et\\\/pood\\\/toode\\\/unicorn-925\\\/\",\"name\":\"KIRJU.CO - Silver 925 Unicorn earrings\",\"isPartOf\":{\"@id\":\"https:\\\/\\\/www.talidesign.eu\\\/et\\\/#website\"},\"primaryImageOfPage\":{\"@id\":\"https:\\\/\\\/www.talidesign.eu\\\/et\\\/pood\\\/toode\\\/unicorn-925\\\/#primaryimage\"},\"image\":{\"@id\":\"https:\\\/\\\/www.talidesign.eu\\\/et\\\/pood\\\/toode\\\/unicorn-925\\\/#primaryimage\"},\"thumbnailUrl\":\"https:\\\/\\\/www.talidesign.eu\\\/wp\\\/wp-content\\\/uploads\\\/2019\\\/11\\\/Unicorn-Silver2-scaled.jpg\",\"datePublished\":\"2019-11-30T16:55:17+00:00\",\"dateModified\":\"2022-01-05T14:29:37+00:00\",\"description\":\"Kirju Unicorn 925 - H\u00f5bek\u00f5rvar\u00f5ngad, mis on kaetud roodiumi, kulla v\u00f5i roosakulla kihiga. Suurus: 19x11 mm. KIRJU.CO - ehted, k\u00f5rvar\u00f5ngad, br\u00e4ndid. ALLAHINDLUS.\",\"breadcrumb\":{\"@id\":\"https:\\\/\\\/www.talidesign.eu\\\/et\\\/pood\\\/toode\\\/unicorn-925\\\/#breadcrumb\"},\"inLanguage\":\"et\",\"potentialAction\":[{\"@type\":\"ReadAction\",\"target\":[\"https:\\\/\\\/www.talidesign.eu\\\/et\\\/pood\\\/toode\\\/unicorn-925\\\/\"]}]},{\"@type\":\"ImageObject\",\"inLanguage\":\"et\",\"@id\":\"https:\\\/\\\/www.talidesign.eu\\\/et\\\/pood\\\/toode\\\/unicorn-925\\\/#primaryimage\",\"url\":\"https:\\\/\\\/www.talidesign.eu\\\/wp\\\/wp-content\\\/uploads\\\/2019\\\/11\\\/Unicorn-Silver2-scaled.jpg\",\"contentUrl\":\"https:\\\/\\\/www.talidesign.eu\\\/wp\\\/wp-content\\\/uploads\\\/2019\\\/11\\\/Unicorn-Silver2-scaled.jpg\",\"width\":2560,\"height\":2560},{\"@type\":\"BreadcrumbList\",\"@id\":\"https:\\\/\\\/www.talidesign.eu\\\/et\\\/pood\\\/toode\\\/unicorn-925\\\/#breadcrumb\",\"itemListElement\":[{\"@type\":\"ListItem\",\"position\":1,\"name\":\"Avaleht\",\"item\":\"https:\\\/\\\/www.talidesign.eu\\\/et\\\/\"},{\"@type\":\"ListItem\",\"position\":2,\"name\":\"Pood\",\"item\":\"https:\\\/\\\/www.talidesign.eu\\\/et\\\/pood\\\/\"},{\"@type\":\"ListItem\",\"position\":3,\"name\":\"Kirju Unicorn 925\"}]},{\"@type\":\"WebSite\",\"@id\":\"https:\\\/\\\/www.talidesign.eu\\\/et\\\/#website\",\"url\":\"https:\\\/\\\/www.talidesign.eu\\\/et\\\/\",\"name\":\"TALI Concept Store\",\"description\":\"Suurim Disainipood Eestis\",\"potentialAction\":[{\"@type\":\"SearchAction\",\"target\":{\"@type\":\"EntryPoint\",\"urlTemplate\":\"https:\\\/\\\/www.talidesign.eu\\\/et\\\/?s={search_term_string}\"},\"query-input\":{\"@type\":\"PropertyValueSpecification\",\"valueRequired\":true,\"valueName\":\"search_term_string\"}}],\"inLanguage\":\"et\"}]}<\/script>\n<!-- \/ Yoast SEO plugin. -->","yoast_head_json":{"title":"KIRJU.CO - Silver 925 Unicorn earrings","description":"Kirju Unicorn 925 - H\u00f5bek\u00f5rvar\u00f5ngad, mis on kaetud roodiumi, kulla v\u00f5i roosakulla kihiga. Suurus: 19x11 mm. KIRJU.CO - ehted, k\u00f5rvar\u00f5ngad, br\u00e4ndid. ALLAHINDLUS.","robots":{"index":"index","follow":"follow","max-snippet":"max-snippet:-1","max-image-preview":"max-image-preview:large","max-video-preview":"max-video-preview:-1"},"canonical":"https:\/\/www.talidesign.eu\/et\/pood\/toode\/unicorn-925\/","og_locale":"et_EE","og_type":"article","og_title":"KIRJU.CO - Silver 925 Unicorn earrings","og_description":"Kirju Unicorn 925 - H\u00f5bek\u00f5rvar\u00f5ngad, mis on kaetud roodiumi, kulla v\u00f5i roosakulla kihiga. Suurus: 19x11 mm. KIRJU.CO - ehted, k\u00f5rvar\u00f5ngad, br\u00e4ndid. ALLAHINDLUS.","og_url":"https:\/\/www.talidesign.eu\/et\/pood\/toode\/unicorn-925\/","og_site_name":"TALI Concept Store","article_publisher":"https:\/\/www.facebook.com\/TaliDisain\/","article_modified_time":"2022-01-05T14:29:37+00:00","og_image":[{"width":2560,"height":2560,"url":"https:\/\/www.talidesign.eu\/wp\/wp-content\/uploads\/2019\/11\/Unicorn-Silver2-scaled.jpg","type":"image\/jpeg"}],"twitter_card":"summary_large_image","schema":{"@context":"https:\/\/schema.org","@graph":[{"@type":"WebPage","@id":"https:\/\/www.talidesign.eu\/et\/pood\/toode\/unicorn-925\/","url":"https:\/\/www.talidesign.eu\/et\/pood\/toode\/unicorn-925\/","name":"KIRJU.CO - Silver 925 Unicorn earrings","isPartOf":{"@id":"https:\/\/www.talidesign.eu\/et\/#website"},"primaryImageOfPage":{"@id":"https:\/\/www.talidesign.eu\/et\/pood\/toode\/unicorn-925\/#primaryimage"},"image":{"@id":"https:\/\/www.talidesign.eu\/et\/pood\/toode\/unicorn-925\/#primaryimage"},"thumbnailUrl":"https:\/\/www.talidesign.eu\/wp\/wp-content\/uploads\/2019\/11\/Unicorn-Silver2-scaled.jpg","datePublished":"2019-11-30T16:55:17+00:00","dateModified":"2022-01-05T14:29:37+00:00","description":"Kirju Unicorn 925 - H\u00f5bek\u00f5rvar\u00f5ngad, mis on kaetud roodiumi, kulla v\u00f5i roosakulla kihiga. Suurus: 19x11 mm. KIRJU.CO - ehted, k\u00f5rvar\u00f5ngad, br\u00e4ndid. ALLAHINDLUS.","breadcrumb":{"@id":"https:\/\/www.talidesign.eu\/et\/pood\/toode\/unicorn-925\/#breadcrumb"},"inLanguage":"et","potentialAction":[{"@type":"ReadAction","target":["https:\/\/www.talidesign.eu\/et\/pood\/toode\/unicorn-925\/"]}]},{"@type":"ImageObject","inLanguage":"et","@id":"https:\/\/www.talidesign.eu\/et\/pood\/toode\/unicorn-925\/#primaryimage","url":"https:\/\/www.talidesign.eu\/wp\/wp-content\/uploads\/2019\/11\/Unicorn-Silver2-scaled.jpg","contentUrl":"https:\/\/www.talidesign.eu\/wp\/wp-content\/uploads\/2019\/11\/Unicorn-Silver2-scaled.jpg","width":2560,"height":2560},{"@type":"BreadcrumbList","@id":"https:\/\/www.talidesign.eu\/et\/pood\/toode\/unicorn-925\/#breadcrumb","itemListElement":[{"@type":"ListItem","position":1,"name":"Avaleht","item":"https:\/\/www.talidesign.eu\/et\/"},{"@type":"ListItem","position":2,"name":"Pood","item":"https:\/\/www.talidesign.eu\/et\/pood\/"},{"@type":"ListItem","position":3,"name":"Kirju Unicorn 925"}]},{"@type":"WebSite","@id":"https:\/\/www.talidesign.eu\/et\/#website","url":"https:\/\/www.talidesign.eu\/et\/","name":"TALI Concept Store","description":"Suurim Disainipood Eestis","potentialAction":[{"@type":"SearchAction","target":{"@type":"EntryPoint","urlTemplate":"https:\/\/www.talidesign.eu\/et\/?s={search_term_string}"},"query-input":{"@type":"PropertyValueSpecification","valueRequired":true,"valueName":"search_term_string"}}],"inLanguage":"et"}]}},"_links":{"self":[{"href":"https:\/\/www.talidesign.eu\/et\/wp-json\/wp\/v2\/product\/36785","targetHints":{"allow":["GET"]}}],"collection":[{"href":"https:\/\/www.talidesign.eu\/et\/wp-json\/wp\/v2\/product"}],"about":[{"href":"https:\/\/www.talidesign.eu\/et\/wp-json\/wp\/v2\/types\/product"}],"wp:featuredmedia":[{"embeddable":true,"href":"https:\/\/www.talidesign.eu\/et\/wp-json\/wp\/v2\/media\/36786"}],"wp:attachment":[{"href":"https:\/\/www.talidesign.eu\/et\/wp-json\/wp\/v2\/media?parent=36785"}],"wp:term":[{"taxonomy":"product_brand","embeddable":true,"href":"https:\/\/www.talidesign.eu\/et\/wp-json\/wp\/v2\/product_brand?post=36785"},{"taxonomy":"product_cat","embeddable":true,"href":"https:\/\/www.talidesign.eu\/et\/wp-json\/wp\/v2\/product_cat?post=36785"},{"taxonomy":"product_tag","embeddable":true,"href":"https:\/\/www.talidesign.eu\/et\/wp-json\/wp\/v2\/product_tag?post=36785"}],"curies":[{"name":"wp","href":"https:\/\/api.w.org\/{rel}","templated":true}]}}