{"id":36973,"date":"2021-03-19T21:17:53","date_gmt":"2021-03-19T19:17:53","guid":{"rendered":"https:\/\/www.talidesign.eu\/shop\/product\/yamazaki-tower-bath-towel-hanger-black\/"},"modified":"2026-03-24T11:24:22","modified_gmt":"2026-03-24T09:24:22","slug":"yamazaki-tower-ratikuhoidja-must","status":"publish","type":"product","link":"https:\/\/www.talidesign.eu\/et\/pood\/toode\/yamazaki-tower-ratikuhoidja-must\/","title":{"rendered":"Yamazaki Tower r\u00e4tikuhoidja Must"},"content":{"rendered":"<p><strong>Tower r\u00e4tikuhoidja Must<\/strong><\/p>\n<p>T\u00e4nu moodsale disainile sobib see \u00f5huke r\u00e4tikuhoidja igasse ruumi. Sellele mahub mitu r\u00e4tikut ja isegi vannimatt ning alumises osas on ruumi n\u00e4iteks pesu v\u00f5i vannitarvete jaoks.<\/p>\n<p>\u2022 Materjal: metall<br \/>\n\u2022 70 x 14 x 81 cm<br \/>\n\u2022 Kaal: 3,4 kg<br \/>\n\u2022 Iga pulga kandev\u00f5ime on kuni 1\u00a0kg<br \/>\n\u2022 Kokkupanek: vajalik<br \/>\n\u2022 <a href=\"\/et\/tootekategooria\/brandid\/yamazaki-home-et\/\">Br\u00e4nd Yamazaki Home<\/a><br \/>\n&nbsp;<br \/>\n&nbsp;<br \/>\n<a href=\"\/et\/tootekategooria\/brandid\/yamazaki-home-et\/\"><img loading=\"lazy\" decoding=\"async\" class=\"alignnone size-full wp-image-23562\" src=\"https:\/\/www.talidesign.eu\/wp\/wp-content\/uploads\/2021\/02\/yamazaki.jpg\" alt=\"\" width=\"500\" height=\"100\" \/><\/a><\/p>\n","protected":false},"excerpt":{"rendered":"<p><strong>Tower R\u00e4tikuhoidja Must<\/strong><\/p>\n<p>T\u00e4nu moodsale disainile sobib see \u00f5huke r\u00e4tikuhoidja igasse ruumi. Sellele mahub mitu r\u00e4tikut ja isegi vannimatt ning alumises osas on ruumi n\u00e4iteks pesu v\u00f5i vannitarvete jaoks.<\/p>\n<p>\u2022 Materjal: metall<br \/>\n\u2022 70 x 14 x 81 cm<br \/>\n\u2022 Kaal: 3,4 kg<br \/>\n\u2022 Iga pulga kandev\u00f5ime on kuni 1 kg<br \/>\n\u2022 Kokkupanek: vajalik<br \/>\n\u2022 <a href=\"\/et\/tootekategooria\/brandid\/yamazaki-home-et\/\">Br\u00e4nd Yamazaki Home<\/a><br \/>\n&nbsp;<br \/>\n&nbsp;<br \/>\n<a href=\"\/et\/tootekategooria\/brandid\/yamazaki-home-et\/\"><img loading=\"lazy\" decoding=\"async\" class=\"alignnone size-full wp-image-23562\" src=\"https:\/\/www.talidesign.eu\/wp\/wp-content\/uploads\/2021\/02\/yamazaki.jpg\" alt=\"\" width=\"500\" height=\"100\" \/><\/a><\/p>\n","protected":false},"featured_media":36974,"template":"","meta":[],"product_brand":[],"product_cat":[1026,1031,1018,1100,1094],"product_tag":[1274],"class_list":{"0":"post-36973","1":"product","2":"type-product","3":"status-publish","4":"has-post-thumbnail","6":"product_cat-brandid","7":"product_cat-hoiustamine","8":"product_cat-kodu","9":"product_cat-vannituba","10":"product_cat-yamazaki-home-et","11":"product_tag-yamazaki-et","12":"product_shipping_class-no-parcel-machine","14":"first","15":"instock","16":"taxable","17":"shipping-taxable","18":"purchasable","19":"product-type-simple"},"yoast_head":"<!-- This site is optimized with the Yoast SEO plugin v27.3 - https:\/\/yoast.com\/product\/yoast-seo-wordpress\/ -->\n<title>Yamazaki Tower r\u00e4tikuhoidja Must - TALI Concept Store<\/title>\n<meta name=\"description\" content=\"Avasta Yamazaki Tower r\u00e4tikuhoidja Must - \u00f5huke ja stiilne disain, mahutab mitu r\u00e4tikut ja vannimati ning pakub ruumi pesule ja vannitarvetele. Br\u00e4nd Yamazaki Home.\" \/>\n<meta name=\"robots\" content=\"index, follow, max-snippet:-1, max-image-preview:large, max-video-preview:-1\" \/>\n<link rel=\"canonical\" href=\"https:\/\/www.talidesign.eu\/et\/pood\/toode\/yamazaki-tower-ratikuhoidja-must\/\" \/>\n<meta property=\"og:locale\" content=\"et_EE\" \/>\n<meta property=\"og:type\" content=\"article\" \/>\n<meta property=\"og:title\" content=\"Yamazaki Tower r\u00e4tikuhoidja Must - TALI Concept Store\" \/>\n<meta property=\"og:description\" content=\"Avasta Yamazaki Tower r\u00e4tikuhoidja Must - \u00f5huke ja stiilne disain, mahutab mitu r\u00e4tikut ja vannimati ning pakub ruumi pesule ja vannitarvetele. Br\u00e4nd Yamazaki Home.\" \/>\n<meta property=\"og:url\" content=\"https:\/\/www.talidesign.eu\/et\/pood\/toode\/yamazaki-tower-ratikuhoidja-must\/\" \/>\n<meta property=\"og:site_name\" content=\"TALI Concept Store\" \/>\n<meta property=\"article:publisher\" content=\"https:\/\/www.facebook.com\/TaliDisain\/\" \/>\n<meta property=\"article:modified_time\" content=\"2026-03-24T09:24:22+00:00\" \/>\n<meta property=\"og:image\" content=\"https:\/\/www.talidesign.eu\/wp\/wp-content\/uploads\/2021\/02\/4980_dims_eu_1000x3.jpg\" \/>\n\t<meta property=\"og:image:width\" content=\"768\" \/>\n\t<meta property=\"og:image:height\" content=\"768\" \/>\n\t<meta property=\"og:image:type\" content=\"image\/jpeg\" \/>\n<meta name=\"twitter:card\" content=\"summary_large_image\" \/>\n<meta name=\"twitter:label1\" content=\"Est. reading time\" \/>\n\t<meta name=\"twitter:data1\" content=\"1 minute\" \/>\n<script type=\"application\/ld+json\" class=\"yoast-schema-graph\">{\"@context\":\"https:\\\/\\\/schema.org\",\"@graph\":[{\"@type\":\"WebPage\",\"@id\":\"https:\\\/\\\/www.talidesign.eu\\\/et\\\/pood\\\/toode\\\/yamazaki-tower-ratikuhoidja-must\\\/\",\"url\":\"https:\\\/\\\/www.talidesign.eu\\\/et\\\/pood\\\/toode\\\/yamazaki-tower-ratikuhoidja-must\\\/\",\"name\":\"Yamazaki Tower r\u00e4tikuhoidja Must - TALI Concept Store\",\"isPartOf\":{\"@id\":\"https:\\\/\\\/www.talidesign.eu\\\/et\\\/#website\"},\"primaryImageOfPage\":{\"@id\":\"https:\\\/\\\/www.talidesign.eu\\\/et\\\/pood\\\/toode\\\/yamazaki-tower-ratikuhoidja-must\\\/#primaryimage\"},\"image\":{\"@id\":\"https:\\\/\\\/www.talidesign.eu\\\/et\\\/pood\\\/toode\\\/yamazaki-tower-ratikuhoidja-must\\\/#primaryimage\"},\"thumbnailUrl\":\"https:\\\/\\\/www.talidesign.eu\\\/wp\\\/wp-content\\\/uploads\\\/2021\\\/02\\\/4980_dims_eu_1000x3.jpg\",\"datePublished\":\"2021-03-19T19:17:53+00:00\",\"dateModified\":\"2026-03-24T09:24:22+00:00\",\"description\":\"Avasta Yamazaki Tower r\u00e4tikuhoidja Must - \u00f5huke ja stiilne disain, mahutab mitu r\u00e4tikut ja vannimati ning pakub ruumi pesule ja vannitarvetele. Br\u00e4nd Yamazaki Home.\",\"breadcrumb\":{\"@id\":\"https:\\\/\\\/www.talidesign.eu\\\/et\\\/pood\\\/toode\\\/yamazaki-tower-ratikuhoidja-must\\\/#breadcrumb\"},\"inLanguage\":\"et\",\"potentialAction\":[{\"@type\":\"ReadAction\",\"target\":[\"https:\\\/\\\/www.talidesign.eu\\\/et\\\/pood\\\/toode\\\/yamazaki-tower-ratikuhoidja-must\\\/\"]}]},{\"@type\":\"ImageObject\",\"inLanguage\":\"et\",\"@id\":\"https:\\\/\\\/www.talidesign.eu\\\/et\\\/pood\\\/toode\\\/yamazaki-tower-ratikuhoidja-must\\\/#primaryimage\",\"url\":\"https:\\\/\\\/www.talidesign.eu\\\/wp\\\/wp-content\\\/uploads\\\/2021\\\/02\\\/4980_dims_eu_1000x3.jpg\",\"contentUrl\":\"https:\\\/\\\/www.talidesign.eu\\\/wp\\\/wp-content\\\/uploads\\\/2021\\\/02\\\/4980_dims_eu_1000x3.jpg\",\"width\":768,\"height\":768},{\"@type\":\"BreadcrumbList\",\"@id\":\"https:\\\/\\\/www.talidesign.eu\\\/et\\\/pood\\\/toode\\\/yamazaki-tower-ratikuhoidja-must\\\/#breadcrumb\",\"itemListElement\":[{\"@type\":\"ListItem\",\"position\":1,\"name\":\"Avaleht\",\"item\":\"https:\\\/\\\/www.talidesign.eu\\\/et\\\/\"},{\"@type\":\"ListItem\",\"position\":2,\"name\":\"Pood\",\"item\":\"https:\\\/\\\/www.talidesign.eu\\\/et\\\/pood\\\/\"},{\"@type\":\"ListItem\",\"position\":3,\"name\":\"Yamazaki Tower r\u00e4tikuhoidja Must\"}]},{\"@type\":\"WebSite\",\"@id\":\"https:\\\/\\\/www.talidesign.eu\\\/et\\\/#website\",\"url\":\"https:\\\/\\\/www.talidesign.eu\\\/et\\\/\",\"name\":\"TALI Concept Store\",\"description\":\"Suurim Disainipood Eestis\",\"potentialAction\":[{\"@type\":\"SearchAction\",\"target\":{\"@type\":\"EntryPoint\",\"urlTemplate\":\"https:\\\/\\\/www.talidesign.eu\\\/et\\\/?s={search_term_string}\"},\"query-input\":{\"@type\":\"PropertyValueSpecification\",\"valueRequired\":true,\"valueName\":\"search_term_string\"}}],\"inLanguage\":\"et\"}]}<\/script>\n<!-- \/ Yoast SEO plugin. -->","yoast_head_json":{"title":"Yamazaki Tower r\u00e4tikuhoidja Must - TALI Concept Store","description":"Avasta Yamazaki Tower r\u00e4tikuhoidja Must - \u00f5huke ja stiilne disain, mahutab mitu r\u00e4tikut ja vannimati ning pakub ruumi pesule ja vannitarvetele. Br\u00e4nd Yamazaki Home.","robots":{"index":"index","follow":"follow","max-snippet":"max-snippet:-1","max-image-preview":"max-image-preview:large","max-video-preview":"max-video-preview:-1"},"canonical":"https:\/\/www.talidesign.eu\/et\/pood\/toode\/yamazaki-tower-ratikuhoidja-must\/","og_locale":"et_EE","og_type":"article","og_title":"Yamazaki Tower r\u00e4tikuhoidja Must - TALI Concept Store","og_description":"Avasta Yamazaki Tower r\u00e4tikuhoidja Must - \u00f5huke ja stiilne disain, mahutab mitu r\u00e4tikut ja vannimati ning pakub ruumi pesule ja vannitarvetele. Br\u00e4nd Yamazaki Home.","og_url":"https:\/\/www.talidesign.eu\/et\/pood\/toode\/yamazaki-tower-ratikuhoidja-must\/","og_site_name":"TALI Concept Store","article_publisher":"https:\/\/www.facebook.com\/TaliDisain\/","article_modified_time":"2026-03-24T09:24:22+00:00","og_image":[{"width":768,"height":768,"url":"https:\/\/www.talidesign.eu\/wp\/wp-content\/uploads\/2021\/02\/4980_dims_eu_1000x3.jpg","type":"image\/jpeg"}],"twitter_card":"summary_large_image","twitter_misc":{"Est. reading time":"1 minute"},"schema":{"@context":"https:\/\/schema.org","@graph":[{"@type":"WebPage","@id":"https:\/\/www.talidesign.eu\/et\/pood\/toode\/yamazaki-tower-ratikuhoidja-must\/","url":"https:\/\/www.talidesign.eu\/et\/pood\/toode\/yamazaki-tower-ratikuhoidja-must\/","name":"Yamazaki Tower r\u00e4tikuhoidja Must - TALI Concept Store","isPartOf":{"@id":"https:\/\/www.talidesign.eu\/et\/#website"},"primaryImageOfPage":{"@id":"https:\/\/www.talidesign.eu\/et\/pood\/toode\/yamazaki-tower-ratikuhoidja-must\/#primaryimage"},"image":{"@id":"https:\/\/www.talidesign.eu\/et\/pood\/toode\/yamazaki-tower-ratikuhoidja-must\/#primaryimage"},"thumbnailUrl":"https:\/\/www.talidesign.eu\/wp\/wp-content\/uploads\/2021\/02\/4980_dims_eu_1000x3.jpg","datePublished":"2021-03-19T19:17:53+00:00","dateModified":"2026-03-24T09:24:22+00:00","description":"Avasta Yamazaki Tower r\u00e4tikuhoidja Must - \u00f5huke ja stiilne disain, mahutab mitu r\u00e4tikut ja vannimati ning pakub ruumi pesule ja vannitarvetele. Br\u00e4nd Yamazaki Home.","breadcrumb":{"@id":"https:\/\/www.talidesign.eu\/et\/pood\/toode\/yamazaki-tower-ratikuhoidja-must\/#breadcrumb"},"inLanguage":"et","potentialAction":[{"@type":"ReadAction","target":["https:\/\/www.talidesign.eu\/et\/pood\/toode\/yamazaki-tower-ratikuhoidja-must\/"]}]},{"@type":"ImageObject","inLanguage":"et","@id":"https:\/\/www.talidesign.eu\/et\/pood\/toode\/yamazaki-tower-ratikuhoidja-must\/#primaryimage","url":"https:\/\/www.talidesign.eu\/wp\/wp-content\/uploads\/2021\/02\/4980_dims_eu_1000x3.jpg","contentUrl":"https:\/\/www.talidesign.eu\/wp\/wp-content\/uploads\/2021\/02\/4980_dims_eu_1000x3.jpg","width":768,"height":768},{"@type":"BreadcrumbList","@id":"https:\/\/www.talidesign.eu\/et\/pood\/toode\/yamazaki-tower-ratikuhoidja-must\/#breadcrumb","itemListElement":[{"@type":"ListItem","position":1,"name":"Avaleht","item":"https:\/\/www.talidesign.eu\/et\/"},{"@type":"ListItem","position":2,"name":"Pood","item":"https:\/\/www.talidesign.eu\/et\/pood\/"},{"@type":"ListItem","position":3,"name":"Yamazaki Tower r\u00e4tikuhoidja Must"}]},{"@type":"WebSite","@id":"https:\/\/www.talidesign.eu\/et\/#website","url":"https:\/\/www.talidesign.eu\/et\/","name":"TALI Concept Store","description":"Suurim Disainipood Eestis","potentialAction":[{"@type":"SearchAction","target":{"@type":"EntryPoint","urlTemplate":"https:\/\/www.talidesign.eu\/et\/?s={search_term_string}"},"query-input":{"@type":"PropertyValueSpecification","valueRequired":true,"valueName":"search_term_string"}}],"inLanguage":"et"}]}},"_links":{"self":[{"href":"https:\/\/www.talidesign.eu\/et\/wp-json\/wp\/v2\/product\/36973","targetHints":{"allow":["GET"]}}],"collection":[{"href":"https:\/\/www.talidesign.eu\/et\/wp-json\/wp\/v2\/product"}],"about":[{"href":"https:\/\/www.talidesign.eu\/et\/wp-json\/wp\/v2\/types\/product"}],"wp:featuredmedia":[{"embeddable":true,"href":"https:\/\/www.talidesign.eu\/et\/wp-json\/wp\/v2\/media\/36974"}],"wp:attachment":[{"href":"https:\/\/www.talidesign.eu\/et\/wp-json\/wp\/v2\/media?parent=36973"}],"wp:term":[{"taxonomy":"product_brand","embeddable":true,"href":"https:\/\/www.talidesign.eu\/et\/wp-json\/wp\/v2\/product_brand?post=36973"},{"taxonomy":"product_cat","embeddable":true,"href":"https:\/\/www.talidesign.eu\/et\/wp-json\/wp\/v2\/product_cat?post=36973"},{"taxonomy":"product_tag","embeddable":true,"href":"https:\/\/www.talidesign.eu\/et\/wp-json\/wp\/v2\/product_tag?post=36973"}],"curies":[{"name":"wp","href":"https:\/\/api.w.org\/{rel}","templated":true}]}}