{"id":37019,"date":"2020-12-30T22:02:38","date_gmt":"2020-12-30T20:02:38","guid":{"rendered":"https:\/\/www.talidesign.eu\/shop\/product\/yamazaki-tower-makeup-mirror-with-accessory-tray-black\/"},"modified":"2026-04-12T13:45:16","modified_gmt":"2026-04-12T10:45:16","slug":"yamazaki-tower-jumestuspeegel-aksessuaaride-hoidjaga-must","status":"publish","type":"product","link":"https:\/\/www.talidesign.eu\/et\/pood\/toode\/yamazaki-tower-jumestuspeegel-aksessuaaride-hoidjaga-must\/","title":{"rendered":"Yamazaki Tower jumestuspeegel aksessuaaride hoidjaga Must"},"content":{"rendered":"<p><strong>Jumestuspeegel aksessuaaride hoidjaga Must<\/strong><\/p>\n<p>Stiilse peegli all on alus, kuhu saate panna oma ehted ja v\u00e4ikesed aksessuaarid. Peegli \u00fcks k\u00fclg on kolmekordse suurendusega.<\/p>\n<p>\u2022 Materjal: metall \/ peegel<br \/>\n\u2022 17,5 x 14 x 33 cm<br \/>\n\u2022 Kaal: 0,5 kg<br \/>\n\u2022 Viltmatt on kaasas<br \/>\n\u2022 <a href=\"\/et\/tootekategooria\/brandid\/yamazaki-home-et\/\">Br\u00e4nd Yamazaki Home<\/a><br \/>\n&nbsp;<br \/>\n&nbsp;<br \/>\n<a href=\"\/et\/tootekategooria\/brandid\/yamazaki-home-et\/\"><img loading=\"lazy\" decoding=\"async\" class=\"alignnone size-full wp-image-23562\" src=\"https:\/\/www.talidesign.eu\/wp\/wp-content\/uploads\/2021\/02\/yamazaki.jpg\" alt=\"\" width=\"500\" height=\"100\" \/><\/a><\/p>\n","protected":false},"excerpt":{"rendered":"<p><strong>Jumestuspeegel Aksessuaaride Hoidjaga Must<\/strong><\/p>\n<p>Stiilse peegli all on alus, kuhu saate panna oma ehted ja v\u00e4ikesed aksessuaarid. Peegli \u00fcks k\u00fclg on kolmekordse suurendusega.<\/p>\n<p>\u2022 Materjal: metall \/ peegel<br \/>\n\u2022 17,5 x 14 x 33 cm<br \/>\n\u2022 Kaal: 0,5 kg<br \/>\n\u2022 Viltmatt on kaasas<br \/>\n\u2022 <a href=\"\/et\/tootekategooria\/brandid\/yamazaki-home-et\/\">Br\u00e4nd Yamazaki Home<\/a><br \/>\n&nbsp;<br \/>\n&nbsp;<br \/>\n<a href=\"\/et\/tootekategooria\/brandid\/yamazaki-home-et\/\"><img loading=\"lazy\" decoding=\"async\" class=\"alignnone size-full wp-image-23562\" src=\"https:\/\/www.talidesign.eu\/wp\/wp-content\/uploads\/2021\/02\/yamazaki.jpg\" alt=\"\" width=\"500\" height=\"100\" \/><\/a><\/p>\n","protected":false},"featured_media":37020,"template":"","meta":[],"product_brand":[],"product_cat":[1099,1026,1107,1165,1105,1018,1101,1100,1094],"product_tag":[1274],"class_list":{"0":"post-37019","1":"product","2":"type-product","3":"status-publish","4":"has-post-thumbnail","6":"product_cat-aksessuaarid","7":"product_cat-brandid","8":"product_cat-ehtelaekad","9":"product_cat-ehtelaekad-et","10":"product_cat-esik","11":"product_cat-kodu","12":"product_cat-magamis-ja-elutuba","13":"product_cat-vannituba","14":"product_cat-yamazaki-home-et","15":"product_tag-yamazaki-et","17":"first","18":"instock","19":"taxable","20":"shipping-taxable","21":"purchasable","22":"product-type-simple"},"yoast_head":"<!-- This site is optimized with the Yoast SEO plugin v27.4 - https:\/\/yoast.com\/product\/yoast-seo-wordpress\/ -->\n<title>Yamazaki Tower jumestuspeegel aksessuaaride hoidjaga Must - TALI Concept Store<\/title>\n<meta name=\"description\" content=\"Yamazaki Tower jumestuspeegel aksessuaaride hoidjaga Must - Stiilne peegel alusega, kuhu saab panna ehteid ja aksessuaare. Kolmekordse suurendusega peegel. Br\u00e4nd Yamazaki Home.\" \/>\n<meta name=\"robots\" content=\"index, follow, max-snippet:-1, max-image-preview:large, max-video-preview:-1\" \/>\n<link rel=\"canonical\" href=\"https:\/\/www.talidesign.eu\/et\/pood\/toode\/yamazaki-tower-jumestuspeegel-aksessuaaride-hoidjaga-must\/\" \/>\n<meta property=\"og:locale\" content=\"et_EE\" \/>\n<meta property=\"og:type\" content=\"article\" \/>\n<meta property=\"og:title\" content=\"Yamazaki Tower jumestuspeegel aksessuaaride hoidjaga Must - TALI Concept Store\" \/>\n<meta property=\"og:description\" content=\"Yamazaki Tower jumestuspeegel aksessuaaride hoidjaga Must - Stiilne peegel alusega, kuhu saab panna ehteid ja aksessuaare. Kolmekordse suurendusega peegel. Br\u00e4nd Yamazaki Home.\" \/>\n<meta property=\"og:url\" content=\"https:\/\/www.talidesign.eu\/et\/pood\/toode\/yamazaki-tower-jumestuspeegel-aksessuaaride-hoidjaga-must\/\" \/>\n<meta property=\"og:site_name\" content=\"TALI Concept Store\" \/>\n<meta property=\"article:publisher\" content=\"https:\/\/www.facebook.com\/TaliDisain\/\" \/>\n<meta property=\"article:modified_time\" content=\"2026-04-12T10:45:16+00:00\" \/>\n<meta property=\"og:image\" content=\"https:\/\/www.talidesign.eu\/wp\/wp-content\/uploads\/2020\/12\/Yamazaki-Tower-Makeup-Mirror-with-Accessory-Tray-Black.jpg\" \/>\n\t<meta property=\"og:image:width\" content=\"768\" \/>\n\t<meta property=\"og:image:height\" content=\"768\" \/>\n\t<meta property=\"og:image:type\" content=\"image\/jpeg\" \/>\n<meta name=\"twitter:card\" content=\"summary_large_image\" \/>\n<script type=\"application\/ld+json\" class=\"yoast-schema-graph\">{\"@context\":\"https:\\\/\\\/schema.org\",\"@graph\":[{\"@type\":\"WebPage\",\"@id\":\"https:\\\/\\\/www.talidesign.eu\\\/et\\\/pood\\\/toode\\\/yamazaki-tower-jumestuspeegel-aksessuaaride-hoidjaga-must\\\/\",\"url\":\"https:\\\/\\\/www.talidesign.eu\\\/et\\\/pood\\\/toode\\\/yamazaki-tower-jumestuspeegel-aksessuaaride-hoidjaga-must\\\/\",\"name\":\"Yamazaki Tower jumestuspeegel aksessuaaride hoidjaga Must - TALI Concept Store\",\"isPartOf\":{\"@id\":\"https:\\\/\\\/www.talidesign.eu\\\/et\\\/#website\"},\"primaryImageOfPage\":{\"@id\":\"https:\\\/\\\/www.talidesign.eu\\\/et\\\/pood\\\/toode\\\/yamazaki-tower-jumestuspeegel-aksessuaaride-hoidjaga-must\\\/#primaryimage\"},\"image\":{\"@id\":\"https:\\\/\\\/www.talidesign.eu\\\/et\\\/pood\\\/toode\\\/yamazaki-tower-jumestuspeegel-aksessuaaride-hoidjaga-must\\\/#primaryimage\"},\"thumbnailUrl\":\"https:\\\/\\\/www.talidesign.eu\\\/wp\\\/wp-content\\\/uploads\\\/2020\\\/12\\\/Yamazaki-Tower-Makeup-Mirror-with-Accessory-Tray-Black.jpg\",\"datePublished\":\"2020-12-30T20:02:38+00:00\",\"dateModified\":\"2026-04-12T10:45:16+00:00\",\"description\":\"Yamazaki Tower jumestuspeegel aksessuaaride hoidjaga Must - Stiilne peegel alusega, kuhu saab panna ehteid ja aksessuaare. Kolmekordse suurendusega peegel. Br\u00e4nd Yamazaki Home.\",\"breadcrumb\":{\"@id\":\"https:\\\/\\\/www.talidesign.eu\\\/et\\\/pood\\\/toode\\\/yamazaki-tower-jumestuspeegel-aksessuaaride-hoidjaga-must\\\/#breadcrumb\"},\"inLanguage\":\"et\",\"potentialAction\":[{\"@type\":\"ReadAction\",\"target\":[\"https:\\\/\\\/www.talidesign.eu\\\/et\\\/pood\\\/toode\\\/yamazaki-tower-jumestuspeegel-aksessuaaride-hoidjaga-must\\\/\"]}]},{\"@type\":\"ImageObject\",\"inLanguage\":\"et\",\"@id\":\"https:\\\/\\\/www.talidesign.eu\\\/et\\\/pood\\\/toode\\\/yamazaki-tower-jumestuspeegel-aksessuaaride-hoidjaga-must\\\/#primaryimage\",\"url\":\"https:\\\/\\\/www.talidesign.eu\\\/wp\\\/wp-content\\\/uploads\\\/2020\\\/12\\\/Yamazaki-Tower-Makeup-Mirror-with-Accessory-Tray-Black.jpg\",\"contentUrl\":\"https:\\\/\\\/www.talidesign.eu\\\/wp\\\/wp-content\\\/uploads\\\/2020\\\/12\\\/Yamazaki-Tower-Makeup-Mirror-with-Accessory-Tray-Black.jpg\",\"width\":768,\"height\":768},{\"@type\":\"BreadcrumbList\",\"@id\":\"https:\\\/\\\/www.talidesign.eu\\\/et\\\/pood\\\/toode\\\/yamazaki-tower-jumestuspeegel-aksessuaaride-hoidjaga-must\\\/#breadcrumb\",\"itemListElement\":[{\"@type\":\"ListItem\",\"position\":1,\"name\":\"Avaleht\",\"item\":\"https:\\\/\\\/www.talidesign.eu\\\/et\\\/\"},{\"@type\":\"ListItem\",\"position\":2,\"name\":\"Pood\",\"item\":\"https:\\\/\\\/www.talidesign.eu\\\/et\\\/pood\\\/\"},{\"@type\":\"ListItem\",\"position\":3,\"name\":\"Yamazaki Tower jumestuspeegel aksessuaaride hoidjaga Must\"}]},{\"@type\":\"WebSite\",\"@id\":\"https:\\\/\\\/www.talidesign.eu\\\/et\\\/#website\",\"url\":\"https:\\\/\\\/www.talidesign.eu\\\/et\\\/\",\"name\":\"TALI Concept Store\",\"description\":\"Suurim Disainipood Eestis\",\"potentialAction\":[{\"@type\":\"SearchAction\",\"target\":{\"@type\":\"EntryPoint\",\"urlTemplate\":\"https:\\\/\\\/www.talidesign.eu\\\/et\\\/?s={search_term_string}\"},\"query-input\":{\"@type\":\"PropertyValueSpecification\",\"valueRequired\":true,\"valueName\":\"search_term_string\"}}],\"inLanguage\":\"et\"}]}<\/script>\n<!-- \/ Yoast SEO plugin. -->","yoast_head_json":{"title":"Yamazaki Tower jumestuspeegel aksessuaaride hoidjaga Must - TALI Concept Store","description":"Yamazaki Tower jumestuspeegel aksessuaaride hoidjaga Must - Stiilne peegel alusega, kuhu saab panna ehteid ja aksessuaare. Kolmekordse suurendusega peegel. Br\u00e4nd Yamazaki Home.","robots":{"index":"index","follow":"follow","max-snippet":"max-snippet:-1","max-image-preview":"max-image-preview:large","max-video-preview":"max-video-preview:-1"},"canonical":"https:\/\/www.talidesign.eu\/et\/pood\/toode\/yamazaki-tower-jumestuspeegel-aksessuaaride-hoidjaga-must\/","og_locale":"et_EE","og_type":"article","og_title":"Yamazaki Tower jumestuspeegel aksessuaaride hoidjaga Must - TALI Concept Store","og_description":"Yamazaki Tower jumestuspeegel aksessuaaride hoidjaga Must - Stiilne peegel alusega, kuhu saab panna ehteid ja aksessuaare. Kolmekordse suurendusega peegel. Br\u00e4nd Yamazaki Home.","og_url":"https:\/\/www.talidesign.eu\/et\/pood\/toode\/yamazaki-tower-jumestuspeegel-aksessuaaride-hoidjaga-must\/","og_site_name":"TALI Concept Store","article_publisher":"https:\/\/www.facebook.com\/TaliDisain\/","article_modified_time":"2026-04-12T10:45:16+00:00","og_image":[{"width":768,"height":768,"url":"https:\/\/www.talidesign.eu\/wp\/wp-content\/uploads\/2020\/12\/Yamazaki-Tower-Makeup-Mirror-with-Accessory-Tray-Black.jpg","type":"image\/jpeg"}],"twitter_card":"summary_large_image","schema":{"@context":"https:\/\/schema.org","@graph":[{"@type":"WebPage","@id":"https:\/\/www.talidesign.eu\/et\/pood\/toode\/yamazaki-tower-jumestuspeegel-aksessuaaride-hoidjaga-must\/","url":"https:\/\/www.talidesign.eu\/et\/pood\/toode\/yamazaki-tower-jumestuspeegel-aksessuaaride-hoidjaga-must\/","name":"Yamazaki Tower jumestuspeegel aksessuaaride hoidjaga Must - TALI Concept Store","isPartOf":{"@id":"https:\/\/www.talidesign.eu\/et\/#website"},"primaryImageOfPage":{"@id":"https:\/\/www.talidesign.eu\/et\/pood\/toode\/yamazaki-tower-jumestuspeegel-aksessuaaride-hoidjaga-must\/#primaryimage"},"image":{"@id":"https:\/\/www.talidesign.eu\/et\/pood\/toode\/yamazaki-tower-jumestuspeegel-aksessuaaride-hoidjaga-must\/#primaryimage"},"thumbnailUrl":"https:\/\/www.talidesign.eu\/wp\/wp-content\/uploads\/2020\/12\/Yamazaki-Tower-Makeup-Mirror-with-Accessory-Tray-Black.jpg","datePublished":"2020-12-30T20:02:38+00:00","dateModified":"2026-04-12T10:45:16+00:00","description":"Yamazaki Tower jumestuspeegel aksessuaaride hoidjaga Must - Stiilne peegel alusega, kuhu saab panna ehteid ja aksessuaare. Kolmekordse suurendusega peegel. Br\u00e4nd Yamazaki Home.","breadcrumb":{"@id":"https:\/\/www.talidesign.eu\/et\/pood\/toode\/yamazaki-tower-jumestuspeegel-aksessuaaride-hoidjaga-must\/#breadcrumb"},"inLanguage":"et","potentialAction":[{"@type":"ReadAction","target":["https:\/\/www.talidesign.eu\/et\/pood\/toode\/yamazaki-tower-jumestuspeegel-aksessuaaride-hoidjaga-must\/"]}]},{"@type":"ImageObject","inLanguage":"et","@id":"https:\/\/www.talidesign.eu\/et\/pood\/toode\/yamazaki-tower-jumestuspeegel-aksessuaaride-hoidjaga-must\/#primaryimage","url":"https:\/\/www.talidesign.eu\/wp\/wp-content\/uploads\/2020\/12\/Yamazaki-Tower-Makeup-Mirror-with-Accessory-Tray-Black.jpg","contentUrl":"https:\/\/www.talidesign.eu\/wp\/wp-content\/uploads\/2020\/12\/Yamazaki-Tower-Makeup-Mirror-with-Accessory-Tray-Black.jpg","width":768,"height":768},{"@type":"BreadcrumbList","@id":"https:\/\/www.talidesign.eu\/et\/pood\/toode\/yamazaki-tower-jumestuspeegel-aksessuaaride-hoidjaga-must\/#breadcrumb","itemListElement":[{"@type":"ListItem","position":1,"name":"Avaleht","item":"https:\/\/www.talidesign.eu\/et\/"},{"@type":"ListItem","position":2,"name":"Pood","item":"https:\/\/www.talidesign.eu\/et\/pood\/"},{"@type":"ListItem","position":3,"name":"Yamazaki Tower jumestuspeegel aksessuaaride hoidjaga Must"}]},{"@type":"WebSite","@id":"https:\/\/www.talidesign.eu\/et\/#website","url":"https:\/\/www.talidesign.eu\/et\/","name":"TALI Concept Store","description":"Suurim Disainipood Eestis","potentialAction":[{"@type":"SearchAction","target":{"@type":"EntryPoint","urlTemplate":"https:\/\/www.talidesign.eu\/et\/?s={search_term_string}"},"query-input":{"@type":"PropertyValueSpecification","valueRequired":true,"valueName":"search_term_string"}}],"inLanguage":"et"}]}},"_links":{"self":[{"href":"https:\/\/www.talidesign.eu\/et\/wp-json\/wp\/v2\/product\/37019","targetHints":{"allow":["GET"]}}],"collection":[{"href":"https:\/\/www.talidesign.eu\/et\/wp-json\/wp\/v2\/product"}],"about":[{"href":"https:\/\/www.talidesign.eu\/et\/wp-json\/wp\/v2\/types\/product"}],"wp:featuredmedia":[{"embeddable":true,"href":"https:\/\/www.talidesign.eu\/et\/wp-json\/wp\/v2\/media\/37020"}],"wp:attachment":[{"href":"https:\/\/www.talidesign.eu\/et\/wp-json\/wp\/v2\/media?parent=37019"}],"wp:term":[{"taxonomy":"product_brand","embeddable":true,"href":"https:\/\/www.talidesign.eu\/et\/wp-json\/wp\/v2\/product_brand?post=37019"},{"taxonomy":"product_cat","embeddable":true,"href":"https:\/\/www.talidesign.eu\/et\/wp-json\/wp\/v2\/product_cat?post=37019"},{"taxonomy":"product_tag","embeddable":true,"href":"https:\/\/www.talidesign.eu\/et\/wp-json\/wp\/v2\/product_tag?post=37019"}],"curies":[{"name":"wp","href":"https:\/\/api.w.org\/{rel}","templated":true}]}}