{"id":37039,"date":"2020-10-23T21:36:52","date_gmt":"2020-10-23T18:36:52","guid":{"rendered":"https:\/\/www.talidesign.eu\/shop\/product\/yamazaki-tower-sponge-bottle-holder-with-drainer-black\/"},"modified":"2025-01-11T15:38:17","modified_gmt":"2025-01-11T13:38:17","slug":"yamazaki-tower-kasna-ja-pudelihoidik-aravooluga-must","status":"publish","type":"product","link":"https:\/\/www.talidesign.eu\/et\/pood\/toode\/yamazaki-tower-kasna-ja-pudelihoidik-aravooluga-must\/","title":{"rendered":"Yamazaki Tower k\u00e4sna- ja pudelihoidik \u00e4ravooluga Must"},"content":{"rendered":"<p><strong>K\u00e4sna- ja pudelihoidik \u00e4ravooluga Must<\/strong><\/p>\n<p>Korrastage valamu \u00fcmbrus selle nutika k\u00e4sna- ja pudelihoidikuga. T\u00e4nu kaldus p\u00f5hjale saab vesi kohe \u00e4ra voolata ning k\u00e4snad ja pudelid j\u00e4\u00e4vad kuivaks ja puhtaks. Lihtne disain sobib igasse k\u00f6\u00f6ki.<\/p>\n<p>\u2022 V\u00e4rv: must<br \/>\n\u2022 Materjal: metall<br \/>\n\u2022 25 x 10 x 9,5 cm<br \/>\n\u2022 Kaal: 0,54 kg<br \/>\n\u2022 <a href=\"\/et\/tootekategooria\/brandid\/yamazaki-home-et\/\">Br\u00e4nd Yamazaki Home<\/a><br \/>\n&nbsp;<br \/>\n&nbsp;<br \/>\n<a href=\"\/et\/tootekategooria\/brandid\/yamazaki-home-et\/\"><img loading=\"lazy\" decoding=\"async\" class=\"alignnone size-full wp-image-23562\" src=\"https:\/\/www.talidesign.eu\/wp\/wp-content\/uploads\/2021\/02\/yamazaki.jpg\" alt=\"\" width=\"500\" height=\"100\" \/><\/a><\/p>\n","protected":false},"excerpt":{"rendered":"<p><strong>K\u00e4sna- ja Pudelihoidik \u00e4ravooluga Must<\/strong><\/p>\n<p>Korrastage valamu \u00fcmbrus selle nutika k\u00e4sna- ja pudelihoidikuga. T\u00e4nu kaldus p\u00f5hjale saab vesi kohe \u00e4ra voolata ning k\u00e4snad ja pudelid j\u00e4\u00e4vad kuivaks ja puhtaks. Lihtne disain sobib igasse k\u00f6\u00f6ki.<\/p>\n<p>\u2022 V\u00e4rv: must<br \/>\n\u2022 Materjal: metall<br \/>\n\u2022 25 x 10 x 9,5 cm<br \/>\n\u2022 Kaal: 0,54 kg<br \/>\n\u2022 <a href=\"\/et\/tootekategooria\/brandid\/yamazaki-home-et\/\">Br\u00e4nd Yamazaki Home<\/a><\/p>\n<p><a href=\"\/product-category\/designers\/yamazaki-home\/\"><img loading=\"lazy\" decoding=\"async\" class=\"alignnone size-full wp-image-23562\" src=\"https:\/\/www.talidesign.eu\/wp\/wp-content\/uploads\/2021\/02\/yamazaki.jpg\" alt=\"\" width=\"500\" height=\"100\" \/><\/a><\/p>\n","protected":false},"featured_media":37040,"template":"","meta":[],"product_brand":[],"product_cat":[1177,1026,1018,1030,1100,1094],"product_tag":[1274],"class_list":{"0":"post-37039","1":"product","2":"type-product","3":"status-publish","4":"has-post-thumbnail","6":"product_cat-allahindlus","7":"product_cat-brandid","8":"product_cat-kodu","9":"product_cat-kook","10":"product_cat-vannituba","11":"product_cat-yamazaki-home-et","12":"product_tag-yamazaki-et","14":"first","15":"outofstock","16":"sale","17":"taxable","18":"shipping-taxable","19":"purchasable","20":"product-type-simple"},"yoast_head":"<!-- This site is optimized with the Yoast SEO plugin v27.3 - https:\/\/yoast.com\/product\/yoast-seo-wordpress\/ -->\n<title>Yamazaki Tower k\u00e4sna- ja pudelihoidik \u00e4ravooluga Must - TALI Concept Store<\/title>\n<meta name=\"description\" content=\"Korrastage valamu \u00fcmbrus selle nutika k\u00e4sna- ja pudelihoidikuga. Vesi voolab \u00e4ra, k\u00e4snad ja pudelid j\u00e4\u00e4vad kuivaks. Lihtne disain sobib igasse k\u00f6\u00f6ki.\" \/>\n<meta name=\"robots\" content=\"index, follow, max-snippet:-1, max-image-preview:large, max-video-preview:-1\" \/>\n<link rel=\"canonical\" href=\"https:\/\/www.talidesign.eu\/et\/pood\/toode\/yamazaki-tower-kasna-ja-pudelihoidik-aravooluga-must\/\" \/>\n<meta property=\"og:locale\" content=\"et_EE\" \/>\n<meta property=\"og:type\" content=\"article\" \/>\n<meta property=\"og:title\" content=\"Yamazaki Tower k\u00e4sna- ja pudelihoidik \u00e4ravooluga Must - TALI Concept Store\" \/>\n<meta property=\"og:description\" content=\"Korrastage valamu \u00fcmbrus selle nutika k\u00e4sna- ja pudelihoidikuga. Vesi voolab \u00e4ra, k\u00e4snad ja pudelid j\u00e4\u00e4vad kuivaks. Lihtne disain sobib igasse k\u00f6\u00f6ki.\" \/>\n<meta property=\"og:url\" content=\"https:\/\/www.talidesign.eu\/et\/pood\/toode\/yamazaki-tower-kasna-ja-pudelihoidik-aravooluga-must\/\" \/>\n<meta property=\"og:site_name\" content=\"TALI Concept Store\" \/>\n<meta property=\"article:publisher\" content=\"https:\/\/www.facebook.com\/TaliDisain\/\" \/>\n<meta property=\"article:modified_time\" content=\"2025-01-11T13:38:17+00:00\" \/>\n<meta property=\"og:image\" content=\"https:\/\/www.talidesign.eu\/wp\/wp-content\/uploads\/2020\/10\/Yamazaki-Tower-Sponge-Bottle-Holder-With-Drainer-White-Black.jpg\" \/>\n\t<meta property=\"og:image:width\" content=\"768\" \/>\n\t<meta property=\"og:image:height\" content=\"768\" \/>\n\t<meta property=\"og:image:type\" content=\"image\/jpeg\" \/>\n<meta name=\"twitter:card\" content=\"summary_large_image\" \/>\n<script type=\"application\/ld+json\" class=\"yoast-schema-graph\">{\"@context\":\"https:\\\/\\\/schema.org\",\"@graph\":[{\"@type\":\"WebPage\",\"@id\":\"https:\\\/\\\/www.talidesign.eu\\\/et\\\/pood\\\/toode\\\/yamazaki-tower-kasna-ja-pudelihoidik-aravooluga-must\\\/\",\"url\":\"https:\\\/\\\/www.talidesign.eu\\\/et\\\/pood\\\/toode\\\/yamazaki-tower-kasna-ja-pudelihoidik-aravooluga-must\\\/\",\"name\":\"Yamazaki Tower k\u00e4sna- ja pudelihoidik \u00e4ravooluga Must - TALI Concept Store\",\"isPartOf\":{\"@id\":\"https:\\\/\\\/www.talidesign.eu\\\/et\\\/#website\"},\"primaryImageOfPage\":{\"@id\":\"https:\\\/\\\/www.talidesign.eu\\\/et\\\/pood\\\/toode\\\/yamazaki-tower-kasna-ja-pudelihoidik-aravooluga-must\\\/#primaryimage\"},\"image\":{\"@id\":\"https:\\\/\\\/www.talidesign.eu\\\/et\\\/pood\\\/toode\\\/yamazaki-tower-kasna-ja-pudelihoidik-aravooluga-must\\\/#primaryimage\"},\"thumbnailUrl\":\"https:\\\/\\\/www.talidesign.eu\\\/wp\\\/wp-content\\\/uploads\\\/2020\\\/10\\\/Yamazaki-Tower-Sponge-Bottle-Holder-With-Drainer-White-Black.jpg\",\"datePublished\":\"2020-10-23T18:36:52+00:00\",\"dateModified\":\"2025-01-11T13:38:17+00:00\",\"description\":\"Korrastage valamu \u00fcmbrus selle nutika k\u00e4sna- ja pudelihoidikuga. Vesi voolab \u00e4ra, k\u00e4snad ja pudelid j\u00e4\u00e4vad kuivaks. Lihtne disain sobib igasse k\u00f6\u00f6ki.\",\"breadcrumb\":{\"@id\":\"https:\\\/\\\/www.talidesign.eu\\\/et\\\/pood\\\/toode\\\/yamazaki-tower-kasna-ja-pudelihoidik-aravooluga-must\\\/#breadcrumb\"},\"inLanguage\":\"et\",\"potentialAction\":[{\"@type\":\"ReadAction\",\"target\":[\"https:\\\/\\\/www.talidesign.eu\\\/et\\\/pood\\\/toode\\\/yamazaki-tower-kasna-ja-pudelihoidik-aravooluga-must\\\/\"]}]},{\"@type\":\"ImageObject\",\"inLanguage\":\"et\",\"@id\":\"https:\\\/\\\/www.talidesign.eu\\\/et\\\/pood\\\/toode\\\/yamazaki-tower-kasna-ja-pudelihoidik-aravooluga-must\\\/#primaryimage\",\"url\":\"https:\\\/\\\/www.talidesign.eu\\\/wp\\\/wp-content\\\/uploads\\\/2020\\\/10\\\/Yamazaki-Tower-Sponge-Bottle-Holder-With-Drainer-White-Black.jpg\",\"contentUrl\":\"https:\\\/\\\/www.talidesign.eu\\\/wp\\\/wp-content\\\/uploads\\\/2020\\\/10\\\/Yamazaki-Tower-Sponge-Bottle-Holder-With-Drainer-White-Black.jpg\",\"width\":768,\"height\":768},{\"@type\":\"BreadcrumbList\",\"@id\":\"https:\\\/\\\/www.talidesign.eu\\\/et\\\/pood\\\/toode\\\/yamazaki-tower-kasna-ja-pudelihoidik-aravooluga-must\\\/#breadcrumb\",\"itemListElement\":[{\"@type\":\"ListItem\",\"position\":1,\"name\":\"Avaleht\",\"item\":\"https:\\\/\\\/www.talidesign.eu\\\/et\\\/\"},{\"@type\":\"ListItem\",\"position\":2,\"name\":\"Pood\",\"item\":\"https:\\\/\\\/www.talidesign.eu\\\/et\\\/pood\\\/\"},{\"@type\":\"ListItem\",\"position\":3,\"name\":\"Yamazaki Tower k\u00e4sna- ja pudelihoidik \u00e4ravooluga Must\"}]},{\"@type\":\"WebSite\",\"@id\":\"https:\\\/\\\/www.talidesign.eu\\\/et\\\/#website\",\"url\":\"https:\\\/\\\/www.talidesign.eu\\\/et\\\/\",\"name\":\"TALI Concept Store\",\"description\":\"Suurim Disainipood Eestis\",\"potentialAction\":[{\"@type\":\"SearchAction\",\"target\":{\"@type\":\"EntryPoint\",\"urlTemplate\":\"https:\\\/\\\/www.talidesign.eu\\\/et\\\/?s={search_term_string}\"},\"query-input\":{\"@type\":\"PropertyValueSpecification\",\"valueRequired\":true,\"valueName\":\"search_term_string\"}}],\"inLanguage\":\"et\"}]}<\/script>\n<!-- \/ Yoast SEO plugin. -->","yoast_head_json":{"title":"Yamazaki Tower k\u00e4sna- ja pudelihoidik \u00e4ravooluga Must - TALI Concept Store","description":"Korrastage valamu \u00fcmbrus selle nutika k\u00e4sna- ja pudelihoidikuga. Vesi voolab \u00e4ra, k\u00e4snad ja pudelid j\u00e4\u00e4vad kuivaks. Lihtne disain sobib igasse k\u00f6\u00f6ki.","robots":{"index":"index","follow":"follow","max-snippet":"max-snippet:-1","max-image-preview":"max-image-preview:large","max-video-preview":"max-video-preview:-1"},"canonical":"https:\/\/www.talidesign.eu\/et\/pood\/toode\/yamazaki-tower-kasna-ja-pudelihoidik-aravooluga-must\/","og_locale":"et_EE","og_type":"article","og_title":"Yamazaki Tower k\u00e4sna- ja pudelihoidik \u00e4ravooluga Must - TALI Concept Store","og_description":"Korrastage valamu \u00fcmbrus selle nutika k\u00e4sna- ja pudelihoidikuga. Vesi voolab \u00e4ra, k\u00e4snad ja pudelid j\u00e4\u00e4vad kuivaks. Lihtne disain sobib igasse k\u00f6\u00f6ki.","og_url":"https:\/\/www.talidesign.eu\/et\/pood\/toode\/yamazaki-tower-kasna-ja-pudelihoidik-aravooluga-must\/","og_site_name":"TALI Concept Store","article_publisher":"https:\/\/www.facebook.com\/TaliDisain\/","article_modified_time":"2025-01-11T13:38:17+00:00","og_image":[{"width":768,"height":768,"url":"https:\/\/www.talidesign.eu\/wp\/wp-content\/uploads\/2020\/10\/Yamazaki-Tower-Sponge-Bottle-Holder-With-Drainer-White-Black.jpg","type":"image\/jpeg"}],"twitter_card":"summary_large_image","schema":{"@context":"https:\/\/schema.org","@graph":[{"@type":"WebPage","@id":"https:\/\/www.talidesign.eu\/et\/pood\/toode\/yamazaki-tower-kasna-ja-pudelihoidik-aravooluga-must\/","url":"https:\/\/www.talidesign.eu\/et\/pood\/toode\/yamazaki-tower-kasna-ja-pudelihoidik-aravooluga-must\/","name":"Yamazaki Tower k\u00e4sna- ja pudelihoidik \u00e4ravooluga Must - TALI Concept Store","isPartOf":{"@id":"https:\/\/www.talidesign.eu\/et\/#website"},"primaryImageOfPage":{"@id":"https:\/\/www.talidesign.eu\/et\/pood\/toode\/yamazaki-tower-kasna-ja-pudelihoidik-aravooluga-must\/#primaryimage"},"image":{"@id":"https:\/\/www.talidesign.eu\/et\/pood\/toode\/yamazaki-tower-kasna-ja-pudelihoidik-aravooluga-must\/#primaryimage"},"thumbnailUrl":"https:\/\/www.talidesign.eu\/wp\/wp-content\/uploads\/2020\/10\/Yamazaki-Tower-Sponge-Bottle-Holder-With-Drainer-White-Black.jpg","datePublished":"2020-10-23T18:36:52+00:00","dateModified":"2025-01-11T13:38:17+00:00","description":"Korrastage valamu \u00fcmbrus selle nutika k\u00e4sna- ja pudelihoidikuga. Vesi voolab \u00e4ra, k\u00e4snad ja pudelid j\u00e4\u00e4vad kuivaks. Lihtne disain sobib igasse k\u00f6\u00f6ki.","breadcrumb":{"@id":"https:\/\/www.talidesign.eu\/et\/pood\/toode\/yamazaki-tower-kasna-ja-pudelihoidik-aravooluga-must\/#breadcrumb"},"inLanguage":"et","potentialAction":[{"@type":"ReadAction","target":["https:\/\/www.talidesign.eu\/et\/pood\/toode\/yamazaki-tower-kasna-ja-pudelihoidik-aravooluga-must\/"]}]},{"@type":"ImageObject","inLanguage":"et","@id":"https:\/\/www.talidesign.eu\/et\/pood\/toode\/yamazaki-tower-kasna-ja-pudelihoidik-aravooluga-must\/#primaryimage","url":"https:\/\/www.talidesign.eu\/wp\/wp-content\/uploads\/2020\/10\/Yamazaki-Tower-Sponge-Bottle-Holder-With-Drainer-White-Black.jpg","contentUrl":"https:\/\/www.talidesign.eu\/wp\/wp-content\/uploads\/2020\/10\/Yamazaki-Tower-Sponge-Bottle-Holder-With-Drainer-White-Black.jpg","width":768,"height":768},{"@type":"BreadcrumbList","@id":"https:\/\/www.talidesign.eu\/et\/pood\/toode\/yamazaki-tower-kasna-ja-pudelihoidik-aravooluga-must\/#breadcrumb","itemListElement":[{"@type":"ListItem","position":1,"name":"Avaleht","item":"https:\/\/www.talidesign.eu\/et\/"},{"@type":"ListItem","position":2,"name":"Pood","item":"https:\/\/www.talidesign.eu\/et\/pood\/"},{"@type":"ListItem","position":3,"name":"Yamazaki Tower k\u00e4sna- ja pudelihoidik \u00e4ravooluga Must"}]},{"@type":"WebSite","@id":"https:\/\/www.talidesign.eu\/et\/#website","url":"https:\/\/www.talidesign.eu\/et\/","name":"TALI Concept Store","description":"Suurim Disainipood Eestis","potentialAction":[{"@type":"SearchAction","target":{"@type":"EntryPoint","urlTemplate":"https:\/\/www.talidesign.eu\/et\/?s={search_term_string}"},"query-input":{"@type":"PropertyValueSpecification","valueRequired":true,"valueName":"search_term_string"}}],"inLanguage":"et"}]}},"_links":{"self":[{"href":"https:\/\/www.talidesign.eu\/et\/wp-json\/wp\/v2\/product\/37039","targetHints":{"allow":["GET"]}}],"collection":[{"href":"https:\/\/www.talidesign.eu\/et\/wp-json\/wp\/v2\/product"}],"about":[{"href":"https:\/\/www.talidesign.eu\/et\/wp-json\/wp\/v2\/types\/product"}],"wp:featuredmedia":[{"embeddable":true,"href":"https:\/\/www.talidesign.eu\/et\/wp-json\/wp\/v2\/media\/37040"}],"wp:attachment":[{"href":"https:\/\/www.talidesign.eu\/et\/wp-json\/wp\/v2\/media?parent=37039"}],"wp:term":[{"taxonomy":"product_brand","embeddable":true,"href":"https:\/\/www.talidesign.eu\/et\/wp-json\/wp\/v2\/product_brand?post=37039"},{"taxonomy":"product_cat","embeddable":true,"href":"https:\/\/www.talidesign.eu\/et\/wp-json\/wp\/v2\/product_cat?post=37039"},{"taxonomy":"product_tag","embeddable":true,"href":"https:\/\/www.talidesign.eu\/et\/wp-json\/wp\/v2\/product_tag?post=37039"}],"curies":[{"name":"wp","href":"https:\/\/api.w.org\/{rel}","templated":true}]}}