{"id":37226,"date":"2020-04-21T23:29:12","date_gmt":"2020-04-21T20:29:12","guid":{"rendered":"https:\/\/www.talidesign.eu\/shop\/product\/yamazaki-smart-magnetic-key-hook-white\/"},"modified":"2026-04-10T20:42:36","modified_gmt":"2026-04-10T17:42:36","slug":"yamazaki-smart-magnetiga-votmenagi-valge","status":"publish","type":"product","link":"https:\/\/www.talidesign.eu\/et\/pood\/toode\/yamazaki-smart-magnetiga-votmenagi-valge\/","title":{"rendered":"Yamazaki Smart magnetiga v\u00f5tmenagi Valge"},"content":{"rendered":"<p><strong>Magnetiga v\u00f5tmenagi Valge<\/strong><\/p>\n<p>Kinnitage magnetiliselt metallpinnale v\u00f5i kahe kruviga mittemetallist pinnale \u2012 see on ideaalne v\u00f5imalus alati teada, kus teie v\u00f5tmed asuvad!<\/p>\n<p>Kuue konksu otsa saate riputada nii auto-, kodu-, kontori-, garaa\u017ei- ja muid v\u00f5tmeid kui ka vihmavarju, m\u00fctsi vms.<\/p>\n<p>\u00dclemisel riiulil on \u00e4\u00e4r, mis v\u00f5imaldab seal hoida lahtisi esemeid v\u00f5i prille, taskulampi ja muid asju, mida te v\u00e4lja minnes vajate.<\/p>\n<p>\u2022 Materjal: metall<br \/>\n\u2022 24.5 \u00d7 4.5\u00d7 6cm<br \/>\n\u2022 <a href=\"\/et\/tootekategooria\/brandid\/yamazaki-home-et\/\">Br\u00e4nd Yamazaki Home<\/a><br \/>\n&nbsp;<br \/>\n&nbsp;<br \/>\n<a href=\"\/et\/tootekategooria\/brandid\/yamazaki-home-et\/\"><img loading=\"lazy\" decoding=\"async\" class=\"alignnone size-full wp-image-23562\" src=\"https:\/\/www.talidesign.eu\/wp\/wp-content\/uploads\/2021\/02\/yamazaki.jpg\" alt=\"\" width=\"500\" height=\"100\" \/><\/a><\/p>\n","protected":false},"excerpt":{"rendered":"<p><strong>Magnetiga V\u00f5tmenagi Valge<\/strong><\/p>\n<p>Kinnitage magnetiliselt metallpinnale v\u00f5i kahe kruviga mittemetallist pinnale \u2012 see on ideaalne v\u00f5imalus alati teada, kus teie v\u00f5tmed asuvad!<\/p>\n<p>Kuue konksu otsa saate riputada nii auto-, kodu-, kontori-, garaa\u017ei- ja muid v\u00f5tmeid kui ka vihmavarju, m\u00fctsi vms.<\/p>\n<p>\u00dclemisel riiulil on \u00e4\u00e4r, mis v\u00f5imaldab seal hoida lahtisi esemeid v\u00f5i prille, taskulampi ja muid asju, mida te v\u00e4lja minnes vajate.<\/p>\n<p>\u2022 Materjal: metall<br \/>\n\u2022 24.5 \u00d7 4.5\u00d7 6cm<br \/>\n\u2022 <a href=\"\/et\/tootekategooria\/brandid\/yamazaki-home-et\/\">Br\u00e4nd Yamazaki Home<\/a><br \/>\n&nbsp;<br \/>\n&nbsp;<br \/>\n<a href=\"\/et\/tootekategooria\/brandid\/yamazaki-home-et\/\"><img loading=\"lazy\" decoding=\"async\" class=\"alignnone size-full wp-image-23562\" src=\"https:\/\/www.talidesign.eu\/wp\/wp-content\/uploads\/2021\/02\/yamazaki.jpg\" alt=\"\" width=\"500\" height=\"100\" \/><\/a><\/p>\n","protected":false},"featured_media":37227,"template":"","meta":[],"product_brand":[],"product_cat":[1026,1105,1031,1018,1106,1030,1100,1094],"product_tag":[1274],"class_list":{"0":"post-37226","1":"product","2":"type-product","3":"status-publish","4":"has-post-thumbnail","6":"product_cat-brandid","7":"product_cat-esik","8":"product_cat-hoiustamine","9":"product_cat-kodu","10":"product_cat-konksud-nagid","11":"product_cat-kook","12":"product_cat-vannituba","13":"product_cat-yamazaki-home-et","14":"product_tag-yamazaki-et","16":"first","17":"instock","18":"taxable","19":"shipping-taxable","20":"purchasable","21":"product-type-simple"},"yoast_head":"<!-- This site is optimized with the Yoast SEO plugin v27.3 - https:\/\/yoast.com\/product\/yoast-seo-wordpress\/ -->\n<title>Yamazaki Smart magnetiga v\u00f5tmenagi Valge - TALI Concept Store<\/title>\n<meta name=\"description\" content=\"Avasta Yamazaki Smart magnetiga v\u00f5tmenagi Valge - ideaalne v\u00f5imalus alati teada, kus v\u00f5tmed asuvad! Riputa v\u00f5tmed, vihmavari v\u00f5i m\u00fcts kuue konksu otsa. Lisaks saad hoida \u00fclemisel riiulil lahtiseid esemeid. Materjal: metall. Br\u00e4nd: Yamazaki Home.\" \/>\n<meta name=\"robots\" content=\"index, follow, max-snippet:-1, max-image-preview:large, max-video-preview:-1\" \/>\n<link rel=\"canonical\" href=\"https:\/\/www.talidesign.eu\/et\/pood\/toode\/yamazaki-smart-magnetiga-votmenagi-valge\/\" \/>\n<meta property=\"og:locale\" content=\"et_EE\" \/>\n<meta property=\"og:type\" content=\"article\" \/>\n<meta property=\"og:title\" content=\"Yamazaki Smart magnetiga v\u00f5tmenagi Valge - TALI Concept Store\" \/>\n<meta property=\"og:description\" content=\"Avasta Yamazaki Smart magnetiga v\u00f5tmenagi Valge - ideaalne v\u00f5imalus alati teada, kus v\u00f5tmed asuvad! Riputa v\u00f5tmed, vihmavari v\u00f5i m\u00fcts kuue konksu otsa. Lisaks saad hoida \u00fclemisel riiulil lahtiseid esemeid. Materjal: metall. Br\u00e4nd: Yamazaki Home.\" \/>\n<meta property=\"og:url\" content=\"https:\/\/www.talidesign.eu\/et\/pood\/toode\/yamazaki-smart-magnetiga-votmenagi-valge\/\" \/>\n<meta property=\"og:site_name\" content=\"TALI Concept Store\" \/>\n<meta property=\"article:publisher\" content=\"https:\/\/www.facebook.com\/TaliDisain\/\" \/>\n<meta property=\"article:modified_time\" content=\"2026-04-10T17:42:36+00:00\" \/>\n<meta property=\"og:image\" content=\"https:\/\/www.talidesign.eu\/wp\/wp-content\/uploads\/2020\/04\/Untitled-1-5.jpg\" \/>\n\t<meta property=\"og:image:width\" content=\"768\" \/>\n\t<meta property=\"og:image:height\" content=\"768\" \/>\n\t<meta property=\"og:image:type\" content=\"image\/jpeg\" \/>\n<meta name=\"twitter:card\" content=\"summary_large_image\" \/>\n<script type=\"application\/ld+json\" class=\"yoast-schema-graph\">{\"@context\":\"https:\\\/\\\/schema.org\",\"@graph\":[{\"@type\":\"WebPage\",\"@id\":\"https:\\\/\\\/www.talidesign.eu\\\/et\\\/pood\\\/toode\\\/yamazaki-smart-magnetiga-votmenagi-valge\\\/\",\"url\":\"https:\\\/\\\/www.talidesign.eu\\\/et\\\/pood\\\/toode\\\/yamazaki-smart-magnetiga-votmenagi-valge\\\/\",\"name\":\"Yamazaki Smart magnetiga v\u00f5tmenagi Valge - TALI Concept Store\",\"isPartOf\":{\"@id\":\"https:\\\/\\\/www.talidesign.eu\\\/et\\\/#website\"},\"primaryImageOfPage\":{\"@id\":\"https:\\\/\\\/www.talidesign.eu\\\/et\\\/pood\\\/toode\\\/yamazaki-smart-magnetiga-votmenagi-valge\\\/#primaryimage\"},\"image\":{\"@id\":\"https:\\\/\\\/www.talidesign.eu\\\/et\\\/pood\\\/toode\\\/yamazaki-smart-magnetiga-votmenagi-valge\\\/#primaryimage\"},\"thumbnailUrl\":\"https:\\\/\\\/www.talidesign.eu\\\/wp\\\/wp-content\\\/uploads\\\/2020\\\/04\\\/Untitled-1-5.jpg\",\"datePublished\":\"2020-04-21T20:29:12+00:00\",\"dateModified\":\"2026-04-10T17:42:36+00:00\",\"description\":\"Avasta Yamazaki Smart magnetiga v\u00f5tmenagi Valge - ideaalne v\u00f5imalus alati teada, kus v\u00f5tmed asuvad! Riputa v\u00f5tmed, vihmavari v\u00f5i m\u00fcts kuue konksu otsa. Lisaks saad hoida \u00fclemisel riiulil lahtiseid esemeid. Materjal: metall. Br\u00e4nd: Yamazaki Home.\",\"breadcrumb\":{\"@id\":\"https:\\\/\\\/www.talidesign.eu\\\/et\\\/pood\\\/toode\\\/yamazaki-smart-magnetiga-votmenagi-valge\\\/#breadcrumb\"},\"inLanguage\":\"et\",\"potentialAction\":[{\"@type\":\"ReadAction\",\"target\":[\"https:\\\/\\\/www.talidesign.eu\\\/et\\\/pood\\\/toode\\\/yamazaki-smart-magnetiga-votmenagi-valge\\\/\"]}]},{\"@type\":\"ImageObject\",\"inLanguage\":\"et\",\"@id\":\"https:\\\/\\\/www.talidesign.eu\\\/et\\\/pood\\\/toode\\\/yamazaki-smart-magnetiga-votmenagi-valge\\\/#primaryimage\",\"url\":\"https:\\\/\\\/www.talidesign.eu\\\/wp\\\/wp-content\\\/uploads\\\/2020\\\/04\\\/Untitled-1-5.jpg\",\"contentUrl\":\"https:\\\/\\\/www.talidesign.eu\\\/wp\\\/wp-content\\\/uploads\\\/2020\\\/04\\\/Untitled-1-5.jpg\",\"width\":768,\"height\":768},{\"@type\":\"BreadcrumbList\",\"@id\":\"https:\\\/\\\/www.talidesign.eu\\\/et\\\/pood\\\/toode\\\/yamazaki-smart-magnetiga-votmenagi-valge\\\/#breadcrumb\",\"itemListElement\":[{\"@type\":\"ListItem\",\"position\":1,\"name\":\"Avaleht\",\"item\":\"https:\\\/\\\/www.talidesign.eu\\\/et\\\/\"},{\"@type\":\"ListItem\",\"position\":2,\"name\":\"Pood\",\"item\":\"https:\\\/\\\/www.talidesign.eu\\\/et\\\/pood\\\/\"},{\"@type\":\"ListItem\",\"position\":3,\"name\":\"Yamazaki Smart magnetiga v\u00f5tmenagi Valge\"}]},{\"@type\":\"WebSite\",\"@id\":\"https:\\\/\\\/www.talidesign.eu\\\/et\\\/#website\",\"url\":\"https:\\\/\\\/www.talidesign.eu\\\/et\\\/\",\"name\":\"TALI Concept Store\",\"description\":\"Suurim Disainipood Eestis\",\"potentialAction\":[{\"@type\":\"SearchAction\",\"target\":{\"@type\":\"EntryPoint\",\"urlTemplate\":\"https:\\\/\\\/www.talidesign.eu\\\/et\\\/?s={search_term_string}\"},\"query-input\":{\"@type\":\"PropertyValueSpecification\",\"valueRequired\":true,\"valueName\":\"search_term_string\"}}],\"inLanguage\":\"et\"}]}<\/script>\n<!-- \/ Yoast SEO plugin. -->","yoast_head_json":{"title":"Yamazaki Smart magnetiga v\u00f5tmenagi Valge - TALI Concept Store","description":"Avasta Yamazaki Smart magnetiga v\u00f5tmenagi Valge - ideaalne v\u00f5imalus alati teada, kus v\u00f5tmed asuvad! Riputa v\u00f5tmed, vihmavari v\u00f5i m\u00fcts kuue konksu otsa. Lisaks saad hoida \u00fclemisel riiulil lahtiseid esemeid. Materjal: metall. Br\u00e4nd: Yamazaki Home.","robots":{"index":"index","follow":"follow","max-snippet":"max-snippet:-1","max-image-preview":"max-image-preview:large","max-video-preview":"max-video-preview:-1"},"canonical":"https:\/\/www.talidesign.eu\/et\/pood\/toode\/yamazaki-smart-magnetiga-votmenagi-valge\/","og_locale":"et_EE","og_type":"article","og_title":"Yamazaki Smart magnetiga v\u00f5tmenagi Valge - TALI Concept Store","og_description":"Avasta Yamazaki Smart magnetiga v\u00f5tmenagi Valge - ideaalne v\u00f5imalus alati teada, kus v\u00f5tmed asuvad! Riputa v\u00f5tmed, vihmavari v\u00f5i m\u00fcts kuue konksu otsa. Lisaks saad hoida \u00fclemisel riiulil lahtiseid esemeid. Materjal: metall. Br\u00e4nd: Yamazaki Home.","og_url":"https:\/\/www.talidesign.eu\/et\/pood\/toode\/yamazaki-smart-magnetiga-votmenagi-valge\/","og_site_name":"TALI Concept Store","article_publisher":"https:\/\/www.facebook.com\/TaliDisain\/","article_modified_time":"2026-04-10T17:42:36+00:00","og_image":[{"width":768,"height":768,"url":"https:\/\/www.talidesign.eu\/wp\/wp-content\/uploads\/2020\/04\/Untitled-1-5.jpg","type":"image\/jpeg"}],"twitter_card":"summary_large_image","schema":{"@context":"https:\/\/schema.org","@graph":[{"@type":"WebPage","@id":"https:\/\/www.talidesign.eu\/et\/pood\/toode\/yamazaki-smart-magnetiga-votmenagi-valge\/","url":"https:\/\/www.talidesign.eu\/et\/pood\/toode\/yamazaki-smart-magnetiga-votmenagi-valge\/","name":"Yamazaki Smart magnetiga v\u00f5tmenagi Valge - TALI Concept Store","isPartOf":{"@id":"https:\/\/www.talidesign.eu\/et\/#website"},"primaryImageOfPage":{"@id":"https:\/\/www.talidesign.eu\/et\/pood\/toode\/yamazaki-smart-magnetiga-votmenagi-valge\/#primaryimage"},"image":{"@id":"https:\/\/www.talidesign.eu\/et\/pood\/toode\/yamazaki-smart-magnetiga-votmenagi-valge\/#primaryimage"},"thumbnailUrl":"https:\/\/www.talidesign.eu\/wp\/wp-content\/uploads\/2020\/04\/Untitled-1-5.jpg","datePublished":"2020-04-21T20:29:12+00:00","dateModified":"2026-04-10T17:42:36+00:00","description":"Avasta Yamazaki Smart magnetiga v\u00f5tmenagi Valge - ideaalne v\u00f5imalus alati teada, kus v\u00f5tmed asuvad! Riputa v\u00f5tmed, vihmavari v\u00f5i m\u00fcts kuue konksu otsa. Lisaks saad hoida \u00fclemisel riiulil lahtiseid esemeid. Materjal: metall. Br\u00e4nd: Yamazaki Home.","breadcrumb":{"@id":"https:\/\/www.talidesign.eu\/et\/pood\/toode\/yamazaki-smart-magnetiga-votmenagi-valge\/#breadcrumb"},"inLanguage":"et","potentialAction":[{"@type":"ReadAction","target":["https:\/\/www.talidesign.eu\/et\/pood\/toode\/yamazaki-smart-magnetiga-votmenagi-valge\/"]}]},{"@type":"ImageObject","inLanguage":"et","@id":"https:\/\/www.talidesign.eu\/et\/pood\/toode\/yamazaki-smart-magnetiga-votmenagi-valge\/#primaryimage","url":"https:\/\/www.talidesign.eu\/wp\/wp-content\/uploads\/2020\/04\/Untitled-1-5.jpg","contentUrl":"https:\/\/www.talidesign.eu\/wp\/wp-content\/uploads\/2020\/04\/Untitled-1-5.jpg","width":768,"height":768},{"@type":"BreadcrumbList","@id":"https:\/\/www.talidesign.eu\/et\/pood\/toode\/yamazaki-smart-magnetiga-votmenagi-valge\/#breadcrumb","itemListElement":[{"@type":"ListItem","position":1,"name":"Avaleht","item":"https:\/\/www.talidesign.eu\/et\/"},{"@type":"ListItem","position":2,"name":"Pood","item":"https:\/\/www.talidesign.eu\/et\/pood\/"},{"@type":"ListItem","position":3,"name":"Yamazaki Smart magnetiga v\u00f5tmenagi Valge"}]},{"@type":"WebSite","@id":"https:\/\/www.talidesign.eu\/et\/#website","url":"https:\/\/www.talidesign.eu\/et\/","name":"TALI Concept Store","description":"Suurim Disainipood Eestis","potentialAction":[{"@type":"SearchAction","target":{"@type":"EntryPoint","urlTemplate":"https:\/\/www.talidesign.eu\/et\/?s={search_term_string}"},"query-input":{"@type":"PropertyValueSpecification","valueRequired":true,"valueName":"search_term_string"}}],"inLanguage":"et"}]}},"_links":{"self":[{"href":"https:\/\/www.talidesign.eu\/et\/wp-json\/wp\/v2\/product\/37226","targetHints":{"allow":["GET"]}}],"collection":[{"href":"https:\/\/www.talidesign.eu\/et\/wp-json\/wp\/v2\/product"}],"about":[{"href":"https:\/\/www.talidesign.eu\/et\/wp-json\/wp\/v2\/types\/product"}],"wp:featuredmedia":[{"embeddable":true,"href":"https:\/\/www.talidesign.eu\/et\/wp-json\/wp\/v2\/media\/37227"}],"wp:attachment":[{"href":"https:\/\/www.talidesign.eu\/et\/wp-json\/wp\/v2\/media?parent=37226"}],"wp:term":[{"taxonomy":"product_brand","embeddable":true,"href":"https:\/\/www.talidesign.eu\/et\/wp-json\/wp\/v2\/product_brand?post=37226"},{"taxonomy":"product_cat","embeddable":true,"href":"https:\/\/www.talidesign.eu\/et\/wp-json\/wp\/v2\/product_cat?post=37226"},{"taxonomy":"product_tag","embeddable":true,"href":"https:\/\/www.talidesign.eu\/et\/wp-json\/wp\/v2\/product_tag?post=37226"}],"curies":[{"name":"wp","href":"https:\/\/api.w.org\/{rel}","templated":true}]}}