{"id":37277,"date":"2020-02-29T14:27:47","date_gmt":"2020-02-29T12:27:47","guid":{"rendered":"https:\/\/www.talidesign.eu\/shop\/product\/yamazaki-tissue-case-white\/"},"modified":"2026-03-27T11:11:00","modified_gmt":"2026-03-27T09:11:00","slug":"yamazaki-salvratikute-hoidja-valge","status":"publish","type":"product","link":"https:\/\/www.talidesign.eu\/et\/pood\/toode\/yamazaki-salvratikute-hoidja-valge\/","title":{"rendered":"Yamazaki salvr\u00e4tikute hoidja Valge"},"content":{"rendered":"<p><strong>Salvr\u00e4tikute hoidja Valge<\/strong><\/p>\n<p>Puhas minimalism pehmete, \u00fcmarate servadega. Sellel pabersalvr\u00e4tikukarbil on oma koht igas kodus v\u00f5i kontoris. Eemaldage pabersalvr\u00e4tikud originaalpakendist ja pange need enne kaane sulgemist karbi p\u00f5hja. Teraskonstruktsioon hoiab oma raskusega karpi paigal.<\/p>\n<p>\u2022 Materjal: metall<br \/>\n\u2022 13,4 x 26,4 x 7,6cm<br \/>\n\u2022 Kaal: 1,3 kg<br \/>\n\u2022 <a href=\"\/et\/tootekategooria\/brandid\/yamazaki-home-et\/\">Br\u00e4nd Yamazaki Home<\/a><br \/>\n&nbsp;<br \/>\n&nbsp;<br \/>\n<a href=\"\/et\/tootekategooria\/brandid\/yamazaki-home-et\/\"><img loading=\"lazy\" decoding=\"async\" class=\"alignnone size-full wp-image-23562\" src=\"https:\/\/www.talidesign.eu\/wp\/wp-content\/uploads\/2021\/02\/yamazaki.jpg\" alt=\"\" width=\"500\" height=\"100\" \/><\/a><\/p>\n","protected":false},"excerpt":{"rendered":"<p><strong>Salvr\u00e4tikute Hoidja Valge<\/strong><\/p>\n<p>Puhas minimalism pehmete, \u00fcmarate servadega. Sellel pabersalvr\u00e4tikukarbil on oma koht igas kodus v\u00f5i kontoris. Eemaldage pabersalvr\u00e4tikud originaalpakendist ja pange need enne kaane sulgemist karbi p\u00f5hja. Teraskonstruktsioon hoiab oma raskusega karpi paigal.<\/p>\n<p>\u2022 Materjal: metall<br \/>\n\u2022 13,4 x 26,4 x 7,6cm<br \/>\n\u2022 Kaal: 1,3 kg<br \/>\n\u2022 <a href=\"\/et\/tootekategooria\/brandid\/yamazaki-home-et\/\">Br\u00e4nd Yamazaki Home<\/a><br \/>\n&nbsp;<br \/>\n&nbsp;<br \/>\n<a href=\"\/et\/tootekategooria\/brandid\/yamazaki-home-et\/\"><img loading=\"lazy\" decoding=\"async\" class=\"alignnone size-full wp-image-23562\" src=\"https:\/\/www.talidesign.eu\/wp\/wp-content\/uploads\/2021\/02\/yamazaki.jpg\" alt=\"\" width=\"500\" height=\"100\" \/><\/a><\/p>\n","protected":false},"featured_media":37278,"template":"","meta":[],"product_brand":[],"product_cat":[1026,1105,1031,1018,1030,1101,1100,1094],"product_tag":[1274],"class_list":{"0":"post-37277","1":"product","2":"type-product","3":"status-publish","4":"has-post-thumbnail","6":"product_cat-brandid","7":"product_cat-esik","8":"product_cat-hoiustamine","9":"product_cat-kodu","10":"product_cat-kook","11":"product_cat-magamis-ja-elutuba","12":"product_cat-vannituba","13":"product_cat-yamazaki-home-et","14":"product_tag-yamazaki-et","16":"first","17":"instock","18":"taxable","19":"shipping-taxable","20":"purchasable","21":"product-type-simple"},"yoast_head":"<!-- This site is optimized with the Yoast SEO plugin v27.4 - https:\/\/yoast.com\/product\/yoast-seo-wordpress\/ -->\n<title>Yamazaki salvr\u00e4tikute hoidja Valge - TALI Concept Store<\/title>\n<meta name=\"description\" content=\"Avasta puhta minimalismi v\u00f5lu Yamazaki salvr\u00e4tikute hoidjaga. Ideaalne lisand igasse kodusse v\u00f5i kontorisse. Teraskonstruktsioon tagab stabiilsuse.\" \/>\n<meta name=\"robots\" content=\"index, follow, max-snippet:-1, max-image-preview:large, max-video-preview:-1\" \/>\n<link rel=\"canonical\" href=\"https:\/\/www.talidesign.eu\/et\/pood\/toode\/yamazaki-salvratikute-hoidja-valge\/\" \/>\n<meta property=\"og:locale\" content=\"et_EE\" \/>\n<meta property=\"og:type\" content=\"article\" \/>\n<meta property=\"og:title\" content=\"Yamazaki salvr\u00e4tikute hoidja Valge - TALI Concept Store\" \/>\n<meta property=\"og:description\" content=\"Avasta puhta minimalismi v\u00f5lu Yamazaki salvr\u00e4tikute hoidjaga. Ideaalne lisand igasse kodusse v\u00f5i kontorisse. Teraskonstruktsioon tagab stabiilsuse.\" \/>\n<meta property=\"og:url\" content=\"https:\/\/www.talidesign.eu\/et\/pood\/toode\/yamazaki-salvratikute-hoidja-valge\/\" \/>\n<meta property=\"og:site_name\" content=\"TALI Concept Store\" \/>\n<meta property=\"article:publisher\" content=\"https:\/\/www.facebook.com\/TaliDisain\/\" \/>\n<meta property=\"article:modified_time\" content=\"2026-03-27T09:11:00+00:00\" \/>\n<meta property=\"og:image\" content=\"https:\/\/www.talidesign.eu\/wp\/wp-content\/uploads\/2020\/02\/yamazaki-tissue-case-white.jpg\" \/>\n\t<meta property=\"og:image:width\" content=\"800\" \/>\n\t<meta property=\"og:image:height\" content=\"800\" \/>\n\t<meta property=\"og:image:type\" content=\"image\/jpeg\" \/>\n<meta name=\"twitter:card\" content=\"summary_large_image\" \/>\n<script type=\"application\/ld+json\" class=\"yoast-schema-graph\">{\"@context\":\"https:\\\/\\\/schema.org\",\"@graph\":[{\"@type\":\"WebPage\",\"@id\":\"https:\\\/\\\/www.talidesign.eu\\\/et\\\/pood\\\/toode\\\/yamazaki-salvratikute-hoidja-valge\\\/\",\"url\":\"https:\\\/\\\/www.talidesign.eu\\\/et\\\/pood\\\/toode\\\/yamazaki-salvratikute-hoidja-valge\\\/\",\"name\":\"Yamazaki salvr\u00e4tikute hoidja Valge - TALI Concept Store\",\"isPartOf\":{\"@id\":\"https:\\\/\\\/www.talidesign.eu\\\/et\\\/#website\"},\"primaryImageOfPage\":{\"@id\":\"https:\\\/\\\/www.talidesign.eu\\\/et\\\/pood\\\/toode\\\/yamazaki-salvratikute-hoidja-valge\\\/#primaryimage\"},\"image\":{\"@id\":\"https:\\\/\\\/www.talidesign.eu\\\/et\\\/pood\\\/toode\\\/yamazaki-salvratikute-hoidja-valge\\\/#primaryimage\"},\"thumbnailUrl\":\"https:\\\/\\\/www.talidesign.eu\\\/wp\\\/wp-content\\\/uploads\\\/2020\\\/02\\\/yamazaki-tissue-case-white.jpg\",\"datePublished\":\"2020-02-29T12:27:47+00:00\",\"dateModified\":\"2026-03-27T09:11:00+00:00\",\"description\":\"Avasta puhta minimalismi v\u00f5lu Yamazaki salvr\u00e4tikute hoidjaga. Ideaalne lisand igasse kodusse v\u00f5i kontorisse. Teraskonstruktsioon tagab stabiilsuse.\",\"breadcrumb\":{\"@id\":\"https:\\\/\\\/www.talidesign.eu\\\/et\\\/pood\\\/toode\\\/yamazaki-salvratikute-hoidja-valge\\\/#breadcrumb\"},\"inLanguage\":\"et\",\"potentialAction\":[{\"@type\":\"ReadAction\",\"target\":[\"https:\\\/\\\/www.talidesign.eu\\\/et\\\/pood\\\/toode\\\/yamazaki-salvratikute-hoidja-valge\\\/\"]}]},{\"@type\":\"ImageObject\",\"inLanguage\":\"et\",\"@id\":\"https:\\\/\\\/www.talidesign.eu\\\/et\\\/pood\\\/toode\\\/yamazaki-salvratikute-hoidja-valge\\\/#primaryimage\",\"url\":\"https:\\\/\\\/www.talidesign.eu\\\/wp\\\/wp-content\\\/uploads\\\/2020\\\/02\\\/yamazaki-tissue-case-white.jpg\",\"contentUrl\":\"https:\\\/\\\/www.talidesign.eu\\\/wp\\\/wp-content\\\/uploads\\\/2020\\\/02\\\/yamazaki-tissue-case-white.jpg\",\"width\":800,\"height\":800},{\"@type\":\"BreadcrumbList\",\"@id\":\"https:\\\/\\\/www.talidesign.eu\\\/et\\\/pood\\\/toode\\\/yamazaki-salvratikute-hoidja-valge\\\/#breadcrumb\",\"itemListElement\":[{\"@type\":\"ListItem\",\"position\":1,\"name\":\"Avaleht\",\"item\":\"https:\\\/\\\/www.talidesign.eu\\\/et\\\/\"},{\"@type\":\"ListItem\",\"position\":2,\"name\":\"Pood\",\"item\":\"https:\\\/\\\/www.talidesign.eu\\\/et\\\/pood\\\/\"},{\"@type\":\"ListItem\",\"position\":3,\"name\":\"Yamazaki salvr\u00e4tikute hoidja Valge\"}]},{\"@type\":\"WebSite\",\"@id\":\"https:\\\/\\\/www.talidesign.eu\\\/et\\\/#website\",\"url\":\"https:\\\/\\\/www.talidesign.eu\\\/et\\\/\",\"name\":\"TALI Concept Store\",\"description\":\"Suurim Disainipood Eestis\",\"potentialAction\":[{\"@type\":\"SearchAction\",\"target\":{\"@type\":\"EntryPoint\",\"urlTemplate\":\"https:\\\/\\\/www.talidesign.eu\\\/et\\\/?s={search_term_string}\"},\"query-input\":{\"@type\":\"PropertyValueSpecification\",\"valueRequired\":true,\"valueName\":\"search_term_string\"}}],\"inLanguage\":\"et\"}]}<\/script>\n<!-- \/ Yoast SEO plugin. -->","yoast_head_json":{"title":"Yamazaki salvr\u00e4tikute hoidja Valge - TALI Concept Store","description":"Avasta puhta minimalismi v\u00f5lu Yamazaki salvr\u00e4tikute hoidjaga. Ideaalne lisand igasse kodusse v\u00f5i kontorisse. Teraskonstruktsioon tagab stabiilsuse.","robots":{"index":"index","follow":"follow","max-snippet":"max-snippet:-1","max-image-preview":"max-image-preview:large","max-video-preview":"max-video-preview:-1"},"canonical":"https:\/\/www.talidesign.eu\/et\/pood\/toode\/yamazaki-salvratikute-hoidja-valge\/","og_locale":"et_EE","og_type":"article","og_title":"Yamazaki salvr\u00e4tikute hoidja Valge - TALI Concept Store","og_description":"Avasta puhta minimalismi v\u00f5lu Yamazaki salvr\u00e4tikute hoidjaga. Ideaalne lisand igasse kodusse v\u00f5i kontorisse. Teraskonstruktsioon tagab stabiilsuse.","og_url":"https:\/\/www.talidesign.eu\/et\/pood\/toode\/yamazaki-salvratikute-hoidja-valge\/","og_site_name":"TALI Concept Store","article_publisher":"https:\/\/www.facebook.com\/TaliDisain\/","article_modified_time":"2026-03-27T09:11:00+00:00","og_image":[{"width":800,"height":800,"url":"https:\/\/www.talidesign.eu\/wp\/wp-content\/uploads\/2020\/02\/yamazaki-tissue-case-white.jpg","type":"image\/jpeg"}],"twitter_card":"summary_large_image","schema":{"@context":"https:\/\/schema.org","@graph":[{"@type":"WebPage","@id":"https:\/\/www.talidesign.eu\/et\/pood\/toode\/yamazaki-salvratikute-hoidja-valge\/","url":"https:\/\/www.talidesign.eu\/et\/pood\/toode\/yamazaki-salvratikute-hoidja-valge\/","name":"Yamazaki salvr\u00e4tikute hoidja Valge - TALI Concept Store","isPartOf":{"@id":"https:\/\/www.talidesign.eu\/et\/#website"},"primaryImageOfPage":{"@id":"https:\/\/www.talidesign.eu\/et\/pood\/toode\/yamazaki-salvratikute-hoidja-valge\/#primaryimage"},"image":{"@id":"https:\/\/www.talidesign.eu\/et\/pood\/toode\/yamazaki-salvratikute-hoidja-valge\/#primaryimage"},"thumbnailUrl":"https:\/\/www.talidesign.eu\/wp\/wp-content\/uploads\/2020\/02\/yamazaki-tissue-case-white.jpg","datePublished":"2020-02-29T12:27:47+00:00","dateModified":"2026-03-27T09:11:00+00:00","description":"Avasta puhta minimalismi v\u00f5lu Yamazaki salvr\u00e4tikute hoidjaga. Ideaalne lisand igasse kodusse v\u00f5i kontorisse. Teraskonstruktsioon tagab stabiilsuse.","breadcrumb":{"@id":"https:\/\/www.talidesign.eu\/et\/pood\/toode\/yamazaki-salvratikute-hoidja-valge\/#breadcrumb"},"inLanguage":"et","potentialAction":[{"@type":"ReadAction","target":["https:\/\/www.talidesign.eu\/et\/pood\/toode\/yamazaki-salvratikute-hoidja-valge\/"]}]},{"@type":"ImageObject","inLanguage":"et","@id":"https:\/\/www.talidesign.eu\/et\/pood\/toode\/yamazaki-salvratikute-hoidja-valge\/#primaryimage","url":"https:\/\/www.talidesign.eu\/wp\/wp-content\/uploads\/2020\/02\/yamazaki-tissue-case-white.jpg","contentUrl":"https:\/\/www.talidesign.eu\/wp\/wp-content\/uploads\/2020\/02\/yamazaki-tissue-case-white.jpg","width":800,"height":800},{"@type":"BreadcrumbList","@id":"https:\/\/www.talidesign.eu\/et\/pood\/toode\/yamazaki-salvratikute-hoidja-valge\/#breadcrumb","itemListElement":[{"@type":"ListItem","position":1,"name":"Avaleht","item":"https:\/\/www.talidesign.eu\/et\/"},{"@type":"ListItem","position":2,"name":"Pood","item":"https:\/\/www.talidesign.eu\/et\/pood\/"},{"@type":"ListItem","position":3,"name":"Yamazaki salvr\u00e4tikute hoidja Valge"}]},{"@type":"WebSite","@id":"https:\/\/www.talidesign.eu\/et\/#website","url":"https:\/\/www.talidesign.eu\/et\/","name":"TALI Concept Store","description":"Suurim Disainipood Eestis","potentialAction":[{"@type":"SearchAction","target":{"@type":"EntryPoint","urlTemplate":"https:\/\/www.talidesign.eu\/et\/?s={search_term_string}"},"query-input":{"@type":"PropertyValueSpecification","valueRequired":true,"valueName":"search_term_string"}}],"inLanguage":"et"}]}},"_links":{"self":[{"href":"https:\/\/www.talidesign.eu\/et\/wp-json\/wp\/v2\/product\/37277","targetHints":{"allow":["GET"]}}],"collection":[{"href":"https:\/\/www.talidesign.eu\/et\/wp-json\/wp\/v2\/product"}],"about":[{"href":"https:\/\/www.talidesign.eu\/et\/wp-json\/wp\/v2\/types\/product"}],"wp:featuredmedia":[{"embeddable":true,"href":"https:\/\/www.talidesign.eu\/et\/wp-json\/wp\/v2\/media\/37278"}],"wp:attachment":[{"href":"https:\/\/www.talidesign.eu\/et\/wp-json\/wp\/v2\/media?parent=37277"}],"wp:term":[{"taxonomy":"product_brand","embeddable":true,"href":"https:\/\/www.talidesign.eu\/et\/wp-json\/wp\/v2\/product_brand?post=37277"},{"taxonomy":"product_cat","embeddable":true,"href":"https:\/\/www.talidesign.eu\/et\/wp-json\/wp\/v2\/product_cat?post=37277"},{"taxonomy":"product_tag","embeddable":true,"href":"https:\/\/www.talidesign.eu\/et\/wp-json\/wp\/v2\/product_tag?post=37277"}],"curies":[{"name":"wp","href":"https:\/\/api.w.org\/{rel}","templated":true}]}}