{"id":37492,"date":"2021-09-08T22:19:58","date_gmt":"2021-09-08T19:19:58","guid":{"rendered":"https:\/\/www.talidesign.eu\/shop\/product\/cutting-board-granite-big\/"},"modified":"2026-03-10T16:24:30","modified_gmt":"2026-03-10T14:24:30","slug":"zeller-loikelaud-granite-suur","status":"publish","type":"product","link":"https:\/\/www.talidesign.eu\/et\/pood\/toode\/zeller-loikelaud-granite-suur\/","title":{"rendered":"L\u00f5ikelaud &#8220;Granite&#8221; Suur"},"content":{"rendered":"<p><strong>L\u00f5ikelaud &#8220;Granite&#8221; Suur<\/strong><\/p>\n<p>Praktiline l\u00f5ikelaud on valmistatud kvaliteetsest plastist ja on t\u00f5eline igap\u00e4evane abiline. L\u00f5ikelaud on v\u00e4ga l\u00f5ikekindel ja h\u00fcgieeniline.<\/p>\n<p>\u2022 Valmistatud kvaliteetsest plastist<br \/>\n\u2022 M\u00f5\u00f5dud: 36,5 x 27,5 x 0,8 cm<br \/>\n\u2022 <a href=\"\/et\/tootekategooria\/brandid\/zeller-et\/\">Br\u00e4nd Zeller Home<\/a><\/p>\n<p><strong>Meist<\/strong><\/p>\n<p>1983. aastal Saksamaal asutatud Zeller Home t\u00f6\u00f6tab igal aastal v\u00e4lja lugematul hulgal uusi tooteid, mis vaatavad tulevikku. <\/p>\n<p>Kvaliteetne meisterlikkus \u2012 meie tooted sobivad igap\u00e4evaseks kasutamiseks ja on vastupidavad.<\/p>\n<p><a href=\"\/et\/tootekategooria\/brandid\/zeller-et\/\"><img loading=\"lazy\" decoding=\"async\" src=\"https:\/\/www.talidesign.eu\/wp\/wp-content\/uploads\/2021\/07\/titelbild-home-1920x1280-1-1536x1024-1-600x400.jpg\" alt=\"\" width=\"600\" height=\"400\" class=\"alignnone size-medium wp-image-32925\" srcset=\"https:\/\/www.talidesign.eu\/wp\/wp-content\/uploads\/2021\/07\/titelbild-home-1920x1280-1-1536x1024-1-600x400.jpg 600w, https:\/\/www.talidesign.eu\/wp\/wp-content\/uploads\/2021\/07\/titelbild-home-1920x1280-1-1536x1024-1-1200x800.jpg 1200w, https:\/\/www.talidesign.eu\/wp\/wp-content\/uploads\/2021\/07\/titelbild-home-1920x1280-1-1536x1024-1-768x512.jpg 768w, https:\/\/www.talidesign.eu\/wp\/wp-content\/uploads\/2021\/07\/titelbild-home-1920x1280-1-1536x1024-1-500x333.jpg 500w, https:\/\/www.talidesign.eu\/wp\/wp-content\/uploads\/2021\/07\/titelbild-home-1920x1280-1-1536x1024-1-510x340.jpg 510w, https:\/\/www.talidesign.eu\/wp\/wp-content\/uploads\/2021\/07\/titelbild-home-1920x1280-1-1536x1024-1.jpg 1536w\" sizes=\"auto, (max-width: 600px) 100vw, 600px\" \/><\/a><\/p>\n","protected":false},"excerpt":{"rendered":"<p><strong>L\u00f5ikelaud &#8220;Granite&#8221; Suur<\/strong><\/p>\n<p>Praktiline l\u00f5ikelaud on valmistatud kvaliteetsest plastist ja on t\u00f5eline igap\u00e4evane abiline. L\u00f5ikelaud on v\u00e4ga l\u00f5ikekindel ja h\u00fcgieeniline.<\/p>\n<p>\u2022 Valmistatud kvaliteetsest plastist<br \/>\n\u2022 M\u00f5\u00f5dud: 36,5 x 27,5 x 0,8 cm<br \/>\n\u2022 <a href=\"\/et\/tootekategooria\/brandid\/zeller-et\/\">Br\u00e4nd Zeller Home<\/a><\/p>\n<p><strong>Meist<\/strong><\/p>\n<p>1983. aastal Saksamaal asutatud Zeller Home t\u00f6\u00f6tab igal aastal v\u00e4lja lugematul hulgal uusi tooteid, mis vaatavad tulevikku. <\/p>\n<p>Kvaliteetne meisterlikkus \u2012 meie tooted sobivad igap\u00e4evaseks kasutamiseks ja on vastupidavad.<\/p>\n<p><a href=\"\/et\/tootekategooria\/brandid\/zeller-et\/\"><img loading=\"lazy\" decoding=\"async\" src=\"https:\/\/www.talidesign.eu\/wp\/wp-content\/uploads\/2021\/07\/titelbild-home-1920x1280-1-1536x1024-1-600x400.jpg\" alt=\"\" width=\"600\" height=\"400\" class=\"alignnone size-medium wp-image-32925\" srcset=\"https:\/\/www.talidesign.eu\/wp\/wp-content\/uploads\/2021\/07\/titelbild-home-1920x1280-1-1536x1024-1-600x400.jpg 600w, https:\/\/www.talidesign.eu\/wp\/wp-content\/uploads\/2021\/07\/titelbild-home-1920x1280-1-1536x1024-1-1200x800.jpg 1200w, https:\/\/www.talidesign.eu\/wp\/wp-content\/uploads\/2021\/07\/titelbild-home-1920x1280-1-1536x1024-1-768x512.jpg 768w, https:\/\/www.talidesign.eu\/wp\/wp-content\/uploads\/2021\/07\/titelbild-home-1920x1280-1-1536x1024-1-500x333.jpg 500w, https:\/\/www.talidesign.eu\/wp\/wp-content\/uploads\/2021\/07\/titelbild-home-1920x1280-1-1536x1024-1-510x340.jpg 510w, https:\/\/www.talidesign.eu\/wp\/wp-content\/uploads\/2021\/07\/titelbild-home-1920x1280-1-1536x1024-1.jpg 1536w\" sizes=\"auto, (max-width: 600px) 100vw, 600px\" \/><\/a><\/p>\n","protected":false},"featured_media":37493,"template":"","meta":[],"product_brand":[],"product_cat":[1026,1018,1030,1032],"product_tag":[1033],"class_list":{"0":"post-37492","1":"product","2":"type-product","3":"status-publish","4":"has-post-thumbnail","6":"product_cat-brandid","7":"product_cat-kodu","8":"product_cat-kook","9":"product_cat-zeller-et","10":"product_tag-zeller-et","12":"first","13":"instock","14":"taxable","15":"shipping-taxable","16":"purchasable","17":"product-type-simple"},"yoast_head":"<!-- This site is optimized with the Yoast SEO plugin v27.3 - https:\/\/yoast.com\/product\/yoast-seo-wordpress\/ -->\n<title>L\u00f5ikelaud &quot;Granite&quot; Suur - TALI Concept Store<\/title>\n<meta name=\"description\" content=\"Avasta praktiline l\u00f5ikelaud &quot;Granite&quot; Suur, mis on valmistatud kvaliteetsest plastist. See on l\u00f5ikekindel ja h\u00fcgieeniline abiline k\u00f6\u00f6gis. Br\u00e4nd Zeller Home.\" \/>\n<meta name=\"robots\" content=\"index, follow, max-snippet:-1, max-image-preview:large, max-video-preview:-1\" \/>\n<link rel=\"canonical\" href=\"https:\/\/www.talidesign.eu\/et\/pood\/toode\/zeller-loikelaud-granite-suur\/\" \/>\n<meta property=\"og:locale\" content=\"et_EE\" \/>\n<meta property=\"og:type\" content=\"article\" \/>\n<meta property=\"og:title\" content=\"L\u00f5ikelaud &quot;Granite&quot; Suur - TALI Concept Store\" \/>\n<meta property=\"og:description\" content=\"Avasta praktiline l\u00f5ikelaud &quot;Granite&quot; Suur, mis on valmistatud kvaliteetsest plastist. See on l\u00f5ikekindel ja h\u00fcgieeniline abiline k\u00f6\u00f6gis. Br\u00e4nd Zeller Home.\" \/>\n<meta property=\"og:url\" content=\"https:\/\/www.talidesign.eu\/et\/pood\/toode\/zeller-loikelaud-granite-suur\/\" \/>\n<meta property=\"og:site_name\" content=\"TALI Concept Store\" \/>\n<meta property=\"article:publisher\" content=\"https:\/\/www.facebook.com\/TaliDisain\/\" \/>\n<meta property=\"article:modified_time\" content=\"2026-03-10T14:24:30+00:00\" \/>\n<meta property=\"og:image\" content=\"https:\/\/www.talidesign.eu\/wp\/wp-content\/uploads\/2021\/09\/cutting-board-granite-big-zeller-26057.jpg\" \/>\n\t<meta property=\"og:image:width\" content=\"1400\" \/>\n\t<meta property=\"og:image:height\" content=\"1400\" \/>\n\t<meta property=\"og:image:type\" content=\"image\/jpeg\" \/>\n<meta name=\"twitter:card\" content=\"summary_large_image\" \/>\n<script type=\"application\/ld+json\" class=\"yoast-schema-graph\">{\"@context\":\"https:\\\/\\\/schema.org\",\"@graph\":[{\"@type\":\"WebPage\",\"@id\":\"https:\\\/\\\/www.talidesign.eu\\\/et\\\/pood\\\/toode\\\/zeller-loikelaud-granite-suur\\\/\",\"url\":\"https:\\\/\\\/www.talidesign.eu\\\/et\\\/pood\\\/toode\\\/zeller-loikelaud-granite-suur\\\/\",\"name\":\"L\u00f5ikelaud \\\"Granite\\\" Suur - TALI Concept Store\",\"isPartOf\":{\"@id\":\"https:\\\/\\\/www.talidesign.eu\\\/et\\\/#website\"},\"primaryImageOfPage\":{\"@id\":\"https:\\\/\\\/www.talidesign.eu\\\/et\\\/pood\\\/toode\\\/zeller-loikelaud-granite-suur\\\/#primaryimage\"},\"image\":{\"@id\":\"https:\\\/\\\/www.talidesign.eu\\\/et\\\/pood\\\/toode\\\/zeller-loikelaud-granite-suur\\\/#primaryimage\"},\"thumbnailUrl\":\"https:\\\/\\\/www.talidesign.eu\\\/wp\\\/wp-content\\\/uploads\\\/2021\\\/09\\\/cutting-board-granite-big-zeller-26057.jpg\",\"datePublished\":\"2021-09-08T19:19:58+00:00\",\"dateModified\":\"2026-03-10T14:24:30+00:00\",\"description\":\"Avasta praktiline l\u00f5ikelaud \\\"Granite\\\" Suur, mis on valmistatud kvaliteetsest plastist. See on l\u00f5ikekindel ja h\u00fcgieeniline abiline k\u00f6\u00f6gis. Br\u00e4nd Zeller Home.\",\"breadcrumb\":{\"@id\":\"https:\\\/\\\/www.talidesign.eu\\\/et\\\/pood\\\/toode\\\/zeller-loikelaud-granite-suur\\\/#breadcrumb\"},\"inLanguage\":\"et\",\"potentialAction\":[{\"@type\":\"ReadAction\",\"target\":[\"https:\\\/\\\/www.talidesign.eu\\\/et\\\/pood\\\/toode\\\/zeller-loikelaud-granite-suur\\\/\"]}]},{\"@type\":\"ImageObject\",\"inLanguage\":\"et\",\"@id\":\"https:\\\/\\\/www.talidesign.eu\\\/et\\\/pood\\\/toode\\\/zeller-loikelaud-granite-suur\\\/#primaryimage\",\"url\":\"https:\\\/\\\/www.talidesign.eu\\\/wp\\\/wp-content\\\/uploads\\\/2021\\\/09\\\/cutting-board-granite-big-zeller-26057.jpg\",\"contentUrl\":\"https:\\\/\\\/www.talidesign.eu\\\/wp\\\/wp-content\\\/uploads\\\/2021\\\/09\\\/cutting-board-granite-big-zeller-26057.jpg\",\"width\":1400,\"height\":1400},{\"@type\":\"BreadcrumbList\",\"@id\":\"https:\\\/\\\/www.talidesign.eu\\\/et\\\/pood\\\/toode\\\/zeller-loikelaud-granite-suur\\\/#breadcrumb\",\"itemListElement\":[{\"@type\":\"ListItem\",\"position\":1,\"name\":\"Avaleht\",\"item\":\"https:\\\/\\\/www.talidesign.eu\\\/et\\\/\"},{\"@type\":\"ListItem\",\"position\":2,\"name\":\"Pood\",\"item\":\"https:\\\/\\\/www.talidesign.eu\\\/et\\\/pood\\\/\"},{\"@type\":\"ListItem\",\"position\":3,\"name\":\"L\u00f5ikelaud &#8220;Granite&#8221; Suur\"}]},{\"@type\":\"WebSite\",\"@id\":\"https:\\\/\\\/www.talidesign.eu\\\/et\\\/#website\",\"url\":\"https:\\\/\\\/www.talidesign.eu\\\/et\\\/\",\"name\":\"TALI Concept Store\",\"description\":\"Suurim Disainipood Eestis\",\"potentialAction\":[{\"@type\":\"SearchAction\",\"target\":{\"@type\":\"EntryPoint\",\"urlTemplate\":\"https:\\\/\\\/www.talidesign.eu\\\/et\\\/?s={search_term_string}\"},\"query-input\":{\"@type\":\"PropertyValueSpecification\",\"valueRequired\":true,\"valueName\":\"search_term_string\"}}],\"inLanguage\":\"et\"}]}<\/script>\n<!-- \/ Yoast SEO plugin. -->","yoast_head_json":{"title":"L\u00f5ikelaud \"Granite\" Suur - TALI Concept Store","description":"Avasta praktiline l\u00f5ikelaud \"Granite\" Suur, mis on valmistatud kvaliteetsest plastist. See on l\u00f5ikekindel ja h\u00fcgieeniline abiline k\u00f6\u00f6gis. Br\u00e4nd Zeller Home.","robots":{"index":"index","follow":"follow","max-snippet":"max-snippet:-1","max-image-preview":"max-image-preview:large","max-video-preview":"max-video-preview:-1"},"canonical":"https:\/\/www.talidesign.eu\/et\/pood\/toode\/zeller-loikelaud-granite-suur\/","og_locale":"et_EE","og_type":"article","og_title":"L\u00f5ikelaud \"Granite\" Suur - TALI Concept Store","og_description":"Avasta praktiline l\u00f5ikelaud \"Granite\" Suur, mis on valmistatud kvaliteetsest plastist. See on l\u00f5ikekindel ja h\u00fcgieeniline abiline k\u00f6\u00f6gis. Br\u00e4nd Zeller Home.","og_url":"https:\/\/www.talidesign.eu\/et\/pood\/toode\/zeller-loikelaud-granite-suur\/","og_site_name":"TALI Concept Store","article_publisher":"https:\/\/www.facebook.com\/TaliDisain\/","article_modified_time":"2026-03-10T14:24:30+00:00","og_image":[{"width":1400,"height":1400,"url":"https:\/\/www.talidesign.eu\/wp\/wp-content\/uploads\/2021\/09\/cutting-board-granite-big-zeller-26057.jpg","type":"image\/jpeg"}],"twitter_card":"summary_large_image","schema":{"@context":"https:\/\/schema.org","@graph":[{"@type":"WebPage","@id":"https:\/\/www.talidesign.eu\/et\/pood\/toode\/zeller-loikelaud-granite-suur\/","url":"https:\/\/www.talidesign.eu\/et\/pood\/toode\/zeller-loikelaud-granite-suur\/","name":"L\u00f5ikelaud \"Granite\" Suur - TALI Concept Store","isPartOf":{"@id":"https:\/\/www.talidesign.eu\/et\/#website"},"primaryImageOfPage":{"@id":"https:\/\/www.talidesign.eu\/et\/pood\/toode\/zeller-loikelaud-granite-suur\/#primaryimage"},"image":{"@id":"https:\/\/www.talidesign.eu\/et\/pood\/toode\/zeller-loikelaud-granite-suur\/#primaryimage"},"thumbnailUrl":"https:\/\/www.talidesign.eu\/wp\/wp-content\/uploads\/2021\/09\/cutting-board-granite-big-zeller-26057.jpg","datePublished":"2021-09-08T19:19:58+00:00","dateModified":"2026-03-10T14:24:30+00:00","description":"Avasta praktiline l\u00f5ikelaud \"Granite\" Suur, mis on valmistatud kvaliteetsest plastist. See on l\u00f5ikekindel ja h\u00fcgieeniline abiline k\u00f6\u00f6gis. Br\u00e4nd Zeller Home.","breadcrumb":{"@id":"https:\/\/www.talidesign.eu\/et\/pood\/toode\/zeller-loikelaud-granite-suur\/#breadcrumb"},"inLanguage":"et","potentialAction":[{"@type":"ReadAction","target":["https:\/\/www.talidesign.eu\/et\/pood\/toode\/zeller-loikelaud-granite-suur\/"]}]},{"@type":"ImageObject","inLanguage":"et","@id":"https:\/\/www.talidesign.eu\/et\/pood\/toode\/zeller-loikelaud-granite-suur\/#primaryimage","url":"https:\/\/www.talidesign.eu\/wp\/wp-content\/uploads\/2021\/09\/cutting-board-granite-big-zeller-26057.jpg","contentUrl":"https:\/\/www.talidesign.eu\/wp\/wp-content\/uploads\/2021\/09\/cutting-board-granite-big-zeller-26057.jpg","width":1400,"height":1400},{"@type":"BreadcrumbList","@id":"https:\/\/www.talidesign.eu\/et\/pood\/toode\/zeller-loikelaud-granite-suur\/#breadcrumb","itemListElement":[{"@type":"ListItem","position":1,"name":"Avaleht","item":"https:\/\/www.talidesign.eu\/et\/"},{"@type":"ListItem","position":2,"name":"Pood","item":"https:\/\/www.talidesign.eu\/et\/pood\/"},{"@type":"ListItem","position":3,"name":"L\u00f5ikelaud &#8220;Granite&#8221; Suur"}]},{"@type":"WebSite","@id":"https:\/\/www.talidesign.eu\/et\/#website","url":"https:\/\/www.talidesign.eu\/et\/","name":"TALI Concept Store","description":"Suurim Disainipood Eestis","potentialAction":[{"@type":"SearchAction","target":{"@type":"EntryPoint","urlTemplate":"https:\/\/www.talidesign.eu\/et\/?s={search_term_string}"},"query-input":{"@type":"PropertyValueSpecification","valueRequired":true,"valueName":"search_term_string"}}],"inLanguage":"et"}]}},"_links":{"self":[{"href":"https:\/\/www.talidesign.eu\/et\/wp-json\/wp\/v2\/product\/37492","targetHints":{"allow":["GET"]}}],"collection":[{"href":"https:\/\/www.talidesign.eu\/et\/wp-json\/wp\/v2\/product"}],"about":[{"href":"https:\/\/www.talidesign.eu\/et\/wp-json\/wp\/v2\/types\/product"}],"wp:featuredmedia":[{"embeddable":true,"href":"https:\/\/www.talidesign.eu\/et\/wp-json\/wp\/v2\/media\/37493"}],"wp:attachment":[{"href":"https:\/\/www.talidesign.eu\/et\/wp-json\/wp\/v2\/media?parent=37492"}],"wp:term":[{"taxonomy":"product_brand","embeddable":true,"href":"https:\/\/www.talidesign.eu\/et\/wp-json\/wp\/v2\/product_brand?post=37492"},{"taxonomy":"product_cat","embeddable":true,"href":"https:\/\/www.talidesign.eu\/et\/wp-json\/wp\/v2\/product_cat?post=37492"},{"taxonomy":"product_tag","embeddable":true,"href":"https:\/\/www.talidesign.eu\/et\/wp-json\/wp\/v2\/product_tag?post=37492"}],"curies":[{"name":"wp","href":"https:\/\/api.w.org\/{rel}","templated":true}]}}