{"id":37520,"date":"2021-08-22T19:07:56","date_gmt":"2021-08-22T16:07:56","guid":{"rendered":"https:\/\/www.talidesign.eu\/shop\/product\/ladder-rack-with-2-baskets-metal-black\/"},"modified":"2026-04-12T11:49:00","modified_gmt":"2026-04-12T08:49:00","slug":"zeller-metallist-redel-2-korviga-must","status":"publish","type":"product","link":"https:\/\/www.talidesign.eu\/et\/pood\/toode\/zeller-metallist-redel-2-korviga-must\/","title":{"rendered":"Metallist redel 2 korviga Must"},"content":{"rendered":"<p><strong>Metallist redel 2 korviga Must<\/strong><\/p>\n<p>Kord ja puhtus kerge vaevaga &#8230; Redel j\u00e4tab oma funktsionaalsuse ja moodsa t\u00f6\u00f6stusdisainiga suurep\u00e4rase mulje kahel viisil. Kaks korvi pakuvad palju hoiuruumi ja neid saab vajaduse korral redelipulgale riputada v\u00f5i sealt eemaldada. Korvid on valmistatud kergesti hooldatavast hallist pol\u00fcestrist. Riiuli saab lihtsasti toetada iga seina vastu ja see on kohe kasutusvalmis \u2012 ilma puurimiseta. Redelit ei pea kasutama vaid vannitoas \u2012 saate selle h\u00f5lpsasti paigutada ka teistesse tubadesse.<\/p>\n<p>\u2022 Materijal: metall<br \/>\n\u2022 V\u00e4rv: must \/ hall<br \/>\n\u2022 M\u00f5\u00f5dud: 43 x 23 x 166 cm<br \/>\n\u2022 Kaasas: kokkupanemismaterjal ja -juhised<br \/>\n\u2022 Kiire ja lihtne kokku panna<br \/>\n\u2022 Hoiukorve saab reguleerida<br \/>\n\u2022 <a href=\"\/et\/tootekategooria\/brandid\/zeller-et\/\">Br\u00e4nd Zeller Home<\/a><\/p>\n<p><strong>Meist<\/strong><\/p>\n<p>1983. aastal Saksamaal asutatud Zeller Home t\u00f6\u00f6tab igal aastal v\u00e4lja lugematul hulgal uusi tooteid, mis vaatavad tulevikku. <\/p>\n<p>Kvaliteetne meisterlikkus \u2012 meie tooted sobivad igap\u00e4evaseks kasutamiseks ja on vastupidavad.<\/p>\n<p><a href=\"\/et\/tootekategooria\/brandid\/zeller-et\/\"><img loading=\"lazy\" decoding=\"async\" src=\"https:\/\/www.talidesign.eu\/wp\/wp-content\/uploads\/2021\/07\/titelbild-home-1920x1280-1-1536x1024-1-600x400.jpg\" alt=\"\" width=\"600\" height=\"400\" class=\"alignnone size-medium wp-image-32925\" srcset=\"https:\/\/www.talidesign.eu\/wp\/wp-content\/uploads\/2021\/07\/titelbild-home-1920x1280-1-1536x1024-1-600x400.jpg 600w, https:\/\/www.talidesign.eu\/wp\/wp-content\/uploads\/2021\/07\/titelbild-home-1920x1280-1-1536x1024-1-1200x800.jpg 1200w, https:\/\/www.talidesign.eu\/wp\/wp-content\/uploads\/2021\/07\/titelbild-home-1920x1280-1-1536x1024-1-768x512.jpg 768w, https:\/\/www.talidesign.eu\/wp\/wp-content\/uploads\/2021\/07\/titelbild-home-1920x1280-1-1536x1024-1-500x333.jpg 500w, https:\/\/www.talidesign.eu\/wp\/wp-content\/uploads\/2021\/07\/titelbild-home-1920x1280-1-1536x1024-1-510x340.jpg 510w, https:\/\/www.talidesign.eu\/wp\/wp-content\/uploads\/2021\/07\/titelbild-home-1920x1280-1-1536x1024-1.jpg 1536w\" sizes=\"auto, (max-width: 600px) 100vw, 600px\" \/><\/a><\/p>\n","protected":false},"excerpt":{"rendered":"<p><strong>Metallist redel 2 korviga Must<\/strong><\/p>\n<p>Kord ja puhtus kerge vaevaga &#8230; Redel j\u00e4tab oma funktsionaalsuse ja moodsa t\u00f6\u00f6stusdisainiga suurep\u00e4rase mulje kahel viisil. Kaks korvi pakuvad palju hoiuruumi ja neid saab vajaduse korral redelipulgale riputada v\u00f5i sealt eemaldada. Korvid on valmistatud kergesti hooldatavast hallist pol\u00fcestrist. Riiuli saab lihtsasti toetada iga seina vastu ja see on kohe kasutusvalmis \u2012 ilma puurimiseta. Redelit ei pea kasutama vaid vannitoas \u2012 saate selle h\u00f5lpsasti paigutada ka teistesse tubadesse.<\/p>\n<p>\u2022 Materijal: metall<br \/>\n\u2022 V\u00e4rv: must \/ hall<br \/>\n\u2022 M\u00f5\u00f5dud: 43 x 23 x 166 cm<br \/>\n\u2022 Kaasas: kokkupanemismaterjal ja -juhised<br \/>\n\u2022 Kiire ja lihtne kokku panna<br \/>\n\u2022 Hoiukorve saab reguleerida<br \/>\n\u2022 <a href=\"\/et\/tootekategooria\/brandid\/zeller-et\/\">Br\u00e4nd Zeller Home<\/a><\/p>\n<p><strong>Meist<\/strong><\/p>\n<p>1983. aastal Saksamaal asutatud Zeller Home t\u00f6\u00f6tab igal aastal v\u00e4lja lugematul hulgal uusi tooteid, mis vaatavad tulevikku. <\/p>\n<p>Kvaliteetne meisterlikkus \u2012 meie tooted sobivad igap\u00e4evaseks kasutamiseks ja on vastupidavad.<\/p>\n<p><a href=\"\/et\/tootekategooria\/brandid\/zeller-et\/\"><img loading=\"lazy\" decoding=\"async\" src=\"https:\/\/www.talidesign.eu\/wp\/wp-content\/uploads\/2021\/07\/titelbild-home-1920x1280-1-1536x1024-1-600x400.jpg\" alt=\"\" width=\"600\" height=\"400\" class=\"alignnone size-medium wp-image-32925\" srcset=\"https:\/\/www.talidesign.eu\/wp\/wp-content\/uploads\/2021\/07\/titelbild-home-1920x1280-1-1536x1024-1-600x400.jpg 600w, https:\/\/www.talidesign.eu\/wp\/wp-content\/uploads\/2021\/07\/titelbild-home-1920x1280-1-1536x1024-1-1200x800.jpg 1200w, https:\/\/www.talidesign.eu\/wp\/wp-content\/uploads\/2021\/07\/titelbild-home-1920x1280-1-1536x1024-1-768x512.jpg 768w, https:\/\/www.talidesign.eu\/wp\/wp-content\/uploads\/2021\/07\/titelbild-home-1920x1280-1-1536x1024-1-500x333.jpg 500w, https:\/\/www.talidesign.eu\/wp\/wp-content\/uploads\/2021\/07\/titelbild-home-1920x1280-1-1536x1024-1-510x340.jpg 510w, https:\/\/www.talidesign.eu\/wp\/wp-content\/uploads\/2021\/07\/titelbild-home-1920x1280-1-1536x1024-1.jpg 1536w\" sizes=\"auto, (max-width: 600px) 100vw, 600px\" \/><\/a><\/p>\n","protected":false},"featured_media":37521,"template":"","meta":[],"product_brand":[],"product_cat":[1026,1105,1031,1018,1030,1101,1100,1032],"product_tag":[1033],"class_list":{"0":"post-37520","1":"product","2":"type-product","3":"status-publish","4":"has-post-thumbnail","6":"product_cat-brandid","7":"product_cat-esik","8":"product_cat-hoiustamine","9":"product_cat-kodu","10":"product_cat-kook","11":"product_cat-magamis-ja-elutuba","12":"product_cat-vannituba","13":"product_cat-zeller-et","14":"product_tag-zeller-et","15":"product_shipping_class-no-parcel-machine","17":"first","18":"instock","19":"taxable","20":"shipping-taxable","21":"purchasable","22":"product-type-simple"},"yoast_head":"<!-- This site is optimized with the Yoast SEO plugin v27.3 - https:\/\/yoast.com\/product\/yoast-seo-wordpress\/ -->\n<title>Metallist redel 2 korviga Must - TALI Concept Store<\/title>\n<meta name=\"description\" content=\"Korraldage oma kodu lihtsalt ja stiilselt selle metallist redeliga, mis on varustatud kahe korviga. Musta v\u00e4rvi redel pakub palju hoiuruumi ja sobib igasse tuppa. Avastage rohkem siit!\" \/>\n<meta name=\"robots\" content=\"index, follow, max-snippet:-1, max-image-preview:large, max-video-preview:-1\" \/>\n<link rel=\"canonical\" href=\"https:\/\/www.talidesign.eu\/et\/pood\/toode\/zeller-metallist-redel-2-korviga-must\/\" \/>\n<meta property=\"og:locale\" content=\"et_EE\" \/>\n<meta property=\"og:type\" content=\"article\" \/>\n<meta property=\"og:title\" content=\"Metallist redel 2 korviga Must - TALI Concept Store\" \/>\n<meta property=\"og:description\" content=\"Korraldage oma kodu lihtsalt ja stiilselt selle metallist redeliga, mis on varustatud kahe korviga. Musta v\u00e4rvi redel pakub palju hoiuruumi ja sobib igasse tuppa. Avastage rohkem siit!\" \/>\n<meta property=\"og:url\" content=\"https:\/\/www.talidesign.eu\/et\/pood\/toode\/zeller-metallist-redel-2-korviga-must\/\" \/>\n<meta property=\"og:site_name\" content=\"TALI Concept Store\" \/>\n<meta property=\"article:publisher\" content=\"https:\/\/www.facebook.com\/TaliDisain\/\" \/>\n<meta property=\"article:modified_time\" content=\"2026-04-12T08:49:00+00:00\" \/>\n<meta property=\"og:image\" content=\"https:\/\/www.talidesign.eu\/wp\/wp-content\/uploads\/2021\/08\/17014.jpg\" \/>\n\t<meta property=\"og:image:width\" content=\"1400\" \/>\n\t<meta property=\"og:image:height\" content=\"1400\" \/>\n\t<meta property=\"og:image:type\" content=\"image\/jpeg\" \/>\n<meta name=\"twitter:card\" content=\"summary_large_image\" \/>\n<meta name=\"twitter:label1\" content=\"Est. reading time\" \/>\n\t<meta name=\"twitter:data1\" content=\"1 minute\" \/>\n<script type=\"application\/ld+json\" class=\"yoast-schema-graph\">{\"@context\":\"https:\\\/\\\/schema.org\",\"@graph\":[{\"@type\":\"WebPage\",\"@id\":\"https:\\\/\\\/www.talidesign.eu\\\/et\\\/pood\\\/toode\\\/zeller-metallist-redel-2-korviga-must\\\/\",\"url\":\"https:\\\/\\\/www.talidesign.eu\\\/et\\\/pood\\\/toode\\\/zeller-metallist-redel-2-korviga-must\\\/\",\"name\":\"Metallist redel 2 korviga Must - TALI Concept Store\",\"isPartOf\":{\"@id\":\"https:\\\/\\\/www.talidesign.eu\\\/et\\\/#website\"},\"primaryImageOfPage\":{\"@id\":\"https:\\\/\\\/www.talidesign.eu\\\/et\\\/pood\\\/toode\\\/zeller-metallist-redel-2-korviga-must\\\/#primaryimage\"},\"image\":{\"@id\":\"https:\\\/\\\/www.talidesign.eu\\\/et\\\/pood\\\/toode\\\/zeller-metallist-redel-2-korviga-must\\\/#primaryimage\"},\"thumbnailUrl\":\"https:\\\/\\\/www.talidesign.eu\\\/wp\\\/wp-content\\\/uploads\\\/2021\\\/08\\\/17014.jpg\",\"datePublished\":\"2021-08-22T16:07:56+00:00\",\"dateModified\":\"2026-04-12T08:49:00+00:00\",\"description\":\"Korraldage oma kodu lihtsalt ja stiilselt selle metallist redeliga, mis on varustatud kahe korviga. Musta v\u00e4rvi redel pakub palju hoiuruumi ja sobib igasse tuppa. Avastage rohkem siit!\",\"breadcrumb\":{\"@id\":\"https:\\\/\\\/www.talidesign.eu\\\/et\\\/pood\\\/toode\\\/zeller-metallist-redel-2-korviga-must\\\/#breadcrumb\"},\"inLanguage\":\"et\",\"potentialAction\":[{\"@type\":\"ReadAction\",\"target\":[\"https:\\\/\\\/www.talidesign.eu\\\/et\\\/pood\\\/toode\\\/zeller-metallist-redel-2-korviga-must\\\/\"]}]},{\"@type\":\"ImageObject\",\"inLanguage\":\"et\",\"@id\":\"https:\\\/\\\/www.talidesign.eu\\\/et\\\/pood\\\/toode\\\/zeller-metallist-redel-2-korviga-must\\\/#primaryimage\",\"url\":\"https:\\\/\\\/www.talidesign.eu\\\/wp\\\/wp-content\\\/uploads\\\/2021\\\/08\\\/17014.jpg\",\"contentUrl\":\"https:\\\/\\\/www.talidesign.eu\\\/wp\\\/wp-content\\\/uploads\\\/2021\\\/08\\\/17014.jpg\",\"width\":1400,\"height\":1400},{\"@type\":\"BreadcrumbList\",\"@id\":\"https:\\\/\\\/www.talidesign.eu\\\/et\\\/pood\\\/toode\\\/zeller-metallist-redel-2-korviga-must\\\/#breadcrumb\",\"itemListElement\":[{\"@type\":\"ListItem\",\"position\":1,\"name\":\"Avaleht\",\"item\":\"https:\\\/\\\/www.talidesign.eu\\\/et\\\/\"},{\"@type\":\"ListItem\",\"position\":2,\"name\":\"Pood\",\"item\":\"https:\\\/\\\/www.talidesign.eu\\\/et\\\/pood\\\/\"},{\"@type\":\"ListItem\",\"position\":3,\"name\":\"Metallist redel 2 korviga Must\"}]},{\"@type\":\"WebSite\",\"@id\":\"https:\\\/\\\/www.talidesign.eu\\\/et\\\/#website\",\"url\":\"https:\\\/\\\/www.talidesign.eu\\\/et\\\/\",\"name\":\"TALI Concept Store\",\"description\":\"Suurim Disainipood Eestis\",\"potentialAction\":[{\"@type\":\"SearchAction\",\"target\":{\"@type\":\"EntryPoint\",\"urlTemplate\":\"https:\\\/\\\/www.talidesign.eu\\\/et\\\/?s={search_term_string}\"},\"query-input\":{\"@type\":\"PropertyValueSpecification\",\"valueRequired\":true,\"valueName\":\"search_term_string\"}}],\"inLanguage\":\"et\"}]}<\/script>\n<!-- \/ Yoast SEO plugin. -->","yoast_head_json":{"title":"Metallist redel 2 korviga Must - TALI Concept Store","description":"Korraldage oma kodu lihtsalt ja stiilselt selle metallist redeliga, mis on varustatud kahe korviga. Musta v\u00e4rvi redel pakub palju hoiuruumi ja sobib igasse tuppa. Avastage rohkem siit!","robots":{"index":"index","follow":"follow","max-snippet":"max-snippet:-1","max-image-preview":"max-image-preview:large","max-video-preview":"max-video-preview:-1"},"canonical":"https:\/\/www.talidesign.eu\/et\/pood\/toode\/zeller-metallist-redel-2-korviga-must\/","og_locale":"et_EE","og_type":"article","og_title":"Metallist redel 2 korviga Must - TALI Concept Store","og_description":"Korraldage oma kodu lihtsalt ja stiilselt selle metallist redeliga, mis on varustatud kahe korviga. Musta v\u00e4rvi redel pakub palju hoiuruumi ja sobib igasse tuppa. Avastage rohkem siit!","og_url":"https:\/\/www.talidesign.eu\/et\/pood\/toode\/zeller-metallist-redel-2-korviga-must\/","og_site_name":"TALI Concept Store","article_publisher":"https:\/\/www.facebook.com\/TaliDisain\/","article_modified_time":"2026-04-12T08:49:00+00:00","og_image":[{"width":1400,"height":1400,"url":"https:\/\/www.talidesign.eu\/wp\/wp-content\/uploads\/2021\/08\/17014.jpg","type":"image\/jpeg"}],"twitter_card":"summary_large_image","twitter_misc":{"Est. reading time":"1 minute"},"schema":{"@context":"https:\/\/schema.org","@graph":[{"@type":"WebPage","@id":"https:\/\/www.talidesign.eu\/et\/pood\/toode\/zeller-metallist-redel-2-korviga-must\/","url":"https:\/\/www.talidesign.eu\/et\/pood\/toode\/zeller-metallist-redel-2-korviga-must\/","name":"Metallist redel 2 korviga Must - TALI Concept Store","isPartOf":{"@id":"https:\/\/www.talidesign.eu\/et\/#website"},"primaryImageOfPage":{"@id":"https:\/\/www.talidesign.eu\/et\/pood\/toode\/zeller-metallist-redel-2-korviga-must\/#primaryimage"},"image":{"@id":"https:\/\/www.talidesign.eu\/et\/pood\/toode\/zeller-metallist-redel-2-korviga-must\/#primaryimage"},"thumbnailUrl":"https:\/\/www.talidesign.eu\/wp\/wp-content\/uploads\/2021\/08\/17014.jpg","datePublished":"2021-08-22T16:07:56+00:00","dateModified":"2026-04-12T08:49:00+00:00","description":"Korraldage oma kodu lihtsalt ja stiilselt selle metallist redeliga, mis on varustatud kahe korviga. Musta v\u00e4rvi redel pakub palju hoiuruumi ja sobib igasse tuppa. Avastage rohkem siit!","breadcrumb":{"@id":"https:\/\/www.talidesign.eu\/et\/pood\/toode\/zeller-metallist-redel-2-korviga-must\/#breadcrumb"},"inLanguage":"et","potentialAction":[{"@type":"ReadAction","target":["https:\/\/www.talidesign.eu\/et\/pood\/toode\/zeller-metallist-redel-2-korviga-must\/"]}]},{"@type":"ImageObject","inLanguage":"et","@id":"https:\/\/www.talidesign.eu\/et\/pood\/toode\/zeller-metallist-redel-2-korviga-must\/#primaryimage","url":"https:\/\/www.talidesign.eu\/wp\/wp-content\/uploads\/2021\/08\/17014.jpg","contentUrl":"https:\/\/www.talidesign.eu\/wp\/wp-content\/uploads\/2021\/08\/17014.jpg","width":1400,"height":1400},{"@type":"BreadcrumbList","@id":"https:\/\/www.talidesign.eu\/et\/pood\/toode\/zeller-metallist-redel-2-korviga-must\/#breadcrumb","itemListElement":[{"@type":"ListItem","position":1,"name":"Avaleht","item":"https:\/\/www.talidesign.eu\/et\/"},{"@type":"ListItem","position":2,"name":"Pood","item":"https:\/\/www.talidesign.eu\/et\/pood\/"},{"@type":"ListItem","position":3,"name":"Metallist redel 2 korviga Must"}]},{"@type":"WebSite","@id":"https:\/\/www.talidesign.eu\/et\/#website","url":"https:\/\/www.talidesign.eu\/et\/","name":"TALI Concept Store","description":"Suurim Disainipood Eestis","potentialAction":[{"@type":"SearchAction","target":{"@type":"EntryPoint","urlTemplate":"https:\/\/www.talidesign.eu\/et\/?s={search_term_string}"},"query-input":{"@type":"PropertyValueSpecification","valueRequired":true,"valueName":"search_term_string"}}],"inLanguage":"et"}]}},"_links":{"self":[{"href":"https:\/\/www.talidesign.eu\/et\/wp-json\/wp\/v2\/product\/37520","targetHints":{"allow":["GET"]}}],"collection":[{"href":"https:\/\/www.talidesign.eu\/et\/wp-json\/wp\/v2\/product"}],"about":[{"href":"https:\/\/www.talidesign.eu\/et\/wp-json\/wp\/v2\/types\/product"}],"wp:featuredmedia":[{"embeddable":true,"href":"https:\/\/www.talidesign.eu\/et\/wp-json\/wp\/v2\/media\/37521"}],"wp:attachment":[{"href":"https:\/\/www.talidesign.eu\/et\/wp-json\/wp\/v2\/media?parent=37520"}],"wp:term":[{"taxonomy":"product_brand","embeddable":true,"href":"https:\/\/www.talidesign.eu\/et\/wp-json\/wp\/v2\/product_brand?post=37520"},{"taxonomy":"product_cat","embeddable":true,"href":"https:\/\/www.talidesign.eu\/et\/wp-json\/wp\/v2\/product_cat?post=37520"},{"taxonomy":"product_tag","embeddable":true,"href":"https:\/\/www.talidesign.eu\/et\/wp-json\/wp\/v2\/product_tag?post=37520"}],"curies":[{"name":"wp","href":"https:\/\/api.w.org\/{rel}","templated":true}]}}