{"id":37562,"date":"2021-08-06T18:59:08","date_gmt":"2021-08-06T15:59:08","guid":{"rendered":"https:\/\/www.talidesign.eu\/shop\/product\/wall-wardrobe-metal-black\/"},"modified":"2025-11-09T16:38:48","modified_gmt":"2025-11-09T14:38:48","slug":"metallist-riidenagi-riiuliga-must","status":"publish","type":"product","link":"https:\/\/www.talidesign.eu\/et\/pood\/toode\/metallist-riidenagi-riiuliga-must\/","title":{"rendered":"Metallist riidenagi riiuliga Must"},"content":{"rendered":"<p><strong>Metallist riidenagi riiuliga Must<\/strong><\/p>\n<p>Kas soovite oma koju midagi erilist? Siis on \u00f5ige valik meie \u00fclimoodne seinale paigaldatav mustast metallist nagi! Riidenagi sobitub ideaalselt teie koridori \u00fcldise ilmega ja selle eriline disain muudab nagi t\u00f5eliseks pilgup\u00fc\u00fcdjaks. Olgu see vannitoas r\u00e4tikute ja hommikumantlite jaoks v\u00f5i koridoris jopede, mantlite ja m\u00fctside riputamiseks \u2012 nagi on mitmek\u00fclgne ja n\u00e4eb alati hea v\u00e4lja. Asetage sallid, m\u00fctsid v\u00f5i kotid lihtsalt hoiuriiulile, samal ajal kui k\u00fcmmet konksu saab kasutada jopede ja mantlite riputamiseks. <\/p>\n<p>\u2022 Materjal: metall<br \/>\n\u2022 Hooldusjuhised: p\u00fchkige niiske lapiga<br \/>\n\u2022 M\u00f5\u00f5dud: 51.4 x 24 x 21 cm<br \/>\n\u2022 Lihtne ise kokku panna<br \/>\n\u2022 <a href=\"\/et\/tootekategooria\/brandid\/zeller-et\/\">Br\u00e4nd Zeller Home<\/a><\/p>\n<p><strong>Meist<\/strong><\/p>\n<p>1983. aastal Saksamaal asutatud Zeller Home t\u00f6\u00f6tab igal aastal v\u00e4lja lugematul hulgal uusi tooteid, mis vaatavad tulevikku. <\/p>\n<p>Kvaliteetne meisterlikkus \u2012 meie tooted sobivad igap\u00e4evaseks kasutamiseks ja on vastupidavad.<\/p>\n<p><a href=\"\/et\/tootekategooria\/brandid\/zeller-et\/\"><img loading=\"lazy\" decoding=\"async\" src=\"https:\/\/www.talidesign.eu\/wp\/wp-content\/uploads\/2021\/07\/titelbild-home-1920x1280-1-1536x1024-1-600x400.jpg\" alt=\"\" width=\"600\" height=\"400\" class=\"alignnone size-medium wp-image-32925\" srcset=\"https:\/\/www.talidesign.eu\/wp\/wp-content\/uploads\/2021\/07\/titelbild-home-1920x1280-1-1536x1024-1-600x400.jpg 600w, https:\/\/www.talidesign.eu\/wp\/wp-content\/uploads\/2021\/07\/titelbild-home-1920x1280-1-1536x1024-1-1200x800.jpg 1200w, https:\/\/www.talidesign.eu\/wp\/wp-content\/uploads\/2021\/07\/titelbild-home-1920x1280-1-1536x1024-1-768x512.jpg 768w, https:\/\/www.talidesign.eu\/wp\/wp-content\/uploads\/2021\/07\/titelbild-home-1920x1280-1-1536x1024-1-500x333.jpg 500w, https:\/\/www.talidesign.eu\/wp\/wp-content\/uploads\/2021\/07\/titelbild-home-1920x1280-1-1536x1024-1-510x340.jpg 510w, https:\/\/www.talidesign.eu\/wp\/wp-content\/uploads\/2021\/07\/titelbild-home-1920x1280-1-1536x1024-1.jpg 1536w\" sizes=\"auto, (max-width: 600px) 100vw, 600px\" \/><\/a><\/p>\n","protected":false},"excerpt":{"rendered":"<p><strong>Metallist riidenagi riiuliga Must<\/strong><\/p>\n<p>Kas soovite oma koju midagi erilist? Siis on \u00f5ige valik meie \u00fclimoodne seinale paigaldatav mustast metallist nagi! Riidenagi sobitub ideaalselt teie koridori \u00fcldise ilmega ja selle eriline disain muudab nagi t\u00f5eliseks pilgup\u00fc\u00fcdjaks. Olgu see vannitoas r\u00e4tikute ja hommikumantlite jaoks v\u00f5i koridoris jopede, mantlite ja m\u00fctside riputamiseks \u2012 nagi on mitmek\u00fclgne ja n\u00e4eb alati hea v\u00e4lja. Asetage sallid, m\u00fctsid v\u00f5i kotid lihtsalt hoiuriiulile, samal ajal kui k\u00fcmmet konksu saab kasutada jopede ja mantlite riputamiseks. <\/p>\n<p>\u2022 Materjal: metall<br \/>\n\u2022 Hooldusjuhised: p\u00fchkige niiske lapiga<br \/>\n\u2022 M\u00f5\u00f5dud: 51.4 x 24 x 21 cm<br \/>\n\u2022 Lihtne ise kokku panna<br \/>\n\u2022 <a href=\"\/et\/tootekategooria\/brandid\/zeller-et\/\">Br\u00e4nd Zeller Home<\/a><\/p>\n<p><strong>Meist<\/strong><\/p>\n<p>1983. aastal Saksamaal asutatud Zeller Home t\u00f6\u00f6tab igal aastal v\u00e4lja lugematul hulgal uusi tooteid, mis vaatavad tulevikku. <\/p>\n<p>Kvaliteetne meisterlikkus \u2012 meie tooted sobivad igap\u00e4evaseks kasutamiseks ja on vastupidavad.<\/p>\n<p><a href=\"\/et\/tootekategooria\/brandid\/zeller-et\/\"><img loading=\"lazy\" decoding=\"async\" src=\"https:\/\/www.talidesign.eu\/wp\/wp-content\/uploads\/2021\/07\/titelbild-home-1920x1280-1-1536x1024-1-600x400.jpg\" alt=\"\" width=\"600\" height=\"400\" class=\"alignnone size-medium wp-image-32925\" srcset=\"https:\/\/www.talidesign.eu\/wp\/wp-content\/uploads\/2021\/07\/titelbild-home-1920x1280-1-1536x1024-1-600x400.jpg 600w, https:\/\/www.talidesign.eu\/wp\/wp-content\/uploads\/2021\/07\/titelbild-home-1920x1280-1-1536x1024-1-1200x800.jpg 1200w, https:\/\/www.talidesign.eu\/wp\/wp-content\/uploads\/2021\/07\/titelbild-home-1920x1280-1-1536x1024-1-768x512.jpg 768w, https:\/\/www.talidesign.eu\/wp\/wp-content\/uploads\/2021\/07\/titelbild-home-1920x1280-1-1536x1024-1-500x333.jpg 500w, https:\/\/www.talidesign.eu\/wp\/wp-content\/uploads\/2021\/07\/titelbild-home-1920x1280-1-1536x1024-1-510x340.jpg 510w, https:\/\/www.talidesign.eu\/wp\/wp-content\/uploads\/2021\/07\/titelbild-home-1920x1280-1-1536x1024-1.jpg 1536w\" sizes=\"auto, (max-width: 600px) 100vw, 600px\" \/><\/a><\/p>\n","protected":false},"featured_media":37563,"template":"","meta":[],"product_brand":[],"product_cat":[1026,1105,1031,1018,1106,1100,1032],"product_tag":[1033],"class_list":{"0":"post-37562","1":"product","2":"type-product","3":"status-publish","4":"has-post-thumbnail","6":"product_cat-brandid","7":"product_cat-esik","8":"product_cat-hoiustamine","9":"product_cat-kodu","10":"product_cat-konksud-nagid","11":"product_cat-vannituba","12":"product_cat-zeller-et","13":"product_tag-zeller-et","15":"first","16":"outofstock","17":"taxable","18":"shipping-taxable","19":"purchasable","20":"product-type-simple"},"yoast_head":"<!-- This site is optimized with the Yoast SEO plugin v27.3 - https:\/\/yoast.com\/product\/yoast-seo-wordpress\/ -->\n<title>Metallist riidenagi riiuliga Must - TALI Concept Store<\/title>\n<meta name=\"description\" content=\"Avasta meie \u00fclimoodne must metallist riidenagi riiuliga! See pilkup\u00fc\u00fcdev disain sobib suurep\u00e4raselt koridori v\u00f5i vannitoa jaoks. Lisaks on sellel k\u00fcmmet konksu jopede ja mantlite riputamiseks ning hoiuriiul sallide ja m\u00fctside jaoks. Lihtne kokku panna ja hooldada. Br\u00e4nd Zeller Home.\" \/>\n<meta name=\"robots\" content=\"index, follow, max-snippet:-1, max-image-preview:large, max-video-preview:-1\" \/>\n<link rel=\"canonical\" href=\"https:\/\/www.talidesign.eu\/et\/pood\/toode\/metallist-riidenagi-riiuliga-must\/\" \/>\n<meta property=\"og:locale\" content=\"et_EE\" \/>\n<meta property=\"og:type\" content=\"article\" \/>\n<meta property=\"og:title\" content=\"Metallist riidenagi riiuliga Must - TALI Concept Store\" \/>\n<meta property=\"og:description\" content=\"Avasta meie \u00fclimoodne must metallist riidenagi riiuliga! See pilkup\u00fc\u00fcdev disain sobib suurep\u00e4raselt koridori v\u00f5i vannitoa jaoks. Lisaks on sellel k\u00fcmmet konksu jopede ja mantlite riputamiseks ning hoiuriiul sallide ja m\u00fctside jaoks. Lihtne kokku panna ja hooldada. Br\u00e4nd Zeller Home.\" \/>\n<meta property=\"og:url\" content=\"https:\/\/www.talidesign.eu\/et\/pood\/toode\/metallist-riidenagi-riiuliga-must\/\" \/>\n<meta property=\"og:site_name\" content=\"TALI Concept Store\" \/>\n<meta property=\"article:publisher\" content=\"https:\/\/www.facebook.com\/TaliDisain\/\" \/>\n<meta property=\"article:modified_time\" content=\"2025-11-09T14:38:48+00:00\" \/>\n<meta property=\"og:image\" content=\"https:\/\/www.talidesign.eu\/wp\/wp-content\/uploads\/2021\/08\/17011.jpg\" \/>\n\t<meta property=\"og:image:width\" content=\"1400\" \/>\n\t<meta property=\"og:image:height\" content=\"1400\" \/>\n\t<meta property=\"og:image:type\" content=\"image\/jpeg\" \/>\n<meta name=\"twitter:card\" content=\"summary_large_image\" \/>\n<meta name=\"twitter:label1\" content=\"Est. reading time\" \/>\n\t<meta name=\"twitter:data1\" content=\"1 minute\" \/>\n<script type=\"application\/ld+json\" class=\"yoast-schema-graph\">{\"@context\":\"https:\\\/\\\/schema.org\",\"@graph\":[{\"@type\":\"WebPage\",\"@id\":\"https:\\\/\\\/www.talidesign.eu\\\/et\\\/pood\\\/toode\\\/metallist-riidenagi-riiuliga-must\\\/\",\"url\":\"https:\\\/\\\/www.talidesign.eu\\\/et\\\/pood\\\/toode\\\/metallist-riidenagi-riiuliga-must\\\/\",\"name\":\"Metallist riidenagi riiuliga Must - TALI Concept Store\",\"isPartOf\":{\"@id\":\"https:\\\/\\\/www.talidesign.eu\\\/et\\\/#website\"},\"primaryImageOfPage\":{\"@id\":\"https:\\\/\\\/www.talidesign.eu\\\/et\\\/pood\\\/toode\\\/metallist-riidenagi-riiuliga-must\\\/#primaryimage\"},\"image\":{\"@id\":\"https:\\\/\\\/www.talidesign.eu\\\/et\\\/pood\\\/toode\\\/metallist-riidenagi-riiuliga-must\\\/#primaryimage\"},\"thumbnailUrl\":\"https:\\\/\\\/www.talidesign.eu\\\/wp\\\/wp-content\\\/uploads\\\/2021\\\/08\\\/17011.jpg\",\"datePublished\":\"2021-08-06T15:59:08+00:00\",\"dateModified\":\"2025-11-09T14:38:48+00:00\",\"description\":\"Avasta meie \u00fclimoodne must metallist riidenagi riiuliga! See pilkup\u00fc\u00fcdev disain sobib suurep\u00e4raselt koridori v\u00f5i vannitoa jaoks. Lisaks on sellel k\u00fcmmet konksu jopede ja mantlite riputamiseks ning hoiuriiul sallide ja m\u00fctside jaoks. Lihtne kokku panna ja hooldada. Br\u00e4nd Zeller Home.\",\"breadcrumb\":{\"@id\":\"https:\\\/\\\/www.talidesign.eu\\\/et\\\/pood\\\/toode\\\/metallist-riidenagi-riiuliga-must\\\/#breadcrumb\"},\"inLanguage\":\"et\",\"potentialAction\":[{\"@type\":\"ReadAction\",\"target\":[\"https:\\\/\\\/www.talidesign.eu\\\/et\\\/pood\\\/toode\\\/metallist-riidenagi-riiuliga-must\\\/\"]}]},{\"@type\":\"ImageObject\",\"inLanguage\":\"et\",\"@id\":\"https:\\\/\\\/www.talidesign.eu\\\/et\\\/pood\\\/toode\\\/metallist-riidenagi-riiuliga-must\\\/#primaryimage\",\"url\":\"https:\\\/\\\/www.talidesign.eu\\\/wp\\\/wp-content\\\/uploads\\\/2021\\\/08\\\/17011.jpg\",\"contentUrl\":\"https:\\\/\\\/www.talidesign.eu\\\/wp\\\/wp-content\\\/uploads\\\/2021\\\/08\\\/17011.jpg\",\"width\":1400,\"height\":1400},{\"@type\":\"BreadcrumbList\",\"@id\":\"https:\\\/\\\/www.talidesign.eu\\\/et\\\/pood\\\/toode\\\/metallist-riidenagi-riiuliga-must\\\/#breadcrumb\",\"itemListElement\":[{\"@type\":\"ListItem\",\"position\":1,\"name\":\"Avaleht\",\"item\":\"https:\\\/\\\/www.talidesign.eu\\\/et\\\/\"},{\"@type\":\"ListItem\",\"position\":2,\"name\":\"Pood\",\"item\":\"https:\\\/\\\/www.talidesign.eu\\\/et\\\/pood\\\/\"},{\"@type\":\"ListItem\",\"position\":3,\"name\":\"Metallist riidenagi riiuliga Must\"}]},{\"@type\":\"WebSite\",\"@id\":\"https:\\\/\\\/www.talidesign.eu\\\/et\\\/#website\",\"url\":\"https:\\\/\\\/www.talidesign.eu\\\/et\\\/\",\"name\":\"TALI Concept Store\",\"description\":\"Suurim Disainipood Eestis\",\"potentialAction\":[{\"@type\":\"SearchAction\",\"target\":{\"@type\":\"EntryPoint\",\"urlTemplate\":\"https:\\\/\\\/www.talidesign.eu\\\/et\\\/?s={search_term_string}\"},\"query-input\":{\"@type\":\"PropertyValueSpecification\",\"valueRequired\":true,\"valueName\":\"search_term_string\"}}],\"inLanguage\":\"et\"}]}<\/script>\n<!-- \/ Yoast SEO plugin. -->","yoast_head_json":{"title":"Metallist riidenagi riiuliga Must - TALI Concept Store","description":"Avasta meie \u00fclimoodne must metallist riidenagi riiuliga! See pilkup\u00fc\u00fcdev disain sobib suurep\u00e4raselt koridori v\u00f5i vannitoa jaoks. Lisaks on sellel k\u00fcmmet konksu jopede ja mantlite riputamiseks ning hoiuriiul sallide ja m\u00fctside jaoks. Lihtne kokku panna ja hooldada. Br\u00e4nd Zeller Home.","robots":{"index":"index","follow":"follow","max-snippet":"max-snippet:-1","max-image-preview":"max-image-preview:large","max-video-preview":"max-video-preview:-1"},"canonical":"https:\/\/www.talidesign.eu\/et\/pood\/toode\/metallist-riidenagi-riiuliga-must\/","og_locale":"et_EE","og_type":"article","og_title":"Metallist riidenagi riiuliga Must - TALI Concept Store","og_description":"Avasta meie \u00fclimoodne must metallist riidenagi riiuliga! See pilkup\u00fc\u00fcdev disain sobib suurep\u00e4raselt koridori v\u00f5i vannitoa jaoks. Lisaks on sellel k\u00fcmmet konksu jopede ja mantlite riputamiseks ning hoiuriiul sallide ja m\u00fctside jaoks. Lihtne kokku panna ja hooldada. Br\u00e4nd Zeller Home.","og_url":"https:\/\/www.talidesign.eu\/et\/pood\/toode\/metallist-riidenagi-riiuliga-must\/","og_site_name":"TALI Concept Store","article_publisher":"https:\/\/www.facebook.com\/TaliDisain\/","article_modified_time":"2025-11-09T14:38:48+00:00","og_image":[{"width":1400,"height":1400,"url":"https:\/\/www.talidesign.eu\/wp\/wp-content\/uploads\/2021\/08\/17011.jpg","type":"image\/jpeg"}],"twitter_card":"summary_large_image","twitter_misc":{"Est. reading time":"1 minute"},"schema":{"@context":"https:\/\/schema.org","@graph":[{"@type":"WebPage","@id":"https:\/\/www.talidesign.eu\/et\/pood\/toode\/metallist-riidenagi-riiuliga-must\/","url":"https:\/\/www.talidesign.eu\/et\/pood\/toode\/metallist-riidenagi-riiuliga-must\/","name":"Metallist riidenagi riiuliga Must - TALI Concept Store","isPartOf":{"@id":"https:\/\/www.talidesign.eu\/et\/#website"},"primaryImageOfPage":{"@id":"https:\/\/www.talidesign.eu\/et\/pood\/toode\/metallist-riidenagi-riiuliga-must\/#primaryimage"},"image":{"@id":"https:\/\/www.talidesign.eu\/et\/pood\/toode\/metallist-riidenagi-riiuliga-must\/#primaryimage"},"thumbnailUrl":"https:\/\/www.talidesign.eu\/wp\/wp-content\/uploads\/2021\/08\/17011.jpg","datePublished":"2021-08-06T15:59:08+00:00","dateModified":"2025-11-09T14:38:48+00:00","description":"Avasta meie \u00fclimoodne must metallist riidenagi riiuliga! See pilkup\u00fc\u00fcdev disain sobib suurep\u00e4raselt koridori v\u00f5i vannitoa jaoks. Lisaks on sellel k\u00fcmmet konksu jopede ja mantlite riputamiseks ning hoiuriiul sallide ja m\u00fctside jaoks. Lihtne kokku panna ja hooldada. Br\u00e4nd Zeller Home.","breadcrumb":{"@id":"https:\/\/www.talidesign.eu\/et\/pood\/toode\/metallist-riidenagi-riiuliga-must\/#breadcrumb"},"inLanguage":"et","potentialAction":[{"@type":"ReadAction","target":["https:\/\/www.talidesign.eu\/et\/pood\/toode\/metallist-riidenagi-riiuliga-must\/"]}]},{"@type":"ImageObject","inLanguage":"et","@id":"https:\/\/www.talidesign.eu\/et\/pood\/toode\/metallist-riidenagi-riiuliga-must\/#primaryimage","url":"https:\/\/www.talidesign.eu\/wp\/wp-content\/uploads\/2021\/08\/17011.jpg","contentUrl":"https:\/\/www.talidesign.eu\/wp\/wp-content\/uploads\/2021\/08\/17011.jpg","width":1400,"height":1400},{"@type":"BreadcrumbList","@id":"https:\/\/www.talidesign.eu\/et\/pood\/toode\/metallist-riidenagi-riiuliga-must\/#breadcrumb","itemListElement":[{"@type":"ListItem","position":1,"name":"Avaleht","item":"https:\/\/www.talidesign.eu\/et\/"},{"@type":"ListItem","position":2,"name":"Pood","item":"https:\/\/www.talidesign.eu\/et\/pood\/"},{"@type":"ListItem","position":3,"name":"Metallist riidenagi riiuliga Must"}]},{"@type":"WebSite","@id":"https:\/\/www.talidesign.eu\/et\/#website","url":"https:\/\/www.talidesign.eu\/et\/","name":"TALI Concept Store","description":"Suurim Disainipood Eestis","potentialAction":[{"@type":"SearchAction","target":{"@type":"EntryPoint","urlTemplate":"https:\/\/www.talidesign.eu\/et\/?s={search_term_string}"},"query-input":{"@type":"PropertyValueSpecification","valueRequired":true,"valueName":"search_term_string"}}],"inLanguage":"et"}]}},"_links":{"self":[{"href":"https:\/\/www.talidesign.eu\/et\/wp-json\/wp\/v2\/product\/37562","targetHints":{"allow":["GET"]}}],"collection":[{"href":"https:\/\/www.talidesign.eu\/et\/wp-json\/wp\/v2\/product"}],"about":[{"href":"https:\/\/www.talidesign.eu\/et\/wp-json\/wp\/v2\/types\/product"}],"wp:featuredmedia":[{"embeddable":true,"href":"https:\/\/www.talidesign.eu\/et\/wp-json\/wp\/v2\/media\/37563"}],"wp:attachment":[{"href":"https:\/\/www.talidesign.eu\/et\/wp-json\/wp\/v2\/media?parent=37562"}],"wp:term":[{"taxonomy":"product_brand","embeddable":true,"href":"https:\/\/www.talidesign.eu\/et\/wp-json\/wp\/v2\/product_brand?post=37562"},{"taxonomy":"product_cat","embeddable":true,"href":"https:\/\/www.talidesign.eu\/et\/wp-json\/wp\/v2\/product_cat?post=37562"},{"taxonomy":"product_tag","embeddable":true,"href":"https:\/\/www.talidesign.eu\/et\/wp-json\/wp\/v2\/product_tag?post=37562"}],"curies":[{"name":"wp","href":"https:\/\/api.w.org\/{rel}","templated":true}]}}