{"id":37573,"date":"2021-07-29T10:36:06","date_gmt":"2021-07-29T07:36:06","guid":{"rendered":"https:\/\/www.talidesign.eu\/shop\/product\/standing-shelf-3-layer-metal-black\/"},"modified":"2025-03-10T22:45:54","modified_gmt":"2025-03-10T20:45:54","slug":"zeller-metallist-3-tasandiga-redelriiul-must","status":"publish","type":"product","link":"https:\/\/www.talidesign.eu\/et\/pood\/toode\/zeller-metallist-3-tasandiga-redelriiul-must\/","title":{"rendered":"Metallist 3 tasandiga redelriiul Must"},"content":{"rendered":"<p><strong>Metallist 3 tasandiga redelriiul Must<\/strong><\/p>\n<p>Kas otsite moodsat ja trendikat p\u00fcstist riiulit? Mustast metallist valmistatud riiulil on t\u00e4pselt need omadused. Olgu see vannitoas kosmeetikatoodete ja r\u00e4tikute hoidmiseks, k\u00f6\u00f6gis toidu s\u00e4ilitamiseks v\u00f5i kontoris dokumentide korrastamiseks \u2012 see riiul on mitmek\u00fclgne ja sobib ideaalselt igasse ruumi. T\u00e4nu kolmele kallutatavale korvile saab nende sisu h\u00f5lpsalt eemaldada. Kui te riiulit enam ei kasuta, saate selle kompaktselt kokku panna. See v\u00f5imaldab riiulit hoida isegi v\u00e4ikestes kohtades. <\/p>\n<p>\u2022 Materjal: metall<br \/>\n\u2022 Hooldusjuhised: p\u00fchkige niiske lapiga<br \/>\n\u2022 M\u00f5\u00f5tmed: u 43 \u00d7 90 \u00d7 90 cm<br \/>\n\u2022 Korvid saab h\u00f5lpsamaks juurdep\u00e4\u00e4suks nurga alla seada<br \/>\n\u2022 Vajaduse korral saab minimaalselt ruumi v\u00f5ttes kokku panna ja mujal hoida<br \/>\n\u2022 <a href=\"\/et\/tootekategooria\/brandid\/zeller-et\/\">Br\u00e4nd Zeller Home<\/a><\/p>\n<p><strong>Meist<\/strong><\/p>\n<p>1983. aastal Saksamaal asutatud Zeller Home t\u00f6\u00f6tab igal aastal v\u00e4lja lugematul hulgal uusi tooteid, mis vaatavad tulevikku. <\/p>\n<p>Kvaliteetne meisterlikkus \u2012 meie tooted sobivad igap\u00e4evaseks kasutamiseks ja on vastupidavad.<\/p>\n<p><a href=\"\/et\/tootekategooria\/brandid\/zeller-et\/\"><img loading=\"lazy\" decoding=\"async\" src=\"https:\/\/www.talidesign.eu\/wp\/wp-content\/uploads\/2021\/07\/titelbild-home-1920x1280-1-1536x1024-1-600x400.jpg\" alt=\"\" width=\"600\" height=\"400\" class=\"alignnone size-medium wp-image-32925\" srcset=\"https:\/\/www.talidesign.eu\/wp\/wp-content\/uploads\/2021\/07\/titelbild-home-1920x1280-1-1536x1024-1-600x400.jpg 600w, https:\/\/www.talidesign.eu\/wp\/wp-content\/uploads\/2021\/07\/titelbild-home-1920x1280-1-1536x1024-1-1200x800.jpg 1200w, https:\/\/www.talidesign.eu\/wp\/wp-content\/uploads\/2021\/07\/titelbild-home-1920x1280-1-1536x1024-1-768x512.jpg 768w, https:\/\/www.talidesign.eu\/wp\/wp-content\/uploads\/2021\/07\/titelbild-home-1920x1280-1-1536x1024-1-500x333.jpg 500w, https:\/\/www.talidesign.eu\/wp\/wp-content\/uploads\/2021\/07\/titelbild-home-1920x1280-1-1536x1024-1-510x340.jpg 510w, https:\/\/www.talidesign.eu\/wp\/wp-content\/uploads\/2021\/07\/titelbild-home-1920x1280-1-1536x1024-1.jpg 1536w\" sizes=\"auto, (max-width: 600px) 100vw, 600px\" \/><\/a><\/p>\n","protected":false},"excerpt":{"rendered":"<p><strong>Metallist 3 tasandiga redelriiul Must<\/strong><\/p>\n<p>Kas otsite moodsat ja trendikat p\u00fcstist riiulit? Mustast metallist valmistatud riiulil on t\u00e4pselt need omadused. Olgu see vannitoas kosmeetikatoodete ja r\u00e4tikute hoidmiseks, k\u00f6\u00f6gis toidu s\u00e4ilitamiseks v\u00f5i kontoris dokumentide korrastamiseks \u2012 see riiul on mitmek\u00fclgne ja sobib ideaalselt igasse ruumi. T\u00e4nu kolmele kallutatavale korvile saab nende sisu h\u00f5lpsalt eemaldada. Kui te riiulit enam ei kasuta, saate selle kompaktselt kokku panna. See v\u00f5imaldab riiulit hoida isegi v\u00e4ikestes kohtades. <\/p>\n<p>\u2022 Materjal: metall<br \/>\n\u2022 Hooldusjuhised: p\u00fchkige niiske lapiga<br \/>\n\u2022 M\u00f5\u00f5tmed: u 43 \u00d7 90 \u00d7 90 cm<br \/>\n\u2022 Korvid saab h\u00f5lpsamaks juurdep\u00e4\u00e4suks nurga alla seada<br \/>\n\u2022 Vajaduse korral saab minimaalselt ruumi v\u00f5ttes kokku panna ja mujal hoida<br \/>\n\u2022 <a href=\"\/et\/tootekategooria\/brandid\/zeller-et\/\">Br\u00e4nd Zeller Home<\/a><\/p>\n<p><strong>Meist<\/strong><\/p>\n<p>1983. aastal Saksamaal asutatud Zeller Home t\u00f6\u00f6tab igal aastal v\u00e4lja lugematul hulgal uusi tooteid, mis vaatavad tulevikku. <\/p>\n<p>Kvaliteetne meisterlikkus \u2012 meie tooted sobivad igap\u00e4evaseks kasutamiseks ja on vastupidavad.<\/p>\n<p><a href=\"\/et\/tootekategooria\/brandid\/zeller-et\/\"><img loading=\"lazy\" decoding=\"async\" src=\"https:\/\/www.talidesign.eu\/wp\/wp-content\/uploads\/2021\/07\/titelbild-home-1920x1280-1-1536x1024-1-600x400.jpg\" alt=\"\" width=\"600\" height=\"400\" class=\"alignnone size-medium wp-image-32925\" srcset=\"https:\/\/www.talidesign.eu\/wp\/wp-content\/uploads\/2021\/07\/titelbild-home-1920x1280-1-1536x1024-1-600x400.jpg 600w, https:\/\/www.talidesign.eu\/wp\/wp-content\/uploads\/2021\/07\/titelbild-home-1920x1280-1-1536x1024-1-1200x800.jpg 1200w, https:\/\/www.talidesign.eu\/wp\/wp-content\/uploads\/2021\/07\/titelbild-home-1920x1280-1-1536x1024-1-768x512.jpg 768w, https:\/\/www.talidesign.eu\/wp\/wp-content\/uploads\/2021\/07\/titelbild-home-1920x1280-1-1536x1024-1-500x333.jpg 500w, https:\/\/www.talidesign.eu\/wp\/wp-content\/uploads\/2021\/07\/titelbild-home-1920x1280-1-1536x1024-1-510x340.jpg 510w, https:\/\/www.talidesign.eu\/wp\/wp-content\/uploads\/2021\/07\/titelbild-home-1920x1280-1-1536x1024-1.jpg 1536w\" sizes=\"auto, (max-width: 600px) 100vw, 600px\" \/><\/a><\/p>\n","protected":false},"featured_media":37579,"template":"","meta":[],"product_brand":[],"product_cat":[1026,1105,1031,1018,1030,1100,1032],"product_tag":[1033],"class_list":{"0":"post-37573","1":"product","2":"type-product","3":"status-publish","4":"has-post-thumbnail","6":"product_cat-brandid","7":"product_cat-esik","8":"product_cat-hoiustamine","9":"product_cat-kodu","10":"product_cat-kook","11":"product_cat-vannituba","12":"product_cat-zeller-et","13":"product_tag-zeller-et","14":"product_shipping_class-no-parcel-machine","16":"first","17":"outofstock","18":"taxable","19":"shipping-taxable","20":"purchasable","21":"product-type-simple"},"yoast_head":"<!-- This site is optimized with the Yoast SEO plugin v27.3 - https:\/\/yoast.com\/product\/yoast-seo-wordpress\/ -->\n<title>Metallist 3 tasandiga redelriiul Must - TALI Concept Store<\/title>\n<meta name=\"description\" content=\"Avasta moodsa disainiga must metallist redelriiul, mis sobib ideaalselt igasse ruumi. Kallutatavad korvid ja kompaktne kokkupanek muudavad selle mitmek\u00fclgseks ja praktiliseks valikuks. Tutvu Zeller Home br\u00e4ndi kvaliteetse meisterlikkusega.\" \/>\n<meta name=\"robots\" content=\"index, follow, max-snippet:-1, max-image-preview:large, max-video-preview:-1\" \/>\n<link rel=\"canonical\" href=\"https:\/\/www.talidesign.eu\/et\/pood\/toode\/zeller-metallist-3-tasandiga-redelriiul-must\/\" \/>\n<meta property=\"og:locale\" content=\"et_EE\" \/>\n<meta property=\"og:type\" content=\"article\" \/>\n<meta property=\"og:title\" content=\"Metallist 3 tasandiga redelriiul Must - TALI Concept Store\" \/>\n<meta property=\"og:description\" content=\"Avasta moodsa disainiga must metallist redelriiul, mis sobib ideaalselt igasse ruumi. Kallutatavad korvid ja kompaktne kokkupanek muudavad selle mitmek\u00fclgseks ja praktiliseks valikuks. Tutvu Zeller Home br\u00e4ndi kvaliteetse meisterlikkusega.\" \/>\n<meta property=\"og:url\" content=\"https:\/\/www.talidesign.eu\/et\/pood\/toode\/zeller-metallist-3-tasandiga-redelriiul-must\/\" \/>\n<meta property=\"og:site_name\" content=\"TALI Concept Store\" \/>\n<meta property=\"article:publisher\" content=\"https:\/\/www.facebook.com\/TaliDisain\/\" \/>\n<meta property=\"article:modified_time\" content=\"2025-03-10T20:45:54+00:00\" \/>\n<meta property=\"og:image\" content=\"https:\/\/www.talidesign.eu\/wp\/wp-content\/uploads\/2021\/07\/standing-shelf-3-layer-metal-black-zeller-17012.jpg\" \/>\n\t<meta property=\"og:image:width\" content=\"1400\" \/>\n\t<meta property=\"og:image:height\" content=\"1400\" \/>\n\t<meta property=\"og:image:type\" content=\"image\/jpeg\" \/>\n<meta name=\"twitter:card\" content=\"summary_large_image\" \/>\n<meta name=\"twitter:label1\" content=\"Est. reading time\" \/>\n\t<meta name=\"twitter:data1\" content=\"1 minute\" \/>\n<script type=\"application\/ld+json\" class=\"yoast-schema-graph\">{\"@context\":\"https:\\\/\\\/schema.org\",\"@graph\":[{\"@type\":\"WebPage\",\"@id\":\"https:\\\/\\\/www.talidesign.eu\\\/et\\\/pood\\\/toode\\\/zeller-metallist-3-tasandiga-redelriiul-must\\\/\",\"url\":\"https:\\\/\\\/www.talidesign.eu\\\/et\\\/pood\\\/toode\\\/zeller-metallist-3-tasandiga-redelriiul-must\\\/\",\"name\":\"Metallist 3 tasandiga redelriiul Must - TALI Concept Store\",\"isPartOf\":{\"@id\":\"https:\\\/\\\/www.talidesign.eu\\\/et\\\/#website\"},\"primaryImageOfPage\":{\"@id\":\"https:\\\/\\\/www.talidesign.eu\\\/et\\\/pood\\\/toode\\\/zeller-metallist-3-tasandiga-redelriiul-must\\\/#primaryimage\"},\"image\":{\"@id\":\"https:\\\/\\\/www.talidesign.eu\\\/et\\\/pood\\\/toode\\\/zeller-metallist-3-tasandiga-redelriiul-must\\\/#primaryimage\"},\"thumbnailUrl\":\"https:\\\/\\\/www.talidesign.eu\\\/wp\\\/wp-content\\\/uploads\\\/2021\\\/07\\\/standing-shelf-3-layer-metal-black-zeller-17012.jpg\",\"datePublished\":\"2021-07-29T07:36:06+00:00\",\"dateModified\":\"2025-03-10T20:45:54+00:00\",\"description\":\"Avasta moodsa disainiga must metallist redelriiul, mis sobib ideaalselt igasse ruumi. Kallutatavad korvid ja kompaktne kokkupanek muudavad selle mitmek\u00fclgseks ja praktiliseks valikuks. Tutvu Zeller Home br\u00e4ndi kvaliteetse meisterlikkusega.\",\"breadcrumb\":{\"@id\":\"https:\\\/\\\/www.talidesign.eu\\\/et\\\/pood\\\/toode\\\/zeller-metallist-3-tasandiga-redelriiul-must\\\/#breadcrumb\"},\"inLanguage\":\"et\",\"potentialAction\":[{\"@type\":\"ReadAction\",\"target\":[\"https:\\\/\\\/www.talidesign.eu\\\/et\\\/pood\\\/toode\\\/zeller-metallist-3-tasandiga-redelriiul-must\\\/\"]}]},{\"@type\":\"ImageObject\",\"inLanguage\":\"et\",\"@id\":\"https:\\\/\\\/www.talidesign.eu\\\/et\\\/pood\\\/toode\\\/zeller-metallist-3-tasandiga-redelriiul-must\\\/#primaryimage\",\"url\":\"https:\\\/\\\/www.talidesign.eu\\\/wp\\\/wp-content\\\/uploads\\\/2021\\\/07\\\/standing-shelf-3-layer-metal-black-zeller-17012.jpg\",\"contentUrl\":\"https:\\\/\\\/www.talidesign.eu\\\/wp\\\/wp-content\\\/uploads\\\/2021\\\/07\\\/standing-shelf-3-layer-metal-black-zeller-17012.jpg\",\"width\":1400,\"height\":1400},{\"@type\":\"BreadcrumbList\",\"@id\":\"https:\\\/\\\/www.talidesign.eu\\\/et\\\/pood\\\/toode\\\/zeller-metallist-3-tasandiga-redelriiul-must\\\/#breadcrumb\",\"itemListElement\":[{\"@type\":\"ListItem\",\"position\":1,\"name\":\"Avaleht\",\"item\":\"https:\\\/\\\/www.talidesign.eu\\\/et\\\/\"},{\"@type\":\"ListItem\",\"position\":2,\"name\":\"Pood\",\"item\":\"https:\\\/\\\/www.talidesign.eu\\\/et\\\/pood\\\/\"},{\"@type\":\"ListItem\",\"position\":3,\"name\":\"Metallist 3 tasandiga redelriiul Must\"}]},{\"@type\":\"WebSite\",\"@id\":\"https:\\\/\\\/www.talidesign.eu\\\/et\\\/#website\",\"url\":\"https:\\\/\\\/www.talidesign.eu\\\/et\\\/\",\"name\":\"TALI Concept Store\",\"description\":\"Suurim Disainipood Eestis\",\"potentialAction\":[{\"@type\":\"SearchAction\",\"target\":{\"@type\":\"EntryPoint\",\"urlTemplate\":\"https:\\\/\\\/www.talidesign.eu\\\/et\\\/?s={search_term_string}\"},\"query-input\":{\"@type\":\"PropertyValueSpecification\",\"valueRequired\":true,\"valueName\":\"search_term_string\"}}],\"inLanguage\":\"et\"}]}<\/script>\n<!-- \/ Yoast SEO plugin. -->","yoast_head_json":{"title":"Metallist 3 tasandiga redelriiul Must - TALI Concept Store","description":"Avasta moodsa disainiga must metallist redelriiul, mis sobib ideaalselt igasse ruumi. Kallutatavad korvid ja kompaktne kokkupanek muudavad selle mitmek\u00fclgseks ja praktiliseks valikuks. Tutvu Zeller Home br\u00e4ndi kvaliteetse meisterlikkusega.","robots":{"index":"index","follow":"follow","max-snippet":"max-snippet:-1","max-image-preview":"max-image-preview:large","max-video-preview":"max-video-preview:-1"},"canonical":"https:\/\/www.talidesign.eu\/et\/pood\/toode\/zeller-metallist-3-tasandiga-redelriiul-must\/","og_locale":"et_EE","og_type":"article","og_title":"Metallist 3 tasandiga redelriiul Must - TALI Concept Store","og_description":"Avasta moodsa disainiga must metallist redelriiul, mis sobib ideaalselt igasse ruumi. Kallutatavad korvid ja kompaktne kokkupanek muudavad selle mitmek\u00fclgseks ja praktiliseks valikuks. Tutvu Zeller Home br\u00e4ndi kvaliteetse meisterlikkusega.","og_url":"https:\/\/www.talidesign.eu\/et\/pood\/toode\/zeller-metallist-3-tasandiga-redelriiul-must\/","og_site_name":"TALI Concept Store","article_publisher":"https:\/\/www.facebook.com\/TaliDisain\/","article_modified_time":"2025-03-10T20:45:54+00:00","og_image":[{"width":1400,"height":1400,"url":"https:\/\/www.talidesign.eu\/wp\/wp-content\/uploads\/2021\/07\/standing-shelf-3-layer-metal-black-zeller-17012.jpg","type":"image\/jpeg"}],"twitter_card":"summary_large_image","twitter_misc":{"Est. reading time":"1 minute"},"schema":{"@context":"https:\/\/schema.org","@graph":[{"@type":"WebPage","@id":"https:\/\/www.talidesign.eu\/et\/pood\/toode\/zeller-metallist-3-tasandiga-redelriiul-must\/","url":"https:\/\/www.talidesign.eu\/et\/pood\/toode\/zeller-metallist-3-tasandiga-redelriiul-must\/","name":"Metallist 3 tasandiga redelriiul Must - TALI Concept Store","isPartOf":{"@id":"https:\/\/www.talidesign.eu\/et\/#website"},"primaryImageOfPage":{"@id":"https:\/\/www.talidesign.eu\/et\/pood\/toode\/zeller-metallist-3-tasandiga-redelriiul-must\/#primaryimage"},"image":{"@id":"https:\/\/www.talidesign.eu\/et\/pood\/toode\/zeller-metallist-3-tasandiga-redelriiul-must\/#primaryimage"},"thumbnailUrl":"https:\/\/www.talidesign.eu\/wp\/wp-content\/uploads\/2021\/07\/standing-shelf-3-layer-metal-black-zeller-17012.jpg","datePublished":"2021-07-29T07:36:06+00:00","dateModified":"2025-03-10T20:45:54+00:00","description":"Avasta moodsa disainiga must metallist redelriiul, mis sobib ideaalselt igasse ruumi. Kallutatavad korvid ja kompaktne kokkupanek muudavad selle mitmek\u00fclgseks ja praktiliseks valikuks. Tutvu Zeller Home br\u00e4ndi kvaliteetse meisterlikkusega.","breadcrumb":{"@id":"https:\/\/www.talidesign.eu\/et\/pood\/toode\/zeller-metallist-3-tasandiga-redelriiul-must\/#breadcrumb"},"inLanguage":"et","potentialAction":[{"@type":"ReadAction","target":["https:\/\/www.talidesign.eu\/et\/pood\/toode\/zeller-metallist-3-tasandiga-redelriiul-must\/"]}]},{"@type":"ImageObject","inLanguage":"et","@id":"https:\/\/www.talidesign.eu\/et\/pood\/toode\/zeller-metallist-3-tasandiga-redelriiul-must\/#primaryimage","url":"https:\/\/www.talidesign.eu\/wp\/wp-content\/uploads\/2021\/07\/standing-shelf-3-layer-metal-black-zeller-17012.jpg","contentUrl":"https:\/\/www.talidesign.eu\/wp\/wp-content\/uploads\/2021\/07\/standing-shelf-3-layer-metal-black-zeller-17012.jpg","width":1400,"height":1400},{"@type":"BreadcrumbList","@id":"https:\/\/www.talidesign.eu\/et\/pood\/toode\/zeller-metallist-3-tasandiga-redelriiul-must\/#breadcrumb","itemListElement":[{"@type":"ListItem","position":1,"name":"Avaleht","item":"https:\/\/www.talidesign.eu\/et\/"},{"@type":"ListItem","position":2,"name":"Pood","item":"https:\/\/www.talidesign.eu\/et\/pood\/"},{"@type":"ListItem","position":3,"name":"Metallist 3 tasandiga redelriiul Must"}]},{"@type":"WebSite","@id":"https:\/\/www.talidesign.eu\/et\/#website","url":"https:\/\/www.talidesign.eu\/et\/","name":"TALI Concept Store","description":"Suurim Disainipood Eestis","potentialAction":[{"@type":"SearchAction","target":{"@type":"EntryPoint","urlTemplate":"https:\/\/www.talidesign.eu\/et\/?s={search_term_string}"},"query-input":{"@type":"PropertyValueSpecification","valueRequired":true,"valueName":"search_term_string"}}],"inLanguage":"et"}]}},"_links":{"self":[{"href":"https:\/\/www.talidesign.eu\/et\/wp-json\/wp\/v2\/product\/37573","targetHints":{"allow":["GET"]}}],"collection":[{"href":"https:\/\/www.talidesign.eu\/et\/wp-json\/wp\/v2\/product"}],"about":[{"href":"https:\/\/www.talidesign.eu\/et\/wp-json\/wp\/v2\/types\/product"}],"wp:featuredmedia":[{"embeddable":true,"href":"https:\/\/www.talidesign.eu\/et\/wp-json\/wp\/v2\/media\/37579"}],"wp:attachment":[{"href":"https:\/\/www.talidesign.eu\/et\/wp-json\/wp\/v2\/media?parent=37573"}],"wp:term":[{"taxonomy":"product_brand","embeddable":true,"href":"https:\/\/www.talidesign.eu\/et\/wp-json\/wp\/v2\/product_brand?post=37573"},{"taxonomy":"product_cat","embeddable":true,"href":"https:\/\/www.talidesign.eu\/et\/wp-json\/wp\/v2\/product_cat?post=37573"},{"taxonomy":"product_tag","embeddable":true,"href":"https:\/\/www.talidesign.eu\/et\/wp-json\/wp\/v2\/product_tag?post=37573"}],"curies":[{"name":"wp","href":"https:\/\/api.w.org\/{rel}","templated":true}]}}