{"id":37597,"date":"2021-07-28T11:25:06","date_gmt":"2021-07-28T08:25:06","guid":{"rendered":"https:\/\/www.talidesign.eu\/shop\/product\/ladder-towel-holder-bamboo-182cm\/"},"modified":"2026-03-05T17:56:42","modified_gmt":"2026-03-05T15:56:42","slug":"zeller-bambusest-redel-182cm","status":"publish","type":"product","link":"https:\/\/www.talidesign.eu\/et\/pood\/toode\/zeller-bambusest-redel-182cm\/","title":{"rendered":"Bambusest redel 182cm"},"content":{"rendered":"<p><strong>Bambusest redel 182cm<\/strong><\/p>\n<p>R\u00e4tikuid v\u00f5i riideid ei pea tingimata tavalistele k\u00e4ter\u00e4tikuhoidikutele v\u00f5i konksudele riputama. Meie redel pakub moodsat alternatiivi. Kuus redelipulka pakuvad piisavalt ruumi r\u00e4tikute kuivatamiseks v\u00f5i riiete hoidmiseks. Redelit ei pea kasutama vaid vannitoas, selle v\u00f5ib paigutada ka magamistuppa v\u00f5i garderoobi. Nii ei satu kantud riided kontoritoolile ega p\u00f5randale, vaid on kenasti redelil. T\u00e4nu redeli \u00fclemisele kaldservale saab selle ohutult seina vastu toetada.  <\/p>\n<p>Kokkupanek on kiire ja lihtne.  <\/p>\n<p>\u2022 Materjal: Bambus<br \/>\n\u2022 M\u00f5\u00f5dud: 50 x 3.5 x 182.5 cm<br \/>\n\u2022 Kuus pulka<br \/>\n\u2022 Lihtne ise kokku panna<br \/>\n\u2022 <a href=\"\/et\/tootekategooria\/brandid\/zeller-et\/\">Br\u00e4nd Zeller Home<\/a><\/p>\n<p><strong>Meist<\/strong><\/p>\n<p>1983. aastal Saksamaal asutatud Zeller Home t\u00f6\u00f6tab igal aastal v\u00e4lja lugematul hulgal uusi tooteid, mis vaatavad tulevikku. <\/p>\n<p>Kvaliteetne meisterlikkus \u2012 meie tooted sobivad igap\u00e4evaseks kasutamiseks ja on vastupidavad.<\/p>\n<p><a href=\"\/et\/tootekategooria\/brandid\/zeller-et\/\"><img loading=\"lazy\" decoding=\"async\" src=\"https:\/\/www.talidesign.eu\/wp\/wp-content\/uploads\/2021\/07\/titelbild-home-1920x1280-1-1536x1024-1-600x400.jpg\" alt=\"\" width=\"600\" height=\"400\" class=\"alignnone size-medium wp-image-32925\" srcset=\"https:\/\/www.talidesign.eu\/wp\/wp-content\/uploads\/2021\/07\/titelbild-home-1920x1280-1-1536x1024-1-600x400.jpg 600w, https:\/\/www.talidesign.eu\/wp\/wp-content\/uploads\/2021\/07\/titelbild-home-1920x1280-1-1536x1024-1-1200x800.jpg 1200w, https:\/\/www.talidesign.eu\/wp\/wp-content\/uploads\/2021\/07\/titelbild-home-1920x1280-1-1536x1024-1-768x512.jpg 768w, https:\/\/www.talidesign.eu\/wp\/wp-content\/uploads\/2021\/07\/titelbild-home-1920x1280-1-1536x1024-1-500x333.jpg 500w, https:\/\/www.talidesign.eu\/wp\/wp-content\/uploads\/2021\/07\/titelbild-home-1920x1280-1-1536x1024-1-510x340.jpg 510w, https:\/\/www.talidesign.eu\/wp\/wp-content\/uploads\/2021\/07\/titelbild-home-1920x1280-1-1536x1024-1.jpg 1536w\" sizes=\"auto, (max-width: 600px) 100vw, 600px\" \/><\/a><\/p>\n","protected":false},"excerpt":{"rendered":"<p><strong>Bambusest redel 182cm<\/strong><\/p>\n<p>R\u00e4tikuid v\u00f5i riideid ei pea tingimata tavalistele k\u00e4ter\u00e4tikuhoidikutele v\u00f5i konksudele riputama. Meie redel pakub moodsat alternatiivi. Kuus redelipulka pakuvad piisavalt ruumi r\u00e4tikute kuivatamiseks v\u00f5i riiete hoidmiseks. Redelit ei pea kasutama vaid vannitoas, selle v\u00f5ib paigutada ka magamistuppa v\u00f5i garderoobi. Nii ei satu kantud riided kontoritoolile ega p\u00f5randale, vaid on kenasti redelil. T\u00e4nu redeli \u00fclemisele kaldservale saab selle ohutult seina vastu toetada.  <\/p>\n<p>Kokkupanek on kiire ja lihtne.  <\/p>\n<p>\u2022 Materjal: Bambus<br \/>\n\u2022 M\u00f5\u00f5dud: 50 x 3.5 x 182.5 cm<br \/>\n\u2022 Kuus pulka<br \/>\n\u2022 Lihtne ise kokku panna<br \/>\n\u2022 <a href=\"\/et\/tootekategooria\/brandid\/zeller-et\/\">Br\u00e4nd Zeller Home<\/a><\/p>\n<p><strong>Meist<\/strong><\/p>\n<p>1983. aastal Saksamaal asutatud Zeller Home t\u00f6\u00f6tab igal aastal v\u00e4lja lugematul hulgal uusi tooteid, mis vaatavad tulevikku. <\/p>\n<p>Kvaliteetne meisterlikkus \u2012 meie tooted sobivad igap\u00e4evaseks kasutamiseks ja on vastupidavad.<\/p>\n<p><a href=\"\/et\/tootekategooria\/brandid\/zeller-et\/\"><img loading=\"lazy\" decoding=\"async\" src=\"https:\/\/www.talidesign.eu\/wp\/wp-content\/uploads\/2021\/07\/titelbild-home-1920x1280-1-1536x1024-1-600x400.jpg\" alt=\"\" width=\"600\" height=\"400\" class=\"alignnone size-medium wp-image-32925\" srcset=\"https:\/\/www.talidesign.eu\/wp\/wp-content\/uploads\/2021\/07\/titelbild-home-1920x1280-1-1536x1024-1-600x400.jpg 600w, https:\/\/www.talidesign.eu\/wp\/wp-content\/uploads\/2021\/07\/titelbild-home-1920x1280-1-1536x1024-1-1200x800.jpg 1200w, https:\/\/www.talidesign.eu\/wp\/wp-content\/uploads\/2021\/07\/titelbild-home-1920x1280-1-1536x1024-1-768x512.jpg 768w, https:\/\/www.talidesign.eu\/wp\/wp-content\/uploads\/2021\/07\/titelbild-home-1920x1280-1-1536x1024-1-500x333.jpg 500w, https:\/\/www.talidesign.eu\/wp\/wp-content\/uploads\/2021\/07\/titelbild-home-1920x1280-1-1536x1024-1-510x340.jpg 510w, https:\/\/www.talidesign.eu\/wp\/wp-content\/uploads\/2021\/07\/titelbild-home-1920x1280-1-1536x1024-1.jpg 1536w\" sizes=\"auto, (max-width: 600px) 100vw, 600px\" \/><\/a><\/p>\n","protected":false},"featured_media":37602,"template":"","meta":[],"product_brand":[],"product_cat":[1026,1105,1031,1018,1030,1101,1100,1032],"product_tag":[1033],"class_list":{"0":"post-37597","1":"product","2":"type-product","3":"status-publish","4":"has-post-thumbnail","6":"product_cat-brandid","7":"product_cat-esik","8":"product_cat-hoiustamine","9":"product_cat-kodu","10":"product_cat-kook","11":"product_cat-magamis-ja-elutuba","12":"product_cat-vannituba","13":"product_cat-zeller-et","14":"product_tag-zeller-et","15":"product_shipping_class-no-parcel-machine","17":"first","18":"instock","19":"taxable","20":"shipping-taxable","21":"purchasable","22":"product-type-simple"},"yoast_head":"<!-- This site is optimized with the Yoast SEO plugin v27.4 - https:\/\/yoast.com\/product\/yoast-seo-wordpress\/ -->\n<title>Bambusest redel 182cm - TALI Concept Store<\/title>\n<meta name=\"description\" content=\"Avasta stiilne ja praktiline bambusest redel 182cm. Ideaalne r\u00e4tikute kuivatamiseks v\u00f5i riiete hoidmiseks. Lihtne kokku panna ja ohutult seina vastu toetada. Br\u00e4nd Zeller Home.\" \/>\n<meta name=\"robots\" content=\"index, follow, max-snippet:-1, max-image-preview:large, max-video-preview:-1\" \/>\n<link rel=\"canonical\" href=\"https:\/\/www.talidesign.eu\/et\/pood\/toode\/zeller-bambusest-redel-182cm\/\" \/>\n<meta property=\"og:locale\" content=\"et_EE\" \/>\n<meta property=\"og:type\" content=\"article\" \/>\n<meta property=\"og:title\" content=\"Bambusest redel 182cm - TALI Concept Store\" \/>\n<meta property=\"og:description\" content=\"Avasta stiilne ja praktiline bambusest redel 182cm. Ideaalne r\u00e4tikute kuivatamiseks v\u00f5i riiete hoidmiseks. Lihtne kokku panna ja ohutult seina vastu toetada. Br\u00e4nd Zeller Home.\" \/>\n<meta property=\"og:url\" content=\"https:\/\/www.talidesign.eu\/et\/pood\/toode\/zeller-bambusest-redel-182cm\/\" \/>\n<meta property=\"og:site_name\" content=\"TALI Concept Store\" \/>\n<meta property=\"article:publisher\" content=\"https:\/\/www.facebook.com\/TaliDisain\/\" \/>\n<meta property=\"article:modified_time\" content=\"2026-03-05T15:56:42+00:00\" \/>\n<meta property=\"og:image\" content=\"https:\/\/www.talidesign.eu\/wp\/wp-content\/uploads\/2021\/07\/Ladder-Towel-Holder-Bamboo-182cm-1.jpg\" \/>\n\t<meta property=\"og:image:width\" content=\"1400\" \/>\n\t<meta property=\"og:image:height\" content=\"1400\" \/>\n\t<meta property=\"og:image:type\" content=\"image\/jpeg\" \/>\n<meta name=\"twitter:card\" content=\"summary_large_image\" \/>\n<meta name=\"twitter:label1\" content=\"Est. reading time\" \/>\n\t<meta name=\"twitter:data1\" content=\"1 minute\" \/>\n<script type=\"application\/ld+json\" class=\"yoast-schema-graph\">{\"@context\":\"https:\\\/\\\/schema.org\",\"@graph\":[{\"@type\":\"WebPage\",\"@id\":\"https:\\\/\\\/www.talidesign.eu\\\/et\\\/pood\\\/toode\\\/zeller-bambusest-redel-182cm\\\/\",\"url\":\"https:\\\/\\\/www.talidesign.eu\\\/et\\\/pood\\\/toode\\\/zeller-bambusest-redel-182cm\\\/\",\"name\":\"Bambusest redel 182cm - TALI Concept Store\",\"isPartOf\":{\"@id\":\"https:\\\/\\\/www.talidesign.eu\\\/et\\\/#website\"},\"primaryImageOfPage\":{\"@id\":\"https:\\\/\\\/www.talidesign.eu\\\/et\\\/pood\\\/toode\\\/zeller-bambusest-redel-182cm\\\/#primaryimage\"},\"image\":{\"@id\":\"https:\\\/\\\/www.talidesign.eu\\\/et\\\/pood\\\/toode\\\/zeller-bambusest-redel-182cm\\\/#primaryimage\"},\"thumbnailUrl\":\"https:\\\/\\\/www.talidesign.eu\\\/wp\\\/wp-content\\\/uploads\\\/2021\\\/07\\\/Ladder-Towel-Holder-Bamboo-182cm-1.jpg\",\"datePublished\":\"2021-07-28T08:25:06+00:00\",\"dateModified\":\"2026-03-05T15:56:42+00:00\",\"description\":\"Avasta stiilne ja praktiline bambusest redel 182cm. Ideaalne r\u00e4tikute kuivatamiseks v\u00f5i riiete hoidmiseks. Lihtne kokku panna ja ohutult seina vastu toetada. Br\u00e4nd Zeller Home.\",\"breadcrumb\":{\"@id\":\"https:\\\/\\\/www.talidesign.eu\\\/et\\\/pood\\\/toode\\\/zeller-bambusest-redel-182cm\\\/#breadcrumb\"},\"inLanguage\":\"et\",\"potentialAction\":[{\"@type\":\"ReadAction\",\"target\":[\"https:\\\/\\\/www.talidesign.eu\\\/et\\\/pood\\\/toode\\\/zeller-bambusest-redel-182cm\\\/\"]}]},{\"@type\":\"ImageObject\",\"inLanguage\":\"et\",\"@id\":\"https:\\\/\\\/www.talidesign.eu\\\/et\\\/pood\\\/toode\\\/zeller-bambusest-redel-182cm\\\/#primaryimage\",\"url\":\"https:\\\/\\\/www.talidesign.eu\\\/wp\\\/wp-content\\\/uploads\\\/2021\\\/07\\\/Ladder-Towel-Holder-Bamboo-182cm-1.jpg\",\"contentUrl\":\"https:\\\/\\\/www.talidesign.eu\\\/wp\\\/wp-content\\\/uploads\\\/2021\\\/07\\\/Ladder-Towel-Holder-Bamboo-182cm-1.jpg\",\"width\":1400,\"height\":1400},{\"@type\":\"BreadcrumbList\",\"@id\":\"https:\\\/\\\/www.talidesign.eu\\\/et\\\/pood\\\/toode\\\/zeller-bambusest-redel-182cm\\\/#breadcrumb\",\"itemListElement\":[{\"@type\":\"ListItem\",\"position\":1,\"name\":\"Avaleht\",\"item\":\"https:\\\/\\\/www.talidesign.eu\\\/et\\\/\"},{\"@type\":\"ListItem\",\"position\":2,\"name\":\"Pood\",\"item\":\"https:\\\/\\\/www.talidesign.eu\\\/et\\\/pood\\\/\"},{\"@type\":\"ListItem\",\"position\":3,\"name\":\"Bambusest redel 182cm\"}]},{\"@type\":\"WebSite\",\"@id\":\"https:\\\/\\\/www.talidesign.eu\\\/et\\\/#website\",\"url\":\"https:\\\/\\\/www.talidesign.eu\\\/et\\\/\",\"name\":\"TALI Concept Store\",\"description\":\"Suurim Disainipood Eestis\",\"potentialAction\":[{\"@type\":\"SearchAction\",\"target\":{\"@type\":\"EntryPoint\",\"urlTemplate\":\"https:\\\/\\\/www.talidesign.eu\\\/et\\\/?s={search_term_string}\"},\"query-input\":{\"@type\":\"PropertyValueSpecification\",\"valueRequired\":true,\"valueName\":\"search_term_string\"}}],\"inLanguage\":\"et\"}]}<\/script>\n<!-- \/ Yoast SEO plugin. -->","yoast_head_json":{"title":"Bambusest redel 182cm - TALI Concept Store","description":"Avasta stiilne ja praktiline bambusest redel 182cm. Ideaalne r\u00e4tikute kuivatamiseks v\u00f5i riiete hoidmiseks. Lihtne kokku panna ja ohutult seina vastu toetada. Br\u00e4nd Zeller Home.","robots":{"index":"index","follow":"follow","max-snippet":"max-snippet:-1","max-image-preview":"max-image-preview:large","max-video-preview":"max-video-preview:-1"},"canonical":"https:\/\/www.talidesign.eu\/et\/pood\/toode\/zeller-bambusest-redel-182cm\/","og_locale":"et_EE","og_type":"article","og_title":"Bambusest redel 182cm - TALI Concept Store","og_description":"Avasta stiilne ja praktiline bambusest redel 182cm. Ideaalne r\u00e4tikute kuivatamiseks v\u00f5i riiete hoidmiseks. Lihtne kokku panna ja ohutult seina vastu toetada. Br\u00e4nd Zeller Home.","og_url":"https:\/\/www.talidesign.eu\/et\/pood\/toode\/zeller-bambusest-redel-182cm\/","og_site_name":"TALI Concept Store","article_publisher":"https:\/\/www.facebook.com\/TaliDisain\/","article_modified_time":"2026-03-05T15:56:42+00:00","og_image":[{"width":1400,"height":1400,"url":"https:\/\/www.talidesign.eu\/wp\/wp-content\/uploads\/2021\/07\/Ladder-Towel-Holder-Bamboo-182cm-1.jpg","type":"image\/jpeg"}],"twitter_card":"summary_large_image","twitter_misc":{"Est. reading time":"1 minute"},"schema":{"@context":"https:\/\/schema.org","@graph":[{"@type":"WebPage","@id":"https:\/\/www.talidesign.eu\/et\/pood\/toode\/zeller-bambusest-redel-182cm\/","url":"https:\/\/www.talidesign.eu\/et\/pood\/toode\/zeller-bambusest-redel-182cm\/","name":"Bambusest redel 182cm - TALI Concept Store","isPartOf":{"@id":"https:\/\/www.talidesign.eu\/et\/#website"},"primaryImageOfPage":{"@id":"https:\/\/www.talidesign.eu\/et\/pood\/toode\/zeller-bambusest-redel-182cm\/#primaryimage"},"image":{"@id":"https:\/\/www.talidesign.eu\/et\/pood\/toode\/zeller-bambusest-redel-182cm\/#primaryimage"},"thumbnailUrl":"https:\/\/www.talidesign.eu\/wp\/wp-content\/uploads\/2021\/07\/Ladder-Towel-Holder-Bamboo-182cm-1.jpg","datePublished":"2021-07-28T08:25:06+00:00","dateModified":"2026-03-05T15:56:42+00:00","description":"Avasta stiilne ja praktiline bambusest redel 182cm. Ideaalne r\u00e4tikute kuivatamiseks v\u00f5i riiete hoidmiseks. Lihtne kokku panna ja ohutult seina vastu toetada. Br\u00e4nd Zeller Home.","breadcrumb":{"@id":"https:\/\/www.talidesign.eu\/et\/pood\/toode\/zeller-bambusest-redel-182cm\/#breadcrumb"},"inLanguage":"et","potentialAction":[{"@type":"ReadAction","target":["https:\/\/www.talidesign.eu\/et\/pood\/toode\/zeller-bambusest-redel-182cm\/"]}]},{"@type":"ImageObject","inLanguage":"et","@id":"https:\/\/www.talidesign.eu\/et\/pood\/toode\/zeller-bambusest-redel-182cm\/#primaryimage","url":"https:\/\/www.talidesign.eu\/wp\/wp-content\/uploads\/2021\/07\/Ladder-Towel-Holder-Bamboo-182cm-1.jpg","contentUrl":"https:\/\/www.talidesign.eu\/wp\/wp-content\/uploads\/2021\/07\/Ladder-Towel-Holder-Bamboo-182cm-1.jpg","width":1400,"height":1400},{"@type":"BreadcrumbList","@id":"https:\/\/www.talidesign.eu\/et\/pood\/toode\/zeller-bambusest-redel-182cm\/#breadcrumb","itemListElement":[{"@type":"ListItem","position":1,"name":"Avaleht","item":"https:\/\/www.talidesign.eu\/et\/"},{"@type":"ListItem","position":2,"name":"Pood","item":"https:\/\/www.talidesign.eu\/et\/pood\/"},{"@type":"ListItem","position":3,"name":"Bambusest redel 182cm"}]},{"@type":"WebSite","@id":"https:\/\/www.talidesign.eu\/et\/#website","url":"https:\/\/www.talidesign.eu\/et\/","name":"TALI Concept Store","description":"Suurim Disainipood Eestis","potentialAction":[{"@type":"SearchAction","target":{"@type":"EntryPoint","urlTemplate":"https:\/\/www.talidesign.eu\/et\/?s={search_term_string}"},"query-input":{"@type":"PropertyValueSpecification","valueRequired":true,"valueName":"search_term_string"}}],"inLanguage":"et"}]}},"_links":{"self":[{"href":"https:\/\/www.talidesign.eu\/et\/wp-json\/wp\/v2\/product\/37597","targetHints":{"allow":["GET"]}}],"collection":[{"href":"https:\/\/www.talidesign.eu\/et\/wp-json\/wp\/v2\/product"}],"about":[{"href":"https:\/\/www.talidesign.eu\/et\/wp-json\/wp\/v2\/types\/product"}],"wp:featuredmedia":[{"embeddable":true,"href":"https:\/\/www.talidesign.eu\/et\/wp-json\/wp\/v2\/media\/37602"}],"wp:attachment":[{"href":"https:\/\/www.talidesign.eu\/et\/wp-json\/wp\/v2\/media?parent=37597"}],"wp:term":[{"taxonomy":"product_brand","embeddable":true,"href":"https:\/\/www.talidesign.eu\/et\/wp-json\/wp\/v2\/product_brand?post=37597"},{"taxonomy":"product_cat","embeddable":true,"href":"https:\/\/www.talidesign.eu\/et\/wp-json\/wp\/v2\/product_cat?post=37597"},{"taxonomy":"product_tag","embeddable":true,"href":"https:\/\/www.talidesign.eu\/et\/wp-json\/wp\/v2\/product_tag?post=37597"}],"curies":[{"name":"wp","href":"https:\/\/api.w.org\/{rel}","templated":true}]}}