{"id":37617,"date":"2021-07-28T09:13:05","date_gmt":"2021-07-28T06:13:05","guid":{"rendered":"https:\/\/www.talidesign.eu\/shop\/product\/chopping-board-rubberwood-42cm\/"},"modified":"2022-09-11T14:24:32","modified_gmt":"2022-09-11T11:24:32","slug":"zeller-kummipuust-loikelaud-42cm","status":"publish","type":"product","link":"https:\/\/www.talidesign.eu\/et\/pood\/toode\/zeller-kummipuust-loikelaud-42cm\/","title":{"rendered":"Kummipuust l\u00f5ikelaud 42cm"},"content":{"rendered":"<p><strong>Kummipuust l\u00f5ikelaud 42cm<\/strong><\/p>\n<p>See vastupidav l\u00f5ikelaud on valmistatud kaut\u0161ukipuust. See on tugevast materjalist ja loodusliku disainiga. L\u00f5ikelaud sobib suurep\u00e4raselt igasuguste toiduainete hakkimiseks ja t\u00fckeldamiseks. See k\u00f6\u00f6giabiline on nugade vastu \u00f5rn ning ka maitse ja l\u00f5hna poolest neutraalne. H\u00fcgieeni parandamiseks on see alus kaetud \u00f5rna lakiga. See pikendab l\u00f5ikelaua kasutuskestust.<\/p>\n<p>\u2022 Valmistatud kvaliteetsest kummipuust<br \/>\n\u2022 Puidust jalad<br \/>\n\u2022 Eriti vastupidav ja \u00f5rn nugade vastu<br \/>\n\u2022 M\u00f5\u00f5dud: 42 x 27 x 5.5 cm<br \/>\n\u2022 <a href=\"\/et\/tootekategooria\/brandid\/zeller-et\/\">Br\u00e4nd Zeller Home<\/a><\/p>\n<p><strong>Meist<\/strong><\/p>\n<p>1983. aastal Saksamaal asutatud Zeller Home t\u00f6\u00f6tab igal aastal v\u00e4lja lugematul hulgal uusi tooteid, mis vaatavad tulevikku. <\/p>\n<p>Kvaliteetne meisterlikkus \u2012 meie tooted sobivad igap\u00e4evaseks kasutamiseks ja on vastupidavad.<\/p>\n<p><a href=\"\/et\/tootekategooria\/brandid\/zeller-et\/\"><img loading=\"lazy\" decoding=\"async\" src=\"https:\/\/www.talidesign.eu\/wp\/wp-content\/uploads\/2021\/07\/titelbild-home-1920x1280-1-1536x1024-1-600x400.jpg\" alt=\"\" width=\"600\" height=\"400\" class=\"alignnone size-medium wp-image-32925\" srcset=\"https:\/\/www.talidesign.eu\/wp\/wp-content\/uploads\/2021\/07\/titelbild-home-1920x1280-1-1536x1024-1-600x400.jpg 600w, https:\/\/www.talidesign.eu\/wp\/wp-content\/uploads\/2021\/07\/titelbild-home-1920x1280-1-1536x1024-1-1200x800.jpg 1200w, https:\/\/www.talidesign.eu\/wp\/wp-content\/uploads\/2021\/07\/titelbild-home-1920x1280-1-1536x1024-1-768x512.jpg 768w, https:\/\/www.talidesign.eu\/wp\/wp-content\/uploads\/2021\/07\/titelbild-home-1920x1280-1-1536x1024-1-500x333.jpg 500w, https:\/\/www.talidesign.eu\/wp\/wp-content\/uploads\/2021\/07\/titelbild-home-1920x1280-1-1536x1024-1-510x340.jpg 510w, https:\/\/www.talidesign.eu\/wp\/wp-content\/uploads\/2021\/07\/titelbild-home-1920x1280-1-1536x1024-1.jpg 1536w\" sizes=\"auto, (max-width: 600px) 100vw, 600px\" \/><\/a><\/p>\n","protected":false},"excerpt":{"rendered":"<p><strong>Kummipuust l\u00f5ikelaud 42cm<\/strong><\/p>\n<p>See vastupidav l\u00f5ikelaud on valmistatud kaut\u0161ukipuust. See on tugevast materjalist ja loodusliku disainiga. L\u00f5ikelaud sobib suurep\u00e4raselt igasuguste toiduainete hakkimiseks ja t\u00fckeldamiseks. See k\u00f6\u00f6giabiline on nugade vastu \u00f5rn ning ka maitse ja l\u00f5hna poolest neutraalne. H\u00fcgieeni parandamiseks on see alus kaetud \u00f5rna lakiga. See pikendab l\u00f5ikelaua kasutuskestust.<\/p>\n<p>\u2022 Valmistatud kvaliteetsest kummipuust<br \/>\n\u2022 Puidust jalad<br \/>\n\u2022 Eriti vastupidav ja \u00f5rn nugade vastu<br \/>\n\u2022 M\u00f5\u00f5dud: 42 x 27 x 5.5 cm<br \/>\n\u2022 <a href=\"\/et\/tootekategooria\/brandid\/zeller-et\/\">Br\u00e4nd Zeller Home<\/a><\/p>\n<p><strong>Meist<\/strong><\/p>\n<p>1983. aastal Saksamaal asutatud Zeller Home t\u00f6\u00f6tab igal aastal v\u00e4lja lugematul hulgal uusi tooteid, mis vaatavad tulevikku. <\/p>\n<p>Kvaliteetne meisterlikkus \u2012 meie tooted sobivad igap\u00e4evaseks kasutamiseks ja on vastupidavad.<\/p>\n<p><a href=\"\/et\/tootekategooria\/brandid\/zeller-et\/\"><img loading=\"lazy\" decoding=\"async\" src=\"https:\/\/www.talidesign.eu\/wp\/wp-content\/uploads\/2021\/07\/titelbild-home-1920x1280-1-1536x1024-1-600x400.jpg\" alt=\"\" width=\"600\" height=\"400\" class=\"alignnone size-medium wp-image-32925\" srcset=\"https:\/\/www.talidesign.eu\/wp\/wp-content\/uploads\/2021\/07\/titelbild-home-1920x1280-1-1536x1024-1-600x400.jpg 600w, https:\/\/www.talidesign.eu\/wp\/wp-content\/uploads\/2021\/07\/titelbild-home-1920x1280-1-1536x1024-1-1200x800.jpg 1200w, https:\/\/www.talidesign.eu\/wp\/wp-content\/uploads\/2021\/07\/titelbild-home-1920x1280-1-1536x1024-1-768x512.jpg 768w, https:\/\/www.talidesign.eu\/wp\/wp-content\/uploads\/2021\/07\/titelbild-home-1920x1280-1-1536x1024-1-500x333.jpg 500w, https:\/\/www.talidesign.eu\/wp\/wp-content\/uploads\/2021\/07\/titelbild-home-1920x1280-1-1536x1024-1-510x340.jpg 510w, https:\/\/www.talidesign.eu\/wp\/wp-content\/uploads\/2021\/07\/titelbild-home-1920x1280-1-1536x1024-1.jpg 1536w\" sizes=\"auto, (max-width: 600px) 100vw, 600px\" \/><\/a><\/p>\n","protected":false},"featured_media":37624,"template":"","meta":[],"product_brand":[],"product_cat":[1177,1026,1018,1030,1032],"product_tag":[1033],"class_list":{"0":"post-37617","1":"product","2":"type-product","3":"status-publish","4":"has-post-thumbnail","6":"product_cat-allahindlus","7":"product_cat-brandid","8":"product_cat-kodu","9":"product_cat-kook","10":"product_cat-zeller-et","11":"product_tag-zeller-et","13":"first","14":"outofstock","15":"sale","16":"taxable","17":"shipping-taxable","18":"purchasable","19":"product-type-simple"},"yoast_head":"<!-- This site is optimized with the Yoast SEO plugin v27.3 - https:\/\/yoast.com\/product\/yoast-seo-wordpress\/ -->\n<title>Kummipuust l\u00f5ikelaud 42cm - TALI Concept Store<\/title>\n<meta name=\"description\" content=\"Avasta vastupidav ja loodusliku disainiga kummipuust l\u00f5ikelaud 42cm. Sobib suurep\u00e4raselt toiduainete hakkimiseks ja t\u00fckeldamiseks. Br\u00e4nd Zeller Home.\" \/>\n<meta name=\"robots\" content=\"index, follow, max-snippet:-1, max-image-preview:large, max-video-preview:-1\" \/>\n<link rel=\"canonical\" href=\"https:\/\/www.talidesign.eu\/et\/pood\/toode\/zeller-kummipuust-loikelaud-42cm\/\" \/>\n<meta property=\"og:locale\" content=\"et_EE\" \/>\n<meta property=\"og:type\" content=\"article\" \/>\n<meta property=\"og:title\" content=\"Kummipuust l\u00f5ikelaud 42cm - TALI Concept Store\" \/>\n<meta property=\"og:description\" content=\"Avasta vastupidav ja loodusliku disainiga kummipuust l\u00f5ikelaud 42cm. Sobib suurep\u00e4raselt toiduainete hakkimiseks ja t\u00fckeldamiseks. Br\u00e4nd Zeller Home.\" \/>\n<meta property=\"og:url\" content=\"https:\/\/www.talidesign.eu\/et\/pood\/toode\/zeller-kummipuust-loikelaud-42cm\/\" \/>\n<meta property=\"og:site_name\" content=\"TALI Concept Store\" \/>\n<meta property=\"article:publisher\" content=\"https:\/\/www.facebook.com\/TaliDisain\/\" \/>\n<meta property=\"article:modified_time\" content=\"2022-09-11T11:24:32+00:00\" \/>\n<meta property=\"og:image\" content=\"https:\/\/www.talidesign.eu\/wp\/wp-content\/uploads\/2021\/07\/24801.jpg\" \/>\n\t<meta property=\"og:image:width\" content=\"1400\" \/>\n\t<meta property=\"og:image:height\" content=\"1400\" \/>\n\t<meta property=\"og:image:type\" content=\"image\/jpeg\" \/>\n<meta name=\"twitter:card\" content=\"summary_large_image\" \/>\n<meta name=\"twitter:label1\" content=\"Est. reading time\" \/>\n\t<meta name=\"twitter:data1\" content=\"1 minute\" \/>\n<script type=\"application\/ld+json\" class=\"yoast-schema-graph\">{\"@context\":\"https:\\\/\\\/schema.org\",\"@graph\":[{\"@type\":\"WebPage\",\"@id\":\"https:\\\/\\\/www.talidesign.eu\\\/et\\\/pood\\\/toode\\\/zeller-kummipuust-loikelaud-42cm\\\/\",\"url\":\"https:\\\/\\\/www.talidesign.eu\\\/et\\\/pood\\\/toode\\\/zeller-kummipuust-loikelaud-42cm\\\/\",\"name\":\"Kummipuust l\u00f5ikelaud 42cm - TALI Concept Store\",\"isPartOf\":{\"@id\":\"https:\\\/\\\/www.talidesign.eu\\\/et\\\/#website\"},\"primaryImageOfPage\":{\"@id\":\"https:\\\/\\\/www.talidesign.eu\\\/et\\\/pood\\\/toode\\\/zeller-kummipuust-loikelaud-42cm\\\/#primaryimage\"},\"image\":{\"@id\":\"https:\\\/\\\/www.talidesign.eu\\\/et\\\/pood\\\/toode\\\/zeller-kummipuust-loikelaud-42cm\\\/#primaryimage\"},\"thumbnailUrl\":\"https:\\\/\\\/www.talidesign.eu\\\/wp\\\/wp-content\\\/uploads\\\/2021\\\/07\\\/24801.jpg\",\"datePublished\":\"2021-07-28T06:13:05+00:00\",\"dateModified\":\"2022-09-11T11:24:32+00:00\",\"description\":\"Avasta vastupidav ja loodusliku disainiga kummipuust l\u00f5ikelaud 42cm. Sobib suurep\u00e4raselt toiduainete hakkimiseks ja t\u00fckeldamiseks. Br\u00e4nd Zeller Home.\",\"breadcrumb\":{\"@id\":\"https:\\\/\\\/www.talidesign.eu\\\/et\\\/pood\\\/toode\\\/zeller-kummipuust-loikelaud-42cm\\\/#breadcrumb\"},\"inLanguage\":\"et\",\"potentialAction\":[{\"@type\":\"ReadAction\",\"target\":[\"https:\\\/\\\/www.talidesign.eu\\\/et\\\/pood\\\/toode\\\/zeller-kummipuust-loikelaud-42cm\\\/\"]}]},{\"@type\":\"ImageObject\",\"inLanguage\":\"et\",\"@id\":\"https:\\\/\\\/www.talidesign.eu\\\/et\\\/pood\\\/toode\\\/zeller-kummipuust-loikelaud-42cm\\\/#primaryimage\",\"url\":\"https:\\\/\\\/www.talidesign.eu\\\/wp\\\/wp-content\\\/uploads\\\/2021\\\/07\\\/24801.jpg\",\"contentUrl\":\"https:\\\/\\\/www.talidesign.eu\\\/wp\\\/wp-content\\\/uploads\\\/2021\\\/07\\\/24801.jpg\",\"width\":1400,\"height\":1400},{\"@type\":\"BreadcrumbList\",\"@id\":\"https:\\\/\\\/www.talidesign.eu\\\/et\\\/pood\\\/toode\\\/zeller-kummipuust-loikelaud-42cm\\\/#breadcrumb\",\"itemListElement\":[{\"@type\":\"ListItem\",\"position\":1,\"name\":\"Avaleht\",\"item\":\"https:\\\/\\\/www.talidesign.eu\\\/et\\\/\"},{\"@type\":\"ListItem\",\"position\":2,\"name\":\"Pood\",\"item\":\"https:\\\/\\\/www.talidesign.eu\\\/et\\\/pood\\\/\"},{\"@type\":\"ListItem\",\"position\":3,\"name\":\"Kummipuust l\u00f5ikelaud 42cm\"}]},{\"@type\":\"WebSite\",\"@id\":\"https:\\\/\\\/www.talidesign.eu\\\/et\\\/#website\",\"url\":\"https:\\\/\\\/www.talidesign.eu\\\/et\\\/\",\"name\":\"TALI Concept Store\",\"description\":\"Suurim Disainipood Eestis\",\"potentialAction\":[{\"@type\":\"SearchAction\",\"target\":{\"@type\":\"EntryPoint\",\"urlTemplate\":\"https:\\\/\\\/www.talidesign.eu\\\/et\\\/?s={search_term_string}\"},\"query-input\":{\"@type\":\"PropertyValueSpecification\",\"valueRequired\":true,\"valueName\":\"search_term_string\"}}],\"inLanguage\":\"et\"}]}<\/script>\n<!-- \/ Yoast SEO plugin. -->","yoast_head_json":{"title":"Kummipuust l\u00f5ikelaud 42cm - TALI Concept Store","description":"Avasta vastupidav ja loodusliku disainiga kummipuust l\u00f5ikelaud 42cm. Sobib suurep\u00e4raselt toiduainete hakkimiseks ja t\u00fckeldamiseks. Br\u00e4nd Zeller Home.","robots":{"index":"index","follow":"follow","max-snippet":"max-snippet:-1","max-image-preview":"max-image-preview:large","max-video-preview":"max-video-preview:-1"},"canonical":"https:\/\/www.talidesign.eu\/et\/pood\/toode\/zeller-kummipuust-loikelaud-42cm\/","og_locale":"et_EE","og_type":"article","og_title":"Kummipuust l\u00f5ikelaud 42cm - TALI Concept Store","og_description":"Avasta vastupidav ja loodusliku disainiga kummipuust l\u00f5ikelaud 42cm. Sobib suurep\u00e4raselt toiduainete hakkimiseks ja t\u00fckeldamiseks. Br\u00e4nd Zeller Home.","og_url":"https:\/\/www.talidesign.eu\/et\/pood\/toode\/zeller-kummipuust-loikelaud-42cm\/","og_site_name":"TALI Concept Store","article_publisher":"https:\/\/www.facebook.com\/TaliDisain\/","article_modified_time":"2022-09-11T11:24:32+00:00","og_image":[{"width":1400,"height":1400,"url":"https:\/\/www.talidesign.eu\/wp\/wp-content\/uploads\/2021\/07\/24801.jpg","type":"image\/jpeg"}],"twitter_card":"summary_large_image","twitter_misc":{"Est. reading time":"1 minute"},"schema":{"@context":"https:\/\/schema.org","@graph":[{"@type":"WebPage","@id":"https:\/\/www.talidesign.eu\/et\/pood\/toode\/zeller-kummipuust-loikelaud-42cm\/","url":"https:\/\/www.talidesign.eu\/et\/pood\/toode\/zeller-kummipuust-loikelaud-42cm\/","name":"Kummipuust l\u00f5ikelaud 42cm - TALI Concept Store","isPartOf":{"@id":"https:\/\/www.talidesign.eu\/et\/#website"},"primaryImageOfPage":{"@id":"https:\/\/www.talidesign.eu\/et\/pood\/toode\/zeller-kummipuust-loikelaud-42cm\/#primaryimage"},"image":{"@id":"https:\/\/www.talidesign.eu\/et\/pood\/toode\/zeller-kummipuust-loikelaud-42cm\/#primaryimage"},"thumbnailUrl":"https:\/\/www.talidesign.eu\/wp\/wp-content\/uploads\/2021\/07\/24801.jpg","datePublished":"2021-07-28T06:13:05+00:00","dateModified":"2022-09-11T11:24:32+00:00","description":"Avasta vastupidav ja loodusliku disainiga kummipuust l\u00f5ikelaud 42cm. Sobib suurep\u00e4raselt toiduainete hakkimiseks ja t\u00fckeldamiseks. Br\u00e4nd Zeller Home.","breadcrumb":{"@id":"https:\/\/www.talidesign.eu\/et\/pood\/toode\/zeller-kummipuust-loikelaud-42cm\/#breadcrumb"},"inLanguage":"et","potentialAction":[{"@type":"ReadAction","target":["https:\/\/www.talidesign.eu\/et\/pood\/toode\/zeller-kummipuust-loikelaud-42cm\/"]}]},{"@type":"ImageObject","inLanguage":"et","@id":"https:\/\/www.talidesign.eu\/et\/pood\/toode\/zeller-kummipuust-loikelaud-42cm\/#primaryimage","url":"https:\/\/www.talidesign.eu\/wp\/wp-content\/uploads\/2021\/07\/24801.jpg","contentUrl":"https:\/\/www.talidesign.eu\/wp\/wp-content\/uploads\/2021\/07\/24801.jpg","width":1400,"height":1400},{"@type":"BreadcrumbList","@id":"https:\/\/www.talidesign.eu\/et\/pood\/toode\/zeller-kummipuust-loikelaud-42cm\/#breadcrumb","itemListElement":[{"@type":"ListItem","position":1,"name":"Avaleht","item":"https:\/\/www.talidesign.eu\/et\/"},{"@type":"ListItem","position":2,"name":"Pood","item":"https:\/\/www.talidesign.eu\/et\/pood\/"},{"@type":"ListItem","position":3,"name":"Kummipuust l\u00f5ikelaud 42cm"}]},{"@type":"WebSite","@id":"https:\/\/www.talidesign.eu\/et\/#website","url":"https:\/\/www.talidesign.eu\/et\/","name":"TALI Concept Store","description":"Suurim Disainipood Eestis","potentialAction":[{"@type":"SearchAction","target":{"@type":"EntryPoint","urlTemplate":"https:\/\/www.talidesign.eu\/et\/?s={search_term_string}"},"query-input":{"@type":"PropertyValueSpecification","valueRequired":true,"valueName":"search_term_string"}}],"inLanguage":"et"}]}},"_links":{"self":[{"href":"https:\/\/www.talidesign.eu\/et\/wp-json\/wp\/v2\/product\/37617","targetHints":{"allow":["GET"]}}],"collection":[{"href":"https:\/\/www.talidesign.eu\/et\/wp-json\/wp\/v2\/product"}],"about":[{"href":"https:\/\/www.talidesign.eu\/et\/wp-json\/wp\/v2\/types\/product"}],"wp:featuredmedia":[{"embeddable":true,"href":"https:\/\/www.talidesign.eu\/et\/wp-json\/wp\/v2\/media\/37624"}],"wp:attachment":[{"href":"https:\/\/www.talidesign.eu\/et\/wp-json\/wp\/v2\/media?parent=37617"}],"wp:term":[{"taxonomy":"product_brand","embeddable":true,"href":"https:\/\/www.talidesign.eu\/et\/wp-json\/wp\/v2\/product_brand?post=37617"},{"taxonomy":"product_cat","embeddable":true,"href":"https:\/\/www.talidesign.eu\/et\/wp-json\/wp\/v2\/product_cat?post=37617"},{"taxonomy":"product_tag","embeddable":true,"href":"https:\/\/www.talidesign.eu\/et\/wp-json\/wp\/v2\/product_tag?post=37617"}],"curies":[{"name":"wp","href":"https:\/\/api.w.org\/{rel}","templated":true}]}}