{"id":37625,"date":"2021-07-28T09:01:06","date_gmt":"2021-07-28T06:01:06","guid":{"rendered":"https:\/\/www.talidesign.eu\/shop\/product\/knife-block-black-18cm\/"},"modified":"2025-04-16T14:39:04","modified_gmt":"2025-04-16T11:39:04","slug":"zeller-nugade-hoidja-18cm-must","status":"publish","type":"product","link":"https:\/\/www.talidesign.eu\/et\/pood\/toode\/zeller-nugade-hoidja-18cm-must\/","title":{"rendered":"Nugade hoidja 18cm Must"},"content":{"rendered":"<p><strong>Nugade hoidja 18cm Must<\/strong><\/p>\n<p>Nugade hoidja on valmistatud vastupidavast pol\u00fcprop\u00fcleenist ja sellel on eemaldatav harjastega siseosa. Harjastega siseosa ei hoolitse mitte ainult terade eest, vaid on ka reguleeritav. Selle saab h\u00f5lpsalt puhastamiseks ja loputamiseks v\u00e4lja v\u00f5tta.<\/p>\n<p>\u2022 Praktiline ja kohandatav nugade hoiupaik<br \/>\n\u2022 Eemaldatav harjastega siseosa<br \/>\n\u2022 M\u00f5\u00f5dud: \u00d8 11 x 18 cm<br \/>\n\u2022 <a href=\"\/et\/tootekategooria\/brandid\/zeller-et\/\">Br\u00e4nd Zeller Home<\/a><\/p>\n<p><strong>Meist<\/strong><\/p>\n<p>1983. aastal Saksamaal asutatud Zeller Home t\u00f6\u00f6tab igal aastal v\u00e4lja lugematul hulgal uusi tooteid, mis vaatavad tulevikku. <\/p>\n<p>Kvaliteetne meisterlikkus \u2012 meie tooted sobivad igap\u00e4evaseks kasutamiseks ja on vastupidavad.<\/p>\n<p><a href=\"\/et\/tootekategooria\/brandid\/zeller-et\/\"><img loading=\"lazy\" decoding=\"async\" src=\"https:\/\/www.talidesign.eu\/wp\/wp-content\/uploads\/2021\/07\/titelbild-home-1920x1280-1-1536x1024-1-600x400.jpg\" alt=\"\" width=\"600\" height=\"400\" class=\"alignnone size-medium wp-image-32925\" srcset=\"https:\/\/www.talidesign.eu\/wp\/wp-content\/uploads\/2021\/07\/titelbild-home-1920x1280-1-1536x1024-1-600x400.jpg 600w, https:\/\/www.talidesign.eu\/wp\/wp-content\/uploads\/2021\/07\/titelbild-home-1920x1280-1-1536x1024-1-1200x800.jpg 1200w, https:\/\/www.talidesign.eu\/wp\/wp-content\/uploads\/2021\/07\/titelbild-home-1920x1280-1-1536x1024-1-768x512.jpg 768w, https:\/\/www.talidesign.eu\/wp\/wp-content\/uploads\/2021\/07\/titelbild-home-1920x1280-1-1536x1024-1-500x333.jpg 500w, https:\/\/www.talidesign.eu\/wp\/wp-content\/uploads\/2021\/07\/titelbild-home-1920x1280-1-1536x1024-1-510x340.jpg 510w, https:\/\/www.talidesign.eu\/wp\/wp-content\/uploads\/2021\/07\/titelbild-home-1920x1280-1-1536x1024-1.jpg 1536w\" sizes=\"auto, (max-width: 600px) 100vw, 600px\" \/><\/a><\/p>\n","protected":false},"excerpt":{"rendered":"<p><strong>Nugade hoidja 18cm Must<\/strong><\/p>\n<p>Nugade hoidja on valmistatud vastupidavast pol\u00fcprop\u00fcleenist ja sellel on eemaldatav harjastega siseosa. Harjastega siseosa ei hoolitse mitte ainult terade eest, vaid on ka reguleeritav. Selle saab h\u00f5lpsalt puhastamiseks ja loputamiseks v\u00e4lja v\u00f5tta.<\/p>\n<p>\u2022 Praktiline ja kohandatav nugade hoiupaik<br \/>\n\u2022 Eemaldatav harjastega siseosa<br \/>\n\u2022 M\u00f5\u00f5dud: \u00d8 11 x 18 cm<br \/>\n\u2022 <a href=\"\/et\/tootekategooria\/brandid\/zeller-et\/\">Br\u00e4nd Zeller Home<\/a><\/p>\n<p><strong>Meist<\/strong><\/p>\n<p>1983. aastal Saksamaal asutatud Zeller Home t\u00f6\u00f6tab igal aastal v\u00e4lja lugematul hulgal uusi tooteid, mis vaatavad tulevikku. <\/p>\n<p>Kvaliteetne meisterlikkus \u2012 meie tooted sobivad igap\u00e4evaseks kasutamiseks ja on vastupidavad.<\/p>\n<p><a href=\"\/et\/tootekategooria\/brandid\/zeller-et\/\"><img loading=\"lazy\" decoding=\"async\" src=\"https:\/\/www.talidesign.eu\/wp\/wp-content\/uploads\/2021\/07\/titelbild-home-1920x1280-1-1536x1024-1-600x400.jpg\" alt=\"\" width=\"600\" height=\"400\" class=\"alignnone size-medium wp-image-32925\" srcset=\"https:\/\/www.talidesign.eu\/wp\/wp-content\/uploads\/2021\/07\/titelbild-home-1920x1280-1-1536x1024-1-600x400.jpg 600w, https:\/\/www.talidesign.eu\/wp\/wp-content\/uploads\/2021\/07\/titelbild-home-1920x1280-1-1536x1024-1-1200x800.jpg 1200w, https:\/\/www.talidesign.eu\/wp\/wp-content\/uploads\/2021\/07\/titelbild-home-1920x1280-1-1536x1024-1-768x512.jpg 768w, https:\/\/www.talidesign.eu\/wp\/wp-content\/uploads\/2021\/07\/titelbild-home-1920x1280-1-1536x1024-1-500x333.jpg 500w, https:\/\/www.talidesign.eu\/wp\/wp-content\/uploads\/2021\/07\/titelbild-home-1920x1280-1-1536x1024-1-510x340.jpg 510w, https:\/\/www.talidesign.eu\/wp\/wp-content\/uploads\/2021\/07\/titelbild-home-1920x1280-1-1536x1024-1.jpg 1536w\" sizes=\"auto, (max-width: 600px) 100vw, 600px\" \/><\/a><\/p>\n","protected":false},"featured_media":37628,"template":"","meta":[],"product_brand":[],"product_cat":[1026,1031,1018,1030,1032],"product_tag":[1033],"class_list":{"0":"post-37625","1":"product","2":"type-product","3":"status-publish","4":"has-post-thumbnail","6":"product_cat-brandid","7":"product_cat-hoiustamine","8":"product_cat-kodu","9":"product_cat-kook","10":"product_cat-zeller-et","11":"product_tag-zeller-et","13":"first","14":"outofstock","15":"taxable","16":"shipping-taxable","17":"purchasable","18":"product-type-simple"},"yoast_head":"<!-- This site is optimized with the Yoast SEO plugin v27.3 - https:\/\/yoast.com\/product\/yoast-seo-wordpress\/ -->\n<title>Nugade hoidja 18cm Must - TALI Concept Store<\/title>\n<meta name=\"description\" content=\"Avasta praktiline ja kohandatav nugade hoidja Zeller Home&#039;ilt. Valmistatud vastupidavast pol\u00fcprop\u00fcleenist, sellel on eemaldatav harjastega siseosa. Tutvu l\u00e4hemalt!\" \/>\n<meta name=\"robots\" content=\"index, follow, max-snippet:-1, max-image-preview:large, max-video-preview:-1\" \/>\n<link rel=\"canonical\" href=\"https:\/\/www.talidesign.eu\/et\/pood\/toode\/zeller-nugade-hoidja-18cm-must\/\" \/>\n<meta property=\"og:locale\" content=\"et_EE\" \/>\n<meta property=\"og:type\" content=\"article\" \/>\n<meta property=\"og:title\" content=\"Nugade hoidja 18cm Must - TALI Concept Store\" \/>\n<meta property=\"og:description\" content=\"Avasta praktiline ja kohandatav nugade hoidja Zeller Home&#039;ilt. Valmistatud vastupidavast pol\u00fcprop\u00fcleenist, sellel on eemaldatav harjastega siseosa. Tutvu l\u00e4hemalt!\" \/>\n<meta property=\"og:url\" content=\"https:\/\/www.talidesign.eu\/et\/pood\/toode\/zeller-nugade-hoidja-18cm-must\/\" \/>\n<meta property=\"og:site_name\" content=\"TALI Concept Store\" \/>\n<meta property=\"article:publisher\" content=\"https:\/\/www.facebook.com\/TaliDisain\/\" \/>\n<meta property=\"article:modified_time\" content=\"2025-04-16T11:39:04+00:00\" \/>\n<meta property=\"og:image\" content=\"https:\/\/www.talidesign.eu\/wp\/wp-content\/uploads\/2021\/07\/Knife-Block-Black-18cm-1.jpg\" \/>\n\t<meta property=\"og:image:width\" content=\"1400\" \/>\n\t<meta property=\"og:image:height\" content=\"1400\" \/>\n\t<meta property=\"og:image:type\" content=\"image\/jpeg\" \/>\n<meta name=\"twitter:card\" content=\"summary_large_image\" \/>\n<script type=\"application\/ld+json\" class=\"yoast-schema-graph\">{\"@context\":\"https:\\\/\\\/schema.org\",\"@graph\":[{\"@type\":\"WebPage\",\"@id\":\"https:\\\/\\\/www.talidesign.eu\\\/et\\\/pood\\\/toode\\\/zeller-nugade-hoidja-18cm-must\\\/\",\"url\":\"https:\\\/\\\/www.talidesign.eu\\\/et\\\/pood\\\/toode\\\/zeller-nugade-hoidja-18cm-must\\\/\",\"name\":\"Nugade hoidja 18cm Must - TALI Concept Store\",\"isPartOf\":{\"@id\":\"https:\\\/\\\/www.talidesign.eu\\\/et\\\/#website\"},\"primaryImageOfPage\":{\"@id\":\"https:\\\/\\\/www.talidesign.eu\\\/et\\\/pood\\\/toode\\\/zeller-nugade-hoidja-18cm-must\\\/#primaryimage\"},\"image\":{\"@id\":\"https:\\\/\\\/www.talidesign.eu\\\/et\\\/pood\\\/toode\\\/zeller-nugade-hoidja-18cm-must\\\/#primaryimage\"},\"thumbnailUrl\":\"https:\\\/\\\/www.talidesign.eu\\\/wp\\\/wp-content\\\/uploads\\\/2021\\\/07\\\/Knife-Block-Black-18cm-1.jpg\",\"datePublished\":\"2021-07-28T06:01:06+00:00\",\"dateModified\":\"2025-04-16T11:39:04+00:00\",\"description\":\"Avasta praktiline ja kohandatav nugade hoidja Zeller Home'ilt. Valmistatud vastupidavast pol\u00fcprop\u00fcleenist, sellel on eemaldatav harjastega siseosa. Tutvu l\u00e4hemalt!\",\"breadcrumb\":{\"@id\":\"https:\\\/\\\/www.talidesign.eu\\\/et\\\/pood\\\/toode\\\/zeller-nugade-hoidja-18cm-must\\\/#breadcrumb\"},\"inLanguage\":\"et\",\"potentialAction\":[{\"@type\":\"ReadAction\",\"target\":[\"https:\\\/\\\/www.talidesign.eu\\\/et\\\/pood\\\/toode\\\/zeller-nugade-hoidja-18cm-must\\\/\"]}]},{\"@type\":\"ImageObject\",\"inLanguage\":\"et\",\"@id\":\"https:\\\/\\\/www.talidesign.eu\\\/et\\\/pood\\\/toode\\\/zeller-nugade-hoidja-18cm-must\\\/#primaryimage\",\"url\":\"https:\\\/\\\/www.talidesign.eu\\\/wp\\\/wp-content\\\/uploads\\\/2021\\\/07\\\/Knife-Block-Black-18cm-1.jpg\",\"contentUrl\":\"https:\\\/\\\/www.talidesign.eu\\\/wp\\\/wp-content\\\/uploads\\\/2021\\\/07\\\/Knife-Block-Black-18cm-1.jpg\",\"width\":1400,\"height\":1400},{\"@type\":\"BreadcrumbList\",\"@id\":\"https:\\\/\\\/www.talidesign.eu\\\/et\\\/pood\\\/toode\\\/zeller-nugade-hoidja-18cm-must\\\/#breadcrumb\",\"itemListElement\":[{\"@type\":\"ListItem\",\"position\":1,\"name\":\"Avaleht\",\"item\":\"https:\\\/\\\/www.talidesign.eu\\\/et\\\/\"},{\"@type\":\"ListItem\",\"position\":2,\"name\":\"Pood\",\"item\":\"https:\\\/\\\/www.talidesign.eu\\\/et\\\/pood\\\/\"},{\"@type\":\"ListItem\",\"position\":3,\"name\":\"Nugade hoidja 18cm Must\"}]},{\"@type\":\"WebSite\",\"@id\":\"https:\\\/\\\/www.talidesign.eu\\\/et\\\/#website\",\"url\":\"https:\\\/\\\/www.talidesign.eu\\\/et\\\/\",\"name\":\"TALI Concept Store\",\"description\":\"Suurim Disainipood Eestis\",\"potentialAction\":[{\"@type\":\"SearchAction\",\"target\":{\"@type\":\"EntryPoint\",\"urlTemplate\":\"https:\\\/\\\/www.talidesign.eu\\\/et\\\/?s={search_term_string}\"},\"query-input\":{\"@type\":\"PropertyValueSpecification\",\"valueRequired\":true,\"valueName\":\"search_term_string\"}}],\"inLanguage\":\"et\"}]}<\/script>\n<!-- \/ Yoast SEO plugin. -->","yoast_head_json":{"title":"Nugade hoidja 18cm Must - TALI Concept Store","description":"Avasta praktiline ja kohandatav nugade hoidja Zeller Home'ilt. Valmistatud vastupidavast pol\u00fcprop\u00fcleenist, sellel on eemaldatav harjastega siseosa. Tutvu l\u00e4hemalt!","robots":{"index":"index","follow":"follow","max-snippet":"max-snippet:-1","max-image-preview":"max-image-preview:large","max-video-preview":"max-video-preview:-1"},"canonical":"https:\/\/www.talidesign.eu\/et\/pood\/toode\/zeller-nugade-hoidja-18cm-must\/","og_locale":"et_EE","og_type":"article","og_title":"Nugade hoidja 18cm Must - TALI Concept Store","og_description":"Avasta praktiline ja kohandatav nugade hoidja Zeller Home'ilt. Valmistatud vastupidavast pol\u00fcprop\u00fcleenist, sellel on eemaldatav harjastega siseosa. Tutvu l\u00e4hemalt!","og_url":"https:\/\/www.talidesign.eu\/et\/pood\/toode\/zeller-nugade-hoidja-18cm-must\/","og_site_name":"TALI Concept Store","article_publisher":"https:\/\/www.facebook.com\/TaliDisain\/","article_modified_time":"2025-04-16T11:39:04+00:00","og_image":[{"width":1400,"height":1400,"url":"https:\/\/www.talidesign.eu\/wp\/wp-content\/uploads\/2021\/07\/Knife-Block-Black-18cm-1.jpg","type":"image\/jpeg"}],"twitter_card":"summary_large_image","schema":{"@context":"https:\/\/schema.org","@graph":[{"@type":"WebPage","@id":"https:\/\/www.talidesign.eu\/et\/pood\/toode\/zeller-nugade-hoidja-18cm-must\/","url":"https:\/\/www.talidesign.eu\/et\/pood\/toode\/zeller-nugade-hoidja-18cm-must\/","name":"Nugade hoidja 18cm Must - TALI Concept Store","isPartOf":{"@id":"https:\/\/www.talidesign.eu\/et\/#website"},"primaryImageOfPage":{"@id":"https:\/\/www.talidesign.eu\/et\/pood\/toode\/zeller-nugade-hoidja-18cm-must\/#primaryimage"},"image":{"@id":"https:\/\/www.talidesign.eu\/et\/pood\/toode\/zeller-nugade-hoidja-18cm-must\/#primaryimage"},"thumbnailUrl":"https:\/\/www.talidesign.eu\/wp\/wp-content\/uploads\/2021\/07\/Knife-Block-Black-18cm-1.jpg","datePublished":"2021-07-28T06:01:06+00:00","dateModified":"2025-04-16T11:39:04+00:00","description":"Avasta praktiline ja kohandatav nugade hoidja Zeller Home'ilt. Valmistatud vastupidavast pol\u00fcprop\u00fcleenist, sellel on eemaldatav harjastega siseosa. Tutvu l\u00e4hemalt!","breadcrumb":{"@id":"https:\/\/www.talidesign.eu\/et\/pood\/toode\/zeller-nugade-hoidja-18cm-must\/#breadcrumb"},"inLanguage":"et","potentialAction":[{"@type":"ReadAction","target":["https:\/\/www.talidesign.eu\/et\/pood\/toode\/zeller-nugade-hoidja-18cm-must\/"]}]},{"@type":"ImageObject","inLanguage":"et","@id":"https:\/\/www.talidesign.eu\/et\/pood\/toode\/zeller-nugade-hoidja-18cm-must\/#primaryimage","url":"https:\/\/www.talidesign.eu\/wp\/wp-content\/uploads\/2021\/07\/Knife-Block-Black-18cm-1.jpg","contentUrl":"https:\/\/www.talidesign.eu\/wp\/wp-content\/uploads\/2021\/07\/Knife-Block-Black-18cm-1.jpg","width":1400,"height":1400},{"@type":"BreadcrumbList","@id":"https:\/\/www.talidesign.eu\/et\/pood\/toode\/zeller-nugade-hoidja-18cm-must\/#breadcrumb","itemListElement":[{"@type":"ListItem","position":1,"name":"Avaleht","item":"https:\/\/www.talidesign.eu\/et\/"},{"@type":"ListItem","position":2,"name":"Pood","item":"https:\/\/www.talidesign.eu\/et\/pood\/"},{"@type":"ListItem","position":3,"name":"Nugade hoidja 18cm Must"}]},{"@type":"WebSite","@id":"https:\/\/www.talidesign.eu\/et\/#website","url":"https:\/\/www.talidesign.eu\/et\/","name":"TALI Concept Store","description":"Suurim Disainipood Eestis","potentialAction":[{"@type":"SearchAction","target":{"@type":"EntryPoint","urlTemplate":"https:\/\/www.talidesign.eu\/et\/?s={search_term_string}"},"query-input":{"@type":"PropertyValueSpecification","valueRequired":true,"valueName":"search_term_string"}}],"inLanguage":"et"}]}},"_links":{"self":[{"href":"https:\/\/www.talidesign.eu\/et\/wp-json\/wp\/v2\/product\/37625","targetHints":{"allow":["GET"]}}],"collection":[{"href":"https:\/\/www.talidesign.eu\/et\/wp-json\/wp\/v2\/product"}],"about":[{"href":"https:\/\/www.talidesign.eu\/et\/wp-json\/wp\/v2\/types\/product"}],"wp:featuredmedia":[{"embeddable":true,"href":"https:\/\/www.talidesign.eu\/et\/wp-json\/wp\/v2\/media\/37628"}],"wp:attachment":[{"href":"https:\/\/www.talidesign.eu\/et\/wp-json\/wp\/v2\/media?parent=37625"}],"wp:term":[{"taxonomy":"product_brand","embeddable":true,"href":"https:\/\/www.talidesign.eu\/et\/wp-json\/wp\/v2\/product_brand?post=37625"},{"taxonomy":"product_cat","embeddable":true,"href":"https:\/\/www.talidesign.eu\/et\/wp-json\/wp\/v2\/product_cat?post=37625"},{"taxonomy":"product_tag","embeddable":true,"href":"https:\/\/www.talidesign.eu\/et\/wp-json\/wp\/v2\/product_tag?post=37625"}],"curies":[{"name":"wp","href":"https:\/\/api.w.org\/{rel}","templated":true}]}}