{"id":37719,"date":"2020-04-25T21:10:37","date_gmt":"2020-04-25T18:10:37","guid":{"rendered":"https:\/\/www.talidesign.eu\/shop\/product\/shard\/"},"modified":"2025-12-08T19:15:05","modified_gmt":"2025-12-08T17:15:05","slug":"kirju-shard-akruulist-korvarongadshard","status":"publish","type":"product","link":"https:\/\/www.talidesign.eu\/et\/pood\/toode\/kirju-shard-akruulist-korvarongadshard\/","title":{"rendered":"Kirju Shard akr\u00fc\u00fclist k\u00f5rvar\u00f5ngad"},"content":{"rendered":"<p><strong>Kirju Shard akr\u00fc\u00fclist k\u00f5rvar\u00f5ngad<\/strong><\/p>\n<p>\u2022 <a href=\"\/et\/tootekategooria\/brandid\/kirju-co-et\/\">Br\u00e4nd KIRJU.CO<\/a><br \/>\n\u2022 Postiga k\u00f5rvar\u00f5ngad<br \/>\n\u2022 Niklivaba<br \/>\n\u2022 M\u00f5\u00f5dud: 35&#215;12 mm<\/p>\n<p><strong>Br\u00e4ndist<\/strong><\/p>\n<p>Eesti arhitekti poolt loodud br\u00e4nd KIRJU.CO on tuntud oma graafilise joone ning minimalistliku vormi t\u00f5ttu, sealjuures pidades v\u00e4ga oluliseks ka loomingu m\u00e4ngulisust. Juba 10 aastat tegutsenud br\u00e4nd on l\u00e4bi pidevalt uuenevate kollektsioonide s\u00e4ilitanud oma algsed loomamotiivid, millest on kujunenud KIRJU.CO firmam\u00e4rk. Lisaks kesksetele geomeetrilistele vormidele esinevad stiliseeritud taime- ja loomamotiivid paralleelselt paljudes kollektsioonides.<\/p>\n<p>KIRJU.CO tunnustab iga p\u00e4eva\u2026 iga hetke, v\u00e4\u00e4rtustab elu kergust ja imetleb selle kulgu. Streetwear br\u00e4ndina on k\u00f5ik meie tooted loodud kestma ning m\u00f5eldud igap\u00e4evaseks kandmiseks.<\/p>\n<p><a href=\"\/et\/tootekategooria\/brandid\/kirju-co-et\/\"><img loading=\"lazy\" decoding=\"async\" src=\"https:\/\/www.talidesign.eu\/wp\/wp-content\/uploads\/2021\/03\/logo-1.jpg\" alt=\"\" width=\"500\" height=\"100\" class=\"alignnone size-full wp-image-24054\" \/><\/a><\/p>\n","protected":false},"excerpt":{"rendered":"<p><strong>Kirju Shard akr\u00fc\u00fclist k\u00f5rvar\u00f5ngad<\/strong><\/p>\n<p>\u2022 <a href=\"\/et\/tootekategooria\/brandid\/kirju-co-et\/\">Br\u00e4nd KIRJU.CO<\/a><br \/>\n\u2022 Postiga k\u00f5rvar\u00f5ngad<br \/>\n\u2022 Niklivaba<br \/>\n\u2022 M\u00f5\u00f5dud: 35&#215;12 mm<\/p>\n<p><strong>Br\u00e4ndist<\/strong><\/p>\n<p>Eesti arhitekti poolt loodud br\u00e4nd KIRJU.CO on tuntud oma graafilise joone ning minimalistliku vormi t\u00f5ttu, sealjuures pidades v\u00e4ga oluliseks ka loomingu m\u00e4ngulisust. Juba 10 aastat tegutsenud br\u00e4nd on l\u00e4bi pidevalt uuenevate kollektsioonide s\u00e4ilitanud oma algsed loomamotiivid, millest on kujunenud KIRJU.CO firmam\u00e4rk. Lisaks kesksetele geomeetrilistele vormidele esinevad stiliseeritud taime- ja loomamotiivid paralleelselt paljudes kollektsioonides.<\/p>\n<p>KIRJU.CO tunnustab iga p\u00e4eva\u2026 iga hetke, v\u00e4\u00e4rtustab elu kergust ja imetleb selle kulgu. Streetwear br\u00e4ndina on k\u00f5ik meie tooted loodud kestma ning m\u00f5eldud igap\u00e4evaseks kandmiseks.<\/p>\n<p><a href=\"\/et\/tootekategooria\/brandid\/kirju-co-et\/\"><img loading=\"lazy\" decoding=\"async\" src=\"https:\/\/www.talidesign.eu\/wp\/wp-content\/uploads\/2021\/03\/logo-1.jpg\" alt=\"\" width=\"500\" height=\"100\" class=\"alignnone size-full wp-image-24054\" \/><\/a><\/p>\n","protected":false},"featured_media":37720,"template":"","meta":[],"product_brand":[],"product_cat":[1153,1026,1146,1054,1152,1148],"product_tag":[1254],"class_list":{"0":"post-37719","1":"product","2":"type-product","3":"status-publish","4":"has-post-thumbnail","6":"product_cat-akruulist-korvarongad","7":"product_cat-brandid","8":"product_cat-ehted","9":"product_cat-kirju-co-et","10":"product_cat-kirju-co-korvarongad","11":"product_cat-korvarongad","12":"product_tag-kirju-jewellery-et","14":"first","15":"instock","16":"featured","17":"taxable","18":"shipping-taxable","19":"purchasable","20":"product-type-variable","21":"has-default-attributes"},"yoast_head":"<!-- This site is optimized with the Yoast SEO plugin v27.3 - https:\/\/yoast.com\/product\/yoast-seo-wordpress\/ -->\n<title>Kirju Shard akr\u00fc\u00fclist k\u00f5rvar\u00f5ngad - TALI Concept Store<\/title>\n<meta name=\"description\" content=\"Kirju Shard akr\u00fc\u00fclist k\u00f5rvar\u00f5ngad - Unikaalsed ja stiilsed k\u00f5rvar\u00f5ngad, mis v\u00e4ljendavad m\u00e4ngulisust ja minimalistlikku disaini. Tutvu l\u00e4hemalt!\" \/>\n<meta name=\"robots\" content=\"index, follow, max-snippet:-1, max-image-preview:large, max-video-preview:-1\" \/>\n<link rel=\"canonical\" href=\"https:\/\/www.talidesign.eu\/et\/pood\/toode\/kirju-shard-akruulist-korvarongadshard\/\" \/>\n<meta property=\"og:locale\" content=\"et_EE\" \/>\n<meta property=\"og:type\" content=\"article\" \/>\n<meta property=\"og:title\" content=\"Kirju Shard akr\u00fc\u00fclist k\u00f5rvar\u00f5ngad - TALI Concept Store\" \/>\n<meta property=\"og:description\" content=\"Kirju Shard akr\u00fc\u00fclist k\u00f5rvar\u00f5ngad - Unikaalsed ja stiilsed k\u00f5rvar\u00f5ngad, mis v\u00e4ljendavad m\u00e4ngulisust ja minimalistlikku disaini. Tutvu l\u00e4hemalt!\" \/>\n<meta property=\"og:url\" content=\"https:\/\/www.talidesign.eu\/et\/pood\/toode\/kirju-shard-akruulist-korvarongadshard\/\" \/>\n<meta property=\"og:site_name\" content=\"TALI Concept Store\" \/>\n<meta property=\"article:publisher\" content=\"https:\/\/www.facebook.com\/TaliDisain\/\" \/>\n<meta property=\"article:modified_time\" content=\"2025-12-08T17:15:05+00:00\" \/>\n<meta property=\"og:image\" content=\"https:\/\/www.talidesign.eu\/wp\/wp-content\/uploads\/2019\/03\/SHARD_silver-mirror_2.png\" \/>\n\t<meta property=\"og:image:width\" content=\"1831\" \/>\n\t<meta property=\"og:image:height\" content=\"1831\" \/>\n\t<meta property=\"og:image:type\" content=\"image\/png\" \/>\n<meta name=\"twitter:card\" content=\"summary_large_image\" \/>\n<meta name=\"twitter:label1\" content=\"Est. reading time\" \/>\n\t<meta name=\"twitter:data1\" content=\"1 minute\" \/>\n<script type=\"application\/ld+json\" class=\"yoast-schema-graph\">{\"@context\":\"https:\\\/\\\/schema.org\",\"@graph\":[{\"@type\":\"WebPage\",\"@id\":\"https:\\\/\\\/www.talidesign.eu\\\/et\\\/pood\\\/toode\\\/kirju-shard-akruulist-korvarongadshard\\\/\",\"url\":\"https:\\\/\\\/www.talidesign.eu\\\/et\\\/pood\\\/toode\\\/kirju-shard-akruulist-korvarongadshard\\\/\",\"name\":\"Kirju Shard akr\u00fc\u00fclist k\u00f5rvar\u00f5ngad - TALI Concept Store\",\"isPartOf\":{\"@id\":\"https:\\\/\\\/www.talidesign.eu\\\/et\\\/#website\"},\"primaryImageOfPage\":{\"@id\":\"https:\\\/\\\/www.talidesign.eu\\\/et\\\/pood\\\/toode\\\/kirju-shard-akruulist-korvarongadshard\\\/#primaryimage\"},\"image\":{\"@id\":\"https:\\\/\\\/www.talidesign.eu\\\/et\\\/pood\\\/toode\\\/kirju-shard-akruulist-korvarongadshard\\\/#primaryimage\"},\"thumbnailUrl\":\"https:\\\/\\\/www.talidesign.eu\\\/wp\\\/wp-content\\\/uploads\\\/2019\\\/03\\\/SHARD_silver-mirror_2.png\",\"datePublished\":\"2020-04-25T18:10:37+00:00\",\"dateModified\":\"2025-12-08T17:15:05+00:00\",\"description\":\"Kirju Shard akr\u00fc\u00fclist k\u00f5rvar\u00f5ngad - Unikaalsed ja stiilsed k\u00f5rvar\u00f5ngad, mis v\u00e4ljendavad m\u00e4ngulisust ja minimalistlikku disaini. Tutvu l\u00e4hemalt!\",\"breadcrumb\":{\"@id\":\"https:\\\/\\\/www.talidesign.eu\\\/et\\\/pood\\\/toode\\\/kirju-shard-akruulist-korvarongadshard\\\/#breadcrumb\"},\"inLanguage\":\"et\",\"potentialAction\":[{\"@type\":\"ReadAction\",\"target\":[\"https:\\\/\\\/www.talidesign.eu\\\/et\\\/pood\\\/toode\\\/kirju-shard-akruulist-korvarongadshard\\\/\"]}]},{\"@type\":\"ImageObject\",\"inLanguage\":\"et\",\"@id\":\"https:\\\/\\\/www.talidesign.eu\\\/et\\\/pood\\\/toode\\\/kirju-shard-akruulist-korvarongadshard\\\/#primaryimage\",\"url\":\"https:\\\/\\\/www.talidesign.eu\\\/wp\\\/wp-content\\\/uploads\\\/2019\\\/03\\\/SHARD_silver-mirror_2.png\",\"contentUrl\":\"https:\\\/\\\/www.talidesign.eu\\\/wp\\\/wp-content\\\/uploads\\\/2019\\\/03\\\/SHARD_silver-mirror_2.png\",\"width\":1831,\"height\":1831},{\"@type\":\"BreadcrumbList\",\"@id\":\"https:\\\/\\\/www.talidesign.eu\\\/et\\\/pood\\\/toode\\\/kirju-shard-akruulist-korvarongadshard\\\/#breadcrumb\",\"itemListElement\":[{\"@type\":\"ListItem\",\"position\":1,\"name\":\"Avaleht\",\"item\":\"https:\\\/\\\/www.talidesign.eu\\\/et\\\/\"},{\"@type\":\"ListItem\",\"position\":2,\"name\":\"Pood\",\"item\":\"https:\\\/\\\/www.talidesign.eu\\\/et\\\/pood\\\/\"},{\"@type\":\"ListItem\",\"position\":3,\"name\":\"Kirju Shard akr\u00fc\u00fclist k\u00f5rvar\u00f5ngad\"}]},{\"@type\":\"WebSite\",\"@id\":\"https:\\\/\\\/www.talidesign.eu\\\/et\\\/#website\",\"url\":\"https:\\\/\\\/www.talidesign.eu\\\/et\\\/\",\"name\":\"TALI Concept Store\",\"description\":\"Suurim Disainipood Eestis\",\"potentialAction\":[{\"@type\":\"SearchAction\",\"target\":{\"@type\":\"EntryPoint\",\"urlTemplate\":\"https:\\\/\\\/www.talidesign.eu\\\/et\\\/?s={search_term_string}\"},\"query-input\":{\"@type\":\"PropertyValueSpecification\",\"valueRequired\":true,\"valueName\":\"search_term_string\"}}],\"inLanguage\":\"et\"}]}<\/script>\n<!-- \/ Yoast SEO plugin. -->","yoast_head_json":{"title":"Kirju Shard akr\u00fc\u00fclist k\u00f5rvar\u00f5ngad - TALI Concept Store","description":"Kirju Shard akr\u00fc\u00fclist k\u00f5rvar\u00f5ngad - Unikaalsed ja stiilsed k\u00f5rvar\u00f5ngad, mis v\u00e4ljendavad m\u00e4ngulisust ja minimalistlikku disaini. Tutvu l\u00e4hemalt!","robots":{"index":"index","follow":"follow","max-snippet":"max-snippet:-1","max-image-preview":"max-image-preview:large","max-video-preview":"max-video-preview:-1"},"canonical":"https:\/\/www.talidesign.eu\/et\/pood\/toode\/kirju-shard-akruulist-korvarongadshard\/","og_locale":"et_EE","og_type":"article","og_title":"Kirju Shard akr\u00fc\u00fclist k\u00f5rvar\u00f5ngad - TALI Concept Store","og_description":"Kirju Shard akr\u00fc\u00fclist k\u00f5rvar\u00f5ngad - Unikaalsed ja stiilsed k\u00f5rvar\u00f5ngad, mis v\u00e4ljendavad m\u00e4ngulisust ja minimalistlikku disaini. Tutvu l\u00e4hemalt!","og_url":"https:\/\/www.talidesign.eu\/et\/pood\/toode\/kirju-shard-akruulist-korvarongadshard\/","og_site_name":"TALI Concept Store","article_publisher":"https:\/\/www.facebook.com\/TaliDisain\/","article_modified_time":"2025-12-08T17:15:05+00:00","og_image":[{"width":1831,"height":1831,"url":"https:\/\/www.talidesign.eu\/wp\/wp-content\/uploads\/2019\/03\/SHARD_silver-mirror_2.png","type":"image\/png"}],"twitter_card":"summary_large_image","twitter_misc":{"Est. reading time":"1 minute"},"schema":{"@context":"https:\/\/schema.org","@graph":[{"@type":"WebPage","@id":"https:\/\/www.talidesign.eu\/et\/pood\/toode\/kirju-shard-akruulist-korvarongadshard\/","url":"https:\/\/www.talidesign.eu\/et\/pood\/toode\/kirju-shard-akruulist-korvarongadshard\/","name":"Kirju Shard akr\u00fc\u00fclist k\u00f5rvar\u00f5ngad - TALI Concept Store","isPartOf":{"@id":"https:\/\/www.talidesign.eu\/et\/#website"},"primaryImageOfPage":{"@id":"https:\/\/www.talidesign.eu\/et\/pood\/toode\/kirju-shard-akruulist-korvarongadshard\/#primaryimage"},"image":{"@id":"https:\/\/www.talidesign.eu\/et\/pood\/toode\/kirju-shard-akruulist-korvarongadshard\/#primaryimage"},"thumbnailUrl":"https:\/\/www.talidesign.eu\/wp\/wp-content\/uploads\/2019\/03\/SHARD_silver-mirror_2.png","datePublished":"2020-04-25T18:10:37+00:00","dateModified":"2025-12-08T17:15:05+00:00","description":"Kirju Shard akr\u00fc\u00fclist k\u00f5rvar\u00f5ngad - Unikaalsed ja stiilsed k\u00f5rvar\u00f5ngad, mis v\u00e4ljendavad m\u00e4ngulisust ja minimalistlikku disaini. Tutvu l\u00e4hemalt!","breadcrumb":{"@id":"https:\/\/www.talidesign.eu\/et\/pood\/toode\/kirju-shard-akruulist-korvarongadshard\/#breadcrumb"},"inLanguage":"et","potentialAction":[{"@type":"ReadAction","target":["https:\/\/www.talidesign.eu\/et\/pood\/toode\/kirju-shard-akruulist-korvarongadshard\/"]}]},{"@type":"ImageObject","inLanguage":"et","@id":"https:\/\/www.talidesign.eu\/et\/pood\/toode\/kirju-shard-akruulist-korvarongadshard\/#primaryimage","url":"https:\/\/www.talidesign.eu\/wp\/wp-content\/uploads\/2019\/03\/SHARD_silver-mirror_2.png","contentUrl":"https:\/\/www.talidesign.eu\/wp\/wp-content\/uploads\/2019\/03\/SHARD_silver-mirror_2.png","width":1831,"height":1831},{"@type":"BreadcrumbList","@id":"https:\/\/www.talidesign.eu\/et\/pood\/toode\/kirju-shard-akruulist-korvarongadshard\/#breadcrumb","itemListElement":[{"@type":"ListItem","position":1,"name":"Avaleht","item":"https:\/\/www.talidesign.eu\/et\/"},{"@type":"ListItem","position":2,"name":"Pood","item":"https:\/\/www.talidesign.eu\/et\/pood\/"},{"@type":"ListItem","position":3,"name":"Kirju Shard akr\u00fc\u00fclist k\u00f5rvar\u00f5ngad"}]},{"@type":"WebSite","@id":"https:\/\/www.talidesign.eu\/et\/#website","url":"https:\/\/www.talidesign.eu\/et\/","name":"TALI Concept Store","description":"Suurim Disainipood Eestis","potentialAction":[{"@type":"SearchAction","target":{"@type":"EntryPoint","urlTemplate":"https:\/\/www.talidesign.eu\/et\/?s={search_term_string}"},"query-input":{"@type":"PropertyValueSpecification","valueRequired":true,"valueName":"search_term_string"}}],"inLanguage":"et"}]}},"_links":{"self":[{"href":"https:\/\/www.talidesign.eu\/et\/wp-json\/wp\/v2\/product\/37719","targetHints":{"allow":["GET"]}}],"collection":[{"href":"https:\/\/www.talidesign.eu\/et\/wp-json\/wp\/v2\/product"}],"about":[{"href":"https:\/\/www.talidesign.eu\/et\/wp-json\/wp\/v2\/types\/product"}],"wp:featuredmedia":[{"embeddable":true,"href":"https:\/\/www.talidesign.eu\/et\/wp-json\/wp\/v2\/media\/37720"}],"wp:attachment":[{"href":"https:\/\/www.talidesign.eu\/et\/wp-json\/wp\/v2\/media?parent=37719"}],"wp:term":[{"taxonomy":"product_brand","embeddable":true,"href":"https:\/\/www.talidesign.eu\/et\/wp-json\/wp\/v2\/product_brand?post=37719"},{"taxonomy":"product_cat","embeddable":true,"href":"https:\/\/www.talidesign.eu\/et\/wp-json\/wp\/v2\/product_cat?post=37719"},{"taxonomy":"product_tag","embeddable":true,"href":"https:\/\/www.talidesign.eu\/et\/wp-json\/wp\/v2\/product_tag?post=37719"}],"curies":[{"name":"wp","href":"https:\/\/api.w.org\/{rel}","templated":true}]}}