{"id":38031,"date":"2020-12-08T08:43:06","date_gmt":"2020-12-08T06:43:06","guid":{"rendered":"https:\/\/www.talidesign.eu\/shop\/product\/kirju-organic-wolf-mask-sweatshirt-black\/"},"modified":"2024-12-16T11:38:12","modified_gmt":"2024-12-16T09:38:12","slug":"kirju-orgaaniline-wolf-mask-pusa-must","status":"publish","type":"product","link":"https:\/\/www.talidesign.eu\/et\/pood\/toode\/kirju-orgaaniline-wolf-mask-pusa-must\/","title":{"rendered":"Kirju Orgaaniline \u201cWolf Mask\u201d Pusa Must"},"content":{"rendered":"<p><strong>Hundi Dressipluus Must<\/strong><\/p>\n<p>\u2022 <a href=\"\/et\/tootekategooria\/brandid\/kirju-co-et\/\">Br\u00e4nd KIRJU.CO<\/a><br \/>\n\u2022 Unisex pusa<br \/>\n\u2022 100% sertifitseeritud orgaaniline puuvill<br \/>\n\u2022 V\u00e4rv : Must<br \/>\n\u2022 Valge siiditr\u00fckk<br \/>\n\u2022 Disainitud Eestis, valmistatud Portugalis<\/p>\n<p>GOTS orgaaniline puuvill &#8211; ilma toksiliste kemikaalide ja pestitsiidideta.<\/p>\n<p><a href=\"https:\/\/www.talidesign.eu\/wp\/wp-content\/uploads\/2020\/05\/GOTS_small.jpg\"><img loading=\"lazy\" decoding=\"async\" class=\"alignnone wp-image-9757\" src=\"https:\/\/www.talidesign.eu\/wp\/wp-content\/uploads\/2020\/05\/GOTS_small.jpg\" alt=\"\" width=\"178\" height=\"87\" srcset=\"https:\/\/www.talidesign.eu\/wp\/wp-content\/uploads\/2020\/05\/GOTS_small.jpg 600w, https:\/\/www.talidesign.eu\/wp\/wp-content\/uploads\/2020\/05\/GOTS_small-500x245.jpg 500w, https:\/\/www.talidesign.eu\/wp\/wp-content\/uploads\/2020\/05\/GOTS_small-510x250.jpg 510w\" sizes=\"auto, (max-width: 178px) 100vw, 178px\" \/><\/a><\/p>\n<p><strong>Br\u00e4ndist<\/strong><\/p>\n<p>Eesti arhitekti poolt loodud br\u00e4nd KIRJU.CO on tuntud oma graafilise joone ning minimalistliku vormi t\u00f5ttu, sealjuures pidades v\u00e4ga oluliseks ka loomingu m\u00e4ngulisust. Juba 10 aastat tegutsenud br\u00e4nd on l\u00e4bi pidevalt uuenevate kollektsioonide s\u00e4ilitanud oma algsed loomamotiivid, millest on kujunenud KIRJU.CO firmam\u00e4rk. Lisaks kesksetele geomeetrilistele vormidele esinevad stiliseeritud taime- ja loomamotiivid paralleelselt paljudes kollektsioonides.<\/p>\n<p>KIRJU.CO tunnustab iga p\u00e4eva\u2026 iga hetke, v\u00e4\u00e4rtustab elu kergust ja imetleb selle kulgu. Streetwear br\u00e4ndina on k\u00f5ik meie tooted loodud kestma ning m\u00f5eldud igap\u00e4evaseks kandmiseks.<\/p>\n<p><a href=\"\/et\/tootekategooria\/brandid\/kirju-co-et\/\"><img loading=\"lazy\" decoding=\"async\" src=\"https:\/\/www.talidesign.eu\/wp\/wp-content\/uploads\/2021\/03\/logo-1.jpg\" alt=\"\" width=\"500\" height=\"100\" class=\"alignnone size-full wp-image-24054\" \/><\/a><\/p>\n","protected":false},"excerpt":{"rendered":"<p><strong>Hundi Dressipluus Must<\/strong><\/p>\n<p>\u2022 <a href=\"\/et\/tootekategooria\/brandid\/kirju-co-et\/\">Br\u00e4nd KIRJU.CO<\/a><br \/>\n\u2022 Unisex pusa<br \/>\n\u2022 100% sertifitseeritud orgaaniline puuvill<br \/>\n\u2022 V\u00e4rv : Must<br \/>\n\u2022 Valge siiditr\u00fckk<br \/>\n\u2022 Disainitud Eestis, valmistatud Portugalis<\/p>\n<p>GOTS orgaaniline puuvill &#8211; ilma toksiliste kemikaalide ja pestitsiidideta.<\/p>\n<p><a href=\"https:\/\/www.talidesign.eu\/wp\/wp-content\/uploads\/2020\/05\/GOTS_small.jpg\"><img loading=\"lazy\" decoding=\"async\" class=\"alignnone wp-image-9757\" src=\"https:\/\/www.talidesign.eu\/wp\/wp-content\/uploads\/2020\/05\/GOTS_small.jpg\" alt=\"\" width=\"178\" height=\"87\" srcset=\"https:\/\/www.talidesign.eu\/wp\/wp-content\/uploads\/2020\/05\/GOTS_small.jpg 600w, https:\/\/www.talidesign.eu\/wp\/wp-content\/uploads\/2020\/05\/GOTS_small-500x245.jpg 500w, https:\/\/www.talidesign.eu\/wp\/wp-content\/uploads\/2020\/05\/GOTS_small-510x250.jpg 510w\" sizes=\"auto, (max-width: 178px) 100vw, 178px\" \/><\/a><\/p>\n<p><strong>Br\u00e4ndist<\/strong><\/p>\n<p>Eesti arhitekti poolt loodud br\u00e4nd KIRJU.CO on tuntud oma graafilise joone ning minimalistliku vormi t\u00f5ttu, sealjuures pidades v\u00e4ga oluliseks ka loomingu m\u00e4ngulisust. Juba 10 aastat tegutsenud br\u00e4nd on l\u00e4bi pidevalt uuenevate kollektsioonide s\u00e4ilitanud oma algsed loomamotiivid, millest on kujunenud KIRJU.CO firmam\u00e4rk. Lisaks kesksetele geomeetrilistele vormidele esinevad stiliseeritud taime- ja loomamotiivid paralleelselt paljudes kollektsioonides.<\/p>\n<p>KIRJU.CO tunnustab iga p\u00e4eva\u2026 iga hetke, v\u00e4\u00e4rtustab elu kergust ja imetleb selle kulgu. Streetwear br\u00e4ndina on k\u00f5ik meie tooted loodud kestma ning m\u00f5eldud igap\u00e4evaseks kandmiseks.<\/p>\n<p><a href=\"\/et\/tootekategooria\/brandid\/kirju-co-et\/\"><img loading=\"lazy\" decoding=\"async\" src=\"https:\/\/www.talidesign.eu\/wp\/wp-content\/uploads\/2021\/03\/logo-1.jpg\" alt=\"\" width=\"500\" height=\"100\" class=\"alignnone size-full wp-image-24054\" \/><\/a><\/p>\n","protected":false},"featured_media":38036,"template":"","meta":[],"product_brand":[],"product_cat":[1026,1122,1141,1054],"product_tag":[1338],"class_list":{"0":"post-38031","1":"product","2":"type-product","3":"status-publish","4":"has-post-thumbnail","6":"product_cat-brandid","7":"product_cat-dressipluusid-pusad","8":"product_cat-dressipluusid-pusad-naised","9":"product_cat-kirju-co-et","10":"product_tag-kirju-clothes-et","12":"first","13":"outofstock","14":"taxable","15":"shipping-taxable","16":"product-type-variable"},"yoast_head":"<!-- This site is optimized with the Yoast SEO plugin v27.3 - https:\/\/yoast.com\/product\/yoast-seo-wordpress\/ -->\n<title>Kirju Orgaaniline \u201cWolf Mask\u201d Pusa Must - TALI Concept Store<\/title>\n<meta name=\"description\" content=\"Kirju Orgaaniline \u201cWolf Mask\u201d Pusa Must - Unisex pusa, 100% sertifitseeritud orgaaniline puuvill, disainitud Eestis, valmistatud Portugalis. V\u00e4\u00e4rtusta elu kergust ja imetle selle kulgu.\" \/>\n<meta name=\"robots\" content=\"index, follow, max-snippet:-1, max-image-preview:large, max-video-preview:-1\" \/>\n<link rel=\"canonical\" href=\"https:\/\/www.talidesign.eu\/et\/pood\/toode\/kirju-orgaaniline-wolf-mask-pusa-must\/\" \/>\n<meta property=\"og:locale\" content=\"et_EE\" \/>\n<meta property=\"og:type\" content=\"article\" \/>\n<meta property=\"og:title\" content=\"Kirju Orgaaniline \u201cWolf Mask\u201d Pusa Must - TALI Concept Store\" \/>\n<meta property=\"og:description\" content=\"Kirju Orgaaniline \u201cWolf Mask\u201d Pusa Must - Unisex pusa, 100% sertifitseeritud orgaaniline puuvill, disainitud Eestis, valmistatud Portugalis. V\u00e4\u00e4rtusta elu kergust ja imetle selle kulgu.\" \/>\n<meta property=\"og:url\" content=\"https:\/\/www.talidesign.eu\/et\/pood\/toode\/kirju-orgaaniline-wolf-mask-pusa-must\/\" \/>\n<meta property=\"og:site_name\" content=\"TALI Concept Store\" \/>\n<meta property=\"article:publisher\" content=\"https:\/\/www.facebook.com\/TaliDisain\/\" \/>\n<meta property=\"article:modified_time\" content=\"2024-12-16T09:38:12+00:00\" \/>\n<meta property=\"og:image\" content=\"https:\/\/www.talidesign.eu\/wp\/wp-content\/uploads\/2019\/03\/Sweatshirt_Wolf-Mask-Black-scaled.jpg\" \/>\n\t<meta property=\"og:image:width\" content=\"2560\" \/>\n\t<meta property=\"og:image:height\" content=\"2560\" \/>\n\t<meta property=\"og:image:type\" content=\"image\/jpeg\" \/>\n<meta name=\"twitter:card\" content=\"summary_large_image\" \/>\n<meta name=\"twitter:label1\" content=\"Est. reading time\" \/>\n\t<meta name=\"twitter:data1\" content=\"1 minute\" \/>\n<script type=\"application\/ld+json\" class=\"yoast-schema-graph\">{\"@context\":\"https:\\\/\\\/schema.org\",\"@graph\":[{\"@type\":\"WebPage\",\"@id\":\"https:\\\/\\\/www.talidesign.eu\\\/et\\\/pood\\\/toode\\\/kirju-orgaaniline-wolf-mask-pusa-must\\\/\",\"url\":\"https:\\\/\\\/www.talidesign.eu\\\/et\\\/pood\\\/toode\\\/kirju-orgaaniline-wolf-mask-pusa-must\\\/\",\"name\":\"Kirju Orgaaniline \u201cWolf Mask\u201d Pusa Must - TALI Concept Store\",\"isPartOf\":{\"@id\":\"https:\\\/\\\/www.talidesign.eu\\\/et\\\/#website\"},\"primaryImageOfPage\":{\"@id\":\"https:\\\/\\\/www.talidesign.eu\\\/et\\\/pood\\\/toode\\\/kirju-orgaaniline-wolf-mask-pusa-must\\\/#primaryimage\"},\"image\":{\"@id\":\"https:\\\/\\\/www.talidesign.eu\\\/et\\\/pood\\\/toode\\\/kirju-orgaaniline-wolf-mask-pusa-must\\\/#primaryimage\"},\"thumbnailUrl\":\"https:\\\/\\\/www.talidesign.eu\\\/wp\\\/wp-content\\\/uploads\\\/2019\\\/03\\\/Sweatshirt_Wolf-Mask-Black-scaled.jpg\",\"datePublished\":\"2020-12-08T06:43:06+00:00\",\"dateModified\":\"2024-12-16T09:38:12+00:00\",\"description\":\"Kirju Orgaaniline \u201cWolf Mask\u201d Pusa Must - Unisex pusa, 100% sertifitseeritud orgaaniline puuvill, disainitud Eestis, valmistatud Portugalis. V\u00e4\u00e4rtusta elu kergust ja imetle selle kulgu.\",\"breadcrumb\":{\"@id\":\"https:\\\/\\\/www.talidesign.eu\\\/et\\\/pood\\\/toode\\\/kirju-orgaaniline-wolf-mask-pusa-must\\\/#breadcrumb\"},\"inLanguage\":\"et\",\"potentialAction\":[{\"@type\":\"ReadAction\",\"target\":[\"https:\\\/\\\/www.talidesign.eu\\\/et\\\/pood\\\/toode\\\/kirju-orgaaniline-wolf-mask-pusa-must\\\/\"]}]},{\"@type\":\"ImageObject\",\"inLanguage\":\"et\",\"@id\":\"https:\\\/\\\/www.talidesign.eu\\\/et\\\/pood\\\/toode\\\/kirju-orgaaniline-wolf-mask-pusa-must\\\/#primaryimage\",\"url\":\"https:\\\/\\\/www.talidesign.eu\\\/wp\\\/wp-content\\\/uploads\\\/2019\\\/03\\\/Sweatshirt_Wolf-Mask-Black-scaled.jpg\",\"contentUrl\":\"https:\\\/\\\/www.talidesign.eu\\\/wp\\\/wp-content\\\/uploads\\\/2019\\\/03\\\/Sweatshirt_Wolf-Mask-Black-scaled.jpg\",\"width\":2560,\"height\":2560},{\"@type\":\"BreadcrumbList\",\"@id\":\"https:\\\/\\\/www.talidesign.eu\\\/et\\\/pood\\\/toode\\\/kirju-orgaaniline-wolf-mask-pusa-must\\\/#breadcrumb\",\"itemListElement\":[{\"@type\":\"ListItem\",\"position\":1,\"name\":\"Avaleht\",\"item\":\"https:\\\/\\\/www.talidesign.eu\\\/et\\\/\"},{\"@type\":\"ListItem\",\"position\":2,\"name\":\"Pood\",\"item\":\"https:\\\/\\\/www.talidesign.eu\\\/et\\\/pood\\\/\"},{\"@type\":\"ListItem\",\"position\":3,\"name\":\"Kirju Orgaaniline \u201cWolf Mask\u201d Pusa Must\"}]},{\"@type\":\"WebSite\",\"@id\":\"https:\\\/\\\/www.talidesign.eu\\\/et\\\/#website\",\"url\":\"https:\\\/\\\/www.talidesign.eu\\\/et\\\/\",\"name\":\"TALI Concept Store\",\"description\":\"Suurim Disainipood Eestis\",\"potentialAction\":[{\"@type\":\"SearchAction\",\"target\":{\"@type\":\"EntryPoint\",\"urlTemplate\":\"https:\\\/\\\/www.talidesign.eu\\\/et\\\/?s={search_term_string}\"},\"query-input\":{\"@type\":\"PropertyValueSpecification\",\"valueRequired\":true,\"valueName\":\"search_term_string\"}}],\"inLanguage\":\"et\"}]}<\/script>\n<!-- \/ Yoast SEO plugin. -->","yoast_head_json":{"title":"Kirju Orgaaniline \u201cWolf Mask\u201d Pusa Must - TALI Concept Store","description":"Kirju Orgaaniline \u201cWolf Mask\u201d Pusa Must - Unisex pusa, 100% sertifitseeritud orgaaniline puuvill, disainitud Eestis, valmistatud Portugalis. V\u00e4\u00e4rtusta elu kergust ja imetle selle kulgu.","robots":{"index":"index","follow":"follow","max-snippet":"max-snippet:-1","max-image-preview":"max-image-preview:large","max-video-preview":"max-video-preview:-1"},"canonical":"https:\/\/www.talidesign.eu\/et\/pood\/toode\/kirju-orgaaniline-wolf-mask-pusa-must\/","og_locale":"et_EE","og_type":"article","og_title":"Kirju Orgaaniline \u201cWolf Mask\u201d Pusa Must - TALI Concept Store","og_description":"Kirju Orgaaniline \u201cWolf Mask\u201d Pusa Must - Unisex pusa, 100% sertifitseeritud orgaaniline puuvill, disainitud Eestis, valmistatud Portugalis. V\u00e4\u00e4rtusta elu kergust ja imetle selle kulgu.","og_url":"https:\/\/www.talidesign.eu\/et\/pood\/toode\/kirju-orgaaniline-wolf-mask-pusa-must\/","og_site_name":"TALI Concept Store","article_publisher":"https:\/\/www.facebook.com\/TaliDisain\/","article_modified_time":"2024-12-16T09:38:12+00:00","og_image":[{"width":2560,"height":2560,"url":"https:\/\/www.talidesign.eu\/wp\/wp-content\/uploads\/2019\/03\/Sweatshirt_Wolf-Mask-Black-scaled.jpg","type":"image\/jpeg"}],"twitter_card":"summary_large_image","twitter_misc":{"Est. reading time":"1 minute"},"schema":{"@context":"https:\/\/schema.org","@graph":[{"@type":"WebPage","@id":"https:\/\/www.talidesign.eu\/et\/pood\/toode\/kirju-orgaaniline-wolf-mask-pusa-must\/","url":"https:\/\/www.talidesign.eu\/et\/pood\/toode\/kirju-orgaaniline-wolf-mask-pusa-must\/","name":"Kirju Orgaaniline \u201cWolf Mask\u201d Pusa Must - TALI Concept Store","isPartOf":{"@id":"https:\/\/www.talidesign.eu\/et\/#website"},"primaryImageOfPage":{"@id":"https:\/\/www.talidesign.eu\/et\/pood\/toode\/kirju-orgaaniline-wolf-mask-pusa-must\/#primaryimage"},"image":{"@id":"https:\/\/www.talidesign.eu\/et\/pood\/toode\/kirju-orgaaniline-wolf-mask-pusa-must\/#primaryimage"},"thumbnailUrl":"https:\/\/www.talidesign.eu\/wp\/wp-content\/uploads\/2019\/03\/Sweatshirt_Wolf-Mask-Black-scaled.jpg","datePublished":"2020-12-08T06:43:06+00:00","dateModified":"2024-12-16T09:38:12+00:00","description":"Kirju Orgaaniline \u201cWolf Mask\u201d Pusa Must - Unisex pusa, 100% sertifitseeritud orgaaniline puuvill, disainitud Eestis, valmistatud Portugalis. V\u00e4\u00e4rtusta elu kergust ja imetle selle kulgu.","breadcrumb":{"@id":"https:\/\/www.talidesign.eu\/et\/pood\/toode\/kirju-orgaaniline-wolf-mask-pusa-must\/#breadcrumb"},"inLanguage":"et","potentialAction":[{"@type":"ReadAction","target":["https:\/\/www.talidesign.eu\/et\/pood\/toode\/kirju-orgaaniline-wolf-mask-pusa-must\/"]}]},{"@type":"ImageObject","inLanguage":"et","@id":"https:\/\/www.talidesign.eu\/et\/pood\/toode\/kirju-orgaaniline-wolf-mask-pusa-must\/#primaryimage","url":"https:\/\/www.talidesign.eu\/wp\/wp-content\/uploads\/2019\/03\/Sweatshirt_Wolf-Mask-Black-scaled.jpg","contentUrl":"https:\/\/www.talidesign.eu\/wp\/wp-content\/uploads\/2019\/03\/Sweatshirt_Wolf-Mask-Black-scaled.jpg","width":2560,"height":2560},{"@type":"BreadcrumbList","@id":"https:\/\/www.talidesign.eu\/et\/pood\/toode\/kirju-orgaaniline-wolf-mask-pusa-must\/#breadcrumb","itemListElement":[{"@type":"ListItem","position":1,"name":"Avaleht","item":"https:\/\/www.talidesign.eu\/et\/"},{"@type":"ListItem","position":2,"name":"Pood","item":"https:\/\/www.talidesign.eu\/et\/pood\/"},{"@type":"ListItem","position":3,"name":"Kirju Orgaaniline \u201cWolf Mask\u201d Pusa Must"}]},{"@type":"WebSite","@id":"https:\/\/www.talidesign.eu\/et\/#website","url":"https:\/\/www.talidesign.eu\/et\/","name":"TALI Concept Store","description":"Suurim Disainipood Eestis","potentialAction":[{"@type":"SearchAction","target":{"@type":"EntryPoint","urlTemplate":"https:\/\/www.talidesign.eu\/et\/?s={search_term_string}"},"query-input":{"@type":"PropertyValueSpecification","valueRequired":true,"valueName":"search_term_string"}}],"inLanguage":"et"}]}},"_links":{"self":[{"href":"https:\/\/www.talidesign.eu\/et\/wp-json\/wp\/v2\/product\/38031","targetHints":{"allow":["GET"]}}],"collection":[{"href":"https:\/\/www.talidesign.eu\/et\/wp-json\/wp\/v2\/product"}],"about":[{"href":"https:\/\/www.talidesign.eu\/et\/wp-json\/wp\/v2\/types\/product"}],"wp:featuredmedia":[{"embeddable":true,"href":"https:\/\/www.talidesign.eu\/et\/wp-json\/wp\/v2\/media\/38036"}],"wp:attachment":[{"href":"https:\/\/www.talidesign.eu\/et\/wp-json\/wp\/v2\/media?parent=38031"}],"wp:term":[{"taxonomy":"product_brand","embeddable":true,"href":"https:\/\/www.talidesign.eu\/et\/wp-json\/wp\/v2\/product_brand?post=38031"},{"taxonomy":"product_cat","embeddable":true,"href":"https:\/\/www.talidesign.eu\/et\/wp-json\/wp\/v2\/product_cat?post=38031"},{"taxonomy":"product_tag","embeddable":true,"href":"https:\/\/www.talidesign.eu\/et\/wp-json\/wp\/v2\/product_tag?post=38031"}],"curies":[{"name":"wp","href":"https:\/\/api.w.org\/{rel}","templated":true}]}}