{"id":38587,"date":"2021-03-26T16:21:35","date_gmt":"2021-03-26T14:21:35","guid":{"rendered":"https:\/\/www.talidesign.eu\/shop\/product\/aran-joy-gold-ear-cuff\/"},"modified":"2024-11-26T12:43:38","modified_gmt":"2024-11-26T10:43:38","slug":"aran-joy-tsirkoonidega-ear-cuff-925-kullatud-18k","status":"publish","type":"product","link":"https:\/\/www.talidesign.eu\/et\/pood\/toode\/aran-joy-tsirkoonidega-ear-cuff-925-kullatud-18k\/","title":{"rendered":"Aran Joy tsirkoonidega Ear Cuff 925, kullatud 18K"},"content":{"rendered":"<p><strong>Joy tsirkoonidega Ear Cuff 925, kullatud 18K<\/strong><\/p>\n<p>\u2022 <a href=https:\/\/www.talidesign.eu\/et\/tootekategooria\/brandid\/aran-jewels-et\/>Br\u00e4nd Aran Jewels<\/a><br \/>\n\u2022 1 tk<br \/>\n\u2022 H\u00f5be 925, kaetud 18K kullaga<br \/>\n\u2022 Ei sisalda niklit<br \/>\n\u2022 Kinkekarbis<\/p>\n<p>Parim vahend ehete puhastamiseks kodus on soe vesi. Puhastage ehted \u00f5rnatoimelise n\u00f5udepesuvahendi ja sooja vee lahuses. Loputage hoolikalt ja kuivatage pehme lapiga.<\/p>\n<p>Parima tulemuse saavutamiseks poleerige h\u00f5beehteid spetsiaalse ehete poleerimise lapiga.<\/p>\n<p><em>Oleme p\u00fchendunud, praktilised,<br \/>\nuudishimulikud, rahutud<br \/>\nja vabad<\/em><\/p>\n<p><strong>Asutatud aastal 2014<\/strong> disainer Jessica Martineze poolt, Aran Jewels juveelisari uueneb pidevalt l\u00e4bi kaasaegse ja kontseptuaalse ehtedisaini, kasutades h\u00f5bedat ja kive.<\/p>\n<p><a href=https:\/\/www.talidesign.eu\/wp\/wp-content\/uploads\/2021\/02\/maca_stories2.jpg><img src=https:\/\/www.talidesign.eu\/wp\/wp-content\/uploads\/2021\/02\/maca_stories2.jpg alt=\"\" width=\"1366\" height=\"632\" class=\"alignnone size-full wp-image-22844\" \/><\/a><\/p>\n","protected":false},"excerpt":{"rendered":"<p><strong>Joy tsirkoonidega Ear Cuff 925, kullatud 18K<\/strong><\/p>\n<p>\u2022 <a href=https:\/\/www.talidesign.eu\/et\/tootekategooria\/brandid\/aran-jewels-et\/>Br\u00e4nd Aran Jewels<\/a><br \/>\n\u2022 1 tk<br \/>\n\u2022 H\u00f5be 925, kaetud 18K kullaga<br \/>\n\u2022 Ei sisalda niklit<br \/>\n\u2022 Kinkekarbis<\/p>\n<p>Parim vahend ehete puhastamiseks kodus on soe vesi. Puhastage ehted \u00f5rnatoimelise n\u00f5udepesuvahendi ja sooja vee lahuses. Loputage hoolikalt ja kuivatage pehme lapiga.<\/p>\n<p>Parima tulemuse saavutamiseks poleerige h\u00f5beehteid spetsiaalse ehete poleerimise lapiga.<\/p>\n<p><em>Oleme p\u00fchendunud, praktilised,<br \/>\nuudishimulikud, rahutud<br \/>\nja vabad<\/em><\/p>\n<p><strong>Asutatud aastal 2014<\/strong> disainer Jessica Martineze poolt, Aran Jewels juveelisari uueneb pidevalt l\u00e4bi kaasaegse ja kontseptuaalse ehtedisaini, kasutades h\u00f5bedat ja kive.<\/p>\n<p><a href=https:\/\/www.talidesign.eu\/wp\/wp-content\/uploads\/2021\/02\/maca_stories2.jpg><img src=https:\/\/www.talidesign.eu\/wp\/wp-content\/uploads\/2021\/02\/maca_stories2.jpg alt=\"\" width=\"1366\" height=\"632\" class=\"alignnone size-full wp-image-22844\" \/><\/a><\/p>\n","protected":false},"featured_media":38588,"template":"","meta":[],"product_brand":[],"product_cat":[1149,1036,1026,1146],"product_tag":[1385],"class_list":{"0":"post-38587","1":"product","2":"type-product","3":"status-publish","4":"has-post-thumbnail","6":"product_cat-aran-jewels-korvarongad","7":"product_cat-aran-jewels-et","8":"product_cat-brandid","9":"product_cat-ehted","10":"product_tag-aran-et","12":"first","13":"onbackorder","14":"taxable","15":"shipping-taxable","16":"purchasable","17":"product-type-simple"},"yoast_head":"<!-- This site is optimized with the Yoast SEO plugin v27.3 - https:\/\/yoast.com\/product\/yoast-seo-wordpress\/ -->\n<title>Aran Joy tsirkoonidega Ear Cuff 925, kullatud 18K - TALI Concept Store<\/title>\n<meta name=\"description\" content=\"Avasta Aran Joy tsirkoonidega Ear Cuff 925, kullatud 18K - kaunis ja stiilne ehe, mis t\u00e4iendab su v\u00e4limust. Tutvu l\u00e4hemalt!\" \/>\n<meta name=\"robots\" content=\"index, follow, max-snippet:-1, max-image-preview:large, max-video-preview:-1\" \/>\n<link rel=\"canonical\" href=\"https:\/\/www.talidesign.eu\/et\/pood\/toode\/aran-joy-tsirkoonidega-ear-cuff-925-kullatud-18k\/\" \/>\n<meta property=\"og:locale\" content=\"et_EE\" \/>\n<meta property=\"og:type\" content=\"article\" \/>\n<meta property=\"og:title\" content=\"Aran Joy tsirkoonidega Ear Cuff 925, kullatud 18K - TALI Concept Store\" \/>\n<meta property=\"og:description\" content=\"Avasta Aran Joy tsirkoonidega Ear Cuff 925, kullatud 18K - kaunis ja stiilne ehe, mis t\u00e4iendab su v\u00e4limust. Tutvu l\u00e4hemalt!\" \/>\n<meta property=\"og:url\" content=\"https:\/\/www.talidesign.eu\/et\/pood\/toode\/aran-joy-tsirkoonidega-ear-cuff-925-kullatud-18k\/\" \/>\n<meta property=\"og:site_name\" content=\"TALI Concept Store\" \/>\n<meta property=\"article:publisher\" content=\"https:\/\/www.facebook.com\/TaliDisain\/\" \/>\n<meta property=\"article:modified_time\" content=\"2024-11-26T10:43:38+00:00\" \/>\n<meta property=\"og:image\" content=\"https:\/\/www.talidesign.eu\/wp\/wp-content\/uploads\/2021\/03\/pendientes-joy_ear_cuff-oro.jpg\" \/>\n\t<meta property=\"og:image:width\" content=\"600\" \/>\n\t<meta property=\"og:image:height\" content=\"600\" \/>\n\t<meta property=\"og:image:type\" content=\"image\/jpeg\" \/>\n<meta name=\"twitter:card\" content=\"summary_large_image\" \/>\n<script type=\"application\/ld+json\" class=\"yoast-schema-graph\">{\"@context\":\"https:\\\/\\\/schema.org\",\"@graph\":[{\"@type\":\"WebPage\",\"@id\":\"https:\\\/\\\/www.talidesign.eu\\\/et\\\/pood\\\/toode\\\/aran-joy-tsirkoonidega-ear-cuff-925-kullatud-18k\\\/\",\"url\":\"https:\\\/\\\/www.talidesign.eu\\\/et\\\/pood\\\/toode\\\/aran-joy-tsirkoonidega-ear-cuff-925-kullatud-18k\\\/\",\"name\":\"Aran Joy tsirkoonidega Ear Cuff 925, kullatud 18K - TALI Concept Store\",\"isPartOf\":{\"@id\":\"https:\\\/\\\/www.talidesign.eu\\\/et\\\/#website\"},\"primaryImageOfPage\":{\"@id\":\"https:\\\/\\\/www.talidesign.eu\\\/et\\\/pood\\\/toode\\\/aran-joy-tsirkoonidega-ear-cuff-925-kullatud-18k\\\/#primaryimage\"},\"image\":{\"@id\":\"https:\\\/\\\/www.talidesign.eu\\\/et\\\/pood\\\/toode\\\/aran-joy-tsirkoonidega-ear-cuff-925-kullatud-18k\\\/#primaryimage\"},\"thumbnailUrl\":\"https:\\\/\\\/www.talidesign.eu\\\/wp\\\/wp-content\\\/uploads\\\/2021\\\/03\\\/pendientes-joy_ear_cuff-oro.jpg\",\"datePublished\":\"2021-03-26T14:21:35+00:00\",\"dateModified\":\"2024-11-26T10:43:38+00:00\",\"description\":\"Avasta Aran Joy tsirkoonidega Ear Cuff 925, kullatud 18K - kaunis ja stiilne ehe, mis t\u00e4iendab su v\u00e4limust. Tutvu l\u00e4hemalt!\",\"breadcrumb\":{\"@id\":\"https:\\\/\\\/www.talidesign.eu\\\/et\\\/pood\\\/toode\\\/aran-joy-tsirkoonidega-ear-cuff-925-kullatud-18k\\\/#breadcrumb\"},\"inLanguage\":\"et\",\"potentialAction\":[{\"@type\":\"ReadAction\",\"target\":[\"https:\\\/\\\/www.talidesign.eu\\\/et\\\/pood\\\/toode\\\/aran-joy-tsirkoonidega-ear-cuff-925-kullatud-18k\\\/\"]}]},{\"@type\":\"ImageObject\",\"inLanguage\":\"et\",\"@id\":\"https:\\\/\\\/www.talidesign.eu\\\/et\\\/pood\\\/toode\\\/aran-joy-tsirkoonidega-ear-cuff-925-kullatud-18k\\\/#primaryimage\",\"url\":\"https:\\\/\\\/www.talidesign.eu\\\/wp\\\/wp-content\\\/uploads\\\/2021\\\/03\\\/pendientes-joy_ear_cuff-oro.jpg\",\"contentUrl\":\"https:\\\/\\\/www.talidesign.eu\\\/wp\\\/wp-content\\\/uploads\\\/2021\\\/03\\\/pendientes-joy_ear_cuff-oro.jpg\",\"width\":600,\"height\":600},{\"@type\":\"BreadcrumbList\",\"@id\":\"https:\\\/\\\/www.talidesign.eu\\\/et\\\/pood\\\/toode\\\/aran-joy-tsirkoonidega-ear-cuff-925-kullatud-18k\\\/#breadcrumb\",\"itemListElement\":[{\"@type\":\"ListItem\",\"position\":1,\"name\":\"Avaleht\",\"item\":\"https:\\\/\\\/www.talidesign.eu\\\/et\\\/\"},{\"@type\":\"ListItem\",\"position\":2,\"name\":\"Pood\",\"item\":\"https:\\\/\\\/www.talidesign.eu\\\/et\\\/pood\\\/\"},{\"@type\":\"ListItem\",\"position\":3,\"name\":\"Aran Joy tsirkoonidega Ear Cuff 925, kullatud 18K\"}]},{\"@type\":\"WebSite\",\"@id\":\"https:\\\/\\\/www.talidesign.eu\\\/et\\\/#website\",\"url\":\"https:\\\/\\\/www.talidesign.eu\\\/et\\\/\",\"name\":\"TALI Concept Store\",\"description\":\"Suurim Disainipood Eestis\",\"potentialAction\":[{\"@type\":\"SearchAction\",\"target\":{\"@type\":\"EntryPoint\",\"urlTemplate\":\"https:\\\/\\\/www.talidesign.eu\\\/et\\\/?s={search_term_string}\"},\"query-input\":{\"@type\":\"PropertyValueSpecification\",\"valueRequired\":true,\"valueName\":\"search_term_string\"}}],\"inLanguage\":\"et\"}]}<\/script>\n<!-- \/ Yoast SEO plugin. -->","yoast_head_json":{"title":"Aran Joy tsirkoonidega Ear Cuff 925, kullatud 18K - TALI Concept Store","description":"Avasta Aran Joy tsirkoonidega Ear Cuff 925, kullatud 18K - kaunis ja stiilne ehe, mis t\u00e4iendab su v\u00e4limust. Tutvu l\u00e4hemalt!","robots":{"index":"index","follow":"follow","max-snippet":"max-snippet:-1","max-image-preview":"max-image-preview:large","max-video-preview":"max-video-preview:-1"},"canonical":"https:\/\/www.talidesign.eu\/et\/pood\/toode\/aran-joy-tsirkoonidega-ear-cuff-925-kullatud-18k\/","og_locale":"et_EE","og_type":"article","og_title":"Aran Joy tsirkoonidega Ear Cuff 925, kullatud 18K - TALI Concept Store","og_description":"Avasta Aran Joy tsirkoonidega Ear Cuff 925, kullatud 18K - kaunis ja stiilne ehe, mis t\u00e4iendab su v\u00e4limust. Tutvu l\u00e4hemalt!","og_url":"https:\/\/www.talidesign.eu\/et\/pood\/toode\/aran-joy-tsirkoonidega-ear-cuff-925-kullatud-18k\/","og_site_name":"TALI Concept Store","article_publisher":"https:\/\/www.facebook.com\/TaliDisain\/","article_modified_time":"2024-11-26T10:43:38+00:00","og_image":[{"width":600,"height":600,"url":"https:\/\/www.talidesign.eu\/wp\/wp-content\/uploads\/2021\/03\/pendientes-joy_ear_cuff-oro.jpg","type":"image\/jpeg"}],"twitter_card":"summary_large_image","schema":{"@context":"https:\/\/schema.org","@graph":[{"@type":"WebPage","@id":"https:\/\/www.talidesign.eu\/et\/pood\/toode\/aran-joy-tsirkoonidega-ear-cuff-925-kullatud-18k\/","url":"https:\/\/www.talidesign.eu\/et\/pood\/toode\/aran-joy-tsirkoonidega-ear-cuff-925-kullatud-18k\/","name":"Aran Joy tsirkoonidega Ear Cuff 925, kullatud 18K - TALI Concept Store","isPartOf":{"@id":"https:\/\/www.talidesign.eu\/et\/#website"},"primaryImageOfPage":{"@id":"https:\/\/www.talidesign.eu\/et\/pood\/toode\/aran-joy-tsirkoonidega-ear-cuff-925-kullatud-18k\/#primaryimage"},"image":{"@id":"https:\/\/www.talidesign.eu\/et\/pood\/toode\/aran-joy-tsirkoonidega-ear-cuff-925-kullatud-18k\/#primaryimage"},"thumbnailUrl":"https:\/\/www.talidesign.eu\/wp\/wp-content\/uploads\/2021\/03\/pendientes-joy_ear_cuff-oro.jpg","datePublished":"2021-03-26T14:21:35+00:00","dateModified":"2024-11-26T10:43:38+00:00","description":"Avasta Aran Joy tsirkoonidega Ear Cuff 925, kullatud 18K - kaunis ja stiilne ehe, mis t\u00e4iendab su v\u00e4limust. Tutvu l\u00e4hemalt!","breadcrumb":{"@id":"https:\/\/www.talidesign.eu\/et\/pood\/toode\/aran-joy-tsirkoonidega-ear-cuff-925-kullatud-18k\/#breadcrumb"},"inLanguage":"et","potentialAction":[{"@type":"ReadAction","target":["https:\/\/www.talidesign.eu\/et\/pood\/toode\/aran-joy-tsirkoonidega-ear-cuff-925-kullatud-18k\/"]}]},{"@type":"ImageObject","inLanguage":"et","@id":"https:\/\/www.talidesign.eu\/et\/pood\/toode\/aran-joy-tsirkoonidega-ear-cuff-925-kullatud-18k\/#primaryimage","url":"https:\/\/www.talidesign.eu\/wp\/wp-content\/uploads\/2021\/03\/pendientes-joy_ear_cuff-oro.jpg","contentUrl":"https:\/\/www.talidesign.eu\/wp\/wp-content\/uploads\/2021\/03\/pendientes-joy_ear_cuff-oro.jpg","width":600,"height":600},{"@type":"BreadcrumbList","@id":"https:\/\/www.talidesign.eu\/et\/pood\/toode\/aran-joy-tsirkoonidega-ear-cuff-925-kullatud-18k\/#breadcrumb","itemListElement":[{"@type":"ListItem","position":1,"name":"Avaleht","item":"https:\/\/www.talidesign.eu\/et\/"},{"@type":"ListItem","position":2,"name":"Pood","item":"https:\/\/www.talidesign.eu\/et\/pood\/"},{"@type":"ListItem","position":3,"name":"Aran Joy tsirkoonidega Ear Cuff 925, kullatud 18K"}]},{"@type":"WebSite","@id":"https:\/\/www.talidesign.eu\/et\/#website","url":"https:\/\/www.talidesign.eu\/et\/","name":"TALI Concept Store","description":"Suurim Disainipood Eestis","potentialAction":[{"@type":"SearchAction","target":{"@type":"EntryPoint","urlTemplate":"https:\/\/www.talidesign.eu\/et\/?s={search_term_string}"},"query-input":{"@type":"PropertyValueSpecification","valueRequired":true,"valueName":"search_term_string"}}],"inLanguage":"et"}]}},"_links":{"self":[{"href":"https:\/\/www.talidesign.eu\/et\/wp-json\/wp\/v2\/product\/38587","targetHints":{"allow":["GET"]}}],"collection":[{"href":"https:\/\/www.talidesign.eu\/et\/wp-json\/wp\/v2\/product"}],"about":[{"href":"https:\/\/www.talidesign.eu\/et\/wp-json\/wp\/v2\/types\/product"}],"wp:featuredmedia":[{"embeddable":true,"href":"https:\/\/www.talidesign.eu\/et\/wp-json\/wp\/v2\/media\/38588"}],"wp:attachment":[{"href":"https:\/\/www.talidesign.eu\/et\/wp-json\/wp\/v2\/media?parent=38587"}],"wp:term":[{"taxonomy":"product_brand","embeddable":true,"href":"https:\/\/www.talidesign.eu\/et\/wp-json\/wp\/v2\/product_brand?post=38587"},{"taxonomy":"product_cat","embeddable":true,"href":"https:\/\/www.talidesign.eu\/et\/wp-json\/wp\/v2\/product_cat?post=38587"},{"taxonomy":"product_tag","embeddable":true,"href":"https:\/\/www.talidesign.eu\/et\/wp-json\/wp\/v2\/product_tag?post=38587"}],"curies":[{"name":"wp","href":"https:\/\/api.w.org\/{rel}","templated":true}]}}