{"id":38592,"date":"2021-03-26T16:16:08","date_gmt":"2021-03-26T14:16:08","guid":{"rendered":"https:\/\/www.talidesign.eu\/shop\/product\/aran-joy-silver-ear-cuff\/"},"modified":"2025-09-28T15:35:27","modified_gmt":"2025-09-28T12:35:27","slug":"aran-joy-tsirkoonidega-ear-cuff-hobe-925","status":"publish","type":"product","link":"https:\/\/www.talidesign.eu\/et\/pood\/toode\/aran-joy-tsirkoonidega-ear-cuff-hobe-925\/","title":{"rendered":"Aran Joy tsirkoonidega Ear Cuff, h\u00f5be 925"},"content":{"rendered":"<p><strong>Joy tsirkoonidega Ear Cuff, h\u00f5be 925<\/strong><\/p>\n<p>\u2022 <a href=https:\/\/www.talidesign.eu\/et\/tootekategooria\/brandid\/aran-jewels-et\/>Br\u00e4nd Aran Jewels<\/a><br \/>\n\u2022 1 piece<br \/>\n\u2022 H\u00f5be 925<br \/>\n\u2022 Ei sisalda niklit<br \/>\n\u2022 Kinkekarbis<\/p>\n<p>Parim vahend ehete puhastamiseks kodus on soe vesi. Puhastage ehted \u00f5rnatoimelise n\u00f5udepesuvahendi ja sooja vee lahuses. Loputage hoolikalt ja kuivatage pehme lapiga.<\/p>\n<p>Parima tulemuse saavutamiseks poleerige h\u00f5beehteid spetsiaalse ehete poleerimise lapiga.<\/p>\n<p><em>Oleme p\u00fchendunud, praktilised,<br \/>\nuudishimulikud, rahutud<br \/>\nja vabad<\/em><\/p>\n<p><strong>Asutatud aastal 2014<\/strong> disainer Jessica Martineze poolt, Aran Jewels juveelisari uueneb pidevalt l\u00e4bi kaasaegse ja kontseptuaalse ehtedisaini, kasutades h\u00f5bedat ja kive.<\/p>\n<p><a href=https:\/\/www.talidesign.eu\/wp\/wp-content\/uploads\/2021\/02\/maca_stories2.jpg><img src=https:\/\/www.talidesign.eu\/wp\/wp-content\/uploads\/2021\/02\/maca_stories2.jpg alt=\"\" width=\"1366\" height=\"632\" class=\"alignnone size-full wp-image-22844\" \/><\/a><\/p>\n","protected":false},"excerpt":{"rendered":"<p><strong>Joy tsirkoonidega Ear Cuff, h\u00f5be 925<\/strong><\/p>\n<p>\u2022 <a href=https:\/\/www.talidesign.eu\/et\/tootekategooria\/brandid\/aran-jewels-et\/>Br\u00e4nd Aran Jewels<\/a><br \/>\n\u2022 1 piece<br \/>\n\u2022 H\u00f5be 925<br \/>\n\u2022 Ei sisalda niklit<br \/>\n\u2022 Kinkekarbis<\/p>\n<p>Parim vahend ehete puhastamiseks kodus on soe vesi. Puhastage ehted \u00f5rnatoimelise n\u00f5udepesuvahendi ja sooja vee lahuses. Loputage hoolikalt ja kuivatage pehme lapiga.<\/p>\n<p>Parima tulemuse saavutamiseks poleerige h\u00f5beehteid spetsiaalse ehete poleerimise lapiga.<\/p>\n<p><em>Oleme p\u00fchendunud, praktilised,<br \/>\nuudishimulikud, rahutud<br \/>\nja vabad<\/em><\/p>\n<p><strong>Asutatud aastal 2014<\/strong> disainer Jessica Martineze poolt, Aran Jewels juveelisari uueneb pidevalt l\u00e4bi kaasaegse ja kontseptuaalse ehtedisaini, kasutades h\u00f5bedat ja kive.<\/p>\n<p><a href=https:\/\/www.talidesign.eu\/wp\/wp-content\/uploads\/2021\/02\/maca_stories2.jpg><img src=https:\/\/www.talidesign.eu\/wp\/wp-content\/uploads\/2021\/02\/maca_stories2.jpg alt=\"\" width=\"1366\" height=\"632\" class=\"alignnone size-full wp-image-22844\" \/><\/a><\/p>\n","protected":false},"featured_media":38596,"template":"","meta":[],"product_brand":[],"product_cat":[1149,1036,1026,1146],"product_tag":[1385],"class_list":{"0":"post-38592","1":"product","2":"type-product","3":"status-publish","4":"has-post-thumbnail","6":"product_cat-aran-jewels-korvarongad","7":"product_cat-aran-jewels-et","8":"product_cat-brandid","9":"product_cat-ehted","10":"product_tag-aran-et","12":"first","13":"onbackorder","14":"taxable","15":"shipping-taxable","16":"purchasable","17":"product-type-simple"},"yoast_head":"<!-- This site is optimized with the Yoast SEO plugin v27.3 - https:\/\/yoast.com\/product\/yoast-seo-wordpress\/ -->\n<title>Aran Joy tsirkoonidega Ear Cuff, h\u00f5be 925 - TALI Concept Store<\/title>\n<meta name=\"description\" content=\"Avasta Aran Joy tsirkoonidega Ear Cuff, h\u00f5be 925 - kaunis ja stiilne ehe, mis t\u00e4iendab su v\u00e4limust. Tutvu l\u00e4hemalt ja leia enda jaoks midagi erilist!\" \/>\n<meta name=\"robots\" content=\"index, follow, max-snippet:-1, max-image-preview:large, max-video-preview:-1\" \/>\n<link rel=\"canonical\" href=\"https:\/\/www.talidesign.eu\/et\/pood\/toode\/aran-joy-tsirkoonidega-ear-cuff-hobe-925\/\" \/>\n<meta property=\"og:locale\" content=\"et_EE\" \/>\n<meta property=\"og:type\" content=\"article\" \/>\n<meta property=\"og:title\" content=\"Aran Joy tsirkoonidega Ear Cuff, h\u00f5be 925 - TALI Concept Store\" \/>\n<meta property=\"og:description\" content=\"Avasta Aran Joy tsirkoonidega Ear Cuff, h\u00f5be 925 - kaunis ja stiilne ehe, mis t\u00e4iendab su v\u00e4limust. Tutvu l\u00e4hemalt ja leia enda jaoks midagi erilist!\" \/>\n<meta property=\"og:url\" content=\"https:\/\/www.talidesign.eu\/et\/pood\/toode\/aran-joy-tsirkoonidega-ear-cuff-hobe-925\/\" \/>\n<meta property=\"og:site_name\" content=\"TALI Concept Store\" \/>\n<meta property=\"article:publisher\" content=\"https:\/\/www.facebook.com\/TaliDisain\/\" \/>\n<meta property=\"article:modified_time\" content=\"2025-09-28T12:35:27+00:00\" \/>\n<meta property=\"og:image\" content=\"https:\/\/www.talidesign.eu\/wp\/wp-content\/uploads\/2021\/03\/pendientes-joy_ear_cuff-plata-1.jpg\" \/>\n\t<meta property=\"og:image:width\" content=\"600\" \/>\n\t<meta property=\"og:image:height\" content=\"600\" \/>\n\t<meta property=\"og:image:type\" content=\"image\/jpeg\" \/>\n<meta name=\"twitter:card\" content=\"summary_large_image\" \/>\n<script type=\"application\/ld+json\" class=\"yoast-schema-graph\">{\"@context\":\"https:\\\/\\\/schema.org\",\"@graph\":[{\"@type\":\"WebPage\",\"@id\":\"https:\\\/\\\/www.talidesign.eu\\\/et\\\/pood\\\/toode\\\/aran-joy-tsirkoonidega-ear-cuff-hobe-925\\\/\",\"url\":\"https:\\\/\\\/www.talidesign.eu\\\/et\\\/pood\\\/toode\\\/aran-joy-tsirkoonidega-ear-cuff-hobe-925\\\/\",\"name\":\"Aran Joy tsirkoonidega Ear Cuff, h\u00f5be 925 - TALI Concept Store\",\"isPartOf\":{\"@id\":\"https:\\\/\\\/www.talidesign.eu\\\/et\\\/#website\"},\"primaryImageOfPage\":{\"@id\":\"https:\\\/\\\/www.talidesign.eu\\\/et\\\/pood\\\/toode\\\/aran-joy-tsirkoonidega-ear-cuff-hobe-925\\\/#primaryimage\"},\"image\":{\"@id\":\"https:\\\/\\\/www.talidesign.eu\\\/et\\\/pood\\\/toode\\\/aran-joy-tsirkoonidega-ear-cuff-hobe-925\\\/#primaryimage\"},\"thumbnailUrl\":\"https:\\\/\\\/www.talidesign.eu\\\/wp\\\/wp-content\\\/uploads\\\/2021\\\/03\\\/pendientes-joy_ear_cuff-plata-1.jpg\",\"datePublished\":\"2021-03-26T14:16:08+00:00\",\"dateModified\":\"2025-09-28T12:35:27+00:00\",\"description\":\"Avasta Aran Joy tsirkoonidega Ear Cuff, h\u00f5be 925 - kaunis ja stiilne ehe, mis t\u00e4iendab su v\u00e4limust. Tutvu l\u00e4hemalt ja leia enda jaoks midagi erilist!\",\"breadcrumb\":{\"@id\":\"https:\\\/\\\/www.talidesign.eu\\\/et\\\/pood\\\/toode\\\/aran-joy-tsirkoonidega-ear-cuff-hobe-925\\\/#breadcrumb\"},\"inLanguage\":\"et\",\"potentialAction\":[{\"@type\":\"ReadAction\",\"target\":[\"https:\\\/\\\/www.talidesign.eu\\\/et\\\/pood\\\/toode\\\/aran-joy-tsirkoonidega-ear-cuff-hobe-925\\\/\"]}]},{\"@type\":\"ImageObject\",\"inLanguage\":\"et\",\"@id\":\"https:\\\/\\\/www.talidesign.eu\\\/et\\\/pood\\\/toode\\\/aran-joy-tsirkoonidega-ear-cuff-hobe-925\\\/#primaryimage\",\"url\":\"https:\\\/\\\/www.talidesign.eu\\\/wp\\\/wp-content\\\/uploads\\\/2021\\\/03\\\/pendientes-joy_ear_cuff-plata-1.jpg\",\"contentUrl\":\"https:\\\/\\\/www.talidesign.eu\\\/wp\\\/wp-content\\\/uploads\\\/2021\\\/03\\\/pendientes-joy_ear_cuff-plata-1.jpg\",\"width\":600,\"height\":600},{\"@type\":\"BreadcrumbList\",\"@id\":\"https:\\\/\\\/www.talidesign.eu\\\/et\\\/pood\\\/toode\\\/aran-joy-tsirkoonidega-ear-cuff-hobe-925\\\/#breadcrumb\",\"itemListElement\":[{\"@type\":\"ListItem\",\"position\":1,\"name\":\"Avaleht\",\"item\":\"https:\\\/\\\/www.talidesign.eu\\\/et\\\/\"},{\"@type\":\"ListItem\",\"position\":2,\"name\":\"Pood\",\"item\":\"https:\\\/\\\/www.talidesign.eu\\\/et\\\/pood\\\/\"},{\"@type\":\"ListItem\",\"position\":3,\"name\":\"Aran Joy tsirkoonidega Ear Cuff, h\u00f5be 925\"}]},{\"@type\":\"WebSite\",\"@id\":\"https:\\\/\\\/www.talidesign.eu\\\/et\\\/#website\",\"url\":\"https:\\\/\\\/www.talidesign.eu\\\/et\\\/\",\"name\":\"TALI Concept Store\",\"description\":\"Suurim Disainipood Eestis\",\"potentialAction\":[{\"@type\":\"SearchAction\",\"target\":{\"@type\":\"EntryPoint\",\"urlTemplate\":\"https:\\\/\\\/www.talidesign.eu\\\/et\\\/?s={search_term_string}\"},\"query-input\":{\"@type\":\"PropertyValueSpecification\",\"valueRequired\":true,\"valueName\":\"search_term_string\"}}],\"inLanguage\":\"et\"}]}<\/script>\n<!-- \/ Yoast SEO plugin. -->","yoast_head_json":{"title":"Aran Joy tsirkoonidega Ear Cuff, h\u00f5be 925 - TALI Concept Store","description":"Avasta Aran Joy tsirkoonidega Ear Cuff, h\u00f5be 925 - kaunis ja stiilne ehe, mis t\u00e4iendab su v\u00e4limust. Tutvu l\u00e4hemalt ja leia enda jaoks midagi erilist!","robots":{"index":"index","follow":"follow","max-snippet":"max-snippet:-1","max-image-preview":"max-image-preview:large","max-video-preview":"max-video-preview:-1"},"canonical":"https:\/\/www.talidesign.eu\/et\/pood\/toode\/aran-joy-tsirkoonidega-ear-cuff-hobe-925\/","og_locale":"et_EE","og_type":"article","og_title":"Aran Joy tsirkoonidega Ear Cuff, h\u00f5be 925 - TALI Concept Store","og_description":"Avasta Aran Joy tsirkoonidega Ear Cuff, h\u00f5be 925 - kaunis ja stiilne ehe, mis t\u00e4iendab su v\u00e4limust. Tutvu l\u00e4hemalt ja leia enda jaoks midagi erilist!","og_url":"https:\/\/www.talidesign.eu\/et\/pood\/toode\/aran-joy-tsirkoonidega-ear-cuff-hobe-925\/","og_site_name":"TALI Concept Store","article_publisher":"https:\/\/www.facebook.com\/TaliDisain\/","article_modified_time":"2025-09-28T12:35:27+00:00","og_image":[{"width":600,"height":600,"url":"https:\/\/www.talidesign.eu\/wp\/wp-content\/uploads\/2021\/03\/pendientes-joy_ear_cuff-plata-1.jpg","type":"image\/jpeg"}],"twitter_card":"summary_large_image","schema":{"@context":"https:\/\/schema.org","@graph":[{"@type":"WebPage","@id":"https:\/\/www.talidesign.eu\/et\/pood\/toode\/aran-joy-tsirkoonidega-ear-cuff-hobe-925\/","url":"https:\/\/www.talidesign.eu\/et\/pood\/toode\/aran-joy-tsirkoonidega-ear-cuff-hobe-925\/","name":"Aran Joy tsirkoonidega Ear Cuff, h\u00f5be 925 - TALI Concept Store","isPartOf":{"@id":"https:\/\/www.talidesign.eu\/et\/#website"},"primaryImageOfPage":{"@id":"https:\/\/www.talidesign.eu\/et\/pood\/toode\/aran-joy-tsirkoonidega-ear-cuff-hobe-925\/#primaryimage"},"image":{"@id":"https:\/\/www.talidesign.eu\/et\/pood\/toode\/aran-joy-tsirkoonidega-ear-cuff-hobe-925\/#primaryimage"},"thumbnailUrl":"https:\/\/www.talidesign.eu\/wp\/wp-content\/uploads\/2021\/03\/pendientes-joy_ear_cuff-plata-1.jpg","datePublished":"2021-03-26T14:16:08+00:00","dateModified":"2025-09-28T12:35:27+00:00","description":"Avasta Aran Joy tsirkoonidega Ear Cuff, h\u00f5be 925 - kaunis ja stiilne ehe, mis t\u00e4iendab su v\u00e4limust. Tutvu l\u00e4hemalt ja leia enda jaoks midagi erilist!","breadcrumb":{"@id":"https:\/\/www.talidesign.eu\/et\/pood\/toode\/aran-joy-tsirkoonidega-ear-cuff-hobe-925\/#breadcrumb"},"inLanguage":"et","potentialAction":[{"@type":"ReadAction","target":["https:\/\/www.talidesign.eu\/et\/pood\/toode\/aran-joy-tsirkoonidega-ear-cuff-hobe-925\/"]}]},{"@type":"ImageObject","inLanguage":"et","@id":"https:\/\/www.talidesign.eu\/et\/pood\/toode\/aran-joy-tsirkoonidega-ear-cuff-hobe-925\/#primaryimage","url":"https:\/\/www.talidesign.eu\/wp\/wp-content\/uploads\/2021\/03\/pendientes-joy_ear_cuff-plata-1.jpg","contentUrl":"https:\/\/www.talidesign.eu\/wp\/wp-content\/uploads\/2021\/03\/pendientes-joy_ear_cuff-plata-1.jpg","width":600,"height":600},{"@type":"BreadcrumbList","@id":"https:\/\/www.talidesign.eu\/et\/pood\/toode\/aran-joy-tsirkoonidega-ear-cuff-hobe-925\/#breadcrumb","itemListElement":[{"@type":"ListItem","position":1,"name":"Avaleht","item":"https:\/\/www.talidesign.eu\/et\/"},{"@type":"ListItem","position":2,"name":"Pood","item":"https:\/\/www.talidesign.eu\/et\/pood\/"},{"@type":"ListItem","position":3,"name":"Aran Joy tsirkoonidega Ear Cuff, h\u00f5be 925"}]},{"@type":"WebSite","@id":"https:\/\/www.talidesign.eu\/et\/#website","url":"https:\/\/www.talidesign.eu\/et\/","name":"TALI Concept Store","description":"Suurim Disainipood Eestis","potentialAction":[{"@type":"SearchAction","target":{"@type":"EntryPoint","urlTemplate":"https:\/\/www.talidesign.eu\/et\/?s={search_term_string}"},"query-input":{"@type":"PropertyValueSpecification","valueRequired":true,"valueName":"search_term_string"}}],"inLanguage":"et"}]}},"_links":{"self":[{"href":"https:\/\/www.talidesign.eu\/et\/wp-json\/wp\/v2\/product\/38592","targetHints":{"allow":["GET"]}}],"collection":[{"href":"https:\/\/www.talidesign.eu\/et\/wp-json\/wp\/v2\/product"}],"about":[{"href":"https:\/\/www.talidesign.eu\/et\/wp-json\/wp\/v2\/types\/product"}],"wp:featuredmedia":[{"embeddable":true,"href":"https:\/\/www.talidesign.eu\/et\/wp-json\/wp\/v2\/media\/38596"}],"wp:attachment":[{"href":"https:\/\/www.talidesign.eu\/et\/wp-json\/wp\/v2\/media?parent=38592"}],"wp:term":[{"taxonomy":"product_brand","embeddable":true,"href":"https:\/\/www.talidesign.eu\/et\/wp-json\/wp\/v2\/product_brand?post=38592"},{"taxonomy":"product_cat","embeddable":true,"href":"https:\/\/www.talidesign.eu\/et\/wp-json\/wp\/v2\/product_cat?post=38592"},{"taxonomy":"product_tag","embeddable":true,"href":"https:\/\/www.talidesign.eu\/et\/wp-json\/wp\/v2\/product_tag?post=38592"}],"curies":[{"name":"wp","href":"https:\/\/api.w.org\/{rel}","templated":true}]}}