{"id":39011,"date":"2020-03-19T20:40:12","date_gmt":"2020-03-19T18:40:12","guid":{"rendered":"https:\/\/www.talidesign.eu\/shop\/product\/moon-silver-earrings\/"},"modified":"2025-07-17T17:52:38","modified_gmt":"2025-07-17T14:52:38","slug":"moon-silver-earrings","status":"publish","type":"product","link":"https:\/\/www.talidesign.eu\/et\/pood\/toode\/moon-silver-earrings\/","title":{"rendered":"Aran Moon Silver Earrings"},"content":{"rendered":"<p><strong>Aran Moon Silver Earrings<\/strong><\/p>\n<p>\u2022 <a href=\"\/product-category\/designers\/aran-jewels\/\">View more from Aran Jewels<\/a><br \/>\n\u2022 Sterling silver.<br \/>\n\u2022 Does not contain nickel.<br \/>\n\u2022 Gift box included.<\/p>\n<p>Clean your jewels using a soft cloth to preserve its original shine. Regular cleaning will help you keep your jewel shining and in perfect conditions.<\/p>\n<p>For gold-plated jewels, prepare a mix containing water, mild soap and a small quantity of ammonia. Remember that colors gradually rub off gold-plated jewelry.<\/p>\n<p><em>We are decided, practical,<br \/>\ncurious, restless<br \/>\nand free<\/em><\/p>\n<p><strong>Launched in 2014<\/strong> by Jessica Martinez designer of Aran Jewels, the jewelry line continuously innovate the perception of contemporary body adornment through conceptual jewelry designs using silver and stones.<\/p>\n<p><a href=\"https:\/\/www.talidesign.eu\/wp\/wp-content\/uploads\/2021\/02\/maca_stories2.jpg\"><img loading=\"lazy\" decoding=\"async\" src=\"https:\/\/www.talidesign.eu\/wp\/wp-content\/uploads\/2021\/02\/maca_stories2.jpg\" alt=\"\" width=\"1366\" height=\"632\" class=\"alignnone size-full wp-image-22844\" srcset=\"https:\/\/www.talidesign.eu\/wp\/wp-content\/uploads\/2021\/02\/maca_stories2.jpg 1366w, https:\/\/www.talidesign.eu\/wp\/wp-content\/uploads\/2021\/02\/maca_stories2-800x370.jpg 800w, https:\/\/www.talidesign.eu\/wp\/wp-content\/uploads\/2021\/02\/maca_stories2-768x355.jpg 768w, https:\/\/www.talidesign.eu\/wp\/wp-content\/uploads\/2021\/02\/maca_stories2-500x231.jpg 500w, https:\/\/www.talidesign.eu\/wp\/wp-content\/uploads\/2021\/02\/maca_stories2-510x236.jpg 510w\" sizes=\"auto, (max-width: 1366px) 100vw, 1366px\" \/><\/a><\/p>\n","protected":false},"excerpt":{"rendered":"<p><strong>Materials<\/strong><\/p>\n<p>\u2022 Sterling silver.<br \/>\n\u2022 Does not contain nickel.<\/p>\n<p>ARAN JEWELS will deliver all your products with their respective packaging.<\/p>\n","protected":false},"featured_media":39013,"template":"","meta":[],"product_brand":[],"product_cat":[1149,1036,1026,1146],"product_tag":[1385],"class_list":{"0":"post-39011","1":"product","2":"type-product","3":"status-publish","4":"has-post-thumbnail","6":"product_cat-aran-jewels-korvarongad","7":"product_cat-aran-jewels-et","8":"product_cat-brandid","9":"product_cat-ehted","10":"product_tag-aran-et","12":"first","13":"outofstock","14":"taxable","15":"shipping-taxable","16":"purchasable","17":"product-type-simple"},"yoast_head":"<!-- This site is optimized with the Yoast SEO plugin v27.3 - https:\/\/yoast.com\/product\/yoast-seo-wordpress\/ -->\n<title>Aran Moon Silver Earrings - TALI Concept Store<\/title>\n<meta name=\"description\" content=\"Avasta Aran Moon h\u00f5bek\u00f5rvar\u00f5ngad - kaunid, stiilsed ja allergiavabad. Tutvu Aran Jewelsi ainulaadsete ehetega ja telli endale need imelised k\u00f5rvar\u00f5ngad juba t\u00e4na!\" \/>\n<meta name=\"robots\" content=\"index, follow, max-snippet:-1, max-image-preview:large, max-video-preview:-1\" \/>\n<link rel=\"canonical\" href=\"https:\/\/www.talidesign.eu\/et\/pood\/toode\/moon-silver-earrings\/\" \/>\n<meta property=\"og:locale\" content=\"et_EE\" \/>\n<meta property=\"og:type\" content=\"article\" \/>\n<meta property=\"og:title\" content=\"Aran Moon Silver Earrings - TALI Concept Store\" \/>\n<meta property=\"og:description\" content=\"Avasta Aran Moon h\u00f5bek\u00f5rvar\u00f5ngad - kaunid, stiilsed ja allergiavabad. Tutvu Aran Jewelsi ainulaadsete ehetega ja telli endale need imelised k\u00f5rvar\u00f5ngad juba t\u00e4na!\" \/>\n<meta property=\"og:url\" content=\"https:\/\/www.talidesign.eu\/et\/pood\/toode\/moon-silver-earrings\/\" \/>\n<meta property=\"og:site_name\" content=\"TALI Concept Store\" \/>\n<meta property=\"article:publisher\" content=\"https:\/\/www.facebook.com\/TaliDisain\/\" \/>\n<meta property=\"article:modified_time\" content=\"2025-07-17T14:52:38+00:00\" \/>\n<meta property=\"og:image\" content=\"https:\/\/www.talidesign.eu\/wp\/wp-content\/uploads\/2020\/03\/pendientes-moon-silver.jpg\" \/>\n\t<meta property=\"og:image:width\" content=\"600\" \/>\n\t<meta property=\"og:image:height\" content=\"600\" \/>\n\t<meta property=\"og:image:type\" content=\"image\/jpeg\" \/>\n<meta name=\"twitter:card\" content=\"summary_large_image\" \/>\n<meta name=\"twitter:label1\" content=\"Est. reading time\" \/>\n\t<meta name=\"twitter:data1\" content=\"1 minute\" \/>\n<script type=\"application\/ld+json\" class=\"yoast-schema-graph\">{\"@context\":\"https:\\\/\\\/schema.org\",\"@graph\":[{\"@type\":\"WebPage\",\"@id\":\"https:\\\/\\\/www.talidesign.eu\\\/et\\\/pood\\\/toode\\\/moon-silver-earrings\\\/\",\"url\":\"https:\\\/\\\/www.talidesign.eu\\\/et\\\/pood\\\/toode\\\/moon-silver-earrings\\\/\",\"name\":\"Aran Moon Silver Earrings - TALI Concept Store\",\"isPartOf\":{\"@id\":\"https:\\\/\\\/www.talidesign.eu\\\/et\\\/#website\"},\"primaryImageOfPage\":{\"@id\":\"https:\\\/\\\/www.talidesign.eu\\\/et\\\/pood\\\/toode\\\/moon-silver-earrings\\\/#primaryimage\"},\"image\":{\"@id\":\"https:\\\/\\\/www.talidesign.eu\\\/et\\\/pood\\\/toode\\\/moon-silver-earrings\\\/#primaryimage\"},\"thumbnailUrl\":\"https:\\\/\\\/www.talidesign.eu\\\/wp\\\/wp-content\\\/uploads\\\/2020\\\/03\\\/pendientes-moon-silver.jpg\",\"datePublished\":\"2020-03-19T18:40:12+00:00\",\"dateModified\":\"2025-07-17T14:52:38+00:00\",\"description\":\"Avasta Aran Moon h\u00f5bek\u00f5rvar\u00f5ngad - kaunid, stiilsed ja allergiavabad. Tutvu Aran Jewelsi ainulaadsete ehetega ja telli endale need imelised k\u00f5rvar\u00f5ngad juba t\u00e4na!\",\"breadcrumb\":{\"@id\":\"https:\\\/\\\/www.talidesign.eu\\\/et\\\/pood\\\/toode\\\/moon-silver-earrings\\\/#breadcrumb\"},\"inLanguage\":\"et\",\"potentialAction\":[{\"@type\":\"ReadAction\",\"target\":[\"https:\\\/\\\/www.talidesign.eu\\\/et\\\/pood\\\/toode\\\/moon-silver-earrings\\\/\"]}]},{\"@type\":\"ImageObject\",\"inLanguage\":\"et\",\"@id\":\"https:\\\/\\\/www.talidesign.eu\\\/et\\\/pood\\\/toode\\\/moon-silver-earrings\\\/#primaryimage\",\"url\":\"https:\\\/\\\/www.talidesign.eu\\\/wp\\\/wp-content\\\/uploads\\\/2020\\\/03\\\/pendientes-moon-silver.jpg\",\"contentUrl\":\"https:\\\/\\\/www.talidesign.eu\\\/wp\\\/wp-content\\\/uploads\\\/2020\\\/03\\\/pendientes-moon-silver.jpg\",\"width\":600,\"height\":600},{\"@type\":\"BreadcrumbList\",\"@id\":\"https:\\\/\\\/www.talidesign.eu\\\/et\\\/pood\\\/toode\\\/moon-silver-earrings\\\/#breadcrumb\",\"itemListElement\":[{\"@type\":\"ListItem\",\"position\":1,\"name\":\"Avaleht\",\"item\":\"https:\\\/\\\/www.talidesign.eu\\\/et\\\/\"},{\"@type\":\"ListItem\",\"position\":2,\"name\":\"Pood\",\"item\":\"https:\\\/\\\/www.talidesign.eu\\\/et\\\/pood\\\/\"},{\"@type\":\"ListItem\",\"position\":3,\"name\":\"Aran Moon Silver Earrings\"}]},{\"@type\":\"WebSite\",\"@id\":\"https:\\\/\\\/www.talidesign.eu\\\/et\\\/#website\",\"url\":\"https:\\\/\\\/www.talidesign.eu\\\/et\\\/\",\"name\":\"TALI Concept Store\",\"description\":\"Suurim Disainipood Eestis\",\"potentialAction\":[{\"@type\":\"SearchAction\",\"target\":{\"@type\":\"EntryPoint\",\"urlTemplate\":\"https:\\\/\\\/www.talidesign.eu\\\/et\\\/?s={search_term_string}\"},\"query-input\":{\"@type\":\"PropertyValueSpecification\",\"valueRequired\":true,\"valueName\":\"search_term_string\"}}],\"inLanguage\":\"et\"}]}<\/script>\n<!-- \/ Yoast SEO plugin. -->","yoast_head_json":{"title":"Aran Moon Silver Earrings - TALI Concept Store","description":"Avasta Aran Moon h\u00f5bek\u00f5rvar\u00f5ngad - kaunid, stiilsed ja allergiavabad. Tutvu Aran Jewelsi ainulaadsete ehetega ja telli endale need imelised k\u00f5rvar\u00f5ngad juba t\u00e4na!","robots":{"index":"index","follow":"follow","max-snippet":"max-snippet:-1","max-image-preview":"max-image-preview:large","max-video-preview":"max-video-preview:-1"},"canonical":"https:\/\/www.talidesign.eu\/et\/pood\/toode\/moon-silver-earrings\/","og_locale":"et_EE","og_type":"article","og_title":"Aran Moon Silver Earrings - TALI Concept Store","og_description":"Avasta Aran Moon h\u00f5bek\u00f5rvar\u00f5ngad - kaunid, stiilsed ja allergiavabad. Tutvu Aran Jewelsi ainulaadsete ehetega ja telli endale need imelised k\u00f5rvar\u00f5ngad juba t\u00e4na!","og_url":"https:\/\/www.talidesign.eu\/et\/pood\/toode\/moon-silver-earrings\/","og_site_name":"TALI Concept Store","article_publisher":"https:\/\/www.facebook.com\/TaliDisain\/","article_modified_time":"2025-07-17T14:52:38+00:00","og_image":[{"width":600,"height":600,"url":"https:\/\/www.talidesign.eu\/wp\/wp-content\/uploads\/2020\/03\/pendientes-moon-silver.jpg","type":"image\/jpeg"}],"twitter_card":"summary_large_image","twitter_misc":{"Est. reading time":"1 minute"},"schema":{"@context":"https:\/\/schema.org","@graph":[{"@type":"WebPage","@id":"https:\/\/www.talidesign.eu\/et\/pood\/toode\/moon-silver-earrings\/","url":"https:\/\/www.talidesign.eu\/et\/pood\/toode\/moon-silver-earrings\/","name":"Aran Moon Silver Earrings - TALI Concept Store","isPartOf":{"@id":"https:\/\/www.talidesign.eu\/et\/#website"},"primaryImageOfPage":{"@id":"https:\/\/www.talidesign.eu\/et\/pood\/toode\/moon-silver-earrings\/#primaryimage"},"image":{"@id":"https:\/\/www.talidesign.eu\/et\/pood\/toode\/moon-silver-earrings\/#primaryimage"},"thumbnailUrl":"https:\/\/www.talidesign.eu\/wp\/wp-content\/uploads\/2020\/03\/pendientes-moon-silver.jpg","datePublished":"2020-03-19T18:40:12+00:00","dateModified":"2025-07-17T14:52:38+00:00","description":"Avasta Aran Moon h\u00f5bek\u00f5rvar\u00f5ngad - kaunid, stiilsed ja allergiavabad. Tutvu Aran Jewelsi ainulaadsete ehetega ja telli endale need imelised k\u00f5rvar\u00f5ngad juba t\u00e4na!","breadcrumb":{"@id":"https:\/\/www.talidesign.eu\/et\/pood\/toode\/moon-silver-earrings\/#breadcrumb"},"inLanguage":"et","potentialAction":[{"@type":"ReadAction","target":["https:\/\/www.talidesign.eu\/et\/pood\/toode\/moon-silver-earrings\/"]}]},{"@type":"ImageObject","inLanguage":"et","@id":"https:\/\/www.talidesign.eu\/et\/pood\/toode\/moon-silver-earrings\/#primaryimage","url":"https:\/\/www.talidesign.eu\/wp\/wp-content\/uploads\/2020\/03\/pendientes-moon-silver.jpg","contentUrl":"https:\/\/www.talidesign.eu\/wp\/wp-content\/uploads\/2020\/03\/pendientes-moon-silver.jpg","width":600,"height":600},{"@type":"BreadcrumbList","@id":"https:\/\/www.talidesign.eu\/et\/pood\/toode\/moon-silver-earrings\/#breadcrumb","itemListElement":[{"@type":"ListItem","position":1,"name":"Avaleht","item":"https:\/\/www.talidesign.eu\/et\/"},{"@type":"ListItem","position":2,"name":"Pood","item":"https:\/\/www.talidesign.eu\/et\/pood\/"},{"@type":"ListItem","position":3,"name":"Aran Moon Silver Earrings"}]},{"@type":"WebSite","@id":"https:\/\/www.talidesign.eu\/et\/#website","url":"https:\/\/www.talidesign.eu\/et\/","name":"TALI Concept Store","description":"Suurim Disainipood Eestis","potentialAction":[{"@type":"SearchAction","target":{"@type":"EntryPoint","urlTemplate":"https:\/\/www.talidesign.eu\/et\/?s={search_term_string}"},"query-input":{"@type":"PropertyValueSpecification","valueRequired":true,"valueName":"search_term_string"}}],"inLanguage":"et"}]}},"_links":{"self":[{"href":"https:\/\/www.talidesign.eu\/et\/wp-json\/wp\/v2\/product\/39011","targetHints":{"allow":["GET"]}}],"collection":[{"href":"https:\/\/www.talidesign.eu\/et\/wp-json\/wp\/v2\/product"}],"about":[{"href":"https:\/\/www.talidesign.eu\/et\/wp-json\/wp\/v2\/types\/product"}],"wp:featuredmedia":[{"embeddable":true,"href":"https:\/\/www.talidesign.eu\/et\/wp-json\/wp\/v2\/media\/39013"}],"wp:attachment":[{"href":"https:\/\/www.talidesign.eu\/et\/wp-json\/wp\/v2\/media?parent=39011"}],"wp:term":[{"taxonomy":"product_brand","embeddable":true,"href":"https:\/\/www.talidesign.eu\/et\/wp-json\/wp\/v2\/product_brand?post=39011"},{"taxonomy":"product_cat","embeddable":true,"href":"https:\/\/www.talidesign.eu\/et\/wp-json\/wp\/v2\/product_cat?post=39011"},{"taxonomy":"product_tag","embeddable":true,"href":"https:\/\/www.talidesign.eu\/et\/wp-json\/wp\/v2\/product_tag?post=39011"}],"curies":[{"name":"wp","href":"https:\/\/api.w.org\/{rel}","templated":true}]}}