{"id":39384,"date":"2021-08-13T17:33:18","date_gmt":"2021-08-13T14:33:18","guid":{"rendered":"https:\/\/www.talidesign.eu\/shop\/product\/mette-ditmer-shades-toothbrush-holder-black\/"},"modified":"2022-09-30T09:57:44","modified_gmt":"2022-09-30T06:57:44","slug":"mette-ditmer-shades-hambaharja-tops-must","status":"publish","type":"product","link":"https:\/\/www.talidesign.eu\/et\/pood\/toode\/mette-ditmer-shades-hambaharja-tops-must\/","title":{"rendered":"Mette Ditmer Shades hambaharja tops Must"},"content":{"rendered":"<p><strong>Shades sari<\/strong><\/p>\n<p>Vannitoa seeria SHADES on p\u00f5hjamaiselt puhta joone ning geomeetrilise vormiga. S\u00fcgav must v\u00e4rv toob vannituppa kontrasti ning loob maskuliinsema ilme. SHADES on valmistatud keraamikast, mis on kaetud mattkummiga, mis annab pinnale sametise ja eksklusiivse v\u00e4limuse. <\/p>\n<p>\u2022 Suurus: H9,5x\u00d87 cm<br \/>\n\u2022 Materjal: keraamika\/ mattkumm pind<br \/>\n\u2022 <a href=\"\/et\/tootekategooria\/brandid\/mette-ditmer-et\/\">Br\u00e4nd Mette Ditmer<\/a><\/p>\n<p><strong>Hooldusjuhend<\/strong><\/p>\n<p>Pesta k\u00e4sitsi puhta veega. Vajadusel kasutada niisket lappi ja tavalist n\u00f5udepesuvahendit. Mitte pesta n\u00f5udepesumasinas!<\/p>\n<p><strong>Tutvu disaineriga!<\/strong><\/p>\n<p>Mette Ditmer on <strong>Taani disainer<\/strong>,&nbsp;kes on omanimelise br\u00e4ndiga loonud ikoonilisi interj\u00f6\u00f6ri ja vannitoa aksessuaare juba 25 aastat. Mette soovib, et Skandinaavia v\u00e4rvid, k\u00f5rgekvaliteedilised tooted ning ajatu graafiline disain inspireeriks inimesi vormima ja arendama oma isiklikku stiili l\u00e4bi kodukujunduse.<\/p>\n<p><a href=\"\/et\/tootekategooria\/brandid\/mette-ditmer-et\/\"><img src=https:\/\/www.talidesign.eu\/wp\/wp-content\/uploads\/2021\/08\/Mette-Ditmer-Logo.jpg alt=\"\" width=\"500\" height=\"100\" class=\"alignnone size-full wp-image-33492\" \/><\/a><\/p>\n","protected":false},"excerpt":{"rendered":"<p><strong>Shades sari<\/strong><\/p>\n<p>Vannitoa seeria SHADES on p\u00f5hjamaiselt puhta joone ning geomeetrilise vormiga. S\u00fcgav must v\u00e4rv toob vannituppa kontrasti ning loob maskuliinsema ilme. SHADES on valmistatud keraamikast, mis on kaetud mattkummiga, mis annab pinnale sametise ja eksklusiivse v\u00e4limuse. <\/p>\n<p>\u2022 Suurus: H9,5x\u00d87 cm<br \/>\n\u2022 Materjal: keraamika\/ mattkumm pind<br \/>\n\u2022 <a href=\"\/et\/tootekategooria\/brandid\/mette-ditmer-et\/\">Br\u00e4nd Mette Ditmer<\/a><\/p>\n<p><strong>Hooldusjuhend<\/strong><\/p>\n<p>Pesta k\u00e4sitsi puhta veega. Vajadusel kasutada niisket lappi ja tavalist n\u00f5udepesuvahendit. Mitte pesta n\u00f5udepesumasinas!<\/p>\n<p><strong>Tutvu disaineriga!<\/strong><\/p>\n<p>Mette Ditmer on <strong>Taani disainer<\/strong>,&nbsp;kes on omanimelise br\u00e4ndiga loonud ikoonilisi interj\u00f6\u00f6ri ja vannitoa aksessuaare juba 25 aastat. Mette soovib, et Skandinaavia v\u00e4rvid, k\u00f5rgekvaliteedilised tooted ning ajatu graafiline disain inspireeriks inimesi vormima ja arendama oma isiklikku stiili l\u00e4bi kodukujunduse.<\/p>\n<p><a href=\"\/et\/tootekategooria\/brandid\/mette-ditmer-et\/\"><img src=https:\/\/www.talidesign.eu\/wp\/wp-content\/uploads\/2021\/08\/Mette-Ditmer-Logo.jpg alt=\"\" width=\"500\" height=\"100\" class=\"alignnone size-full wp-image-33492\" \/><\/a><\/p>\n","protected":false},"featured_media":39385,"template":"","meta":[],"product_brand":[],"product_cat":[1026,1018,1068,1100],"product_tag":[1426],"class_list":{"0":"post-39384","1":"product","2":"type-product","3":"status-publish","4":"has-post-thumbnail","6":"product_cat-brandid","7":"product_cat-kodu","8":"product_cat-mette-ditmer-et","9":"product_cat-vannituba","10":"product_tag-mette-et","12":"first","13":"outofstock","14":"taxable","15":"shipping-taxable","16":"purchasable","17":"product-type-simple"},"yoast_head":"<!-- This site is optimized with the Yoast SEO plugin v27.3 - https:\/\/yoast.com\/product\/yoast-seo-wordpress\/ -->\n<title>Mette Ditmer Shades hambaharja tops Must - TALI Concept Store<\/title>\n<meta name=\"description\" content=\"Avasta Mette Ditmer Shades hambaharja tops Must - p\u00f5hjamaiselt puhta joonega vannitoa seeria, mis lisab kontrasti ja maskuliinset ilmet. Valmistatud keraamikast ja mattkummist, pakkudes sametist ja eksklusiivset v\u00e4limust. Tutvu disaineriga ja loo oma isiklik stiil l\u00e4bi kodukujunduse.\" \/>\n<meta name=\"robots\" content=\"index, follow, max-snippet:-1, max-image-preview:large, max-video-preview:-1\" \/>\n<link rel=\"canonical\" href=\"https:\/\/www.talidesign.eu\/et\/pood\/toode\/mette-ditmer-shades-hambaharja-tops-must\/\" \/>\n<meta property=\"og:locale\" content=\"et_EE\" \/>\n<meta property=\"og:type\" content=\"article\" \/>\n<meta property=\"og:title\" content=\"Mette Ditmer Shades hambaharja tops Must - TALI Concept Store\" \/>\n<meta property=\"og:description\" content=\"Avasta Mette Ditmer Shades hambaharja tops Must - p\u00f5hjamaiselt puhta joonega vannitoa seeria, mis lisab kontrasti ja maskuliinset ilmet. Valmistatud keraamikast ja mattkummist, pakkudes sametist ja eksklusiivset v\u00e4limust. Tutvu disaineriga ja loo oma isiklik stiil l\u00e4bi kodukujunduse.\" \/>\n<meta property=\"og:url\" content=\"https:\/\/www.talidesign.eu\/et\/pood\/toode\/mette-ditmer-shades-hambaharja-tops-must\/\" \/>\n<meta property=\"og:site_name\" content=\"TALI Concept Store\" \/>\n<meta property=\"article:publisher\" content=\"https:\/\/www.facebook.com\/TaliDisain\/\" \/>\n<meta property=\"article:modified_time\" content=\"2022-09-30T06:57:44+00:00\" \/>\n<meta property=\"og:image\" content=\"https:\/\/www.talidesign.eu\/wp\/wp-content\/uploads\/2021\/08\/mette-ditmer-shades-toothbrush-holder-black-scaled.jpg\" \/>\n\t<meta property=\"og:image:width\" content=\"2560\" \/>\n\t<meta property=\"og:image:height\" content=\"2560\" \/>\n\t<meta property=\"og:image:type\" content=\"image\/jpeg\" \/>\n<meta name=\"twitter:card\" content=\"summary_large_image\" \/>\n<meta name=\"twitter:label1\" content=\"Est. reading time\" \/>\n\t<meta name=\"twitter:data1\" content=\"1 minute\" \/>\n<script type=\"application\/ld+json\" class=\"yoast-schema-graph\">{\"@context\":\"https:\\\/\\\/schema.org\",\"@graph\":[{\"@type\":\"WebPage\",\"@id\":\"https:\\\/\\\/www.talidesign.eu\\\/et\\\/pood\\\/toode\\\/mette-ditmer-shades-hambaharja-tops-must\\\/\",\"url\":\"https:\\\/\\\/www.talidesign.eu\\\/et\\\/pood\\\/toode\\\/mette-ditmer-shades-hambaharja-tops-must\\\/\",\"name\":\"Mette Ditmer Shades hambaharja tops Must - TALI Concept Store\",\"isPartOf\":{\"@id\":\"https:\\\/\\\/www.talidesign.eu\\\/et\\\/#website\"},\"primaryImageOfPage\":{\"@id\":\"https:\\\/\\\/www.talidesign.eu\\\/et\\\/pood\\\/toode\\\/mette-ditmer-shades-hambaharja-tops-must\\\/#primaryimage\"},\"image\":{\"@id\":\"https:\\\/\\\/www.talidesign.eu\\\/et\\\/pood\\\/toode\\\/mette-ditmer-shades-hambaharja-tops-must\\\/#primaryimage\"},\"thumbnailUrl\":\"https:\\\/\\\/www.talidesign.eu\\\/wp\\\/wp-content\\\/uploads\\\/2021\\\/08\\\/mette-ditmer-shades-toothbrush-holder-black-scaled.jpg\",\"datePublished\":\"2021-08-13T14:33:18+00:00\",\"dateModified\":\"2022-09-30T06:57:44+00:00\",\"description\":\"Avasta Mette Ditmer Shades hambaharja tops Must - p\u00f5hjamaiselt puhta joonega vannitoa seeria, mis lisab kontrasti ja maskuliinset ilmet. Valmistatud keraamikast ja mattkummist, pakkudes sametist ja eksklusiivset v\u00e4limust. Tutvu disaineriga ja loo oma isiklik stiil l\u00e4bi kodukujunduse.\",\"breadcrumb\":{\"@id\":\"https:\\\/\\\/www.talidesign.eu\\\/et\\\/pood\\\/toode\\\/mette-ditmer-shades-hambaharja-tops-must\\\/#breadcrumb\"},\"inLanguage\":\"et\",\"potentialAction\":[{\"@type\":\"ReadAction\",\"target\":[\"https:\\\/\\\/www.talidesign.eu\\\/et\\\/pood\\\/toode\\\/mette-ditmer-shades-hambaharja-tops-must\\\/\"]}]},{\"@type\":\"ImageObject\",\"inLanguage\":\"et\",\"@id\":\"https:\\\/\\\/www.talidesign.eu\\\/et\\\/pood\\\/toode\\\/mette-ditmer-shades-hambaharja-tops-must\\\/#primaryimage\",\"url\":\"https:\\\/\\\/www.talidesign.eu\\\/wp\\\/wp-content\\\/uploads\\\/2021\\\/08\\\/mette-ditmer-shades-toothbrush-holder-black-scaled.jpg\",\"contentUrl\":\"https:\\\/\\\/www.talidesign.eu\\\/wp\\\/wp-content\\\/uploads\\\/2021\\\/08\\\/mette-ditmer-shades-toothbrush-holder-black-scaled.jpg\",\"width\":2560,\"height\":2560},{\"@type\":\"BreadcrumbList\",\"@id\":\"https:\\\/\\\/www.talidesign.eu\\\/et\\\/pood\\\/toode\\\/mette-ditmer-shades-hambaharja-tops-must\\\/#breadcrumb\",\"itemListElement\":[{\"@type\":\"ListItem\",\"position\":1,\"name\":\"Avaleht\",\"item\":\"https:\\\/\\\/www.talidesign.eu\\\/et\\\/\"},{\"@type\":\"ListItem\",\"position\":2,\"name\":\"Pood\",\"item\":\"https:\\\/\\\/www.talidesign.eu\\\/et\\\/pood\\\/\"},{\"@type\":\"ListItem\",\"position\":3,\"name\":\"Mette Ditmer Shades hambaharja tops Must\"}]},{\"@type\":\"WebSite\",\"@id\":\"https:\\\/\\\/www.talidesign.eu\\\/et\\\/#website\",\"url\":\"https:\\\/\\\/www.talidesign.eu\\\/et\\\/\",\"name\":\"TALI Concept Store\",\"description\":\"Suurim Disainipood Eestis\",\"potentialAction\":[{\"@type\":\"SearchAction\",\"target\":{\"@type\":\"EntryPoint\",\"urlTemplate\":\"https:\\\/\\\/www.talidesign.eu\\\/et\\\/?s={search_term_string}\"},\"query-input\":{\"@type\":\"PropertyValueSpecification\",\"valueRequired\":true,\"valueName\":\"search_term_string\"}}],\"inLanguage\":\"et\"}]}<\/script>\n<!-- \/ Yoast SEO plugin. -->","yoast_head_json":{"title":"Mette Ditmer Shades hambaharja tops Must - TALI Concept Store","description":"Avasta Mette Ditmer Shades hambaharja tops Must - p\u00f5hjamaiselt puhta joonega vannitoa seeria, mis lisab kontrasti ja maskuliinset ilmet. Valmistatud keraamikast ja mattkummist, pakkudes sametist ja eksklusiivset v\u00e4limust. Tutvu disaineriga ja loo oma isiklik stiil l\u00e4bi kodukujunduse.","robots":{"index":"index","follow":"follow","max-snippet":"max-snippet:-1","max-image-preview":"max-image-preview:large","max-video-preview":"max-video-preview:-1"},"canonical":"https:\/\/www.talidesign.eu\/et\/pood\/toode\/mette-ditmer-shades-hambaharja-tops-must\/","og_locale":"et_EE","og_type":"article","og_title":"Mette Ditmer Shades hambaharja tops Must - TALI Concept Store","og_description":"Avasta Mette Ditmer Shades hambaharja tops Must - p\u00f5hjamaiselt puhta joonega vannitoa seeria, mis lisab kontrasti ja maskuliinset ilmet. Valmistatud keraamikast ja mattkummist, pakkudes sametist ja eksklusiivset v\u00e4limust. Tutvu disaineriga ja loo oma isiklik stiil l\u00e4bi kodukujunduse.","og_url":"https:\/\/www.talidesign.eu\/et\/pood\/toode\/mette-ditmer-shades-hambaharja-tops-must\/","og_site_name":"TALI Concept Store","article_publisher":"https:\/\/www.facebook.com\/TaliDisain\/","article_modified_time":"2022-09-30T06:57:44+00:00","og_image":[{"width":2560,"height":2560,"url":"https:\/\/www.talidesign.eu\/wp\/wp-content\/uploads\/2021\/08\/mette-ditmer-shades-toothbrush-holder-black-scaled.jpg","type":"image\/jpeg"}],"twitter_card":"summary_large_image","twitter_misc":{"Est. reading time":"1 minute"},"schema":{"@context":"https:\/\/schema.org","@graph":[{"@type":"WebPage","@id":"https:\/\/www.talidesign.eu\/et\/pood\/toode\/mette-ditmer-shades-hambaharja-tops-must\/","url":"https:\/\/www.talidesign.eu\/et\/pood\/toode\/mette-ditmer-shades-hambaharja-tops-must\/","name":"Mette Ditmer Shades hambaharja tops Must - TALI Concept Store","isPartOf":{"@id":"https:\/\/www.talidesign.eu\/et\/#website"},"primaryImageOfPage":{"@id":"https:\/\/www.talidesign.eu\/et\/pood\/toode\/mette-ditmer-shades-hambaharja-tops-must\/#primaryimage"},"image":{"@id":"https:\/\/www.talidesign.eu\/et\/pood\/toode\/mette-ditmer-shades-hambaharja-tops-must\/#primaryimage"},"thumbnailUrl":"https:\/\/www.talidesign.eu\/wp\/wp-content\/uploads\/2021\/08\/mette-ditmer-shades-toothbrush-holder-black-scaled.jpg","datePublished":"2021-08-13T14:33:18+00:00","dateModified":"2022-09-30T06:57:44+00:00","description":"Avasta Mette Ditmer Shades hambaharja tops Must - p\u00f5hjamaiselt puhta joonega vannitoa seeria, mis lisab kontrasti ja maskuliinset ilmet. Valmistatud keraamikast ja mattkummist, pakkudes sametist ja eksklusiivset v\u00e4limust. Tutvu disaineriga ja loo oma isiklik stiil l\u00e4bi kodukujunduse.","breadcrumb":{"@id":"https:\/\/www.talidesign.eu\/et\/pood\/toode\/mette-ditmer-shades-hambaharja-tops-must\/#breadcrumb"},"inLanguage":"et","potentialAction":[{"@type":"ReadAction","target":["https:\/\/www.talidesign.eu\/et\/pood\/toode\/mette-ditmer-shades-hambaharja-tops-must\/"]}]},{"@type":"ImageObject","inLanguage":"et","@id":"https:\/\/www.talidesign.eu\/et\/pood\/toode\/mette-ditmer-shades-hambaharja-tops-must\/#primaryimage","url":"https:\/\/www.talidesign.eu\/wp\/wp-content\/uploads\/2021\/08\/mette-ditmer-shades-toothbrush-holder-black-scaled.jpg","contentUrl":"https:\/\/www.talidesign.eu\/wp\/wp-content\/uploads\/2021\/08\/mette-ditmer-shades-toothbrush-holder-black-scaled.jpg","width":2560,"height":2560},{"@type":"BreadcrumbList","@id":"https:\/\/www.talidesign.eu\/et\/pood\/toode\/mette-ditmer-shades-hambaharja-tops-must\/#breadcrumb","itemListElement":[{"@type":"ListItem","position":1,"name":"Avaleht","item":"https:\/\/www.talidesign.eu\/et\/"},{"@type":"ListItem","position":2,"name":"Pood","item":"https:\/\/www.talidesign.eu\/et\/pood\/"},{"@type":"ListItem","position":3,"name":"Mette Ditmer Shades hambaharja tops Must"}]},{"@type":"WebSite","@id":"https:\/\/www.talidesign.eu\/et\/#website","url":"https:\/\/www.talidesign.eu\/et\/","name":"TALI Concept Store","description":"Suurim Disainipood Eestis","potentialAction":[{"@type":"SearchAction","target":{"@type":"EntryPoint","urlTemplate":"https:\/\/www.talidesign.eu\/et\/?s={search_term_string}"},"query-input":{"@type":"PropertyValueSpecification","valueRequired":true,"valueName":"search_term_string"}}],"inLanguage":"et"}]}},"_links":{"self":[{"href":"https:\/\/www.talidesign.eu\/et\/wp-json\/wp\/v2\/product\/39384","targetHints":{"allow":["GET"]}}],"collection":[{"href":"https:\/\/www.talidesign.eu\/et\/wp-json\/wp\/v2\/product"}],"about":[{"href":"https:\/\/www.talidesign.eu\/et\/wp-json\/wp\/v2\/types\/product"}],"wp:featuredmedia":[{"embeddable":true,"href":"https:\/\/www.talidesign.eu\/et\/wp-json\/wp\/v2\/media\/39385"}],"wp:attachment":[{"href":"https:\/\/www.talidesign.eu\/et\/wp-json\/wp\/v2\/media?parent=39384"}],"wp:term":[{"taxonomy":"product_brand","embeddable":true,"href":"https:\/\/www.talidesign.eu\/et\/wp-json\/wp\/v2\/product_brand?post=39384"},{"taxonomy":"product_cat","embeddable":true,"href":"https:\/\/www.talidesign.eu\/et\/wp-json\/wp\/v2\/product_cat?post=39384"},{"taxonomy":"product_tag","embeddable":true,"href":"https:\/\/www.talidesign.eu\/et\/wp-json\/wp\/v2\/product_tag?post=39384"}],"curies":[{"name":"wp","href":"https:\/\/api.w.org\/{rel}","templated":true}]}}