{"id":39404,"date":"2021-08-13T17:15:07","date_gmt":"2021-08-13T14:15:07","guid":{"rendered":"https:\/\/www.talidesign.eu\/shop\/product\/mette-ditmer-attitude-toothbrush-holder-thyme-green\/"},"modified":"2022-02-19T13:45:30","modified_gmt":"2022-02-19T11:45:30","slug":"mette-ditmer-attitude-hambaharja-tops-tumeroheline","status":"publish","type":"product","link":"https:\/\/www.talidesign.eu\/et\/pood\/toode\/mette-ditmer-attitude-hambaharja-tops-tumeroheline\/","title":{"rendered":"Mette Ditmer Attitude hambaharja tops Tumeroheline"},"content":{"rendered":"<p><strong>Attitude sari<\/strong><\/p>\n<p>Peamiselt vannitoa aksessuaaridest koosnev sari ATTITUDE on valmistatud komposiitkivist. \u00dcmarale vormile liidetud sooniline jalg muudab toote visuaalselt kergemaks ning lisab klassikalist elegantsust. K\u00e4sitsi maalitud marmor-effekt muudab iga toote kordumatuks teoseks. Br\u00e4ndile omaselt on kollektsiooni toonid inspireeritud p\u00f5hjamaisest loodusest. Seega on valikus: tumeroheline, sinine, savipunane ning must.<\/p>\n<p>\u2022 Suurus: \u00d88xH9,5 cm<br \/>\n\u2022 Materjal: komposiitkivi<br \/>\n\u2022 <a href=\"\/et\/tootekategooria\/brandid\/mette-ditmer-et\/\">Br\u00e4nd Mette Ditmer<\/a><\/p>\n<p><strong>Hooldusjuhend<\/strong><\/p>\n<p>Pesta k\u00e4sitsi puhta veega. Vajadusel kasutada niisket lappi ja tavalist n\u00f5udepesuvahendit. Mitte pesta n\u00f5udepesumasinas!<\/p>\n<p><strong>Tutvu disaineriga!<\/strong><\/p>\n<p>Mette Ditmer on <strong>Taani disainer<\/strong>,&nbsp;kes on omanimelise br\u00e4ndiga loonud ikoonilisi interj\u00f6\u00f6ri ja vannitoa aksessuaare juba 25 aastat. Mette soovib, et Skandinaavia v\u00e4rvid, k\u00f5rgekvaliteedilised tooted ning ajatu graafiline disain inspireeriks inimesi vormima ja arendama oma isiklikku stiili l\u00e4bi kodukujunduse.<\/p>\n<p><a href=\"\/et\/tootekategooria\/brandid\/mette-ditmer-et\/\"><img src=https:\/\/www.talidesign.eu\/wp\/wp-content\/uploads\/2021\/08\/Mette-Ditmer-Logo.jpg alt=\"\" width=\"500\" height=\"100\" class=\"alignnone size-full wp-image-33492\" \/><\/a><\/p>\n","protected":false},"excerpt":{"rendered":"<p><strong>Attitude sari<\/strong><\/p>\n<p>Peamiselt vannitoa aksessuaaridest koosnev sari ATTITUDE on valmistatud komposiitkivist. \u00dcmarale vormile liidetud sooniline jalg muudab toote visuaalselt kergemaks ning lisab klassikalist elegantsust. K\u00e4sitsi maalitud marmor-effekt muudab iga toote kordumatuks teoseks. Br\u00e4ndile omaselt on kollektsiooni toonid inspireeritud p\u00f5hjamaisest loodusest. Seega on valikus: tumeroheline, sinine, savipunane ning must.<\/p>\n<p>\u2022 Suurus: \u00d88xH9,5 cm<br \/>\n\u2022 Materjal: komposiitkivi<br \/>\n\u2022 <a href=\"\/et\/tootekategooria\/brandid\/mette-ditmer-et\/\">Br\u00e4nd Mette Ditmer<\/a><\/p>\n<p><strong>Hooldusjuhend<\/strong><\/p>\n<p>Pesta k\u00e4sitsi puhta veega. Vajadusel kasutada niisket lappi ja tavalist n\u00f5udepesuvahendit. Mitte pesta n\u00f5udepesumasinas!<\/p>\n<p><strong>Tutvu disaineriga!<\/strong><\/p>\n<p>Mette Ditmer on <strong>Taani disainer<\/strong>,&nbsp;kes on omanimelise br\u00e4ndiga loonud ikoonilisi interj\u00f6\u00f6ri ja vannitoa aksessuaare juba 25 aastat. Mette soovib, et Skandinaavia v\u00e4rvid, k\u00f5rgekvaliteedilised tooted ning ajatu graafiline disain inspireeriks inimesi vormima ja arendama oma isiklikku stiili l\u00e4bi kodukujunduse.<\/p>\n<p><a href=\"\/et\/tootekategooria\/brandid\/mette-ditmer-et\/\"><img src=https:\/\/www.talidesign.eu\/wp\/wp-content\/uploads\/2021\/08\/Mette-Ditmer-Logo.jpg alt=\"\" width=\"500\" height=\"100\" class=\"alignnone size-full wp-image-33492\" \/><\/a><\/p>\n","protected":false},"featured_media":39405,"template":"","meta":[],"product_brand":[],"product_cat":[1177,1026,1018,1068,1100],"product_tag":[1426],"class_list":{"0":"post-39404","1":"product","2":"type-product","3":"status-publish","4":"has-post-thumbnail","6":"product_cat-allahindlus","7":"product_cat-brandid","8":"product_cat-kodu","9":"product_cat-mette-ditmer-et","10":"product_cat-vannituba","11":"product_tag-mette-et","13":"first","14":"outofstock","15":"sale","16":"taxable","17":"shipping-taxable","18":"purchasable","19":"product-type-simple"},"yoast_head":"<!-- This site is optimized with the Yoast SEO plugin v27.3 - https:\/\/yoast.com\/product\/yoast-seo-wordpress\/ -->\n<title>Mette Ditmer Attitude hambaharja tops Tumeroheline - TALI Concept Store<\/title>\n<meta name=\"description\" content=\"Avasta Mette Ditmer Attitude hambaharja tops tumeroheline - elegantne vannitoa aksessuaar, valmistatud komposiitkivist. Tutvu br\u00e4ndi ja disaineriga ning loo oma isiklik stiil.\" \/>\n<meta name=\"robots\" content=\"index, follow, max-snippet:-1, max-image-preview:large, max-video-preview:-1\" \/>\n<link rel=\"canonical\" href=\"https:\/\/www.talidesign.eu\/et\/pood\/toode\/mette-ditmer-attitude-hambaharja-tops-tumeroheline\/\" \/>\n<meta property=\"og:locale\" content=\"et_EE\" \/>\n<meta property=\"og:type\" content=\"article\" \/>\n<meta property=\"og:title\" content=\"Mette Ditmer Attitude hambaharja tops Tumeroheline - TALI Concept Store\" \/>\n<meta property=\"og:description\" content=\"Avasta Mette Ditmer Attitude hambaharja tops tumeroheline - elegantne vannitoa aksessuaar, valmistatud komposiitkivist. Tutvu br\u00e4ndi ja disaineriga ning loo oma isiklik stiil.\" \/>\n<meta property=\"og:url\" content=\"https:\/\/www.talidesign.eu\/et\/pood\/toode\/mette-ditmer-attitude-hambaharja-tops-tumeroheline\/\" \/>\n<meta property=\"og:site_name\" content=\"TALI Concept Store\" \/>\n<meta property=\"article:publisher\" content=\"https:\/\/www.facebook.com\/TaliDisain\/\" \/>\n<meta property=\"article:modified_time\" content=\"2022-02-19T11:45:30+00:00\" \/>\n<meta property=\"og:image\" content=\"https:\/\/www.talidesign.eu\/wp\/wp-content\/uploads\/2021\/08\/mette-ditmer-attitude-toothbrush-holder-thyme-green-scaled.jpg\" \/>\n\t<meta property=\"og:image:width\" content=\"2560\" \/>\n\t<meta property=\"og:image:height\" content=\"2560\" \/>\n\t<meta property=\"og:image:type\" content=\"image\/jpeg\" \/>\n<meta name=\"twitter:card\" content=\"summary_large_image\" \/>\n<meta name=\"twitter:label1\" content=\"Est. reading time\" \/>\n\t<meta name=\"twitter:data1\" content=\"1 minute\" \/>\n<script type=\"application\/ld+json\" class=\"yoast-schema-graph\">{\"@context\":\"https:\\\/\\\/schema.org\",\"@graph\":[{\"@type\":\"WebPage\",\"@id\":\"https:\\\/\\\/www.talidesign.eu\\\/et\\\/pood\\\/toode\\\/mette-ditmer-attitude-hambaharja-tops-tumeroheline\\\/\",\"url\":\"https:\\\/\\\/www.talidesign.eu\\\/et\\\/pood\\\/toode\\\/mette-ditmer-attitude-hambaharja-tops-tumeroheline\\\/\",\"name\":\"Mette Ditmer Attitude hambaharja tops Tumeroheline - TALI Concept Store\",\"isPartOf\":{\"@id\":\"https:\\\/\\\/www.talidesign.eu\\\/et\\\/#website\"},\"primaryImageOfPage\":{\"@id\":\"https:\\\/\\\/www.talidesign.eu\\\/et\\\/pood\\\/toode\\\/mette-ditmer-attitude-hambaharja-tops-tumeroheline\\\/#primaryimage\"},\"image\":{\"@id\":\"https:\\\/\\\/www.talidesign.eu\\\/et\\\/pood\\\/toode\\\/mette-ditmer-attitude-hambaharja-tops-tumeroheline\\\/#primaryimage\"},\"thumbnailUrl\":\"https:\\\/\\\/www.talidesign.eu\\\/wp\\\/wp-content\\\/uploads\\\/2021\\\/08\\\/mette-ditmer-attitude-toothbrush-holder-thyme-green-scaled.jpg\",\"datePublished\":\"2021-08-13T14:15:07+00:00\",\"dateModified\":\"2022-02-19T11:45:30+00:00\",\"description\":\"Avasta Mette Ditmer Attitude hambaharja tops tumeroheline - elegantne vannitoa aksessuaar, valmistatud komposiitkivist. Tutvu br\u00e4ndi ja disaineriga ning loo oma isiklik stiil.\",\"breadcrumb\":{\"@id\":\"https:\\\/\\\/www.talidesign.eu\\\/et\\\/pood\\\/toode\\\/mette-ditmer-attitude-hambaharja-tops-tumeroheline\\\/#breadcrumb\"},\"inLanguage\":\"et\",\"potentialAction\":[{\"@type\":\"ReadAction\",\"target\":[\"https:\\\/\\\/www.talidesign.eu\\\/et\\\/pood\\\/toode\\\/mette-ditmer-attitude-hambaharja-tops-tumeroheline\\\/\"]}]},{\"@type\":\"ImageObject\",\"inLanguage\":\"et\",\"@id\":\"https:\\\/\\\/www.talidesign.eu\\\/et\\\/pood\\\/toode\\\/mette-ditmer-attitude-hambaharja-tops-tumeroheline\\\/#primaryimage\",\"url\":\"https:\\\/\\\/www.talidesign.eu\\\/wp\\\/wp-content\\\/uploads\\\/2021\\\/08\\\/mette-ditmer-attitude-toothbrush-holder-thyme-green-scaled.jpg\",\"contentUrl\":\"https:\\\/\\\/www.talidesign.eu\\\/wp\\\/wp-content\\\/uploads\\\/2021\\\/08\\\/mette-ditmer-attitude-toothbrush-holder-thyme-green-scaled.jpg\",\"width\":2560,\"height\":2560},{\"@type\":\"BreadcrumbList\",\"@id\":\"https:\\\/\\\/www.talidesign.eu\\\/et\\\/pood\\\/toode\\\/mette-ditmer-attitude-hambaharja-tops-tumeroheline\\\/#breadcrumb\",\"itemListElement\":[{\"@type\":\"ListItem\",\"position\":1,\"name\":\"Avaleht\",\"item\":\"https:\\\/\\\/www.talidesign.eu\\\/et\\\/\"},{\"@type\":\"ListItem\",\"position\":2,\"name\":\"Pood\",\"item\":\"https:\\\/\\\/www.talidesign.eu\\\/et\\\/pood\\\/\"},{\"@type\":\"ListItem\",\"position\":3,\"name\":\"Mette Ditmer Attitude hambaharja tops Tumeroheline\"}]},{\"@type\":\"WebSite\",\"@id\":\"https:\\\/\\\/www.talidesign.eu\\\/et\\\/#website\",\"url\":\"https:\\\/\\\/www.talidesign.eu\\\/et\\\/\",\"name\":\"TALI Concept Store\",\"description\":\"Suurim Disainipood Eestis\",\"potentialAction\":[{\"@type\":\"SearchAction\",\"target\":{\"@type\":\"EntryPoint\",\"urlTemplate\":\"https:\\\/\\\/www.talidesign.eu\\\/et\\\/?s={search_term_string}\"},\"query-input\":{\"@type\":\"PropertyValueSpecification\",\"valueRequired\":true,\"valueName\":\"search_term_string\"}}],\"inLanguage\":\"et\"}]}<\/script>\n<!-- \/ Yoast SEO plugin. -->","yoast_head_json":{"title":"Mette Ditmer Attitude hambaharja tops Tumeroheline - TALI Concept Store","description":"Avasta Mette Ditmer Attitude hambaharja tops tumeroheline - elegantne vannitoa aksessuaar, valmistatud komposiitkivist. Tutvu br\u00e4ndi ja disaineriga ning loo oma isiklik stiil.","robots":{"index":"index","follow":"follow","max-snippet":"max-snippet:-1","max-image-preview":"max-image-preview:large","max-video-preview":"max-video-preview:-1"},"canonical":"https:\/\/www.talidesign.eu\/et\/pood\/toode\/mette-ditmer-attitude-hambaharja-tops-tumeroheline\/","og_locale":"et_EE","og_type":"article","og_title":"Mette Ditmer Attitude hambaharja tops Tumeroheline - TALI Concept Store","og_description":"Avasta Mette Ditmer Attitude hambaharja tops tumeroheline - elegantne vannitoa aksessuaar, valmistatud komposiitkivist. Tutvu br\u00e4ndi ja disaineriga ning loo oma isiklik stiil.","og_url":"https:\/\/www.talidesign.eu\/et\/pood\/toode\/mette-ditmer-attitude-hambaharja-tops-tumeroheline\/","og_site_name":"TALI Concept Store","article_publisher":"https:\/\/www.facebook.com\/TaliDisain\/","article_modified_time":"2022-02-19T11:45:30+00:00","og_image":[{"width":2560,"height":2560,"url":"https:\/\/www.talidesign.eu\/wp\/wp-content\/uploads\/2021\/08\/mette-ditmer-attitude-toothbrush-holder-thyme-green-scaled.jpg","type":"image\/jpeg"}],"twitter_card":"summary_large_image","twitter_misc":{"Est. reading time":"1 minute"},"schema":{"@context":"https:\/\/schema.org","@graph":[{"@type":"WebPage","@id":"https:\/\/www.talidesign.eu\/et\/pood\/toode\/mette-ditmer-attitude-hambaharja-tops-tumeroheline\/","url":"https:\/\/www.talidesign.eu\/et\/pood\/toode\/mette-ditmer-attitude-hambaharja-tops-tumeroheline\/","name":"Mette Ditmer Attitude hambaharja tops Tumeroheline - TALI Concept Store","isPartOf":{"@id":"https:\/\/www.talidesign.eu\/et\/#website"},"primaryImageOfPage":{"@id":"https:\/\/www.talidesign.eu\/et\/pood\/toode\/mette-ditmer-attitude-hambaharja-tops-tumeroheline\/#primaryimage"},"image":{"@id":"https:\/\/www.talidesign.eu\/et\/pood\/toode\/mette-ditmer-attitude-hambaharja-tops-tumeroheline\/#primaryimage"},"thumbnailUrl":"https:\/\/www.talidesign.eu\/wp\/wp-content\/uploads\/2021\/08\/mette-ditmer-attitude-toothbrush-holder-thyme-green-scaled.jpg","datePublished":"2021-08-13T14:15:07+00:00","dateModified":"2022-02-19T11:45:30+00:00","description":"Avasta Mette Ditmer Attitude hambaharja tops tumeroheline - elegantne vannitoa aksessuaar, valmistatud komposiitkivist. Tutvu br\u00e4ndi ja disaineriga ning loo oma isiklik stiil.","breadcrumb":{"@id":"https:\/\/www.talidesign.eu\/et\/pood\/toode\/mette-ditmer-attitude-hambaharja-tops-tumeroheline\/#breadcrumb"},"inLanguage":"et","potentialAction":[{"@type":"ReadAction","target":["https:\/\/www.talidesign.eu\/et\/pood\/toode\/mette-ditmer-attitude-hambaharja-tops-tumeroheline\/"]}]},{"@type":"ImageObject","inLanguage":"et","@id":"https:\/\/www.talidesign.eu\/et\/pood\/toode\/mette-ditmer-attitude-hambaharja-tops-tumeroheline\/#primaryimage","url":"https:\/\/www.talidesign.eu\/wp\/wp-content\/uploads\/2021\/08\/mette-ditmer-attitude-toothbrush-holder-thyme-green-scaled.jpg","contentUrl":"https:\/\/www.talidesign.eu\/wp\/wp-content\/uploads\/2021\/08\/mette-ditmer-attitude-toothbrush-holder-thyme-green-scaled.jpg","width":2560,"height":2560},{"@type":"BreadcrumbList","@id":"https:\/\/www.talidesign.eu\/et\/pood\/toode\/mette-ditmer-attitude-hambaharja-tops-tumeroheline\/#breadcrumb","itemListElement":[{"@type":"ListItem","position":1,"name":"Avaleht","item":"https:\/\/www.talidesign.eu\/et\/"},{"@type":"ListItem","position":2,"name":"Pood","item":"https:\/\/www.talidesign.eu\/et\/pood\/"},{"@type":"ListItem","position":3,"name":"Mette Ditmer Attitude hambaharja tops Tumeroheline"}]},{"@type":"WebSite","@id":"https:\/\/www.talidesign.eu\/et\/#website","url":"https:\/\/www.talidesign.eu\/et\/","name":"TALI Concept Store","description":"Suurim Disainipood Eestis","potentialAction":[{"@type":"SearchAction","target":{"@type":"EntryPoint","urlTemplate":"https:\/\/www.talidesign.eu\/et\/?s={search_term_string}"},"query-input":{"@type":"PropertyValueSpecification","valueRequired":true,"valueName":"search_term_string"}}],"inLanguage":"et"}]}},"_links":{"self":[{"href":"https:\/\/www.talidesign.eu\/et\/wp-json\/wp\/v2\/product\/39404","targetHints":{"allow":["GET"]}}],"collection":[{"href":"https:\/\/www.talidesign.eu\/et\/wp-json\/wp\/v2\/product"}],"about":[{"href":"https:\/\/www.talidesign.eu\/et\/wp-json\/wp\/v2\/types\/product"}],"wp:featuredmedia":[{"embeddable":true,"href":"https:\/\/www.talidesign.eu\/et\/wp-json\/wp\/v2\/media\/39405"}],"wp:attachment":[{"href":"https:\/\/www.talidesign.eu\/et\/wp-json\/wp\/v2\/media?parent=39404"}],"wp:term":[{"taxonomy":"product_brand","embeddable":true,"href":"https:\/\/www.talidesign.eu\/et\/wp-json\/wp\/v2\/product_brand?post=39404"},{"taxonomy":"product_cat","embeddable":true,"href":"https:\/\/www.talidesign.eu\/et\/wp-json\/wp\/v2\/product_cat?post=39404"},{"taxonomy":"product_tag","embeddable":true,"href":"https:\/\/www.talidesign.eu\/et\/wp-json\/wp\/v2\/product_tag?post=39404"}],"curies":[{"name":"wp","href":"https:\/\/api.w.org\/{rel}","templated":true}]}}