{"id":39500,"date":"2021-07-24T11:12:23","date_gmt":"2021-07-24T08:12:23","guid":{"rendered":"https:\/\/www.talidesign.eu\/shop\/product\/rains-field-bag-black\/"},"modified":"2021-10-06T20:36:52","modified_gmt":"2021-10-06T17:36:52","slug":"rains-lukuga-seljakott-must","status":"publish","type":"product","link":"https:\/\/www.talidesign.eu\/et\/pood\/toode\/rains-lukuga-seljakott-must\/","title":{"rendered":"Rains Lukuga Seljakott Must"},"content":{"rendered":"<p><strong>Lukuga Seljakott Must<\/strong><\/p>\n<p>Rains Field Bag on skandinaaviap\u00e4raselt lihtne ja klassikaline seljakott. Kott on valmistatud Rains\u2019i signatuur matist veekindlast materjalist ja mahutab piisavalt, et sobida igap\u00e4evaseks kasutamiseks. Koti sees on eraldi turvaline tasku laptopi jaoks ja lukuga v\u00e4iksem esitasku. Ideaalne ja stiilne igaks p\u00e4evaks! Kott on polsterdatud sangade ja seljaosaga ning sobib seet\u00f5ttu ideaalselt ka koolikotiks.<\/p>\n<p>Rains Field Bag \u2013 mugav ning veekindel meeste ja naiste seljakott. Kotil on \u00fcks suur peasahtel ning kuni 13\u2033 s\u00fclearvutitasku. Kotil on lisaks \u00fcks lukuga v\u00e4listasku.<\/p>\n<p>\u2022 <a href=\"\/et\/tootekategooria\/brandid\/rains-et\/\">Br\u00e4nd Rains<\/a><br \/>\n\u2022 M\u00f6\u00f6dud: k\u00f5rgus 45 cm x pikkus 31 cm x laius 12 cm<br \/>\n\u2022 Mahutavus: 16 liters<br \/>\n\u2022 Materjal: 50% pol\u00fcretaan, 50% pol\u00fcester<br \/>\n\u2022 Materjali r\u00f5hutaluvus: 8000 mm<br \/>\n\u2022 Veekindlad lukud<br \/>\n\u2022 Reguleeritavad pehmendustega \u00f5larihmad<\/p>\n<p><strong>Rains<\/strong> on k\u00f5rgekvaliteetne Taani moebr\u00e4nd, mis on keskendunud oma toodangus just p\u00f5hjamaisele k\u00fclmale ja vihmasele kliimale. K\u00f5ik tooted on valmistatud 100% vegan, veekindlast ja kauakestvast materjalist. Rains vihmajoped, talvejoped ja seljakotid on \u00fcldjuhul unisex ja sobivad kandmiseks nii meestele kui naistele. Rainsi esteetikas on p\u00fcsivaks alatooniks skandinaavialik lihtsus ja minimalism.<br \/>\n<a href=\"\/et\/tootekategooria\/brandid\/rains-et\/\"><img loading=\"lazy\" decoding=\"async\" src=\"https:\/\/www.talidesign.eu\/wp\/wp-content\/uploads\/2021\/02\/logo-3.jpg\" alt=\"\" width=\"500\" height=\"100\" class=\"alignnone size-full wp-image-24515\" \/><\/a><\/p>\n","protected":false},"excerpt":{"rendered":"<p><strong>Lukuga Seljakott Must<\/strong><\/p>\n<p>Rains Field Bag on skandinaaviap\u00e4raselt lihtne ja klassikaline seljakott. Kott on valmistatud Rains\u2019i signatuur matist veekindlast materjalist ja mahutab piisavalt, et sobida igap\u00e4evaseks kasutamiseks. Koti sees on eraldi turvaline tasku laptopi jaoks ja lukuga v\u00e4iksem esitasku. Ideaalne ja stiilne igaks p\u00e4evaks! Kott on polsterdatud sangade ja seljaosaga ning sobib seet\u00f5ttu ideaalselt ka koolikotiks.<\/p>\n<p>Rains Field Bag \u2013 mugav ning veekindel meeste ja naiste seljakott. Kotil on \u00fcks suur peasahtel ning kuni 13\u2033 s\u00fclearvutitasku. Kotil on lisaks \u00fcks lukuga v\u00e4listasku.<\/p>\n<p>\u2022 <a href=\"\/et\/tootekategooria\/brandid\/rains-et\/\">Br\u00e4nd Rains<\/a><br \/>\n\u2022 M\u00f6\u00f6dud: k\u00f5rgus 45 cm x pikkus 31 cm x laius 12 cm<br \/>\n\u2022 Mahutavus: 16 liters<br \/>\n\u2022 Materjal: 50% pol\u00fcretaan, 50% pol\u00fcester<br \/>\n\u2022 Materjali r\u00f5hutaluvus: 8000 mm<br \/>\n\u2022 Veekindlad lukud<br \/>\n\u2022 Reguleeritavad pehmendustega \u00f5larihmad<\/p>\n<p><strong>Rains<\/strong> on k\u00f5rgekvaliteetne Taani moebr\u00e4nd, mis on keskendunud oma toodangus just p\u00f5hjamaisele k\u00fclmale ja vihmasele kliimale. K\u00f5ik tooted on valmistatud 100% vegan, veekindlast ja kauakestvast materjalist. Rains vihmajoped, talvejoped ja seljakotid on \u00fcldjuhul unisex ja sobivad kandmiseks nii meestele kui naistele. Rainsi esteetikas on p\u00fcsivaks alatooniks skandinaavialik lihtsus ja minimalism.<br \/>\n<a href=\"\/et\/tootekategooria\/brandid\/rains-et\/\"><img loading=\"lazy\" decoding=\"async\" src=\"https:\/\/www.talidesign.eu\/wp\/wp-content\/uploads\/2021\/02\/logo-3.jpg\" alt=\"\" width=\"500\" height=\"100\" class=\"alignnone size-full wp-image-24515\" \/><\/a><\/p>\n","protected":false},"featured_media":39506,"template":"","meta":[],"product_brand":[],"product_cat":[1026,1113,1131,1075],"product_tag":[1446],"class_list":{"0":"post-39500","1":"product","2":"type-product","3":"status-publish","4":"has-post-thumbnail","6":"product_cat-brandid","7":"product_cat-kotid","8":"product_cat-naiste-kotid","9":"product_cat-rains-et","10":"product_tag-rains-et","12":"first","13":"outofstock","14":"taxable","15":"shipping-taxable","16":"purchasable","17":"product-type-simple"},"yoast_head":"<!-- This site is optimized with the Yoast SEO plugin v27.4 - https:\/\/yoast.com\/product\/yoast-seo-wordpress\/ -->\n<title>Rains Lukuga Seljakott Must - TALI Concept Store<\/title>\n<meta name=\"description\" content=\"Avasta Rains Lukuga Seljakott Must - stiilne ja praktiline seljakott, mis sobib ideaalselt igap\u00e4evaseks kasutamiseks. Veekindel materjal, turvaline laptopitasku ja minimalistlik disain. Tutvu l\u00e4hemalt!\" \/>\n<meta name=\"robots\" content=\"index, follow, max-snippet:-1, max-image-preview:large, max-video-preview:-1\" \/>\n<link rel=\"canonical\" href=\"https:\/\/www.talidesign.eu\/et\/pood\/toode\/rains-lukuga-seljakott-must\/\" \/>\n<meta property=\"og:locale\" content=\"et_EE\" \/>\n<meta property=\"og:type\" content=\"article\" \/>\n<meta property=\"og:title\" content=\"Rains Lukuga Seljakott Must - TALI Concept Store\" \/>\n<meta property=\"og:description\" content=\"Avasta Rains Lukuga Seljakott Must - stiilne ja praktiline seljakott, mis sobib ideaalselt igap\u00e4evaseks kasutamiseks. Veekindel materjal, turvaline laptopitasku ja minimalistlik disain. Tutvu l\u00e4hemalt!\" \/>\n<meta property=\"og:url\" content=\"https:\/\/www.talidesign.eu\/et\/pood\/toode\/rains-lukuga-seljakott-must\/\" \/>\n<meta property=\"og:site_name\" content=\"TALI Concept Store\" \/>\n<meta property=\"article:publisher\" content=\"https:\/\/www.facebook.com\/TaliDisain\/\" \/>\n<meta property=\"article:modified_time\" content=\"2021-10-06T17:36:52+00:00\" \/>\n<meta property=\"og:image\" content=\"https:\/\/www.talidesign.eu\/wp\/wp-content\/uploads\/2021\/07\/rains-field-bag-black.jpg\" \/>\n\t<meta property=\"og:image:width\" content=\"768\" \/>\n\t<meta property=\"og:image:height\" content=\"768\" \/>\n\t<meta property=\"og:image:type\" content=\"image\/jpeg\" \/>\n<meta name=\"twitter:card\" content=\"summary_large_image\" \/>\n<meta name=\"twitter:label1\" content=\"Est. reading time\" \/>\n\t<meta name=\"twitter:data1\" content=\"1 minute\" \/>\n<script type=\"application\/ld+json\" class=\"yoast-schema-graph\">{\"@context\":\"https:\\\/\\\/schema.org\",\"@graph\":[{\"@type\":\"WebPage\",\"@id\":\"https:\\\/\\\/www.talidesign.eu\\\/et\\\/pood\\\/toode\\\/rains-lukuga-seljakott-must\\\/\",\"url\":\"https:\\\/\\\/www.talidesign.eu\\\/et\\\/pood\\\/toode\\\/rains-lukuga-seljakott-must\\\/\",\"name\":\"Rains Lukuga Seljakott Must - TALI Concept Store\",\"isPartOf\":{\"@id\":\"https:\\\/\\\/www.talidesign.eu\\\/et\\\/#website\"},\"primaryImageOfPage\":{\"@id\":\"https:\\\/\\\/www.talidesign.eu\\\/et\\\/pood\\\/toode\\\/rains-lukuga-seljakott-must\\\/#primaryimage\"},\"image\":{\"@id\":\"https:\\\/\\\/www.talidesign.eu\\\/et\\\/pood\\\/toode\\\/rains-lukuga-seljakott-must\\\/#primaryimage\"},\"thumbnailUrl\":\"https:\\\/\\\/www.talidesign.eu\\\/wp\\\/wp-content\\\/uploads\\\/2021\\\/07\\\/rains-field-bag-black.jpg\",\"datePublished\":\"2021-07-24T08:12:23+00:00\",\"dateModified\":\"2021-10-06T17:36:52+00:00\",\"description\":\"Avasta Rains Lukuga Seljakott Must - stiilne ja praktiline seljakott, mis sobib ideaalselt igap\u00e4evaseks kasutamiseks. Veekindel materjal, turvaline laptopitasku ja minimalistlik disain. Tutvu l\u00e4hemalt!\",\"breadcrumb\":{\"@id\":\"https:\\\/\\\/www.talidesign.eu\\\/et\\\/pood\\\/toode\\\/rains-lukuga-seljakott-must\\\/#breadcrumb\"},\"inLanguage\":\"et\",\"potentialAction\":[{\"@type\":\"ReadAction\",\"target\":[\"https:\\\/\\\/www.talidesign.eu\\\/et\\\/pood\\\/toode\\\/rains-lukuga-seljakott-must\\\/\"]}]},{\"@type\":\"ImageObject\",\"inLanguage\":\"et\",\"@id\":\"https:\\\/\\\/www.talidesign.eu\\\/et\\\/pood\\\/toode\\\/rains-lukuga-seljakott-must\\\/#primaryimage\",\"url\":\"https:\\\/\\\/www.talidesign.eu\\\/wp\\\/wp-content\\\/uploads\\\/2021\\\/07\\\/rains-field-bag-black.jpg\",\"contentUrl\":\"https:\\\/\\\/www.talidesign.eu\\\/wp\\\/wp-content\\\/uploads\\\/2021\\\/07\\\/rains-field-bag-black.jpg\",\"width\":768,\"height\":768},{\"@type\":\"BreadcrumbList\",\"@id\":\"https:\\\/\\\/www.talidesign.eu\\\/et\\\/pood\\\/toode\\\/rains-lukuga-seljakott-must\\\/#breadcrumb\",\"itemListElement\":[{\"@type\":\"ListItem\",\"position\":1,\"name\":\"Avaleht\",\"item\":\"https:\\\/\\\/www.talidesign.eu\\\/et\\\/\"},{\"@type\":\"ListItem\",\"position\":2,\"name\":\"Pood\",\"item\":\"https:\\\/\\\/www.talidesign.eu\\\/et\\\/pood\\\/\"},{\"@type\":\"ListItem\",\"position\":3,\"name\":\"Rains Lukuga Seljakott Must\"}]},{\"@type\":\"WebSite\",\"@id\":\"https:\\\/\\\/www.talidesign.eu\\\/et\\\/#website\",\"url\":\"https:\\\/\\\/www.talidesign.eu\\\/et\\\/\",\"name\":\"TALI Concept Store\",\"description\":\"Suurim Disainipood Eestis\",\"potentialAction\":[{\"@type\":\"SearchAction\",\"target\":{\"@type\":\"EntryPoint\",\"urlTemplate\":\"https:\\\/\\\/www.talidesign.eu\\\/et\\\/?s={search_term_string}\"},\"query-input\":{\"@type\":\"PropertyValueSpecification\",\"valueRequired\":true,\"valueName\":\"search_term_string\"}}],\"inLanguage\":\"et\"}]}<\/script>\n<!-- \/ Yoast SEO plugin. -->","yoast_head_json":{"title":"Rains Lukuga Seljakott Must - TALI Concept Store","description":"Avasta Rains Lukuga Seljakott Must - stiilne ja praktiline seljakott, mis sobib ideaalselt igap\u00e4evaseks kasutamiseks. Veekindel materjal, turvaline laptopitasku ja minimalistlik disain. Tutvu l\u00e4hemalt!","robots":{"index":"index","follow":"follow","max-snippet":"max-snippet:-1","max-image-preview":"max-image-preview:large","max-video-preview":"max-video-preview:-1"},"canonical":"https:\/\/www.talidesign.eu\/et\/pood\/toode\/rains-lukuga-seljakott-must\/","og_locale":"et_EE","og_type":"article","og_title":"Rains Lukuga Seljakott Must - TALI Concept Store","og_description":"Avasta Rains Lukuga Seljakott Must - stiilne ja praktiline seljakott, mis sobib ideaalselt igap\u00e4evaseks kasutamiseks. Veekindel materjal, turvaline laptopitasku ja minimalistlik disain. Tutvu l\u00e4hemalt!","og_url":"https:\/\/www.talidesign.eu\/et\/pood\/toode\/rains-lukuga-seljakott-must\/","og_site_name":"TALI Concept Store","article_publisher":"https:\/\/www.facebook.com\/TaliDisain\/","article_modified_time":"2021-10-06T17:36:52+00:00","og_image":[{"width":768,"height":768,"url":"https:\/\/www.talidesign.eu\/wp\/wp-content\/uploads\/2021\/07\/rains-field-bag-black.jpg","type":"image\/jpeg"}],"twitter_card":"summary_large_image","twitter_misc":{"Est. reading time":"1 minute"},"schema":{"@context":"https:\/\/schema.org","@graph":[{"@type":"WebPage","@id":"https:\/\/www.talidesign.eu\/et\/pood\/toode\/rains-lukuga-seljakott-must\/","url":"https:\/\/www.talidesign.eu\/et\/pood\/toode\/rains-lukuga-seljakott-must\/","name":"Rains Lukuga Seljakott Must - TALI Concept Store","isPartOf":{"@id":"https:\/\/www.talidesign.eu\/et\/#website"},"primaryImageOfPage":{"@id":"https:\/\/www.talidesign.eu\/et\/pood\/toode\/rains-lukuga-seljakott-must\/#primaryimage"},"image":{"@id":"https:\/\/www.talidesign.eu\/et\/pood\/toode\/rains-lukuga-seljakott-must\/#primaryimage"},"thumbnailUrl":"https:\/\/www.talidesign.eu\/wp\/wp-content\/uploads\/2021\/07\/rains-field-bag-black.jpg","datePublished":"2021-07-24T08:12:23+00:00","dateModified":"2021-10-06T17:36:52+00:00","description":"Avasta Rains Lukuga Seljakott Must - stiilne ja praktiline seljakott, mis sobib ideaalselt igap\u00e4evaseks kasutamiseks. Veekindel materjal, turvaline laptopitasku ja minimalistlik disain. Tutvu l\u00e4hemalt!","breadcrumb":{"@id":"https:\/\/www.talidesign.eu\/et\/pood\/toode\/rains-lukuga-seljakott-must\/#breadcrumb"},"inLanguage":"et","potentialAction":[{"@type":"ReadAction","target":["https:\/\/www.talidesign.eu\/et\/pood\/toode\/rains-lukuga-seljakott-must\/"]}]},{"@type":"ImageObject","inLanguage":"et","@id":"https:\/\/www.talidesign.eu\/et\/pood\/toode\/rains-lukuga-seljakott-must\/#primaryimage","url":"https:\/\/www.talidesign.eu\/wp\/wp-content\/uploads\/2021\/07\/rains-field-bag-black.jpg","contentUrl":"https:\/\/www.talidesign.eu\/wp\/wp-content\/uploads\/2021\/07\/rains-field-bag-black.jpg","width":768,"height":768},{"@type":"BreadcrumbList","@id":"https:\/\/www.talidesign.eu\/et\/pood\/toode\/rains-lukuga-seljakott-must\/#breadcrumb","itemListElement":[{"@type":"ListItem","position":1,"name":"Avaleht","item":"https:\/\/www.talidesign.eu\/et\/"},{"@type":"ListItem","position":2,"name":"Pood","item":"https:\/\/www.talidesign.eu\/et\/pood\/"},{"@type":"ListItem","position":3,"name":"Rains Lukuga Seljakott Must"}]},{"@type":"WebSite","@id":"https:\/\/www.talidesign.eu\/et\/#website","url":"https:\/\/www.talidesign.eu\/et\/","name":"TALI Concept Store","description":"Suurim Disainipood Eestis","potentialAction":[{"@type":"SearchAction","target":{"@type":"EntryPoint","urlTemplate":"https:\/\/www.talidesign.eu\/et\/?s={search_term_string}"},"query-input":{"@type":"PropertyValueSpecification","valueRequired":true,"valueName":"search_term_string"}}],"inLanguage":"et"}]}},"_links":{"self":[{"href":"https:\/\/www.talidesign.eu\/et\/wp-json\/wp\/v2\/product\/39500","targetHints":{"allow":["GET"]}}],"collection":[{"href":"https:\/\/www.talidesign.eu\/et\/wp-json\/wp\/v2\/product"}],"about":[{"href":"https:\/\/www.talidesign.eu\/et\/wp-json\/wp\/v2\/types\/product"}],"wp:featuredmedia":[{"embeddable":true,"href":"https:\/\/www.talidesign.eu\/et\/wp-json\/wp\/v2\/media\/39506"}],"wp:attachment":[{"href":"https:\/\/www.talidesign.eu\/et\/wp-json\/wp\/v2\/media?parent=39500"}],"wp:term":[{"taxonomy":"product_brand","embeddable":true,"href":"https:\/\/www.talidesign.eu\/et\/wp-json\/wp\/v2\/product_brand?post=39500"},{"taxonomy":"product_cat","embeddable":true,"href":"https:\/\/www.talidesign.eu\/et\/wp-json\/wp\/v2\/product_cat?post=39500"},{"taxonomy":"product_tag","embeddable":true,"href":"https:\/\/www.talidesign.eu\/et\/wp-json\/wp\/v2\/product_tag?post=39500"}],"curies":[{"name":"wp","href":"https:\/\/api.w.org\/{rel}","templated":true}]}}