{"id":39764,"date":"2020-04-16T16:13:45","date_gmt":"2020-04-16T13:13:45","guid":{"rendered":"https:\/\/www.talidesign.eu\/shop\/product\/rains-backpack-beige\/"},"modified":"2021-10-06T19:33:49","modified_gmt":"2021-10-06T16:33:49","slug":"rains-seljakott-beez","status":"publish","type":"product","link":"https:\/\/www.talidesign.eu\/et\/pood\/toode\/rains-seljakott-beez\/","title":{"rendered":"Rains Seljakott Bee\u017e"},"content":{"rendered":"<p><strong>Seljakott Bee\u017e<\/strong><\/p>\n<p>Rains Backpack on trendikas seljakott, mis \u00fchendab endas moekuse ning funktsionaalsuse. Kott on valmistatud Rains signatuur veekindlast vastupidavast materjalist. Seljakott on universaalne ja sobib nii mehele kui naisele. Tegemist on Rains k\u00f5ige populaarsema mudeliga.<\/p>\n<p>Koti sees on suurem \u201cruum\u201d kuhu saab kinnitada laptop arvuti. Kott sulgeb ning avaneb koti peal oleva karabiinkinnitusega. <\/p>\n<p>Reguleeritavad sangad tagavad mugavuse ja tagaosas \u201cpeidetud\u201d salajane telefoni tasku mis hoiab telefoni kuivana.<\/p>\n<p>\u2022 <a href=\"\/et\/tootekategooria\/brandid\/rains-et\/\">Br\u00e4nd Rains<\/a><br \/>\n\u2022 M\u00f5\u00f5dud: 47 cm x 28,5 cm x 10 cm<br \/>\n\u2022 Maht: 13L<br \/>\n\u2022 50% pol\u00fcester, 50% pol\u00fcretaan<br \/>\n\u2022 Karabiin ja magnetkinnitused<br \/>\n\u2022 Reguleeritavad rihmad<\/p>\n<div style=\"width: 300px;\" class=\"wp-video\"><video class=\"wp-video-shortcode\" id=\"video-39764-1\" width=\"300\" height=\"360\" loop autoplay preload=\"metadata\" controls=\"controls\"><source type=\"video\/mp4\" src=\"https:\/\/www.talidesign.eu\/wp\/wp-content\/uploads\/2020\/10\/c4a96428506346f293290225a2b6c141.HD-1080p-2.5Mbps.mp4?_=1\" \/><a href=\"https:\/\/www.talidesign.eu\/wp\/wp-content\/uploads\/2020\/10\/c4a96428506346f293290225a2b6c141.HD-1080p-2.5Mbps.mp4\">https:\/\/www.talidesign.eu\/wp\/wp-content\/uploads\/2020\/10\/c4a96428506346f293290225a2b6c141.HD-1080p-2.5Mbps.mp4<\/a><\/video><\/div>\n<p>&nbsp;<br \/>\n<strong>Rains<\/strong> on k\u00f5rgekvaliteetne Taani moebr\u00e4nd, mis on keskendunud oma toodangus just p\u00f5hjamaisele k\u00fclmale ja vihmasele kliimale. K\u00f5ik tooted on valmistatud 100% vegan, veekindlast ja kauakestvast materjalist. Rains vihmajoped, talvejoped ja seljakotid on \u00fcldjuhul unisex ja sobivad kandmiseks nii meestele kui naistele. Rainsi esteetikas on p\u00fcsivaks alatooniks skandinaavialik lihtsus ja minimalism.<br \/>\n<a href=\"\/et\/tootekategooria\/brandid\/rains-et\/\"><img loading=\"lazy\" decoding=\"async\" src=\"https:\/\/www.talidesign.eu\/wp\/wp-content\/uploads\/2021\/02\/logo-3.jpg\" alt=\"\" width=\"500\" height=\"100\" class=\"alignnone size-full wp-image-24515\" \/><\/a><\/p>\n","protected":false},"excerpt":{"rendered":"<p><strong>Seljakott Bee\u017e<\/strong><\/p>\n<p>Rains Backpack on trendikas seljakott, mis \u00fchendab endas moekuse ning funktsionaalsuse. Kott on valmistatud Rains signatuur veekindlast vastupidavast materjalist. Seljakott on universaalne ja sobib nii mehele kui naisele. Tegemist on Rains k\u00f5ige populaarsema mudeliga.<\/p>\n<p>Koti sees on suurem \u201cruum\u201d kuhu saab kinnitada laptop arvuti. Kott sulgeb ning avaneb koti peal oleva karabiinkinnitusega. <\/p>\n<p>Reguleeritavad sangad tagavad mugavuse ja tagaosas \u201cpeidetud\u201d salajane telefoni tasku mis hoiab telefoni kuivana.<\/p>\n<p>\u2022 <a href=\"\/et\/tootekategooria\/brandid\/rains-et\/\">Br\u00e4nd Rains<\/a><br \/>\n\u2022 M\u00f5\u00f5dud: 47 cm x 28,5 cm x 10 cm<br \/>\n\u2022 Maht: 13L<br \/>\n\u2022 50% pol\u00fcester, 50% pol\u00fcretaan<br \/>\n\u2022 Karabiin ja magnetkinnitused<br \/>\n\u2022 Reguleeritavad rihmad<\/p>\n<div style=\"width: 300px;\" class=\"wp-video\"><video class=\"wp-video-shortcode\" id=\"video-39764-2\" width=\"300\" height=\"360\" loop autoplay preload=\"metadata\" controls=\"controls\"><source type=\"video\/mp4\" src=\"https:\/\/www.talidesign.eu\/wp\/wp-content\/uploads\/2020\/10\/c4a96428506346f293290225a2b6c141.HD-1080p-2.5Mbps.mp4?_=2\" \/><a href=\"https:\/\/www.talidesign.eu\/wp\/wp-content\/uploads\/2020\/10\/c4a96428506346f293290225a2b6c141.HD-1080p-2.5Mbps.mp4\">https:\/\/www.talidesign.eu\/wp\/wp-content\/uploads\/2020\/10\/c4a96428506346f293290225a2b6c141.HD-1080p-2.5Mbps.mp4<\/a><\/video><\/div>\n<p>&nbsp;<br \/>\n<strong>Rains<\/strong> on k\u00f5rgekvaliteetne Taani moebr\u00e4nd, mis on keskendunud oma toodangus just p\u00f5hjamaisele k\u00fclmale ja vihmasele kliimale. K\u00f5ik tooted on valmistatud 100% vegan, veekindlast ja kauakestvast materjalist. Rains vihmajoped, talvejoped ja seljakotid on \u00fcldjuhul unisex ja sobivad kandmiseks nii meestele kui naistele. Rainsi esteetikas on p\u00fcsivaks alatooniks skandinaavialik lihtsus ja minimalism.<br \/>\n<a href=\"\/et\/tootekategooria\/brandid\/rains-et\/\"><img loading=\"lazy\" decoding=\"async\" src=\"https:\/\/www.talidesign.eu\/wp\/wp-content\/uploads\/2021\/02\/logo-3.jpg\" alt=\"\" width=\"500\" height=\"100\" class=\"alignnone size-full wp-image-24515\" \/><\/a><\/p>\n","protected":false},"featured_media":39770,"template":"","meta":[],"product_brand":[],"product_cat":[1026,1113,1131,1075],"product_tag":[1446],"class_list":{"0":"post-39764","1":"product","2":"type-product","3":"status-publish","4":"has-post-thumbnail","6":"product_cat-brandid","7":"product_cat-kotid","8":"product_cat-naiste-kotid","9":"product_cat-rains-et","10":"product_tag-rains-et","12":"first","13":"outofstock","14":"taxable","15":"shipping-taxable","16":"purchasable","17":"product-type-simple"},"yoast_head":"<!-- This site is optimized with the Yoast SEO plugin v27.3 - https:\/\/yoast.com\/product\/yoast-seo-wordpress\/ -->\n<title>Rains Seljakott Bee\u017e - TALI Concept Store<\/title>\n<meta name=\"description\" content=\"Avasta Rains Bee\u017e seljakott - trendikas, funktsionaalne ja veekindel. Universaalne disain sobib nii meestele kui naistele. Tutvu l\u00e4hemalt!\" \/>\n<meta name=\"robots\" content=\"index, follow, max-snippet:-1, max-image-preview:large, max-video-preview:-1\" \/>\n<link rel=\"canonical\" href=\"https:\/\/www.talidesign.eu\/et\/pood\/toode\/rains-seljakott-beez\/\" \/>\n<meta property=\"og:locale\" content=\"et_EE\" \/>\n<meta property=\"og:type\" content=\"article\" \/>\n<meta property=\"og:title\" content=\"Rains Seljakott Bee\u017e - TALI Concept Store\" \/>\n<meta property=\"og:description\" content=\"Avasta Rains Bee\u017e seljakott - trendikas, funktsionaalne ja veekindel. Universaalne disain sobib nii meestele kui naistele. Tutvu l\u00e4hemalt!\" \/>\n<meta property=\"og:url\" content=\"https:\/\/www.talidesign.eu\/et\/pood\/toode\/rains-seljakott-beez\/\" \/>\n<meta property=\"og:site_name\" content=\"TALI Concept Store\" \/>\n<meta property=\"article:publisher\" content=\"https:\/\/www.facebook.com\/TaliDisain\/\" \/>\n<meta property=\"article:modified_time\" content=\"2021-10-06T16:33:49+00:00\" \/>\n<meta property=\"og:image\" content=\"https:\/\/www.talidesign.eu\/wp\/wp-content\/uploads\/2020\/04\/backpack-beige.jpg\" \/>\n\t<meta property=\"og:image:width\" content=\"768\" \/>\n\t<meta property=\"og:image:height\" content=\"768\" \/>\n\t<meta property=\"og:image:type\" content=\"image\/jpeg\" \/>\n<meta name=\"twitter:card\" content=\"summary_large_image\" \/>\n<meta name=\"twitter:label1\" content=\"Est. reading time\" \/>\n\t<meta name=\"twitter:data1\" content=\"1 minute\" \/>\n<script type=\"application\/ld+json\" class=\"yoast-schema-graph\">{\"@context\":\"https:\\\/\\\/schema.org\",\"@graph\":[{\"@type\":\"WebPage\",\"@id\":\"https:\\\/\\\/www.talidesign.eu\\\/et\\\/pood\\\/toode\\\/rains-seljakott-beez\\\/\",\"url\":\"https:\\\/\\\/www.talidesign.eu\\\/et\\\/pood\\\/toode\\\/rains-seljakott-beez\\\/\",\"name\":\"Rains Seljakott Bee\u017e - TALI Concept Store\",\"isPartOf\":{\"@id\":\"https:\\\/\\\/www.talidesign.eu\\\/et\\\/#website\"},\"primaryImageOfPage\":{\"@id\":\"https:\\\/\\\/www.talidesign.eu\\\/et\\\/pood\\\/toode\\\/rains-seljakott-beez\\\/#primaryimage\"},\"image\":{\"@id\":\"https:\\\/\\\/www.talidesign.eu\\\/et\\\/pood\\\/toode\\\/rains-seljakott-beez\\\/#primaryimage\"},\"thumbnailUrl\":\"https:\\\/\\\/www.talidesign.eu\\\/wp\\\/wp-content\\\/uploads\\\/2020\\\/04\\\/backpack-beige.jpg\",\"datePublished\":\"2020-04-16T13:13:45+00:00\",\"dateModified\":\"2021-10-06T16:33:49+00:00\",\"description\":\"Avasta Rains Bee\u017e seljakott - trendikas, funktsionaalne ja veekindel. Universaalne disain sobib nii meestele kui naistele. Tutvu l\u00e4hemalt!\",\"breadcrumb\":{\"@id\":\"https:\\\/\\\/www.talidesign.eu\\\/et\\\/pood\\\/toode\\\/rains-seljakott-beez\\\/#breadcrumb\"},\"inLanguage\":\"et\",\"potentialAction\":[{\"@type\":\"ReadAction\",\"target\":[\"https:\\\/\\\/www.talidesign.eu\\\/et\\\/pood\\\/toode\\\/rains-seljakott-beez\\\/\"]}]},{\"@type\":\"ImageObject\",\"inLanguage\":\"et\",\"@id\":\"https:\\\/\\\/www.talidesign.eu\\\/et\\\/pood\\\/toode\\\/rains-seljakott-beez\\\/#primaryimage\",\"url\":\"https:\\\/\\\/www.talidesign.eu\\\/wp\\\/wp-content\\\/uploads\\\/2020\\\/04\\\/backpack-beige.jpg\",\"contentUrl\":\"https:\\\/\\\/www.talidesign.eu\\\/wp\\\/wp-content\\\/uploads\\\/2020\\\/04\\\/backpack-beige.jpg\",\"width\":768,\"height\":768},{\"@type\":\"BreadcrumbList\",\"@id\":\"https:\\\/\\\/www.talidesign.eu\\\/et\\\/pood\\\/toode\\\/rains-seljakott-beez\\\/#breadcrumb\",\"itemListElement\":[{\"@type\":\"ListItem\",\"position\":1,\"name\":\"Avaleht\",\"item\":\"https:\\\/\\\/www.talidesign.eu\\\/et\\\/\"},{\"@type\":\"ListItem\",\"position\":2,\"name\":\"Pood\",\"item\":\"https:\\\/\\\/www.talidesign.eu\\\/et\\\/pood\\\/\"},{\"@type\":\"ListItem\",\"position\":3,\"name\":\"Rains Seljakott Bee\u017e\"}]},{\"@type\":\"WebSite\",\"@id\":\"https:\\\/\\\/www.talidesign.eu\\\/et\\\/#website\",\"url\":\"https:\\\/\\\/www.talidesign.eu\\\/et\\\/\",\"name\":\"TALI Concept Store\",\"description\":\"Suurim Disainipood Eestis\",\"potentialAction\":[{\"@type\":\"SearchAction\",\"target\":{\"@type\":\"EntryPoint\",\"urlTemplate\":\"https:\\\/\\\/www.talidesign.eu\\\/et\\\/?s={search_term_string}\"},\"query-input\":{\"@type\":\"PropertyValueSpecification\",\"valueRequired\":true,\"valueName\":\"search_term_string\"}}],\"inLanguage\":\"et\"}]}<\/script>\n<!-- \/ Yoast SEO plugin. -->","yoast_head_json":{"title":"Rains Seljakott Bee\u017e - TALI Concept Store","description":"Avasta Rains Bee\u017e seljakott - trendikas, funktsionaalne ja veekindel. Universaalne disain sobib nii meestele kui naistele. Tutvu l\u00e4hemalt!","robots":{"index":"index","follow":"follow","max-snippet":"max-snippet:-1","max-image-preview":"max-image-preview:large","max-video-preview":"max-video-preview:-1"},"canonical":"https:\/\/www.talidesign.eu\/et\/pood\/toode\/rains-seljakott-beez\/","og_locale":"et_EE","og_type":"article","og_title":"Rains Seljakott Bee\u017e - TALI Concept Store","og_description":"Avasta Rains Bee\u017e seljakott - trendikas, funktsionaalne ja veekindel. Universaalne disain sobib nii meestele kui naistele. Tutvu l\u00e4hemalt!","og_url":"https:\/\/www.talidesign.eu\/et\/pood\/toode\/rains-seljakott-beez\/","og_site_name":"TALI Concept Store","article_publisher":"https:\/\/www.facebook.com\/TaliDisain\/","article_modified_time":"2021-10-06T16:33:49+00:00","og_image":[{"width":768,"height":768,"url":"https:\/\/www.talidesign.eu\/wp\/wp-content\/uploads\/2020\/04\/backpack-beige.jpg","type":"image\/jpeg"}],"twitter_card":"summary_large_image","twitter_misc":{"Est. reading time":"1 minute"},"schema":{"@context":"https:\/\/schema.org","@graph":[{"@type":"WebPage","@id":"https:\/\/www.talidesign.eu\/et\/pood\/toode\/rains-seljakott-beez\/","url":"https:\/\/www.talidesign.eu\/et\/pood\/toode\/rains-seljakott-beez\/","name":"Rains Seljakott Bee\u017e - TALI Concept Store","isPartOf":{"@id":"https:\/\/www.talidesign.eu\/et\/#website"},"primaryImageOfPage":{"@id":"https:\/\/www.talidesign.eu\/et\/pood\/toode\/rains-seljakott-beez\/#primaryimage"},"image":{"@id":"https:\/\/www.talidesign.eu\/et\/pood\/toode\/rains-seljakott-beez\/#primaryimage"},"thumbnailUrl":"https:\/\/www.talidesign.eu\/wp\/wp-content\/uploads\/2020\/04\/backpack-beige.jpg","datePublished":"2020-04-16T13:13:45+00:00","dateModified":"2021-10-06T16:33:49+00:00","description":"Avasta Rains Bee\u017e seljakott - trendikas, funktsionaalne ja veekindel. Universaalne disain sobib nii meestele kui naistele. Tutvu l\u00e4hemalt!","breadcrumb":{"@id":"https:\/\/www.talidesign.eu\/et\/pood\/toode\/rains-seljakott-beez\/#breadcrumb"},"inLanguage":"et","potentialAction":[{"@type":"ReadAction","target":["https:\/\/www.talidesign.eu\/et\/pood\/toode\/rains-seljakott-beez\/"]}]},{"@type":"ImageObject","inLanguage":"et","@id":"https:\/\/www.talidesign.eu\/et\/pood\/toode\/rains-seljakott-beez\/#primaryimage","url":"https:\/\/www.talidesign.eu\/wp\/wp-content\/uploads\/2020\/04\/backpack-beige.jpg","contentUrl":"https:\/\/www.talidesign.eu\/wp\/wp-content\/uploads\/2020\/04\/backpack-beige.jpg","width":768,"height":768},{"@type":"BreadcrumbList","@id":"https:\/\/www.talidesign.eu\/et\/pood\/toode\/rains-seljakott-beez\/#breadcrumb","itemListElement":[{"@type":"ListItem","position":1,"name":"Avaleht","item":"https:\/\/www.talidesign.eu\/et\/"},{"@type":"ListItem","position":2,"name":"Pood","item":"https:\/\/www.talidesign.eu\/et\/pood\/"},{"@type":"ListItem","position":3,"name":"Rains Seljakott Bee\u017e"}]},{"@type":"WebSite","@id":"https:\/\/www.talidesign.eu\/et\/#website","url":"https:\/\/www.talidesign.eu\/et\/","name":"TALI Concept Store","description":"Suurim Disainipood Eestis","potentialAction":[{"@type":"SearchAction","target":{"@type":"EntryPoint","urlTemplate":"https:\/\/www.talidesign.eu\/et\/?s={search_term_string}"},"query-input":{"@type":"PropertyValueSpecification","valueRequired":true,"valueName":"search_term_string"}}],"inLanguage":"et"}]}},"_links":{"self":[{"href":"https:\/\/www.talidesign.eu\/et\/wp-json\/wp\/v2\/product\/39764","targetHints":{"allow":["GET"]}}],"collection":[{"href":"https:\/\/www.talidesign.eu\/et\/wp-json\/wp\/v2\/product"}],"about":[{"href":"https:\/\/www.talidesign.eu\/et\/wp-json\/wp\/v2\/types\/product"}],"wp:featuredmedia":[{"embeddable":true,"href":"https:\/\/www.talidesign.eu\/et\/wp-json\/wp\/v2\/media\/39770"}],"wp:attachment":[{"href":"https:\/\/www.talidesign.eu\/et\/wp-json\/wp\/v2\/media?parent=39764"}],"wp:term":[{"taxonomy":"product_brand","embeddable":true,"href":"https:\/\/www.talidesign.eu\/et\/wp-json\/wp\/v2\/product_brand?post=39764"},{"taxonomy":"product_cat","embeddable":true,"href":"https:\/\/www.talidesign.eu\/et\/wp-json\/wp\/v2\/product_cat?post=39764"},{"taxonomy":"product_tag","embeddable":true,"href":"https:\/\/www.talidesign.eu\/et\/wp-json\/wp\/v2\/product_tag?post=39764"}],"curies":[{"name":"wp","href":"https:\/\/api.w.org\/{rel}","templated":true}]}}