{"id":39818,"date":"2020-02-07T01:34:21","date_gmt":"2020-02-06T23:34:21","guid":{"rendered":"https:\/\/www.talidesign.eu\/shop\/product\/rains-weekend-tote-black\/"},"modified":"2022-07-01T13:49:24","modified_gmt":"2022-07-01T10:49:24","slug":"rains-weekend-tote-black","status":"publish","type":"product","link":"https:\/\/www.talidesign.eu\/et\/pood\/toode\/rains-weekend-tote-black\/","title":{"rendered":"Rains Weekend Tote Black"},"content":{"rendered":"<p><strong>Weekend Tote Black<\/strong><\/p>\n<p>Weekend Tote is a carry-on bag made from a waterproof fabric with a matte appearance. It has a large main compartment, two inside pockets and an outside zipper pocket. Weekend Tote features webbing shoulder straps and a water-resistant zipper.<\/p>\n<p>\u2022 <a href=\"\/product-category\/designers\/rains\/\">View more from Rains<\/a><br \/>\n\u2022 One main compartment with two inside pockets and an outside zipper pocket<br \/>\n\u2022 Measurements: H 45 cm, L 58 cm, W 22 cm<br \/>\n\u2022 Volume: 28 liters<br \/>\n\u2022 50% polyester, 50% polyurethane<br \/>\n\u2022 Fabric column pressure: 8000 mm<br \/>\n\u2022 Webbing shoulder straps<br \/>\n\u2022 Water-resistant zipper<br \/>\n<a href=\"\/product-category\/designers\/rains\/\"><img loading=\"lazy\" decoding=\"async\" src=\"https:\/\/www.talidesign.eu\/wp\/wp-content\/uploads\/2021\/02\/logo-3.jpg\" alt=\"\" width=\"500\" height=\"100\" class=\"alignnone size-full wp-image-24515\" \/><\/a><\/p>\n","protected":false},"excerpt":{"rendered":"<div id=\"description\" class=\"tab-content\">\n<p>Weekend Tote is a carry-on bag made from a waterproof fabric with a matte appearance. It has a large main compartment, two inside pockets and an outside zipper pocket. Weekend Tote features webbing shoulder straps and a water-resistant zipper.<\/p>\n<\/div>\n<p>By Rains.<\/p>\n","protected":false},"featured_media":39827,"template":"","meta":[],"product_brand":[],"product_cat":[1026,1131,1113,1075],"product_tag":[1446],"class_list":{"0":"post-39818","1":"product","2":"type-product","3":"status-publish","4":"has-post-thumbnail","6":"product_cat-brandid","7":"product_cat-naiste-kotid","8":"product_cat-kotid","9":"product_cat-rains-et","10":"product_tag-rains-et","12":"first","13":"outofstock","14":"taxable","15":"shipping-taxable","16":"purchasable","17":"product-type-simple"},"yoast_head":"<!-- This site is optimized with the Yoast SEO plugin v27.4 - https:\/\/yoast.com\/product\/yoast-seo-wordpress\/ -->\n<title>Rains Weekend Tote Black - TALI Concept Store<\/title>\n<meta name=\"description\" content=\"Rains Weekend Tote Black - Veekindel kandekott, suur peasahtel, sisetaskud ja v\u00e4lisosa lukuga tasku. Rainsi br\u00e4nd. Vaata l\u00e4hemalt!\" \/>\n<meta name=\"robots\" content=\"index, follow, max-snippet:-1, max-image-preview:large, max-video-preview:-1\" \/>\n<link rel=\"canonical\" href=\"https:\/\/www.talidesign.eu\/et\/pood\/toode\/rains-weekend-tote-black\/\" \/>\n<meta property=\"og:locale\" content=\"et_EE\" \/>\n<meta property=\"og:type\" content=\"article\" \/>\n<meta property=\"og:title\" content=\"Rains Weekend Tote Black - TALI Concept Store\" \/>\n<meta property=\"og:description\" content=\"Rains Weekend Tote Black - Veekindel kandekott, suur peasahtel, sisetaskud ja v\u00e4lisosa lukuga tasku. Rainsi br\u00e4nd. Vaata l\u00e4hemalt!\" \/>\n<meta property=\"og:url\" content=\"https:\/\/www.talidesign.eu\/et\/pood\/toode\/rains-weekend-tote-black\/\" \/>\n<meta property=\"og:site_name\" content=\"TALI Concept Store\" \/>\n<meta property=\"article:publisher\" content=\"https:\/\/www.facebook.com\/TaliDisain\/\" \/>\n<meta property=\"article:modified_time\" content=\"2022-07-01T10:49:24+00:00\" \/>\n<meta property=\"og:image\" content=\"https:\/\/www.talidesign.eu\/wp\/wp-content\/uploads\/2020\/02\/Rains-Weekend-Tote-Black.jpg\" \/>\n\t<meta property=\"og:image:width\" content=\"768\" \/>\n\t<meta property=\"og:image:height\" content=\"768\" \/>\n\t<meta property=\"og:image:type\" content=\"image\/jpeg\" \/>\n<meta name=\"twitter:card\" content=\"summary_large_image\" \/>\n<script type=\"application\/ld+json\" class=\"yoast-schema-graph\">{\"@context\":\"https:\\\/\\\/schema.org\",\"@graph\":[{\"@type\":\"WebPage\",\"@id\":\"https:\\\/\\\/www.talidesign.eu\\\/et\\\/pood\\\/toode\\\/rains-weekend-tote-black\\\/\",\"url\":\"https:\\\/\\\/www.talidesign.eu\\\/et\\\/pood\\\/toode\\\/rains-weekend-tote-black\\\/\",\"name\":\"Rains Weekend Tote Black - TALI Concept Store\",\"isPartOf\":{\"@id\":\"https:\\\/\\\/www.talidesign.eu\\\/et\\\/#website\"},\"primaryImageOfPage\":{\"@id\":\"https:\\\/\\\/www.talidesign.eu\\\/et\\\/pood\\\/toode\\\/rains-weekend-tote-black\\\/#primaryimage\"},\"image\":{\"@id\":\"https:\\\/\\\/www.talidesign.eu\\\/et\\\/pood\\\/toode\\\/rains-weekend-tote-black\\\/#primaryimage\"},\"thumbnailUrl\":\"https:\\\/\\\/www.talidesign.eu\\\/wp\\\/wp-content\\\/uploads\\\/2020\\\/02\\\/Rains-Weekend-Tote-Black.jpg\",\"datePublished\":\"2020-02-06T23:34:21+00:00\",\"dateModified\":\"2022-07-01T10:49:24+00:00\",\"description\":\"Rains Weekend Tote Black - Veekindel kandekott, suur peasahtel, sisetaskud ja v\u00e4lisosa lukuga tasku. Rainsi br\u00e4nd. Vaata l\u00e4hemalt!\",\"breadcrumb\":{\"@id\":\"https:\\\/\\\/www.talidesign.eu\\\/et\\\/pood\\\/toode\\\/rains-weekend-tote-black\\\/#breadcrumb\"},\"inLanguage\":\"et\",\"potentialAction\":[{\"@type\":\"ReadAction\",\"target\":[\"https:\\\/\\\/www.talidesign.eu\\\/et\\\/pood\\\/toode\\\/rains-weekend-tote-black\\\/\"]}]},{\"@type\":\"ImageObject\",\"inLanguage\":\"et\",\"@id\":\"https:\\\/\\\/www.talidesign.eu\\\/et\\\/pood\\\/toode\\\/rains-weekend-tote-black\\\/#primaryimage\",\"url\":\"https:\\\/\\\/www.talidesign.eu\\\/wp\\\/wp-content\\\/uploads\\\/2020\\\/02\\\/Rains-Weekend-Tote-Black.jpg\",\"contentUrl\":\"https:\\\/\\\/www.talidesign.eu\\\/wp\\\/wp-content\\\/uploads\\\/2020\\\/02\\\/Rains-Weekend-Tote-Black.jpg\",\"width\":768,\"height\":768},{\"@type\":\"BreadcrumbList\",\"@id\":\"https:\\\/\\\/www.talidesign.eu\\\/et\\\/pood\\\/toode\\\/rains-weekend-tote-black\\\/#breadcrumb\",\"itemListElement\":[{\"@type\":\"ListItem\",\"position\":1,\"name\":\"Avaleht\",\"item\":\"https:\\\/\\\/www.talidesign.eu\\\/et\\\/\"},{\"@type\":\"ListItem\",\"position\":2,\"name\":\"Pood\",\"item\":\"https:\\\/\\\/www.talidesign.eu\\\/et\\\/pood\\\/\"},{\"@type\":\"ListItem\",\"position\":3,\"name\":\"Rains Weekend Tote Black\"}]},{\"@type\":\"WebSite\",\"@id\":\"https:\\\/\\\/www.talidesign.eu\\\/et\\\/#website\",\"url\":\"https:\\\/\\\/www.talidesign.eu\\\/et\\\/\",\"name\":\"TALI Concept Store\",\"description\":\"Suurim Disainipood Eestis\",\"potentialAction\":[{\"@type\":\"SearchAction\",\"target\":{\"@type\":\"EntryPoint\",\"urlTemplate\":\"https:\\\/\\\/www.talidesign.eu\\\/et\\\/?s={search_term_string}\"},\"query-input\":{\"@type\":\"PropertyValueSpecification\",\"valueRequired\":true,\"valueName\":\"search_term_string\"}}],\"inLanguage\":\"et\"}]}<\/script>\n<!-- \/ Yoast SEO plugin. -->","yoast_head_json":{"title":"Rains Weekend Tote Black - TALI Concept Store","description":"Rains Weekend Tote Black - Veekindel kandekott, suur peasahtel, sisetaskud ja v\u00e4lisosa lukuga tasku. Rainsi br\u00e4nd. Vaata l\u00e4hemalt!","robots":{"index":"index","follow":"follow","max-snippet":"max-snippet:-1","max-image-preview":"max-image-preview:large","max-video-preview":"max-video-preview:-1"},"canonical":"https:\/\/www.talidesign.eu\/et\/pood\/toode\/rains-weekend-tote-black\/","og_locale":"et_EE","og_type":"article","og_title":"Rains Weekend Tote Black - TALI Concept Store","og_description":"Rains Weekend Tote Black - Veekindel kandekott, suur peasahtel, sisetaskud ja v\u00e4lisosa lukuga tasku. Rainsi br\u00e4nd. Vaata l\u00e4hemalt!","og_url":"https:\/\/www.talidesign.eu\/et\/pood\/toode\/rains-weekend-tote-black\/","og_site_name":"TALI Concept Store","article_publisher":"https:\/\/www.facebook.com\/TaliDisain\/","article_modified_time":"2022-07-01T10:49:24+00:00","og_image":[{"width":768,"height":768,"url":"https:\/\/www.talidesign.eu\/wp\/wp-content\/uploads\/2020\/02\/Rains-Weekend-Tote-Black.jpg","type":"image\/jpeg"}],"twitter_card":"summary_large_image","schema":{"@context":"https:\/\/schema.org","@graph":[{"@type":"WebPage","@id":"https:\/\/www.talidesign.eu\/et\/pood\/toode\/rains-weekend-tote-black\/","url":"https:\/\/www.talidesign.eu\/et\/pood\/toode\/rains-weekend-tote-black\/","name":"Rains Weekend Tote Black - TALI Concept Store","isPartOf":{"@id":"https:\/\/www.talidesign.eu\/et\/#website"},"primaryImageOfPage":{"@id":"https:\/\/www.talidesign.eu\/et\/pood\/toode\/rains-weekend-tote-black\/#primaryimage"},"image":{"@id":"https:\/\/www.talidesign.eu\/et\/pood\/toode\/rains-weekend-tote-black\/#primaryimage"},"thumbnailUrl":"https:\/\/www.talidesign.eu\/wp\/wp-content\/uploads\/2020\/02\/Rains-Weekend-Tote-Black.jpg","datePublished":"2020-02-06T23:34:21+00:00","dateModified":"2022-07-01T10:49:24+00:00","description":"Rains Weekend Tote Black - Veekindel kandekott, suur peasahtel, sisetaskud ja v\u00e4lisosa lukuga tasku. Rainsi br\u00e4nd. Vaata l\u00e4hemalt!","breadcrumb":{"@id":"https:\/\/www.talidesign.eu\/et\/pood\/toode\/rains-weekend-tote-black\/#breadcrumb"},"inLanguage":"et","potentialAction":[{"@type":"ReadAction","target":["https:\/\/www.talidesign.eu\/et\/pood\/toode\/rains-weekend-tote-black\/"]}]},{"@type":"ImageObject","inLanguage":"et","@id":"https:\/\/www.talidesign.eu\/et\/pood\/toode\/rains-weekend-tote-black\/#primaryimage","url":"https:\/\/www.talidesign.eu\/wp\/wp-content\/uploads\/2020\/02\/Rains-Weekend-Tote-Black.jpg","contentUrl":"https:\/\/www.talidesign.eu\/wp\/wp-content\/uploads\/2020\/02\/Rains-Weekend-Tote-Black.jpg","width":768,"height":768},{"@type":"BreadcrumbList","@id":"https:\/\/www.talidesign.eu\/et\/pood\/toode\/rains-weekend-tote-black\/#breadcrumb","itemListElement":[{"@type":"ListItem","position":1,"name":"Avaleht","item":"https:\/\/www.talidesign.eu\/et\/"},{"@type":"ListItem","position":2,"name":"Pood","item":"https:\/\/www.talidesign.eu\/et\/pood\/"},{"@type":"ListItem","position":3,"name":"Rains Weekend Tote Black"}]},{"@type":"WebSite","@id":"https:\/\/www.talidesign.eu\/et\/#website","url":"https:\/\/www.talidesign.eu\/et\/","name":"TALI Concept Store","description":"Suurim Disainipood Eestis","potentialAction":[{"@type":"SearchAction","target":{"@type":"EntryPoint","urlTemplate":"https:\/\/www.talidesign.eu\/et\/?s={search_term_string}"},"query-input":{"@type":"PropertyValueSpecification","valueRequired":true,"valueName":"search_term_string"}}],"inLanguage":"et"}]}},"_links":{"self":[{"href":"https:\/\/www.talidesign.eu\/et\/wp-json\/wp\/v2\/product\/39818","targetHints":{"allow":["GET"]}}],"collection":[{"href":"https:\/\/www.talidesign.eu\/et\/wp-json\/wp\/v2\/product"}],"about":[{"href":"https:\/\/www.talidesign.eu\/et\/wp-json\/wp\/v2\/types\/product"}],"wp:featuredmedia":[{"embeddable":true,"href":"https:\/\/www.talidesign.eu\/et\/wp-json\/wp\/v2\/media\/39827"}],"wp:attachment":[{"href":"https:\/\/www.talidesign.eu\/et\/wp-json\/wp\/v2\/media?parent=39818"}],"wp:term":[{"taxonomy":"product_brand","embeddable":true,"href":"https:\/\/www.talidesign.eu\/et\/wp-json\/wp\/v2\/product_brand?post=39818"},{"taxonomy":"product_cat","embeddable":true,"href":"https:\/\/www.talidesign.eu\/et\/wp-json\/wp\/v2\/product_cat?post=39818"},{"taxonomy":"product_tag","embeddable":true,"href":"https:\/\/www.talidesign.eu\/et\/wp-json\/wp\/v2\/product_tag?post=39818"}],"curies":[{"name":"wp","href":"https:\/\/api.w.org\/{rel}","templated":true}]}}