{"id":39836,"date":"2020-02-07T01:21:43","date_gmt":"2020-02-06T23:21:43","guid":{"rendered":"https:\/\/www.talidesign.eu\/shop\/product\/rains-weekend-bag-charcoal\/"},"modified":"2021-10-06T21:19:03","modified_gmt":"2021-10-06T18:19:03","slug":"rains-reisikott-charcoal","status":"publish","type":"product","link":"https:\/\/www.talidesign.eu\/et\/pood\/toode\/rains-reisikott-charcoal\/","title":{"rendered":"Rains Reisikott Charcoal"},"content":{"rendered":"<p><strong>Reisikott Charcoal<\/strong><\/p>\n<p>Rains Weekend Bag on br\u00e4ndi t\u00f5lgendus klassikalisest reisikotist. Tegemist on Rains signatuur kotiga, millel on \u00fcks suur sahtel, tugevdatud kanderihmad, eemaldatav \u00f5larihm ja reguleeritavad rihmad k\u00fclgedel. Kott on valmistatud veekindlast mati viimistlusega materjalist ning kahepoolselt veekindla lukuga. Rains on arvamusel, et n\u00f5uetekohane riietus ei pea tulema ilusa disaini arvelt.<\/p>\n<p>Rains Weekend Bag \u2013 meeste ja naiste trenni- ja reisikott<\/p>\n<p>\u2022 <a href=\"\/et\/tootekategooria\/brandid\/rains-et\/\">Br\u00e4nd Rains<\/a><br \/>\n\u2022 M\u00f5\u00f5dud: k\u00f5rgus 34 cm x pikkus 60 cm x laius 23 cm.<br \/>\n\u2022 Mahutavus: 46 liters<br \/>\n\u2022 Materjal: 50% pol\u00fcretaan, 50% pol\u00fcester<br \/>\n\u2022 Materjali r\u00f5hk: 8000 mm<br \/>\n\u2022 Veekindel lukk. Reguleeritav \u00f5larihm<\/p>\n<p><strong>Rains<\/strong> on k\u00f5rgekvaliteetne Taani moebr\u00e4nd, mis on keskendunud oma toodangus just p\u00f5hjamaisele k\u00fclmale ja vihmasele kliimale. K\u00f5ik tooted on valmistatud 100% vegan, veekindlast ja kauakestvast materjalist. Rains vihmajoped, talvejoped ja seljakotid on \u00fcldjuhul unisex ja sobivad kandmiseks nii meestele kui naistele. Rainsi esteetikas on p\u00fcsivaks alatooniks skandinaavialik lihtsus ja minimalism.<br \/>\n<a href=\"\/et\/tootekategooria\/brandid\/rains-et\/\"><img loading=\"lazy\" decoding=\"async\" src=\"https:\/\/www.talidesign.eu\/wp\/wp-content\/uploads\/2021\/02\/logo-3.jpg\" alt=\"\" width=\"500\" height=\"100\" class=\"alignnone size-full wp-image-24515\" \/><\/a><\/p>\n","protected":false},"excerpt":{"rendered":"<p><strong>Reisikott Charcoal<\/strong><\/p>\n<p>Rains Weekend Bag on br\u00e4ndi t\u00f5lgendus klassikalisest reisikotist. Tegemist on Rains signatuur kotiga, millel on \u00fcks suur sahtel, tugevdatud kanderihmad, eemaldatav \u00f5larihm ja reguleeritavad rihmad k\u00fclgedel. Kott on valmistatud veekindlast mati viimistlusega materjalist ning kahepoolselt veekindla lukuga. Rains on arvamusel, et n\u00f5uetekohane riietus ei pea tulema ilusa disaini arvelt.<\/p>\n<p>Rains Weekend Bag \u2013 meeste ja naiste trenni- ja reisikott<\/p>\n<p>\u2022 <a href=\"\/et\/tootekategooria\/brandid\/rains-et\/\">Br\u00e4nd Rains<\/a><br \/>\n\u2022 M\u00f5\u00f5dud: k\u00f5rgus 34 cm x pikkus 60 cm x laius 23 cm.<br \/>\n\u2022 Mahutavus: 46 liters<br \/>\n\u2022 Materjal: 50% pol\u00fcretaan, 50% pol\u00fcester<br \/>\n\u2022 Materjali r\u00f5hk: 8000 mm<br \/>\n\u2022 Veekindel lukk. Reguleeritav \u00f5larihm<\/p>\n<p><strong>Rains<\/strong> on k\u00f5rgekvaliteetne Taani moebr\u00e4nd, mis on keskendunud oma toodangus just p\u00f5hjamaisele k\u00fclmale ja vihmasele kliimale. K\u00f5ik tooted on valmistatud 100% vegan, veekindlast ja kauakestvast materjalist. Rains vihmajoped, talvejoped ja seljakotid on \u00fcldjuhul unisex ja sobivad kandmiseks nii meestele kui naistele. Rainsi esteetikas on p\u00fcsivaks alatooniks skandinaavialik lihtsus ja minimalism.<br \/>\n<a href=\"\/et\/tootekategooria\/brandid\/rains-et\/\"><img loading=\"lazy\" decoding=\"async\" src=\"https:\/\/www.talidesign.eu\/wp\/wp-content\/uploads\/2021\/02\/logo-3.jpg\" alt=\"\" width=\"500\" height=\"100\" class=\"alignnone size-full wp-image-24515\" \/><\/a><\/p>\n","protected":false},"featured_media":39843,"template":"","meta":[],"product_brand":[],"product_cat":[1026,1131,1113,1075],"product_tag":[1446],"class_list":{"0":"post-39836","1":"product","2":"type-product","3":"status-publish","4":"has-post-thumbnail","6":"product_cat-brandid","7":"product_cat-naiste-kotid","8":"product_cat-kotid","9":"product_cat-rains-et","10":"product_tag-rains-et","12":"first","13":"outofstock","14":"taxable","15":"shipping-taxable","16":"purchasable","17":"product-type-simple"},"yoast_head":"<!-- This site is optimized with the Yoast SEO plugin v27.3 - https:\/\/yoast.com\/product\/yoast-seo-wordpress\/ -->\n<title>Rains Reisikott Charcoal - TALI Concept Store<\/title>\n<meta name=\"description\" content=\"Avasta Rains Reisikott Charcoal - stiilne ja veekindel kotilahendus, mis sobib ideaalselt nii meestele kui naistele. Tutvu l\u00e4hemalt!\" \/>\n<meta name=\"robots\" content=\"index, follow, max-snippet:-1, max-image-preview:large, max-video-preview:-1\" \/>\n<link rel=\"canonical\" href=\"https:\/\/www.talidesign.eu\/et\/pood\/toode\/rains-reisikott-charcoal\/\" \/>\n<meta property=\"og:locale\" content=\"et_EE\" \/>\n<meta property=\"og:type\" content=\"article\" \/>\n<meta property=\"og:title\" content=\"Rains Reisikott Charcoal - TALI Concept Store\" \/>\n<meta property=\"og:description\" content=\"Avasta Rains Reisikott Charcoal - stiilne ja veekindel kotilahendus, mis sobib ideaalselt nii meestele kui naistele. Tutvu l\u00e4hemalt!\" \/>\n<meta property=\"og:url\" content=\"https:\/\/www.talidesign.eu\/et\/pood\/toode\/rains-reisikott-charcoal\/\" \/>\n<meta property=\"og:site_name\" content=\"TALI Concept Store\" \/>\n<meta property=\"article:publisher\" content=\"https:\/\/www.facebook.com\/TaliDisain\/\" \/>\n<meta property=\"article:modified_time\" content=\"2021-10-06T18:19:03+00:00\" \/>\n<meta property=\"og:image\" content=\"https:\/\/www.talidesign.eu\/wp\/wp-content\/uploads\/2020\/02\/Rains-Weekend-Bag-Charcoal.jpg\" \/>\n\t<meta property=\"og:image:width\" content=\"768\" \/>\n\t<meta property=\"og:image:height\" content=\"768\" \/>\n\t<meta property=\"og:image:type\" content=\"image\/jpeg\" \/>\n<meta name=\"twitter:card\" content=\"summary_large_image\" \/>\n<meta name=\"twitter:label1\" content=\"Est. reading time\" \/>\n\t<meta name=\"twitter:data1\" content=\"1 minute\" \/>\n<script type=\"application\/ld+json\" class=\"yoast-schema-graph\">{\"@context\":\"https:\\\/\\\/schema.org\",\"@graph\":[{\"@type\":\"WebPage\",\"@id\":\"https:\\\/\\\/www.talidesign.eu\\\/et\\\/pood\\\/toode\\\/rains-reisikott-charcoal\\\/\",\"url\":\"https:\\\/\\\/www.talidesign.eu\\\/et\\\/pood\\\/toode\\\/rains-reisikott-charcoal\\\/\",\"name\":\"Rains Reisikott Charcoal - TALI Concept Store\",\"isPartOf\":{\"@id\":\"https:\\\/\\\/www.talidesign.eu\\\/et\\\/#website\"},\"primaryImageOfPage\":{\"@id\":\"https:\\\/\\\/www.talidesign.eu\\\/et\\\/pood\\\/toode\\\/rains-reisikott-charcoal\\\/#primaryimage\"},\"image\":{\"@id\":\"https:\\\/\\\/www.talidesign.eu\\\/et\\\/pood\\\/toode\\\/rains-reisikott-charcoal\\\/#primaryimage\"},\"thumbnailUrl\":\"https:\\\/\\\/www.talidesign.eu\\\/wp\\\/wp-content\\\/uploads\\\/2020\\\/02\\\/Rains-Weekend-Bag-Charcoal.jpg\",\"datePublished\":\"2020-02-06T23:21:43+00:00\",\"dateModified\":\"2021-10-06T18:19:03+00:00\",\"description\":\"Avasta Rains Reisikott Charcoal - stiilne ja veekindel kotilahendus, mis sobib ideaalselt nii meestele kui naistele. Tutvu l\u00e4hemalt!\",\"breadcrumb\":{\"@id\":\"https:\\\/\\\/www.talidesign.eu\\\/et\\\/pood\\\/toode\\\/rains-reisikott-charcoal\\\/#breadcrumb\"},\"inLanguage\":\"et\",\"potentialAction\":[{\"@type\":\"ReadAction\",\"target\":[\"https:\\\/\\\/www.talidesign.eu\\\/et\\\/pood\\\/toode\\\/rains-reisikott-charcoal\\\/\"]}]},{\"@type\":\"ImageObject\",\"inLanguage\":\"et\",\"@id\":\"https:\\\/\\\/www.talidesign.eu\\\/et\\\/pood\\\/toode\\\/rains-reisikott-charcoal\\\/#primaryimage\",\"url\":\"https:\\\/\\\/www.talidesign.eu\\\/wp\\\/wp-content\\\/uploads\\\/2020\\\/02\\\/Rains-Weekend-Bag-Charcoal.jpg\",\"contentUrl\":\"https:\\\/\\\/www.talidesign.eu\\\/wp\\\/wp-content\\\/uploads\\\/2020\\\/02\\\/Rains-Weekend-Bag-Charcoal.jpg\",\"width\":768,\"height\":768},{\"@type\":\"BreadcrumbList\",\"@id\":\"https:\\\/\\\/www.talidesign.eu\\\/et\\\/pood\\\/toode\\\/rains-reisikott-charcoal\\\/#breadcrumb\",\"itemListElement\":[{\"@type\":\"ListItem\",\"position\":1,\"name\":\"Avaleht\",\"item\":\"https:\\\/\\\/www.talidesign.eu\\\/et\\\/\"},{\"@type\":\"ListItem\",\"position\":2,\"name\":\"Pood\",\"item\":\"https:\\\/\\\/www.talidesign.eu\\\/et\\\/pood\\\/\"},{\"@type\":\"ListItem\",\"position\":3,\"name\":\"Rains Reisikott Charcoal\"}]},{\"@type\":\"WebSite\",\"@id\":\"https:\\\/\\\/www.talidesign.eu\\\/et\\\/#website\",\"url\":\"https:\\\/\\\/www.talidesign.eu\\\/et\\\/\",\"name\":\"TALI Concept Store\",\"description\":\"Suurim Disainipood Eestis\",\"potentialAction\":[{\"@type\":\"SearchAction\",\"target\":{\"@type\":\"EntryPoint\",\"urlTemplate\":\"https:\\\/\\\/www.talidesign.eu\\\/et\\\/?s={search_term_string}\"},\"query-input\":{\"@type\":\"PropertyValueSpecification\",\"valueRequired\":true,\"valueName\":\"search_term_string\"}}],\"inLanguage\":\"et\"}]}<\/script>\n<!-- \/ Yoast SEO plugin. -->","yoast_head_json":{"title":"Rains Reisikott Charcoal - TALI Concept Store","description":"Avasta Rains Reisikott Charcoal - stiilne ja veekindel kotilahendus, mis sobib ideaalselt nii meestele kui naistele. Tutvu l\u00e4hemalt!","robots":{"index":"index","follow":"follow","max-snippet":"max-snippet:-1","max-image-preview":"max-image-preview:large","max-video-preview":"max-video-preview:-1"},"canonical":"https:\/\/www.talidesign.eu\/et\/pood\/toode\/rains-reisikott-charcoal\/","og_locale":"et_EE","og_type":"article","og_title":"Rains Reisikott Charcoal - TALI Concept Store","og_description":"Avasta Rains Reisikott Charcoal - stiilne ja veekindel kotilahendus, mis sobib ideaalselt nii meestele kui naistele. Tutvu l\u00e4hemalt!","og_url":"https:\/\/www.talidesign.eu\/et\/pood\/toode\/rains-reisikott-charcoal\/","og_site_name":"TALI Concept Store","article_publisher":"https:\/\/www.facebook.com\/TaliDisain\/","article_modified_time":"2021-10-06T18:19:03+00:00","og_image":[{"width":768,"height":768,"url":"https:\/\/www.talidesign.eu\/wp\/wp-content\/uploads\/2020\/02\/Rains-Weekend-Bag-Charcoal.jpg","type":"image\/jpeg"}],"twitter_card":"summary_large_image","twitter_misc":{"Est. reading time":"1 minute"},"schema":{"@context":"https:\/\/schema.org","@graph":[{"@type":"WebPage","@id":"https:\/\/www.talidesign.eu\/et\/pood\/toode\/rains-reisikott-charcoal\/","url":"https:\/\/www.talidesign.eu\/et\/pood\/toode\/rains-reisikott-charcoal\/","name":"Rains Reisikott Charcoal - TALI Concept Store","isPartOf":{"@id":"https:\/\/www.talidesign.eu\/et\/#website"},"primaryImageOfPage":{"@id":"https:\/\/www.talidesign.eu\/et\/pood\/toode\/rains-reisikott-charcoal\/#primaryimage"},"image":{"@id":"https:\/\/www.talidesign.eu\/et\/pood\/toode\/rains-reisikott-charcoal\/#primaryimage"},"thumbnailUrl":"https:\/\/www.talidesign.eu\/wp\/wp-content\/uploads\/2020\/02\/Rains-Weekend-Bag-Charcoal.jpg","datePublished":"2020-02-06T23:21:43+00:00","dateModified":"2021-10-06T18:19:03+00:00","description":"Avasta Rains Reisikott Charcoal - stiilne ja veekindel kotilahendus, mis sobib ideaalselt nii meestele kui naistele. Tutvu l\u00e4hemalt!","breadcrumb":{"@id":"https:\/\/www.talidesign.eu\/et\/pood\/toode\/rains-reisikott-charcoal\/#breadcrumb"},"inLanguage":"et","potentialAction":[{"@type":"ReadAction","target":["https:\/\/www.talidesign.eu\/et\/pood\/toode\/rains-reisikott-charcoal\/"]}]},{"@type":"ImageObject","inLanguage":"et","@id":"https:\/\/www.talidesign.eu\/et\/pood\/toode\/rains-reisikott-charcoal\/#primaryimage","url":"https:\/\/www.talidesign.eu\/wp\/wp-content\/uploads\/2020\/02\/Rains-Weekend-Bag-Charcoal.jpg","contentUrl":"https:\/\/www.talidesign.eu\/wp\/wp-content\/uploads\/2020\/02\/Rains-Weekend-Bag-Charcoal.jpg","width":768,"height":768},{"@type":"BreadcrumbList","@id":"https:\/\/www.talidesign.eu\/et\/pood\/toode\/rains-reisikott-charcoal\/#breadcrumb","itemListElement":[{"@type":"ListItem","position":1,"name":"Avaleht","item":"https:\/\/www.talidesign.eu\/et\/"},{"@type":"ListItem","position":2,"name":"Pood","item":"https:\/\/www.talidesign.eu\/et\/pood\/"},{"@type":"ListItem","position":3,"name":"Rains Reisikott Charcoal"}]},{"@type":"WebSite","@id":"https:\/\/www.talidesign.eu\/et\/#website","url":"https:\/\/www.talidesign.eu\/et\/","name":"TALI Concept Store","description":"Suurim Disainipood Eestis","potentialAction":[{"@type":"SearchAction","target":{"@type":"EntryPoint","urlTemplate":"https:\/\/www.talidesign.eu\/et\/?s={search_term_string}"},"query-input":{"@type":"PropertyValueSpecification","valueRequired":true,"valueName":"search_term_string"}}],"inLanguage":"et"}]}},"_links":{"self":[{"href":"https:\/\/www.talidesign.eu\/et\/wp-json\/wp\/v2\/product\/39836","targetHints":{"allow":["GET"]}}],"collection":[{"href":"https:\/\/www.talidesign.eu\/et\/wp-json\/wp\/v2\/product"}],"about":[{"href":"https:\/\/www.talidesign.eu\/et\/wp-json\/wp\/v2\/types\/product"}],"wp:featuredmedia":[{"embeddable":true,"href":"https:\/\/www.talidesign.eu\/et\/wp-json\/wp\/v2\/media\/39843"}],"wp:attachment":[{"href":"https:\/\/www.talidesign.eu\/et\/wp-json\/wp\/v2\/media?parent=39836"}],"wp:term":[{"taxonomy":"product_brand","embeddable":true,"href":"https:\/\/www.talidesign.eu\/et\/wp-json\/wp\/v2\/product_brand?post=39836"},{"taxonomy":"product_cat","embeddable":true,"href":"https:\/\/www.talidesign.eu\/et\/wp-json\/wp\/v2\/product_cat?post=39836"},{"taxonomy":"product_tag","embeddable":true,"href":"https:\/\/www.talidesign.eu\/et\/wp-json\/wp\/v2\/product_tag?post=39836"}],"curies":[{"name":"wp","href":"https:\/\/api.w.org\/{rel}","templated":true}]}}