{"id":40128,"date":"2020-03-25T16:52:46","date_gmt":"2020-03-25T14:52:46","guid":{"rendered":"https:\/\/www.talidesign.eu\/shop\/product\/stella-earrings\/"},"modified":"2022-09-11T15:10:55","modified_gmt":"2022-09-11T12:10:55","slug":"lentsius-stella-korvarongad","status":"publish","type":"product","link":"https:\/\/www.talidesign.eu\/et\/pood\/toode\/lentsius-stella-korvarongad\/","title":{"rendered":"Lentsius Stella k\u00f5rvar\u00f5ngad"},"content":{"rendered":"<p><strong>Stella k\u00f5rvar\u00f5ngad<\/strong><\/p>\n<p>\u2022 <a href=\"\/et\/tootekategooria\/brandid\/lentsius-design-et\/\">Br\u00e4nd Lentsius Design<\/a><br \/>\n\u2022 1 mm paksune roostevaba teras<br \/>\n\u2022 Poolmatt pind<br \/>\n\u2022 Suurus 20 x 19mm<br \/>\n\u2022 Kinkekarp<\/p>\n<p><strong>Meist<\/strong><\/p>\n<p>Lentsiuse br\u00e4ndi soov on pakkuda kandjale j\u00e4tkusuutlikumat alternatiivi igap\u00e4evaste ehete ning r\u00f5ivakollektsioonide n\u00e4ol. Selle eesm\u00e4rgiga on v\u00f5etud igap\u00e4evases t\u00f6\u00f6s mitmeid samme ning disaini p\u00f5hiseid otsuseid, et liikuda rohelisema tuleviku suunas \u2013 ehete loomiseks on peamised materjalid just metalli- ning puidut\u00f6\u00f6stuse j\u00e4\u00e4gid ja r\u00f5ivad valmivad taaskasutatud v\u00f5i orgaanilistest tekstiilidest. Ajatud kujundused on esteetika peamiseks aluseks, et ehete ja r\u00f5ivaste v\u00e4\u00e4rtus kestaks hooajast hooaega. Lisaks on enamus ehteid loodud \u00fchest materjalist ja \u00fches t\u00fckis, et v\u00e4hendada j\u00e4\u00e4ke ning erinevaid tootmise etappe.<\/p>\n<p>Oma t\u00f6\u00f6de juures j\u00e4\u00e4b disainer Kairi Lentsius alati kindlaks p\u00f5him\u00f5ttele \u201cLess is more\u201d ja uurib ootamatuid materjali, tehnoloogia ning vormi kombinatsioone. Lentsiuse tooted on igap\u00e4evaselt kantavad, skandinaavialikult \u0161iki joonega ja teostatakse Tartus. Lentsiuse ehteseeria valmib Kairi ning tema meistrimees isa Mardi koost\u00f6\u00f6s. R\u00f5ivaste \u00f5mblemisel on abiks r\u00e4tsep Annika.<\/p>\n<p>Kairi on omandanud kraadid tekstiilidisaini ning moedisaini \u00f5ppes, arendanud Lentsiuse br\u00e4ndi aastast 2013 ning t\u00f6\u00f6tanud ka moedisaini lektorina K\u00f5rgemas Kunstikoolis Pallas.<\/p>\n<p><a href=\"https:\/\/www.talidesign.eu\/wp\/wp-content\/uploads\/2021\/05\/bw-24_large.jpg\"><img loading=\"lazy\" decoding=\"async\" src=\"https:\/\/www.talidesign.eu\/wp\/wp-content\/uploads\/2021\/05\/bw-24_large-267x400.jpg\" alt=\"\" width=\"267\" height=\"400\" class=\"alignnone size-medium wp-image-40153\" srcset=\"https:\/\/www.talidesign.eu\/wp\/wp-content\/uploads\/2021\/05\/bw-24_large-267x400.jpg 267w, https:\/\/www.talidesign.eu\/wp\/wp-content\/uploads\/2021\/05\/bw-24_large-533x800.jpg 533w, https:\/\/www.talidesign.eu\/wp\/wp-content\/uploads\/2021\/05\/bw-24_large-768x1152.jpg 768w, https:\/\/www.talidesign.eu\/wp\/wp-content\/uploads\/2021\/05\/bw-24_large-500x750.jpg 500w, https:\/\/www.talidesign.eu\/wp\/wp-content\/uploads\/2021\/05\/bw-24_large-510x765.jpg 510w, https:\/\/www.talidesign.eu\/wp\/wp-content\/uploads\/2021\/05\/bw-24_large.jpg 853w\" sizes=\"auto, (max-width: 267px) 100vw, 267px\" \/><\/a><\/p>\n","protected":false},"excerpt":{"rendered":"<p><strong>Stella k\u00f5rvar\u00f5ngad<\/strong><\/p>\n<p>\u2022 <a href=\"\/et\/tootekategooria\/brandid\/lentsius-design-et\/\">Br\u00e4nd Lentsius Design<\/a><br \/>\n\u2022 1 mm paksune roostevaba teras<br \/>\n\u2022 Poolmatt pind<br \/>\n\u2022 Suurus 20 x 19mm<br \/>\n\u2022 Kinkekarp<\/p>\n<p><strong>Meist<\/strong><\/p>\n<p>Lentsiuse br\u00e4ndi soov on pakkuda kandjale j\u00e4tkusuutlikumat alternatiivi igap\u00e4evaste ehete ning r\u00f5ivakollektsioonide n\u00e4ol. Selle eesm\u00e4rgiga on v\u00f5etud igap\u00e4evases t\u00f6\u00f6s mitmeid samme ning disaini p\u00f5hiseid otsuseid, et liikuda rohelisema tuleviku suunas \u2013 ehete loomiseks on peamised materjalid just metalli- ning puidut\u00f6\u00f6stuse j\u00e4\u00e4gid ja r\u00f5ivad valmivad taaskasutatud v\u00f5i orgaanilistest tekstiilidest. Ajatud kujundused on esteetika peamiseks aluseks, et ehete ja r\u00f5ivaste v\u00e4\u00e4rtus kestaks hooajast hooaega. Lisaks on enamus ehteid loodud \u00fchest materjalist ja \u00fches t\u00fckis, et v\u00e4hendada j\u00e4\u00e4ke ning erinevaid tootmise etappe.<\/p>\n<p>Oma t\u00f6\u00f6de juures j\u00e4\u00e4b disainer Kairi Lentsius alati kindlaks p\u00f5him\u00f5ttele \u201cLess is more\u201d ja uurib ootamatuid materjali, tehnoloogia ning vormi kombinatsioone. Lentsiuse tooted on igap\u00e4evaselt kantavad, skandinaavialikult \u0161iki joonega ja teostatakse Tartus. Lentsiuse ehteseeria valmib Kairi ning tema meistrimees isa Mardi koost\u00f6\u00f6s. R\u00f5ivaste \u00f5mblemisel on abiks r\u00e4tsep Annika.<\/p>\n<p>Kairi on omandanud kraadid tekstiilidisaini ning moedisaini \u00f5ppes, arendanud Lentsiuse br\u00e4ndi aastast 2013 ning t\u00f6\u00f6tanud ka moedisaini lektorina K\u00f5rgemas Kunstikoolis Pallas.<\/p>\n<p><a href=\"https:\/\/www.talidesign.eu\/wp\/wp-content\/uploads\/2021\/05\/bw-24_large.jpg\"><img loading=\"lazy\" decoding=\"async\" src=\"https:\/\/www.talidesign.eu\/wp\/wp-content\/uploads\/2021\/05\/bw-24_large-267x400.jpg\" alt=\"\" width=\"267\" height=\"400\" class=\"alignnone size-medium wp-image-40153\" srcset=\"https:\/\/www.talidesign.eu\/wp\/wp-content\/uploads\/2021\/05\/bw-24_large-267x400.jpg 267w, https:\/\/www.talidesign.eu\/wp\/wp-content\/uploads\/2021\/05\/bw-24_large-533x800.jpg 533w, https:\/\/www.talidesign.eu\/wp\/wp-content\/uploads\/2021\/05\/bw-24_large-768x1152.jpg 768w, https:\/\/www.talidesign.eu\/wp\/wp-content\/uploads\/2021\/05\/bw-24_large-500x750.jpg 500w, https:\/\/www.talidesign.eu\/wp\/wp-content\/uploads\/2021\/05\/bw-24_large-510x765.jpg 510w, https:\/\/www.talidesign.eu\/wp\/wp-content\/uploads\/2021\/05\/bw-24_large.jpg 853w\" sizes=\"auto, (max-width: 267px) 100vw, 267px\" \/><\/a><\/p>\n","protected":false},"featured_media":40129,"template":"","meta":[],"product_brand":[],"product_cat":[16],"product_tag":[],"class_list":{"0":"post-40128","1":"product","2":"type-product","3":"status-publish","4":"has-post-thumbnail","6":"product_cat-uncategorized","8":"first","9":"outofstock","10":"taxable","11":"shipping-taxable","12":"purchasable","13":"product-type-simple"},"yoast_head":"<!-- This site is optimized with the Yoast SEO plugin v27.3 - https:\/\/yoast.com\/product\/yoast-seo-wordpress\/ -->\n<title>Lentsius Stella k\u00f5rvar\u00f5ngad - TALI Concept Store<\/title>\n<meta name=\"description\" content=\"Avasta Lentsius Designi Stella k\u00f5rvar\u00f5ngad - ajatu disain, roostevaba teras, poolmatt pind. Tutvu l\u00e4hemalt!\" \/>\n<meta name=\"robots\" content=\"index, follow, max-snippet:-1, max-image-preview:large, max-video-preview:-1\" \/>\n<link rel=\"canonical\" href=\"https:\/\/www.talidesign.eu\/et\/pood\/toode\/lentsius-stella-korvarongad\/\" \/>\n<meta property=\"og:locale\" content=\"et_EE\" \/>\n<meta property=\"og:type\" content=\"article\" \/>\n<meta property=\"og:title\" content=\"Lentsius Stella k\u00f5rvar\u00f5ngad - TALI Concept Store\" \/>\n<meta property=\"og:description\" content=\"Avasta Lentsius Designi Stella k\u00f5rvar\u00f5ngad - ajatu disain, roostevaba teras, poolmatt pind. Tutvu l\u00e4hemalt!\" \/>\n<meta property=\"og:url\" content=\"https:\/\/www.talidesign.eu\/et\/pood\/toode\/lentsius-stella-korvarongad\/\" \/>\n<meta property=\"og:site_name\" content=\"TALI Concept Store\" \/>\n<meta property=\"article:publisher\" content=\"https:\/\/www.facebook.com\/TaliDisain\/\" \/>\n<meta property=\"article:modified_time\" content=\"2022-09-11T12:10:55+00:00\" \/>\n<meta property=\"og:image\" content=\"https:\/\/www.talidesign.eu\/wp\/wp-content\/uploads\/2020\/03\/DSC_0313_huge.jpg\" \/>\n\t<meta property=\"og:image:width\" content=\"1000\" \/>\n\t<meta property=\"og:image:height\" content=\"1000\" \/>\n\t<meta property=\"og:image:type\" content=\"image\/jpeg\" \/>\n<meta name=\"twitter:card\" content=\"summary_large_image\" \/>\n<meta name=\"twitter:label1\" content=\"Est. reading time\" \/>\n\t<meta name=\"twitter:data1\" content=\"1 minute\" \/>\n<script type=\"application\/ld+json\" class=\"yoast-schema-graph\">{\"@context\":\"https:\\\/\\\/schema.org\",\"@graph\":[{\"@type\":\"WebPage\",\"@id\":\"https:\\\/\\\/www.talidesign.eu\\\/et\\\/pood\\\/toode\\\/lentsius-stella-korvarongad\\\/\",\"url\":\"https:\\\/\\\/www.talidesign.eu\\\/et\\\/pood\\\/toode\\\/lentsius-stella-korvarongad\\\/\",\"name\":\"Lentsius Stella k\u00f5rvar\u00f5ngad - TALI Concept Store\",\"isPartOf\":{\"@id\":\"https:\\\/\\\/www.talidesign.eu\\\/et\\\/#website\"},\"primaryImageOfPage\":{\"@id\":\"https:\\\/\\\/www.talidesign.eu\\\/et\\\/pood\\\/toode\\\/lentsius-stella-korvarongad\\\/#primaryimage\"},\"image\":{\"@id\":\"https:\\\/\\\/www.talidesign.eu\\\/et\\\/pood\\\/toode\\\/lentsius-stella-korvarongad\\\/#primaryimage\"},\"thumbnailUrl\":\"https:\\\/\\\/www.talidesign.eu\\\/wp\\\/wp-content\\\/uploads\\\/2020\\\/03\\\/DSC_0313_huge.jpg\",\"datePublished\":\"2020-03-25T14:52:46+00:00\",\"dateModified\":\"2022-09-11T12:10:55+00:00\",\"description\":\"Avasta Lentsius Designi Stella k\u00f5rvar\u00f5ngad - ajatu disain, roostevaba teras, poolmatt pind. Tutvu l\u00e4hemalt!\",\"breadcrumb\":{\"@id\":\"https:\\\/\\\/www.talidesign.eu\\\/et\\\/pood\\\/toode\\\/lentsius-stella-korvarongad\\\/#breadcrumb\"},\"inLanguage\":\"et\",\"potentialAction\":[{\"@type\":\"ReadAction\",\"target\":[\"https:\\\/\\\/www.talidesign.eu\\\/et\\\/pood\\\/toode\\\/lentsius-stella-korvarongad\\\/\"]}]},{\"@type\":\"ImageObject\",\"inLanguage\":\"et\",\"@id\":\"https:\\\/\\\/www.talidesign.eu\\\/et\\\/pood\\\/toode\\\/lentsius-stella-korvarongad\\\/#primaryimage\",\"url\":\"https:\\\/\\\/www.talidesign.eu\\\/wp\\\/wp-content\\\/uploads\\\/2020\\\/03\\\/DSC_0313_huge.jpg\",\"contentUrl\":\"https:\\\/\\\/www.talidesign.eu\\\/wp\\\/wp-content\\\/uploads\\\/2020\\\/03\\\/DSC_0313_huge.jpg\",\"width\":1000,\"height\":1000},{\"@type\":\"BreadcrumbList\",\"@id\":\"https:\\\/\\\/www.talidesign.eu\\\/et\\\/pood\\\/toode\\\/lentsius-stella-korvarongad\\\/#breadcrumb\",\"itemListElement\":[{\"@type\":\"ListItem\",\"position\":1,\"name\":\"Avaleht\",\"item\":\"https:\\\/\\\/www.talidesign.eu\\\/et\\\/\"},{\"@type\":\"ListItem\",\"position\":2,\"name\":\"Pood\",\"item\":\"https:\\\/\\\/www.talidesign.eu\\\/et\\\/pood\\\/\"},{\"@type\":\"ListItem\",\"position\":3,\"name\":\"Lentsius Stella k\u00f5rvar\u00f5ngad\"}]},{\"@type\":\"WebSite\",\"@id\":\"https:\\\/\\\/www.talidesign.eu\\\/et\\\/#website\",\"url\":\"https:\\\/\\\/www.talidesign.eu\\\/et\\\/\",\"name\":\"TALI Concept Store\",\"description\":\"Suurim Disainipood Eestis\",\"potentialAction\":[{\"@type\":\"SearchAction\",\"target\":{\"@type\":\"EntryPoint\",\"urlTemplate\":\"https:\\\/\\\/www.talidesign.eu\\\/et\\\/?s={search_term_string}\"},\"query-input\":{\"@type\":\"PropertyValueSpecification\",\"valueRequired\":true,\"valueName\":\"search_term_string\"}}],\"inLanguage\":\"et\"}]}<\/script>\n<!-- \/ Yoast SEO plugin. -->","yoast_head_json":{"title":"Lentsius Stella k\u00f5rvar\u00f5ngad - TALI Concept Store","description":"Avasta Lentsius Designi Stella k\u00f5rvar\u00f5ngad - ajatu disain, roostevaba teras, poolmatt pind. Tutvu l\u00e4hemalt!","robots":{"index":"index","follow":"follow","max-snippet":"max-snippet:-1","max-image-preview":"max-image-preview:large","max-video-preview":"max-video-preview:-1"},"canonical":"https:\/\/www.talidesign.eu\/et\/pood\/toode\/lentsius-stella-korvarongad\/","og_locale":"et_EE","og_type":"article","og_title":"Lentsius Stella k\u00f5rvar\u00f5ngad - TALI Concept Store","og_description":"Avasta Lentsius Designi Stella k\u00f5rvar\u00f5ngad - ajatu disain, roostevaba teras, poolmatt pind. Tutvu l\u00e4hemalt!","og_url":"https:\/\/www.talidesign.eu\/et\/pood\/toode\/lentsius-stella-korvarongad\/","og_site_name":"TALI Concept Store","article_publisher":"https:\/\/www.facebook.com\/TaliDisain\/","article_modified_time":"2022-09-11T12:10:55+00:00","og_image":[{"width":1000,"height":1000,"url":"https:\/\/www.talidesign.eu\/wp\/wp-content\/uploads\/2020\/03\/DSC_0313_huge.jpg","type":"image\/jpeg"}],"twitter_card":"summary_large_image","twitter_misc":{"Est. reading time":"1 minute"},"schema":{"@context":"https:\/\/schema.org","@graph":[{"@type":"WebPage","@id":"https:\/\/www.talidesign.eu\/et\/pood\/toode\/lentsius-stella-korvarongad\/","url":"https:\/\/www.talidesign.eu\/et\/pood\/toode\/lentsius-stella-korvarongad\/","name":"Lentsius Stella k\u00f5rvar\u00f5ngad - TALI Concept Store","isPartOf":{"@id":"https:\/\/www.talidesign.eu\/et\/#website"},"primaryImageOfPage":{"@id":"https:\/\/www.talidesign.eu\/et\/pood\/toode\/lentsius-stella-korvarongad\/#primaryimage"},"image":{"@id":"https:\/\/www.talidesign.eu\/et\/pood\/toode\/lentsius-stella-korvarongad\/#primaryimage"},"thumbnailUrl":"https:\/\/www.talidesign.eu\/wp\/wp-content\/uploads\/2020\/03\/DSC_0313_huge.jpg","datePublished":"2020-03-25T14:52:46+00:00","dateModified":"2022-09-11T12:10:55+00:00","description":"Avasta Lentsius Designi Stella k\u00f5rvar\u00f5ngad - ajatu disain, roostevaba teras, poolmatt pind. Tutvu l\u00e4hemalt!","breadcrumb":{"@id":"https:\/\/www.talidesign.eu\/et\/pood\/toode\/lentsius-stella-korvarongad\/#breadcrumb"},"inLanguage":"et","potentialAction":[{"@type":"ReadAction","target":["https:\/\/www.talidesign.eu\/et\/pood\/toode\/lentsius-stella-korvarongad\/"]}]},{"@type":"ImageObject","inLanguage":"et","@id":"https:\/\/www.talidesign.eu\/et\/pood\/toode\/lentsius-stella-korvarongad\/#primaryimage","url":"https:\/\/www.talidesign.eu\/wp\/wp-content\/uploads\/2020\/03\/DSC_0313_huge.jpg","contentUrl":"https:\/\/www.talidesign.eu\/wp\/wp-content\/uploads\/2020\/03\/DSC_0313_huge.jpg","width":1000,"height":1000},{"@type":"BreadcrumbList","@id":"https:\/\/www.talidesign.eu\/et\/pood\/toode\/lentsius-stella-korvarongad\/#breadcrumb","itemListElement":[{"@type":"ListItem","position":1,"name":"Avaleht","item":"https:\/\/www.talidesign.eu\/et\/"},{"@type":"ListItem","position":2,"name":"Pood","item":"https:\/\/www.talidesign.eu\/et\/pood\/"},{"@type":"ListItem","position":3,"name":"Lentsius Stella k\u00f5rvar\u00f5ngad"}]},{"@type":"WebSite","@id":"https:\/\/www.talidesign.eu\/et\/#website","url":"https:\/\/www.talidesign.eu\/et\/","name":"TALI Concept Store","description":"Suurim Disainipood Eestis","potentialAction":[{"@type":"SearchAction","target":{"@type":"EntryPoint","urlTemplate":"https:\/\/www.talidesign.eu\/et\/?s={search_term_string}"},"query-input":{"@type":"PropertyValueSpecification","valueRequired":true,"valueName":"search_term_string"}}],"inLanguage":"et"}]}},"_links":{"self":[{"href":"https:\/\/www.talidesign.eu\/et\/wp-json\/wp\/v2\/product\/40128","targetHints":{"allow":["GET"]}}],"collection":[{"href":"https:\/\/www.talidesign.eu\/et\/wp-json\/wp\/v2\/product"}],"about":[{"href":"https:\/\/www.talidesign.eu\/et\/wp-json\/wp\/v2\/types\/product"}],"wp:featuredmedia":[{"embeddable":true,"href":"https:\/\/www.talidesign.eu\/et\/wp-json\/wp\/v2\/media\/40129"}],"wp:attachment":[{"href":"https:\/\/www.talidesign.eu\/et\/wp-json\/wp\/v2\/media?parent=40128"}],"wp:term":[{"taxonomy":"product_brand","embeddable":true,"href":"https:\/\/www.talidesign.eu\/et\/wp-json\/wp\/v2\/product_brand?post=40128"},{"taxonomy":"product_cat","embeddable":true,"href":"https:\/\/www.talidesign.eu\/et\/wp-json\/wp\/v2\/product_cat?post=40128"},{"taxonomy":"product_tag","embeddable":true,"href":"https:\/\/www.talidesign.eu\/et\/wp-json\/wp\/v2\/product_tag?post=40128"}],"curies":[{"name":"wp","href":"https:\/\/api.w.org\/{rel}","templated":true}]}}